{"id":3435,"date":"2026-01-20T10:12:09","date_gmt":"2026-01-20T10:12:09","guid":{"rendered":"https:\/\/fumot.uk\/?post_type=product&#038;p=3435"},"modified":"2026-01-21T01:59:41","modified_gmt":"2026-01-21T01:59:41","slug":"mango-ice-vozol-vista-20k-puffs","status":"publish","type":"product","link":"https:\/\/fumot.uk\/fr\/product\/mango-ice-vozol-vista-20k-puffs\/","title":{"rendered":"Vozol Vista 20000 Puffs Mangue Glace Cristal Vape Jetable (24ml, 5% Nicotine, Rechargeable USB-C)"},"content":{"rendered":"<h2>Vozol Vista 20K Mango Ice \u2013 Style Cristal-Clair, Fra\u00eecheur Tropicale<\/h2>\n<p><strong>Vozol Vista 20000 Puffs Mango Ice<\/strong> m\u00e9lange la douceur de la mangue m\u00fbre avec une finition glac\u00e9e et propre pour une vape lumineuse et rafra\u00eechissante du premier au dernier tirage. Con\u00e7u avec un <strong>look cristal transparent<\/strong>, un g\u00e9n\u00e9reux <strong>capacit\u00e9 de e-liquide de 24ml<\/strong>, et une <strong>batterie rechargeable USB-C de 650mAh<\/strong>, il est con\u00e7u pour de longues sessions et un transport quotidien facile.<\/p>\n<h3>Profil de Saveur Mango Ice<\/h3>\n<ul>\n<li><strong>Mangue Juteuse \u00e0 l'Avant :<\/strong> Une note de mangue tropicale douce qui a le go\u00fbt d'\u00eatre m\u00fbrie au soleil et naturellement sucr\u00e9e.<\/li>\n<li><strong>Expiration Glac\u00e9e :<\/strong> Une finition rafra\u00eechissante qui garde la mangue croquante\u2014id\u00e9al quand vous voulez une sensation plus l\u00e9g\u00e8re et plus fra\u00eeche.<\/li>\n<li><strong>Amical Toute la Journ\u00e9e :<\/strong> Caract\u00e8re \u00e9quilibr\u00e9 sucr\u00e9-et-frais qui reste agr\u00e9able sans \u00eatre lourd.<\/li>\n<\/ul>\n<h3>Pourquoi Vous Aimerez Vozol Vista 20K<\/h3>\n<ul>\n<li><strong>Jusqu'\u00e0 20 000 bouff\u00e9es :<\/strong> Performance longue dur\u00e9e pour une utilisation prolong\u00e9e.<\/li>\n<li><strong>R\u00e9servoir de 24 ml de e-liquide :<\/strong> Grande capacit\u00e9 con\u00e7ue pour r\u00e9duire les remplacements fr\u00e9quents.<\/li>\n<li><strong>Rechargeable USB Type-C (650mAh) :<\/strong> Recharge pratique pour une utilisation quotidienne coh\u00e9rente.<\/li>\n<li><strong>Contr\u00f4le de puissance \u00e0 6 niveaux :<\/strong> Ajustez l'intensit\u00e9 pour correspondre \u00e0 votre pr\u00e9f\u00e9rence.<\/li>\n<li><strong>Double r\u00e9sistance en mesh :<\/strong> Aide \u00e0 d\u00e9livrer une saveur constante et une vapeur douce.<\/li>\n<li><strong>Design style cristal :<\/strong> Look propre et moderne avec une sensation premium en main.<\/li>\n<\/ul>\n<h3>Sp\u00e9cifications<\/h3>\n<ul>\n<li><strong>Marque\/S\u00e9rie :<\/strong> Vozol Vista<\/li>\n<li><strong>Nombre de Bouff\u00e9es :<\/strong> Jusqu'\u00e0 20 000<\/li>\n<li><strong>Saveur :<\/strong> Mangue glac\u00e9e<\/li>\n<li><strong>Teneur en Nicotine :<\/strong> 5% (50mg\/ml)<\/li>\n<li><strong>850mAh (rechargeable)<\/strong> 24ml<\/li>\n<li><strong>Batterie :<\/strong> 650mAh (rechargeable USB-C)<\/li>\n<li><strong>Contr\u00f4le de la puissance :<\/strong> Puissance r\u00e9glable sur 6 niveaux<\/li>\n<li><strong>R\u00e9sistance :<\/strong> Double Bobine Mesh<\/li>\n<\/ul>\n<p>Explorez plus de saveurs et d'appareils sur <a href=\"https:\/\/fumot.uk\/fr\/\">fumot.uk<\/a>.<\/p>","protected":false},"excerpt":{"rendered":"<p>Vozol Vista 20K Mango Ice crystal vape jetable avec 24ml d'e-liquide, 5% de nicotine, double bobine en maille, contr\u00f4le de puissance \u00e0 6 niveaux, et batterie rechargeable USB-C de 650mAh.<\/p>","protected":false},"featured_media":3480,"comment_status":"open","ping_status":"closed","template":"","meta":[],"product_brand":[],"product_cat":[68,17,183],"product_tag":[171,131,21,113,72,73,29,74,42,26,28],"class_list":{"0":"post-3435","1":"product","2":"type-product","3":"status-publish","4":"has-post-thumbnail","6":"product_cat-20000-puff","7":"product_cat-vape","8":"product_cat-vozol-vista-20k-puff","9":"product_tag-24ml","10":"product_tag-650mah","11":"product_tag-adjustable-airflow","12":"product_tag-crystal-vape","13":"product_tag-direct-to-lung","14":"product_tag-dual-mesh","15":"product_tag-ice","16":"product_tag-lcd-display","17":"product_tag-mango","18":"product_tag-rechargeable","19":"product_tag-type-c","21":"first","22":"instock","23":"sale","24":"shipping-taxable","25":"purchasable","26":"product-type-variable","27":"has-default-attributes"},"yoast_head":"<!-- This site is optimized with the Yoast SEO plugin v26.8 - https:\/\/yoast.com\/product\/yoast-seo-wordpress\/ -->\n<title>Vozol Vista 20K Mango Ice | 24ml, 5% Nicotine, USB-C<\/title>\n<meta name=\"description\" content=\"Vozol Vista 20000 Puffs Mango Ice crystal disposable vape: 24ml e-liquid, 5% nicotine, dual mesh coil, 6-level power, 650mAh USB-C rechargeable.\" \/>\n<meta name=\"robots\" content=\"index, follow, max-snippet:-1, max-image-preview:large, max-video-preview:-1\" \/>\n<link rel=\"canonical\" href=\"https:\/\/fumot.uk\/fr\/product\/mango-ice-vozol-vista-20k-puffs\/\" \/>\n<meta property=\"og:locale\" content=\"fr_FR\" \/>\n<meta property=\"og:type\" content=\"article\" \/>\n<meta property=\"og:title\" content=\"Vozol Vista 20K Mango Ice \u2013 Sweet Mango, Icy Finish\" \/>\n<meta property=\"og:description\" content=\"Tropical mango sweetness with a refreshing ice-cool exhale. 24ml e-liquid, up to 20,000 puffs, dual mesh coil, 6-level power, USB-C rechargeable.\" \/>\n<meta property=\"og:url\" content=\"https:\/\/fumot.uk\/fr\/product\/mango-ice-vozol-vista-20k-puffs\/\" \/>\n<meta property=\"og:site_name\" content=\"Fumot Official Direct | Straight from the Factory, 100% Genuine\" \/>\n<meta property=\"article:modified_time\" content=\"2026-01-21T01:59:41+00:00\" \/>\n<meta property=\"og:image\" content=\"https:\/\/fumot.uk\/wp-content\/uploads\/2026\/01\/Vozol-Vista-20k-Puffs-Mango-Ice-Disposable-Vape.jpeg\" \/>\n\t<meta property=\"og:image:width\" content=\"1280\" \/>\n\t<meta property=\"og:image:height\" content=\"1280\" \/>\n\t<meta property=\"og:image:type\" content=\"image\/jpeg\" \/>\n<meta name=\"twitter:card\" content=\"summary_large_image\" \/>\n<meta name=\"twitter:label1\" content=\"Dur\u00e9e de lecture estim\u00e9e\" \/>\n\t<meta name=\"twitter:data1\" content=\"3 minutes\" \/>\n<script type=\"application\/ld+json\" class=\"yoast-schema-graph\">{\"@context\":\"https:\/\/schema.org\",\"@graph\":[{\"@type\":\"WebPage\",\"@id\":\"https:\/\/fumot.uk\/product\/mango-ice-vozol-vista-20k-puffs\/\",\"url\":\"https:\/\/fumot.uk\/product\/mango-ice-vozol-vista-20k-puffs\/\",\"name\":\"Vozol Vista 20K Mango Ice | 24ml, 5% Nicotine, USB-C\",\"isPartOf\":{\"@id\":\"https:\/\/fumot.uk\/#website\"},\"primaryImageOfPage\":{\"@id\":\"https:\/\/fumot.uk\/product\/mango-ice-vozol-vista-20k-puffs\/#primaryimage\"},\"image\":{\"@id\":\"https:\/\/fumot.uk\/product\/mango-ice-vozol-vista-20k-puffs\/#primaryimage\"},\"thumbnailUrl\":\"https:\/\/fumot.uk\/wp-content\/uploads\/2026\/01\/Vozol-Vista-20k-Puffs-Mango-Ice-Disposable-Vape.jpeg\",\"datePublished\":\"2026-01-20T10:12:09+00:00\",\"dateModified\":\"2026-01-21T01:59:41+00:00\",\"description\":\"Vozol Vista 20000 Puffs Mango Ice crystal disposable vape: 24ml e-liquid, 5% nicotine, dual mesh coil, 6-level power, 650mAh USB-C rechargeable.\",\"breadcrumb\":{\"@id\":\"https:\/\/fumot.uk\/product\/mango-ice-vozol-vista-20k-puffs\/#breadcrumb\"},\"inLanguage\":\"fr-FR\",\"potentialAction\":[{\"@type\":\"ReadAction\",\"target\":[\"https:\/\/fumot.uk\/product\/mango-ice-vozol-vista-20k-puffs\/\"]}]},{\"@type\":\"ImageObject\",\"inLanguage\":\"fr-FR\",\"@id\":\"https:\/\/fumot.uk\/product\/mango-ice-vozol-vista-20k-puffs\/#primaryimage\",\"url\":\"https:\/\/fumot.uk\/wp-content\/uploads\/2026\/01\/Vozol-Vista-20k-Puffs-Mango-Ice-Disposable-Vape.jpeg\",\"contentUrl\":\"https:\/\/fumot.uk\/wp-content\/uploads\/2026\/01\/Vozol-Vista-20k-Puffs-Mango-Ice-Disposable-Vape.jpeg\",\"width\":1280,\"height\":1280},{\"@type\":\"BreadcrumbList\",\"@id\":\"https:\/\/fumot.uk\/product\/mango-ice-vozol-vista-20k-puffs\/#breadcrumb\",\"itemListElement\":[{\"@type\":\"ListItem\",\"position\":1,\"name\":\"Home\",\"item\":\"https:\/\/fumot.uk\/\"},{\"@type\":\"ListItem\",\"position\":2,\"name\":\"Shop\",\"item\":\"https:\/\/fumot.uk\/shop\/\"},{\"@type\":\"ListItem\",\"position\":3,\"name\":\"Vozol Vista 20000 Puffs Mango Ice Crystal Disposable Vape (24ml, 5% Nicotine, USB-C Rechargeable)\"}]},{\"@type\":\"WebSite\",\"@id\":\"https:\/\/fumot.uk\/#website\",\"url\":\"https:\/\/fumot.uk\/\",\"name\":\"Fumot Official Direct | Straight from the Factory, 100% Genuine\",\"description\":\"Official Website\",\"publisher\":{\"@id\":\"https:\/\/fumot.uk\/#organization\"},\"potentialAction\":[{\"@type\":\"SearchAction\",\"target\":{\"@type\":\"EntryPoint\",\"urlTemplate\":\"https:\/\/fumot.uk\/?s={search_term_string}\"},\"query-input\":{\"@type\":\"PropertyValueSpecification\",\"valueRequired\":true,\"valueName\":\"search_term_string\"}}],\"inLanguage\":\"fr-FR\"},{\"@type\":\"Organization\",\"@id\":\"https:\/\/fumot.uk\/#organization\",\"name\":\"Fumot Official Direct | Straight from the Factory, 100% Genuine\",\"url\":\"https:\/\/fumot.uk\/\",\"logo\":{\"@type\":\"ImageObject\",\"inLanguage\":\"fr-FR\",\"@id\":\"https:\/\/fumot.uk\/#\/schema\/logo\/image\/\",\"url\":\"https:\/\/fumot.uk\/wp-content\/uploads\/2026\/01\/cropped-fumot-logo1.png\",\"contentUrl\":\"https:\/\/fumot.uk\/wp-content\/uploads\/2026\/01\/cropped-fumot-logo1.png\",\"width\":152,\"height\":106,\"caption\":\"Fumot Official Direct | Straight from the Factory, 100% Genuine\"},\"image\":{\"@id\":\"https:\/\/fumot.uk\/#\/schema\/logo\/image\/\"}}]}<\/script>\n<!-- \/ Yoast SEO plugin. -->","yoast_head_json":{"title":"Vozol Vista 20K Mango Ice | 24ml, 5% Nicotine, USB-C","description":"Vozol Vista 20000 Puffs Mangue Glace cristal vape jetable : 24ml e-liquide, 5% nicotine, double bobine en mesh, puissance \u00e0 6 niveaux, 650mAh USB-C rechargeable.","robots":{"index":"index","follow":"follow","max-snippet":"max-snippet:-1","max-image-preview":"max-image-preview:large","max-video-preview":"max-video-preview:-1"},"canonical":"https:\/\/fumot.uk\/fr\/product\/mango-ice-vozol-vista-20k-puffs\/","og_locale":"fr_FR","og_type":"article","og_title":"Vozol Vista 20K Mango Ice \u2013 Sweet Mango, Icy Finish","og_description":"Tropical mango sweetness with a refreshing ice-cool exhale. 24ml e-liquid, up to 20,000 puffs, dual mesh coil, 6-level power, USB-C rechargeable.","og_url":"https:\/\/fumot.uk\/fr\/product\/mango-ice-vozol-vista-20k-puffs\/","og_site_name":"Fumot Official Direct | Straight from the Factory, 100% Genuine","article_modified_time":"2026-01-21T01:59:41+00:00","og_image":[{"width":1280,"height":1280,"url":"https:\/\/fumot.uk\/wp-content\/uploads\/2026\/01\/Vozol-Vista-20k-Puffs-Mango-Ice-Disposable-Vape.jpeg","type":"image\/jpeg"}],"twitter_card":"summary_large_image","twitter_misc":{"Dur\u00e9e de lecture estim\u00e9e":"3 minutes"},"schema":{"@context":"https:\/\/schema.org","@graph":[{"@type":"WebPage","@id":"https:\/\/fumot.uk\/product\/mango-ice-vozol-vista-20k-puffs\/","url":"https:\/\/fumot.uk\/product\/mango-ice-vozol-vista-20k-puffs\/","name":"Vozol Vista 20K Mango Ice | 24ml, 5% Nicotine, USB-C","isPartOf":{"@id":"https:\/\/fumot.uk\/#website"},"primaryImageOfPage":{"@id":"https:\/\/fumot.uk\/product\/mango-ice-vozol-vista-20k-puffs\/#primaryimage"},"image":{"@id":"https:\/\/fumot.uk\/product\/mango-ice-vozol-vista-20k-puffs\/#primaryimage"},"thumbnailUrl":"https:\/\/fumot.uk\/wp-content\/uploads\/2026\/01\/Vozol-Vista-20k-Puffs-Mango-Ice-Disposable-Vape.jpeg","datePublished":"2026-01-20T10:12:09+00:00","dateModified":"2026-01-21T01:59:41+00:00","description":"Vozol Vista 20000 Puffs Mangue Glace cristal vape jetable : 24ml e-liquide, 5% nicotine, double bobine en mesh, puissance \u00e0 6 niveaux, 650mAh USB-C rechargeable.","breadcrumb":{"@id":"https:\/\/fumot.uk\/product\/mango-ice-vozol-vista-20k-puffs\/#breadcrumb"},"inLanguage":"fr-FR","potentialAction":[{"@type":"ReadAction","target":["https:\/\/fumot.uk\/product\/mango-ice-vozol-vista-20k-puffs\/"]}]},{"@type":"ImageObject","inLanguage":"fr-FR","@id":"https:\/\/fumot.uk\/product\/mango-ice-vozol-vista-20k-puffs\/#primaryimage","url":"https:\/\/fumot.uk\/wp-content\/uploads\/2026\/01\/Vozol-Vista-20k-Puffs-Mango-Ice-Disposable-Vape.jpeg","contentUrl":"https:\/\/fumot.uk\/wp-content\/uploads\/2026\/01\/Vozol-Vista-20k-Puffs-Mango-Ice-Disposable-Vape.jpeg","width":1280,"height":1280},{"@type":"BreadcrumbList","@id":"https:\/\/fumot.uk\/product\/mango-ice-vozol-vista-20k-puffs\/#breadcrumb","itemListElement":[{"@type":"ListItem","position":1,"name":"Home","item":"https:\/\/fumot.uk\/"},{"@type":"ListItem","position":2,"name":"Shop","item":"https:\/\/fumot.uk\/shop\/"},{"@type":"ListItem","position":3,"name":"Vozol Vista 20000 Puffs Mango Ice Crystal Disposable Vape (24ml, 5% Nicotine, USB-C Rechargeable)"}]},{"@type":"WebSite","@id":"https:\/\/fumot.uk\/#website","url":"https:\/\/fumot.uk\/","name":"Fumot Official Direct | Directement de l'usine, 100% Authentique","description":"Site officiel","publisher":{"@id":"https:\/\/fumot.uk\/#organization"},"potentialAction":[{"@type":"SearchAction","target":{"@type":"EntryPoint","urlTemplate":"https:\/\/fumot.uk\/?s={search_term_string}"},"query-input":{"@type":"PropertyValueSpecification","valueRequired":true,"valueName":"search_term_string"}}],"inLanguage":"fr-FR"},{"@type":"Organization","@id":"https:\/\/fumot.uk\/#organization","name":"Fumot Official Direct | Directement de l'usine, 100% Authentique","url":"https:\/\/fumot.uk\/","logo":{"@type":"ImageObject","inLanguage":"fr-FR","@id":"https:\/\/fumot.uk\/#\/schema\/logo\/image\/","url":"https:\/\/fumot.uk\/wp-content\/uploads\/2026\/01\/cropped-fumot-logo1.png","contentUrl":"https:\/\/fumot.uk\/wp-content\/uploads\/2026\/01\/cropped-fumot-logo1.png","width":152,"height":106,"caption":"Fumot Official Direct | Straight from the Factory, 100% Genuine"},"image":{"@id":"https:\/\/fumot.uk\/#\/schema\/logo\/image\/"}}]}},"_links":{"self":[{"href":"https:\/\/fumot.uk\/fr\/wp-json\/wp\/v2\/product\/3435","targetHints":{"allow":["GET"]}}],"collection":[{"href":"https:\/\/fumot.uk\/fr\/wp-json\/wp\/v2\/product"}],"about":[{"href":"https:\/\/fumot.uk\/fr\/wp-json\/wp\/v2\/types\/product"}],"replies":[{"embeddable":true,"href":"https:\/\/fumot.uk\/fr\/wp-json\/wp\/v2\/comments?post=3435"}],"wp:featuredmedia":[{"embeddable":true,"href":"https:\/\/fumot.uk\/fr\/wp-json\/wp\/v2\/media\/3480"}],"wp:attachment":[{"href":"https:\/\/fumot.uk\/fr\/wp-json\/wp\/v2\/media?parent=3435"}],"wp:term":[{"taxonomy":"product_brand","embeddable":true,"href":"https:\/\/fumot.uk\/fr\/wp-json\/wp\/v2\/product_brand?post=3435"},{"taxonomy":"product_cat","embeddable":true,"href":"https:\/\/fumot.uk\/fr\/wp-json\/wp\/v2\/product_cat?post=3435"},{"taxonomy":"product_tag","embeddable":true,"href":"https:\/\/fumot.uk\/fr\/wp-json\/wp\/v2\/product_tag?post=3435"}],"curies":[{"name":"wp","href":"https:\/\/api.w.org\/{rel}","templated":true}]}}