{"id":3403,"date":"2026-01-20T10:11:42","date_gmt":"2026-01-20T10:11:42","guid":{"rendered":"https:\/\/fumot.uk\/?post_type=product&#038;p=3403"},"modified":"2026-01-20T10:13:17","modified_gmt":"2026-01-20T10:13:17","slug":"vozol-star-40000-puffs-vzbull","status":"publish","type":"product","link":"https:\/\/fumot.uk\/fr\/product\/vozol-star-40000-puffs-vzbull\/","title":{"rendered":"Vozol Star 40000 Puffs - Vzbull"},"content":{"rendered":"<p data-start=\"0\" data-end=\"574\"><strong data-start=\"0\" data-end=\"33\">Vozol Star 40000 Puffs Vzbull<\/strong> utilise la double bobine en maille et la technologie S.I.L.C. pour assurer une exp\u00e9rience de vapotage uniforme et stable \u00e0 chaque bouff\u00e9e. L'\u00e9cran OLED vous montre \u00e0 tout moment l'\u00e9tat actuel de l'utilisation, y compris le nombre de bouff\u00e9es, la dur\u00e9e de vie restante de la batterie et le mode de fonctionnement. Ainsi, vous pouvez vous concentrer enti\u00e8rement sur votre exp\u00e9rience de vapotage, que ce soit en mode Eco \u00e9conome en \u00e9nergie ou en mode Power puissant. <strong data-start=\"459\" data-end=\"485\">Vozol Star 40000 Puffs<\/strong> garantit un vapotage incomparable, parfaitement adapt\u00e9 \u00e0 vos besoins.<\/p>\n<p data-start=\"576\" data-end=\"983\"><strong data-start=\"576\" data-end=\"586\">Vzbull<\/strong> s\u00e9duit par un m\u00e9lange unique de saveurs qui offre une exp\u00e9rience gustative rafra\u00eechissante et fascinante. La composition des saveurs combine diff\u00e9rentes notes fruit\u00e9es et herbac\u00e9es, alliant nuances de fruits frais et ar\u00f4mes subtils d'herbes. Ce m\u00e9lange \u00e9quilibr\u00e9 cr\u00e9e un go\u00fbt s\u00e9duisant et complexe qui chatouille agr\u00e9ablement le palais.<\/p>\n<h4 data-start=\"0\" data-end=\"41\">Principaux avantages du Vozol Star 40000 Puffs :<\/h4>\n<ul data-start=\"43\" data-end=\"794\" data-is-last-node=\"\" data-is-only-node=\"\">\n<li data-start=\"43\" data-end=\"171\">\n<p data-start=\"45\" data-end=\"171\"><a href=\"https:\/\/ultravape.de\/product-tag\/20ml\/\"><strong data-start=\"45\" data-end=\"82\">E-Liquide au go\u00fbt intense<\/strong><\/a> \u2013 Fabriqu\u00e9 avec du sel de nicotine de haute qualit\u00e9 pour une exp\u00e9rience gustative exceptionnelle.<\/p>\n<\/li>\n<li data-start=\"172\" data-end=\"310\">\n<p data-start=\"174\" data-end=\"310\"><strong data-start=\"174\" data-end=\"214\">Flux d'air puissant et uniforme<\/strong> \u2013 Les bobines de chauffage \u00e0 double maille assurent un plaisir de vapotage constant et fluide \u00e0 chaque bouff\u00e9e.<\/p>\n<\/li>\n<li data-start=\"311\" data-end=\"428\">\n<p data-start=\"313\" data-end=\"428\"><strong data-start=\"313\" data-end=\"353\">Rechargeable et r\u00e9utilisable<\/strong> \u2013 Charge USB-C simple prolonge la dur\u00e9e d'utilisation et r\u00e9duit les d\u00e9chets.<\/p>\n<\/li>\n<li data-start=\"429\" data-end=\"523\">\n<p data-start=\"431\" data-end=\"523\"><strong data-start=\"431\" data-end=\"455\">Grande capacit\u00e9 de bouff\u00e9es<\/strong> \u2013 Jusqu'\u00e0 40000 bouff\u00e9es par appareil, id\u00e9al pour une utilisation prolong\u00e9e.<\/p>\n<\/li>\n<li data-start=\"524\" data-end=\"657\">\n<p data-start=\"526\" data-end=\"657\"><strong data-start=\"526\" data-end=\"557\">Design convivial<\/strong> \u2013 Activation par inhalation, portable et pr\u00eat \u00e0 l'emploi pour une exp\u00e9rience de vapotage sans complication.<\/p>\n<\/li>\n<li data-start=\"658\" data-end=\"794\" data-is-last-node=\"\">\n<p data-start=\"660\" data-end=\"794\" data-is-last-node=\"\"><strong data-start=\"660\" data-end=\"697\">Commande intelligente \u00e0 double mode<\/strong> \u2013 Passage facile entre le mode Eco et le mode Power pour une exp\u00e9rience de vapotage personnalis\u00e9e.<\/p>\n<\/li>\n<\/ul>\n<div class=\"text-base my-auto mx-auto pb-10 [--thread-content-margin:--spacing(4)] @[37rem]:[--thread-content-margin:--spacing(6)] @[72rem]:[--thread-content-margin:--spacing(16)] px-(--thread-content-margin)\">\n<div class=\"[--thread-content-max-width:32rem] @[34rem]:[--thread-content-max-width:40rem] @[64rem]:[--thread-content-max-width:48rem] mx-auto max-w-(--thread-content-max-width) flex-1 group\/turn-messages focus-visible:outline-hidden relative flex w-full min-w-0 flex-col agent-turn\" tabindex=\"-1\">\n<div class=\"flex max-w-full flex-col grow\">\n<div class=\"min-h-8 text-message relative flex w-full flex-col items-end gap-2 text-start break-words whitespace-normal [.text-message+&amp;]:mt-5\" dir=\"auto\" data-message-author-role=\"assistant\" data-message-id=\"6bb70cb5-dfba-4da9-b71e-01208bdad8fd\" data-message-model-slug=\"gpt-4-1-mini\">\n<div class=\"flex w-full flex-col gap-1 empty:hidden first:pt-[3px]\">\n<div class=\"markdown prose dark:prose-invert w-full break-words light\">\n<article class=\"text-token-text-primary w-full\" dir=\"auto\" data-testid=\"conversation-turn-66\" data-scroll-anchor=\"true\">\n<div class=\"text-base my-auto mx-auto pb-10 [--thread-content-margin:--spacing(4)] @[37rem]:[--thread-content-margin:--spacing(6)] @[72rem]:[--thread-content-margin:--spacing(16)] px-(--thread-content-margin)\">\n<div class=\"[--thread-content-max-width:32rem] @[34rem]:[--thread-content-max-width:40rem] @[64rem]:[--thread-content-max-width:48rem] mx-auto max-w-(--thread-content-max-width) flex-1 group\/turn-messages focus-visible:outline-hidden relative flex w-full min-w-0 flex-col agent-turn\" tabindex=\"-1\">\n<div class=\"flex max-w-full flex-col grow\">\n<div class=\"min-h-8 text-message relative flex w-full flex-col items-end gap-2 text-start break-words whitespace-normal [.text-message+&amp;]:mt-5\" dir=\"auto\" data-message-author-role=\"assistant\" data-message-id=\"0caf52b1-6ff0-4a1d-8a31-63e06b307477\" data-message-model-slug=\"gpt-4-1-mini\">\n<div class=\"flex w-full flex-col gap-1 empty:hidden first:pt-[3px]\">\n<div class=\"markdown prose dark:prose-invert w-full break-words light\">\n<article class=\"text-token-text-primary w-full\" dir=\"auto\" data-testid=\"conversation-turn-80\" data-scroll-anchor=\"true\">\n<div class=\"text-base my-auto mx-auto pb-10 [--thread-content-margin:--spacing(4)] @[37rem]:[--thread-content-margin:--spacing(6)] @[72rem]:[--thread-content-margin:--spacing(16)] px-(--thread-content-margin)\">\n<div class=\"[--thread-content-max-width:32rem] @[34rem]:[--thread-content-max-width:40rem] @[64rem]:[--thread-content-max-width:48rem] mx-auto max-w-(--thread-content-max-width) flex-1 group\/turn-messages focus-visible:outline-hidden relative flex w-full min-w-0 flex-col agent-turn\" tabindex=\"-1\">\n<div class=\"flex max-w-full flex-col grow\">\n<div class=\"min-h-8 text-message relative flex w-full flex-col items-end gap-2 text-start break-words whitespace-normal [.text-message+&amp;]:mt-5\" dir=\"auto\" data-message-author-role=\"assistant\" data-message-id=\"f6751148-f651-475e-8695-8023a210b936\" data-message-model-slug=\"gpt-4-1-mini\">\n<div class=\"flex w-full flex-col gap-1 empty:hidden first:pt-[3px]\">\n<div class=\"markdown prose dark:prose-invert w-full break-words light\">\n<article class=\"text-token-text-primary w-full\" dir=\"auto\" data-testid=\"conversation-turn-92\" data-scroll-anchor=\"true\">\n<div class=\"text-base my-auto mx-auto pb-10 [--thread-content-margin:--spacing(4)] @[37rem]:[--thread-content-margin:--spacing(6)] @[72rem]:[--thread-content-margin:--spacing(16)] px-(--thread-content-margin)\">\n<div class=\"[--thread-content-max-width:32rem] @[34rem]:[--thread-content-max-width:40rem] @[64rem]:[--thread-content-max-width:48rem] mx-auto max-w-(--thread-content-max-width) flex-1 group\/turn-messages focus-visible:outline-hidden relative flex w-full min-w-0 flex-col agent-turn\" tabindex=\"-1\">\n<div class=\"flex max-w-full flex-col grow\">\n<div class=\"min-h-8 text-message relative flex w-full flex-col items-end gap-2 text-start break-words whitespace-normal [.text-message+&amp;]:mt-5\" dir=\"auto\" data-message-author-role=\"assistant\" data-message-id=\"6cfe3166-2a47-4ada-adae-49b0699ae206\" data-message-model-slug=\"gpt-4o\">\n<div class=\"flex w-full flex-col gap-1 empty:hidden first:pt-[3px]\">\n<div class=\"markdown prose dark:prose-invert w-full break-words light\">\n<article class=\"text-token-text-primary w-full\" dir=\"auto\" data-testid=\"conversation-turn-2\" data-scroll-anchor=\"true\">\n<div class=\"text-base my-auto mx-auto pb-10 [--thread-content-margin:--spacing(4)] @[37rem]:[--thread-content-margin:--spacing(6)] @[72rem]:[--thread-content-margin:--spacing(16)] px-(--thread-content-margin)\">\n<div class=\"[--thread-content-max-width:32rem] @[34rem]:[--thread-content-max-width:40rem] @[64rem]:[--thread-content-max-width:48rem] mx-auto max-w-(--thread-content-max-width) flex-1 group\/turn-messages focus-visible:outline-hidden relative flex w-full min-w-0 flex-col agent-turn\" tabindex=\"-1\">\n<div class=\"flex max-w-full flex-col grow\">\n<div class=\"min-h-8 text-message relative flex w-full flex-col items-end gap-2 text-start break-words whitespace-normal [.text-message+&amp;]:mt-5\" dir=\"auto\" data-message-author-role=\"assistant\" data-message-id=\"57859496-0f9b-42a6-9b60-66e4da783fdc\" data-message-model-slug=\"gpt-4o\">\n<div class=\"flex w-full flex-col gap-1 empty:hidden first:pt-[3px]\">\n<div class=\"markdown prose dark:prose-invert w-full break-words light\">\n<article class=\"text-token-text-primary w-full\" dir=\"auto\" data-testid=\"conversation-turn-8\" data-scroll-anchor=\"false\">\n<div class=\"text-base my-auto mx-auto [--thread-content-margin:--spacing(4)] @[37rem]:[--thread-content-margin:--spacing(6)] @[72rem]:[--thread-content-margin:--spacing(16)] px-(--thread-content-margin)\">\n<div class=\"[--thread-content-max-width:32rem] @[34rem]:[--thread-content-max-width:40rem] @[64rem]:[--thread-content-max-width:48rem] mx-auto max-w-(--thread-content-max-width) flex-1 group\/turn-messages focus-visible:outline-hidden relative flex w-full min-w-0 flex-col agent-turn\" tabindex=\"-1\">\n<div class=\"flex max-w-full flex-col grow\">\n<div class=\"min-h-8 text-message relative flex w-full flex-col items-end gap-2 text-start break-words whitespace-normal [.text-message+&amp;]:mt-5\" dir=\"auto\" data-message-author-role=\"assistant\" data-message-id=\"b1fb265a-a697-4e96-a2eb-206b313f444a\" data-message-model-slug=\"gpt-4-1-mini\">\n<div class=\"flex w-full flex-col gap-1 empty:hidden first:pt-[3px]\">\n<div class=\"markdown prose dark:prose-invert w-full break-words light\">\n<article class=\"text-token-text-primary w-full\" dir=\"auto\" data-testid=\"conversation-turn-16\" data-scroll-anchor=\"true\">\n<div class=\"text-base my-auto mx-auto pb-10 [--thread-content-margin:--spacing(4)] @[37rem]:[--thread-content-margin:--spacing(6)] @[72rem]:[--thread-content-margin:--spacing(16)] px-(--thread-content-margin)\">\n<div class=\"[--thread-content-max-width:32rem] @[34rem]:[--thread-content-max-width:40rem] @[64rem]:[--thread-content-max-width:48rem] mx-auto max-w-(--thread-content-max-width) flex-1 group\/turn-messages focus-visible:outline-hidden relative flex w-full min-w-0 flex-col agent-turn\" tabindex=\"-1\">\n<div class=\"flex max-w-full flex-col grow\">\n<div class=\"min-h-8 text-message relative flex w-full flex-col items-end gap-2 text-start break-words whitespace-normal [.text-message+&amp;]:mt-5\" dir=\"auto\" data-message-author-role=\"assistant\" data-message-id=\"ed33e656-3310-45be-ae6d-29966324690a\" data-message-model-slug=\"gpt-4-1-mini\">\n<div class=\"flex w-full flex-col gap-1 empty:hidden first:pt-[3px]\">\n<div class=\"markdown prose dark:prose-invert w-full break-words light\">\n<div class=\"flex max-w-full flex-col grow\">\n<div class=\"min-h-8 text-message relative flex w-full flex-col items-end gap-2 text-start break-words whitespace-normal [.text-message+&amp;]:mt-5\" dir=\"auto\" data-message-author-role=\"assistant\" data-message-id=\"4d1c24fe-7b2c-457d-80df-24e365fe8f95\" data-message-model-slug=\"gpt-4-1-mini\">\n<div class=\"flex w-full flex-col gap-1 empty:hidden first:pt-[3px]\">\n<div class=\"markdown prose dark:prose-invert w-full break-words light\">\n<p data-start=\"999\" data-end=\"1464\" data-is-last-node=\"\" data-is-only-node=\"\"><strong data-start=\"985\" data-end=\"1018\">Vozol Star 40000 Puffs Vzbull<\/strong> offre une exp\u00e9rience de vapotage exceptionnelle avec sa palette de saveurs multi-couches. \u00c0 chaque bouff\u00e9e, vous profitez de la douceur fra\u00eeche des fruits, suivie de la fra\u00eecheur apaisante des herbes, ce qui cr\u00e9e un \u00e9quilibre parfait. Ce go\u00fbt est particuli\u00e8rement adapt\u00e9 aux utilisateurs qui pr\u00e9f\u00e8rent des ar\u00f4mes complexes et frais. Que ce soit pour un usage quotidien ou comme exp\u00e9rience gustative sp\u00e9ciale avec des amis, ce go\u00fbt vous offrira une fra\u00eecheur durable.<\/p>\n<\/div>\n<\/div>\n<\/div>\n<\/div>\n<\/div>\n<\/div>\n<\/div>\n<\/div>\n<\/div>\n<\/div>\n<\/article>\n<\/div>\n<\/div>\n<\/div>\n<\/div>\n<\/div>\n<\/div>\n<\/article>\n<\/div>\n<\/div>\n<\/div>\n<\/div>\n<\/div>\n<\/div>\n<\/article>\n<\/div>\n<\/div>\n<\/div>\n<\/div>\n<\/div>\n<\/div>\n<\/article>\n<\/div>\n<\/div>\n<\/div>\n<\/div>\n<\/div>\n<\/div>\n<\/article>\n<\/div>\n<\/div>\n<\/div>\n<\/div>\n<\/div>\n<\/div>\n<\/article>\n<\/div>\n<\/div>\n<\/div>\n<\/div>\n<\/div>\n<\/div>","protected":false},"excerpt":{"rendered":"<p>Vozol Star 40000 Puffs Vzbull utilise la double bobine en mesh et la technologie S.I.L.C. pour garantir une exp\u00e9rience de vapotage uniforme et stable \u00e0 chaque bouff\u00e9e. L'\u00e9cran OLED vous montre \u00e0 tout moment l'\u00e9tat actuel d'utilisation, y compris le nombre de bouff\u00e9es, l'autonomie restante de la batterie et le mode de fonctionnement. Ainsi, vous pouvez vous concentrer pleinement sur votre exp\u00e9rience de vapotage, que ce soit en mode Eco \u00e9conome en \u00e9nergie ou [\u2026]<\/p>","protected":false},"featured_media":3449,"comment_status":"open","ping_status":"closed","template":"","meta":[],"product_brand":[],"product_cat":[82,17,178],"product_tag":[174,60,21,72,23,73,26,27,28,181],"class_list":{"0":"post-3403","1":"product","2":"type-product","3":"status-publish","4":"has-post-thumbnail","6":"product_cat-40000-puff","7":"product_cat-vape","8":"product_cat-vozol-star-40000-puffs","9":"product_tag-1000-mah","10":"product_tag-20ml","11":"product_tag-adjustable-airflow","12":"product_tag-direct-to-lung","13":"product_tag-display","14":"product_tag-dual-mesh","15":"product_tag-rechargeable","16":"product_tag-rgb-light","17":"product_tag-type-c","18":"product_tag-vzbull","20":"first","21":"instock","22":"sale","23":"shipping-taxable","24":"purchasable","25":"product-type-variable","26":"has-default-attributes"},"yoast_head":"<!-- This site is optimized with the Yoast SEO plugin v26.8 - https:\/\/yoast.com\/product\/yoast-seo-wordpress\/ -->\n<title>Vozol Star 40000 Puffs- Vzbull - Fumot Official Direct | Straight from the Factory, 100% Genuine<\/title>\n<meta name=\"robots\" content=\"index, follow, max-snippet:-1, max-image-preview:large, max-video-preview:-1\" \/>\n<link rel=\"canonical\" href=\"https:\/\/fumot.uk\/fr\/product\/vozol-star-40000-puffs-vzbull\/\" \/>\n<meta property=\"og:locale\" content=\"fr_FR\" \/>\n<meta property=\"og:type\" content=\"article\" \/>\n<meta property=\"og:title\" content=\"Vozol Star 40000 Puffs- Vzbull - Fumot Official Direct | Straight from the Factory, 100% Genuine\" \/>\n<meta property=\"og:description\" content=\"Vozol Star 40000 Puffs Vzbull nutzt die doppelte Netz-Wicklung und S.I.L.C.-Technologie, um bei jedem Zug f\u00fcr ein gleichm\u00e4\u00dfiges und stabiles Dampferlebnis zu sorgen. Das OLED-Display zeigt Ihnen jederzeit den aktuellen Nutzungsstatus, einschlie\u00dflich der Zuganzahl, der verbleibenden Akkulaufzeit und des Betriebsmodus. So k\u00f6nnen Sie sich ganz auf Ihr Dampferlebnis konzentrieren, sei es im energiesparenden Eco-Modus oder [&hellip;]\" \/>\n<meta property=\"og:url\" content=\"https:\/\/fumot.uk\/fr\/product\/vozol-star-40000-puffs-vzbull\/\" \/>\n<meta property=\"og:site_name\" content=\"Fumot Official Direct | Straight from the Factory, 100% Genuine\" \/>\n<meta property=\"article:modified_time\" content=\"2026-01-20T10:13:17+00:00\" \/>\n<meta property=\"og:image\" content=\"https:\/\/fumot.uk\/wp-content\/uploads\/2026\/01\/Vozol-Star-40000-Puffs_VZBull_Disposable-Vape.png\" \/>\n\t<meta property=\"og:image:width\" content=\"1000\" \/>\n\t<meta property=\"og:image:height\" content=\"1000\" \/>\n\t<meta property=\"og:image:type\" content=\"image\/png\" \/>\n<meta name=\"twitter:card\" content=\"summary_large_image\" \/>\n<meta name=\"twitter:label1\" content=\"Dur\u00e9e de lecture estim\u00e9e\" \/>\n\t<meta name=\"twitter:data1\" content=\"2 minutes\" \/>\n<script type=\"application\/ld+json\" class=\"yoast-schema-graph\">{\"@context\":\"https:\/\/schema.org\",\"@graph\":[{\"@type\":\"WebPage\",\"@id\":\"https:\/\/fumot.uk\/product\/vozol-star-40000-puffs-vzbull\/\",\"url\":\"https:\/\/fumot.uk\/product\/vozol-star-40000-puffs-vzbull\/\",\"name\":\"Vozol Star 40000 Puffs- Vzbull - Fumot Official Direct | Straight from the Factory, 100% Genuine\",\"isPartOf\":{\"@id\":\"https:\/\/fumot.uk\/#website\"},\"primaryImageOfPage\":{\"@id\":\"https:\/\/fumot.uk\/product\/vozol-star-40000-puffs-vzbull\/#primaryimage\"},\"image\":{\"@id\":\"https:\/\/fumot.uk\/product\/vozol-star-40000-puffs-vzbull\/#primaryimage\"},\"thumbnailUrl\":\"https:\/\/fumot.uk\/wp-content\/uploads\/2026\/01\/Vozol-Star-40000-Puffs_VZBull_Disposable-Vape.png\",\"datePublished\":\"2026-01-20T10:11:42+00:00\",\"dateModified\":\"2026-01-20T10:13:17+00:00\",\"breadcrumb\":{\"@id\":\"https:\/\/fumot.uk\/product\/vozol-star-40000-puffs-vzbull\/#breadcrumb\"},\"inLanguage\":\"fr-FR\",\"potentialAction\":[{\"@type\":\"ReadAction\",\"target\":[\"https:\/\/fumot.uk\/product\/vozol-star-40000-puffs-vzbull\/\"]}]},{\"@type\":\"ImageObject\",\"inLanguage\":\"fr-FR\",\"@id\":\"https:\/\/fumot.uk\/product\/vozol-star-40000-puffs-vzbull\/#primaryimage\",\"url\":\"https:\/\/fumot.uk\/wp-content\/uploads\/2026\/01\/Vozol-Star-40000-Puffs_VZBull_Disposable-Vape.png\",\"contentUrl\":\"https:\/\/fumot.uk\/wp-content\/uploads\/2026\/01\/Vozol-Star-40000-Puffs_VZBull_Disposable-Vape.png\",\"width\":1000,\"height\":1000},{\"@type\":\"BreadcrumbList\",\"@id\":\"https:\/\/fumot.uk\/product\/vozol-star-40000-puffs-vzbull\/#breadcrumb\",\"itemListElement\":[{\"@type\":\"ListItem\",\"position\":1,\"name\":\"Home\",\"item\":\"https:\/\/fumot.uk\/\"},{\"@type\":\"ListItem\",\"position\":2,\"name\":\"Shop\",\"item\":\"https:\/\/fumot.uk\/shop\/\"},{\"@type\":\"ListItem\",\"position\":3,\"name\":\"Vozol Star 40000 Puffs- Vzbull\"}]},{\"@type\":\"WebSite\",\"@id\":\"https:\/\/fumot.uk\/#website\",\"url\":\"https:\/\/fumot.uk\/\",\"name\":\"Fumot Official Direct | Straight from the Factory, 100% Genuine\",\"description\":\"Official Website\",\"publisher\":{\"@id\":\"https:\/\/fumot.uk\/#organization\"},\"potentialAction\":[{\"@type\":\"SearchAction\",\"target\":{\"@type\":\"EntryPoint\",\"urlTemplate\":\"https:\/\/fumot.uk\/?s={search_term_string}\"},\"query-input\":{\"@type\":\"PropertyValueSpecification\",\"valueRequired\":true,\"valueName\":\"search_term_string\"}}],\"inLanguage\":\"fr-FR\"},{\"@type\":\"Organization\",\"@id\":\"https:\/\/fumot.uk\/#organization\",\"name\":\"Fumot Official Direct | Straight from the Factory, 100% Genuine\",\"url\":\"https:\/\/fumot.uk\/\",\"logo\":{\"@type\":\"ImageObject\",\"inLanguage\":\"fr-FR\",\"@id\":\"https:\/\/fumot.uk\/#\/schema\/logo\/image\/\",\"url\":\"https:\/\/fumot.uk\/wp-content\/uploads\/2026\/01\/cropped-fumot-logo1.png\",\"contentUrl\":\"https:\/\/fumot.uk\/wp-content\/uploads\/2026\/01\/cropped-fumot-logo1.png\",\"width\":152,\"height\":106,\"caption\":\"Fumot Official Direct | Straight from the Factory, 100% Genuine\"},\"image\":{\"@id\":\"https:\/\/fumot.uk\/#\/schema\/logo\/image\/\"}}]}<\/script>\n<!-- \/ Yoast SEO plugin. -->","yoast_head_json":{"title":"Vozol Star 40000 Puffs- Vzbull - Fumot Official Direct | Directement de l'usine, 100% Authentique","robots":{"index":"index","follow":"follow","max-snippet":"max-snippet:-1","max-image-preview":"max-image-preview:large","max-video-preview":"max-video-preview:-1"},"canonical":"https:\/\/fumot.uk\/fr\/product\/vozol-star-40000-puffs-vzbull\/","og_locale":"fr_FR","og_type":"article","og_title":"Vozol Star 40000 Puffs- Vzbull - Fumot Official Direct | Straight from the Factory, 100% Genuine","og_description":"Vozol Star 40000 Puffs Vzbull nutzt die doppelte Netz-Wicklung und S.I.L.C.-Technologie, um bei jedem Zug f\u00fcr ein gleichm\u00e4\u00dfiges und stabiles Dampferlebnis zu sorgen. Das OLED-Display zeigt Ihnen jederzeit den aktuellen Nutzungsstatus, einschlie\u00dflich der Zuganzahl, der verbleibenden Akkulaufzeit und des Betriebsmodus. So k\u00f6nnen Sie sich ganz auf Ihr Dampferlebnis konzentrieren, sei es im energiesparenden Eco-Modus oder [&hellip;]","og_url":"https:\/\/fumot.uk\/fr\/product\/vozol-star-40000-puffs-vzbull\/","og_site_name":"Fumot Official Direct | Straight from the Factory, 100% Genuine","article_modified_time":"2026-01-20T10:13:17+00:00","og_image":[{"width":1000,"height":1000,"url":"https:\/\/fumot.uk\/wp-content\/uploads\/2026\/01\/Vozol-Star-40000-Puffs_VZBull_Disposable-Vape.png","type":"image\/png"}],"twitter_card":"summary_large_image","twitter_misc":{"Dur\u00e9e de lecture estim\u00e9e":"2 minutes"},"schema":{"@context":"https:\/\/schema.org","@graph":[{"@type":"WebPage","@id":"https:\/\/fumot.uk\/product\/vozol-star-40000-puffs-vzbull\/","url":"https:\/\/fumot.uk\/product\/vozol-star-40000-puffs-vzbull\/","name":"Vozol Star 40000 Puffs- Vzbull - Fumot Official Direct | Directement de l'usine, 100% Authentique","isPartOf":{"@id":"https:\/\/fumot.uk\/#website"},"primaryImageOfPage":{"@id":"https:\/\/fumot.uk\/product\/vozol-star-40000-puffs-vzbull\/#primaryimage"},"image":{"@id":"https:\/\/fumot.uk\/product\/vozol-star-40000-puffs-vzbull\/#primaryimage"},"thumbnailUrl":"https:\/\/fumot.uk\/wp-content\/uploads\/2026\/01\/Vozol-Star-40000-Puffs_VZBull_Disposable-Vape.png","datePublished":"2026-01-20T10:11:42+00:00","dateModified":"2026-01-20T10:13:17+00:00","breadcrumb":{"@id":"https:\/\/fumot.uk\/product\/vozol-star-40000-puffs-vzbull\/#breadcrumb"},"inLanguage":"fr-FR","potentialAction":[{"@type":"ReadAction","target":["https:\/\/fumot.uk\/product\/vozol-star-40000-puffs-vzbull\/"]}]},{"@type":"ImageObject","inLanguage":"fr-FR","@id":"https:\/\/fumot.uk\/product\/vozol-star-40000-puffs-vzbull\/#primaryimage","url":"https:\/\/fumot.uk\/wp-content\/uploads\/2026\/01\/Vozol-Star-40000-Puffs_VZBull_Disposable-Vape.png","contentUrl":"https:\/\/fumot.uk\/wp-content\/uploads\/2026\/01\/Vozol-Star-40000-Puffs_VZBull_Disposable-Vape.png","width":1000,"height":1000},{"@type":"BreadcrumbList","@id":"https:\/\/fumot.uk\/product\/vozol-star-40000-puffs-vzbull\/#breadcrumb","itemListElement":[{"@type":"ListItem","position":1,"name":"Home","item":"https:\/\/fumot.uk\/"},{"@type":"ListItem","position":2,"name":"Shop","item":"https:\/\/fumot.uk\/shop\/"},{"@type":"ListItem","position":3,"name":"Vozol Star 40000 Puffs- Vzbull"}]},{"@type":"WebSite","@id":"https:\/\/fumot.uk\/#website","url":"https:\/\/fumot.uk\/","name":"Fumot Official Direct | Directement de l'usine, 100% Authentique","description":"Site officiel","publisher":{"@id":"https:\/\/fumot.uk\/#organization"},"potentialAction":[{"@type":"SearchAction","target":{"@type":"EntryPoint","urlTemplate":"https:\/\/fumot.uk\/?s={search_term_string}"},"query-input":{"@type":"PropertyValueSpecification","valueRequired":true,"valueName":"search_term_string"}}],"inLanguage":"fr-FR"},{"@type":"Organization","@id":"https:\/\/fumot.uk\/#organization","name":"Fumot Official Direct | Directement de l'usine, 100% Authentique","url":"https:\/\/fumot.uk\/","logo":{"@type":"ImageObject","inLanguage":"fr-FR","@id":"https:\/\/fumot.uk\/#\/schema\/logo\/image\/","url":"https:\/\/fumot.uk\/wp-content\/uploads\/2026\/01\/cropped-fumot-logo1.png","contentUrl":"https:\/\/fumot.uk\/wp-content\/uploads\/2026\/01\/cropped-fumot-logo1.png","width":152,"height":106,"caption":"Fumot Official Direct | Straight from the Factory, 100% Genuine"},"image":{"@id":"https:\/\/fumot.uk\/#\/schema\/logo\/image\/"}}]}},"_links":{"self":[{"href":"https:\/\/fumot.uk\/fr\/wp-json\/wp\/v2\/product\/3403","targetHints":{"allow":["GET"]}}],"collection":[{"href":"https:\/\/fumot.uk\/fr\/wp-json\/wp\/v2\/product"}],"about":[{"href":"https:\/\/fumot.uk\/fr\/wp-json\/wp\/v2\/types\/product"}],"replies":[{"embeddable":true,"href":"https:\/\/fumot.uk\/fr\/wp-json\/wp\/v2\/comments?post=3403"}],"wp:featuredmedia":[{"embeddable":true,"href":"https:\/\/fumot.uk\/fr\/wp-json\/wp\/v2\/media\/3449"}],"wp:attachment":[{"href":"https:\/\/fumot.uk\/fr\/wp-json\/wp\/v2\/media?parent=3403"}],"wp:term":[{"taxonomy":"product_brand","embeddable":true,"href":"https:\/\/fumot.uk\/fr\/wp-json\/wp\/v2\/product_brand?post=3403"},{"taxonomy":"product_cat","embeddable":true,"href":"https:\/\/fumot.uk\/fr\/wp-json\/wp\/v2\/product_cat?post=3403"},{"taxonomy":"product_tag","embeddable":true,"href":"https:\/\/fumot.uk\/fr\/wp-json\/wp\/v2\/product_tag?post=3403"}],"curies":[{"name":"wp","href":"https:\/\/api.w.org\/{rel}","templated":true}]}}