{"id":3402,"date":"2026-01-20T10:11:41","date_gmt":"2026-01-20T10:11:41","guid":{"rendered":"https:\/\/fumot.uk\/?post_type=product&#038;p=3402"},"modified":"2026-01-21T02:08:27","modified_gmt":"2026-01-21T02:08:27","slug":"vozol-star-40000-puffs-strawmelon-peach","status":"publish","type":"product","link":"https:\/\/fumot.uk\/fr\/product\/vozol-star-40000-puffs-strawmelon-peach\/","title":{"rendered":"Vozol Star 40000 Puffs Strawmelon Peach Vape Jetable (5% Nic Salt) \u2013 Double Mesh, \u00c9cran OLED, USB\u2011C"},"content":{"rendered":"<h2>Vozol Star 40000 Puffs \u2013 Strawmelon Peach<\/h2>\n<p><strong>D\u00e9couvrez votre \u00e9chapp\u00e9e fruit\u00e9e quotidienne.<\/strong> Le <strong>Vozol Star 40000 Puffs Strawmelon Peach<\/strong> m\u00e9lange la douceur des fraises m\u00fbres, la fra\u00eecheur juteuse de la past\u00e8que et une finition douce de p\u00eache dans une vape en couches, style \u00e9t\u00e9. Con\u00e7u pour de longues sessions et une utilisation quotidienne facile, il associe <strong>modes de fonctionnement doubles<\/strong> avec <strong>des doubles r\u00e9sistances en mesh<\/strong> et un <strong>Affichage OLED<\/strong> pour une aspiration douce et r\u00e9guli\u00e8re du d\u00e9but \u00e0 la fin.<\/p>\n<h3>Profil de saveur : Strawmelon Peach<\/h3>\n<p>\u00c0 l'inhalation, lumineux <strong>fraise<\/strong> commence par une douceur semblable \u00e0 celle des bonbons. En milieu d'aspiration, <strong>past\u00e8que<\/strong> ajoute une fra\u00eecheur juteuse. L'expiration se termine sur une note douce <strong>p\u00eaches<\/strong> qui arrondit le tout sans \u00eatre lourde\u2014propre, fruit\u00e9e, et facile \u00e0 reprendre.<\/p>\n<h3>Pourquoi vous aimerez Vozol Star 40000 Puffs<\/h3>\n<ul>\n<li><strong>Jusqu'\u00e0 40000 bouff\u00e9es<\/strong> pour une utilisation prolong\u00e9e (varie selon le style d'utilisation)<\/li>\n<li><strong>Modes doubles \u00c9co \/ Puissance<\/strong> \u2013 choisissez une performance plus durable ou des nuages plus denses<\/li>\n<li><strong>Double bobines en mesh<\/strong> + <strong>S.I.L.C.<\/strong> pour un coup stable, doux et une saveur constante<\/li>\n<li><strong>Affichage OLED<\/strong> affiche le nombre de bouff\u00e9es, le niveau de batterie et le mode actuel d'un coup d'\u0153il<\/li>\n<li><strong>Flux d'air ajustable<\/strong> pour adapter votre tirage<\/li>\n<li><strong>Rechargeable via USB\u2011C (Type\u2011C)<\/strong> pour une recharge pratique<\/li>\n<li><strong>D\u00e9tail de design<\/strong> ajoute un look moderne et premium pendant que vous vapez<\/li>\n<\/ul>\n<h3>Caract\u00e9ristiques cl\u00e9s<\/h3>\n<ul>\n<li><strong>Capacit\u00e9 de e-liquide :<\/strong> 20ml<\/li>\n<li><strong>Batterie :<\/strong> batterie de 1000mAh<\/li>\n<li><strong>Force de nicotine :<\/strong> 5% (nic salt)<\/li>\n<li><strong>R\u00e9sistance :<\/strong> Double Mesh<\/li>\n<li><strong>Chargement :<\/strong> USB\u2011C<\/li>\n<li><strong>Style de vapotage :<\/strong> Direct to Lung (DTL)<\/li>\n<\/ul>\n<p><strong>Explorez plus d'options durables :<\/strong> Parcourez notre <a href=\"https:\/\/fumot.uk\/fr\/product-category\/40000-puff\/\">collection de 40000 bouff\u00e9es<\/a> sur fumot.uk.<\/p>\n<p><em>Remarque :<\/em> Le nombre de bouff\u00e9es est une estimation et d\u00e9pend du comportement de l'utilisateur (longueur de l'aspiration, mode et r\u00e9glages du flux d'air).<\/p>","protected":false},"excerpt":{"rendered":"<p>Vozol Star 40000 Puffs Strawmelon Peach combine fraise, past\u00e8que et p\u00eache en un m\u00e9lange de fruits onctueux. Modes doubles, doubles r\u00e9sistances en mesh, \u00e9cran OLED, rechargeable USB\u2011C, 20ml, 1000mAh, 5% sel de nicotine.<\/p>","protected":false},"featured_media":3448,"comment_status":"open","ping_status":"closed","template":"","meta":[],"product_brand":[],"product_cat":[82,17,178],"product_tag":[174,60,21,72,23,73,78,30,26,27,37,28],"class_list":{"0":"post-3402","1":"product","2":"type-product","3":"status-publish","4":"has-post-thumbnail","6":"product_cat-40000-puff","7":"product_cat-vape","8":"product_cat-vozol-star-40000-puffs","9":"product_tag-1000-mah","10":"product_tag-20ml","11":"product_tag-adjustable-airflow","12":"product_tag-direct-to-lung","13":"product_tag-display","14":"product_tag-dual-mesh","15":"product_tag-melon","16":"product_tag-peach","17":"product_tag-rechargeable","18":"product_tag-rgb-light","19":"product_tag-strawberry","20":"product_tag-type-c","22":"first","23":"instock","24":"sale","25":"shipping-taxable","26":"purchasable","27":"product-type-variable","28":"has-default-attributes"},"yoast_head":"<!-- This site is optimized with the Yoast SEO plugin v26.8 - https:\/\/yoast.com\/product\/yoast-seo-wordpress\/ -->\n<title>Vozol Star 40000 Puffs Strawmelon Peach | fumot.uk<\/title>\n<meta name=\"description\" content=\"Shop Vozol Star 40000 Puffs Strawmelon Peach: strawberry-watermelon-peach flavor, dual mesh coils, OLED display, Eco\/Power modes, 20ml, 1000mAh, USB\u2011C, 5% nic salt.\" \/>\n<meta name=\"robots\" content=\"index, follow, max-snippet:-1, max-image-preview:large, max-video-preview:-1\" \/>\n<link rel=\"canonical\" href=\"https:\/\/fumot.uk\/fr\/product\/vozol-star-40000-puffs-strawmelon-peach\/\" \/>\n<meta property=\"og:locale\" content=\"fr_FR\" \/>\n<meta property=\"og:type\" content=\"article\" \/>\n<meta property=\"og:title\" content=\"Vozol Star 40000 Puffs \u2013 Strawmelon Peach\" \/>\n<meta property=\"og:description\" content=\"A fresh triple-fruit blend of strawberry, watermelon &amp; peach with dual modes, dual mesh coils, OLED display and USB\u2011C recharge. Up to 40000 puffs.\" \/>\n<meta property=\"og:url\" content=\"https:\/\/fumot.uk\/fr\/product\/vozol-star-40000-puffs-strawmelon-peach\/\" \/>\n<meta property=\"og:site_name\" content=\"Fumot Official Direct | Straight from the Factory, 100% Genuine\" \/>\n<meta property=\"article:modified_time\" content=\"2026-01-21T02:08:27+00:00\" \/>\n<meta property=\"og:image\" content=\"https:\/\/fumot.uk\/wp-content\/uploads\/2026\/01\/Vozol-Star-40000-Puffs_Strawmelon-Peach_Disposable-Vape.png\" \/>\n\t<meta property=\"og:image:width\" content=\"1000\" \/>\n\t<meta property=\"og:image:height\" content=\"1000\" \/>\n\t<meta property=\"og:image:type\" content=\"image\/png\" \/>\n<meta name=\"twitter:card\" content=\"summary_large_image\" \/>\n<meta name=\"twitter:label1\" content=\"Dur\u00e9e de lecture estim\u00e9e\" \/>\n\t<meta name=\"twitter:data1\" content=\"2 minutes\" \/>\n<script type=\"application\/ld+json\" class=\"yoast-schema-graph\">{\"@context\":\"https:\/\/schema.org\",\"@graph\":[{\"@type\":\"WebPage\",\"@id\":\"https:\/\/fumot.uk\/product\/vozol-star-40000-puffs-strawmelon-peach\/\",\"url\":\"https:\/\/fumot.uk\/product\/vozol-star-40000-puffs-strawmelon-peach\/\",\"name\":\"Vozol Star 40000 Puffs Strawmelon Peach | fumot.uk\",\"isPartOf\":{\"@id\":\"https:\/\/fumot.uk\/#website\"},\"primaryImageOfPage\":{\"@id\":\"https:\/\/fumot.uk\/product\/vozol-star-40000-puffs-strawmelon-peach\/#primaryimage\"},\"image\":{\"@id\":\"https:\/\/fumot.uk\/product\/vozol-star-40000-puffs-strawmelon-peach\/#primaryimage\"},\"thumbnailUrl\":\"https:\/\/fumot.uk\/wp-content\/uploads\/2026\/01\/Vozol-Star-40000-Puffs_Strawmelon-Peach_Disposable-Vape.png\",\"datePublished\":\"2026-01-20T10:11:41+00:00\",\"dateModified\":\"2026-01-21T02:08:27+00:00\",\"description\":\"Shop Vozol Star 40000 Puffs Strawmelon Peach: strawberry-watermelon-peach flavor, dual mesh coils, OLED display, Eco\/Power modes, 20ml, 1000mAh, USB\u2011C, 5% nic salt.\",\"breadcrumb\":{\"@id\":\"https:\/\/fumot.uk\/product\/vozol-star-40000-puffs-strawmelon-peach\/#breadcrumb\"},\"inLanguage\":\"fr-FR\",\"potentialAction\":[{\"@type\":\"ReadAction\",\"target\":[\"https:\/\/fumot.uk\/product\/vozol-star-40000-puffs-strawmelon-peach\/\"]}]},{\"@type\":\"ImageObject\",\"inLanguage\":\"fr-FR\",\"@id\":\"https:\/\/fumot.uk\/product\/vozol-star-40000-puffs-strawmelon-peach\/#primaryimage\",\"url\":\"https:\/\/fumot.uk\/wp-content\/uploads\/2026\/01\/Vozol-Star-40000-Puffs_Strawmelon-Peach_Disposable-Vape.png\",\"contentUrl\":\"https:\/\/fumot.uk\/wp-content\/uploads\/2026\/01\/Vozol-Star-40000-Puffs_Strawmelon-Peach_Disposable-Vape.png\",\"width\":1000,\"height\":1000},{\"@type\":\"BreadcrumbList\",\"@id\":\"https:\/\/fumot.uk\/product\/vozol-star-40000-puffs-strawmelon-peach\/#breadcrumb\",\"itemListElement\":[{\"@type\":\"ListItem\",\"position\":1,\"name\":\"Home\",\"item\":\"https:\/\/fumot.uk\/\"},{\"@type\":\"ListItem\",\"position\":2,\"name\":\"Shop\",\"item\":\"https:\/\/fumot.uk\/shop\/\"},{\"@type\":\"ListItem\",\"position\":3,\"name\":\"Vozol Star 40000 Puffs Strawmelon Peach Disposable Vape (5% Nic Salt) \u2013 Dual Mesh, OLED Display, USB\u2011C\"}]},{\"@type\":\"WebSite\",\"@id\":\"https:\/\/fumot.uk\/#website\",\"url\":\"https:\/\/fumot.uk\/\",\"name\":\"Fumot Official Direct | Straight from the Factory, 100% Genuine\",\"description\":\"Official Website\",\"publisher\":{\"@id\":\"https:\/\/fumot.uk\/#organization\"},\"potentialAction\":[{\"@type\":\"SearchAction\",\"target\":{\"@type\":\"EntryPoint\",\"urlTemplate\":\"https:\/\/fumot.uk\/?s={search_term_string}\"},\"query-input\":{\"@type\":\"PropertyValueSpecification\",\"valueRequired\":true,\"valueName\":\"search_term_string\"}}],\"inLanguage\":\"fr-FR\"},{\"@type\":\"Organization\",\"@id\":\"https:\/\/fumot.uk\/#organization\",\"name\":\"Fumot Official Direct | Straight from the Factory, 100% Genuine\",\"url\":\"https:\/\/fumot.uk\/\",\"logo\":{\"@type\":\"ImageObject\",\"inLanguage\":\"fr-FR\",\"@id\":\"https:\/\/fumot.uk\/#\/schema\/logo\/image\/\",\"url\":\"https:\/\/fumot.uk\/wp-content\/uploads\/2026\/01\/cropped-fumot-logo1.png\",\"contentUrl\":\"https:\/\/fumot.uk\/wp-content\/uploads\/2026\/01\/cropped-fumot-logo1.png\",\"width\":152,\"height\":106,\"caption\":\"Fumot Official Direct | Straight from the Factory, 100% Genuine\"},\"image\":{\"@id\":\"https:\/\/fumot.uk\/#\/schema\/logo\/image\/\"}}]}<\/script>\n<!-- \/ Yoast SEO plugin. -->","yoast_head_json":{"title":"Vozol Star 40000 Puffs Strawmelon Peach | fumot.uk","description":"Acheter Vozol Star 40000 Puffs Strawmelon Peach : saveur fraise-past\u00e8que-p\u00eache, double bobine en maille, \u00e9cran OLED, modes Eco\/Power, 20ml, 1000mAh, USB\u2011C, 5% sel de nicotine.","robots":{"index":"index","follow":"follow","max-snippet":"max-snippet:-1","max-image-preview":"max-image-preview:large","max-video-preview":"max-video-preview:-1"},"canonical":"https:\/\/fumot.uk\/fr\/product\/vozol-star-40000-puffs-strawmelon-peach\/","og_locale":"fr_FR","og_type":"article","og_title":"Vozol Star 40000 Puffs \u2013 Strawmelon Peach","og_description":"A fresh triple-fruit blend of strawberry, watermelon & peach with dual modes, dual mesh coils, OLED display and USB\u2011C recharge. Up to 40000 puffs.","og_url":"https:\/\/fumot.uk\/fr\/product\/vozol-star-40000-puffs-strawmelon-peach\/","og_site_name":"Fumot Official Direct | Straight from the Factory, 100% Genuine","article_modified_time":"2026-01-21T02:08:27+00:00","og_image":[{"width":1000,"height":1000,"url":"https:\/\/fumot.uk\/wp-content\/uploads\/2026\/01\/Vozol-Star-40000-Puffs_Strawmelon-Peach_Disposable-Vape.png","type":"image\/png"}],"twitter_card":"summary_large_image","twitter_misc":{"Dur\u00e9e de lecture estim\u00e9e":"2 minutes"},"schema":{"@context":"https:\/\/schema.org","@graph":[{"@type":"WebPage","@id":"https:\/\/fumot.uk\/product\/vozol-star-40000-puffs-strawmelon-peach\/","url":"https:\/\/fumot.uk\/product\/vozol-star-40000-puffs-strawmelon-peach\/","name":"Vozol Star 40000 Puffs Strawmelon Peach | fumot.uk","isPartOf":{"@id":"https:\/\/fumot.uk\/#website"},"primaryImageOfPage":{"@id":"https:\/\/fumot.uk\/product\/vozol-star-40000-puffs-strawmelon-peach\/#primaryimage"},"image":{"@id":"https:\/\/fumot.uk\/product\/vozol-star-40000-puffs-strawmelon-peach\/#primaryimage"},"thumbnailUrl":"https:\/\/fumot.uk\/wp-content\/uploads\/2026\/01\/Vozol-Star-40000-Puffs_Strawmelon-Peach_Disposable-Vape.png","datePublished":"2026-01-20T10:11:41+00:00","dateModified":"2026-01-21T02:08:27+00:00","description":"Acheter Vozol Star 40000 Puffs Strawmelon Peach : saveur fraise-past\u00e8que-p\u00eache, double bobine en maille, \u00e9cran OLED, modes Eco\/Power, 20ml, 1000mAh, USB\u2011C, 5% sel de nicotine.","breadcrumb":{"@id":"https:\/\/fumot.uk\/product\/vozol-star-40000-puffs-strawmelon-peach\/#breadcrumb"},"inLanguage":"fr-FR","potentialAction":[{"@type":"ReadAction","target":["https:\/\/fumot.uk\/product\/vozol-star-40000-puffs-strawmelon-peach\/"]}]},{"@type":"ImageObject","inLanguage":"fr-FR","@id":"https:\/\/fumot.uk\/product\/vozol-star-40000-puffs-strawmelon-peach\/#primaryimage","url":"https:\/\/fumot.uk\/wp-content\/uploads\/2026\/01\/Vozol-Star-40000-Puffs_Strawmelon-Peach_Disposable-Vape.png","contentUrl":"https:\/\/fumot.uk\/wp-content\/uploads\/2026\/01\/Vozol-Star-40000-Puffs_Strawmelon-Peach_Disposable-Vape.png","width":1000,"height":1000},{"@type":"BreadcrumbList","@id":"https:\/\/fumot.uk\/product\/vozol-star-40000-puffs-strawmelon-peach\/#breadcrumb","itemListElement":[{"@type":"ListItem","position":1,"name":"Home","item":"https:\/\/fumot.uk\/"},{"@type":"ListItem","position":2,"name":"Shop","item":"https:\/\/fumot.uk\/shop\/"},{"@type":"ListItem","position":3,"name":"Vozol Star 40000 Puffs Strawmelon Peach Disposable Vape (5% Nic Salt) \u2013 Dual Mesh, OLED Display, USB\u2011C"}]},{"@type":"WebSite","@id":"https:\/\/fumot.uk\/#website","url":"https:\/\/fumot.uk\/","name":"Fumot Official Direct | Directement de l'usine, 100% Authentique","description":"Site officiel","publisher":{"@id":"https:\/\/fumot.uk\/#organization"},"potentialAction":[{"@type":"SearchAction","target":{"@type":"EntryPoint","urlTemplate":"https:\/\/fumot.uk\/?s={search_term_string}"},"query-input":{"@type":"PropertyValueSpecification","valueRequired":true,"valueName":"search_term_string"}}],"inLanguage":"fr-FR"},{"@type":"Organization","@id":"https:\/\/fumot.uk\/#organization","name":"Fumot Official Direct | Directement de l'usine, 100% Authentique","url":"https:\/\/fumot.uk\/","logo":{"@type":"ImageObject","inLanguage":"fr-FR","@id":"https:\/\/fumot.uk\/#\/schema\/logo\/image\/","url":"https:\/\/fumot.uk\/wp-content\/uploads\/2026\/01\/cropped-fumot-logo1.png","contentUrl":"https:\/\/fumot.uk\/wp-content\/uploads\/2026\/01\/cropped-fumot-logo1.png","width":152,"height":106,"caption":"Fumot Official Direct | Straight from the Factory, 100% Genuine"},"image":{"@id":"https:\/\/fumot.uk\/#\/schema\/logo\/image\/"}}]}},"_links":{"self":[{"href":"https:\/\/fumot.uk\/fr\/wp-json\/wp\/v2\/product\/3402","targetHints":{"allow":["GET"]}}],"collection":[{"href":"https:\/\/fumot.uk\/fr\/wp-json\/wp\/v2\/product"}],"about":[{"href":"https:\/\/fumot.uk\/fr\/wp-json\/wp\/v2\/types\/product"}],"replies":[{"embeddable":true,"href":"https:\/\/fumot.uk\/fr\/wp-json\/wp\/v2\/comments?post=3402"}],"wp:featuredmedia":[{"embeddable":true,"href":"https:\/\/fumot.uk\/fr\/wp-json\/wp\/v2\/media\/3448"}],"wp:attachment":[{"href":"https:\/\/fumot.uk\/fr\/wp-json\/wp\/v2\/media?parent=3402"}],"wp:term":[{"taxonomy":"product_brand","embeddable":true,"href":"https:\/\/fumot.uk\/fr\/wp-json\/wp\/v2\/product_brand?post=3402"},{"taxonomy":"product_cat","embeddable":true,"href":"https:\/\/fumot.uk\/fr\/wp-json\/wp\/v2\/product_cat?post=3402"},{"taxonomy":"product_tag","embeddable":true,"href":"https:\/\/fumot.uk\/fr\/wp-json\/wp\/v2\/product_tag?post=3402"}],"curies":[{"name":"wp","href":"https:\/\/api.w.org\/{rel}","templated":true}]}}