{"id":3401,"date":"2026-01-20T10:11:41","date_gmt":"2026-01-20T10:11:41","guid":{"rendered":"https:\/\/fumot.uk\/?post_type=product&#038;p=3401"},"modified":"2026-01-21T02:09:11","modified_gmt":"2026-01-21T02:09:11","slug":"vozol-star-40000-puffs-strawberry-watermelon","status":"publish","type":"product","link":"https:\/\/fumot.uk\/fr\/product\/vozol-star-40000-puffs-strawberry-watermelon\/","title":{"rendered":"Vozol Star 40000 Puffs Vape Jetable Fraise Past\u00e8que (5% Nic) \u2013 20ml, 1000mAh USB\u2011C, Double Mesh, \u00c9cran"},"content":{"rendered":"<p><strong>Vozol Star 40000 Puffs \u2013 Fraise Past\u00e8que<\/strong> est con\u00e7u pour de longues sessions et une bouff\u00e9e propre et constante. Avec un <strong>batterie rechargeable de 1000mAh<\/strong> et <strong>chargement rapide USB\u2011C<\/strong>, il est con\u00e7u pour suivre le rythme d'une utilisation quotidienne. Passez de <strong>Mode \u00c9co<\/strong> pour l'efficacit\u00e9 et <strong>Mode Puissance<\/strong> pour un coup plus fort, tandis que <strong>des doubles r\u00e9sistances en mesh<\/strong> et la technologie S.I.L.C. aident \u00e0 offrir une saveur plus douce et plus uniforme de la premi\u00e8re \u00e0 la derni\u00e8re bouff\u00e9e.<\/p>\n<p><strong>Saveur : Fraise Past\u00e8que<\/strong> est un m\u00e9lange vif et juteux qui ressemble \u00e0 une boisson estivale fra\u00eeche\u2014douceur de fraise m\u00fbre au d\u00e9but, suivie d'une finition de past\u00e8que croquante. L'\u00e9quilibre reste rafra\u00eechissant plut\u00f4t que lourd, ce qui le rend facile \u00e0 appr\u00e9cier tout au long de la journ\u00e9e.<\/p>\n<h4>Caract\u00e9ristiques cl\u00e9s<\/h4>\n<ul>\n<li><strong>Jusqu'\u00e0 40000 bouff\u00e9es<\/strong> (l'utilisation varie) pour un plaisir prolong\u00e9<\/li>\n<li><strong>20ml<\/strong> capacit\u00e9 de e-liquide aromatis\u00e9<\/li>\n<li><strong>5% sel de nicotine<\/strong> (comme sp\u00e9cifi\u00e9)<\/li>\n<li><strong>Double bobine en mesh<\/strong> pour un chauffage constant et une vapeur douce<\/li>\n<li><strong>Flux d'air ajustable<\/strong> pour affiner votre aspiration<\/li>\n<li><strong>double mode \u00c9co\/Power<\/strong> contr\u00f4le pour correspondre \u00e0 votre pr\u00e9f\u00e9rence<\/li>\n<li><strong>Affichage<\/strong> + <strong>D\u00e9tail de design<\/strong> pour un aper\u00e7u rapide de l'\u00e9tat de l'appareil et du style<\/li>\n<li><strong>Rechargeable 1000mAh<\/strong> batterie avec <strong>USB\u2011C<\/strong> chargement<\/li>\n<li><strong>Activation par aspiration<\/strong> et design adapt\u00e9 aux voyages<\/li>\n<\/ul>\n<h4>Pourquoi il se d\u00e9marque sur fumot.uk<\/h4>\n<p>Si vous recherchez un <strong>vape jetable Fraise Past\u00e8que<\/strong> avec une grande capacit\u00e9, des fonctionnalit\u00e9s modernes et une saveur qui reste fra\u00eeche, la s\u00e9rie Vozol Star est un choix solide. D\u00e9couvrez plus d'options durables dans notre collection sur <a href=\"https:\/\/fumot.uk\/fr\/\">fumot.uk<\/a>.<\/p>","protected":false},"excerpt":{"rendered":"<p>Vozol Star 40000 Puffs Vape jetable Fraise Past\u00e8que avec 20ml d'e-liquide, 5% nic salt, double r\u00e9sistance en mesh, flux d'air r\u00e9glable, modes Eco\/Power, \u00e9cran, lumi\u00e8re RGB, et une batterie rechargeable USB\u2011C de 1000mAh.<\/p>","protected":false},"featured_media":3447,"comment_status":"open","ping_status":"closed","template":"","meta":[],"product_brand":[],"product_cat":[82,17,178],"product_tag":[174,60,21,72,23,73,26,27,37,28,32],"class_list":{"0":"post-3401","1":"product","2":"type-product","3":"status-publish","4":"has-post-thumbnail","6":"product_cat-40000-puff","7":"product_cat-vape","8":"product_cat-vozol-star-40000-puffs","9":"product_tag-1000-mah","10":"product_tag-20ml","11":"product_tag-adjustable-airflow","12":"product_tag-direct-to-lung","13":"product_tag-display","14":"product_tag-dual-mesh","15":"product_tag-rechargeable","16":"product_tag-rgb-light","17":"product_tag-strawberry","18":"product_tag-type-c","19":"product_tag-watermelon","21":"first","22":"instock","23":"sale","24":"shipping-taxable","25":"purchasable","26":"product-type-variable","27":"has-default-attributes"},"yoast_head":"<!-- This site is optimized with the Yoast SEO plugin v26.8 - https:\/\/yoast.com\/product\/yoast-seo-wordpress\/ -->\n<title>Vozol Star 40000 Strawberry Watermelon (5% Nic) | fumot.uk<\/title>\n<meta name=\"description\" content=\"Vozol Star 40000 Puffs Strawberry Watermelon: 20ml, 5% nic salt, dual mesh, adjustable airflow, display, RGB light, 1000mAh USB\u2011C rechargeable battery.\" \/>\n<meta name=\"robots\" content=\"index, follow, max-snippet:-1, max-image-preview:large, max-video-preview:-1\" \/>\n<link rel=\"canonical\" href=\"https:\/\/fumot.uk\/fr\/product\/vozol-star-40000-puffs-strawberry-watermelon\/\" \/>\n<meta property=\"og:locale\" content=\"fr_FR\" \/>\n<meta property=\"og:type\" content=\"article\" \/>\n<meta property=\"og:title\" content=\"Vozol Star 40000 Puffs \u2013 Strawberry Watermelon (5% Nic)\" \/>\n<meta property=\"og:description\" content=\"Juicy strawberry sweetness with a crisp watermelon finish. 20ml, dual mesh coils, adjustable airflow, Eco\/Power modes, display, RGB light, 1000mAh USB\u2011C rechargeable.\" \/>\n<meta property=\"og:url\" content=\"https:\/\/fumot.uk\/fr\/product\/vozol-star-40000-puffs-strawberry-watermelon\/\" \/>\n<meta property=\"og:site_name\" content=\"Fumot Official Direct | Straight from the Factory, 100% Genuine\" \/>\n<meta property=\"article:modified_time\" content=\"2026-01-21T02:09:11+00:00\" \/>\n<meta property=\"og:image\" content=\"https:\/\/fumot.uk\/wp-content\/uploads\/2026\/01\/Vozol-Star-40000-Puffs_Strawberry-Watermelon_Disposable-Vape.png\" \/>\n\t<meta property=\"og:image:width\" content=\"1000\" \/>\n\t<meta property=\"og:image:height\" content=\"1000\" \/>\n\t<meta property=\"og:image:type\" content=\"image\/png\" \/>\n<meta name=\"twitter:card\" content=\"summary_large_image\" \/>\n<meta name=\"twitter:label1\" content=\"Dur\u00e9e de lecture estim\u00e9e\" \/>\n\t<meta name=\"twitter:data1\" content=\"2 minutes\" \/>\n<script type=\"application\/ld+json\" class=\"yoast-schema-graph\">{\"@context\":\"https:\/\/schema.org\",\"@graph\":[{\"@type\":\"WebPage\",\"@id\":\"https:\/\/fumot.uk\/product\/vozol-star-40000-puffs-strawberry-watermelon\/\",\"url\":\"https:\/\/fumot.uk\/product\/vozol-star-40000-puffs-strawberry-watermelon\/\",\"name\":\"Vozol Star 40000 Strawberry Watermelon (5% Nic) | fumot.uk\",\"isPartOf\":{\"@id\":\"https:\/\/fumot.uk\/#website\"},\"primaryImageOfPage\":{\"@id\":\"https:\/\/fumot.uk\/product\/vozol-star-40000-puffs-strawberry-watermelon\/#primaryimage\"},\"image\":{\"@id\":\"https:\/\/fumot.uk\/product\/vozol-star-40000-puffs-strawberry-watermelon\/#primaryimage\"},\"thumbnailUrl\":\"https:\/\/fumot.uk\/wp-content\/uploads\/2026\/01\/Vozol-Star-40000-Puffs_Strawberry-Watermelon_Disposable-Vape.png\",\"datePublished\":\"2026-01-20T10:11:41+00:00\",\"dateModified\":\"2026-01-21T02:09:11+00:00\",\"description\":\"Vozol Star 40000 Puffs Strawberry Watermelon: 20ml, 5% nic salt, dual mesh, adjustable airflow, display, RGB light, 1000mAh USB\u2011C rechargeable battery.\",\"breadcrumb\":{\"@id\":\"https:\/\/fumot.uk\/product\/vozol-star-40000-puffs-strawberry-watermelon\/#breadcrumb\"},\"inLanguage\":\"fr-FR\",\"potentialAction\":[{\"@type\":\"ReadAction\",\"target\":[\"https:\/\/fumot.uk\/product\/vozol-star-40000-puffs-strawberry-watermelon\/\"]}]},{\"@type\":\"ImageObject\",\"inLanguage\":\"fr-FR\",\"@id\":\"https:\/\/fumot.uk\/product\/vozol-star-40000-puffs-strawberry-watermelon\/#primaryimage\",\"url\":\"https:\/\/fumot.uk\/wp-content\/uploads\/2026\/01\/Vozol-Star-40000-Puffs_Strawberry-Watermelon_Disposable-Vape.png\",\"contentUrl\":\"https:\/\/fumot.uk\/wp-content\/uploads\/2026\/01\/Vozol-Star-40000-Puffs_Strawberry-Watermelon_Disposable-Vape.png\",\"width\":1000,\"height\":1000},{\"@type\":\"BreadcrumbList\",\"@id\":\"https:\/\/fumot.uk\/product\/vozol-star-40000-puffs-strawberry-watermelon\/#breadcrumb\",\"itemListElement\":[{\"@type\":\"ListItem\",\"position\":1,\"name\":\"Home\",\"item\":\"https:\/\/fumot.uk\/\"},{\"@type\":\"ListItem\",\"position\":2,\"name\":\"Shop\",\"item\":\"https:\/\/fumot.uk\/shop\/\"},{\"@type\":\"ListItem\",\"position\":3,\"name\":\"Vozol Star 40000 Puffs Strawberry Watermelon Disposable Vape (5% Nic) \u2013 20ml, 1000mAh USB\u2011C, Dual Mesh, Display\"}]},{\"@type\":\"WebSite\",\"@id\":\"https:\/\/fumot.uk\/#website\",\"url\":\"https:\/\/fumot.uk\/\",\"name\":\"Fumot Official Direct | Straight from the Factory, 100% Genuine\",\"description\":\"Official Website\",\"publisher\":{\"@id\":\"https:\/\/fumot.uk\/#organization\"},\"potentialAction\":[{\"@type\":\"SearchAction\",\"target\":{\"@type\":\"EntryPoint\",\"urlTemplate\":\"https:\/\/fumot.uk\/?s={search_term_string}\"},\"query-input\":{\"@type\":\"PropertyValueSpecification\",\"valueRequired\":true,\"valueName\":\"search_term_string\"}}],\"inLanguage\":\"fr-FR\"},{\"@type\":\"Organization\",\"@id\":\"https:\/\/fumot.uk\/#organization\",\"name\":\"Fumot Official Direct | Straight from the Factory, 100% Genuine\",\"url\":\"https:\/\/fumot.uk\/\",\"logo\":{\"@type\":\"ImageObject\",\"inLanguage\":\"fr-FR\",\"@id\":\"https:\/\/fumot.uk\/#\/schema\/logo\/image\/\",\"url\":\"https:\/\/fumot.uk\/wp-content\/uploads\/2026\/01\/cropped-fumot-logo1.png\",\"contentUrl\":\"https:\/\/fumot.uk\/wp-content\/uploads\/2026\/01\/cropped-fumot-logo1.png\",\"width\":152,\"height\":106,\"caption\":\"Fumot Official Direct | Straight from the Factory, 100% Genuine\"},\"image\":{\"@id\":\"https:\/\/fumot.uk\/#\/schema\/logo\/image\/\"}}]}<\/script>\n<!-- \/ Yoast SEO plugin. -->","yoast_head_json":{"title":"Vozol Star 40000 Fraise Past\u00e8que (5% Nic) | fumot.uk","description":"Vozol Star 40000 Puffs Fraise Past\u00e8que : 20ml, 5% sel de nicotine, double mesh, flux d'air r\u00e9glable, affichage, lumi\u00e8re RGB, batterie rechargeable USB\u2011C 1000mAh.","robots":{"index":"index","follow":"follow","max-snippet":"max-snippet:-1","max-image-preview":"max-image-preview:large","max-video-preview":"max-video-preview:-1"},"canonical":"https:\/\/fumot.uk\/fr\/product\/vozol-star-40000-puffs-strawberry-watermelon\/","og_locale":"fr_FR","og_type":"article","og_title":"Vozol Star 40000 Puffs \u2013 Strawberry Watermelon (5% Nic)","og_description":"Juicy strawberry sweetness with a crisp watermelon finish. 20ml, dual mesh coils, adjustable airflow, Eco\/Power modes, display, RGB light, 1000mAh USB\u2011C rechargeable.","og_url":"https:\/\/fumot.uk\/fr\/product\/vozol-star-40000-puffs-strawberry-watermelon\/","og_site_name":"Fumot Official Direct | Straight from the Factory, 100% Genuine","article_modified_time":"2026-01-21T02:09:11+00:00","og_image":[{"width":1000,"height":1000,"url":"https:\/\/fumot.uk\/wp-content\/uploads\/2026\/01\/Vozol-Star-40000-Puffs_Strawberry-Watermelon_Disposable-Vape.png","type":"image\/png"}],"twitter_card":"summary_large_image","twitter_misc":{"Dur\u00e9e de lecture estim\u00e9e":"2 minutes"},"schema":{"@context":"https:\/\/schema.org","@graph":[{"@type":"WebPage","@id":"https:\/\/fumot.uk\/product\/vozol-star-40000-puffs-strawberry-watermelon\/","url":"https:\/\/fumot.uk\/product\/vozol-star-40000-puffs-strawberry-watermelon\/","name":"Vozol Star 40000 Fraise Past\u00e8que (5% Nic) | fumot.uk","isPartOf":{"@id":"https:\/\/fumot.uk\/#website"},"primaryImageOfPage":{"@id":"https:\/\/fumot.uk\/product\/vozol-star-40000-puffs-strawberry-watermelon\/#primaryimage"},"image":{"@id":"https:\/\/fumot.uk\/product\/vozol-star-40000-puffs-strawberry-watermelon\/#primaryimage"},"thumbnailUrl":"https:\/\/fumot.uk\/wp-content\/uploads\/2026\/01\/Vozol-Star-40000-Puffs_Strawberry-Watermelon_Disposable-Vape.png","datePublished":"2026-01-20T10:11:41+00:00","dateModified":"2026-01-21T02:09:11+00:00","description":"Vozol Star 40000 Puffs Fraise Past\u00e8que : 20ml, 5% sel de nicotine, double mesh, flux d'air r\u00e9glable, affichage, lumi\u00e8re RGB, batterie rechargeable USB\u2011C 1000mAh.","breadcrumb":{"@id":"https:\/\/fumot.uk\/product\/vozol-star-40000-puffs-strawberry-watermelon\/#breadcrumb"},"inLanguage":"fr-FR","potentialAction":[{"@type":"ReadAction","target":["https:\/\/fumot.uk\/product\/vozol-star-40000-puffs-strawberry-watermelon\/"]}]},{"@type":"ImageObject","inLanguage":"fr-FR","@id":"https:\/\/fumot.uk\/product\/vozol-star-40000-puffs-strawberry-watermelon\/#primaryimage","url":"https:\/\/fumot.uk\/wp-content\/uploads\/2026\/01\/Vozol-Star-40000-Puffs_Strawberry-Watermelon_Disposable-Vape.png","contentUrl":"https:\/\/fumot.uk\/wp-content\/uploads\/2026\/01\/Vozol-Star-40000-Puffs_Strawberry-Watermelon_Disposable-Vape.png","width":1000,"height":1000},{"@type":"BreadcrumbList","@id":"https:\/\/fumot.uk\/product\/vozol-star-40000-puffs-strawberry-watermelon\/#breadcrumb","itemListElement":[{"@type":"ListItem","position":1,"name":"Home","item":"https:\/\/fumot.uk\/"},{"@type":"ListItem","position":2,"name":"Shop","item":"https:\/\/fumot.uk\/shop\/"},{"@type":"ListItem","position":3,"name":"Vozol Star 40000 Puffs Strawberry Watermelon Disposable Vape (5% Nic) \u2013 20ml, 1000mAh USB\u2011C, Dual Mesh, Display"}]},{"@type":"WebSite","@id":"https:\/\/fumot.uk\/#website","url":"https:\/\/fumot.uk\/","name":"Fumot Official Direct | Directement de l'usine, 100% Authentique","description":"Site officiel","publisher":{"@id":"https:\/\/fumot.uk\/#organization"},"potentialAction":[{"@type":"SearchAction","target":{"@type":"EntryPoint","urlTemplate":"https:\/\/fumot.uk\/?s={search_term_string}"},"query-input":{"@type":"PropertyValueSpecification","valueRequired":true,"valueName":"search_term_string"}}],"inLanguage":"fr-FR"},{"@type":"Organization","@id":"https:\/\/fumot.uk\/#organization","name":"Fumot Official Direct | Directement de l'usine, 100% Authentique","url":"https:\/\/fumot.uk\/","logo":{"@type":"ImageObject","inLanguage":"fr-FR","@id":"https:\/\/fumot.uk\/#\/schema\/logo\/image\/","url":"https:\/\/fumot.uk\/wp-content\/uploads\/2026\/01\/cropped-fumot-logo1.png","contentUrl":"https:\/\/fumot.uk\/wp-content\/uploads\/2026\/01\/cropped-fumot-logo1.png","width":152,"height":106,"caption":"Fumot Official Direct | Straight from the Factory, 100% Genuine"},"image":{"@id":"https:\/\/fumot.uk\/#\/schema\/logo\/image\/"}}]}},"_links":{"self":[{"href":"https:\/\/fumot.uk\/fr\/wp-json\/wp\/v2\/product\/3401","targetHints":{"allow":["GET"]}}],"collection":[{"href":"https:\/\/fumot.uk\/fr\/wp-json\/wp\/v2\/product"}],"about":[{"href":"https:\/\/fumot.uk\/fr\/wp-json\/wp\/v2\/types\/product"}],"replies":[{"embeddable":true,"href":"https:\/\/fumot.uk\/fr\/wp-json\/wp\/v2\/comments?post=3401"}],"wp:featuredmedia":[{"embeddable":true,"href":"https:\/\/fumot.uk\/fr\/wp-json\/wp\/v2\/media\/3447"}],"wp:attachment":[{"href":"https:\/\/fumot.uk\/fr\/wp-json\/wp\/v2\/media?parent=3401"}],"wp:term":[{"taxonomy":"product_brand","embeddable":true,"href":"https:\/\/fumot.uk\/fr\/wp-json\/wp\/v2\/product_brand?post=3401"},{"taxonomy":"product_cat","embeddable":true,"href":"https:\/\/fumot.uk\/fr\/wp-json\/wp\/v2\/product_cat?post=3401"},{"taxonomy":"product_tag","embeddable":true,"href":"https:\/\/fumot.uk\/fr\/wp-json\/wp\/v2\/product_tag?post=3401"}],"curies":[{"name":"wp","href":"https:\/\/api.w.org\/{rel}","templated":true}]}}