{"id":3377,"date":"2026-01-20T10:11:15","date_gmt":"2026-01-20T10:11:15","guid":{"rendered":"https:\/\/fumot.uk\/?post_type=product&#038;p=3377"},"modified":"2026-01-20T10:12:57","modified_gmt":"2026-01-20T10:12:57","slug":"watermelon-razz-rancher-vozol-rave-40000-puffs","status":"publish","type":"product","link":"https:\/\/fumot.uk\/fr\/product\/watermelon-razz-rancher-vozol-rave-40000-puffs\/","title":{"rendered":"Past\u00e8que Razz Rancher-Vozol Rave 40000 Puffs"},"content":{"rendered":"<h3 data-start=\"0\" data-end=\"189\"><strong data-start=\"0\" data-end=\"189\">Vozol Rave 40000 Puffs Watermelon Razz Rancher : La fusion parfaite de la past\u00e8que sucr\u00e9e et de la framboise fra\u00eeche pour une exp\u00e9rience de vapotage unique et rafra\u00eechissante<\/strong><\/h3>\n<p data-start=\"191\" data-end=\"553\">Le<strong> Vozol Rave 40000 Puffs Watermelon Razz Rancher<\/strong> go\u00fbt combine la fra\u00eecheur sucr\u00e9e de la past\u00e8que avec la note vive et l\u00e9g\u00e8rement acidul\u00e9e des framboises. Chaque bouff\u00e9e r\u00e9v\u00e8le la fra\u00eecheur sucr\u00e9e de la past\u00e8que, harmonieusement li\u00e9e \u00e0 la nuance p\u00e9tillante de la framboise, ce qui conduit \u00e0 une exp\u00e9rience de vapotage rafra\u00eechissante et gustativement unique.<\/p>\n<h4>Caract\u00e9ristiques gustatives :<\/h4>\n<ul>\n<li data-start=\"1266\" data-end=\"1455\">\n<p data-start=\"1268\" data-end=\"1455\"><strong data-start=\"587\" data-end=\"615\">Go\u00fbt de past\u00e8que :<\/strong> Le go\u00fbt de la past\u00e8que est sucr\u00e9 et rafra\u00eechissant, avec un ar\u00f4me fruit\u00e9 naturel qui n'est pas trop sucr\u00e9, mais offre une douceur agr\u00e9ablement l\u00e9g\u00e8re \u2013 id\u00e9al pour un vapotage estival.<\/p>\n<\/li>\n<li data-start=\"1266\" data-end=\"1455\">\n<p data-start=\"1268\" data-end=\"1455\"><strong data-start=\"811\" data-end=\"833\">Go\u00fbt de framboise :<\/strong> La framboise apporte une acidit\u00e9 rafra\u00eechissante qui est en parfait \u00e9quilibre avec la douceur de la past\u00e8que, et donne \u00e0 ce go\u00fbt une fra\u00eecheur vive et p\u00e9tillante.<\/p>\n<\/li>\n<li data-start=\"1266\" data-end=\"1455\">\n<p data-start=\"1268\" data-end=\"1455\"><strong data-start=\"1015\" data-end=\"1035\">Fusion parfaite :<\/strong> La combinaison de la past\u00e8que sucr\u00e9e et de la framboise acidul\u00e9e assure une exp\u00e9rience gustative harmonieuse, ni trop intense ni trop douce \u2013 simplement parfaitement \u00e9quilibr\u00e9e.<\/p>\n<\/li>\n<li data-start=\"1266\" data-end=\"1455\"><strong data-start=\"1226\" data-end=\"1253\">Exp\u00e9rience rafra\u00eechissante :<\/strong> Le go\u00fbt Vozol Rave 40K Puffs Watermelon Razz Rancher offre une exp\u00e9rience rafra\u00eechissante qui rappelle le plaisir d'un fruit estival. Il convient aussi bien \u00e0 une utilisation quotidienne qu'\u00e0 des moments conviviaux entre amis.<\/li>\n<\/ul>\n<p data-start=\"1305\" data-end=\"1558\">Le <strong><a href=\"https:\/\/ultravape.de\/product-category\/vozol-rave-40000-puffs\/\">Vozol Rave 40K Puffs<\/a> Watermelon Razz Rancher<\/strong> Le go\u00fbt est le choix id\u00e9al pour les utilisateurs qui pr\u00e9f\u00e8rent les ar\u00f4mes fruit\u00e9s avec un m\u00e9lange parfait de douceur et d'acidit\u00e9. C'est le choix parfait pour un plaisir quotidien ou pour des rassemblements conviviaux.<\/p>\n<h3>Vozol Rave 40000 Puffs Avantages\uff1a<\/h3>\n<h4>1.Design innovant \u00e0 \u00e9cran tactile 270\u00b0<\/h4>\n<p data-start=\"112\" data-end=\"517\">Le Vozol Rave 40K Puffs est \u00e9quip\u00e9 du premier \u00e9cran tactile 270\u00b0 au monde, qui brise les designs traditionnels et offre une plus grande surface de visualisation ainsi qu'une meilleure exp\u00e9rience utilisateur. Cette fonction permet non seulement de v\u00e9rifier facilement l'\u00e9tat de l'appareil, mais synchronise \u00e9galement l'\u00e9clairage avec la musique et la vapeur pour cr\u00e9er des effets lumineux impressionnants qui enrichissent l'atmosph\u00e8re lors d'occasions conviviales.<\/p>\n<h4>2.Durabilit\u00e9 et modes puissants<\/h4>\n<p>En mode standard, l'appareil offre une dur\u00e9e de vie exceptionnelle d'environ 40 000 bouff\u00e9es, r\u00e9pondant aux attentes d'utilisation \u00e0 long terme. En mode haute performance, le nombre de bouff\u00e9es est r\u00e9duit \u00e0 environ 25 000, mais cela assure une production de vapeur plus forte et un go\u00fbt plus intense \u2013 id\u00e9al pour les utilisateurs qui pr\u00e9f\u00e8rent une exp\u00e9rience de vapotage plus intense.<\/p>\n<h4>3.Circulation d'air et r\u00e9glages de puissance personnalisables<\/h4>\n<p>Le Vozol Rave 40K Puffs offre une circulation d'air et des options de puissance r\u00e9glables individuellement, permettant aux utilisateurs de personnaliser l'exp\u00e9rience de vapotage selon leurs pr\u00e9f\u00e9rences. Que l'on pr\u00e9f\u00e8re un nuage de vapeur dense ou un vapotage doux, la circulation d'air et la puissance peuvent \u00eatre facilement contr\u00f4l\u00e9es via l'\u00e9cran tactile.<\/p>\n<h4>4.Fonction de charge rapide USB Type-C efficace<\/h4>\n<p>Avec une <a href=\"https:\/\/ultravape.de\/product-tag\/1000-mah\/\">batterie de 1000mAh<\/a> et la fonction de charge USB Type-C, le Vozol Rave 40K Puffs est rapidement pr\u00eat \u00e0 \u00eatre utilis\u00e9 \u00e0 nouveau. Gr\u00e2ce au temps de charge rapide, l'appareil peut \u00eatre utilis\u00e9 \u00e0 nouveau apr\u00e8s seulement quelques minutes, ce qui assure un temps d'attente minimal et vous permet de profiter du vapotage \u00e0 tout moment.<\/p>","protected":false},"excerpt":{"rendered":"<p>Vozol Rave 40000 Puffs Watermelon Razz Rancher : La fusion parfaite de la past\u00e8que sucr\u00e9e et de la framboise fra\u00eeche pour une exp\u00e9rience de vapotage unique et rafra\u00eechissante Le go\u00fbt Vozol Rave 40000 Puffs Watermelon Razz Rancher combine la fra\u00eecheur sucr\u00e9e de la past\u00e8que avec la note vive et l\u00e9g\u00e8rement acidul\u00e9e des framboises. Chaque bouff\u00e9e d\u00e9ploie la fra\u00eecheur sucr\u00e9e de la past\u00e8que, qui [\u2026]<\/p>","protected":false},"featured_media":3415,"comment_status":"open","ping_status":"closed","template":"","meta":[],"product_brand":[],"product_cat":[82,17,177],"product_tag":[174,21,47,72,23,73,26,27,28,32],"class_list":{"0":"post-3377","1":"product","2":"type-product","3":"status-publish","4":"has-post-thumbnail","6":"product_cat-40000-puff","7":"product_cat-vape","8":"product_cat-vozol-rave-40000-puffs","9":"product_tag-1000-mah","10":"product_tag-adjustable-airflow","11":"product_tag-candy","12":"product_tag-direct-to-lung","13":"product_tag-display","14":"product_tag-dual-mesh","15":"product_tag-rechargeable","16":"product_tag-rgb-light","17":"product_tag-type-c","18":"product_tag-watermelon","20":"first","21":"instock","22":"sale","23":"shipping-taxable","24":"purchasable","25":"product-type-variable","26":"has-default-attributes"},"yoast_head":"<!-- This site is optimized with the Yoast SEO plugin v26.8 - https:\/\/yoast.com\/product\/yoast-seo-wordpress\/ -->\n<title>Watermelon Razz Rancher-Vozol Rave 40000 Puffs - Fumot Official Direct | Straight from the Factory, 100% Genuine<\/title>\n<meta name=\"robots\" content=\"index, follow, max-snippet:-1, max-image-preview:large, max-video-preview:-1\" \/>\n<link rel=\"canonical\" href=\"https:\/\/fumot.uk\/fr\/product\/watermelon-razz-rancher-vozol-rave-40000-puffs\/\" \/>\n<meta property=\"og:locale\" content=\"fr_FR\" \/>\n<meta property=\"og:type\" content=\"article\" \/>\n<meta property=\"og:title\" content=\"Watermelon Razz Rancher-Vozol Rave 40000 Puffs - Fumot Official Direct | Straight from the Factory, 100% Genuine\" \/>\n<meta property=\"og:description\" content=\"Vozol Rave 40000 Puffs Watermelon Razz Rancher : Die perfekte Fusion von s\u00fc\u00dfem Wassermelonen- und frischem Himbeer f\u00fcr ein einzigartiges und erfrischendes Dampferlebnis Der Vozol Rave 40000 Puffs Watermelon Razz Rancher Geschmack kombiniert die s\u00fc\u00dfe Frische von Wassermelone mit der lebendigen, leicht s\u00e4uerlichen Note von Himbeeren. Jeder Zug entfaltet die s\u00fc\u00dfe Frische der Wassermelone, die [&hellip;]\" \/>\n<meta property=\"og:url\" content=\"https:\/\/fumot.uk\/fr\/product\/watermelon-razz-rancher-vozol-rave-40000-puffs\/\" \/>\n<meta property=\"og:site_name\" content=\"Fumot Official Direct | Straight from the Factory, 100% Genuine\" \/>\n<meta property=\"article:modified_time\" content=\"2026-01-20T10:12:57+00:00\" \/>\n<meta property=\"og:image\" content=\"https:\/\/fumot.uk\/wp-content\/uploads\/2026\/01\/Watermelon-Razz-Rancher-Vozol-Rave-40000-Puffs-Disposable-Vape.png\" \/>\n\t<meta property=\"og:image:width\" content=\"1920\" \/>\n\t<meta property=\"og:image:height\" content=\"1920\" \/>\n\t<meta property=\"og:image:type\" content=\"image\/png\" \/>\n<meta name=\"twitter:card\" content=\"summary_large_image\" \/>\n<meta name=\"twitter:label1\" content=\"Dur\u00e9e de lecture estim\u00e9e\" \/>\n\t<meta name=\"twitter:data1\" content=\"3 minutes\" \/>\n<script type=\"application\/ld+json\" class=\"yoast-schema-graph\">{\"@context\":\"https:\/\/schema.org\",\"@graph\":[{\"@type\":\"WebPage\",\"@id\":\"https:\/\/fumot.uk\/product\/watermelon-razz-rancher-vozol-rave-40000-puffs\/\",\"url\":\"https:\/\/fumot.uk\/product\/watermelon-razz-rancher-vozol-rave-40000-puffs\/\",\"name\":\"Watermelon Razz Rancher-Vozol Rave 40000 Puffs - Fumot Official Direct | Straight from the Factory, 100% Genuine\",\"isPartOf\":{\"@id\":\"https:\/\/fumot.uk\/#website\"},\"primaryImageOfPage\":{\"@id\":\"https:\/\/fumot.uk\/product\/watermelon-razz-rancher-vozol-rave-40000-puffs\/#primaryimage\"},\"image\":{\"@id\":\"https:\/\/fumot.uk\/product\/watermelon-razz-rancher-vozol-rave-40000-puffs\/#primaryimage\"},\"thumbnailUrl\":\"https:\/\/fumot.uk\/wp-content\/uploads\/2026\/01\/Watermelon-Razz-Rancher-Vozol-Rave-40000-Puffs-Disposable-Vape.png\",\"datePublished\":\"2026-01-20T10:11:15+00:00\",\"dateModified\":\"2026-01-20T10:12:57+00:00\",\"breadcrumb\":{\"@id\":\"https:\/\/fumot.uk\/product\/watermelon-razz-rancher-vozol-rave-40000-puffs\/#breadcrumb\"},\"inLanguage\":\"fr-FR\",\"potentialAction\":[{\"@type\":\"ReadAction\",\"target\":[\"https:\/\/fumot.uk\/product\/watermelon-razz-rancher-vozol-rave-40000-puffs\/\"]}]},{\"@type\":\"ImageObject\",\"inLanguage\":\"fr-FR\",\"@id\":\"https:\/\/fumot.uk\/product\/watermelon-razz-rancher-vozol-rave-40000-puffs\/#primaryimage\",\"url\":\"https:\/\/fumot.uk\/wp-content\/uploads\/2026\/01\/Watermelon-Razz-Rancher-Vozol-Rave-40000-Puffs-Disposable-Vape.png\",\"contentUrl\":\"https:\/\/fumot.uk\/wp-content\/uploads\/2026\/01\/Watermelon-Razz-Rancher-Vozol-Rave-40000-Puffs-Disposable-Vape.png\",\"width\":1920,\"height\":1920},{\"@type\":\"BreadcrumbList\",\"@id\":\"https:\/\/fumot.uk\/product\/watermelon-razz-rancher-vozol-rave-40000-puffs\/#breadcrumb\",\"itemListElement\":[{\"@type\":\"ListItem\",\"position\":1,\"name\":\"Home\",\"item\":\"https:\/\/fumot.uk\/\"},{\"@type\":\"ListItem\",\"position\":2,\"name\":\"Shop\",\"item\":\"https:\/\/fumot.uk\/shop\/\"},{\"@type\":\"ListItem\",\"position\":3,\"name\":\"Watermelon Razz Rancher-Vozol Rave 40000 Puffs\"}]},{\"@type\":\"WebSite\",\"@id\":\"https:\/\/fumot.uk\/#website\",\"url\":\"https:\/\/fumot.uk\/\",\"name\":\"Fumot Official Direct | Straight from the Factory, 100% Genuine\",\"description\":\"Official Website\",\"publisher\":{\"@id\":\"https:\/\/fumot.uk\/#organization\"},\"potentialAction\":[{\"@type\":\"SearchAction\",\"target\":{\"@type\":\"EntryPoint\",\"urlTemplate\":\"https:\/\/fumot.uk\/?s={search_term_string}\"},\"query-input\":{\"@type\":\"PropertyValueSpecification\",\"valueRequired\":true,\"valueName\":\"search_term_string\"}}],\"inLanguage\":\"fr-FR\"},{\"@type\":\"Organization\",\"@id\":\"https:\/\/fumot.uk\/#organization\",\"name\":\"Fumot Official Direct | Straight from the Factory, 100% Genuine\",\"url\":\"https:\/\/fumot.uk\/\",\"logo\":{\"@type\":\"ImageObject\",\"inLanguage\":\"fr-FR\",\"@id\":\"https:\/\/fumot.uk\/#\/schema\/logo\/image\/\",\"url\":\"https:\/\/fumot.uk\/wp-content\/uploads\/2026\/01\/cropped-fumot-logo1.png\",\"contentUrl\":\"https:\/\/fumot.uk\/wp-content\/uploads\/2026\/01\/cropped-fumot-logo1.png\",\"width\":152,\"height\":106,\"caption\":\"Fumot Official Direct | Straight from the Factory, 100% Genuine\"},\"image\":{\"@id\":\"https:\/\/fumot.uk\/#\/schema\/logo\/image\/\"}}]}<\/script>\n<!-- \/ Yoast SEO plugin. -->","yoast_head_json":{"title":"Past\u00e8que Razz Rancher-Vozol Rave 40000 Bouff\u00e9es - Fumot Officiel Direct | Directement de l'usine, 100% Authentique","robots":{"index":"index","follow":"follow","max-snippet":"max-snippet:-1","max-image-preview":"max-image-preview:large","max-video-preview":"max-video-preview:-1"},"canonical":"https:\/\/fumot.uk\/fr\/product\/watermelon-razz-rancher-vozol-rave-40000-puffs\/","og_locale":"fr_FR","og_type":"article","og_title":"Watermelon Razz Rancher-Vozol Rave 40000 Puffs - Fumot Official Direct | Straight from the Factory, 100% Genuine","og_description":"Vozol Rave 40000 Puffs Watermelon Razz Rancher : Die perfekte Fusion von s\u00fc\u00dfem Wassermelonen- und frischem Himbeer f\u00fcr ein einzigartiges und erfrischendes Dampferlebnis Der Vozol Rave 40000 Puffs Watermelon Razz Rancher Geschmack kombiniert die s\u00fc\u00dfe Frische von Wassermelone mit der lebendigen, leicht s\u00e4uerlichen Note von Himbeeren. Jeder Zug entfaltet die s\u00fc\u00dfe Frische der Wassermelone, die [&hellip;]","og_url":"https:\/\/fumot.uk\/fr\/product\/watermelon-razz-rancher-vozol-rave-40000-puffs\/","og_site_name":"Fumot Official Direct | Straight from the Factory, 100% Genuine","article_modified_time":"2026-01-20T10:12:57+00:00","og_image":[{"width":1920,"height":1920,"url":"https:\/\/fumot.uk\/wp-content\/uploads\/2026\/01\/Watermelon-Razz-Rancher-Vozol-Rave-40000-Puffs-Disposable-Vape.png","type":"image\/png"}],"twitter_card":"summary_large_image","twitter_misc":{"Dur\u00e9e de lecture estim\u00e9e":"3 minutes"},"schema":{"@context":"https:\/\/schema.org","@graph":[{"@type":"WebPage","@id":"https:\/\/fumot.uk\/product\/watermelon-razz-rancher-vozol-rave-40000-puffs\/","url":"https:\/\/fumot.uk\/product\/watermelon-razz-rancher-vozol-rave-40000-puffs\/","name":"Past\u00e8que Razz Rancher-Vozol Rave 40000 Bouff\u00e9es - Fumot Officiel Direct | Directement de l'usine, 100% Authentique","isPartOf":{"@id":"https:\/\/fumot.uk\/#website"},"primaryImageOfPage":{"@id":"https:\/\/fumot.uk\/product\/watermelon-razz-rancher-vozol-rave-40000-puffs\/#primaryimage"},"image":{"@id":"https:\/\/fumot.uk\/product\/watermelon-razz-rancher-vozol-rave-40000-puffs\/#primaryimage"},"thumbnailUrl":"https:\/\/fumot.uk\/wp-content\/uploads\/2026\/01\/Watermelon-Razz-Rancher-Vozol-Rave-40000-Puffs-Disposable-Vape.png","datePublished":"2026-01-20T10:11:15+00:00","dateModified":"2026-01-20T10:12:57+00:00","breadcrumb":{"@id":"https:\/\/fumot.uk\/product\/watermelon-razz-rancher-vozol-rave-40000-puffs\/#breadcrumb"},"inLanguage":"fr-FR","potentialAction":[{"@type":"ReadAction","target":["https:\/\/fumot.uk\/product\/watermelon-razz-rancher-vozol-rave-40000-puffs\/"]}]},{"@type":"ImageObject","inLanguage":"fr-FR","@id":"https:\/\/fumot.uk\/product\/watermelon-razz-rancher-vozol-rave-40000-puffs\/#primaryimage","url":"https:\/\/fumot.uk\/wp-content\/uploads\/2026\/01\/Watermelon-Razz-Rancher-Vozol-Rave-40000-Puffs-Disposable-Vape.png","contentUrl":"https:\/\/fumot.uk\/wp-content\/uploads\/2026\/01\/Watermelon-Razz-Rancher-Vozol-Rave-40000-Puffs-Disposable-Vape.png","width":1920,"height":1920},{"@type":"BreadcrumbList","@id":"https:\/\/fumot.uk\/product\/watermelon-razz-rancher-vozol-rave-40000-puffs\/#breadcrumb","itemListElement":[{"@type":"ListItem","position":1,"name":"Home","item":"https:\/\/fumot.uk\/"},{"@type":"ListItem","position":2,"name":"Shop","item":"https:\/\/fumot.uk\/shop\/"},{"@type":"ListItem","position":3,"name":"Watermelon Razz Rancher-Vozol Rave 40000 Puffs"}]},{"@type":"WebSite","@id":"https:\/\/fumot.uk\/#website","url":"https:\/\/fumot.uk\/","name":"Fumot Official Direct | Directement de l'usine, 100% Authentique","description":"Site officiel","publisher":{"@id":"https:\/\/fumot.uk\/#organization"},"potentialAction":[{"@type":"SearchAction","target":{"@type":"EntryPoint","urlTemplate":"https:\/\/fumot.uk\/?s={search_term_string}"},"query-input":{"@type":"PropertyValueSpecification","valueRequired":true,"valueName":"search_term_string"}}],"inLanguage":"fr-FR"},{"@type":"Organization","@id":"https:\/\/fumot.uk\/#organization","name":"Fumot Official Direct | Directement de l'usine, 100% Authentique","url":"https:\/\/fumot.uk\/","logo":{"@type":"ImageObject","inLanguage":"fr-FR","@id":"https:\/\/fumot.uk\/#\/schema\/logo\/image\/","url":"https:\/\/fumot.uk\/wp-content\/uploads\/2026\/01\/cropped-fumot-logo1.png","contentUrl":"https:\/\/fumot.uk\/wp-content\/uploads\/2026\/01\/cropped-fumot-logo1.png","width":152,"height":106,"caption":"Fumot Official Direct | Straight from the Factory, 100% Genuine"},"image":{"@id":"https:\/\/fumot.uk\/#\/schema\/logo\/image\/"}}]}},"_links":{"self":[{"href":"https:\/\/fumot.uk\/fr\/wp-json\/wp\/v2\/product\/3377","targetHints":{"allow":["GET"]}}],"collection":[{"href":"https:\/\/fumot.uk\/fr\/wp-json\/wp\/v2\/product"}],"about":[{"href":"https:\/\/fumot.uk\/fr\/wp-json\/wp\/v2\/types\/product"}],"replies":[{"embeddable":true,"href":"https:\/\/fumot.uk\/fr\/wp-json\/wp\/v2\/comments?post=3377"}],"wp:featuredmedia":[{"embeddable":true,"href":"https:\/\/fumot.uk\/fr\/wp-json\/wp\/v2\/media\/3415"}],"wp:attachment":[{"href":"https:\/\/fumot.uk\/fr\/wp-json\/wp\/v2\/media?parent=3377"}],"wp:term":[{"taxonomy":"product_brand","embeddable":true,"href":"https:\/\/fumot.uk\/fr\/wp-json\/wp\/v2\/product_brand?post=3377"},{"taxonomy":"product_cat","embeddable":true,"href":"https:\/\/fumot.uk\/fr\/wp-json\/wp\/v2\/product_cat?post=3377"},{"taxonomy":"product_tag","embeddable":true,"href":"https:\/\/fumot.uk\/fr\/wp-json\/wp\/v2\/product_tag?post=3377"}],"curies":[{"name":"wp","href":"https:\/\/api.w.org\/{rel}","templated":true}]}}