{"id":3265,"date":"2026-01-20T10:09:38","date_gmt":"2026-01-20T10:09:38","guid":{"rendered":"https:\/\/fumot.uk\/?post_type=product&#038;p=3265"},"modified":"2026-01-21T02:34:09","modified_gmt":"2026-01-21T02:34:09","slug":"vozol-gear-shisha-25k-puffs-watermelon-mint","status":"publish","type":"product","link":"https:\/\/fumot.uk\/fr\/product\/vozol-gear-shisha-25k-puffs-watermelon-mint\/","title":{"rendered":"Vozol Gear Shisha 25K Puffs Past\u00e8que Menthe Vape Jetable (24ml, 5% Nicotine)"},"content":{"rendered":"<h2>Vozol Gear Shisha 25K Puffs \u2013 Menthe Past\u00e8que<\/h2>\n<p><strong>Menthe Past\u00e8que<\/strong> est le type de saveur que vous choisissez lorsque vous voulez quelque chose de propre, sucr\u00e9 et rafra\u00eechissant. Chaque bouff\u00e9e m\u00e9lange la douceur juteuse de la past\u00e8que avec une finition menthol\u00e9e et nette\u2014rafra\u00eechissant sans \u00eatre lourd, et fruit\u00e9 sans devenir comme des bonbons. C'est un profil lumineux et frais qui reste agr\u00e9able du premier tirage au dernier.<\/p>\n<h3>Con\u00e7u pour une vape savoureuse et constante<\/h3>\n<p>Le <strong>Vozol Gear Shisha 25k Puffs<\/strong> est con\u00e7u pour garder la saveur douce et la vapeur dense gr\u00e2ce \u00e0 son <strong>Double Bobine Mesh<\/strong>. Avec <strong>puissance r\u00e9glable<\/strong>, vous pouvez ajuster l'intensit\u00e9 pour correspondre \u00e0 votre style\u2014que vous pr\u00e9f\u00e9riez un tirage plus l\u00e9ger et frais ou une bouff\u00e9e plus forte avec une vapeur plus dense.<\/p>\n<h3>Caract\u00e9ristiques cl\u00e9s<\/h3>\n<ul>\n<li><strong>Jusqu'\u00e0 25 000 bouff\u00e9es<\/strong> (l'utilisation varie selon la longueur des bouff\u00e9es et les r\u00e9glages)<\/li>\n<li><strong>Double Bobine Mesh<\/strong> pour un chauffage uniforme et une saveur plus riche<\/li>\n<li><strong>capacit\u00e9 de e-liquide de 24ml<\/strong> pour une utilisation longue dur\u00e9e<\/li>\n<li><strong>5% nicotine<\/strong> pour une satisfaction forte en nicotine<\/li>\n<li><strong>batterie rechargeable de 1000mAh<\/strong> avec <strong>USB Type-C<\/strong> chargement<\/li>\n<li><strong>\u00c9cran couleur 2,1\u2033<\/strong> pour surveiller la batterie et le liquide<\/li>\n<li><strong>Puissance r\u00e9glable<\/strong> pour personnaliser votre exp\u00e9rience de vapotage<\/li>\n<\/ul>\n<h3>Pourquoi Menthe Past\u00e8que fonctionne si bien<\/h3>\n<p>La past\u00e8que apporte la douceur juteuse et douce; la menthe ajoute une touche rafra\u00eechissante et nette. Ensemble, elles cr\u00e9ent un go\u00fbt \u00e9quilibr\u00e9 qui reste frais toute la journ\u00e9e\u2014id\u00e9al pour les amateurs de m\u00e9langes fruit\u00e9s-menthol\u00e9s et de finitions fra\u00eeches et rafra\u00eechissantes.<\/p>\n<p>Explorez plus d'options dans notre <a href=\"https:\/\/fumot.uk\/fr\/product-category\/25000-puff\/\">Collection de vapes jetables de 25 000 bouff\u00e9es<\/a> on <strong>fumot.uk<\/strong>.<\/p>\n<p><strong>Remarque :<\/strong> La nicotine est une substance addictive. Ce produit contient de la nicotine et est destin\u00e9 uniquement aux utilisateurs adultes.<\/p>","protected":false},"excerpt":{"rendered":"<p>Vozol Gear Shisha 25K Puffs en Watermelon Mint offre une douceur de past\u00e8que juteuse avec une finition menthol\u00e9e fra\u00eeche et croquante. Double bobine en maille, puissance r\u00e9glable, 24ml d'e-liquide, 1000mAh Type\u2011C rechargeable, 5% de nicotine, et un \u00e9cran couleur de 2,1\u2033.<\/p>","protected":false},"featured_media":3311,"comment_status":"open","ping_status":"closed","template":"","meta":[],"product_brand":[],"product_cat":[172,17,173],"product_tag":[174,171,21,72,73,61,26,62,28,32],"class_list":{"0":"post-3265","1":"product","2":"type-product","3":"status-publish","4":"has-post-thumbnail","6":"product_cat-25000-puff","7":"product_cat-vape","8":"product_cat-vozol-gear-shisha-25k-puffs","9":"product_tag-1000-mah","10":"product_tag-24ml","11":"product_tag-adjustable-airflow","12":"product_tag-direct-to-lung","13":"product_tag-dual-mesh","14":"product_tag-mint","15":"product_tag-rechargeable","16":"product_tag-sale-vape","17":"product_tag-type-c","18":"product_tag-watermelon","20":"first","21":"instock","22":"sale","23":"shipping-taxable","24":"purchasable","25":"product-type-variable","26":"has-default-attributes"},"yoast_head":"<!-- This site is optimized with the Yoast SEO plugin v26.8 - https:\/\/yoast.com\/product\/yoast-seo-wordpress\/ -->\n<title>Vozol Gear Shisha 25K Watermelon Mint (24ml, 5%)<\/title>\n<meta name=\"description\" content=\"Shop Vozol Gear Shisha 25K Puffs Watermelon Mint: Dual Mesh Coil, adjustable power, 24ml e-liquid, 1000mAh Type\u2011C rechargeable, 5% nicotine, color display.\" \/>\n<meta name=\"robots\" content=\"index, follow, max-snippet:-1, max-image-preview:large, max-video-preview:-1\" \/>\n<link rel=\"canonical\" href=\"https:\/\/fumot.uk\/fr\/product\/vozol-gear-shisha-25k-puffs-watermelon-mint\/\" \/>\n<meta property=\"og:locale\" content=\"fr_FR\" \/>\n<meta property=\"og:type\" content=\"article\" \/>\n<meta property=\"og:title\" content=\"Vozol Gear Shisha 25K \u2013 Watermelon Mint (Cool &amp; Juicy)\" \/>\n<meta property=\"og:description\" content=\"A refreshing Watermelon Mint blend with Dual Mesh Coil performance, adjustable power, 24ml capacity, and a 1000mAh Type\u2011C rechargeable battery. Available on fumot.uk.\" \/>\n<meta property=\"og:url\" content=\"https:\/\/fumot.uk\/fr\/product\/vozol-gear-shisha-25k-puffs-watermelon-mint\/\" \/>\n<meta property=\"og:site_name\" content=\"Fumot Official Direct | Straight from the Factory, 100% Genuine\" \/>\n<meta property=\"article:modified_time\" content=\"2026-01-21T02:34:09+00:00\" \/>\n<meta property=\"og:image\" content=\"https:\/\/fumot.uk\/wp-content\/uploads\/2026\/01\/Watermelon-Mint-Vozol-Gear-Shisha-25k-Disposable-Vape.jpg\" \/>\n\t<meta property=\"og:image:width\" content=\"1080\" \/>\n\t<meta property=\"og:image:height\" content=\"1080\" \/>\n\t<meta property=\"og:image:type\" content=\"image\/jpeg\" \/>\n<meta name=\"twitter:card\" content=\"summary_large_image\" \/>\n<meta name=\"twitter:label1\" content=\"Dur\u00e9e de lecture estim\u00e9e\" \/>\n\t<meta name=\"twitter:data1\" content=\"2 minutes\" \/>\n<script type=\"application\/ld+json\" class=\"yoast-schema-graph\">{\"@context\":\"https:\/\/schema.org\",\"@graph\":[{\"@type\":\"WebPage\",\"@id\":\"https:\/\/fumot.uk\/product\/vozol-gear-shisha-25k-puffs-watermelon-mint\/\",\"url\":\"https:\/\/fumot.uk\/product\/vozol-gear-shisha-25k-puffs-watermelon-mint\/\",\"name\":\"Vozol Gear Shisha 25K Watermelon Mint (24ml, 5%)\",\"isPartOf\":{\"@id\":\"https:\/\/fumot.uk\/#website\"},\"primaryImageOfPage\":{\"@id\":\"https:\/\/fumot.uk\/product\/vozol-gear-shisha-25k-puffs-watermelon-mint\/#primaryimage\"},\"image\":{\"@id\":\"https:\/\/fumot.uk\/product\/vozol-gear-shisha-25k-puffs-watermelon-mint\/#primaryimage\"},\"thumbnailUrl\":\"https:\/\/fumot.uk\/wp-content\/uploads\/2026\/01\/Watermelon-Mint-Vozol-Gear-Shisha-25k-Disposable-Vape.jpg\",\"datePublished\":\"2026-01-20T10:09:38+00:00\",\"dateModified\":\"2026-01-21T02:34:09+00:00\",\"description\":\"Shop Vozol Gear Shisha 25K Puffs Watermelon Mint: Dual Mesh Coil, adjustable power, 24ml e-liquid, 1000mAh Type\u2011C rechargeable, 5% nicotine, color display.\",\"breadcrumb\":{\"@id\":\"https:\/\/fumot.uk\/product\/vozol-gear-shisha-25k-puffs-watermelon-mint\/#breadcrumb\"},\"inLanguage\":\"fr-FR\",\"potentialAction\":[{\"@type\":\"ReadAction\",\"target\":[\"https:\/\/fumot.uk\/product\/vozol-gear-shisha-25k-puffs-watermelon-mint\/\"]}]},{\"@type\":\"ImageObject\",\"inLanguage\":\"fr-FR\",\"@id\":\"https:\/\/fumot.uk\/product\/vozol-gear-shisha-25k-puffs-watermelon-mint\/#primaryimage\",\"url\":\"https:\/\/fumot.uk\/wp-content\/uploads\/2026\/01\/Watermelon-Mint-Vozol-Gear-Shisha-25k-Disposable-Vape.jpg\",\"contentUrl\":\"https:\/\/fumot.uk\/wp-content\/uploads\/2026\/01\/Watermelon-Mint-Vozol-Gear-Shisha-25k-Disposable-Vape.jpg\",\"width\":1080,\"height\":1080},{\"@type\":\"BreadcrumbList\",\"@id\":\"https:\/\/fumot.uk\/product\/vozol-gear-shisha-25k-puffs-watermelon-mint\/#breadcrumb\",\"itemListElement\":[{\"@type\":\"ListItem\",\"position\":1,\"name\":\"Home\",\"item\":\"https:\/\/fumot.uk\/\"},{\"@type\":\"ListItem\",\"position\":2,\"name\":\"Shop\",\"item\":\"https:\/\/fumot.uk\/shop\/\"},{\"@type\":\"ListItem\",\"position\":3,\"name\":\"Vozol Gear Shisha 25K Puffs Watermelon Mint Disposable Vape (24ml, 5% Nicotine)\"}]},{\"@type\":\"WebSite\",\"@id\":\"https:\/\/fumot.uk\/#website\",\"url\":\"https:\/\/fumot.uk\/\",\"name\":\"Fumot Official Direct | Straight from the Factory, 100% Genuine\",\"description\":\"Official Website\",\"publisher\":{\"@id\":\"https:\/\/fumot.uk\/#organization\"},\"potentialAction\":[{\"@type\":\"SearchAction\",\"target\":{\"@type\":\"EntryPoint\",\"urlTemplate\":\"https:\/\/fumot.uk\/?s={search_term_string}\"},\"query-input\":{\"@type\":\"PropertyValueSpecification\",\"valueRequired\":true,\"valueName\":\"search_term_string\"}}],\"inLanguage\":\"fr-FR\"},{\"@type\":\"Organization\",\"@id\":\"https:\/\/fumot.uk\/#organization\",\"name\":\"Fumot Official Direct | Straight from the Factory, 100% Genuine\",\"url\":\"https:\/\/fumot.uk\/\",\"logo\":{\"@type\":\"ImageObject\",\"inLanguage\":\"fr-FR\",\"@id\":\"https:\/\/fumot.uk\/#\/schema\/logo\/image\/\",\"url\":\"https:\/\/fumot.uk\/wp-content\/uploads\/2026\/01\/cropped-fumot-logo1.png\",\"contentUrl\":\"https:\/\/fumot.uk\/wp-content\/uploads\/2026\/01\/cropped-fumot-logo1.png\",\"width\":152,\"height\":106,\"caption\":\"Fumot Official Direct | Straight from the Factory, 100% Genuine\"},\"image\":{\"@id\":\"https:\/\/fumot.uk\/#\/schema\/logo\/image\/\"}}]}<\/script>\n<!-- \/ Yoast SEO plugin. -->","yoast_head_json":{"title":"Vozol Gear Shisha 25K Past\u00e8que Menthe (24ml, 5%)","description":"Achetez Vozol Gear Shisha 25K Puffs Past\u00e8que Menthe : Double Bobine en Maille, puissance r\u00e9glable, 24ml d'e-liquide, 1000mAh Type\u2011C rechargeable, 5% nicotine, affichage couleur.","robots":{"index":"index","follow":"follow","max-snippet":"max-snippet:-1","max-image-preview":"max-image-preview:large","max-video-preview":"max-video-preview:-1"},"canonical":"https:\/\/fumot.uk\/fr\/product\/vozol-gear-shisha-25k-puffs-watermelon-mint\/","og_locale":"fr_FR","og_type":"article","og_title":"Vozol Gear Shisha 25K \u2013 Watermelon Mint (Cool & Juicy)","og_description":"A refreshing Watermelon Mint blend with Dual Mesh Coil performance, adjustable power, 24ml capacity, and a 1000mAh Type\u2011C rechargeable battery. Available on fumot.uk.","og_url":"https:\/\/fumot.uk\/fr\/product\/vozol-gear-shisha-25k-puffs-watermelon-mint\/","og_site_name":"Fumot Official Direct | Straight from the Factory, 100% Genuine","article_modified_time":"2026-01-21T02:34:09+00:00","og_image":[{"width":1080,"height":1080,"url":"https:\/\/fumot.uk\/wp-content\/uploads\/2026\/01\/Watermelon-Mint-Vozol-Gear-Shisha-25k-Disposable-Vape.jpg","type":"image\/jpeg"}],"twitter_card":"summary_large_image","twitter_misc":{"Dur\u00e9e de lecture estim\u00e9e":"2 minutes"},"schema":{"@context":"https:\/\/schema.org","@graph":[{"@type":"WebPage","@id":"https:\/\/fumot.uk\/product\/vozol-gear-shisha-25k-puffs-watermelon-mint\/","url":"https:\/\/fumot.uk\/product\/vozol-gear-shisha-25k-puffs-watermelon-mint\/","name":"Vozol Gear Shisha 25K Past\u00e8que Menthe (24ml, 5%)","isPartOf":{"@id":"https:\/\/fumot.uk\/#website"},"primaryImageOfPage":{"@id":"https:\/\/fumot.uk\/product\/vozol-gear-shisha-25k-puffs-watermelon-mint\/#primaryimage"},"image":{"@id":"https:\/\/fumot.uk\/product\/vozol-gear-shisha-25k-puffs-watermelon-mint\/#primaryimage"},"thumbnailUrl":"https:\/\/fumot.uk\/wp-content\/uploads\/2026\/01\/Watermelon-Mint-Vozol-Gear-Shisha-25k-Disposable-Vape.jpg","datePublished":"2026-01-20T10:09:38+00:00","dateModified":"2026-01-21T02:34:09+00:00","description":"Achetez Vozol Gear Shisha 25K Puffs Past\u00e8que Menthe : Double Bobine en Maille, puissance r\u00e9glable, 24ml d'e-liquide, 1000mAh Type\u2011C rechargeable, 5% nicotine, affichage couleur.","breadcrumb":{"@id":"https:\/\/fumot.uk\/product\/vozol-gear-shisha-25k-puffs-watermelon-mint\/#breadcrumb"},"inLanguage":"fr-FR","potentialAction":[{"@type":"ReadAction","target":["https:\/\/fumot.uk\/product\/vozol-gear-shisha-25k-puffs-watermelon-mint\/"]}]},{"@type":"ImageObject","inLanguage":"fr-FR","@id":"https:\/\/fumot.uk\/product\/vozol-gear-shisha-25k-puffs-watermelon-mint\/#primaryimage","url":"https:\/\/fumot.uk\/wp-content\/uploads\/2026\/01\/Watermelon-Mint-Vozol-Gear-Shisha-25k-Disposable-Vape.jpg","contentUrl":"https:\/\/fumot.uk\/wp-content\/uploads\/2026\/01\/Watermelon-Mint-Vozol-Gear-Shisha-25k-Disposable-Vape.jpg","width":1080,"height":1080},{"@type":"BreadcrumbList","@id":"https:\/\/fumot.uk\/product\/vozol-gear-shisha-25k-puffs-watermelon-mint\/#breadcrumb","itemListElement":[{"@type":"ListItem","position":1,"name":"Home","item":"https:\/\/fumot.uk\/"},{"@type":"ListItem","position":2,"name":"Shop","item":"https:\/\/fumot.uk\/shop\/"},{"@type":"ListItem","position":3,"name":"Vozol Gear Shisha 25K Puffs Watermelon Mint Disposable Vape (24ml, 5% Nicotine)"}]},{"@type":"WebSite","@id":"https:\/\/fumot.uk\/#website","url":"https:\/\/fumot.uk\/","name":"Fumot Official Direct | Directement de l'usine, 100% Authentique","description":"Site officiel","publisher":{"@id":"https:\/\/fumot.uk\/#organization"},"potentialAction":[{"@type":"SearchAction","target":{"@type":"EntryPoint","urlTemplate":"https:\/\/fumot.uk\/?s={search_term_string}"},"query-input":{"@type":"PropertyValueSpecification","valueRequired":true,"valueName":"search_term_string"}}],"inLanguage":"fr-FR"},{"@type":"Organization","@id":"https:\/\/fumot.uk\/#organization","name":"Fumot Official Direct | Directement de l'usine, 100% Authentique","url":"https:\/\/fumot.uk\/","logo":{"@type":"ImageObject","inLanguage":"fr-FR","@id":"https:\/\/fumot.uk\/#\/schema\/logo\/image\/","url":"https:\/\/fumot.uk\/wp-content\/uploads\/2026\/01\/cropped-fumot-logo1.png","contentUrl":"https:\/\/fumot.uk\/wp-content\/uploads\/2026\/01\/cropped-fumot-logo1.png","width":152,"height":106,"caption":"Fumot Official Direct | Straight from the Factory, 100% Genuine"},"image":{"@id":"https:\/\/fumot.uk\/#\/schema\/logo\/image\/"}}]}},"_links":{"self":[{"href":"https:\/\/fumot.uk\/fr\/wp-json\/wp\/v2\/product\/3265","targetHints":{"allow":["GET"]}}],"collection":[{"href":"https:\/\/fumot.uk\/fr\/wp-json\/wp\/v2\/product"}],"about":[{"href":"https:\/\/fumot.uk\/fr\/wp-json\/wp\/v2\/types\/product"}],"replies":[{"embeddable":true,"href":"https:\/\/fumot.uk\/fr\/wp-json\/wp\/v2\/comments?post=3265"}],"wp:featuredmedia":[{"embeddable":true,"href":"https:\/\/fumot.uk\/fr\/wp-json\/wp\/v2\/media\/3311"}],"wp:attachment":[{"href":"https:\/\/fumot.uk\/fr\/wp-json\/wp\/v2\/media?parent=3265"}],"wp:term":[{"taxonomy":"product_brand","embeddable":true,"href":"https:\/\/fumot.uk\/fr\/wp-json\/wp\/v2\/product_brand?post=3265"},{"taxonomy":"product_cat","embeddable":true,"href":"https:\/\/fumot.uk\/fr\/wp-json\/wp\/v2\/product_cat?post=3265"},{"taxonomy":"product_tag","embeddable":true,"href":"https:\/\/fumot.uk\/fr\/wp-json\/wp\/v2\/product_tag?post=3265"}],"curies":[{"name":"wp","href":"https:\/\/api.w.org\/{rel}","templated":true}]}}