{"id":3260,"date":"2026-01-20T10:09:37","date_gmt":"2026-01-20T10:09:37","guid":{"rendered":"https:\/\/fumot.uk\/?post_type=product&#038;p=3260"},"modified":"2026-01-21T02:34:49","modified_gmt":"2026-01-21T02:34:49","slug":"vozol-gear-shisha-25k-puffs-strawberry-kiwi","status":"publish","type":"product","link":"https:\/\/fumot.uk\/fr\/product\/vozol-gear-shisha-25k-puffs-strawberry-kiwi\/","title":{"rendered":"Vozol Gear Shisha 25K Puffs Fraise Kiwi Vape Jetable \u2013 24ml, 5% Nicotine, Double Mesh, \u00c9cran Intelligent"},"content":{"rendered":"<h2>Vozol Gear Shisha 25K Puffs Fraise Kiwi<\/h2>\n<p><strong>Fraise Kiwi<\/strong> apporte une vape lumineuse et fruit\u00e9e : douceur de fraise m\u00fbre au d\u00e9part, termin\u00e9e par une touche de kiwi croquant pour un \u00e9quilibre propre et rafra\u00eechissant. C'est un excellent choix lorsque vous voulez une saveur facile et juteuse qui reste vive du premier au dernier tirage.<\/p>\n<h3>Pourquoi vous allez adorer cette saveur<\/h3>\n<ul>\n<li><strong>Profil sucr\u00e9-acidul\u00e9 :<\/strong> douceur de la fraise avec la fra\u00eecheur du kiwi.<\/li>\n<li><strong>L\u00e9ger et rafra\u00eechissant :<\/strong> une option fruit\u00e9e id\u00e9ale \u201ctoute la journ\u00e9e\u201d, surtout par temps chaud.<\/li>\n<li><strong>Consistance du go\u00fbt :<\/strong> con\u00e7u pour maintenir la saveur stable sur une longue utilisation.<\/li>\n<\/ul>\n<h3>Points forts de l'appareil (Vozol Gear Shisha 25K)<\/h3>\n<ul>\n<li><strong>Jusqu'\u00e0 25 000 bouff\u00e9es :<\/strong> commodit\u00e9 jetable longue dur\u00e9e.<\/li>\n<li><strong>Capacit\u00e9 de 24ml d'e-liquide :<\/strong> grand r\u00e9servoir pour une utilisation prolong\u00e9e.<\/li>\n<li><strong>5% nicotine (50mg) :<\/strong> forte satisfaction de nicotine.<\/li>\n<li><strong>Double R\u00e9sistance en Maille :<\/strong> chauffage efficace pour une vapeur dense et lisse et des notes de saveur claires.<\/li>\n<li><strong>\u00c9cran intelligent couleur de 2,1 pouces :<\/strong> v\u00e9rifiez le niveau de batterie et de liquide d'un coup d'\u0153il.<\/li>\n<li><strong>Batterie rechargeable 1000mAh :<\/strong> con\u00e7u pour des sessions plus longues.<\/li>\n<li><strong>Recharge rapide Type-C :<\/strong> recharges plus rapides avec une charge moderne.<\/li>\n<li><strong>Puissance r\u00e9glable :<\/strong> ajustez l'intensit\u00e9 pour correspondre \u00e0 votre tirage pr\u00e9f\u00e9r\u00e9.<\/li>\n<\/ul>\n<h3>Pour qui est-ce ?<\/h3>\n<p>Si vous appr\u00e9ciez <strong>vape \u00e0 la fraise<\/strong> saveurs mais vous voulez quelque chose avec une touche plus fra\u00eeche, Fraise Kiwi atteint le juste milieu\u2014fruit\u00e9, propre, et agr\u00e9ablement percutant sans \u00eatre accablant.<\/p>\n<p>Explorez plus de saveurs et la gamme compl\u00e8te sur <a href=\"https:\/\/fumot.uk\/fr\/\" target=\"_blank\" rel=\"nofollow noopener\">fumot.uk<\/a>.<\/p>\n<hr\/>\n<p><small><strong>Remarque :<\/strong> Les bouff\u00e9es sont une estimation et peuvent varier selon les habitudes d'utilisation. Contient de la nicotine, une substance addictive. Pour les utilisateurs adultes uniquement.<\/small><\/p>","protected":false},"excerpt":{"rendered":"<p>Vozol Gear Shisha 25K Puffs Fraise Kiwi : douceur juteuse de la fraise avec une pointe de kiwi croquant. 24ml, 5% nicotine, Double Mesh Coil, \u00e9cran intelligent 2,1\u2033, 1000mAh Type\u2011C rechargeable.<\/p>","protected":false},"featured_media":3306,"comment_status":"open","ping_status":"closed","template":"","meta":[],"product_brand":[],"product_cat":[172,17,173],"product_tag":[174,171,21,72,73,45,26,62,37,28],"class_list":{"0":"post-3260","1":"product","2":"type-product","3":"status-publish","4":"has-post-thumbnail","6":"product_cat-25000-puff","7":"product_cat-vape","8":"product_cat-vozol-gear-shisha-25k-puffs","9":"product_tag-1000-mah","10":"product_tag-24ml","11":"product_tag-adjustable-airflow","12":"product_tag-direct-to-lung","13":"product_tag-dual-mesh","14":"product_tag-kiwi","15":"product_tag-rechargeable","16":"product_tag-sale-vape","17":"product_tag-strawberry","18":"product_tag-type-c","20":"first","21":"instock","22":"sale","23":"shipping-taxable","24":"purchasable","25":"product-type-variable","26":"has-default-attributes"},"yoast_head":"<!-- This site is optimized with the Yoast SEO plugin v26.8 - https:\/\/yoast.com\/product\/yoast-seo-wordpress\/ -->\n<title>Vozol Gear Shisha 25K Strawberry Kiwi | 24ml 5%<\/title>\n<meta name=\"description\" content=\"Shop Vozol Gear Shisha 25K Puffs Strawberry Kiwi: 24ml e-liquid, 5% nicotine, Dual Mesh Coil, 2.1&quot; smart display, 1000mAh Type\u2011C rechargeable.\" \/>\n<meta name=\"robots\" content=\"index, follow, max-snippet:-1, max-image-preview:large, max-video-preview:-1\" \/>\n<link rel=\"canonical\" href=\"https:\/\/fumot.uk\/fr\/product\/vozol-gear-shisha-25k-puffs-strawberry-kiwi\/\" \/>\n<meta property=\"og:locale\" content=\"fr_FR\" \/>\n<meta property=\"og:type\" content=\"article\" \/>\n<meta property=\"og:title\" content=\"Vozol Gear Shisha 25K Strawberry Kiwi \u2013 Sweet &amp; Tangy\" \/>\n<meta property=\"og:description\" content=\"A refreshing strawberry-kiwi blend with Dual Mesh performance, smart display, and 24ml capacity. Long-lasting 25K puffs, 5% nicotine, Type\u2011C rechargeable.\" \/>\n<meta property=\"og:url\" content=\"https:\/\/fumot.uk\/fr\/product\/vozol-gear-shisha-25k-puffs-strawberry-kiwi\/\" \/>\n<meta property=\"og:site_name\" content=\"Fumot Official Direct | Straight from the Factory, 100% Genuine\" \/>\n<meta property=\"article:modified_time\" content=\"2026-01-21T02:34:49+00:00\" \/>\n<meta property=\"og:image\" content=\"https:\/\/fumot.uk\/wp-content\/uploads\/2026\/01\/Strawberry-Kiwi-Vozol-Gear-Shisha-25k-Disposable-Vape.jpg\" \/>\n\t<meta property=\"og:image:width\" content=\"1080\" \/>\n\t<meta property=\"og:image:height\" content=\"1080\" \/>\n\t<meta property=\"og:image:type\" content=\"image\/jpeg\" \/>\n<meta name=\"twitter:card\" content=\"summary_large_image\" \/>\n<meta name=\"twitter:label1\" content=\"Dur\u00e9e de lecture estim\u00e9e\" \/>\n\t<meta name=\"twitter:data1\" content=\"3 minutes\" \/>\n<script type=\"application\/ld+json\" class=\"yoast-schema-graph\">{\"@context\":\"https:\/\/schema.org\",\"@graph\":[{\"@type\":\"WebPage\",\"@id\":\"https:\/\/fumot.uk\/product\/vozol-gear-shisha-25k-puffs-strawberry-kiwi\/\",\"url\":\"https:\/\/fumot.uk\/product\/vozol-gear-shisha-25k-puffs-strawberry-kiwi\/\",\"name\":\"Vozol Gear Shisha 25K Strawberry Kiwi | 24ml 5%\",\"isPartOf\":{\"@id\":\"https:\/\/fumot.uk\/#website\"},\"primaryImageOfPage\":{\"@id\":\"https:\/\/fumot.uk\/product\/vozol-gear-shisha-25k-puffs-strawberry-kiwi\/#primaryimage\"},\"image\":{\"@id\":\"https:\/\/fumot.uk\/product\/vozol-gear-shisha-25k-puffs-strawberry-kiwi\/#primaryimage\"},\"thumbnailUrl\":\"https:\/\/fumot.uk\/wp-content\/uploads\/2026\/01\/Strawberry-Kiwi-Vozol-Gear-Shisha-25k-Disposable-Vape.jpg\",\"datePublished\":\"2026-01-20T10:09:37+00:00\",\"dateModified\":\"2026-01-21T02:34:49+00:00\",\"description\":\"Shop Vozol Gear Shisha 25K Puffs Strawberry Kiwi: 24ml e-liquid, 5% nicotine, Dual Mesh Coil, 2.1\\\" smart display, 1000mAh Type\u2011C rechargeable.\",\"breadcrumb\":{\"@id\":\"https:\/\/fumot.uk\/product\/vozol-gear-shisha-25k-puffs-strawberry-kiwi\/#breadcrumb\"},\"inLanguage\":\"fr-FR\",\"potentialAction\":[{\"@type\":\"ReadAction\",\"target\":[\"https:\/\/fumot.uk\/product\/vozol-gear-shisha-25k-puffs-strawberry-kiwi\/\"]}]},{\"@type\":\"ImageObject\",\"inLanguage\":\"fr-FR\",\"@id\":\"https:\/\/fumot.uk\/product\/vozol-gear-shisha-25k-puffs-strawberry-kiwi\/#primaryimage\",\"url\":\"https:\/\/fumot.uk\/wp-content\/uploads\/2026\/01\/Strawberry-Kiwi-Vozol-Gear-Shisha-25k-Disposable-Vape.jpg\",\"contentUrl\":\"https:\/\/fumot.uk\/wp-content\/uploads\/2026\/01\/Strawberry-Kiwi-Vozol-Gear-Shisha-25k-Disposable-Vape.jpg\",\"width\":1080,\"height\":1080},{\"@type\":\"BreadcrumbList\",\"@id\":\"https:\/\/fumot.uk\/product\/vozol-gear-shisha-25k-puffs-strawberry-kiwi\/#breadcrumb\",\"itemListElement\":[{\"@type\":\"ListItem\",\"position\":1,\"name\":\"Home\",\"item\":\"https:\/\/fumot.uk\/\"},{\"@type\":\"ListItem\",\"position\":2,\"name\":\"Shop\",\"item\":\"https:\/\/fumot.uk\/shop\/\"},{\"@type\":\"ListItem\",\"position\":3,\"name\":\"Vozol Gear Shisha 25K Puffs Strawberry Kiwi Disposable Vape \u2013 24ml, 5% Nicotine, Dual Mesh, Smart Display\"}]},{\"@type\":\"WebSite\",\"@id\":\"https:\/\/fumot.uk\/#website\",\"url\":\"https:\/\/fumot.uk\/\",\"name\":\"Fumot Official Direct | Straight from the Factory, 100% Genuine\",\"description\":\"Official Website\",\"publisher\":{\"@id\":\"https:\/\/fumot.uk\/#organization\"},\"potentialAction\":[{\"@type\":\"SearchAction\",\"target\":{\"@type\":\"EntryPoint\",\"urlTemplate\":\"https:\/\/fumot.uk\/?s={search_term_string}\"},\"query-input\":{\"@type\":\"PropertyValueSpecification\",\"valueRequired\":true,\"valueName\":\"search_term_string\"}}],\"inLanguage\":\"fr-FR\"},{\"@type\":\"Organization\",\"@id\":\"https:\/\/fumot.uk\/#organization\",\"name\":\"Fumot Official Direct | Straight from the Factory, 100% Genuine\",\"url\":\"https:\/\/fumot.uk\/\",\"logo\":{\"@type\":\"ImageObject\",\"inLanguage\":\"fr-FR\",\"@id\":\"https:\/\/fumot.uk\/#\/schema\/logo\/image\/\",\"url\":\"https:\/\/fumot.uk\/wp-content\/uploads\/2026\/01\/cropped-fumot-logo1.png\",\"contentUrl\":\"https:\/\/fumot.uk\/wp-content\/uploads\/2026\/01\/cropped-fumot-logo1.png\",\"width\":152,\"height\":106,\"caption\":\"Fumot Official Direct | Straight from the Factory, 100% Genuine\"},\"image\":{\"@id\":\"https:\/\/fumot.uk\/#\/schema\/logo\/image\/\"}}]}<\/script>\n<!-- \/ Yoast SEO plugin. -->","yoast_head_json":{"title":"Vozol Gear Shisha 25K Fraise Kiwi | 24ml 5%","description":"Achetez Vozol Gear Shisha 25K Puffs Fraise Kiwi : 24ml e-liquide, 5% nicotine, Double Mesh Coil, \u00e9cran intelligent 2.1\", 1000mAh Type\u2011C rechargeable.","robots":{"index":"index","follow":"follow","max-snippet":"max-snippet:-1","max-image-preview":"max-image-preview:large","max-video-preview":"max-video-preview:-1"},"canonical":"https:\/\/fumot.uk\/fr\/product\/vozol-gear-shisha-25k-puffs-strawberry-kiwi\/","og_locale":"fr_FR","og_type":"article","og_title":"Vozol Gear Shisha 25K Strawberry Kiwi \u2013 Sweet & Tangy","og_description":"A refreshing strawberry-kiwi blend with Dual Mesh performance, smart display, and 24ml capacity. Long-lasting 25K puffs, 5% nicotine, Type\u2011C rechargeable.","og_url":"https:\/\/fumot.uk\/fr\/product\/vozol-gear-shisha-25k-puffs-strawberry-kiwi\/","og_site_name":"Fumot Official Direct | Straight from the Factory, 100% Genuine","article_modified_time":"2026-01-21T02:34:49+00:00","og_image":[{"width":1080,"height":1080,"url":"https:\/\/fumot.uk\/wp-content\/uploads\/2026\/01\/Strawberry-Kiwi-Vozol-Gear-Shisha-25k-Disposable-Vape.jpg","type":"image\/jpeg"}],"twitter_card":"summary_large_image","twitter_misc":{"Dur\u00e9e de lecture estim\u00e9e":"3 minutes"},"schema":{"@context":"https:\/\/schema.org","@graph":[{"@type":"WebPage","@id":"https:\/\/fumot.uk\/product\/vozol-gear-shisha-25k-puffs-strawberry-kiwi\/","url":"https:\/\/fumot.uk\/product\/vozol-gear-shisha-25k-puffs-strawberry-kiwi\/","name":"Vozol Gear Shisha 25K Fraise Kiwi | 24ml 5%","isPartOf":{"@id":"https:\/\/fumot.uk\/#website"},"primaryImageOfPage":{"@id":"https:\/\/fumot.uk\/product\/vozol-gear-shisha-25k-puffs-strawberry-kiwi\/#primaryimage"},"image":{"@id":"https:\/\/fumot.uk\/product\/vozol-gear-shisha-25k-puffs-strawberry-kiwi\/#primaryimage"},"thumbnailUrl":"https:\/\/fumot.uk\/wp-content\/uploads\/2026\/01\/Strawberry-Kiwi-Vozol-Gear-Shisha-25k-Disposable-Vape.jpg","datePublished":"2026-01-20T10:09:37+00:00","dateModified":"2026-01-21T02:34:49+00:00","description":"Achetez Vozol Gear Shisha 25K Puffs Fraise Kiwi : 24ml e-liquide, 5% nicotine, Double Mesh Coil, \u00e9cran intelligent 2.1\", 1000mAh Type\u2011C rechargeable.","breadcrumb":{"@id":"https:\/\/fumot.uk\/product\/vozol-gear-shisha-25k-puffs-strawberry-kiwi\/#breadcrumb"},"inLanguage":"fr-FR","potentialAction":[{"@type":"ReadAction","target":["https:\/\/fumot.uk\/product\/vozol-gear-shisha-25k-puffs-strawberry-kiwi\/"]}]},{"@type":"ImageObject","inLanguage":"fr-FR","@id":"https:\/\/fumot.uk\/product\/vozol-gear-shisha-25k-puffs-strawberry-kiwi\/#primaryimage","url":"https:\/\/fumot.uk\/wp-content\/uploads\/2026\/01\/Strawberry-Kiwi-Vozol-Gear-Shisha-25k-Disposable-Vape.jpg","contentUrl":"https:\/\/fumot.uk\/wp-content\/uploads\/2026\/01\/Strawberry-Kiwi-Vozol-Gear-Shisha-25k-Disposable-Vape.jpg","width":1080,"height":1080},{"@type":"BreadcrumbList","@id":"https:\/\/fumot.uk\/product\/vozol-gear-shisha-25k-puffs-strawberry-kiwi\/#breadcrumb","itemListElement":[{"@type":"ListItem","position":1,"name":"Home","item":"https:\/\/fumot.uk\/"},{"@type":"ListItem","position":2,"name":"Shop","item":"https:\/\/fumot.uk\/shop\/"},{"@type":"ListItem","position":3,"name":"Vozol Gear Shisha 25K Puffs Strawberry Kiwi Disposable Vape \u2013 24ml, 5% Nicotine, Dual Mesh, Smart Display"}]},{"@type":"WebSite","@id":"https:\/\/fumot.uk\/#website","url":"https:\/\/fumot.uk\/","name":"Fumot Official Direct | Directement de l'usine, 100% Authentique","description":"Site officiel","publisher":{"@id":"https:\/\/fumot.uk\/#organization"},"potentialAction":[{"@type":"SearchAction","target":{"@type":"EntryPoint","urlTemplate":"https:\/\/fumot.uk\/?s={search_term_string}"},"query-input":{"@type":"PropertyValueSpecification","valueRequired":true,"valueName":"search_term_string"}}],"inLanguage":"fr-FR"},{"@type":"Organization","@id":"https:\/\/fumot.uk\/#organization","name":"Fumot Official Direct | Directement de l'usine, 100% Authentique","url":"https:\/\/fumot.uk\/","logo":{"@type":"ImageObject","inLanguage":"fr-FR","@id":"https:\/\/fumot.uk\/#\/schema\/logo\/image\/","url":"https:\/\/fumot.uk\/wp-content\/uploads\/2026\/01\/cropped-fumot-logo1.png","contentUrl":"https:\/\/fumot.uk\/wp-content\/uploads\/2026\/01\/cropped-fumot-logo1.png","width":152,"height":106,"caption":"Fumot Official Direct | Straight from the Factory, 100% Genuine"},"image":{"@id":"https:\/\/fumot.uk\/#\/schema\/logo\/image\/"}}]}},"_links":{"self":[{"href":"https:\/\/fumot.uk\/fr\/wp-json\/wp\/v2\/product\/3260","targetHints":{"allow":["GET"]}}],"collection":[{"href":"https:\/\/fumot.uk\/fr\/wp-json\/wp\/v2\/product"}],"about":[{"href":"https:\/\/fumot.uk\/fr\/wp-json\/wp\/v2\/types\/product"}],"replies":[{"embeddable":true,"href":"https:\/\/fumot.uk\/fr\/wp-json\/wp\/v2\/comments?post=3260"}],"wp:featuredmedia":[{"embeddable":true,"href":"https:\/\/fumot.uk\/fr\/wp-json\/wp\/v2\/media\/3306"}],"wp:attachment":[{"href":"https:\/\/fumot.uk\/fr\/wp-json\/wp\/v2\/media?parent=3260"}],"wp:term":[{"taxonomy":"product_brand","embeddable":true,"href":"https:\/\/fumot.uk\/fr\/wp-json\/wp\/v2\/product_brand?post=3260"},{"taxonomy":"product_cat","embeddable":true,"href":"https:\/\/fumot.uk\/fr\/wp-json\/wp\/v2\/product_cat?post=3260"},{"taxonomy":"product_tag","embeddable":true,"href":"https:\/\/fumot.uk\/fr\/wp-json\/wp\/v2\/product_tag?post=3260"}],"curies":[{"name":"wp","href":"https:\/\/api.w.org\/{rel}","templated":true}]}}