{"id":3257,"date":"2026-01-20T10:09:36","date_gmt":"2026-01-20T10:09:36","guid":{"rendered":"https:\/\/fumot.uk\/?post_type=product&#038;p=3257"},"modified":"2026-01-21T02:37:21","modified_gmt":"2026-01-21T02:37:21","slug":"vozol-gear-shisha-25k-puffs-passion-fruit-lychee-orange","status":"publish","type":"product","link":"https:\/\/fumot.uk\/fr\/product\/vozol-gear-shisha-25k-puffs-passion-fruit-lychee-orange\/","title":{"rendered":"Vozol Gear Shisha 25K Puffs Fruit de la Passion Litchi Orange Vape Jetable (24ml, 5% Nicotine, Rechargeable)"},"content":{"rendered":"<h3>Fruit de la passion Litchi Orange \u2013 Vozol Gear Shisha 25K Puffs<\/h3>\n<p>Apportez une touche tropicale \u00e9clatante \u00e0 chaque bouff\u00e9e avec <strong>Vozol Gear Shisha 25K Puffs Fruit de la passion Litchi Orange<\/strong>. Cette saveur m\u00e9lange l'\u00e9clat acidul\u00e9 du fruit de la passion, la douceur florale du litchi et une finition d'agrumes nette de l'orange\u2014stratifi\u00e9e, juteuse et rafra\u00eechissante de bout en bout.<\/p>\n<p>Con\u00e7u pour une commodit\u00e9 durable, le <strong>Vozol Gear Shisha 25K<\/strong> associe un g\u00e9n\u00e9reux <strong>capacit\u00e9 de e-liquide de 24ml<\/strong> avec <strong>Double Bobine Mesh<\/strong> chauffage pour une vapeur constante et une clart\u00e9 de saveur. Un <strong>batterie rechargeable de 1000mAh<\/strong> avec <strong>Charge rapide USB Type\u2011C<\/strong> vous aide \u00e0 continuer, tandis que le <strong>\u00e9cran couleur intelligent de 2,1\u2033<\/strong> facilite la v\u00e9rification de l'\u00e9tat cl\u00e9 d'un coup d'\u0153il.<\/p>\n<h3>Caract\u00e9ristiques cl\u00e9s<\/h3>\n<ul>\n<li><strong>Jusqu'\u00e0 25 000 bouff\u00e9es<\/strong> pour une utilisation prolong\u00e9e<\/li>\n<li><strong>Profil de saveur tropicale<\/strong>: fruit de la passion + litchi + orange<\/li>\n<li><strong>Double Bobine Mesh<\/strong> pour un chauffage uniforme et une sortie de vapeur r\u00e9guli\u00e8re<\/li>\n<li><strong>r\u00e9servoir de 24 ml de e-liquide<\/strong> con\u00e7u pour des sessions plus longues entre les changements<\/li>\n<li><strong>5% nicotine<\/strong> (comme indiqu\u00e9 dans les attributs du produit)<\/li>\n<li><strong>Batterie 1000mAh<\/strong> avec <strong>USB Type\u2011C<\/strong> chargement<\/li>\n<li><strong>\u00e9cran couleur de 2,1\u2033<\/strong> pour une exp\u00e9rience plus claire et mieux inform\u00e9e<\/li>\n<li><strong>Puissance r\u00e9glable<\/strong> pour correspondre \u00e0 votre tirage et intensit\u00e9 pr\u00e9f\u00e9r\u00e9s<\/li>\n<\/ul>\n<h3>Pourquoi vous allez adorer cette saveur<\/h3>\n<p>Si vous aimez les profils fruit\u00e9s qui sont frais plut\u00f4t que trop sucr\u00e9s, ce m\u00e9lange atteint un juste milieu : le fruit de la passion apporte une vivacit\u00e9 acidul\u00e9e, le litchi ajoute une note aromatique douce, et l'orange termine avec une touche d'agrumes \u00e9clatante et nette. C'est un excellent choix pour les amateurs de vapes tropicales rafra\u00eechissantes\u2014surtout lorsque vous voulez quelque chose de vibrant et facile \u00e0 appr\u00e9cier toute la journ\u00e9e.<\/p>\n<p>D\u00e9couvrez plus de saveurs et de dispositifs sur <a href=\"https:\/\/fumot.uk\/fr\/\">fumot.uk<\/a>.<\/p>","protected":false},"excerpt":{"rendered":"<p>Tropical, lumineux et doux : Vozol Gear Shisha 25K en Fruit de la Passion Litchi Orange avec 24ml de e-liquide, Double Bobine Mesh, recharge Type\u2011C 1000mAh, affichage couleur intelligent, et 5% nicotine.<\/p>","protected":false},"featured_media":3303,"comment_status":"open","ping_status":"closed","template":"","meta":[],"product_brand":[],"product_cat":[172,17,173],"product_tag":[174,171,21,72,73,80,46,26,62,28],"class_list":{"0":"post-3257","1":"product","2":"type-product","3":"status-publish","4":"has-post-thumbnail","6":"product_cat-25000-puff","7":"product_cat-vape","8":"product_cat-vozol-gear-shisha-25k-puffs","9":"product_tag-1000-mah","10":"product_tag-24ml","11":"product_tag-adjustable-airflow","12":"product_tag-direct-to-lung","13":"product_tag-dual-mesh","14":"product_tag-orange","15":"product_tag-passion-fruit","16":"product_tag-rechargeable","17":"product_tag-sale-vape","18":"product_tag-type-c","20":"first","21":"instock","22":"sale","23":"shipping-taxable","24":"purchasable","25":"product-type-variable","26":"has-default-attributes"},"yoast_head":"<!-- This site is optimized with the Yoast SEO plugin v26.8 - https:\/\/yoast.com\/product\/yoast-seo-wordpress\/ -->\n<title>Vozol Gear Shisha 25K Passion Fruit Lychee Orange<\/title>\n<meta name=\"description\" content=\"Vozol Gear Shisha 25K Puffs Passion Fruit Lychee Orange: 24ml, Dual Mesh Coil, 1000mAh Type\u2011C rechargeable, 2.1&quot; display, 5% nicotine. Shop fumot.uk.\" \/>\n<meta name=\"robots\" content=\"index, follow, max-snippet:-1, max-image-preview:large, max-video-preview:-1\" \/>\n<link rel=\"canonical\" href=\"https:\/\/fumot.uk\/fr\/product\/vozol-gear-shisha-25k-puffs-passion-fruit-lychee-orange\/\" \/>\n<meta property=\"og:locale\" content=\"fr_FR\" \/>\n<meta property=\"og:type\" content=\"article\" \/>\n<meta property=\"og:title\" content=\"Vozol Gear Shisha 25K \u2013 Passion Fruit Lychee Orange\" \/>\n<meta property=\"og:description\" content=\"A juicy tropical mix of passion fruit, lychee and orange. 25K puffs, 24ml e-liquid, Dual Mesh Coil, 1000mAh Type\u2011C recharge, smart display. Available on fumot.uk.\" \/>\n<meta property=\"og:url\" content=\"https:\/\/fumot.uk\/fr\/product\/vozol-gear-shisha-25k-puffs-passion-fruit-lychee-orange\/\" \/>\n<meta property=\"og:site_name\" content=\"Fumot Official Direct | Straight from the Factory, 100% Genuine\" \/>\n<meta property=\"article:modified_time\" content=\"2026-01-21T02:37:21+00:00\" \/>\n<meta property=\"og:image\" content=\"https:\/\/fumot.uk\/wp-content\/uploads\/2026\/01\/Passion-Fruit-Lychee-Orange-Vozol-Gear-Shisha-25k-Disposable-Vape.jpg\" \/>\n\t<meta property=\"og:image:width\" content=\"1080\" \/>\n\t<meta property=\"og:image:height\" content=\"1080\" \/>\n\t<meta property=\"og:image:type\" content=\"image\/jpeg\" \/>\n<meta name=\"twitter:card\" content=\"summary_large_image\" \/>\n<meta name=\"twitter:label1\" content=\"Dur\u00e9e de lecture estim\u00e9e\" \/>\n\t<meta name=\"twitter:data1\" content=\"2 minutes\" \/>\n<script type=\"application\/ld+json\" class=\"yoast-schema-graph\">{\"@context\":\"https:\/\/schema.org\",\"@graph\":[{\"@type\":\"WebPage\",\"@id\":\"https:\/\/fumot.uk\/product\/vozol-gear-shisha-25k-puffs-passion-fruit-lychee-orange\/\",\"url\":\"https:\/\/fumot.uk\/product\/vozol-gear-shisha-25k-puffs-passion-fruit-lychee-orange\/\",\"name\":\"Vozol Gear Shisha 25K Passion Fruit Lychee Orange\",\"isPartOf\":{\"@id\":\"https:\/\/fumot.uk\/#website\"},\"primaryImageOfPage\":{\"@id\":\"https:\/\/fumot.uk\/product\/vozol-gear-shisha-25k-puffs-passion-fruit-lychee-orange\/#primaryimage\"},\"image\":{\"@id\":\"https:\/\/fumot.uk\/product\/vozol-gear-shisha-25k-puffs-passion-fruit-lychee-orange\/#primaryimage\"},\"thumbnailUrl\":\"https:\/\/fumot.uk\/wp-content\/uploads\/2026\/01\/Passion-Fruit-Lychee-Orange-Vozol-Gear-Shisha-25k-Disposable-Vape.jpg\",\"datePublished\":\"2026-01-20T10:09:36+00:00\",\"dateModified\":\"2026-01-21T02:37:21+00:00\",\"description\":\"Vozol Gear Shisha 25K Puffs Passion Fruit Lychee Orange: 24ml, Dual Mesh Coil, 1000mAh Type\u2011C rechargeable, 2.1\\\" display, 5% nicotine. Shop fumot.uk.\",\"breadcrumb\":{\"@id\":\"https:\/\/fumot.uk\/product\/vozol-gear-shisha-25k-puffs-passion-fruit-lychee-orange\/#breadcrumb\"},\"inLanguage\":\"fr-FR\",\"potentialAction\":[{\"@type\":\"ReadAction\",\"target\":[\"https:\/\/fumot.uk\/product\/vozol-gear-shisha-25k-puffs-passion-fruit-lychee-orange\/\"]}]},{\"@type\":\"ImageObject\",\"inLanguage\":\"fr-FR\",\"@id\":\"https:\/\/fumot.uk\/product\/vozol-gear-shisha-25k-puffs-passion-fruit-lychee-orange\/#primaryimage\",\"url\":\"https:\/\/fumot.uk\/wp-content\/uploads\/2026\/01\/Passion-Fruit-Lychee-Orange-Vozol-Gear-Shisha-25k-Disposable-Vape.jpg\",\"contentUrl\":\"https:\/\/fumot.uk\/wp-content\/uploads\/2026\/01\/Passion-Fruit-Lychee-Orange-Vozol-Gear-Shisha-25k-Disposable-Vape.jpg\",\"width\":1080,\"height\":1080},{\"@type\":\"BreadcrumbList\",\"@id\":\"https:\/\/fumot.uk\/product\/vozol-gear-shisha-25k-puffs-passion-fruit-lychee-orange\/#breadcrumb\",\"itemListElement\":[{\"@type\":\"ListItem\",\"position\":1,\"name\":\"Home\",\"item\":\"https:\/\/fumot.uk\/\"},{\"@type\":\"ListItem\",\"position\":2,\"name\":\"Shop\",\"item\":\"https:\/\/fumot.uk\/shop\/\"},{\"@type\":\"ListItem\",\"position\":3,\"name\":\"Vozol Gear Shisha 25K Puffs Passion Fruit Lychee Orange Disposable Vape (24ml, 5% Nicotine, Rechargeable)\"}]},{\"@type\":\"WebSite\",\"@id\":\"https:\/\/fumot.uk\/#website\",\"url\":\"https:\/\/fumot.uk\/\",\"name\":\"Fumot Official Direct | Straight from the Factory, 100% Genuine\",\"description\":\"Official Website\",\"publisher\":{\"@id\":\"https:\/\/fumot.uk\/#organization\"},\"potentialAction\":[{\"@type\":\"SearchAction\",\"target\":{\"@type\":\"EntryPoint\",\"urlTemplate\":\"https:\/\/fumot.uk\/?s={search_term_string}\"},\"query-input\":{\"@type\":\"PropertyValueSpecification\",\"valueRequired\":true,\"valueName\":\"search_term_string\"}}],\"inLanguage\":\"fr-FR\"},{\"@type\":\"Organization\",\"@id\":\"https:\/\/fumot.uk\/#organization\",\"name\":\"Fumot Official Direct | Straight from the Factory, 100% Genuine\",\"url\":\"https:\/\/fumot.uk\/\",\"logo\":{\"@type\":\"ImageObject\",\"inLanguage\":\"fr-FR\",\"@id\":\"https:\/\/fumot.uk\/#\/schema\/logo\/image\/\",\"url\":\"https:\/\/fumot.uk\/wp-content\/uploads\/2026\/01\/cropped-fumot-logo1.png\",\"contentUrl\":\"https:\/\/fumot.uk\/wp-content\/uploads\/2026\/01\/cropped-fumot-logo1.png\",\"width\":152,\"height\":106,\"caption\":\"Fumot Official Direct | Straight from the Factory, 100% Genuine\"},\"image\":{\"@id\":\"https:\/\/fumot.uk\/#\/schema\/logo\/image\/\"}}]}<\/script>\n<!-- \/ Yoast SEO plugin. -->","yoast_head_json":{"title":"Vozol Gear Shisha 25K Fruit de la Passion Litchi Orange","description":"Vozol Gear Shisha 25K Puffs Fruit de la Passion Litchi Orange : 24ml, Double Bobine en Maille, Rechargeable Type\u2011C 1000mAh, \u00c9cran 2.1\", 5% nicotine.","robots":{"index":"index","follow":"follow","max-snippet":"max-snippet:-1","max-image-preview":"max-image-preview:large","max-video-preview":"max-video-preview:-1"},"canonical":"https:\/\/fumot.uk\/fr\/product\/vozol-gear-shisha-25k-puffs-passion-fruit-lychee-orange\/","og_locale":"fr_FR","og_type":"article","og_title":"Vozol Gear Shisha 25K \u2013 Passion Fruit Lychee Orange","og_description":"A juicy tropical mix of passion fruit, lychee and orange. 25K puffs, 24ml e-liquid, Dual Mesh Coil, 1000mAh Type\u2011C recharge, smart display. Available on fumot.uk.","og_url":"https:\/\/fumot.uk\/fr\/product\/vozol-gear-shisha-25k-puffs-passion-fruit-lychee-orange\/","og_site_name":"Fumot Official Direct | Straight from the Factory, 100% Genuine","article_modified_time":"2026-01-21T02:37:21+00:00","og_image":[{"width":1080,"height":1080,"url":"https:\/\/fumot.uk\/wp-content\/uploads\/2026\/01\/Passion-Fruit-Lychee-Orange-Vozol-Gear-Shisha-25k-Disposable-Vape.jpg","type":"image\/jpeg"}],"twitter_card":"summary_large_image","twitter_misc":{"Dur\u00e9e de lecture estim\u00e9e":"2 minutes"},"schema":{"@context":"https:\/\/schema.org","@graph":[{"@type":"WebPage","@id":"https:\/\/fumot.uk\/product\/vozol-gear-shisha-25k-puffs-passion-fruit-lychee-orange\/","url":"https:\/\/fumot.uk\/product\/vozol-gear-shisha-25k-puffs-passion-fruit-lychee-orange\/","name":"Vozol Gear Shisha 25K Fruit de la Passion Litchi Orange","isPartOf":{"@id":"https:\/\/fumot.uk\/#website"},"primaryImageOfPage":{"@id":"https:\/\/fumot.uk\/product\/vozol-gear-shisha-25k-puffs-passion-fruit-lychee-orange\/#primaryimage"},"image":{"@id":"https:\/\/fumot.uk\/product\/vozol-gear-shisha-25k-puffs-passion-fruit-lychee-orange\/#primaryimage"},"thumbnailUrl":"https:\/\/fumot.uk\/wp-content\/uploads\/2026\/01\/Passion-Fruit-Lychee-Orange-Vozol-Gear-Shisha-25k-Disposable-Vape.jpg","datePublished":"2026-01-20T10:09:36+00:00","dateModified":"2026-01-21T02:37:21+00:00","description":"Vozol Gear Shisha 25K Puffs Fruit de la Passion Litchi Orange : 24ml, Double Bobine en Maille, Rechargeable Type\u2011C 1000mAh, \u00c9cran 2.1\", 5% nicotine.","breadcrumb":{"@id":"https:\/\/fumot.uk\/product\/vozol-gear-shisha-25k-puffs-passion-fruit-lychee-orange\/#breadcrumb"},"inLanguage":"fr-FR","potentialAction":[{"@type":"ReadAction","target":["https:\/\/fumot.uk\/product\/vozol-gear-shisha-25k-puffs-passion-fruit-lychee-orange\/"]}]},{"@type":"ImageObject","inLanguage":"fr-FR","@id":"https:\/\/fumot.uk\/product\/vozol-gear-shisha-25k-puffs-passion-fruit-lychee-orange\/#primaryimage","url":"https:\/\/fumot.uk\/wp-content\/uploads\/2026\/01\/Passion-Fruit-Lychee-Orange-Vozol-Gear-Shisha-25k-Disposable-Vape.jpg","contentUrl":"https:\/\/fumot.uk\/wp-content\/uploads\/2026\/01\/Passion-Fruit-Lychee-Orange-Vozol-Gear-Shisha-25k-Disposable-Vape.jpg","width":1080,"height":1080},{"@type":"BreadcrumbList","@id":"https:\/\/fumot.uk\/product\/vozol-gear-shisha-25k-puffs-passion-fruit-lychee-orange\/#breadcrumb","itemListElement":[{"@type":"ListItem","position":1,"name":"Home","item":"https:\/\/fumot.uk\/"},{"@type":"ListItem","position":2,"name":"Shop","item":"https:\/\/fumot.uk\/shop\/"},{"@type":"ListItem","position":3,"name":"Vozol Gear Shisha 25K Puffs Passion Fruit Lychee Orange Disposable Vape (24ml, 5% Nicotine, Rechargeable)"}]},{"@type":"WebSite","@id":"https:\/\/fumot.uk\/#website","url":"https:\/\/fumot.uk\/","name":"Fumot Official Direct | Directement de l'usine, 100% Authentique","description":"Site officiel","publisher":{"@id":"https:\/\/fumot.uk\/#organization"},"potentialAction":[{"@type":"SearchAction","target":{"@type":"EntryPoint","urlTemplate":"https:\/\/fumot.uk\/?s={search_term_string}"},"query-input":{"@type":"PropertyValueSpecification","valueRequired":true,"valueName":"search_term_string"}}],"inLanguage":"fr-FR"},{"@type":"Organization","@id":"https:\/\/fumot.uk\/#organization","name":"Fumot Official Direct | Directement de l'usine, 100% Authentique","url":"https:\/\/fumot.uk\/","logo":{"@type":"ImageObject","inLanguage":"fr-FR","@id":"https:\/\/fumot.uk\/#\/schema\/logo\/image\/","url":"https:\/\/fumot.uk\/wp-content\/uploads\/2026\/01\/cropped-fumot-logo1.png","contentUrl":"https:\/\/fumot.uk\/wp-content\/uploads\/2026\/01\/cropped-fumot-logo1.png","width":152,"height":106,"caption":"Fumot Official Direct | Straight from the Factory, 100% Genuine"},"image":{"@id":"https:\/\/fumot.uk\/#\/schema\/logo\/image\/"}}]}},"_links":{"self":[{"href":"https:\/\/fumot.uk\/fr\/wp-json\/wp\/v2\/product\/3257","targetHints":{"allow":["GET"]}}],"collection":[{"href":"https:\/\/fumot.uk\/fr\/wp-json\/wp\/v2\/product"}],"about":[{"href":"https:\/\/fumot.uk\/fr\/wp-json\/wp\/v2\/types\/product"}],"replies":[{"embeddable":true,"href":"https:\/\/fumot.uk\/fr\/wp-json\/wp\/v2\/comments?post=3257"}],"wp:featuredmedia":[{"embeddable":true,"href":"https:\/\/fumot.uk\/fr\/wp-json\/wp\/v2\/media\/3303"}],"wp:attachment":[{"href":"https:\/\/fumot.uk\/fr\/wp-json\/wp\/v2\/media?parent=3257"}],"wp:term":[{"taxonomy":"product_brand","embeddable":true,"href":"https:\/\/fumot.uk\/fr\/wp-json\/wp\/v2\/product_brand?post=3257"},{"taxonomy":"product_cat","embeddable":true,"href":"https:\/\/fumot.uk\/fr\/wp-json\/wp\/v2\/product_cat?post=3257"},{"taxonomy":"product_tag","embeddable":true,"href":"https:\/\/fumot.uk\/fr\/wp-json\/wp\/v2\/product_tag?post=3257"}],"curies":[{"name":"wp","href":"https:\/\/api.w.org\/{rel}","templated":true}]}}