{"id":3255,"date":"2026-01-20T10:09:36","date_gmt":"2026-01-20T10:09:36","guid":{"rendered":"https:\/\/fumot.uk\/?post_type=product&#038;p=3255"},"modified":"2026-01-21T02:36:30","modified_gmt":"2026-01-21T02:36:30","slug":"vozol-gear-shisha-25k-puffs-mango-peach","status":"publish","type":"product","link":"https:\/\/fumot.uk\/fr\/product\/vozol-gear-shisha-25k-puffs-mango-peach\/","title":{"rendered":"Vozol Gear Shisha 25K Puffs Mango P\u00eache Vape Jetable (24ml, 5% Nicotine) \u2013 Affichage Intelligent, Double Mesh, Rechargeable Type\u2011C"},"content":{"rendered":"<h2>Mangue P\u00eache \u2013 Vozol Gear Shisha 25K Puffs<\/h2>\n<p><strong>Vozol Gear Shisha 25K Puffs Mangue P\u00eache<\/strong> m\u00e9lange une mangue tropicale m\u00fbre avec une finition de p\u00eache juteuse et douce pour une vape fruit\u00e9e et lumineuse qui reste \u00e9quilibr\u00e9e du premier au dernier tirage. La mangue se r\u00e9v\u00e8le audacieuse et ensoleill\u00e9e, tandis que la p\u00eache ajoute une douceur douce qui garde la saveur propre et rafra\u00eechissante\u2014parfait si vous aimez un profil de fruit de type cocktail sans \u00eatre trop lourd.<\/p>\n<p>Con\u00e7u pour la commodit\u00e9 quotidienne, le <strong>Vozol Gear Shisha 25K Puffs<\/strong> comprend un <strong>\u00c9cran couleur intelligent de 2,1 pouces<\/strong> qui affiche le niveau de la batterie, le liquide restant et le statut du mode de vape en temps r\u00e9el. Avec un <strong>batterie rechargeable de 1000mAh<\/strong> et <strong>Charge rapide Type\u2011C<\/strong>, il est con\u00e7u pour une utilisation prolong\u00e9e et des recharges rapides. Le <strong>bobine double mesh<\/strong> aide \u00e0 d\u00e9livrer une saveur constante et une vapeur dense et uniforme, tandis que <strong>puissance r\u00e9glable<\/strong> vous permet d'ajuster l'intensit\u00e9 selon votre pr\u00e9f\u00e9rence.<\/p>\n<h3>Caract\u00e9ristiques cl\u00e9s<\/h3>\n<ul>\n<li><strong>Jusqu'\u00e0 25 000 bouff\u00e9es<\/strong> pour une utilisation prolong\u00e9e<\/li>\n<li><strong>Saveur :<\/strong> Mangue P\u00eache (mangue tropicale + finition p\u00eache juteuse)<\/li>\n<li><strong>capacit\u00e9 de e-liquide de 24ml<\/strong> pour moins d'interruptions<\/li>\n<li><strong>5% nicotine<\/strong> (voir attribut du produit)<\/li>\n<li><strong>Double bobine en mesh<\/strong> pour une saveur riche et constante et une vapeur douce<\/li>\n<li><strong>\u00e9cran intelligent couleur de 2,1 pouces<\/strong> (batterie, liquide, mode)<\/li>\n<li><strong>batterie rechargeable de 1000mAh<\/strong> avec <strong>Type\u2011C<\/strong> chargement<\/li>\n<li><strong>Puissance r\u00e9glable<\/strong> pour correspondre \u00e0 votre tirage et production de vapeur pr\u00e9f\u00e9r\u00e9s<\/li>\n<\/ul>\n<h3>Pourquoi Mangue P\u00eache ?<\/h3>\n<p>Si vous aimez les saveurs fruit\u00e9es qui semblent lumineuses et \u201cfra\u00eechement coup\u00e9es\u201d, Mangue P\u00eache est un excellent choix quotidien. La mangue apporte la profondeur tropicale, tandis que la p\u00eache adoucit les bords avec une douceur douce\u2014id\u00e9al pour un moment de vape satisfaisant et d\u00e9contract\u00e9.<\/p>\n<p>D\u00e9couvrez plus de saveurs et d'appareils de <strong>fumot.uk<\/strong>: <a href=\"https:\/\/fumot.uk\/fr\/product-tag\/mango\/\">explorez les options de vape Mangue<\/a>.<\/p>\n<p><em>Remarque : Le nombre de bouff\u00e9es peut varier en fonction des habitudes d'utilisation individuelles.<\/em><\/p>","protected":false},"excerpt":{"rendered":"<p>Vozol Gear Shisha 25K Puffs Mangue P\u00eache offre un coup de mangue tropical avec une finition p\u00eache douce. 24ml, 5% nicotine, double bobine en mesh, \u00e9cran intelligent de 2,1\u2033, rechargeable Type\u2011C 1000mAh, puissance r\u00e9glable.<\/p>","protected":false},"featured_media":3301,"comment_status":"open","ping_status":"closed","template":"","meta":[],"product_brand":[],"product_cat":[172,17,173],"product_tag":[174,171,21,72,73,42,30,26,62,28],"class_list":{"0":"post-3255","1":"product","2":"type-product","3":"status-publish","4":"has-post-thumbnail","6":"product_cat-25000-puff","7":"product_cat-vape","8":"product_cat-vozol-gear-shisha-25k-puffs","9":"product_tag-1000-mah","10":"product_tag-24ml","11":"product_tag-adjustable-airflow","12":"product_tag-direct-to-lung","13":"product_tag-dual-mesh","14":"product_tag-mango","15":"product_tag-peach","16":"product_tag-rechargeable","17":"product_tag-sale-vape","18":"product_tag-type-c","20":"first","21":"instock","22":"sale","23":"shipping-taxable","24":"purchasable","25":"product-type-variable","26":"has-default-attributes"},"yoast_head":"<!-- This site is optimized with the Yoast SEO plugin v26.8 - https:\/\/yoast.com\/product\/yoast-seo-wordpress\/ -->\n<title>Vozol Gear Shisha 25K Mango Peach | 24ml, 5% Nic<\/title>\n<meta name=\"description\" content=\"Vozol Gear Shisha 25K Puffs Mango Peach: tropical mango + juicy peach. 24ml, 5% nicotine, dual mesh coil, 2.1&quot; display, 1000mAh Type\u2011C rechargeable.\" \/>\n<meta name=\"robots\" content=\"index, follow, max-snippet:-1, max-image-preview:large, max-video-preview:-1\" \/>\n<link rel=\"canonical\" href=\"https:\/\/fumot.uk\/fr\/product\/vozol-gear-shisha-25k-puffs-mango-peach\/\" \/>\n<meta property=\"og:locale\" content=\"fr_FR\" \/>\n<meta property=\"og:type\" content=\"article\" \/>\n<meta property=\"og:title\" content=\"Vozol Gear Shisha 25K Puffs \u2013 Mango Peach\" \/>\n<meta property=\"og:description\" content=\"A bright mango burst with a smooth peach finish. 24ml, 5% nicotine, dual mesh coil, smart 2.1&quot; display, 1000mAh Type\u2011C rechargeable, adjustable power.\" \/>\n<meta property=\"og:url\" content=\"https:\/\/fumot.uk\/fr\/product\/vozol-gear-shisha-25k-puffs-mango-peach\/\" \/>\n<meta property=\"og:site_name\" content=\"Fumot Official Direct | Straight from the Factory, 100% Genuine\" \/>\n<meta property=\"article:modified_time\" content=\"2026-01-21T02:36:30+00:00\" \/>\n<meta property=\"og:image\" content=\"https:\/\/fumot.uk\/wp-content\/uploads\/2026\/01\/Mango-Peach-Vozol-Gear-Shisha-25k-Disposable-Vape.jpg\" \/>\n\t<meta property=\"og:image:width\" content=\"1080\" \/>\n\t<meta property=\"og:image:height\" content=\"1080\" \/>\n\t<meta property=\"og:image:type\" content=\"image\/jpeg\" \/>\n<meta name=\"twitter:card\" content=\"summary_large_image\" \/>\n<meta name=\"twitter:label1\" content=\"Dur\u00e9e de lecture estim\u00e9e\" \/>\n\t<meta name=\"twitter:data1\" content=\"2 minutes\" \/>\n<script type=\"application\/ld+json\" class=\"yoast-schema-graph\">{\"@context\":\"https:\/\/schema.org\",\"@graph\":[{\"@type\":\"WebPage\",\"@id\":\"https:\/\/fumot.uk\/product\/vozol-gear-shisha-25k-puffs-mango-peach\/\",\"url\":\"https:\/\/fumot.uk\/product\/vozol-gear-shisha-25k-puffs-mango-peach\/\",\"name\":\"Vozol Gear Shisha 25K Mango Peach | 24ml, 5% Nic\",\"isPartOf\":{\"@id\":\"https:\/\/fumot.uk\/#website\"},\"primaryImageOfPage\":{\"@id\":\"https:\/\/fumot.uk\/product\/vozol-gear-shisha-25k-puffs-mango-peach\/#primaryimage\"},\"image\":{\"@id\":\"https:\/\/fumot.uk\/product\/vozol-gear-shisha-25k-puffs-mango-peach\/#primaryimage\"},\"thumbnailUrl\":\"https:\/\/fumot.uk\/wp-content\/uploads\/2026\/01\/Mango-Peach-Vozol-Gear-Shisha-25k-Disposable-Vape.jpg\",\"datePublished\":\"2026-01-20T10:09:36+00:00\",\"dateModified\":\"2026-01-21T02:36:30+00:00\",\"description\":\"Vozol Gear Shisha 25K Puffs Mango Peach: tropical mango + juicy peach. 24ml, 5% nicotine, dual mesh coil, 2.1\\\" display, 1000mAh Type\u2011C rechargeable.\",\"breadcrumb\":{\"@id\":\"https:\/\/fumot.uk\/product\/vozol-gear-shisha-25k-puffs-mango-peach\/#breadcrumb\"},\"inLanguage\":\"fr-FR\",\"potentialAction\":[{\"@type\":\"ReadAction\",\"target\":[\"https:\/\/fumot.uk\/product\/vozol-gear-shisha-25k-puffs-mango-peach\/\"]}]},{\"@type\":\"ImageObject\",\"inLanguage\":\"fr-FR\",\"@id\":\"https:\/\/fumot.uk\/product\/vozol-gear-shisha-25k-puffs-mango-peach\/#primaryimage\",\"url\":\"https:\/\/fumot.uk\/wp-content\/uploads\/2026\/01\/Mango-Peach-Vozol-Gear-Shisha-25k-Disposable-Vape.jpg\",\"contentUrl\":\"https:\/\/fumot.uk\/wp-content\/uploads\/2026\/01\/Mango-Peach-Vozol-Gear-Shisha-25k-Disposable-Vape.jpg\",\"width\":1080,\"height\":1080},{\"@type\":\"BreadcrumbList\",\"@id\":\"https:\/\/fumot.uk\/product\/vozol-gear-shisha-25k-puffs-mango-peach\/#breadcrumb\",\"itemListElement\":[{\"@type\":\"ListItem\",\"position\":1,\"name\":\"Home\",\"item\":\"https:\/\/fumot.uk\/\"},{\"@type\":\"ListItem\",\"position\":2,\"name\":\"Shop\",\"item\":\"https:\/\/fumot.uk\/shop\/\"},{\"@type\":\"ListItem\",\"position\":3,\"name\":\"Vozol Gear Shisha 25K Puffs Mango Peach Disposable Vape (24ml, 5% Nicotine) \u2013 Smart Display, Dual Mesh, Type\u2011C Rechargeable\"}]},{\"@type\":\"WebSite\",\"@id\":\"https:\/\/fumot.uk\/#website\",\"url\":\"https:\/\/fumot.uk\/\",\"name\":\"Fumot Official Direct | Straight from the Factory, 100% Genuine\",\"description\":\"Official Website\",\"publisher\":{\"@id\":\"https:\/\/fumot.uk\/#organization\"},\"potentialAction\":[{\"@type\":\"SearchAction\",\"target\":{\"@type\":\"EntryPoint\",\"urlTemplate\":\"https:\/\/fumot.uk\/?s={search_term_string}\"},\"query-input\":{\"@type\":\"PropertyValueSpecification\",\"valueRequired\":true,\"valueName\":\"search_term_string\"}}],\"inLanguage\":\"fr-FR\"},{\"@type\":\"Organization\",\"@id\":\"https:\/\/fumot.uk\/#organization\",\"name\":\"Fumot Official Direct | Straight from the Factory, 100% Genuine\",\"url\":\"https:\/\/fumot.uk\/\",\"logo\":{\"@type\":\"ImageObject\",\"inLanguage\":\"fr-FR\",\"@id\":\"https:\/\/fumot.uk\/#\/schema\/logo\/image\/\",\"url\":\"https:\/\/fumot.uk\/wp-content\/uploads\/2026\/01\/cropped-fumot-logo1.png\",\"contentUrl\":\"https:\/\/fumot.uk\/wp-content\/uploads\/2026\/01\/cropped-fumot-logo1.png\",\"width\":152,\"height\":106,\"caption\":\"Fumot Official Direct | Straight from the Factory, 100% Genuine\"},\"image\":{\"@id\":\"https:\/\/fumot.uk\/#\/schema\/logo\/image\/\"}}]}<\/script>\n<!-- \/ Yoast SEO plugin. -->","yoast_head_json":{"title":"Vozol Gear Shisha 25K Mangue P\u00eache | 24ml, 5% Nic","description":"Vozol Gear Shisha 25K Puffs Mangue P\u00eache : mangue tropicale + p\u00eache juteuse. 24ml, 5% nicotine, double bobine en maille, \u00e9cran 2.1\", rechargeable Type\u2011C 1000mAh.","robots":{"index":"index","follow":"follow","max-snippet":"max-snippet:-1","max-image-preview":"max-image-preview:large","max-video-preview":"max-video-preview:-1"},"canonical":"https:\/\/fumot.uk\/fr\/product\/vozol-gear-shisha-25k-puffs-mango-peach\/","og_locale":"fr_FR","og_type":"article","og_title":"Vozol Gear Shisha 25K Puffs \u2013 Mango Peach","og_description":"A bright mango burst with a smooth peach finish. 24ml, 5% nicotine, dual mesh coil, smart 2.1\" display, 1000mAh Type\u2011C rechargeable, adjustable power.","og_url":"https:\/\/fumot.uk\/fr\/product\/vozol-gear-shisha-25k-puffs-mango-peach\/","og_site_name":"Fumot Official Direct | Straight from the Factory, 100% Genuine","article_modified_time":"2026-01-21T02:36:30+00:00","og_image":[{"width":1080,"height":1080,"url":"https:\/\/fumot.uk\/wp-content\/uploads\/2026\/01\/Mango-Peach-Vozol-Gear-Shisha-25k-Disposable-Vape.jpg","type":"image\/jpeg"}],"twitter_card":"summary_large_image","twitter_misc":{"Dur\u00e9e de lecture estim\u00e9e":"2 minutes"},"schema":{"@context":"https:\/\/schema.org","@graph":[{"@type":"WebPage","@id":"https:\/\/fumot.uk\/product\/vozol-gear-shisha-25k-puffs-mango-peach\/","url":"https:\/\/fumot.uk\/product\/vozol-gear-shisha-25k-puffs-mango-peach\/","name":"Vozol Gear Shisha 25K Mangue P\u00eache | 24ml, 5% Nic","isPartOf":{"@id":"https:\/\/fumot.uk\/#website"},"primaryImageOfPage":{"@id":"https:\/\/fumot.uk\/product\/vozol-gear-shisha-25k-puffs-mango-peach\/#primaryimage"},"image":{"@id":"https:\/\/fumot.uk\/product\/vozol-gear-shisha-25k-puffs-mango-peach\/#primaryimage"},"thumbnailUrl":"https:\/\/fumot.uk\/wp-content\/uploads\/2026\/01\/Mango-Peach-Vozol-Gear-Shisha-25k-Disposable-Vape.jpg","datePublished":"2026-01-20T10:09:36+00:00","dateModified":"2026-01-21T02:36:30+00:00","description":"Vozol Gear Shisha 25K Puffs Mangue P\u00eache : mangue tropicale + p\u00eache juteuse. 24ml, 5% nicotine, double bobine en maille, \u00e9cran 2.1\", rechargeable Type\u2011C 1000mAh.","breadcrumb":{"@id":"https:\/\/fumot.uk\/product\/vozol-gear-shisha-25k-puffs-mango-peach\/#breadcrumb"},"inLanguage":"fr-FR","potentialAction":[{"@type":"ReadAction","target":["https:\/\/fumot.uk\/product\/vozol-gear-shisha-25k-puffs-mango-peach\/"]}]},{"@type":"ImageObject","inLanguage":"fr-FR","@id":"https:\/\/fumot.uk\/product\/vozol-gear-shisha-25k-puffs-mango-peach\/#primaryimage","url":"https:\/\/fumot.uk\/wp-content\/uploads\/2026\/01\/Mango-Peach-Vozol-Gear-Shisha-25k-Disposable-Vape.jpg","contentUrl":"https:\/\/fumot.uk\/wp-content\/uploads\/2026\/01\/Mango-Peach-Vozol-Gear-Shisha-25k-Disposable-Vape.jpg","width":1080,"height":1080},{"@type":"BreadcrumbList","@id":"https:\/\/fumot.uk\/product\/vozol-gear-shisha-25k-puffs-mango-peach\/#breadcrumb","itemListElement":[{"@type":"ListItem","position":1,"name":"Home","item":"https:\/\/fumot.uk\/"},{"@type":"ListItem","position":2,"name":"Shop","item":"https:\/\/fumot.uk\/shop\/"},{"@type":"ListItem","position":3,"name":"Vozol Gear Shisha 25K Puffs Mango Peach Disposable Vape (24ml, 5% Nicotine) \u2013 Smart Display, Dual Mesh, Type\u2011C Rechargeable"}]},{"@type":"WebSite","@id":"https:\/\/fumot.uk\/#website","url":"https:\/\/fumot.uk\/","name":"Fumot Official Direct | Directement de l'usine, 100% Authentique","description":"Site officiel","publisher":{"@id":"https:\/\/fumot.uk\/#organization"},"potentialAction":[{"@type":"SearchAction","target":{"@type":"EntryPoint","urlTemplate":"https:\/\/fumot.uk\/?s={search_term_string}"},"query-input":{"@type":"PropertyValueSpecification","valueRequired":true,"valueName":"search_term_string"}}],"inLanguage":"fr-FR"},{"@type":"Organization","@id":"https:\/\/fumot.uk\/#organization","name":"Fumot Official Direct | Directement de l'usine, 100% Authentique","url":"https:\/\/fumot.uk\/","logo":{"@type":"ImageObject","inLanguage":"fr-FR","@id":"https:\/\/fumot.uk\/#\/schema\/logo\/image\/","url":"https:\/\/fumot.uk\/wp-content\/uploads\/2026\/01\/cropped-fumot-logo1.png","contentUrl":"https:\/\/fumot.uk\/wp-content\/uploads\/2026\/01\/cropped-fumot-logo1.png","width":152,"height":106,"caption":"Fumot Official Direct | Straight from the Factory, 100% Genuine"},"image":{"@id":"https:\/\/fumot.uk\/#\/schema\/logo\/image\/"}}]}},"_links":{"self":[{"href":"https:\/\/fumot.uk\/fr\/wp-json\/wp\/v2\/product\/3255","targetHints":{"allow":["GET"]}}],"collection":[{"href":"https:\/\/fumot.uk\/fr\/wp-json\/wp\/v2\/product"}],"about":[{"href":"https:\/\/fumot.uk\/fr\/wp-json\/wp\/v2\/types\/product"}],"replies":[{"embeddable":true,"href":"https:\/\/fumot.uk\/fr\/wp-json\/wp\/v2\/comments?post=3255"}],"wp:featuredmedia":[{"embeddable":true,"href":"https:\/\/fumot.uk\/fr\/wp-json\/wp\/v2\/media\/3301"}],"wp:attachment":[{"href":"https:\/\/fumot.uk\/fr\/wp-json\/wp\/v2\/media?parent=3255"}],"wp:term":[{"taxonomy":"product_brand","embeddable":true,"href":"https:\/\/fumot.uk\/fr\/wp-json\/wp\/v2\/product_brand?post=3255"},{"taxonomy":"product_cat","embeddable":true,"href":"https:\/\/fumot.uk\/fr\/wp-json\/wp\/v2\/product_cat?post=3255"},{"taxonomy":"product_tag","embeddable":true,"href":"https:\/\/fumot.uk\/fr\/wp-json\/wp\/v2\/product_tag?post=3255"}],"curies":[{"name":"wp","href":"https:\/\/api.w.org\/{rel}","templated":true}]}}