{"id":3246,"date":"2026-01-20T10:09:34","date_gmt":"2026-01-20T10:09:34","guid":{"rendered":"https:\/\/fumot.uk\/?post_type=product&#038;p=3246"},"modified":"2026-01-21T02:40:15","modified_gmt":"2026-01-21T02:40:15","slug":"vozol-gear-shisha-25k-puffs-cherry-cola","status":"publish","type":"product","link":"https:\/\/fumot.uk\/fr\/product\/vozol-gear-shisha-25k-puffs-cherry-cola\/","title":{"rendered":"Vozol Gear Shisha 25K Puffs Cherry Cola Vape Jetable (24ml, 5% Nicotine, Double Mesh, Rechargeable)"},"content":{"rendered":"<h3>Vozol Gear Shisha 25K Puffs \u2013 Cherry Cola<\/h3>\n<p><strong>Vozol Gear Shisha 25K Puffs Cherry Cola<\/strong> m\u00e9lange la douceur juteuse de la cerise avec l'effervescence famili\u00e8re du cola pour une inhalation fra\u00eeche et vive, et une finition douce et sucr\u00e9e. C\u2019est le genre de saveur qui se sent rafra\u00eechissante en \u00e9t\u00e9 et agr\u00e9ablement sucr\u00e9e en hiver\u2014parfait quand vous voulez une touche de soda classique sans \u00eatre trop puissant.<\/p>\n<p>Con\u00e7u pour de longues sessions, le <strong>Vozol Gear Shisha 25k Puffs<\/strong> est livr\u00e9 avec un <strong>24ml d'e-liquide<\/strong> r\u00e9servoir et un <strong>Double Bobine Mesh<\/strong> con\u00e7u pour chauffer uniform\u00e9ment pour une vapeur et une saveur constantes. L'appareil dispose d'un <strong>r\u00e9glage de puissance ajustable<\/strong> afin que vous puissiez affiner l'intensit\u00e9 selon votre pr\u00e9f\u00e9rence, tandis que le <strong>\u00c9cran couleur de 2,1 pouces<\/strong> vous tient inform\u00e9 avec des indicateurs de batterie et de e-liquide en temps r\u00e9el.<\/p>\n<p>Vous cherchez plus d'options inspir\u00e9es du cola ? Explorez notre collection ici : <a href=\"https:\/\/fumot.uk\/fr\/product-tag\/cola\/\">Saveurs de vape au cola<\/a>.<\/p>\n<h3>Caract\u00e9ristiques cl\u00e9s<\/h3>\n<ul>\n<li><strong>Jusqu'\u00e0 25 000 bouff\u00e9es<\/strong> pour un plaisir prolong\u00e9<\/li>\n<li><strong>Saveur Cherry Cola<\/strong>: go\u00fbt de cerise sucr\u00e9e + style cola p\u00e9tillant<\/li>\n<li><strong>Double Bobine Mesh<\/strong> pour une vapeur dense, douce et constante<\/li>\n<li><strong>capacit\u00e9 de e-liquide de 24ml<\/strong> pour une utilisation longue dur\u00e9e<\/li>\n<li><strong>5% nicotine<\/strong> (voir attribut du produit)<\/li>\n<li><strong>batterie rechargeable de 1000mAh<\/strong> avec <strong>Recharge USB Type\u2011C<\/strong><\/li>\n<li><strong>\u00c9cran couleur intelligent de 2,1\"<\/strong> pour le niveau de batterie et de e-liquide<\/li>\n<li><strong>Puissance r\u00e9glable<\/strong> pour correspondre \u00e0 votre intensit\u00e9 de tirage pr\u00e9f\u00e9r\u00e9e<\/li>\n<\/ul>\n<h3>Pourquoi vous aimerez Cherry Cola<\/h3>\n<ul>\n<li><strong>Rafra\u00eechissement style soda<\/strong> avec une touche fruit\u00e9e de cerise<\/li>\n<li><strong>Douceur \u00e9quilibr\u00e9e<\/strong> qui reste douce lors de sessions plus longues<\/li>\n<li><strong>Id\u00e9al pour les fans de DTL<\/strong> qui appr\u00e9cient les saveurs audacieuses et la vapeur dense<\/li>\n<\/ul>\n<p><strong>Site :<\/strong> fumot.uk<\/p>","protected":false},"excerpt":{"rendered":"<p>Vozol Gear Shisha 25K Puffs en Cherry Cola : une vape au style cola p\u00e9tillant avec des notes de cerise sucr\u00e9e. 24ml, double r\u00e9sistance en mesh, 5% nicotine, 1000mAh Type\u2011C rechargeable, avec un \u00e9cran couleur de 2,1\u2033 et puissance r\u00e9glable.<\/p>","protected":false},"featured_media":3276,"comment_status":"open","ping_status":"closed","template":"","meta":[],"product_brand":[],"product_cat":[172,17,173],"product_tag":[174,171,21,36,40,72,73,26,62,28],"class_list":{"0":"post-3246","1":"product","2":"type-product","3":"status-publish","4":"has-post-thumbnail","6":"product_cat-25000-puff","7":"product_cat-vape","8":"product_cat-vozol-gear-shisha-25k-puffs","9":"product_tag-1000-mah","10":"product_tag-24ml","11":"product_tag-adjustable-airflow","12":"product_tag-cherry","13":"product_tag-cola","14":"product_tag-direct-to-lung","15":"product_tag-dual-mesh","16":"product_tag-rechargeable","17":"product_tag-sale-vape","18":"product_tag-type-c","20":"first","21":"instock","22":"sale","23":"shipping-taxable","24":"purchasable","25":"product-type-variable","26":"has-default-attributes"},"yoast_head":"<!-- This site is optimized with the Yoast SEO plugin v26.8 - https:\/\/yoast.com\/product\/yoast-seo-wordpress\/ -->\n<title>Vozol Gear Shisha 25K Cherry Cola | 24ml 5% Nic<\/title>\n<meta name=\"description\" content=\"Vozol Gear Shisha 25K Puffs Cherry Cola: 24ml e-liquid, dual mesh coil, 5% nicotine, 1000mAh Type\u2011C rechargeable, 2.1&quot; display, adjustable power.\" \/>\n<meta name=\"robots\" content=\"index, follow, max-snippet:-1, max-image-preview:large, max-video-preview:-1\" \/>\n<link rel=\"canonical\" href=\"https:\/\/fumot.uk\/fr\/product\/vozol-gear-shisha-25k-puffs-cherry-cola\/\" \/>\n<meta property=\"og:locale\" content=\"fr_FR\" \/>\n<meta property=\"og:type\" content=\"article\" \/>\n<meta property=\"og:title\" content=\"Vozol Gear Shisha 25K Puffs \u2013 Cherry Cola\" \/>\n<meta property=\"og:description\" content=\"Sweet cherry meets fizzy cola-style flavour. 24ml capacity, dual mesh coil, 5% nicotine, Type\u2011C rechargeable 1000mAh, 2.1&quot; colour display &amp; adjustable power.\" \/>\n<meta property=\"og:url\" content=\"https:\/\/fumot.uk\/fr\/product\/vozol-gear-shisha-25k-puffs-cherry-cola\/\" \/>\n<meta property=\"og:site_name\" content=\"Fumot Official Direct | Straight from the Factory, 100% Genuine\" \/>\n<meta property=\"article:modified_time\" content=\"2026-01-21T02:40:15+00:00\" \/>\n<meta property=\"og:image\" content=\"https:\/\/fumot.uk\/wp-content\/uploads\/2026\/01\/Cherry-Cola-Vozol-Gear-Shisha-25k-Disposable-Vape.jpg\" \/>\n\t<meta property=\"og:image:width\" content=\"1080\" \/>\n\t<meta property=\"og:image:height\" content=\"1080\" \/>\n\t<meta property=\"og:image:type\" content=\"image\/jpeg\" \/>\n<meta name=\"twitter:card\" content=\"summary_large_image\" \/>\n<meta name=\"twitter:label1\" content=\"Dur\u00e9e de lecture estim\u00e9e\" \/>\n\t<meta name=\"twitter:data1\" content=\"2 minutes\" \/>\n<script type=\"application\/ld+json\" class=\"yoast-schema-graph\">{\"@context\":\"https:\/\/schema.org\",\"@graph\":[{\"@type\":\"WebPage\",\"@id\":\"https:\/\/fumot.uk\/product\/vozol-gear-shisha-25k-puffs-cherry-cola\/\",\"url\":\"https:\/\/fumot.uk\/product\/vozol-gear-shisha-25k-puffs-cherry-cola\/\",\"name\":\"Vozol Gear Shisha 25K Cherry Cola | 24ml 5% Nic\",\"isPartOf\":{\"@id\":\"https:\/\/fumot.uk\/#website\"},\"primaryImageOfPage\":{\"@id\":\"https:\/\/fumot.uk\/product\/vozol-gear-shisha-25k-puffs-cherry-cola\/#primaryimage\"},\"image\":{\"@id\":\"https:\/\/fumot.uk\/product\/vozol-gear-shisha-25k-puffs-cherry-cola\/#primaryimage\"},\"thumbnailUrl\":\"https:\/\/fumot.uk\/wp-content\/uploads\/2026\/01\/Cherry-Cola-Vozol-Gear-Shisha-25k-Disposable-Vape.jpg\",\"datePublished\":\"2026-01-20T10:09:34+00:00\",\"dateModified\":\"2026-01-21T02:40:15+00:00\",\"description\":\"Vozol Gear Shisha 25K Puffs Cherry Cola: 24ml e-liquid, dual mesh coil, 5% nicotine, 1000mAh Type\u2011C rechargeable, 2.1\\\" display, adjustable power.\",\"breadcrumb\":{\"@id\":\"https:\/\/fumot.uk\/product\/vozol-gear-shisha-25k-puffs-cherry-cola\/#breadcrumb\"},\"inLanguage\":\"fr-FR\",\"potentialAction\":[{\"@type\":\"ReadAction\",\"target\":[\"https:\/\/fumot.uk\/product\/vozol-gear-shisha-25k-puffs-cherry-cola\/\"]}]},{\"@type\":\"ImageObject\",\"inLanguage\":\"fr-FR\",\"@id\":\"https:\/\/fumot.uk\/product\/vozol-gear-shisha-25k-puffs-cherry-cola\/#primaryimage\",\"url\":\"https:\/\/fumot.uk\/wp-content\/uploads\/2026\/01\/Cherry-Cola-Vozol-Gear-Shisha-25k-Disposable-Vape.jpg\",\"contentUrl\":\"https:\/\/fumot.uk\/wp-content\/uploads\/2026\/01\/Cherry-Cola-Vozol-Gear-Shisha-25k-Disposable-Vape.jpg\",\"width\":1080,\"height\":1080},{\"@type\":\"BreadcrumbList\",\"@id\":\"https:\/\/fumot.uk\/product\/vozol-gear-shisha-25k-puffs-cherry-cola\/#breadcrumb\",\"itemListElement\":[{\"@type\":\"ListItem\",\"position\":1,\"name\":\"Home\",\"item\":\"https:\/\/fumot.uk\/\"},{\"@type\":\"ListItem\",\"position\":2,\"name\":\"Shop\",\"item\":\"https:\/\/fumot.uk\/shop\/\"},{\"@type\":\"ListItem\",\"position\":3,\"name\":\"Vozol Gear Shisha 25K Puffs Cherry Cola Disposable Vape (24ml, 5% Nicotine, Dual Mesh, Rechargeable)\"}]},{\"@type\":\"WebSite\",\"@id\":\"https:\/\/fumot.uk\/#website\",\"url\":\"https:\/\/fumot.uk\/\",\"name\":\"Fumot Official Direct | Straight from the Factory, 100% Genuine\",\"description\":\"Official Website\",\"publisher\":{\"@id\":\"https:\/\/fumot.uk\/#organization\"},\"potentialAction\":[{\"@type\":\"SearchAction\",\"target\":{\"@type\":\"EntryPoint\",\"urlTemplate\":\"https:\/\/fumot.uk\/?s={search_term_string}\"},\"query-input\":{\"@type\":\"PropertyValueSpecification\",\"valueRequired\":true,\"valueName\":\"search_term_string\"}}],\"inLanguage\":\"fr-FR\"},{\"@type\":\"Organization\",\"@id\":\"https:\/\/fumot.uk\/#organization\",\"name\":\"Fumot Official Direct | Straight from the Factory, 100% Genuine\",\"url\":\"https:\/\/fumot.uk\/\",\"logo\":{\"@type\":\"ImageObject\",\"inLanguage\":\"fr-FR\",\"@id\":\"https:\/\/fumot.uk\/#\/schema\/logo\/image\/\",\"url\":\"https:\/\/fumot.uk\/wp-content\/uploads\/2026\/01\/cropped-fumot-logo1.png\",\"contentUrl\":\"https:\/\/fumot.uk\/wp-content\/uploads\/2026\/01\/cropped-fumot-logo1.png\",\"width\":152,\"height\":106,\"caption\":\"Fumot Official Direct | Straight from the Factory, 100% Genuine\"},\"image\":{\"@id\":\"https:\/\/fumot.uk\/#\/schema\/logo\/image\/\"}}]}<\/script>\n<!-- \/ Yoast SEO plugin. -->","yoast_head_json":{"title":"Vozol Gear Shisha 25K Cherry Cola | 24ml 5% Nic","description":"Vozol Gear Shisha 25K Puffs Cherry Cola : 24ml e-liquide, double bobine en mesh, 5% nicotine, rechargeable Type-C 1000mAh, \u00e9cran 2,1\", puissance r\u00e9glable.","robots":{"index":"index","follow":"follow","max-snippet":"max-snippet:-1","max-image-preview":"max-image-preview:large","max-video-preview":"max-video-preview:-1"},"canonical":"https:\/\/fumot.uk\/fr\/product\/vozol-gear-shisha-25k-puffs-cherry-cola\/","og_locale":"fr_FR","og_type":"article","og_title":"Vozol Gear Shisha 25K Puffs \u2013 Cherry Cola","og_description":"Sweet cherry meets fizzy cola-style flavour. 24ml capacity, dual mesh coil, 5% nicotine, Type\u2011C rechargeable 1000mAh, 2.1\" colour display & adjustable power.","og_url":"https:\/\/fumot.uk\/fr\/product\/vozol-gear-shisha-25k-puffs-cherry-cola\/","og_site_name":"Fumot Official Direct | Straight from the Factory, 100% Genuine","article_modified_time":"2026-01-21T02:40:15+00:00","og_image":[{"width":1080,"height":1080,"url":"https:\/\/fumot.uk\/wp-content\/uploads\/2026\/01\/Cherry-Cola-Vozol-Gear-Shisha-25k-Disposable-Vape.jpg","type":"image\/jpeg"}],"twitter_card":"summary_large_image","twitter_misc":{"Dur\u00e9e de lecture estim\u00e9e":"2 minutes"},"schema":{"@context":"https:\/\/schema.org","@graph":[{"@type":"WebPage","@id":"https:\/\/fumot.uk\/product\/vozol-gear-shisha-25k-puffs-cherry-cola\/","url":"https:\/\/fumot.uk\/product\/vozol-gear-shisha-25k-puffs-cherry-cola\/","name":"Vozol Gear Shisha 25K Cherry Cola | 24ml 5% Nic","isPartOf":{"@id":"https:\/\/fumot.uk\/#website"},"primaryImageOfPage":{"@id":"https:\/\/fumot.uk\/product\/vozol-gear-shisha-25k-puffs-cherry-cola\/#primaryimage"},"image":{"@id":"https:\/\/fumot.uk\/product\/vozol-gear-shisha-25k-puffs-cherry-cola\/#primaryimage"},"thumbnailUrl":"https:\/\/fumot.uk\/wp-content\/uploads\/2026\/01\/Cherry-Cola-Vozol-Gear-Shisha-25k-Disposable-Vape.jpg","datePublished":"2026-01-20T10:09:34+00:00","dateModified":"2026-01-21T02:40:15+00:00","description":"Vozol Gear Shisha 25K Puffs Cherry Cola : 24ml e-liquide, double bobine en mesh, 5% nicotine, rechargeable Type-C 1000mAh, \u00e9cran 2,1\", puissance r\u00e9glable.","breadcrumb":{"@id":"https:\/\/fumot.uk\/product\/vozol-gear-shisha-25k-puffs-cherry-cola\/#breadcrumb"},"inLanguage":"fr-FR","potentialAction":[{"@type":"ReadAction","target":["https:\/\/fumot.uk\/product\/vozol-gear-shisha-25k-puffs-cherry-cola\/"]}]},{"@type":"ImageObject","inLanguage":"fr-FR","@id":"https:\/\/fumot.uk\/product\/vozol-gear-shisha-25k-puffs-cherry-cola\/#primaryimage","url":"https:\/\/fumot.uk\/wp-content\/uploads\/2026\/01\/Cherry-Cola-Vozol-Gear-Shisha-25k-Disposable-Vape.jpg","contentUrl":"https:\/\/fumot.uk\/wp-content\/uploads\/2026\/01\/Cherry-Cola-Vozol-Gear-Shisha-25k-Disposable-Vape.jpg","width":1080,"height":1080},{"@type":"BreadcrumbList","@id":"https:\/\/fumot.uk\/product\/vozol-gear-shisha-25k-puffs-cherry-cola\/#breadcrumb","itemListElement":[{"@type":"ListItem","position":1,"name":"Home","item":"https:\/\/fumot.uk\/"},{"@type":"ListItem","position":2,"name":"Shop","item":"https:\/\/fumot.uk\/shop\/"},{"@type":"ListItem","position":3,"name":"Vozol Gear Shisha 25K Puffs Cherry Cola Disposable Vape (24ml, 5% Nicotine, Dual Mesh, Rechargeable)"}]},{"@type":"WebSite","@id":"https:\/\/fumot.uk\/#website","url":"https:\/\/fumot.uk\/","name":"Fumot Official Direct | Directement de l'usine, 100% Authentique","description":"Site officiel","publisher":{"@id":"https:\/\/fumot.uk\/#organization"},"potentialAction":[{"@type":"SearchAction","target":{"@type":"EntryPoint","urlTemplate":"https:\/\/fumot.uk\/?s={search_term_string}"},"query-input":{"@type":"PropertyValueSpecification","valueRequired":true,"valueName":"search_term_string"}}],"inLanguage":"fr-FR"},{"@type":"Organization","@id":"https:\/\/fumot.uk\/#organization","name":"Fumot Official Direct | Directement de l'usine, 100% Authentique","url":"https:\/\/fumot.uk\/","logo":{"@type":"ImageObject","inLanguage":"fr-FR","@id":"https:\/\/fumot.uk\/#\/schema\/logo\/image\/","url":"https:\/\/fumot.uk\/wp-content\/uploads\/2026\/01\/cropped-fumot-logo1.png","contentUrl":"https:\/\/fumot.uk\/wp-content\/uploads\/2026\/01\/cropped-fumot-logo1.png","width":152,"height":106,"caption":"Fumot Official Direct | Straight from the Factory, 100% Genuine"},"image":{"@id":"https:\/\/fumot.uk\/#\/schema\/logo\/image\/"}}]}},"_links":{"self":[{"href":"https:\/\/fumot.uk\/fr\/wp-json\/wp\/v2\/product\/3246","targetHints":{"allow":["GET"]}}],"collection":[{"href":"https:\/\/fumot.uk\/fr\/wp-json\/wp\/v2\/product"}],"about":[{"href":"https:\/\/fumot.uk\/fr\/wp-json\/wp\/v2\/types\/product"}],"replies":[{"embeddable":true,"href":"https:\/\/fumot.uk\/fr\/wp-json\/wp\/v2\/comments?post=3246"}],"wp:featuredmedia":[{"embeddable":true,"href":"https:\/\/fumot.uk\/fr\/wp-json\/wp\/v2\/media\/3276"}],"wp:attachment":[{"href":"https:\/\/fumot.uk\/fr\/wp-json\/wp\/v2\/media?parent=3246"}],"wp:term":[{"taxonomy":"product_brand","embeddable":true,"href":"https:\/\/fumot.uk\/fr\/wp-json\/wp\/v2\/product_brand?post=3246"},{"taxonomy":"product_cat","embeddable":true,"href":"https:\/\/fumot.uk\/fr\/wp-json\/wp\/v2\/product_cat?post=3246"},{"taxonomy":"product_tag","embeddable":true,"href":"https:\/\/fumot.uk\/fr\/wp-json\/wp\/v2\/product_tag?post=3246"}],"curies":[{"name":"wp","href":"https:\/\/api.w.org\/{rel}","templated":true}]}}