{"id":3245,"date":"2026-01-20T10:09:34","date_gmt":"2026-01-20T10:09:34","guid":{"rendered":"https:\/\/fumot.uk\/?post_type=product&#038;p=3245"},"modified":"2026-01-21T02:39:49","modified_gmt":"2026-01-21T02:39:49","slug":"vozol-gear-shisha-25k-puffs-blueberry-watermelon","status":"publish","type":"product","link":"https:\/\/fumot.uk\/fr\/product\/vozol-gear-shisha-25k-puffs-blueberry-watermelon\/","title":{"rendered":"Vozol Gear Shisha 25K Puffs Myrtille Past\u00e8que \u2013 24ml Double Mesh, 5% Nicotine"},"content":{"rendered":"<h2>Vozol Gear Shisha 25k Puffs \u2013 Myrtille Past\u00e8que<\/h2>\n<p><strong>Vozol Gear Shisha 25k Puffs Myrtille Past\u00e8que<\/strong> m\u00e9lange la saveur juteuse de la myrtille avec la douceur croquante de la past\u00e8que pour un profil de vape propre et estival. Chaque bouff\u00e9e est lumineuse et fruit\u00e9e\u2014sucr\u00e9e \u00e0 l'inhalation, agr\u00e9ablement douce \u00e0 l'expiration\u2014id\u00e9al si vous aimez <em>baie + melon<\/em> des saveurs qui restent \u00e9quilibr\u00e9es plut\u00f4t que trop sucr\u00e9es.<\/p>\n<h3>Pourquoi vous allez adorer cette saveur<\/h3>\n<ul>\n<li><strong>Note de myrtille :<\/strong> riche, l\u00e9g\u00e8rement acidul\u00e9e et vibrante<\/li>\n<li><strong>Finition past\u00e8que :<\/strong> l\u00e9g\u00e8re, sucr\u00e9e et rafra\u00eechissante<\/li>\n<li><strong>Profil global :<\/strong> doux, fruit\u00e9 et facile \u00e0 vapoter toute la journ\u00e9e<\/li>\n<\/ul>\n<h3>Caract\u00e9ristiques cl\u00e9s du Vozol Gear Shisha 25K<\/h3>\n<ul>\n<li><strong>Jusqu'\u00e0 25 000 bouff\u00e9es<\/strong> pour une utilisation longue dur\u00e9e<\/li>\n<li><strong>capacit\u00e9 de e-liquide de 24ml<\/strong> pour un temps de vapotage prolong\u00e9<\/li>\n<li><strong>Technologie Dual Mesh Coil<\/strong> pour un chauffage constant et une saveur plus riche<\/li>\n<li><strong>Puissance r\u00e9glable<\/strong> pour ajuster l'intensit\u00e9 de la vapeur \u00e0 votre pr\u00e9f\u00e9rence<\/li>\n<li><strong>\u00e9cran intelligent couleur de 2,1 pouces<\/strong> affichant le niveau de batterie et de e-liquide d'un coup d'\u0153il<\/li>\n<li><strong>batterie rechargeable de 1000mAh<\/strong> avec <strong>USB Type-C<\/strong> recharge rapide<\/li>\n<li><strong>5% nicotine<\/strong> pour un coup fort et satisfaisant<\/li>\n<\/ul>\n<h3>Explorez plus sur fumot.uk<\/h3>\n<p>Vous cherchez des options similaires \u00e0 haute bouff\u00e9e ou plus de saveurs de fruits ? Parcourez notre collection de <a href=\"https:\/\/fumot.uk\/fr\/\" target=\"_self\">vapes jetables sur fumot.uk<\/a> et d\u00e9couvrez votre prochaine saveur pour toute la journ\u00e9e.<\/p>\n<p><small>Remarque : Le nombre de bouff\u00e9es est une estimation et peut varier en fonction des habitudes d'utilisation (dur\u00e9e des bouff\u00e9es, r\u00e9glage de la puissance et fr\u00e9quence de vapotage).<\/small><\/p>","protected":false},"excerpt":{"rendered":"<p>Vozol Gear Shisha 25K Puffs Myrtille Past\u00e8que avec 24ml d'e-liquide, Double Mesh Coil, puissance r\u00e9glable, \u00e9cran intelligent 2.1\u2033, recharge Type\u2011C 1000mAh, et 5% nicotine.<\/p>","protected":false},"featured_media":3275,"comment_status":"open","ping_status":"closed","template":"","meta":[],"product_brand":[],"product_cat":[172,17,173],"product_tag":[174,171,21,33,72,73,26,62,28,32],"class_list":{"0":"post-3245","1":"product","2":"type-product","3":"status-publish","4":"has-post-thumbnail","6":"product_cat-25000-puff","7":"product_cat-vape","8":"product_cat-vozol-gear-shisha-25k-puffs","9":"product_tag-1000-mah","10":"product_tag-24ml","11":"product_tag-adjustable-airflow","12":"product_tag-blueberry","13":"product_tag-direct-to-lung","14":"product_tag-dual-mesh","15":"product_tag-rechargeable","16":"product_tag-sale-vape","17":"product_tag-type-c","18":"product_tag-watermelon","20":"first","21":"instock","22":"sale","23":"shipping-taxable","24":"purchasable","25":"product-type-variable","26":"has-default-attributes"},"yoast_head":"<!-- This site is optimized with the Yoast SEO plugin v26.8 - https:\/\/yoast.com\/product\/yoast-seo-wordpress\/ -->\n<title>Vozol Gear Shisha 25K Blueberry Watermelon | 24ml<\/title>\n<meta name=\"description\" content=\"Vozol Gear Shisha 25K Blueberry Watermelon: 24ml, Dual Mesh Coil, adjustable power, 2.1&quot; display, 1000mAh Type\u2011C rechargeable, 5% nicotine.\" \/>\n<meta name=\"robots\" content=\"index, follow, max-snippet:-1, max-image-preview:large, max-video-preview:-1\" \/>\n<link rel=\"canonical\" href=\"https:\/\/fumot.uk\/fr\/product\/vozol-gear-shisha-25k-puffs-blueberry-watermelon\/\" \/>\n<meta property=\"og:locale\" content=\"fr_FR\" \/>\n<meta property=\"og:type\" content=\"article\" \/>\n<meta property=\"og:title\" content=\"Vozol Gear Shisha 25K \u2013 Blueberry Watermelon\" \/>\n<meta property=\"og:description\" content=\"Juicy blueberry meets refreshing watermelon. 24ml, Dual Mesh Coil, adjustable power, 2.1&quot; smart display, 1000mAh Type\u2011C rechargeable, 5% nicotine.\" \/>\n<meta property=\"og:url\" content=\"https:\/\/fumot.uk\/fr\/product\/vozol-gear-shisha-25k-puffs-blueberry-watermelon\/\" \/>\n<meta property=\"og:site_name\" content=\"Fumot Official Direct | Straight from the Factory, 100% Genuine\" \/>\n<meta property=\"article:modified_time\" content=\"2026-01-21T02:39:49+00:00\" \/>\n<meta property=\"og:image\" content=\"https:\/\/fumot.uk\/wp-content\/uploads\/2026\/01\/Blueberry-Watermelon-Vozol-Gear-Shisha-25k-Disposable-Vape.jpg\" \/>\n\t<meta property=\"og:image:width\" content=\"1080\" \/>\n\t<meta property=\"og:image:height\" content=\"1080\" \/>\n\t<meta property=\"og:image:type\" content=\"image\/jpeg\" \/>\n<meta name=\"twitter:card\" content=\"summary_large_image\" \/>\n<meta name=\"twitter:label1\" content=\"Dur\u00e9e de lecture estim\u00e9e\" \/>\n\t<meta name=\"twitter:data1\" content=\"2 minutes\" \/>\n<script type=\"application\/ld+json\" class=\"yoast-schema-graph\">{\"@context\":\"https:\/\/schema.org\",\"@graph\":[{\"@type\":\"WebPage\",\"@id\":\"https:\/\/fumot.uk\/product\/vozol-gear-shisha-25k-puffs-blueberry-watermelon\/\",\"url\":\"https:\/\/fumot.uk\/product\/vozol-gear-shisha-25k-puffs-blueberry-watermelon\/\",\"name\":\"Vozol Gear Shisha 25K Blueberry Watermelon | 24ml\",\"isPartOf\":{\"@id\":\"https:\/\/fumot.uk\/#website\"},\"primaryImageOfPage\":{\"@id\":\"https:\/\/fumot.uk\/product\/vozol-gear-shisha-25k-puffs-blueberry-watermelon\/#primaryimage\"},\"image\":{\"@id\":\"https:\/\/fumot.uk\/product\/vozol-gear-shisha-25k-puffs-blueberry-watermelon\/#primaryimage\"},\"thumbnailUrl\":\"https:\/\/fumot.uk\/wp-content\/uploads\/2026\/01\/Blueberry-Watermelon-Vozol-Gear-Shisha-25k-Disposable-Vape.jpg\",\"datePublished\":\"2026-01-20T10:09:34+00:00\",\"dateModified\":\"2026-01-21T02:39:49+00:00\",\"description\":\"Vozol Gear Shisha 25K Blueberry Watermelon: 24ml, Dual Mesh Coil, adjustable power, 2.1\\\" display, 1000mAh Type\u2011C rechargeable, 5% nicotine.\",\"breadcrumb\":{\"@id\":\"https:\/\/fumot.uk\/product\/vozol-gear-shisha-25k-puffs-blueberry-watermelon\/#breadcrumb\"},\"inLanguage\":\"fr-FR\",\"potentialAction\":[{\"@type\":\"ReadAction\",\"target\":[\"https:\/\/fumot.uk\/product\/vozol-gear-shisha-25k-puffs-blueberry-watermelon\/\"]}]},{\"@type\":\"ImageObject\",\"inLanguage\":\"fr-FR\",\"@id\":\"https:\/\/fumot.uk\/product\/vozol-gear-shisha-25k-puffs-blueberry-watermelon\/#primaryimage\",\"url\":\"https:\/\/fumot.uk\/wp-content\/uploads\/2026\/01\/Blueberry-Watermelon-Vozol-Gear-Shisha-25k-Disposable-Vape.jpg\",\"contentUrl\":\"https:\/\/fumot.uk\/wp-content\/uploads\/2026\/01\/Blueberry-Watermelon-Vozol-Gear-Shisha-25k-Disposable-Vape.jpg\",\"width\":1080,\"height\":1080},{\"@type\":\"BreadcrumbList\",\"@id\":\"https:\/\/fumot.uk\/product\/vozol-gear-shisha-25k-puffs-blueberry-watermelon\/#breadcrumb\",\"itemListElement\":[{\"@type\":\"ListItem\",\"position\":1,\"name\":\"Home\",\"item\":\"https:\/\/fumot.uk\/\"},{\"@type\":\"ListItem\",\"position\":2,\"name\":\"Shop\",\"item\":\"https:\/\/fumot.uk\/shop\/\"},{\"@type\":\"ListItem\",\"position\":3,\"name\":\"Vozol Gear Shisha 25K Puffs Blueberry Watermelon \u2013 24ml Dual Mesh, 5% Nicotine\"}]},{\"@type\":\"WebSite\",\"@id\":\"https:\/\/fumot.uk\/#website\",\"url\":\"https:\/\/fumot.uk\/\",\"name\":\"Fumot Official Direct | Straight from the Factory, 100% Genuine\",\"description\":\"Official Website\",\"publisher\":{\"@id\":\"https:\/\/fumot.uk\/#organization\"},\"potentialAction\":[{\"@type\":\"SearchAction\",\"target\":{\"@type\":\"EntryPoint\",\"urlTemplate\":\"https:\/\/fumot.uk\/?s={search_term_string}\"},\"query-input\":{\"@type\":\"PropertyValueSpecification\",\"valueRequired\":true,\"valueName\":\"search_term_string\"}}],\"inLanguage\":\"fr-FR\"},{\"@type\":\"Organization\",\"@id\":\"https:\/\/fumot.uk\/#organization\",\"name\":\"Fumot Official Direct | Straight from the Factory, 100% Genuine\",\"url\":\"https:\/\/fumot.uk\/\",\"logo\":{\"@type\":\"ImageObject\",\"inLanguage\":\"fr-FR\",\"@id\":\"https:\/\/fumot.uk\/#\/schema\/logo\/image\/\",\"url\":\"https:\/\/fumot.uk\/wp-content\/uploads\/2026\/01\/cropped-fumot-logo1.png\",\"contentUrl\":\"https:\/\/fumot.uk\/wp-content\/uploads\/2026\/01\/cropped-fumot-logo1.png\",\"width\":152,\"height\":106,\"caption\":\"Fumot Official Direct | Straight from the Factory, 100% Genuine\"},\"image\":{\"@id\":\"https:\/\/fumot.uk\/#\/schema\/logo\/image\/\"}}]}<\/script>\n<!-- \/ Yoast SEO plugin. -->","yoast_head_json":{"title":"Vozol Gear Shisha 25K Myrtille Past\u00e8que | 24ml","description":"Vozol Gear Shisha 25K Myrtille Past\u00e8que : 24ml, Double R\u00e9sistance en Maille, puissance r\u00e9glable, \u00e9cran 2,1\", 1000mAh Type\u2011C rechargeable, 5% nicotine.","robots":{"index":"index","follow":"follow","max-snippet":"max-snippet:-1","max-image-preview":"max-image-preview:large","max-video-preview":"max-video-preview:-1"},"canonical":"https:\/\/fumot.uk\/fr\/product\/vozol-gear-shisha-25k-puffs-blueberry-watermelon\/","og_locale":"fr_FR","og_type":"article","og_title":"Vozol Gear Shisha 25K \u2013 Blueberry Watermelon","og_description":"Juicy blueberry meets refreshing watermelon. 24ml, Dual Mesh Coil, adjustable power, 2.1\" smart display, 1000mAh Type\u2011C rechargeable, 5% nicotine.","og_url":"https:\/\/fumot.uk\/fr\/product\/vozol-gear-shisha-25k-puffs-blueberry-watermelon\/","og_site_name":"Fumot Official Direct | Straight from the Factory, 100% Genuine","article_modified_time":"2026-01-21T02:39:49+00:00","og_image":[{"width":1080,"height":1080,"url":"https:\/\/fumot.uk\/wp-content\/uploads\/2026\/01\/Blueberry-Watermelon-Vozol-Gear-Shisha-25k-Disposable-Vape.jpg","type":"image\/jpeg"}],"twitter_card":"summary_large_image","twitter_misc":{"Dur\u00e9e de lecture estim\u00e9e":"2 minutes"},"schema":{"@context":"https:\/\/schema.org","@graph":[{"@type":"WebPage","@id":"https:\/\/fumot.uk\/product\/vozol-gear-shisha-25k-puffs-blueberry-watermelon\/","url":"https:\/\/fumot.uk\/product\/vozol-gear-shisha-25k-puffs-blueberry-watermelon\/","name":"Vozol Gear Shisha 25K Myrtille Past\u00e8que | 24ml","isPartOf":{"@id":"https:\/\/fumot.uk\/#website"},"primaryImageOfPage":{"@id":"https:\/\/fumot.uk\/product\/vozol-gear-shisha-25k-puffs-blueberry-watermelon\/#primaryimage"},"image":{"@id":"https:\/\/fumot.uk\/product\/vozol-gear-shisha-25k-puffs-blueberry-watermelon\/#primaryimage"},"thumbnailUrl":"https:\/\/fumot.uk\/wp-content\/uploads\/2026\/01\/Blueberry-Watermelon-Vozol-Gear-Shisha-25k-Disposable-Vape.jpg","datePublished":"2026-01-20T10:09:34+00:00","dateModified":"2026-01-21T02:39:49+00:00","description":"Vozol Gear Shisha 25K Myrtille Past\u00e8que : 24ml, Double R\u00e9sistance en Maille, puissance r\u00e9glable, \u00e9cran 2,1\", 1000mAh Type\u2011C rechargeable, 5% nicotine.","breadcrumb":{"@id":"https:\/\/fumot.uk\/product\/vozol-gear-shisha-25k-puffs-blueberry-watermelon\/#breadcrumb"},"inLanguage":"fr-FR","potentialAction":[{"@type":"ReadAction","target":["https:\/\/fumot.uk\/product\/vozol-gear-shisha-25k-puffs-blueberry-watermelon\/"]}]},{"@type":"ImageObject","inLanguage":"fr-FR","@id":"https:\/\/fumot.uk\/product\/vozol-gear-shisha-25k-puffs-blueberry-watermelon\/#primaryimage","url":"https:\/\/fumot.uk\/wp-content\/uploads\/2026\/01\/Blueberry-Watermelon-Vozol-Gear-Shisha-25k-Disposable-Vape.jpg","contentUrl":"https:\/\/fumot.uk\/wp-content\/uploads\/2026\/01\/Blueberry-Watermelon-Vozol-Gear-Shisha-25k-Disposable-Vape.jpg","width":1080,"height":1080},{"@type":"BreadcrumbList","@id":"https:\/\/fumot.uk\/product\/vozol-gear-shisha-25k-puffs-blueberry-watermelon\/#breadcrumb","itemListElement":[{"@type":"ListItem","position":1,"name":"Home","item":"https:\/\/fumot.uk\/"},{"@type":"ListItem","position":2,"name":"Shop","item":"https:\/\/fumot.uk\/shop\/"},{"@type":"ListItem","position":3,"name":"Vozol Gear Shisha 25K Puffs Blueberry Watermelon \u2013 24ml Dual Mesh, 5% Nicotine"}]},{"@type":"WebSite","@id":"https:\/\/fumot.uk\/#website","url":"https:\/\/fumot.uk\/","name":"Fumot Official Direct | Directement de l'usine, 100% Authentique","description":"Site officiel","publisher":{"@id":"https:\/\/fumot.uk\/#organization"},"potentialAction":[{"@type":"SearchAction","target":{"@type":"EntryPoint","urlTemplate":"https:\/\/fumot.uk\/?s={search_term_string}"},"query-input":{"@type":"PropertyValueSpecification","valueRequired":true,"valueName":"search_term_string"}}],"inLanguage":"fr-FR"},{"@type":"Organization","@id":"https:\/\/fumot.uk\/#organization","name":"Fumot Official Direct | Directement de l'usine, 100% Authentique","url":"https:\/\/fumot.uk\/","logo":{"@type":"ImageObject","inLanguage":"fr-FR","@id":"https:\/\/fumot.uk\/#\/schema\/logo\/image\/","url":"https:\/\/fumot.uk\/wp-content\/uploads\/2026\/01\/cropped-fumot-logo1.png","contentUrl":"https:\/\/fumot.uk\/wp-content\/uploads\/2026\/01\/cropped-fumot-logo1.png","width":152,"height":106,"caption":"Fumot Official Direct | Straight from the Factory, 100% Genuine"},"image":{"@id":"https:\/\/fumot.uk\/#\/schema\/logo\/image\/"}}]}},"_links":{"self":[{"href":"https:\/\/fumot.uk\/fr\/wp-json\/wp\/v2\/product\/3245","targetHints":{"allow":["GET"]}}],"collection":[{"href":"https:\/\/fumot.uk\/fr\/wp-json\/wp\/v2\/product"}],"about":[{"href":"https:\/\/fumot.uk\/fr\/wp-json\/wp\/v2\/types\/product"}],"replies":[{"embeddable":true,"href":"https:\/\/fumot.uk\/fr\/wp-json\/wp\/v2\/comments?post=3245"}],"wp:featuredmedia":[{"embeddable":true,"href":"https:\/\/fumot.uk\/fr\/wp-json\/wp\/v2\/media\/3275"}],"wp:attachment":[{"href":"https:\/\/fumot.uk\/fr\/wp-json\/wp\/v2\/media?parent=3245"}],"wp:term":[{"taxonomy":"product_brand","embeddable":true,"href":"https:\/\/fumot.uk\/fr\/wp-json\/wp\/v2\/product_brand?post=3245"},{"taxonomy":"product_cat","embeddable":true,"href":"https:\/\/fumot.uk\/fr\/wp-json\/wp\/v2\/product_cat?post=3245"},{"taxonomy":"product_tag","embeddable":true,"href":"https:\/\/fumot.uk\/fr\/wp-json\/wp\/v2\/product_tag?post=3245"}],"curies":[{"name":"wp","href":"https:\/\/api.w.org\/{rel}","templated":true}]}}