{"id":3234,"date":"2026-01-20T10:09:09","date_gmt":"2026-01-20T10:09:09","guid":{"rendered":"https:\/\/fumot.uk\/?post_type=product&#038;p=3234"},"modified":"2026-01-21T02:53:30","modified_gmt":"2026-01-21T02:53:30","slug":"vozol-gear-shisha-25k-puffs-blueberry-ice","status":"publish","type":"product","link":"https:\/\/fumot.uk\/fr\/product\/vozol-gear-shisha-25k-puffs-blueberry-ice\/","title":{"rendered":"Vozol Gear Shisha 25K Puffs Blueberry Ice Vape Jetable (24ml, 5% Nicotine, Double Mesh, Rechargeable)"},"content":{"rendered":"<h2>Vozol Gear Shisha 25K Puffs \u2013 Glace Myrtille<\/h2>\n<p><strong>Myrtille glac\u00e9e<\/strong> offre un go\u00fbt de myrtille lumineux et juteux, termin\u00e9 par une brise glac\u00e9e. Chaque bouff\u00e9e m\u00e9lange la douceur des baies m\u00fbres avec une note de fra\u00eecheur pour une vape rafra\u00eechissante et douce qui reste savoureuse du premier tirage au dernier.<\/p>\n<h3>Pourquoi vous allez adorer cette saveur Glace Myrtille<\/h3>\n<ul>\n<li><strong>C\u0153ur de baies sucr\u00e9es :<\/strong> douceur claire de la myrtille sans sensation de lourdeur.<\/li>\n<li><strong>Finition fra\u00eeche :<\/strong> une sensation de \u201cglace\u201d qui garde le profil frais et net.<\/li>\n<li><strong>Convient toute la journ\u00e9e :<\/strong> fruit \u00e9quilibr\u00e9 + fra\u00eecheur pour une exp\u00e9rience de vape propre et facile.<\/li>\n<\/ul>\n<h3>Caract\u00e9ristiques cl\u00e9s (Vozol Gear Shisha 25K Puffs)<\/h3>\n<ul>\n<li><strong>Jusqu'\u00e0 25 000 bouff\u00e9es :<\/strong> con\u00e7u pour une utilisation longue dur\u00e9e (les r\u00e9sultats r\u00e9els varient selon l'utilisation).<\/li>\n<li><strong>Capacit\u00e9 de 24ml d'e-liquide :<\/strong> grand r\u00e9servoir pour une vape prolong\u00e9e.<\/li>\n<li><strong>Nicotine \u00e0 5% :<\/strong> forte satisfaction de nicotine.<\/li>\n<li><strong>Double R\u00e9sistance en Maille :<\/strong> chauffage constant et vapeur riche et douce.<\/li>\n<li><strong>Puissance r\u00e9glable :<\/strong> ajustez la puissance pour correspondre \u00e0 votre tirage pr\u00e9f\u00e9r\u00e9.<\/li>\n<li><strong>Batterie rechargeable 1000mAh :<\/strong> puissance fiable pour une utilisation quotidienne.<\/li>\n<li><strong>Recharge Type-C :<\/strong> recharge pratique et moderne.<\/li>\n<li><strong>\u00c9cran couleur 2,1\" :<\/strong> visualisez le niveau de batterie et le liquide restant d'un coup d'\u0153il.<\/li>\n<\/ul>\n<h3>Id\u00e9al pour<\/h3>\n<ul>\n<li>Les amateurs de <strong>vape de myrtille<\/strong> saveurs avec une <strong>glac\u00e9e<\/strong> finition<\/li>\n<li><strong>Direct-to-lung (DTL)<\/strong> utilisateurs qui veulent une vapeur dense et douce<\/li>\n<li>Toute personne \u00e0 la recherche d'un <strong>vape jetable 25K bouff\u00e9es<\/strong> avec une batterie rechargeable<\/li>\n<\/ul>\n<p><strong>Achetez en toute confiance chez<\/strong> <a href=\"https:\/\/fumot.uk\/fr\/\">fumot.uk<\/a> et explorez plus d'options durables dans notre <a href=\"https:\/\/fumot.uk\/fr\/\">collection de vapes jetables<\/a>.<\/p>\n<p><em>Remarque :<\/em> La nicotine est une substance addictive. Ce produit contient de la nicotine (5%).<\/p>","protected":false},"excerpt":{"rendered":"<p>Vozol Gear Shisha 25K Puffs Blueberry Ice : saveur de myrtille sucr\u00e9e avec une finition glac\u00e9e fra\u00eeche. 24ml e-liquide, 5% nicotine, Double Mesh Coil, puissance r\u00e9glable, batterie rechargeable Type\u2011C 1000mAh, \u00e9cran couleur 2.1\u2033.<\/p>","protected":false},"featured_media":3273,"comment_status":"open","ping_status":"closed","template":"","meta":[],"product_brand":[],"product_cat":[172,17,173],"product_tag":[174,171,21,33,72,73,29,26,62,28],"class_list":{"0":"post-3234","1":"product","2":"type-product","3":"status-publish","4":"has-post-thumbnail","6":"product_cat-25000-puff","7":"product_cat-vape","8":"product_cat-vozol-gear-shisha-25k-puffs","9":"product_tag-1000-mah","10":"product_tag-24ml","11":"product_tag-adjustable-airflow","12":"product_tag-blueberry","13":"product_tag-direct-to-lung","14":"product_tag-dual-mesh","15":"product_tag-ice","16":"product_tag-rechargeable","17":"product_tag-sale-vape","18":"product_tag-type-c","20":"first","21":"instock","22":"sale","23":"shipping-taxable","24":"purchasable","25":"product-type-variable","26":"has-default-attributes"},"yoast_head":"<!-- This site is optimized with the Yoast SEO plugin v26.8 - https:\/\/yoast.com\/product\/yoast-seo-wordpress\/ -->\n<title>Vozol Gear Shisha 25K Blueberry Ice | 24ml 5% Nic<\/title>\n<meta name=\"description\" content=\"Vozol Gear Shisha 25K Puffs Blueberry Ice: juicy blueberry with an icy finish. 24ml e-liquid, 5% nicotine, Dual Mesh, 1000mAh Type\u2011C rechargeable.\" \/>\n<meta name=\"robots\" content=\"index, follow, max-snippet:-1, max-image-preview:large, max-video-preview:-1\" \/>\n<link rel=\"canonical\" href=\"https:\/\/fumot.uk\/fr\/product\/vozol-gear-shisha-25k-puffs-blueberry-ice\/\" \/>\n<meta property=\"og:locale\" content=\"fr_FR\" \/>\n<meta property=\"og:type\" content=\"article\" \/>\n<meta property=\"og:title\" content=\"Vozol Gear Shisha 25K Puffs \u2013 Blueberry Ice\" \/>\n<meta property=\"og:description\" content=\"Sweet blueberry meets a crisp icy finish. 24ml, 5% nicotine, Dual Mesh Coil, adjustable power, 1000mAh rechargeable with Type\u2011C and a 2.1&quot; color display.\" \/>\n<meta property=\"og:url\" content=\"https:\/\/fumot.uk\/fr\/product\/vozol-gear-shisha-25k-puffs-blueberry-ice\/\" \/>\n<meta property=\"og:site_name\" content=\"Fumot Official Direct | Straight from the Factory, 100% Genuine\" \/>\n<meta property=\"article:modified_time\" content=\"2026-01-21T02:53:30+00:00\" \/>\n<meta property=\"og:image\" content=\"https:\/\/fumot.uk\/wp-content\/uploads\/2026\/01\/Blueberry-Ice-Vozol-Gear-Shisha-25k-Disposable-Vape.jpg\" \/>\n\t<meta property=\"og:image:width\" content=\"1080\" \/>\n\t<meta property=\"og:image:height\" content=\"1080\" \/>\n\t<meta property=\"og:image:type\" content=\"image\/jpeg\" \/>\n<meta name=\"twitter:card\" content=\"summary_large_image\" \/>\n<meta name=\"twitter:label1\" content=\"Dur\u00e9e de lecture estim\u00e9e\" \/>\n\t<meta name=\"twitter:data1\" content=\"2 minutes\" \/>\n<script type=\"application\/ld+json\" class=\"yoast-schema-graph\">{\"@context\":\"https:\/\/schema.org\",\"@graph\":[{\"@type\":\"WebPage\",\"@id\":\"https:\/\/fumot.uk\/product\/vozol-gear-shisha-25k-puffs-blueberry-ice\/\",\"url\":\"https:\/\/fumot.uk\/product\/vozol-gear-shisha-25k-puffs-blueberry-ice\/\",\"name\":\"Vozol Gear Shisha 25K Blueberry Ice | 24ml 5% Nic\",\"isPartOf\":{\"@id\":\"https:\/\/fumot.uk\/#website\"},\"primaryImageOfPage\":{\"@id\":\"https:\/\/fumot.uk\/product\/vozol-gear-shisha-25k-puffs-blueberry-ice\/#primaryimage\"},\"image\":{\"@id\":\"https:\/\/fumot.uk\/product\/vozol-gear-shisha-25k-puffs-blueberry-ice\/#primaryimage\"},\"thumbnailUrl\":\"https:\/\/fumot.uk\/wp-content\/uploads\/2026\/01\/Blueberry-Ice-Vozol-Gear-Shisha-25k-Disposable-Vape.jpg\",\"datePublished\":\"2026-01-20T10:09:09+00:00\",\"dateModified\":\"2026-01-21T02:53:30+00:00\",\"description\":\"Vozol Gear Shisha 25K Puffs Blueberry Ice: juicy blueberry with an icy finish. 24ml e-liquid, 5% nicotine, Dual Mesh, 1000mAh Type\u2011C rechargeable.\",\"breadcrumb\":{\"@id\":\"https:\/\/fumot.uk\/product\/vozol-gear-shisha-25k-puffs-blueberry-ice\/#breadcrumb\"},\"inLanguage\":\"fr-FR\",\"potentialAction\":[{\"@type\":\"ReadAction\",\"target\":[\"https:\/\/fumot.uk\/product\/vozol-gear-shisha-25k-puffs-blueberry-ice\/\"]}]},{\"@type\":\"ImageObject\",\"inLanguage\":\"fr-FR\",\"@id\":\"https:\/\/fumot.uk\/product\/vozol-gear-shisha-25k-puffs-blueberry-ice\/#primaryimage\",\"url\":\"https:\/\/fumot.uk\/wp-content\/uploads\/2026\/01\/Blueberry-Ice-Vozol-Gear-Shisha-25k-Disposable-Vape.jpg\",\"contentUrl\":\"https:\/\/fumot.uk\/wp-content\/uploads\/2026\/01\/Blueberry-Ice-Vozol-Gear-Shisha-25k-Disposable-Vape.jpg\",\"width\":1080,\"height\":1080},{\"@type\":\"BreadcrumbList\",\"@id\":\"https:\/\/fumot.uk\/product\/vozol-gear-shisha-25k-puffs-blueberry-ice\/#breadcrumb\",\"itemListElement\":[{\"@type\":\"ListItem\",\"position\":1,\"name\":\"Home\",\"item\":\"https:\/\/fumot.uk\/\"},{\"@type\":\"ListItem\",\"position\":2,\"name\":\"Shop\",\"item\":\"https:\/\/fumot.uk\/shop\/\"},{\"@type\":\"ListItem\",\"position\":3,\"name\":\"Vozol Gear Shisha 25K Puffs Blueberry Ice Disposable Vape (24ml, 5% Nicotine, Dual Mesh, Rechargeable)\"}]},{\"@type\":\"WebSite\",\"@id\":\"https:\/\/fumot.uk\/#website\",\"url\":\"https:\/\/fumot.uk\/\",\"name\":\"Fumot Official Direct | Straight from the Factory, 100% Genuine\",\"description\":\"Official Website\",\"publisher\":{\"@id\":\"https:\/\/fumot.uk\/#organization\"},\"potentialAction\":[{\"@type\":\"SearchAction\",\"target\":{\"@type\":\"EntryPoint\",\"urlTemplate\":\"https:\/\/fumot.uk\/?s={search_term_string}\"},\"query-input\":{\"@type\":\"PropertyValueSpecification\",\"valueRequired\":true,\"valueName\":\"search_term_string\"}}],\"inLanguage\":\"fr-FR\"},{\"@type\":\"Organization\",\"@id\":\"https:\/\/fumot.uk\/#organization\",\"name\":\"Fumot Official Direct | Straight from the Factory, 100% Genuine\",\"url\":\"https:\/\/fumot.uk\/\",\"logo\":{\"@type\":\"ImageObject\",\"inLanguage\":\"fr-FR\",\"@id\":\"https:\/\/fumot.uk\/#\/schema\/logo\/image\/\",\"url\":\"https:\/\/fumot.uk\/wp-content\/uploads\/2026\/01\/cropped-fumot-logo1.png\",\"contentUrl\":\"https:\/\/fumot.uk\/wp-content\/uploads\/2026\/01\/cropped-fumot-logo1.png\",\"width\":152,\"height\":106,\"caption\":\"Fumot Official Direct | Straight from the Factory, 100% Genuine\"},\"image\":{\"@id\":\"https:\/\/fumot.uk\/#\/schema\/logo\/image\/\"}}]}<\/script>\n<!-- \/ Yoast SEO plugin. -->","yoast_head_json":{"title":"Vozol Gear Shisha 25K Blueberry Ice | 24ml 5% Nic","description":"Vozol Gear Shisha 25K Puffs Blueberry Ice : myrtille juteuse avec une finition glac\u00e9e. 24ml e-liquide, 5% nicotine, Double Mesh, 1000mAh Type\u2011C rechargeable.","robots":{"index":"index","follow":"follow","max-snippet":"max-snippet:-1","max-image-preview":"max-image-preview:large","max-video-preview":"max-video-preview:-1"},"canonical":"https:\/\/fumot.uk\/fr\/product\/vozol-gear-shisha-25k-puffs-blueberry-ice\/","og_locale":"fr_FR","og_type":"article","og_title":"Vozol Gear Shisha 25K Puffs \u2013 Blueberry Ice","og_description":"Sweet blueberry meets a crisp icy finish. 24ml, 5% nicotine, Dual Mesh Coil, adjustable power, 1000mAh rechargeable with Type\u2011C and a 2.1\" color display.","og_url":"https:\/\/fumot.uk\/fr\/product\/vozol-gear-shisha-25k-puffs-blueberry-ice\/","og_site_name":"Fumot Official Direct | Straight from the Factory, 100% Genuine","article_modified_time":"2026-01-21T02:53:30+00:00","og_image":[{"width":1080,"height":1080,"url":"https:\/\/fumot.uk\/wp-content\/uploads\/2026\/01\/Blueberry-Ice-Vozol-Gear-Shisha-25k-Disposable-Vape.jpg","type":"image\/jpeg"}],"twitter_card":"summary_large_image","twitter_misc":{"Dur\u00e9e de lecture estim\u00e9e":"2 minutes"},"schema":{"@context":"https:\/\/schema.org","@graph":[{"@type":"WebPage","@id":"https:\/\/fumot.uk\/product\/vozol-gear-shisha-25k-puffs-blueberry-ice\/","url":"https:\/\/fumot.uk\/product\/vozol-gear-shisha-25k-puffs-blueberry-ice\/","name":"Vozol Gear Shisha 25K Blueberry Ice | 24ml 5% Nic","isPartOf":{"@id":"https:\/\/fumot.uk\/#website"},"primaryImageOfPage":{"@id":"https:\/\/fumot.uk\/product\/vozol-gear-shisha-25k-puffs-blueberry-ice\/#primaryimage"},"image":{"@id":"https:\/\/fumot.uk\/product\/vozol-gear-shisha-25k-puffs-blueberry-ice\/#primaryimage"},"thumbnailUrl":"https:\/\/fumot.uk\/wp-content\/uploads\/2026\/01\/Blueberry-Ice-Vozol-Gear-Shisha-25k-Disposable-Vape.jpg","datePublished":"2026-01-20T10:09:09+00:00","dateModified":"2026-01-21T02:53:30+00:00","description":"Vozol Gear Shisha 25K Puffs Blueberry Ice : myrtille juteuse avec une finition glac\u00e9e. 24ml e-liquide, 5% nicotine, Double Mesh, 1000mAh Type\u2011C rechargeable.","breadcrumb":{"@id":"https:\/\/fumot.uk\/product\/vozol-gear-shisha-25k-puffs-blueberry-ice\/#breadcrumb"},"inLanguage":"fr-FR","potentialAction":[{"@type":"ReadAction","target":["https:\/\/fumot.uk\/product\/vozol-gear-shisha-25k-puffs-blueberry-ice\/"]}]},{"@type":"ImageObject","inLanguage":"fr-FR","@id":"https:\/\/fumot.uk\/product\/vozol-gear-shisha-25k-puffs-blueberry-ice\/#primaryimage","url":"https:\/\/fumot.uk\/wp-content\/uploads\/2026\/01\/Blueberry-Ice-Vozol-Gear-Shisha-25k-Disposable-Vape.jpg","contentUrl":"https:\/\/fumot.uk\/wp-content\/uploads\/2026\/01\/Blueberry-Ice-Vozol-Gear-Shisha-25k-Disposable-Vape.jpg","width":1080,"height":1080},{"@type":"BreadcrumbList","@id":"https:\/\/fumot.uk\/product\/vozol-gear-shisha-25k-puffs-blueberry-ice\/#breadcrumb","itemListElement":[{"@type":"ListItem","position":1,"name":"Home","item":"https:\/\/fumot.uk\/"},{"@type":"ListItem","position":2,"name":"Shop","item":"https:\/\/fumot.uk\/shop\/"},{"@type":"ListItem","position":3,"name":"Vozol Gear Shisha 25K Puffs Blueberry Ice Disposable Vape (24ml, 5% Nicotine, Dual Mesh, Rechargeable)"}]},{"@type":"WebSite","@id":"https:\/\/fumot.uk\/#website","url":"https:\/\/fumot.uk\/","name":"Fumot Official Direct | Directement de l'usine, 100% Authentique","description":"Site officiel","publisher":{"@id":"https:\/\/fumot.uk\/#organization"},"potentialAction":[{"@type":"SearchAction","target":{"@type":"EntryPoint","urlTemplate":"https:\/\/fumot.uk\/?s={search_term_string}"},"query-input":{"@type":"PropertyValueSpecification","valueRequired":true,"valueName":"search_term_string"}}],"inLanguage":"fr-FR"},{"@type":"Organization","@id":"https:\/\/fumot.uk\/#organization","name":"Fumot Official Direct | Directement de l'usine, 100% Authentique","url":"https:\/\/fumot.uk\/","logo":{"@type":"ImageObject","inLanguage":"fr-FR","@id":"https:\/\/fumot.uk\/#\/schema\/logo\/image\/","url":"https:\/\/fumot.uk\/wp-content\/uploads\/2026\/01\/cropped-fumot-logo1.png","contentUrl":"https:\/\/fumot.uk\/wp-content\/uploads\/2026\/01\/cropped-fumot-logo1.png","width":152,"height":106,"caption":"Fumot Official Direct | Straight from the Factory, 100% Genuine"},"image":{"@id":"https:\/\/fumot.uk\/#\/schema\/logo\/image\/"}}]}},"_links":{"self":[{"href":"https:\/\/fumot.uk\/fr\/wp-json\/wp\/v2\/product\/3234","targetHints":{"allow":["GET"]}}],"collection":[{"href":"https:\/\/fumot.uk\/fr\/wp-json\/wp\/v2\/product"}],"about":[{"href":"https:\/\/fumot.uk\/fr\/wp-json\/wp\/v2\/types\/product"}],"replies":[{"embeddable":true,"href":"https:\/\/fumot.uk\/fr\/wp-json\/wp\/v2\/comments?post=3234"}],"wp:featuredmedia":[{"embeddable":true,"href":"https:\/\/fumot.uk\/fr\/wp-json\/wp\/v2\/media\/3273"}],"wp:attachment":[{"href":"https:\/\/fumot.uk\/fr\/wp-json\/wp\/v2\/media?parent=3234"}],"wp:term":[{"taxonomy":"product_brand","embeddable":true,"href":"https:\/\/fumot.uk\/fr\/wp-json\/wp\/v2\/product_brand?post=3234"},{"taxonomy":"product_cat","embeddable":true,"href":"https:\/\/fumot.uk\/fr\/wp-json\/wp\/v2\/product_cat?post=3234"},{"taxonomy":"product_tag","embeddable":true,"href":"https:\/\/fumot.uk\/fr\/wp-json\/wp\/v2\/product_tag?post=3234"}],"curies":[{"name":"wp","href":"https:\/\/api.w.org\/{rel}","templated":true}]}}