{"id":3232,"date":"2026-01-20T10:09:09","date_gmt":"2026-01-20T10:09:09","guid":{"rendered":"https:\/\/fumot.uk\/?post_type=product&#038;p=3232"},"modified":"2026-01-21T02:52:42","modified_gmt":"2026-01-21T02:52:42","slug":"vozol-gear-shisha-25k-puffs-blue-mojito","status":"publish","type":"product","link":"https:\/\/fumot.uk\/fr\/product\/vozol-gear-shisha-25k-puffs-blue-mojito\/","title":{"rendered":"Vozol Gear Shisha 25K Puffs Blue Mojito Vape Jetable \u2013 24ml, Double Mesh, 5% Nic"},"content":{"rendered":"<h2>Vozol Gear Shisha 25K Puffs \u2013 Blue Mojito<\/h2>\n<p><strong>Vozol Gear Shisha 25K Puffs Blue Mojito<\/strong> m\u00e9lange la douceur juteuse de la myrtille avec une fra\u00eecheur menthol\u00e9e pour une vape propre inspir\u00e9e du cocktail. Chaque bouff\u00e9e ressemble \u00e0 un moment de Blue Mojito frais\u2014avec des baies \u00e0 l'inhalation, glac\u00e9 et rafra\u00eechissant \u00e0 l'exhalation.<\/p>\n<p>Con\u00e7u pour de longues sessions, le <strong>Vozol Gear Shisha 25K<\/strong> comprend un <strong>capacit\u00e9 de e-liquide de 24ml<\/strong> et une saveur douce et constante gr\u00e2ce \u00e0 la <strong>Double Bobine Mesh<\/strong>. Utilisez le <strong>puissance r\u00e9glable<\/strong> pour ajuster l'intensit\u00e9, tandis que le <strong>\u00c9cran couleur intelligent de 2,1 pouces<\/strong> vous aide \u00e0 suivre les niveaux de batterie et de e-liquide d'un coup d'\u0153il.<\/p>\n<p>Explorez plus de saveurs dans la s\u00e9rie sur <a href=\"https:\/\/fumot.uk\/fr\/product-category\/vozol-gear-shisha-25k-puffs\/\"><strong>fumot.uk<\/strong><\/a>.<\/p>\n<h3>Notes de saveur : Blue Mojito<\/h3>\n<ul>\n<li><strong>Haut :<\/strong> Myrtille vive<\/li>\n<li><strong>Finition :<\/strong> Fra\u00eecheur de menthe<\/li>\n<li><strong>Global :<\/strong> L\u00e9ger, propre et rafra\u00eechissant sucr\u00e9<\/li>\n<\/ul>\n<h3>Caract\u00e9ristiques cl\u00e9s<\/h3>\n<ul>\n<li><strong>Jusqu'\u00e0 25 000 bouff\u00e9es<\/strong> pour une utilisation prolong\u00e9e<\/li>\n<li><strong>capacit\u00e9 de e-liquide de 24ml<\/strong> pour un plaisir durable<\/li>\n<li><strong>Double Bobine Mesh<\/strong> pour une vapeur dense et douce et une saveur stable<\/li>\n<li><strong>5% nicotine<\/strong> (satisfaction en nicotine forte)<\/li>\n<li><strong>batterie rechargeable de 1000mAh<\/strong> avec <strong>USB Type-C<\/strong> chargement<\/li>\n<li><strong>\u00e9cran intelligent couleur de 2,1 pouces<\/strong> montre l'\u00e9tat de la batterie et du e-liquide<\/li>\n<li><strong>Puissance r\u00e9glable<\/strong> pour correspondre \u00e0 votre tirage et intensit\u00e9 pr\u00e9f\u00e9r\u00e9s<\/li>\n<\/ul>\n<p>Si vous voulez une <strong>vape jetable \u00e0 la menthe et aux baies<\/strong> qui reste frais de la premi\u00e8re bouff\u00e9e \u00e0 la derni\u00e8re, <strong>Blue Mojito<\/strong> est un choix frais pour toutes les saisons.<\/p>\n<p><strong>Prix :<\/strong> \u00a312.88<\/p>","protected":false},"excerpt":{"rendered":"<p>Vozol Gear Shisha 25K Puffs Blue Mojito offre une douceur de myrtille avec une finition menthol\u00e9e fra\u00eeche. 24ml, Double Bobine Mesh, 1000mAh Type\u2011C rechargeable, \u00e9cran intelligent 2.1\u2033, 5% nicotine.<\/p>","protected":false},"featured_media":3271,"comment_status":"open","ping_status":"closed","template":"","meta":[],"product_brand":[],"product_cat":[172,17,173],"product_tag":[174,171,21,41,72,73,176,26,62,28],"class_list":{"0":"post-3232","1":"product","2":"type-product","3":"status-publish","4":"has-post-thumbnail","6":"product_cat-25000-puff","7":"product_cat-vape","8":"product_cat-vozol-gear-shisha-25k-puffs","9":"product_tag-1000-mah","10":"product_tag-24ml","11":"product_tag-adjustable-airflow","12":"product_tag-berry","13":"product_tag-direct-to-lung","14":"product_tag-dual-mesh","15":"product_tag-mojito","16":"product_tag-rechargeable","17":"product_tag-sale-vape","18":"product_tag-type-c","20":"first","21":"instock","22":"sale","23":"shipping-taxable","24":"purchasable","25":"product-type-variable","26":"has-default-attributes"},"yoast_head":"<!-- This site is optimized with the Yoast SEO plugin v26.8 - https:\/\/yoast.com\/product\/yoast-seo-wordpress\/ -->\n<title>Vozol Gear Shisha 25K Blue Mojito \u2013 24ml Dual Mesh<\/title>\n<meta name=\"description\" content=\"Blue Mojito by Vozol Gear Shisha 25K: blueberry + cool mint. 24ml e-liquid, dual mesh coil, 1000mAh Type\u2011C rechargeable, 2.1&quot; display, 5% nicotine.\" \/>\n<meta name=\"robots\" content=\"index, follow, max-snippet:-1, max-image-preview:large, max-video-preview:-1\" \/>\n<link rel=\"canonical\" href=\"https:\/\/fumot.uk\/fr\/product\/vozol-gear-shisha-25k-puffs-blue-mojito\/\" \/>\n<meta property=\"og:locale\" content=\"fr_FR\" \/>\n<meta property=\"og:type\" content=\"article\" \/>\n<meta property=\"og:title\" content=\"Vozol Gear Shisha 25K Puffs \u2013 Blue Mojito\" \/>\n<meta property=\"og:description\" content=\"A refreshing Blue Mojito blend: sweet blueberry with an icy mint finish. 24ml capacity, Dual Mesh Coil, Type\u2011C rechargeable, smart display, 5% nicotine.\" \/>\n<meta property=\"og:url\" content=\"https:\/\/fumot.uk\/fr\/product\/vozol-gear-shisha-25k-puffs-blue-mojito\/\" \/>\n<meta property=\"og:site_name\" content=\"Fumot Official Direct | Straight from the Factory, 100% Genuine\" \/>\n<meta property=\"article:modified_time\" content=\"2026-01-21T02:52:42+00:00\" \/>\n<meta property=\"og:image\" content=\"https:\/\/fumot.uk\/wp-content\/uploads\/2026\/01\/Blue-Mojito-Vozol-Gear-Shisha-25k-Disposable-Vape.jpg\" \/>\n\t<meta property=\"og:image:width\" content=\"1080\" \/>\n\t<meta property=\"og:image:height\" content=\"1080\" \/>\n\t<meta property=\"og:image:type\" content=\"image\/jpeg\" \/>\n<meta name=\"twitter:card\" content=\"summary_large_image\" \/>\n<meta name=\"twitter:label1\" content=\"Dur\u00e9e de lecture estim\u00e9e\" \/>\n\t<meta name=\"twitter:data1\" content=\"2 minutes\" \/>\n<script type=\"application\/ld+json\" class=\"yoast-schema-graph\">{\"@context\":\"https:\/\/schema.org\",\"@graph\":[{\"@type\":\"WebPage\",\"@id\":\"https:\/\/fumot.uk\/product\/vozol-gear-shisha-25k-puffs-blue-mojito\/\",\"url\":\"https:\/\/fumot.uk\/product\/vozol-gear-shisha-25k-puffs-blue-mojito\/\",\"name\":\"Vozol Gear Shisha 25K Blue Mojito \u2013 24ml Dual Mesh\",\"isPartOf\":{\"@id\":\"https:\/\/fumot.uk\/#website\"},\"primaryImageOfPage\":{\"@id\":\"https:\/\/fumot.uk\/product\/vozol-gear-shisha-25k-puffs-blue-mojito\/#primaryimage\"},\"image\":{\"@id\":\"https:\/\/fumot.uk\/product\/vozol-gear-shisha-25k-puffs-blue-mojito\/#primaryimage\"},\"thumbnailUrl\":\"https:\/\/fumot.uk\/wp-content\/uploads\/2026\/01\/Blue-Mojito-Vozol-Gear-Shisha-25k-Disposable-Vape.jpg\",\"datePublished\":\"2026-01-20T10:09:09+00:00\",\"dateModified\":\"2026-01-21T02:52:42+00:00\",\"description\":\"Blue Mojito by Vozol Gear Shisha 25K: blueberry + cool mint. 24ml e-liquid, dual mesh coil, 1000mAh Type\u2011C rechargeable, 2.1\\\" display, 5% nicotine.\",\"breadcrumb\":{\"@id\":\"https:\/\/fumot.uk\/product\/vozol-gear-shisha-25k-puffs-blue-mojito\/#breadcrumb\"},\"inLanguage\":\"fr-FR\",\"potentialAction\":[{\"@type\":\"ReadAction\",\"target\":[\"https:\/\/fumot.uk\/product\/vozol-gear-shisha-25k-puffs-blue-mojito\/\"]}]},{\"@type\":\"ImageObject\",\"inLanguage\":\"fr-FR\",\"@id\":\"https:\/\/fumot.uk\/product\/vozol-gear-shisha-25k-puffs-blue-mojito\/#primaryimage\",\"url\":\"https:\/\/fumot.uk\/wp-content\/uploads\/2026\/01\/Blue-Mojito-Vozol-Gear-Shisha-25k-Disposable-Vape.jpg\",\"contentUrl\":\"https:\/\/fumot.uk\/wp-content\/uploads\/2026\/01\/Blue-Mojito-Vozol-Gear-Shisha-25k-Disposable-Vape.jpg\",\"width\":1080,\"height\":1080},{\"@type\":\"BreadcrumbList\",\"@id\":\"https:\/\/fumot.uk\/product\/vozol-gear-shisha-25k-puffs-blue-mojito\/#breadcrumb\",\"itemListElement\":[{\"@type\":\"ListItem\",\"position\":1,\"name\":\"Home\",\"item\":\"https:\/\/fumot.uk\/\"},{\"@type\":\"ListItem\",\"position\":2,\"name\":\"Shop\",\"item\":\"https:\/\/fumot.uk\/shop\/\"},{\"@type\":\"ListItem\",\"position\":3,\"name\":\"Vozol Gear Shisha 25K Puffs Blue Mojito Disposable Vape \u2013 24ml, Dual Mesh, 5% Nic\"}]},{\"@type\":\"WebSite\",\"@id\":\"https:\/\/fumot.uk\/#website\",\"url\":\"https:\/\/fumot.uk\/\",\"name\":\"Fumot Official Direct | Straight from the Factory, 100% Genuine\",\"description\":\"Official Website\",\"publisher\":{\"@id\":\"https:\/\/fumot.uk\/#organization\"},\"potentialAction\":[{\"@type\":\"SearchAction\",\"target\":{\"@type\":\"EntryPoint\",\"urlTemplate\":\"https:\/\/fumot.uk\/?s={search_term_string}\"},\"query-input\":{\"@type\":\"PropertyValueSpecification\",\"valueRequired\":true,\"valueName\":\"search_term_string\"}}],\"inLanguage\":\"fr-FR\"},{\"@type\":\"Organization\",\"@id\":\"https:\/\/fumot.uk\/#organization\",\"name\":\"Fumot Official Direct | Straight from the Factory, 100% Genuine\",\"url\":\"https:\/\/fumot.uk\/\",\"logo\":{\"@type\":\"ImageObject\",\"inLanguage\":\"fr-FR\",\"@id\":\"https:\/\/fumot.uk\/#\/schema\/logo\/image\/\",\"url\":\"https:\/\/fumot.uk\/wp-content\/uploads\/2026\/01\/cropped-fumot-logo1.png\",\"contentUrl\":\"https:\/\/fumot.uk\/wp-content\/uploads\/2026\/01\/cropped-fumot-logo1.png\",\"width\":152,\"height\":106,\"caption\":\"Fumot Official Direct | Straight from the Factory, 100% Genuine\"},\"image\":{\"@id\":\"https:\/\/fumot.uk\/#\/schema\/logo\/image\/\"}}]}<\/script>\n<!-- \/ Yoast SEO plugin. -->","yoast_head_json":{"title":"Vozol Gear Shisha 25K Blue Mojito \u2013 24ml Dual Mesh","description":"Blue Mojito par Vozol Gear Shisha 25K : myrtille + menthe fra\u00eeche. 24ml e-liquide, double r\u00e9sistance en mesh, 1000mAh Type\u2011C rechargeable, \u00e9cran 2.1\", 5% nicotine.","robots":{"index":"index","follow":"follow","max-snippet":"max-snippet:-1","max-image-preview":"max-image-preview:large","max-video-preview":"max-video-preview:-1"},"canonical":"https:\/\/fumot.uk\/fr\/product\/vozol-gear-shisha-25k-puffs-blue-mojito\/","og_locale":"fr_FR","og_type":"article","og_title":"Vozol Gear Shisha 25K Puffs \u2013 Blue Mojito","og_description":"A refreshing Blue Mojito blend: sweet blueberry with an icy mint finish. 24ml capacity, Dual Mesh Coil, Type\u2011C rechargeable, smart display, 5% nicotine.","og_url":"https:\/\/fumot.uk\/fr\/product\/vozol-gear-shisha-25k-puffs-blue-mojito\/","og_site_name":"Fumot Official Direct | Straight from the Factory, 100% Genuine","article_modified_time":"2026-01-21T02:52:42+00:00","og_image":[{"width":1080,"height":1080,"url":"https:\/\/fumot.uk\/wp-content\/uploads\/2026\/01\/Blue-Mojito-Vozol-Gear-Shisha-25k-Disposable-Vape.jpg","type":"image\/jpeg"}],"twitter_card":"summary_large_image","twitter_misc":{"Dur\u00e9e de lecture estim\u00e9e":"2 minutes"},"schema":{"@context":"https:\/\/schema.org","@graph":[{"@type":"WebPage","@id":"https:\/\/fumot.uk\/product\/vozol-gear-shisha-25k-puffs-blue-mojito\/","url":"https:\/\/fumot.uk\/product\/vozol-gear-shisha-25k-puffs-blue-mojito\/","name":"Vozol Gear Shisha 25K Blue Mojito \u2013 24ml Dual Mesh","isPartOf":{"@id":"https:\/\/fumot.uk\/#website"},"primaryImageOfPage":{"@id":"https:\/\/fumot.uk\/product\/vozol-gear-shisha-25k-puffs-blue-mojito\/#primaryimage"},"image":{"@id":"https:\/\/fumot.uk\/product\/vozol-gear-shisha-25k-puffs-blue-mojito\/#primaryimage"},"thumbnailUrl":"https:\/\/fumot.uk\/wp-content\/uploads\/2026\/01\/Blue-Mojito-Vozol-Gear-Shisha-25k-Disposable-Vape.jpg","datePublished":"2026-01-20T10:09:09+00:00","dateModified":"2026-01-21T02:52:42+00:00","description":"Blue Mojito par Vozol Gear Shisha 25K : myrtille + menthe fra\u00eeche. 24ml e-liquide, double r\u00e9sistance en mesh, 1000mAh Type\u2011C rechargeable, \u00e9cran 2.1\", 5% nicotine.","breadcrumb":{"@id":"https:\/\/fumot.uk\/product\/vozol-gear-shisha-25k-puffs-blue-mojito\/#breadcrumb"},"inLanguage":"fr-FR","potentialAction":[{"@type":"ReadAction","target":["https:\/\/fumot.uk\/product\/vozol-gear-shisha-25k-puffs-blue-mojito\/"]}]},{"@type":"ImageObject","inLanguage":"fr-FR","@id":"https:\/\/fumot.uk\/product\/vozol-gear-shisha-25k-puffs-blue-mojito\/#primaryimage","url":"https:\/\/fumot.uk\/wp-content\/uploads\/2026\/01\/Blue-Mojito-Vozol-Gear-Shisha-25k-Disposable-Vape.jpg","contentUrl":"https:\/\/fumot.uk\/wp-content\/uploads\/2026\/01\/Blue-Mojito-Vozol-Gear-Shisha-25k-Disposable-Vape.jpg","width":1080,"height":1080},{"@type":"BreadcrumbList","@id":"https:\/\/fumot.uk\/product\/vozol-gear-shisha-25k-puffs-blue-mojito\/#breadcrumb","itemListElement":[{"@type":"ListItem","position":1,"name":"Home","item":"https:\/\/fumot.uk\/"},{"@type":"ListItem","position":2,"name":"Shop","item":"https:\/\/fumot.uk\/shop\/"},{"@type":"ListItem","position":3,"name":"Vozol Gear Shisha 25K Puffs Blue Mojito Disposable Vape \u2013 24ml, Dual Mesh, 5% Nic"}]},{"@type":"WebSite","@id":"https:\/\/fumot.uk\/#website","url":"https:\/\/fumot.uk\/","name":"Fumot Official Direct | Directement de l'usine, 100% Authentique","description":"Site officiel","publisher":{"@id":"https:\/\/fumot.uk\/#organization"},"potentialAction":[{"@type":"SearchAction","target":{"@type":"EntryPoint","urlTemplate":"https:\/\/fumot.uk\/?s={search_term_string}"},"query-input":{"@type":"PropertyValueSpecification","valueRequired":true,"valueName":"search_term_string"}}],"inLanguage":"fr-FR"},{"@type":"Organization","@id":"https:\/\/fumot.uk\/#organization","name":"Fumot Official Direct | Directement de l'usine, 100% Authentique","url":"https:\/\/fumot.uk\/","logo":{"@type":"ImageObject","inLanguage":"fr-FR","@id":"https:\/\/fumot.uk\/#\/schema\/logo\/image\/","url":"https:\/\/fumot.uk\/wp-content\/uploads\/2026\/01\/cropped-fumot-logo1.png","contentUrl":"https:\/\/fumot.uk\/wp-content\/uploads\/2026\/01\/cropped-fumot-logo1.png","width":152,"height":106,"caption":"Fumot Official Direct | Straight from the Factory, 100% Genuine"},"image":{"@id":"https:\/\/fumot.uk\/#\/schema\/logo\/image\/"}}]}},"_links":{"self":[{"href":"https:\/\/fumot.uk\/fr\/wp-json\/wp\/v2\/product\/3232","targetHints":{"allow":["GET"]}}],"collection":[{"href":"https:\/\/fumot.uk\/fr\/wp-json\/wp\/v2\/product"}],"about":[{"href":"https:\/\/fumot.uk\/fr\/wp-json\/wp\/v2\/types\/product"}],"replies":[{"embeddable":true,"href":"https:\/\/fumot.uk\/fr\/wp-json\/wp\/v2\/comments?post=3232"}],"wp:featuredmedia":[{"embeddable":true,"href":"https:\/\/fumot.uk\/fr\/wp-json\/wp\/v2\/media\/3271"}],"wp:attachment":[{"href":"https:\/\/fumot.uk\/fr\/wp-json\/wp\/v2\/media?parent=3232"}],"wp:term":[{"taxonomy":"product_brand","embeddable":true,"href":"https:\/\/fumot.uk\/fr\/wp-json\/wp\/v2\/product_brand?post=3232"},{"taxonomy":"product_cat","embeddable":true,"href":"https:\/\/fumot.uk\/fr\/wp-json\/wp\/v2\/product_cat?post=3232"},{"taxonomy":"product_tag","embeddable":true,"href":"https:\/\/fumot.uk\/fr\/wp-json\/wp\/v2\/product_tag?post=3232"}],"curies":[{"name":"wp","href":"https:\/\/api.w.org\/{rel}","templated":true}]}}