{"id":3230,"date":"2026-01-20T10:09:08","date_gmt":"2026-01-20T10:09:08","guid":{"rendered":"https:\/\/fumot.uk\/?post_type=product&#038;p=3230"},"modified":"2026-01-21T02:55:31","modified_gmt":"2026-01-21T02:55:31","slug":"vozol-gear-shisha-25k-puffs-blackberry-ice","status":"publish","type":"product","link":"https:\/\/fumot.uk\/fr\/product\/vozol-gear-shisha-25k-puffs-blackberry-ice\/","title":{"rendered":"Vozol Gear Shisha 25K Puffs Blackberry Ice Vape Jetable (24ml, 5% Nicotine) \u2013 Affichage Intelligent, Double R\u00e9sistance Mesh"},"content":{"rendered":"<h2>Vozol Gear Shisha 25K Puffs \u2013 Glace M\u00fbre<\/h2>\n<p><strong>Glace M\u00fbre<\/strong> apporte une douceur de m\u00fbre profonde et juteuse, agr\u00e9ment\u00e9e d'une finition glac\u00e9e et propre. Le go\u00fbt de la baie frappe en premier\u2014riche et sombre\u2014puis une brise fra\u00eeche suit pour garder chaque bouff\u00e9e nette et rafra\u00eechissante. C'est une saveur douce et \u00e9quilibr\u00e9e qui semble vive sans dominer le fruit.<\/p>\n<p>Con\u00e7u pour de longues sessions, le <strong>Vozol Gear Shisha 25k Puffs<\/strong> combine un g\u00e9n\u00e9reux <strong>capacit\u00e9 de e-liquide de 24ml<\/strong> avec un <strong>\u00e9cran couleur intelligent de 2,1 pouces<\/strong> qui affiche vos niveaux de batterie et de e-liquide en un coup d'\u0153il. Le <strong>Double Bobine Mesh<\/strong> est con\u00e7u pour fournir un chauffage constant pour une vapeur dense et uniforme, tandis que <strong>puissance r\u00e9glable<\/strong> vous permet d'ajuster l'intensit\u00e9 pour correspondre \u00e0 votre style.<\/p>\n<h3>Caract\u00e9ristiques cl\u00e9s<\/h3>\n<ul>\n<li><strong>Jusqu'\u00e0 25 000 bouff\u00e9es<\/strong> (l'utilisation varie selon la longueur du tirage)<\/li>\n<li><strong>Saveur :<\/strong> Glace M\u00fbre (baies noires sucr\u00e9es + finition rafra\u00eechissante)<\/li>\n<li><strong>Double Bobine Mesh<\/strong> pour une vapeur douce et constante<\/li>\n<li><strong>capacit\u00e9 de e-liquide de 24ml<\/strong> pour une utilisation prolong\u00e9e<\/li>\n<li><strong>5% nicotine<\/strong> (comme sp\u00e9cifi\u00e9)<\/li>\n<li><strong>batterie rechargeable de 1000mAh<\/strong> avec <strong>Recharge USB Type-C<\/strong><\/li>\n<li><strong>\u00e9cran intelligent couleur de 2,1 pouces<\/strong> pour le suivi de la batterie et de l'e-liquide<\/li>\n<li><strong>Puissance r\u00e9glable<\/strong> pour un tirage personnalis\u00e9<\/li>\n<\/ul>\n<h3>Pourquoi Glace M\u00fbre est un choix incontournable<\/h3>\n<p>Si vous aimez les saveurs fruit\u00e9es qui restent audacieuses du d\u00e9but \u00e0 la fin, Glace M\u00fbre garde le profil de la baie au premier plan, tandis que la note rafra\u00eechissante aide \u00e0 rester propre et facile \u00e0 vapoter\u2014id\u00e9al pour une rotation toute la journ\u00e9e.<\/p>\n<p>Explorez plus d'options sur <a href=\"https:\/\/fumot.uk\/fr\/\">fumot.uk<\/a>, ou parcourez nos s\u00e9lections inspir\u00e9es de la m\u00fbre ici : <a href=\"https:\/\/fumot.uk\/fr\/product-tag\/blackberry\/\">Collection Vape M\u00fbre<\/a>.<\/p>","protected":false},"excerpt":{"rendered":"<p>Vozol Gear Shisha 25K Puffs Blackberry Ice : saveur de m\u00fbre noire juteuse avec une finition glac\u00e9e et croquante. 24ml, 5% nicotine, Double R\u00e9sistance Mesh, \u00e9cran intelligent 2.1\u2033, rechargeable Type\u2011C 1000mAh.<\/p>","protected":false},"featured_media":3269,"comment_status":"open","ping_status":"closed","template":"","meta":[],"product_brand":[],"product_cat":[172,17,173],"product_tag":[174,171,21,41,88,72,73,26,62,28],"class_list":{"0":"post-3230","1":"product","2":"type-product","3":"status-publish","4":"has-post-thumbnail","6":"product_cat-25000-puff","7":"product_cat-vape","8":"product_cat-vozol-gear-shisha-25k-puffs","9":"product_tag-1000-mah","10":"product_tag-24ml","11":"product_tag-adjustable-airflow","12":"product_tag-berry","13":"product_tag-blackberry","14":"product_tag-direct-to-lung","15":"product_tag-dual-mesh","16":"product_tag-rechargeable","17":"product_tag-sale-vape","18":"product_tag-type-c","20":"first","21":"instock","22":"sale","23":"shipping-taxable","24":"purchasable","25":"product-type-variable","26":"has-default-attributes"},"yoast_head":"<!-- This site is optimized with the Yoast SEO plugin v26.8 - https:\/\/yoast.com\/product\/yoast-seo-wordpress\/ -->\n<title>Vozol Gear Shisha 25K Blackberry Ice | 24ml 5% Nic<\/title>\n<meta name=\"description\" content=\"Vozol Gear Shisha 25K Puffs Blackberry Ice disposable vape: sweet blackberry + icy cool finish. 24ml, 5% nicotine, Dual Mesh Coil, smart display, Type\u2011C.\" \/>\n<meta name=\"robots\" content=\"index, follow, max-snippet:-1, max-image-preview:large, max-video-preview:-1\" \/>\n<link rel=\"canonical\" href=\"https:\/\/fumot.uk\/fr\/product\/vozol-gear-shisha-25k-puffs-blackberry-ice\/\" \/>\n<meta property=\"og:locale\" content=\"fr_FR\" \/>\n<meta property=\"og:type\" content=\"article\" \/>\n<meta property=\"og:title\" content=\"Vozol Gear Shisha 25K Puffs \u2013 Blackberry Ice\" \/>\n<meta property=\"og:description\" content=\"Rich blackberry sweetness with a clean icy finish. 24ml, 5% nicotine, Dual Mesh Coil, smart display, 1000mAh rechargeable with Type\u2011C.\" \/>\n<meta property=\"og:url\" content=\"https:\/\/fumot.uk\/fr\/product\/vozol-gear-shisha-25k-puffs-blackberry-ice\/\" \/>\n<meta property=\"og:site_name\" content=\"Fumot Official Direct | Straight from the Factory, 100% Genuine\" \/>\n<meta property=\"article:modified_time\" content=\"2026-01-21T02:55:31+00:00\" \/>\n<meta property=\"og:image\" content=\"https:\/\/fumot.uk\/wp-content\/uploads\/2026\/01\/Blackberry-ice-Vozol-Gear-Shisha-25k-Disposable-Vape.jpg\" \/>\n\t<meta property=\"og:image:width\" content=\"1080\" \/>\n\t<meta property=\"og:image:height\" content=\"1080\" \/>\n\t<meta property=\"og:image:type\" content=\"image\/jpeg\" \/>\n<meta name=\"twitter:card\" content=\"summary_large_image\" \/>\n<meta name=\"twitter:label1\" content=\"Dur\u00e9e de lecture estim\u00e9e\" \/>\n\t<meta name=\"twitter:data1\" content=\"2 minutes\" \/>\n<script type=\"application\/ld+json\" class=\"yoast-schema-graph\">{\"@context\":\"https:\/\/schema.org\",\"@graph\":[{\"@type\":\"WebPage\",\"@id\":\"https:\/\/fumot.uk\/product\/vozol-gear-shisha-25k-puffs-blackberry-ice\/\",\"url\":\"https:\/\/fumot.uk\/product\/vozol-gear-shisha-25k-puffs-blackberry-ice\/\",\"name\":\"Vozol Gear Shisha 25K Blackberry Ice | 24ml 5% Nic\",\"isPartOf\":{\"@id\":\"https:\/\/fumot.uk\/#website\"},\"primaryImageOfPage\":{\"@id\":\"https:\/\/fumot.uk\/product\/vozol-gear-shisha-25k-puffs-blackberry-ice\/#primaryimage\"},\"image\":{\"@id\":\"https:\/\/fumot.uk\/product\/vozol-gear-shisha-25k-puffs-blackberry-ice\/#primaryimage\"},\"thumbnailUrl\":\"https:\/\/fumot.uk\/wp-content\/uploads\/2026\/01\/Blackberry-ice-Vozol-Gear-Shisha-25k-Disposable-Vape.jpg\",\"datePublished\":\"2026-01-20T10:09:08+00:00\",\"dateModified\":\"2026-01-21T02:55:31+00:00\",\"description\":\"Vozol Gear Shisha 25K Puffs Blackberry Ice disposable vape: sweet blackberry + icy cool finish. 24ml, 5% nicotine, Dual Mesh Coil, smart display, Type\u2011C.\",\"breadcrumb\":{\"@id\":\"https:\/\/fumot.uk\/product\/vozol-gear-shisha-25k-puffs-blackberry-ice\/#breadcrumb\"},\"inLanguage\":\"fr-FR\",\"potentialAction\":[{\"@type\":\"ReadAction\",\"target\":[\"https:\/\/fumot.uk\/product\/vozol-gear-shisha-25k-puffs-blackberry-ice\/\"]}]},{\"@type\":\"ImageObject\",\"inLanguage\":\"fr-FR\",\"@id\":\"https:\/\/fumot.uk\/product\/vozol-gear-shisha-25k-puffs-blackberry-ice\/#primaryimage\",\"url\":\"https:\/\/fumot.uk\/wp-content\/uploads\/2026\/01\/Blackberry-ice-Vozol-Gear-Shisha-25k-Disposable-Vape.jpg\",\"contentUrl\":\"https:\/\/fumot.uk\/wp-content\/uploads\/2026\/01\/Blackberry-ice-Vozol-Gear-Shisha-25k-Disposable-Vape.jpg\",\"width\":1080,\"height\":1080},{\"@type\":\"BreadcrumbList\",\"@id\":\"https:\/\/fumot.uk\/product\/vozol-gear-shisha-25k-puffs-blackberry-ice\/#breadcrumb\",\"itemListElement\":[{\"@type\":\"ListItem\",\"position\":1,\"name\":\"Home\",\"item\":\"https:\/\/fumot.uk\/\"},{\"@type\":\"ListItem\",\"position\":2,\"name\":\"Shop\",\"item\":\"https:\/\/fumot.uk\/shop\/\"},{\"@type\":\"ListItem\",\"position\":3,\"name\":\"Vozol Gear Shisha 25K Puffs Blackberry Ice Disposable Vape (24ml, 5% Nicotine) \u2013 Smart Display, Dual Mesh Coil\"}]},{\"@type\":\"WebSite\",\"@id\":\"https:\/\/fumot.uk\/#website\",\"url\":\"https:\/\/fumot.uk\/\",\"name\":\"Fumot Official Direct | Straight from the Factory, 100% Genuine\",\"description\":\"Official Website\",\"publisher\":{\"@id\":\"https:\/\/fumot.uk\/#organization\"},\"potentialAction\":[{\"@type\":\"SearchAction\",\"target\":{\"@type\":\"EntryPoint\",\"urlTemplate\":\"https:\/\/fumot.uk\/?s={search_term_string}\"},\"query-input\":{\"@type\":\"PropertyValueSpecification\",\"valueRequired\":true,\"valueName\":\"search_term_string\"}}],\"inLanguage\":\"fr-FR\"},{\"@type\":\"Organization\",\"@id\":\"https:\/\/fumot.uk\/#organization\",\"name\":\"Fumot Official Direct | Straight from the Factory, 100% Genuine\",\"url\":\"https:\/\/fumot.uk\/\",\"logo\":{\"@type\":\"ImageObject\",\"inLanguage\":\"fr-FR\",\"@id\":\"https:\/\/fumot.uk\/#\/schema\/logo\/image\/\",\"url\":\"https:\/\/fumot.uk\/wp-content\/uploads\/2026\/01\/cropped-fumot-logo1.png\",\"contentUrl\":\"https:\/\/fumot.uk\/wp-content\/uploads\/2026\/01\/cropped-fumot-logo1.png\",\"width\":152,\"height\":106,\"caption\":\"Fumot Official Direct | Straight from the Factory, 100% Genuine\"},\"image\":{\"@id\":\"https:\/\/fumot.uk\/#\/schema\/logo\/image\/\"}}]}<\/script>\n<!-- \/ Yoast SEO plugin. -->","yoast_head_json":{"title":"Vozol Gear Shisha 25K Glace \u00e0 la M\u00fbre | 24ml 5% Nic","description":"Vozol Gear Shisha 25K Puffs Blackberry Ice vape jetable : m\u00fbre sucr\u00e9e + finition glac\u00e9e. 24ml, 5% nicotine, Double Mesh Coil, affichage intelligent, Type\u2011C.","robots":{"index":"index","follow":"follow","max-snippet":"max-snippet:-1","max-image-preview":"max-image-preview:large","max-video-preview":"max-video-preview:-1"},"canonical":"https:\/\/fumot.uk\/fr\/product\/vozol-gear-shisha-25k-puffs-blackberry-ice\/","og_locale":"fr_FR","og_type":"article","og_title":"Vozol Gear Shisha 25K Puffs \u2013 Blackberry Ice","og_description":"Rich blackberry sweetness with a clean icy finish. 24ml, 5% nicotine, Dual Mesh Coil, smart display, 1000mAh rechargeable with Type\u2011C.","og_url":"https:\/\/fumot.uk\/fr\/product\/vozol-gear-shisha-25k-puffs-blackberry-ice\/","og_site_name":"Fumot Official Direct | Straight from the Factory, 100% Genuine","article_modified_time":"2026-01-21T02:55:31+00:00","og_image":[{"width":1080,"height":1080,"url":"https:\/\/fumot.uk\/wp-content\/uploads\/2026\/01\/Blackberry-ice-Vozol-Gear-Shisha-25k-Disposable-Vape.jpg","type":"image\/jpeg"}],"twitter_card":"summary_large_image","twitter_misc":{"Dur\u00e9e de lecture estim\u00e9e":"2 minutes"},"schema":{"@context":"https:\/\/schema.org","@graph":[{"@type":"WebPage","@id":"https:\/\/fumot.uk\/product\/vozol-gear-shisha-25k-puffs-blackberry-ice\/","url":"https:\/\/fumot.uk\/product\/vozol-gear-shisha-25k-puffs-blackberry-ice\/","name":"Vozol Gear Shisha 25K Glace \u00e0 la M\u00fbre | 24ml 5% Nic","isPartOf":{"@id":"https:\/\/fumot.uk\/#website"},"primaryImageOfPage":{"@id":"https:\/\/fumot.uk\/product\/vozol-gear-shisha-25k-puffs-blackberry-ice\/#primaryimage"},"image":{"@id":"https:\/\/fumot.uk\/product\/vozol-gear-shisha-25k-puffs-blackberry-ice\/#primaryimage"},"thumbnailUrl":"https:\/\/fumot.uk\/wp-content\/uploads\/2026\/01\/Blackberry-ice-Vozol-Gear-Shisha-25k-Disposable-Vape.jpg","datePublished":"2026-01-20T10:09:08+00:00","dateModified":"2026-01-21T02:55:31+00:00","description":"Vozol Gear Shisha 25K Puffs Blackberry Ice vape jetable : m\u00fbre sucr\u00e9e + finition glac\u00e9e. 24ml, 5% nicotine, Double Mesh Coil, affichage intelligent, Type\u2011C.","breadcrumb":{"@id":"https:\/\/fumot.uk\/product\/vozol-gear-shisha-25k-puffs-blackberry-ice\/#breadcrumb"},"inLanguage":"fr-FR","potentialAction":[{"@type":"ReadAction","target":["https:\/\/fumot.uk\/product\/vozol-gear-shisha-25k-puffs-blackberry-ice\/"]}]},{"@type":"ImageObject","inLanguage":"fr-FR","@id":"https:\/\/fumot.uk\/product\/vozol-gear-shisha-25k-puffs-blackberry-ice\/#primaryimage","url":"https:\/\/fumot.uk\/wp-content\/uploads\/2026\/01\/Blackberry-ice-Vozol-Gear-Shisha-25k-Disposable-Vape.jpg","contentUrl":"https:\/\/fumot.uk\/wp-content\/uploads\/2026\/01\/Blackberry-ice-Vozol-Gear-Shisha-25k-Disposable-Vape.jpg","width":1080,"height":1080},{"@type":"BreadcrumbList","@id":"https:\/\/fumot.uk\/product\/vozol-gear-shisha-25k-puffs-blackberry-ice\/#breadcrumb","itemListElement":[{"@type":"ListItem","position":1,"name":"Home","item":"https:\/\/fumot.uk\/"},{"@type":"ListItem","position":2,"name":"Shop","item":"https:\/\/fumot.uk\/shop\/"},{"@type":"ListItem","position":3,"name":"Vozol Gear Shisha 25K Puffs Blackberry Ice Disposable Vape (24ml, 5% Nicotine) \u2013 Smart Display, Dual Mesh Coil"}]},{"@type":"WebSite","@id":"https:\/\/fumot.uk\/#website","url":"https:\/\/fumot.uk\/","name":"Fumot Official Direct | Directement de l'usine, 100% Authentique","description":"Site officiel","publisher":{"@id":"https:\/\/fumot.uk\/#organization"},"potentialAction":[{"@type":"SearchAction","target":{"@type":"EntryPoint","urlTemplate":"https:\/\/fumot.uk\/?s={search_term_string}"},"query-input":{"@type":"PropertyValueSpecification","valueRequired":true,"valueName":"search_term_string"}}],"inLanguage":"fr-FR"},{"@type":"Organization","@id":"https:\/\/fumot.uk\/#organization","name":"Fumot Official Direct | Directement de l'usine, 100% Authentique","url":"https:\/\/fumot.uk\/","logo":{"@type":"ImageObject","inLanguage":"fr-FR","@id":"https:\/\/fumot.uk\/#\/schema\/logo\/image\/","url":"https:\/\/fumot.uk\/wp-content\/uploads\/2026\/01\/cropped-fumot-logo1.png","contentUrl":"https:\/\/fumot.uk\/wp-content\/uploads\/2026\/01\/cropped-fumot-logo1.png","width":152,"height":106,"caption":"Fumot Official Direct | Straight from the Factory, 100% Genuine"},"image":{"@id":"https:\/\/fumot.uk\/#\/schema\/logo\/image\/"}}]}},"_links":{"self":[{"href":"https:\/\/fumot.uk\/fr\/wp-json\/wp\/v2\/product\/3230","targetHints":{"allow":["GET"]}}],"collection":[{"href":"https:\/\/fumot.uk\/fr\/wp-json\/wp\/v2\/product"}],"about":[{"href":"https:\/\/fumot.uk\/fr\/wp-json\/wp\/v2\/types\/product"}],"replies":[{"embeddable":true,"href":"https:\/\/fumot.uk\/fr\/wp-json\/wp\/v2\/comments?post=3230"}],"wp:featuredmedia":[{"embeddable":true,"href":"https:\/\/fumot.uk\/fr\/wp-json\/wp\/v2\/media\/3269"}],"wp:attachment":[{"href":"https:\/\/fumot.uk\/fr\/wp-json\/wp\/v2\/media?parent=3230"}],"wp:term":[{"taxonomy":"product_brand","embeddable":true,"href":"https:\/\/fumot.uk\/fr\/wp-json\/wp\/v2\/product_brand?post=3230"},{"taxonomy":"product_cat","embeddable":true,"href":"https:\/\/fumot.uk\/fr\/wp-json\/wp\/v2\/product_cat?post=3230"},{"taxonomy":"product_tag","embeddable":true,"href":"https:\/\/fumot.uk\/fr\/wp-json\/wp\/v2\/product_tag?post=3230"}],"curies":[{"name":"wp","href":"https:\/\/api.w.org\/{rel}","templated":true}]}}