{"id":3224,"date":"2026-01-20T10:09:07","date_gmt":"2026-01-20T10:09:07","guid":{"rendered":"https:\/\/fumot.uk\/?post_type=product&#038;p=3224"},"modified":"2026-01-21T02:56:46","modified_gmt":"2026-01-21T02:56:46","slug":"strawberry-mango-vozol-star-20000-puffs","status":"publish","type":"product","link":"https:\/\/fumot.uk\/fr\/product\/strawberry-mango-vozol-star-20000-puffs\/","title":{"rendered":"Vozol Star 20000 Puffs Vape Jetable Fraise Mangue (24ml, 5% Nicotine, Double Mesh, \u00c9cran LED)"},"content":{"rendered":"<h2>Vozol Star 20000 Puffs \u2013 Fraise Mangue<\/h2>\n<p>Apportez une touche tropicale \u00e0 votre journ\u00e9e avec le <strong>Vozol Star 20000 Puffs Fraise Mangue<\/strong>. Ce m\u00e9lange fruit\u00e9 associe la douceur sucr\u00e9e des fraises m\u00fbres \u00e0 la profondeur douce et ensoleill\u00e9e de la mangue\u2014propre \u00e0 l'inhalation, juteux \u00e0 la fin. Il est con\u00e7u pour les vapoteurs qui aiment <strong>la saveur fruit\u00e9e audacieuse<\/strong> avec une sensation \u00e9quilibr\u00e9e et rafra\u00eechissante.<\/p>\n<p>Con\u00e7u pour la commodit\u00e9 et la coh\u00e9rence, ce <strong>vape jetable 20000 bouff\u00e9es<\/strong> vient <strong>pr\u00e9-rempli avec 24ml d'e-liquide<\/strong>, dispose <strong>des doubles r\u00e9sistances en mesh<\/strong> pour un chauffage uniforme, et inclut un <strong>affichage LED complet<\/strong> pour que vous puissiez v\u00e9rifier les niveaux de batterie et d'e-liquide en un coup d'\u0153il. Le <strong>Batterie rechargeable de 650mAh<\/strong> avec <strong>USB Type-C<\/strong> aide \u00e0 garder votre appareil en marche quand vous en avez besoin.<\/p>\n<h3>Profil de saveur : Fraise Mangue<\/h3>\n<ul>\n<li><strong>Note de t\u00eate :<\/strong> Ar\u00f4me de fraise sucr\u00e9e<\/li>\n<li><strong>Corps :<\/strong> Mangue tropicale luxuriante<\/li>\n<li><strong>Global :<\/strong> Juteux, doux, et inspir\u00e9 de l'\u00e9t\u00e9 sans \u00eatre \u00e9crasant<\/li>\n<\/ul>\n<h3>Caract\u00e9ristiques cl\u00e9s<\/h3>\n<ul>\n<li><strong>Jusqu'\u00e0 20000 bouff\u00e9es<\/strong> (l'utilisation varie selon le style de vapotage)<\/li>\n<li><strong>Force de nicotine :<\/strong> 5% (50mg)<\/li>\n<li><strong>Capacit\u00e9 de e-liquide :<\/strong> 24ml pr\u00e9-rempli<\/li>\n<li><strong>Batterie :<\/strong> 650mAh rechargeable<\/li>\n<li><strong>R\u00e9sistance :<\/strong> Bobines Mesh Doubles pour une vapeur dense et constante<\/li>\n<li><strong>Affichage LED complet :<\/strong> Niveau de batterie et d'e-liquide en temps r\u00e9el<\/li>\n<li><strong>Chargement :<\/strong> USB Type-C pour une recharge plus rapide et plus facile<\/li>\n<\/ul>\n<h3>Pourquoi choisir Vozol Star 20000 ?<\/h3>\n<p>Si vous recherchez un <strong>vape jetable longue dur\u00e9e<\/strong> avec une lecture claire et un go\u00fbt fruit\u00e9 qui reste satisfaisant, Fraise Mangue est un choix remarquable. C'est une option simple et pratique pour le voyage qui maintient la saveur et la performance constantes du premier au dernier souffle.<\/p>\n<p><strong>Explorez plus de saveurs et d'appareils 20000 puffs :<\/strong> <a href=\"https:\/\/fumot.uk\/fr\/\" target=\"_blank\" rel=\"noopener\">fumot.uk<\/a><\/p>\n<p><em>Remarque :<\/em> Ce produit contient de la nicotine, une substance chimique addictive. Interdit \u00e0 la vente aux mineurs.<\/p>","protected":false},"excerpt":{"rendered":"<p>Vozol Star 20000 Puffs Vape jetable Fraise Mangue avec 24ml d'e-liquide, 5% de nicotine, double bobines en mesh, affichage LED, et une batterie rechargeable Type\u2011C de 650mAh.<\/p>","protected":false},"featured_media":3242,"comment_status":"open","ping_status":"closed","template":"","meta":[],"product_brand":[],"product_cat":[68,17,170],"product_tag":[171,131,72,23,73,42,26,27,62,37,28],"class_list":{"0":"post-3224","1":"product","2":"type-product","3":"status-publish","4":"has-post-thumbnail","6":"product_cat-20000-puff","7":"product_cat-vape","8":"product_cat-vozol-star-20000-puffs","9":"product_tag-24ml","10":"product_tag-650mah","11":"product_tag-direct-to-lung","12":"product_tag-display","13":"product_tag-dual-mesh","14":"product_tag-mango","15":"product_tag-rechargeable","16":"product_tag-rgb-light","17":"product_tag-sale-vape","18":"product_tag-strawberry","19":"product_tag-type-c","21":"first","22":"instock","23":"sale","24":"shipping-taxable","25":"purchasable","26":"product-type-variable","27":"has-default-attributes"},"yoast_head":"<!-- This site is optimized with the Yoast SEO plugin v26.8 - https:\/\/yoast.com\/product\/yoast-seo-wordpress\/ -->\n<title>Vozol Star 20000 Puffs Strawberry Mango | 24ml 5%<\/title>\n<meta name=\"description\" content=\"Shop Vozol Star 20000 Puffs Strawberry Mango: 24ml prefilled, 5% nicotine, dual mesh coils, LED display, 650mAh Type\u2011C rechargeable battery.\" \/>\n<meta name=\"robots\" content=\"index, follow, max-snippet:-1, max-image-preview:large, max-video-preview:-1\" \/>\n<link rel=\"canonical\" href=\"https:\/\/fumot.uk\/fr\/product\/strawberry-mango-vozol-star-20000-puffs\/\" \/>\n<meta property=\"og:locale\" content=\"fr_FR\" \/>\n<meta property=\"og:type\" content=\"article\" \/>\n<meta property=\"og:title\" content=\"Vozol Star 20000 Puffs Strawberry Mango (24ml, 5% Nicotine)\" \/>\n<meta property=\"og:description\" content=\"Juicy strawberry meets tropical mango in Vozol Star 20000 Puffs. 24ml prefilled, dual mesh coils, LED display, 650mAh Type\u2011C rechargeable.\" \/>\n<meta property=\"og:url\" content=\"https:\/\/fumot.uk\/fr\/product\/strawberry-mango-vozol-star-20000-puffs\/\" \/>\n<meta property=\"og:site_name\" content=\"Fumot Official Direct | Straight from the Factory, 100% Genuine\" \/>\n<meta property=\"article:modified_time\" content=\"2026-01-21T02:56:46+00:00\" \/>\n<meta property=\"og:image\" content=\"https:\/\/fumot.uk\/wp-content\/uploads\/2026\/01\/strawberry-mango-vozol-star-20000-disposable-vape.png\" \/>\n\t<meta property=\"og:image:width\" content=\"1170\" \/>\n\t<meta property=\"og:image:height\" content=\"1170\" \/>\n\t<meta property=\"og:image:type\" content=\"image\/png\" \/>\n<meta name=\"twitter:card\" content=\"summary_large_image\" \/>\n<meta name=\"twitter:label1\" content=\"Dur\u00e9e de lecture estim\u00e9e\" \/>\n\t<meta name=\"twitter:data1\" content=\"2 minutes\" \/>\n<script type=\"application\/ld+json\" class=\"yoast-schema-graph\">{\"@context\":\"https:\/\/schema.org\",\"@graph\":[{\"@type\":\"WebPage\",\"@id\":\"https:\/\/fumot.uk\/product\/strawberry-mango-vozol-star-20000-puffs\/\",\"url\":\"https:\/\/fumot.uk\/product\/strawberry-mango-vozol-star-20000-puffs\/\",\"name\":\"Vozol Star 20000 Puffs Strawberry Mango | 24ml 5%\",\"isPartOf\":{\"@id\":\"https:\/\/fumot.uk\/#website\"},\"primaryImageOfPage\":{\"@id\":\"https:\/\/fumot.uk\/product\/strawberry-mango-vozol-star-20000-puffs\/#primaryimage\"},\"image\":{\"@id\":\"https:\/\/fumot.uk\/product\/strawberry-mango-vozol-star-20000-puffs\/#primaryimage\"},\"thumbnailUrl\":\"https:\/\/fumot.uk\/wp-content\/uploads\/2026\/01\/strawberry-mango-vozol-star-20000-disposable-vape.png\",\"datePublished\":\"2026-01-20T10:09:07+00:00\",\"dateModified\":\"2026-01-21T02:56:46+00:00\",\"description\":\"Shop Vozol Star 20000 Puffs Strawberry Mango: 24ml prefilled, 5% nicotine, dual mesh coils, LED display, 650mAh Type\u2011C rechargeable battery.\",\"breadcrumb\":{\"@id\":\"https:\/\/fumot.uk\/product\/strawberry-mango-vozol-star-20000-puffs\/#breadcrumb\"},\"inLanguage\":\"fr-FR\",\"potentialAction\":[{\"@type\":\"ReadAction\",\"target\":[\"https:\/\/fumot.uk\/product\/strawberry-mango-vozol-star-20000-puffs\/\"]}]},{\"@type\":\"ImageObject\",\"inLanguage\":\"fr-FR\",\"@id\":\"https:\/\/fumot.uk\/product\/strawberry-mango-vozol-star-20000-puffs\/#primaryimage\",\"url\":\"https:\/\/fumot.uk\/wp-content\/uploads\/2026\/01\/strawberry-mango-vozol-star-20000-disposable-vape.png\",\"contentUrl\":\"https:\/\/fumot.uk\/wp-content\/uploads\/2026\/01\/strawberry-mango-vozol-star-20000-disposable-vape.png\",\"width\":1170,\"height\":1170},{\"@type\":\"BreadcrumbList\",\"@id\":\"https:\/\/fumot.uk\/product\/strawberry-mango-vozol-star-20000-puffs\/#breadcrumb\",\"itemListElement\":[{\"@type\":\"ListItem\",\"position\":1,\"name\":\"Home\",\"item\":\"https:\/\/fumot.uk\/\"},{\"@type\":\"ListItem\",\"position\":2,\"name\":\"Shop\",\"item\":\"https:\/\/fumot.uk\/shop\/\"},{\"@type\":\"ListItem\",\"position\":3,\"name\":\"Vozol Star 20000 Puffs Strawberry Mango Disposable Vape (24ml, 5% Nicotine, Dual Mesh, LED Display)\"}]},{\"@type\":\"WebSite\",\"@id\":\"https:\/\/fumot.uk\/#website\",\"url\":\"https:\/\/fumot.uk\/\",\"name\":\"Fumot Official Direct | Straight from the Factory, 100% Genuine\",\"description\":\"Official Website\",\"publisher\":{\"@id\":\"https:\/\/fumot.uk\/#organization\"},\"potentialAction\":[{\"@type\":\"SearchAction\",\"target\":{\"@type\":\"EntryPoint\",\"urlTemplate\":\"https:\/\/fumot.uk\/?s={search_term_string}\"},\"query-input\":{\"@type\":\"PropertyValueSpecification\",\"valueRequired\":true,\"valueName\":\"search_term_string\"}}],\"inLanguage\":\"fr-FR\"},{\"@type\":\"Organization\",\"@id\":\"https:\/\/fumot.uk\/#organization\",\"name\":\"Fumot Official Direct | Straight from the Factory, 100% Genuine\",\"url\":\"https:\/\/fumot.uk\/\",\"logo\":{\"@type\":\"ImageObject\",\"inLanguage\":\"fr-FR\",\"@id\":\"https:\/\/fumot.uk\/#\/schema\/logo\/image\/\",\"url\":\"https:\/\/fumot.uk\/wp-content\/uploads\/2026\/01\/cropped-fumot-logo1.png\",\"contentUrl\":\"https:\/\/fumot.uk\/wp-content\/uploads\/2026\/01\/cropped-fumot-logo1.png\",\"width\":152,\"height\":106,\"caption\":\"Fumot Official Direct | Straight from the Factory, 100% Genuine\"},\"image\":{\"@id\":\"https:\/\/fumot.uk\/#\/schema\/logo\/image\/\"}}]}<\/script>\n<!-- \/ Yoast SEO plugin. -->","yoast_head_json":{"title":"Vozol Star 20000 Puffs Fraise Mangue | 24ml 5%","description":"Magasinez Vozol Star 20000 Puffs Fraise Mangue : 24ml pr\u00e9-rempli, 5% nicotine, double bobine en maille, \u00e9cran LED, batterie rechargeable 650mAh Type\u2011C.","robots":{"index":"index","follow":"follow","max-snippet":"max-snippet:-1","max-image-preview":"max-image-preview:large","max-video-preview":"max-video-preview:-1"},"canonical":"https:\/\/fumot.uk\/fr\/product\/strawberry-mango-vozol-star-20000-puffs\/","og_locale":"fr_FR","og_type":"article","og_title":"Vozol Star 20000 Puffs Strawberry Mango (24ml, 5% Nicotine)","og_description":"Juicy strawberry meets tropical mango in Vozol Star 20000 Puffs. 24ml prefilled, dual mesh coils, LED display, 650mAh Type\u2011C rechargeable.","og_url":"https:\/\/fumot.uk\/fr\/product\/strawberry-mango-vozol-star-20000-puffs\/","og_site_name":"Fumot Official Direct | Straight from the Factory, 100% Genuine","article_modified_time":"2026-01-21T02:56:46+00:00","og_image":[{"width":1170,"height":1170,"url":"https:\/\/fumot.uk\/wp-content\/uploads\/2026\/01\/strawberry-mango-vozol-star-20000-disposable-vape.png","type":"image\/png"}],"twitter_card":"summary_large_image","twitter_misc":{"Dur\u00e9e de lecture estim\u00e9e":"2 minutes"},"schema":{"@context":"https:\/\/schema.org","@graph":[{"@type":"WebPage","@id":"https:\/\/fumot.uk\/product\/strawberry-mango-vozol-star-20000-puffs\/","url":"https:\/\/fumot.uk\/product\/strawberry-mango-vozol-star-20000-puffs\/","name":"Vozol Star 20000 Puffs Fraise Mangue | 24ml 5%","isPartOf":{"@id":"https:\/\/fumot.uk\/#website"},"primaryImageOfPage":{"@id":"https:\/\/fumot.uk\/product\/strawberry-mango-vozol-star-20000-puffs\/#primaryimage"},"image":{"@id":"https:\/\/fumot.uk\/product\/strawberry-mango-vozol-star-20000-puffs\/#primaryimage"},"thumbnailUrl":"https:\/\/fumot.uk\/wp-content\/uploads\/2026\/01\/strawberry-mango-vozol-star-20000-disposable-vape.png","datePublished":"2026-01-20T10:09:07+00:00","dateModified":"2026-01-21T02:56:46+00:00","description":"Magasinez Vozol Star 20000 Puffs Fraise Mangue : 24ml pr\u00e9-rempli, 5% nicotine, double bobine en maille, \u00e9cran LED, batterie rechargeable 650mAh Type\u2011C.","breadcrumb":{"@id":"https:\/\/fumot.uk\/product\/strawberry-mango-vozol-star-20000-puffs\/#breadcrumb"},"inLanguage":"fr-FR","potentialAction":[{"@type":"ReadAction","target":["https:\/\/fumot.uk\/product\/strawberry-mango-vozol-star-20000-puffs\/"]}]},{"@type":"ImageObject","inLanguage":"fr-FR","@id":"https:\/\/fumot.uk\/product\/strawberry-mango-vozol-star-20000-puffs\/#primaryimage","url":"https:\/\/fumot.uk\/wp-content\/uploads\/2026\/01\/strawberry-mango-vozol-star-20000-disposable-vape.png","contentUrl":"https:\/\/fumot.uk\/wp-content\/uploads\/2026\/01\/strawberry-mango-vozol-star-20000-disposable-vape.png","width":1170,"height":1170},{"@type":"BreadcrumbList","@id":"https:\/\/fumot.uk\/product\/strawberry-mango-vozol-star-20000-puffs\/#breadcrumb","itemListElement":[{"@type":"ListItem","position":1,"name":"Home","item":"https:\/\/fumot.uk\/"},{"@type":"ListItem","position":2,"name":"Shop","item":"https:\/\/fumot.uk\/shop\/"},{"@type":"ListItem","position":3,"name":"Vozol Star 20000 Puffs Strawberry Mango Disposable Vape (24ml, 5% Nicotine, Dual Mesh, LED Display)"}]},{"@type":"WebSite","@id":"https:\/\/fumot.uk\/#website","url":"https:\/\/fumot.uk\/","name":"Fumot Official Direct | Directement de l'usine, 100% Authentique","description":"Site officiel","publisher":{"@id":"https:\/\/fumot.uk\/#organization"},"potentialAction":[{"@type":"SearchAction","target":{"@type":"EntryPoint","urlTemplate":"https:\/\/fumot.uk\/?s={search_term_string}"},"query-input":{"@type":"PropertyValueSpecification","valueRequired":true,"valueName":"search_term_string"}}],"inLanguage":"fr-FR"},{"@type":"Organization","@id":"https:\/\/fumot.uk\/#organization","name":"Fumot Official Direct | Directement de l'usine, 100% Authentique","url":"https:\/\/fumot.uk\/","logo":{"@type":"ImageObject","inLanguage":"fr-FR","@id":"https:\/\/fumot.uk\/#\/schema\/logo\/image\/","url":"https:\/\/fumot.uk\/wp-content\/uploads\/2026\/01\/cropped-fumot-logo1.png","contentUrl":"https:\/\/fumot.uk\/wp-content\/uploads\/2026\/01\/cropped-fumot-logo1.png","width":152,"height":106,"caption":"Fumot Official Direct | Straight from the Factory, 100% Genuine"},"image":{"@id":"https:\/\/fumot.uk\/#\/schema\/logo\/image\/"}}]}},"_links":{"self":[{"href":"https:\/\/fumot.uk\/fr\/wp-json\/wp\/v2\/product\/3224","targetHints":{"allow":["GET"]}}],"collection":[{"href":"https:\/\/fumot.uk\/fr\/wp-json\/wp\/v2\/product"}],"about":[{"href":"https:\/\/fumot.uk\/fr\/wp-json\/wp\/v2\/types\/product"}],"replies":[{"embeddable":true,"href":"https:\/\/fumot.uk\/fr\/wp-json\/wp\/v2\/comments?post=3224"}],"wp:featuredmedia":[{"embeddable":true,"href":"https:\/\/fumot.uk\/fr\/wp-json\/wp\/v2\/media\/3242"}],"wp:attachment":[{"href":"https:\/\/fumot.uk\/fr\/wp-json\/wp\/v2\/media?parent=3224"}],"wp:term":[{"taxonomy":"product_brand","embeddable":true,"href":"https:\/\/fumot.uk\/fr\/wp-json\/wp\/v2\/product_brand?post=3224"},{"taxonomy":"product_cat","embeddable":true,"href":"https:\/\/fumot.uk\/fr\/wp-json\/wp\/v2\/product_cat?post=3224"},{"taxonomy":"product_tag","embeddable":true,"href":"https:\/\/fumot.uk\/fr\/wp-json\/wp\/v2\/product_tag?post=3224"}],"curies":[{"name":"wp","href":"https:\/\/api.w.org\/{rel}","templated":true}]}}