{"id":3010,"date":"2026-01-20T10:06:39","date_gmt":"2026-01-20T10:06:39","guid":{"rendered":"https:\/\/fumot.uk\/?post_type=product&#038;p=3010"},"modified":"2026-01-21T03:23:37","modified_gmt":"2026-01-21T03:23:37","slug":"waspe-triple-flavor-60000-puffs-mixed-berries-gummy-bear-mixed-fruit","status":"publish","type":"product","link":"https:\/\/fumot.uk\/fr\/product\/waspe-triple-flavor-60000-puffs-mixed-berries-gummy-bear-mixed-fruit\/","title":{"rendered":"WASPE Triple Flavor 60000 Puffs Vape Jetable (54ml) \u2013 Baies M\u00e9lang\u00e9es \/ Ourson G\u00e9lifi\u00e9 \/ Fruits M\u00e9lang\u00e9s, \u00c9cran LED, Rechargeable USB-C"},"content":{"rendered":"<h3>WASPE Triple Flavor 60000 Puffs \u2013 Trois Saveurs, Une Vape Durable<\/h3>\n<p><strong>WASPE Triple Flavor 60000 Puffs (Baies M\u00e9lang\u00e9es &amp; Ourson G\u00e9lifi\u00e9 &amp; Fruits M\u00e9lang\u00e9s)<\/strong> est con\u00e7u pour la vari\u00e9t\u00e9 et la commodit\u00e9. Son innovant <strong>syst\u00e8me de saveur \u00e0 3 chambres<\/strong> s'associe avec <strong>trois r\u00e9sistances mesh s\u00e9par\u00e9es de 0,9\u03a9<\/strong> pour garder chaque go\u00fbt propre et coh\u00e9rent. Un intelligent <strong>affichage LED<\/strong> affiche les niveaux de batterie et de liquide en temps r\u00e9el, tandis que le <strong>Batterie rechargeable de 650mAh<\/strong> alimente votre journ\u00e9e et se recharge via <strong>USB Type-C<\/strong>.<\/p>\n<h4>Profil de Saveur : Baies M\u00e9lang\u00e9es + Ourson G\u00e9lifi\u00e9 + Fruits M\u00e9lang\u00e9s<\/h4>\n<p>Changez votre humeur sans changer d'appareil :<\/p>\n<ul>\n<li><strong>Baies m\u00e9lang\u00e9es<\/strong> \u2013 un m\u00e9lange de baies vif, sucr\u00e9-acidul\u00e9 avec une finition rafra\u00eechissante.<\/li>\n<li><strong>Gummy Bear<\/strong> \u2013 douceur de style bonbon qui est ludique et douce.<\/li>\n<li><strong>Fruits M\u00e9lang\u00e9s<\/strong> \u2013 un m\u00e9li-m\u00e9lo de fruits vif avec une fra\u00eecheur tropicale.<\/li>\n<\/ul>\n<p>Le trio tourne magnifiquement de juteux \u00e0 sucr\u00e9 \u00e0 croquant, rendant ce <strong>vape jetable triple saveur<\/strong> id\u00e9al lorsque vous voulez un profil toute la journ\u00e9e qui reste int\u00e9ressant.<\/p>\n<h4>Pourquoi vous allez l'aimer<\/h4>\n<ul>\n<li><strong>Jusqu'\u00e0 60000 bouff\u00e9es<\/strong> pour une utilisation prolong\u00e9e (d\u00e9pend du style d'utilisation).<\/li>\n<li><strong>capacit\u00e9 de 54ml de e-liquide<\/strong> pour moins de remplacements et un plaisir plus long.<\/li>\n<li><strong>Performance triple mesh<\/strong>: 0.9\u03a9 \u00d7 3 pour une vapeur r\u00e9guli\u00e8re et une saveur stable.<\/li>\n<li><strong>Affichage LED intelligent<\/strong> affiche les niveaux de batterie et de liquide d'un coup d'\u0153il.<\/li>\n<li><strong>Charge rapide USB-C<\/strong> pour des recharges rapides et pratiques.<\/li>\n<li><strong>Options de nicotine<\/strong>: disponible en 0%, 2%, 3% ou 5% pour correspondre \u00e0 diff\u00e9rentes pr\u00e9f\u00e9rences.<\/li>\n<\/ul>\n<h4>Comment Fonctionne le Commutateur Triple Saveur<\/h4>\n<p>L'appareil utilise un m\u00e9canisme rotatif simple pour passer d'une chambre \u00e0 l'autre\u2014vous pouvez donc passer de <strong>Baies m\u00e9lang\u00e9es<\/strong> to <strong>Gummy Bear<\/strong> to <strong>Fruits M\u00e9lang\u00e9s<\/strong> quand vous le souhaitez, sans transporter plusieurs vapes.<\/p>\n<h4>Sp\u00e9cifications<\/h4>\n<ul>\n<li><strong>Produit<\/strong>: WASPE Triple Flavor Vape Jetable<\/li>\n<li><strong>Bouff\u00e9es<\/strong>: Jusqu'\u00e0 60000<\/li>\n<li><strong>Capacit\u00e9 de E-liquide<\/strong>: 54ml<\/li>\n<li><strong>Bobines<\/strong>: Triple Mesh, 0.9\u03a9 \u00d7 3<\/li>\n<li><strong>Batterie<\/strong>: 650mAh rechargeable<\/li>\n<li><strong>Charge<\/strong>: USB Type-C<\/li>\n<li><strong>Affichage<\/strong>: LED (niveau de batterie &amp; liquide)<\/li>\n<li><strong>Teneur en nicotine<\/strong>: 0% \/ 2% \/ 3% \/ 5%<\/li>\n<\/ul>\n<p>Explorez plus d'options jetables durables et triple saveur sur <a href=\"https:\/\/fumot.uk\/fr\/\" target=\"_blank\" rel=\"noopener\">fumot.uk<\/a>.<\/p>","protected":false},"excerpt":{"rendered":"<p>Vape jetable WASPE Triple Flavor 60000 Puffs avec un syst\u00e8me \u00e0 3 chambres : Baies M\u00e9lang\u00e9es, Ourson G\u00e9lifi\u00e9 &amp; Fruits M\u00e9lang\u00e9s. 54ml, triple bobines en maille 0.9\u03a9, \u00e9cran LED, rechargeable USB-C 650mAh. Nicotine : 0\/2\/3\/5%.<\/p>","protected":false},"featured_media":3056,"comment_status":"open","ping_status":"closed","template":"","meta":[],"product_brand":[],"product_cat":[115,17,168],"product_tag":[117,131,41,23,55,26,62,118,169,28],"class_list":{"0":"post-3010","1":"product","2":"type-product","3":"status-publish","4":"has-post-thumbnail","6":"product_cat-60000-puff","7":"product_cat-vape","8":"product_cat-waspe-triple-flavor-60000-puffs","9":"product_tag-54ml","10":"product_tag-650mah","11":"product_tag-berry","12":"product_tag-display","13":"product_tag-gummy","14":"product_tag-rechargeable","15":"product_tag-sale-vape","16":"product_tag-triple-flavor","17":"product_tag-triple-mesh","18":"product_tag-type-c","20":"first","21":"instock","22":"sale","23":"shipping-taxable","24":"purchasable","25":"product-type-variable","26":"has-default-attributes"},"yoast_head":"<!-- This site is optimized with the Yoast SEO plugin v26.8 - https:\/\/yoast.com\/product\/yoast-seo-wordpress\/ -->\n<title>WASPE Triple Flavor 60000 Puffs \u2013 Mixed Berries Gummy<\/title>\n<meta name=\"description\" content=\"WASPE Triple Flavor 60000 Puffs: Mixed Berries, Gummy Bear &amp; Mixed Fruit. 54ml, triple mesh coils, LED display, 650mAh USB-C rechargeable. 0\/2\/3\/5%.\" \/>\n<meta name=\"robots\" content=\"index, follow, max-snippet:-1, max-image-preview:large, max-video-preview:-1\" \/>\n<link rel=\"canonical\" href=\"https:\/\/fumot.uk\/fr\/product\/waspe-triple-flavor-60000-puffs-mixed-berries-gummy-bear-mixed-fruit\/\" \/>\n<meta property=\"og:locale\" content=\"fr_FR\" \/>\n<meta property=\"og:type\" content=\"article\" \/>\n<meta property=\"og:title\" content=\"WASPE Triple Flavor 60000 Puffs \u2013 Mixed Berries \/ Gummy Bear \/ Mixed Fruit\" \/>\n<meta property=\"og:description\" content=\"Three flavors in one: Mixed Berries, Gummy Bear &amp; Mixed Fruit. 54ml, LED display, triple mesh coils, 650mAh USB-C rechargeable. Up to 60000 puffs.\" \/>\n<meta property=\"og:url\" content=\"https:\/\/fumot.uk\/fr\/product\/waspe-triple-flavor-60000-puffs-mixed-berries-gummy-bear-mixed-fruit\/\" \/>\n<meta property=\"og:site_name\" content=\"Fumot Official Direct | Straight from the Factory, 100% Genuine\" \/>\n<meta property=\"article:modified_time\" content=\"2026-01-21T03:23:37+00:00\" \/>\n<meta property=\"og:image\" content=\"https:\/\/fumot.uk\/wp-content\/uploads\/2026\/01\/WASPE-3-IN-1-60000-PUFFS_Mixed-Berries-Gummy-Bear-Mixed-Fruit-Disposable-Vape.jpg\" \/>\n\t<meta property=\"og:image:width\" content=\"1200\" \/>\n\t<meta property=\"og:image:height\" content=\"1200\" \/>\n\t<meta property=\"og:image:type\" content=\"image\/jpeg\" \/>\n<meta name=\"twitter:card\" content=\"summary_large_image\" \/>\n<meta name=\"twitter:label1\" content=\"Dur\u00e9e de lecture estim\u00e9e\" \/>\n\t<meta name=\"twitter:data1\" content=\"2 minutes\" \/>\n<script type=\"application\/ld+json\" class=\"yoast-schema-graph\">{\"@context\":\"https:\/\/schema.org\",\"@graph\":[{\"@type\":\"WebPage\",\"@id\":\"https:\/\/fumot.uk\/product\/waspe-triple-flavor-60000-puffs-mixed-berries-gummy-bear-mixed-fruit\/\",\"url\":\"https:\/\/fumot.uk\/product\/waspe-triple-flavor-60000-puffs-mixed-berries-gummy-bear-mixed-fruit\/\",\"name\":\"WASPE Triple Flavor 60000 Puffs \u2013 Mixed Berries Gummy\",\"isPartOf\":{\"@id\":\"https:\/\/fumot.uk\/#website\"},\"primaryImageOfPage\":{\"@id\":\"https:\/\/fumot.uk\/product\/waspe-triple-flavor-60000-puffs-mixed-berries-gummy-bear-mixed-fruit\/#primaryimage\"},\"image\":{\"@id\":\"https:\/\/fumot.uk\/product\/waspe-triple-flavor-60000-puffs-mixed-berries-gummy-bear-mixed-fruit\/#primaryimage\"},\"thumbnailUrl\":\"https:\/\/fumot.uk\/wp-content\/uploads\/2026\/01\/WASPE-3-IN-1-60000-PUFFS_Mixed-Berries-Gummy-Bear-Mixed-Fruit-Disposable-Vape.jpg\",\"datePublished\":\"2026-01-20T10:06:39+00:00\",\"dateModified\":\"2026-01-21T03:23:37+00:00\",\"description\":\"WASPE Triple Flavor 60000 Puffs: Mixed Berries, Gummy Bear & Mixed Fruit. 54ml, triple mesh coils, LED display, 650mAh USB-C rechargeable. 0\/2\/3\/5%.\",\"breadcrumb\":{\"@id\":\"https:\/\/fumot.uk\/product\/waspe-triple-flavor-60000-puffs-mixed-berries-gummy-bear-mixed-fruit\/#breadcrumb\"},\"inLanguage\":\"fr-FR\",\"potentialAction\":[{\"@type\":\"ReadAction\",\"target\":[\"https:\/\/fumot.uk\/product\/waspe-triple-flavor-60000-puffs-mixed-berries-gummy-bear-mixed-fruit\/\"]}]},{\"@type\":\"ImageObject\",\"inLanguage\":\"fr-FR\",\"@id\":\"https:\/\/fumot.uk\/product\/waspe-triple-flavor-60000-puffs-mixed-berries-gummy-bear-mixed-fruit\/#primaryimage\",\"url\":\"https:\/\/fumot.uk\/wp-content\/uploads\/2026\/01\/WASPE-3-IN-1-60000-PUFFS_Mixed-Berries-Gummy-Bear-Mixed-Fruit-Disposable-Vape.jpg\",\"contentUrl\":\"https:\/\/fumot.uk\/wp-content\/uploads\/2026\/01\/WASPE-3-IN-1-60000-PUFFS_Mixed-Berries-Gummy-Bear-Mixed-Fruit-Disposable-Vape.jpg\",\"width\":1200,\"height\":1200},{\"@type\":\"BreadcrumbList\",\"@id\":\"https:\/\/fumot.uk\/product\/waspe-triple-flavor-60000-puffs-mixed-berries-gummy-bear-mixed-fruit\/#breadcrumb\",\"itemListElement\":[{\"@type\":\"ListItem\",\"position\":1,\"name\":\"Home\",\"item\":\"https:\/\/fumot.uk\/\"},{\"@type\":\"ListItem\",\"position\":2,\"name\":\"Shop\",\"item\":\"https:\/\/fumot.uk\/shop\/\"},{\"@type\":\"ListItem\",\"position\":3,\"name\":\"WASPE Triple Flavor 60000 Puffs Disposable Vape (54ml) \u2013 Mixed Berries \/ Gummy Bear \/ Mixed Fruit, LED Display, USB-C Rechargeable\"}]},{\"@type\":\"WebSite\",\"@id\":\"https:\/\/fumot.uk\/#website\",\"url\":\"https:\/\/fumot.uk\/\",\"name\":\"Fumot Official Direct | Straight from the Factory, 100% Genuine\",\"description\":\"Official Website\",\"publisher\":{\"@id\":\"https:\/\/fumot.uk\/#organization\"},\"potentialAction\":[{\"@type\":\"SearchAction\",\"target\":{\"@type\":\"EntryPoint\",\"urlTemplate\":\"https:\/\/fumot.uk\/?s={search_term_string}\"},\"query-input\":{\"@type\":\"PropertyValueSpecification\",\"valueRequired\":true,\"valueName\":\"search_term_string\"}}],\"inLanguage\":\"fr-FR\"},{\"@type\":\"Organization\",\"@id\":\"https:\/\/fumot.uk\/#organization\",\"name\":\"Fumot Official Direct | Straight from the Factory, 100% Genuine\",\"url\":\"https:\/\/fumot.uk\/\",\"logo\":{\"@type\":\"ImageObject\",\"inLanguage\":\"fr-FR\",\"@id\":\"https:\/\/fumot.uk\/#\/schema\/logo\/image\/\",\"url\":\"https:\/\/fumot.uk\/wp-content\/uploads\/2026\/01\/cropped-fumot-logo1.png\",\"contentUrl\":\"https:\/\/fumot.uk\/wp-content\/uploads\/2026\/01\/cropped-fumot-logo1.png\",\"width\":152,\"height\":106,\"caption\":\"Fumot Official Direct | Straight from the Factory, 100% Genuine\"},\"image\":{\"@id\":\"https:\/\/fumot.uk\/#\/schema\/logo\/image\/\"}}]}<\/script>\n<!-- \/ Yoast SEO plugin. -->","yoast_head_json":{"title":"WASPE Triple Flavor 60000 Puffs \u2013 Bonbon aux baies m\u00e9lang\u00e9es","description":"WASPE Triple Flavor 60000 Puffs : Baies M\u00e9lang\u00e9es, Ourson Gommeux &amp; Fruits M\u00e9lang\u00e9s. 54ml, triple bobines en mesh, affichage LED, rechargeable USB-C 650mAh. 0\/2\/3\/5%.","robots":{"index":"index","follow":"follow","max-snippet":"max-snippet:-1","max-image-preview":"max-image-preview:large","max-video-preview":"max-video-preview:-1"},"canonical":"https:\/\/fumot.uk\/fr\/product\/waspe-triple-flavor-60000-puffs-mixed-berries-gummy-bear-mixed-fruit\/","og_locale":"fr_FR","og_type":"article","og_title":"WASPE Triple Flavor 60000 Puffs \u2013 Mixed Berries \/ Gummy Bear \/ Mixed Fruit","og_description":"Three flavors in one: Mixed Berries, Gummy Bear & Mixed Fruit. 54ml, LED display, triple mesh coils, 650mAh USB-C rechargeable. Up to 60000 puffs.","og_url":"https:\/\/fumot.uk\/fr\/product\/waspe-triple-flavor-60000-puffs-mixed-berries-gummy-bear-mixed-fruit\/","og_site_name":"Fumot Official Direct | Straight from the Factory, 100% Genuine","article_modified_time":"2026-01-21T03:23:37+00:00","og_image":[{"width":1200,"height":1200,"url":"https:\/\/fumot.uk\/wp-content\/uploads\/2026\/01\/WASPE-3-IN-1-60000-PUFFS_Mixed-Berries-Gummy-Bear-Mixed-Fruit-Disposable-Vape.jpg","type":"image\/jpeg"}],"twitter_card":"summary_large_image","twitter_misc":{"Dur\u00e9e de lecture estim\u00e9e":"2 minutes"},"schema":{"@context":"https:\/\/schema.org","@graph":[{"@type":"WebPage","@id":"https:\/\/fumot.uk\/product\/waspe-triple-flavor-60000-puffs-mixed-berries-gummy-bear-mixed-fruit\/","url":"https:\/\/fumot.uk\/product\/waspe-triple-flavor-60000-puffs-mixed-berries-gummy-bear-mixed-fruit\/","name":"WASPE Triple Flavor 60000 Puffs \u2013 Bonbon aux baies m\u00e9lang\u00e9es","isPartOf":{"@id":"https:\/\/fumot.uk\/#website"},"primaryImageOfPage":{"@id":"https:\/\/fumot.uk\/product\/waspe-triple-flavor-60000-puffs-mixed-berries-gummy-bear-mixed-fruit\/#primaryimage"},"image":{"@id":"https:\/\/fumot.uk\/product\/waspe-triple-flavor-60000-puffs-mixed-berries-gummy-bear-mixed-fruit\/#primaryimage"},"thumbnailUrl":"https:\/\/fumot.uk\/wp-content\/uploads\/2026\/01\/WASPE-3-IN-1-60000-PUFFS_Mixed-Berries-Gummy-Bear-Mixed-Fruit-Disposable-Vape.jpg","datePublished":"2026-01-20T10:06:39+00:00","dateModified":"2026-01-21T03:23:37+00:00","description":"WASPE Triple Flavor 60000 Puffs : Baies M\u00e9lang\u00e9es, Ourson Gommeux &amp; Fruits M\u00e9lang\u00e9s. 54ml, triple bobines en mesh, affichage LED, rechargeable USB-C 650mAh. 0\/2\/3\/5%.","breadcrumb":{"@id":"https:\/\/fumot.uk\/product\/waspe-triple-flavor-60000-puffs-mixed-berries-gummy-bear-mixed-fruit\/#breadcrumb"},"inLanguage":"fr-FR","potentialAction":[{"@type":"ReadAction","target":["https:\/\/fumot.uk\/product\/waspe-triple-flavor-60000-puffs-mixed-berries-gummy-bear-mixed-fruit\/"]}]},{"@type":"ImageObject","inLanguage":"fr-FR","@id":"https:\/\/fumot.uk\/product\/waspe-triple-flavor-60000-puffs-mixed-berries-gummy-bear-mixed-fruit\/#primaryimage","url":"https:\/\/fumot.uk\/wp-content\/uploads\/2026\/01\/WASPE-3-IN-1-60000-PUFFS_Mixed-Berries-Gummy-Bear-Mixed-Fruit-Disposable-Vape.jpg","contentUrl":"https:\/\/fumot.uk\/wp-content\/uploads\/2026\/01\/WASPE-3-IN-1-60000-PUFFS_Mixed-Berries-Gummy-Bear-Mixed-Fruit-Disposable-Vape.jpg","width":1200,"height":1200},{"@type":"BreadcrumbList","@id":"https:\/\/fumot.uk\/product\/waspe-triple-flavor-60000-puffs-mixed-berries-gummy-bear-mixed-fruit\/#breadcrumb","itemListElement":[{"@type":"ListItem","position":1,"name":"Home","item":"https:\/\/fumot.uk\/"},{"@type":"ListItem","position":2,"name":"Shop","item":"https:\/\/fumot.uk\/shop\/"},{"@type":"ListItem","position":3,"name":"WASPE Triple Flavor 60000 Puffs Disposable Vape (54ml) \u2013 Mixed Berries \/ Gummy Bear \/ Mixed Fruit, LED Display, USB-C Rechargeable"}]},{"@type":"WebSite","@id":"https:\/\/fumot.uk\/#website","url":"https:\/\/fumot.uk\/","name":"Fumot Official Direct | Directement de l'usine, 100% Authentique","description":"Site officiel","publisher":{"@id":"https:\/\/fumot.uk\/#organization"},"potentialAction":[{"@type":"SearchAction","target":{"@type":"EntryPoint","urlTemplate":"https:\/\/fumot.uk\/?s={search_term_string}"},"query-input":{"@type":"PropertyValueSpecification","valueRequired":true,"valueName":"search_term_string"}}],"inLanguage":"fr-FR"},{"@type":"Organization","@id":"https:\/\/fumot.uk\/#organization","name":"Fumot Official Direct | Directement de l'usine, 100% Authentique","url":"https:\/\/fumot.uk\/","logo":{"@type":"ImageObject","inLanguage":"fr-FR","@id":"https:\/\/fumot.uk\/#\/schema\/logo\/image\/","url":"https:\/\/fumot.uk\/wp-content\/uploads\/2026\/01\/cropped-fumot-logo1.png","contentUrl":"https:\/\/fumot.uk\/wp-content\/uploads\/2026\/01\/cropped-fumot-logo1.png","width":152,"height":106,"caption":"Fumot Official Direct | Straight from the Factory, 100% Genuine"},"image":{"@id":"https:\/\/fumot.uk\/#\/schema\/logo\/image\/"}}]}},"_links":{"self":[{"href":"https:\/\/fumot.uk\/fr\/wp-json\/wp\/v2\/product\/3010","targetHints":{"allow":["GET"]}}],"collection":[{"href":"https:\/\/fumot.uk\/fr\/wp-json\/wp\/v2\/product"}],"about":[{"href":"https:\/\/fumot.uk\/fr\/wp-json\/wp\/v2\/types\/product"}],"replies":[{"embeddable":true,"href":"https:\/\/fumot.uk\/fr\/wp-json\/wp\/v2\/comments?post=3010"}],"wp:featuredmedia":[{"embeddable":true,"href":"https:\/\/fumot.uk\/fr\/wp-json\/wp\/v2\/media\/3056"}],"wp:attachment":[{"href":"https:\/\/fumot.uk\/fr\/wp-json\/wp\/v2\/media?parent=3010"}],"wp:term":[{"taxonomy":"product_brand","embeddable":true,"href":"https:\/\/fumot.uk\/fr\/wp-json\/wp\/v2\/product_brand?post=3010"},{"taxonomy":"product_cat","embeddable":true,"href":"https:\/\/fumot.uk\/fr\/wp-json\/wp\/v2\/product_cat?post=3010"},{"taxonomy":"product_tag","embeddable":true,"href":"https:\/\/fumot.uk\/fr\/wp-json\/wp\/v2\/product_tag?post=3010"}],"curies":[{"name":"wp","href":"https:\/\/api.w.org\/{rel}","templated":true}]}}