{"id":3008,"date":"2026-01-20T10:06:39","date_gmt":"2026-01-20T10:06:39","guid":{"rendered":"https:\/\/fumot.uk\/?post_type=product&#038;p=3008"},"modified":"2026-01-21T03:22:42","modified_gmt":"2026-01-21T03:22:42","slug":"waspe-triple-flavor-60000-puffs-peach-ice-pineapple-mango-peach-cranberry-lemon","status":"publish","type":"product","link":"https:\/\/fumot.uk\/fr\/product\/waspe-triple-flavor-60000-puffs-peach-ice-pineapple-mango-peach-cranberry-lemon\/","title":{"rendered":"WASPE Triple Flavor 60000 Puffs Vape Jetable (54ml) \u2013 Glace \u00e0 la P\u00eache \/ Ananas Mangue P\u00eache \/ Citron Canneberge, 650mAh USB\u2011C, \u00c9cran LED"},"content":{"rendered":"<h3>WASPE Triple Flavor 60000 Puffs \u2013 3 Saveurs, Un Appareil, Changement \u00e0 Tout Moment<\/h3>\n<p><strong>WASPE Triple Flavor 60000 Puffs \u2013 Glace \u00e0 la P\u00eache &amp; Ananas Mangue P\u00eache &amp; Canneberge Citron<\/strong> est une vape jetable premium 3\u2011en\u20111 con\u00e7ue pour la vari\u00e9t\u00e9 et la commodit\u00e9. Avec un simple <strong>m\u00e9canisme de rotation<\/strong> et <strong>trois bobines en maille ind\u00e9pendantes de 0,9\u03a9<\/strong>, vous pouvez passer d'une saveur \u00e0 l'autre en quelques secondes tout en gardant chaque profil propre et coh\u00e9rent.<\/p>\n<p>Con\u00e7u pour des sessions plus longues, il dispose d'un g\u00e9n\u00e9reux <strong>capacit\u00e9 de 54 ml d'e\u2011liquide<\/strong>, un fiable <strong>Batterie rechargeable de 650mAh<\/strong>, et <strong>chargement rapide USB\u2011C<\/strong>. Un net <strong>\u00e9cran LED HD lumineux<\/strong> vous tient inform\u00e9 avec des indicateurs de niveau de batterie et de e\u2011liquide en temps r\u00e9el\u2014pour que vous sachiez toujours o\u00f9 vous en \u00eates.<\/p>\n<p>Explorez plus d'options dans notre <a href=\"https:\/\/fumot.uk\/fr\/product-category\/waspe-triple-flavor-60000-puffs\/\">Collection WASPE Triple Flavor 60000 Puffs<\/a> sur fumot.uk.<\/p>\n<h4>Trio de Saveurs : Glace \u00e0 la P\u00eache \/ Ananas Mangue P\u00eache \/ Canneberge Citron<\/h4>\n<ul>\n<li><strong>P\u00eache glac\u00e9e<\/strong> \u2013 P\u00eache douce et m\u00fbre avec une finition fra\u00eeche et rafra\u00eechissante.<\/li>\n<li><strong>Ananas Mangue P\u00eache<\/strong> \u2013 Ananas tropical et mangue superpos\u00e9s \u00e0 une p\u00eache juteuse pour un m\u00e9lange ensoleill\u00e9 et sucr\u00e9.<\/li>\n<li><strong>Canneberge Citron<\/strong> \u2013 Agrumes de citron \u00e9clatants \u00e9quilibr\u00e9s avec canneberge acidul\u00e9e pour un go\u00fbt vif et net.<\/li>\n<\/ul>\n<p>Une rotation apporte une nouvelle ambiance\u2014douce, tropicale ou piquante\u2014sans changer d'appareil.<\/p>\n<h4>Caract\u00e9ristiques cl\u00e9s<\/h4>\n<ul>\n<li><strong>Jusqu'\u00e0 60000 bouff\u00e9es<\/strong> pour une utilisation prolong\u00e9e<\/li>\n<li><strong>Syst\u00e8me de commutation triple saveur<\/strong> (contr\u00f4le de rotation facile)<\/li>\n<li><strong>Bobines en maille triple 0.9\u03a9<\/strong> (une bobine par saveur) pour un go\u00fbt pur et une vapeur douce<\/li>\n<li><strong>capacit\u00e9 de 54 ml d'e\u2011liquide<\/strong> pour un plaisir durable<\/li>\n<li><strong>Options de nicotine :<\/strong> 0% \/ 2% \/ 5% (choisissez ce qui vous convient)<\/li>\n<li><strong>Batterie rechargeable de 650mAh<\/strong> avec <strong>chargement rapide USB\u2011C<\/strong><\/li>\n<li><strong>\u00e9cran LED HD lumineux<\/strong> montre le niveau de batterie + e\u2011liquide d'un coup d'\u0153il<\/li>\n<\/ul>\n<h4>Sp\u00e9cifications<\/h4>\n<ul>\n<li><strong>Type :<\/strong> Vape jetable 3-en-1 (rechargeable)<\/li>\n<li><strong>Bouff\u00e9es :<\/strong> Jusqu'\u00e0 60000<\/li>\n<li><strong>R\u00e9sistance :<\/strong> Maille 0,9\u03a9 \u00d7 3<\/li>\n<li><strong>E\u2011liquide :<\/strong> 54ml<\/li>\n<li><strong>Batterie :<\/strong> 650mAh (int\u00e9gr\u00e9)<\/li>\n<li><strong>Chargement :<\/strong> USB Type\u2011C<\/li>\n<li><strong>Affichage :<\/strong> indicateur de batterie &amp; e\u2011liquide LED<\/li>\n<\/ul>\n<p><em>Remarque :<\/em> Le nombre de bouff\u00e9es peut varier selon les habitudes d'utilisation.<\/p>","protected":false},"excerpt":{"rendered":"<p>Vape jetable 3-en-1 WASPE Triple Flavor 60000 Puffs avec changement de saveurs par rotation : Glace \u00e0 la p\u00eache, Ananas Mangue P\u00eache &amp; Citron Canneberge. 54ml, 650mAh USB\u2011C rechargeable, affichage LED. Nicotine : 0%\/2%\/5%.<\/p>","protected":false},"featured_media":3054,"comment_status":"open","ping_status":"closed","template":"","meta":[],"product_brand":[],"product_cat":[115,17,168],"product_tag":[117,131,66,23,29,24,42,30,35,26,62,118,169,28],"class_list":{"0":"post-3008","1":"product","2":"type-product","3":"status-publish","4":"has-post-thumbnail","6":"product_cat-60000-puff","7":"product_cat-vape","8":"product_cat-waspe-triple-flavor-60000-puffs","9":"product_tag-54ml","10":"product_tag-650mah","11":"product_tag-cranberry","12":"product_tag-display","13":"product_tag-ice","14":"product_tag-lemon","15":"product_tag-mango","16":"product_tag-peach","17":"product_tag-pineapple","18":"product_tag-rechargeable","19":"product_tag-sale-vape","20":"product_tag-triple-flavor","21":"product_tag-triple-mesh","22":"product_tag-type-c","24":"first","25":"instock","26":"sale","27":"shipping-taxable","28":"purchasable","29":"product-type-variable","30":"has-default-attributes"},"yoast_head":"<!-- This site is optimized with the Yoast SEO plugin v26.8 - https:\/\/yoast.com\/product\/yoast-seo-wordpress\/ -->\n<title>WASPE Triple Flavor 60000 Puffs \u2013 Peach Ice Trio<\/title>\n<meta name=\"description\" content=\"WASPE Triple Flavor 60000 Puffs: Peach Ice, Pineapple Mango Peach &amp; Cranberry Lemon. 54ml, 650mAh USB\u2011C, LED display, 0.9\u03a9 mesh x3. Nic 0\/2\/5%.\" \/>\n<meta name=\"robots\" content=\"index, follow, max-snippet:-1, max-image-preview:large, max-video-preview:-1\" \/>\n<link rel=\"canonical\" href=\"https:\/\/fumot.uk\/fr\/product\/waspe-triple-flavor-60000-puffs-peach-ice-pineapple-mango-peach-cranberry-lemon\/\" \/>\n<meta property=\"og:locale\" content=\"fr_FR\" \/>\n<meta property=\"og:type\" content=\"article\" \/>\n<meta property=\"og:title\" content=\"WASPE 60000 Puffs \u2013 Triple Flavor: Peach Ice Trio\" \/>\n<meta property=\"og:description\" content=\"Switch between Peach Ice, Pineapple Mango Peach, and Cranberry Lemon with a quick twist. 54ml, 650mAh USB\u2011C rechargeable, LED display, mesh coils.\" \/>\n<meta property=\"og:url\" content=\"https:\/\/fumot.uk\/fr\/product\/waspe-triple-flavor-60000-puffs-peach-ice-pineapple-mango-peach-cranberry-lemon\/\" \/>\n<meta property=\"og:site_name\" content=\"Fumot Official Direct | Straight from the Factory, 100% Genuine\" \/>\n<meta property=\"article:modified_time\" content=\"2026-01-21T03:22:42+00:00\" \/>\n<meta property=\"og:image\" content=\"https:\/\/fumot.uk\/wp-content\/uploads\/2026\/01\/WASPE-3-IN-1-60000-PUFFS-Peach-Ice-Pineapple-Mango-Peach-Cranberry-Lemon-Disposable-Vape.jpg\" \/>\n\t<meta property=\"og:image:width\" content=\"1200\" \/>\n\t<meta property=\"og:image:height\" content=\"1200\" \/>\n\t<meta property=\"og:image:type\" content=\"image\/jpeg\" \/>\n<meta name=\"twitter:card\" content=\"summary_large_image\" \/>\n<meta name=\"twitter:label1\" content=\"Dur\u00e9e de lecture estim\u00e9e\" \/>\n\t<meta name=\"twitter:data1\" content=\"3 minutes\" \/>\n<script type=\"application\/ld+json\" class=\"yoast-schema-graph\">{\"@context\":\"https:\/\/schema.org\",\"@graph\":[{\"@type\":\"WebPage\",\"@id\":\"https:\/\/fumot.uk\/product\/waspe-triple-flavor-60000-puffs-peach-ice-pineapple-mango-peach-cranberry-lemon\/\",\"url\":\"https:\/\/fumot.uk\/product\/waspe-triple-flavor-60000-puffs-peach-ice-pineapple-mango-peach-cranberry-lemon\/\",\"name\":\"WASPE Triple Flavor 60000 Puffs \u2013 Peach Ice Trio\",\"isPartOf\":{\"@id\":\"https:\/\/fumot.uk\/#website\"},\"primaryImageOfPage\":{\"@id\":\"https:\/\/fumot.uk\/product\/waspe-triple-flavor-60000-puffs-peach-ice-pineapple-mango-peach-cranberry-lemon\/#primaryimage\"},\"image\":{\"@id\":\"https:\/\/fumot.uk\/product\/waspe-triple-flavor-60000-puffs-peach-ice-pineapple-mango-peach-cranberry-lemon\/#primaryimage\"},\"thumbnailUrl\":\"https:\/\/fumot.uk\/wp-content\/uploads\/2026\/01\/WASPE-3-IN-1-60000-PUFFS-Peach-Ice-Pineapple-Mango-Peach-Cranberry-Lemon-Disposable-Vape.jpg\",\"datePublished\":\"2026-01-20T10:06:39+00:00\",\"dateModified\":\"2026-01-21T03:22:42+00:00\",\"description\":\"WASPE Triple Flavor 60000 Puffs: Peach Ice, Pineapple Mango Peach & Cranberry Lemon. 54ml, 650mAh USB\u2011C, LED display, 0.9\u03a9 mesh x3. Nic 0\/2\/5%.\",\"breadcrumb\":{\"@id\":\"https:\/\/fumot.uk\/product\/waspe-triple-flavor-60000-puffs-peach-ice-pineapple-mango-peach-cranberry-lemon\/#breadcrumb\"},\"inLanguage\":\"fr-FR\",\"potentialAction\":[{\"@type\":\"ReadAction\",\"target\":[\"https:\/\/fumot.uk\/product\/waspe-triple-flavor-60000-puffs-peach-ice-pineapple-mango-peach-cranberry-lemon\/\"]}]},{\"@type\":\"ImageObject\",\"inLanguage\":\"fr-FR\",\"@id\":\"https:\/\/fumot.uk\/product\/waspe-triple-flavor-60000-puffs-peach-ice-pineapple-mango-peach-cranberry-lemon\/#primaryimage\",\"url\":\"https:\/\/fumot.uk\/wp-content\/uploads\/2026\/01\/WASPE-3-IN-1-60000-PUFFS-Peach-Ice-Pineapple-Mango-Peach-Cranberry-Lemon-Disposable-Vape.jpg\",\"contentUrl\":\"https:\/\/fumot.uk\/wp-content\/uploads\/2026\/01\/WASPE-3-IN-1-60000-PUFFS-Peach-Ice-Pineapple-Mango-Peach-Cranberry-Lemon-Disposable-Vape.jpg\",\"width\":1200,\"height\":1200},{\"@type\":\"BreadcrumbList\",\"@id\":\"https:\/\/fumot.uk\/product\/waspe-triple-flavor-60000-puffs-peach-ice-pineapple-mango-peach-cranberry-lemon\/#breadcrumb\",\"itemListElement\":[{\"@type\":\"ListItem\",\"position\":1,\"name\":\"Home\",\"item\":\"https:\/\/fumot.uk\/\"},{\"@type\":\"ListItem\",\"position\":2,\"name\":\"Shop\",\"item\":\"https:\/\/fumot.uk\/shop\/\"},{\"@type\":\"ListItem\",\"position\":3,\"name\":\"WASPE Triple Flavor 60000 Puffs Disposable Vape (54ml) \u2013 Peach Ice \/ Pineapple Mango Peach \/ Cranberry Lemon, 650mAh USB\u2011C, LED Display\"}]},{\"@type\":\"WebSite\",\"@id\":\"https:\/\/fumot.uk\/#website\",\"url\":\"https:\/\/fumot.uk\/\",\"name\":\"Fumot Official Direct | Straight from the Factory, 100% Genuine\",\"description\":\"Official Website\",\"publisher\":{\"@id\":\"https:\/\/fumot.uk\/#organization\"},\"potentialAction\":[{\"@type\":\"SearchAction\",\"target\":{\"@type\":\"EntryPoint\",\"urlTemplate\":\"https:\/\/fumot.uk\/?s={search_term_string}\"},\"query-input\":{\"@type\":\"PropertyValueSpecification\",\"valueRequired\":true,\"valueName\":\"search_term_string\"}}],\"inLanguage\":\"fr-FR\"},{\"@type\":\"Organization\",\"@id\":\"https:\/\/fumot.uk\/#organization\",\"name\":\"Fumot Official Direct | Straight from the Factory, 100% Genuine\",\"url\":\"https:\/\/fumot.uk\/\",\"logo\":{\"@type\":\"ImageObject\",\"inLanguage\":\"fr-FR\",\"@id\":\"https:\/\/fumot.uk\/#\/schema\/logo\/image\/\",\"url\":\"https:\/\/fumot.uk\/wp-content\/uploads\/2026\/01\/cropped-fumot-logo1.png\",\"contentUrl\":\"https:\/\/fumot.uk\/wp-content\/uploads\/2026\/01\/cropped-fumot-logo1.png\",\"width\":152,\"height\":106,\"caption\":\"Fumot Official Direct | Straight from the Factory, 100% Genuine\"},\"image\":{\"@id\":\"https:\/\/fumot.uk\/#\/schema\/logo\/image\/\"}}]}<\/script>\n<!-- \/ Yoast SEO plugin. -->","yoast_head_json":{"title":"WASPE Triple Flavor 60000 Puffs \u2013 Trio de glace \u00e0 la p\u00eache","description":"WASPE Triple Flavor 60000 Puffs : Glace \u00e0 la p\u00eache, Ananas Mangue P\u00eache &amp; Citron Canneberge. 54ml, 650mAh USB\u2011C, \u00e9cran LED, 0.9\u03a9 mesh x3. Nic 0\/2\/5%.","robots":{"index":"index","follow":"follow","max-snippet":"max-snippet:-1","max-image-preview":"max-image-preview:large","max-video-preview":"max-video-preview:-1"},"canonical":"https:\/\/fumot.uk\/fr\/product\/waspe-triple-flavor-60000-puffs-peach-ice-pineapple-mango-peach-cranberry-lemon\/","og_locale":"fr_FR","og_type":"article","og_title":"WASPE 60000 Puffs \u2013 Triple Flavor: Peach Ice Trio","og_description":"Switch between Peach Ice, Pineapple Mango Peach, and Cranberry Lemon with a quick twist. 54ml, 650mAh USB\u2011C rechargeable, LED display, mesh coils.","og_url":"https:\/\/fumot.uk\/fr\/product\/waspe-triple-flavor-60000-puffs-peach-ice-pineapple-mango-peach-cranberry-lemon\/","og_site_name":"Fumot Official Direct | Straight from the Factory, 100% Genuine","article_modified_time":"2026-01-21T03:22:42+00:00","og_image":[{"width":1200,"height":1200,"url":"https:\/\/fumot.uk\/wp-content\/uploads\/2026\/01\/WASPE-3-IN-1-60000-PUFFS-Peach-Ice-Pineapple-Mango-Peach-Cranberry-Lemon-Disposable-Vape.jpg","type":"image\/jpeg"}],"twitter_card":"summary_large_image","twitter_misc":{"Dur\u00e9e de lecture estim\u00e9e":"3 minutes"},"schema":{"@context":"https:\/\/schema.org","@graph":[{"@type":"WebPage","@id":"https:\/\/fumot.uk\/product\/waspe-triple-flavor-60000-puffs-peach-ice-pineapple-mango-peach-cranberry-lemon\/","url":"https:\/\/fumot.uk\/product\/waspe-triple-flavor-60000-puffs-peach-ice-pineapple-mango-peach-cranberry-lemon\/","name":"WASPE Triple Flavor 60000 Puffs \u2013 Trio de glace \u00e0 la p\u00eache","isPartOf":{"@id":"https:\/\/fumot.uk\/#website"},"primaryImageOfPage":{"@id":"https:\/\/fumot.uk\/product\/waspe-triple-flavor-60000-puffs-peach-ice-pineapple-mango-peach-cranberry-lemon\/#primaryimage"},"image":{"@id":"https:\/\/fumot.uk\/product\/waspe-triple-flavor-60000-puffs-peach-ice-pineapple-mango-peach-cranberry-lemon\/#primaryimage"},"thumbnailUrl":"https:\/\/fumot.uk\/wp-content\/uploads\/2026\/01\/WASPE-3-IN-1-60000-PUFFS-Peach-Ice-Pineapple-Mango-Peach-Cranberry-Lemon-Disposable-Vape.jpg","datePublished":"2026-01-20T10:06:39+00:00","dateModified":"2026-01-21T03:22:42+00:00","description":"WASPE Triple Flavor 60000 Puffs : Glace \u00e0 la p\u00eache, Ananas Mangue P\u00eache &amp; Citron Canneberge. 54ml, 650mAh USB\u2011C, \u00e9cran LED, 0.9\u03a9 mesh x3. Nic 0\/2\/5%.","breadcrumb":{"@id":"https:\/\/fumot.uk\/product\/waspe-triple-flavor-60000-puffs-peach-ice-pineapple-mango-peach-cranberry-lemon\/#breadcrumb"},"inLanguage":"fr-FR","potentialAction":[{"@type":"ReadAction","target":["https:\/\/fumot.uk\/product\/waspe-triple-flavor-60000-puffs-peach-ice-pineapple-mango-peach-cranberry-lemon\/"]}]},{"@type":"ImageObject","inLanguage":"fr-FR","@id":"https:\/\/fumot.uk\/product\/waspe-triple-flavor-60000-puffs-peach-ice-pineapple-mango-peach-cranberry-lemon\/#primaryimage","url":"https:\/\/fumot.uk\/wp-content\/uploads\/2026\/01\/WASPE-3-IN-1-60000-PUFFS-Peach-Ice-Pineapple-Mango-Peach-Cranberry-Lemon-Disposable-Vape.jpg","contentUrl":"https:\/\/fumot.uk\/wp-content\/uploads\/2026\/01\/WASPE-3-IN-1-60000-PUFFS-Peach-Ice-Pineapple-Mango-Peach-Cranberry-Lemon-Disposable-Vape.jpg","width":1200,"height":1200},{"@type":"BreadcrumbList","@id":"https:\/\/fumot.uk\/product\/waspe-triple-flavor-60000-puffs-peach-ice-pineapple-mango-peach-cranberry-lemon\/#breadcrumb","itemListElement":[{"@type":"ListItem","position":1,"name":"Home","item":"https:\/\/fumot.uk\/"},{"@type":"ListItem","position":2,"name":"Shop","item":"https:\/\/fumot.uk\/shop\/"},{"@type":"ListItem","position":3,"name":"WASPE Triple Flavor 60000 Puffs Disposable Vape (54ml) \u2013 Peach Ice \/ Pineapple Mango Peach \/ Cranberry Lemon, 650mAh USB\u2011C, LED Display"}]},{"@type":"WebSite","@id":"https:\/\/fumot.uk\/#website","url":"https:\/\/fumot.uk\/","name":"Fumot Official Direct | Directement de l'usine, 100% Authentique","description":"Site officiel","publisher":{"@id":"https:\/\/fumot.uk\/#organization"},"potentialAction":[{"@type":"SearchAction","target":{"@type":"EntryPoint","urlTemplate":"https:\/\/fumot.uk\/?s={search_term_string}"},"query-input":{"@type":"PropertyValueSpecification","valueRequired":true,"valueName":"search_term_string"}}],"inLanguage":"fr-FR"},{"@type":"Organization","@id":"https:\/\/fumot.uk\/#organization","name":"Fumot Official Direct | Directement de l'usine, 100% Authentique","url":"https:\/\/fumot.uk\/","logo":{"@type":"ImageObject","inLanguage":"fr-FR","@id":"https:\/\/fumot.uk\/#\/schema\/logo\/image\/","url":"https:\/\/fumot.uk\/wp-content\/uploads\/2026\/01\/cropped-fumot-logo1.png","contentUrl":"https:\/\/fumot.uk\/wp-content\/uploads\/2026\/01\/cropped-fumot-logo1.png","width":152,"height":106,"caption":"Fumot Official Direct | Straight from the Factory, 100% Genuine"},"image":{"@id":"https:\/\/fumot.uk\/#\/schema\/logo\/image\/"}}]}},"_links":{"self":[{"href":"https:\/\/fumot.uk\/fr\/wp-json\/wp\/v2\/product\/3008","targetHints":{"allow":["GET"]}}],"collection":[{"href":"https:\/\/fumot.uk\/fr\/wp-json\/wp\/v2\/product"}],"about":[{"href":"https:\/\/fumot.uk\/fr\/wp-json\/wp\/v2\/types\/product"}],"replies":[{"embeddable":true,"href":"https:\/\/fumot.uk\/fr\/wp-json\/wp\/v2\/comments?post=3008"}],"wp:featuredmedia":[{"embeddable":true,"href":"https:\/\/fumot.uk\/fr\/wp-json\/wp\/v2\/media\/3054"}],"wp:attachment":[{"href":"https:\/\/fumot.uk\/fr\/wp-json\/wp\/v2\/media?parent=3008"}],"wp:term":[{"taxonomy":"product_brand","embeddable":true,"href":"https:\/\/fumot.uk\/fr\/wp-json\/wp\/v2\/product_brand?post=3008"},{"taxonomy":"product_cat","embeddable":true,"href":"https:\/\/fumot.uk\/fr\/wp-json\/wp\/v2\/product_cat?post=3008"},{"taxonomy":"product_tag","embeddable":true,"href":"https:\/\/fumot.uk\/fr\/wp-json\/wp\/v2\/product_tag?post=3008"}],"curies":[{"name":"wp","href":"https:\/\/api.w.org\/{rel}","templated":true}]}}