{"id":2970,"date":"2026-01-20T10:06:11","date_gmt":"2026-01-20T10:06:11","guid":{"rendered":"https:\/\/fumot.uk\/?post_type=product&#038;p=2970"},"modified":"2026-01-20T10:08:07","modified_gmt":"2026-01-20T10:08:07","slug":"waspe-double-flavor-40000-puffs-strawberry-banana-pineapple-coconut-lce","status":"publish","type":"product","link":"https:\/\/fumot.uk\/fr\/product\/waspe-double-flavor-40000-puffs-strawberry-banana-pineapple-coconut-lce\/","title":{"rendered":"WASPE Double Flavor 40000 Puffs- Fraise Banane &amp; Ananas Noix de Coco Glace"},"content":{"rendered":"<p data-start=\"0\" data-end=\"725\" data-is-last-node=\"\" data-is-only-node=\"\"><strong data-start=\"0\" data-end=\"77\" data-is-only-node=\"\">WASPE Double Flavor 40000 Puffs Strawberry Banana &amp; Pineapple Coconut Ice<\/strong> est \u00e9quip\u00e9 de 36 ml d'e-liquide, ce qui permet une utilisation prolong\u00e9e sans remplissage fr\u00e9quent. La batterie de 850 mAh assure une alimentation \u00e9nerg\u00e9tique stable, tandis que le port de charge rapide Type-C permet une recharge rapide. L'\u00e9cran LED surveille en temps r\u00e9el l'\u00e9tat de charge et de liquide, offrant \u00e0 l'utilisateur une exp\u00e9rience d'utilisation intelligente et pratique. Les utilisateurs peuvent facilement passer entre les deux saveurs \u201cStrawberry Banana\u201d et \u201cPineapple Coconut Ice\u201d et appr\u00e9cier la douceur rafra\u00eechissante de fraise-<a href=\"https:\/\/ultravape.de\/product-tag\/banana\/\">banane<\/a> ainsi que la sensation rafra\u00eechissante de glace \u00e0 l'ananas et \u00e0 la noix de coco, pour satisfaire diff\u00e9rentes pr\u00e9f\u00e9rences gustatives.<\/p>\n<h4 data-start=\"0\" data-end=\"26\"><strong data-start=\"0\" data-end=\"26\">Sp\u00e9cifications du produit<\/strong><\/h4>\n<ol>\n<li data-start=\"30\" data-end=\"195\"><strong data-start=\"30\" data-end=\"51\">Bouff\u00e9es : 40000 bouff\u00e9es\uff1a<\/strong>Offre une exp\u00e9rience d'utilisation allant jusqu'\u00e0 40000 bouff\u00e9es, id\u00e9ale pour un usage quotidien sans avoir \u00e0 changer fr\u00e9quemment d'appareil.<\/li>\n<li data-start=\"199\" data-end=\"373\"><strong data-start=\"199\" data-end=\"230\">Options de double saveur\uff1a<\/strong>Permet de passer entre deux saveurs, afin que vous puissiez profiter de diff\u00e9rents ar\u00f4mes et avoir plus de choix et de plaisir.<\/li>\n<li data-start=\"377\" data-end=\"490\"><strong data-start=\"377\" data-end=\"403\">R\u00e9sistance en mesh : 0,9\u03a9 + 0,9\u03a9\uff1a<\/strong>Avec des r\u00e9sistances en mesh pour un chauffage uniforme, assure une vapeur plus fine et plus douce.<\/li>\n<li data-start=\"494\" data-end=\"659\"><strong data-start=\"494\" data-end=\"523\">Capacit\u00e9 d'e-liquide : 36 ml\uff1a<\/strong>Grande capacit\u00e9 d'e-liquide de 36 ml r\u00e9duit la n\u00e9cessit\u00e9 de remplissages fr\u00e9quents et offre un plaisir de vapeur durable et stable.<\/li>\n<li data-start=\"663\" data-end=\"800\"><strong data-start=\"663\" data-end=\"702\">Concentration de nicotine : 0% \/ 2% \/ 5%\uff1a<\/strong>Trois niveaux de nicotine au choix, pour r\u00e9pondre aux besoins de diff\u00e9rents utilisateurs.<\/li>\n<li data-start=\"804\" data-end=\"934\"><strong data-start=\"804\" data-end=\"834\">Capacit\u00e9 de la batterie : 850 mAh\uff1a<\/strong>Avec une batterie de 850 mAh, l'appareil offre une longue dur\u00e9e d'utilisation, id\u00e9ale pour toute la journ\u00e9e.<\/li>\n<li data-start=\"938\" data-end=\"1127\"><strong data-start=\"938\" data-end=\"986\">Rechargeable : port de charge rapide Type-C\uff1a<\/strong>\u00c9quip\u00e9 d'un port Type-C pour une charge rapide, r\u00e9duisant les temps d'attente et rendant l'appareil pr\u00eat \u00e0 l'emploi \u00e0 tout moment.<\/li>\n<li data-start=\"1131\" data-end=\"1289\"><strong data-start=\"1131\" data-end=\"1146\">\u00c9cran LED\uff1a<\/strong>Affiche en temps r\u00e9el le niveau de la batterie et la quantit\u00e9 d'e-liquide restante, permettant \u00e0 l'utilisateur d'\u00eatre toujours inform\u00e9 de l'\u00e9tat de l'appareil.<\/li>\n<\/ol>\n<h4 data-start=\"0\" data-end=\"45\"><strong>Pourquoi choisir WASPE Double Flavor <a href=\"https:\/\/ultravape.de\/product-category\/40000-puff\/\">40000 Puffs<\/a> ?<\/strong><\/h4>\n<ol data-start=\"47\" data-end=\"907\" data-is-last-node=\"\" data-is-only-node=\"\">\n<li data-start=\"47\" data-end=\"371\">\n<p data-start=\"50\" data-end=\"371\"><strong data-start=\"50\" data-end=\"86\">Durable et convivial<br \/>\n<\/strong>Avec un r\u00e9servoir d'e-liquide g\u00e9n\u00e9reux de 36 ml, une batterie puissante de 850 mAh et un port de charge rapide Type-C, le WASPE Double Flavor 40000 Puffs offre une utilisation prolong\u00e9e et une recharge rapide \u2013 id\u00e9al pour une utilisation quotidienne sans remplissage ou charge fr\u00e9quents.<\/p>\n<\/li>\n<li data-start=\"373\" data-end=\"643\">\n<p data-start=\"376\" data-end=\"643\"><strong data-start=\"376\" data-end=\"409\">Exp\u00e9riences de double saveur<br \/>\n<\/strong>La possibilit\u00e9 de passer entre les saveurs \u201eStrawberry Banana\u201c et \u201ePineapple Coconut Ice\u201c offre une exp\u00e9rience de vapotage vari\u00e9e et rafra\u00eechissante, qui peut \u00eatre adapt\u00e9e selon l'humeur ou les pr\u00e9f\u00e9rences.<\/p>\n<\/li>\n<li data-start=\"645\" data-end=\"907\" data-is-last-node=\"\">\n<p data-start=\"648\" data-end=\"907\" data-is-last-node=\"\"><strong data-start=\"648\" data-end=\"672\">Utilisation intelligente<br \/>\n<\/strong>L'\u00e9cran LED int\u00e9gr\u00e9 affiche en temps r\u00e9el l'\u00e9tat de la batterie et le niveau de liquide, permettant \u00e0 l'utilisateur de savoir quand il est temps de recharger ou de remplir. Cette fonction assure une utilisation confortable et sans stress.<\/p>\n<\/li>\n<\/ol>","protected":false},"excerpt":{"rendered":"<p>WASPE Double Flavor 40000 Puffs Strawberry Banana &amp; Pineapple Coconut Ice est \u00e9quip\u00e9 de 36 ml d'e-liquide, ce qui permet une utilisation prolong\u00e9e sans remplissage fr\u00e9quent. La batterie de 850mAh assure une alimentation \u00e9nerg\u00e9tique stable, tandis que le port de charge rapide Type-C permet une recharge rapide. L'\u00e9cran LED surveille en temps r\u00e9el l'\u00e9tat de charge et de liquide, offrant \u00e0 l'utilisateur un intelligent et [\u2026]<\/p>","protected":false},"featured_media":3000,"comment_status":"open","ping_status":"closed","template":"","meta":[],"product_brand":[],"product_cat":[82,17,164],"product_tag":[165,20,57,114,29,25,35,26,62,37,28],"class_list":{"0":"post-2970","1":"product","2":"type-product","3":"status-publish","4":"has-post-thumbnail","6":"product_cat-40000-puff","7":"product_cat-vape","8":"product_cat-waspe-double-flavor-40000-puffs","9":"product_tag-36ml","10":"product_tag-850mah","11":"product_tag-banana","12":"product_tag-dual-flavor","13":"product_tag-ice","14":"product_tag-mesh-coil","15":"product_tag-pineapple","16":"product_tag-rechargeable","17":"product_tag-sale-vape","18":"product_tag-strawberry","19":"product_tag-type-c","21":"first","22":"instock","23":"sale","24":"shipping-taxable","25":"purchasable","26":"product-type-variable","27":"has-default-attributes"},"yoast_head":"<!-- This site is optimized with the Yoast SEO plugin v26.8 - https:\/\/yoast.com\/product\/yoast-seo-wordpress\/ -->\n<title>WASPE Double Flavor 40000 Puffs- Strawberry Banana &amp; Pineapple Coconut lce - Fumot Official Direct | Straight from the Factory, 100% Genuine<\/title>\n<meta name=\"robots\" content=\"index, follow, max-snippet:-1, max-image-preview:large, max-video-preview:-1\" \/>\n<link rel=\"canonical\" href=\"https:\/\/fumot.uk\/fr\/product\/waspe-double-flavor-40000-puffs-strawberry-banana-pineapple-coconut-lce\/\" \/>\n<meta property=\"og:locale\" content=\"fr_FR\" \/>\n<meta property=\"og:type\" content=\"article\" \/>\n<meta property=\"og:title\" content=\"WASPE Double Flavor 40000 Puffs- Strawberry Banana &amp; Pineapple Coconut lce - Fumot Official Direct | Straight from the Factory, 100% Genuine\" \/>\n<meta property=\"og:description\" content=\"WASPE Double Flavor 40000 Puffs Strawberry Banana &amp; Pineapple Coconut Ice ist mit 36 ml E-Liquid ausgestattet, was eine lange Nutzung ohne h\u00e4ufiges Nachf\u00fcllen erm\u00f6glicht. Der 850mAh-Akku sorgt f\u00fcr eine stabile Energieversorgung, w\u00e4hrend der Type-C-Schnellladeanschluss ein schnelles Aufladen erm\u00f6glicht. Das LED-Display \u00fcberwacht in Echtzeit den Lade- und Liquidstatus und bietet dem Nutzer ein intelligentes und [&hellip;]\" \/>\n<meta property=\"og:url\" content=\"https:\/\/fumot.uk\/fr\/product\/waspe-double-flavor-40000-puffs-strawberry-banana-pineapple-coconut-lce\/\" \/>\n<meta property=\"og:site_name\" content=\"Fumot Official Direct | Straight from the Factory, 100% Genuine\" \/>\n<meta property=\"article:modified_time\" content=\"2026-01-20T10:08:07+00:00\" \/>\n<meta property=\"og:image\" content=\"https:\/\/fumot.uk\/wp-content\/uploads\/2026\/01\/WASPE-Double-Flavor-40000-Puffs-Pineapple-Coconut-Ice-Strawberry-Banana-Disposable-Vape.jpg\" \/>\n\t<meta property=\"og:image:width\" content=\"1600\" \/>\n\t<meta property=\"og:image:height\" content=\"1600\" \/>\n\t<meta property=\"og:image:type\" content=\"image\/jpeg\" \/>\n<meta name=\"twitter:card\" content=\"summary_large_image\" \/>\n<meta name=\"twitter:label1\" content=\"Dur\u00e9e de lecture estim\u00e9e\" \/>\n\t<meta name=\"twitter:data1\" content=\"3 minutes\" \/>\n<script type=\"application\/ld+json\" class=\"yoast-schema-graph\">{\"@context\":\"https:\/\/schema.org\",\"@graph\":[{\"@type\":\"WebPage\",\"@id\":\"https:\/\/fumot.uk\/product\/waspe-double-flavor-40000-puffs-strawberry-banana-pineapple-coconut-lce\/\",\"url\":\"https:\/\/fumot.uk\/product\/waspe-double-flavor-40000-puffs-strawberry-banana-pineapple-coconut-lce\/\",\"name\":\"WASPE Double Flavor 40000 Puffs- Strawberry Banana & Pineapple Coconut lce - Fumot Official Direct | Straight from the Factory, 100% Genuine\",\"isPartOf\":{\"@id\":\"https:\/\/fumot.uk\/#website\"},\"primaryImageOfPage\":{\"@id\":\"https:\/\/fumot.uk\/product\/waspe-double-flavor-40000-puffs-strawberry-banana-pineapple-coconut-lce\/#primaryimage\"},\"image\":{\"@id\":\"https:\/\/fumot.uk\/product\/waspe-double-flavor-40000-puffs-strawberry-banana-pineapple-coconut-lce\/#primaryimage\"},\"thumbnailUrl\":\"https:\/\/fumot.uk\/wp-content\/uploads\/2026\/01\/WASPE-Double-Flavor-40000-Puffs-Pineapple-Coconut-Ice-Strawberry-Banana-Disposable-Vape.jpg\",\"datePublished\":\"2026-01-20T10:06:11+00:00\",\"dateModified\":\"2026-01-20T10:08:07+00:00\",\"breadcrumb\":{\"@id\":\"https:\/\/fumot.uk\/product\/waspe-double-flavor-40000-puffs-strawberry-banana-pineapple-coconut-lce\/#breadcrumb\"},\"inLanguage\":\"fr-FR\",\"potentialAction\":[{\"@type\":\"ReadAction\",\"target\":[\"https:\/\/fumot.uk\/product\/waspe-double-flavor-40000-puffs-strawberry-banana-pineapple-coconut-lce\/\"]}]},{\"@type\":\"ImageObject\",\"inLanguage\":\"fr-FR\",\"@id\":\"https:\/\/fumot.uk\/product\/waspe-double-flavor-40000-puffs-strawberry-banana-pineapple-coconut-lce\/#primaryimage\",\"url\":\"https:\/\/fumot.uk\/wp-content\/uploads\/2026\/01\/WASPE-Double-Flavor-40000-Puffs-Pineapple-Coconut-Ice-Strawberry-Banana-Disposable-Vape.jpg\",\"contentUrl\":\"https:\/\/fumot.uk\/wp-content\/uploads\/2026\/01\/WASPE-Double-Flavor-40000-Puffs-Pineapple-Coconut-Ice-Strawberry-Banana-Disposable-Vape.jpg\",\"width\":1600,\"height\":1600},{\"@type\":\"BreadcrumbList\",\"@id\":\"https:\/\/fumot.uk\/product\/waspe-double-flavor-40000-puffs-strawberry-banana-pineapple-coconut-lce\/#breadcrumb\",\"itemListElement\":[{\"@type\":\"ListItem\",\"position\":1,\"name\":\"Home\",\"item\":\"https:\/\/fumot.uk\/\"},{\"@type\":\"ListItem\",\"position\":2,\"name\":\"Shop\",\"item\":\"https:\/\/fumot.uk\/shop\/\"},{\"@type\":\"ListItem\",\"position\":3,\"name\":\"WASPE Double Flavor 40000 Puffs- Strawberry Banana &#038; Pineapple Coconut lce\"}]},{\"@type\":\"WebSite\",\"@id\":\"https:\/\/fumot.uk\/#website\",\"url\":\"https:\/\/fumot.uk\/\",\"name\":\"Fumot Official Direct | Straight from the Factory, 100% Genuine\",\"description\":\"Official Website\",\"publisher\":{\"@id\":\"https:\/\/fumot.uk\/#organization\"},\"potentialAction\":[{\"@type\":\"SearchAction\",\"target\":{\"@type\":\"EntryPoint\",\"urlTemplate\":\"https:\/\/fumot.uk\/?s={search_term_string}\"},\"query-input\":{\"@type\":\"PropertyValueSpecification\",\"valueRequired\":true,\"valueName\":\"search_term_string\"}}],\"inLanguage\":\"fr-FR\"},{\"@type\":\"Organization\",\"@id\":\"https:\/\/fumot.uk\/#organization\",\"name\":\"Fumot Official Direct | Straight from the Factory, 100% Genuine\",\"url\":\"https:\/\/fumot.uk\/\",\"logo\":{\"@type\":\"ImageObject\",\"inLanguage\":\"fr-FR\",\"@id\":\"https:\/\/fumot.uk\/#\/schema\/logo\/image\/\",\"url\":\"https:\/\/fumot.uk\/wp-content\/uploads\/2026\/01\/cropped-fumot-logo1.png\",\"contentUrl\":\"https:\/\/fumot.uk\/wp-content\/uploads\/2026\/01\/cropped-fumot-logo1.png\",\"width\":152,\"height\":106,\"caption\":\"Fumot Official Direct | Straight from the Factory, 100% Genuine\"},\"image\":{\"@id\":\"https:\/\/fumot.uk\/#\/schema\/logo\/image\/\"}}]}<\/script>\n<!-- \/ Yoast SEO plugin. -->","yoast_head_json":{"title":"WASPE Double Flavor 40000 Puffs- Fraise Banane &amp; Ananas Noix de Coco Glace - Fumot Official Direct | Directement de l'usine, 100% Authentique","robots":{"index":"index","follow":"follow","max-snippet":"max-snippet:-1","max-image-preview":"max-image-preview:large","max-video-preview":"max-video-preview:-1"},"canonical":"https:\/\/fumot.uk\/fr\/product\/waspe-double-flavor-40000-puffs-strawberry-banana-pineapple-coconut-lce\/","og_locale":"fr_FR","og_type":"article","og_title":"WASPE Double Flavor 40000 Puffs- Strawberry Banana & Pineapple Coconut lce - Fumot Official Direct | Straight from the Factory, 100% Genuine","og_description":"WASPE Double Flavor 40000 Puffs Strawberry Banana &amp; Pineapple Coconut Ice ist mit 36 ml E-Liquid ausgestattet, was eine lange Nutzung ohne h\u00e4ufiges Nachf\u00fcllen erm\u00f6glicht. Der 850mAh-Akku sorgt f\u00fcr eine stabile Energieversorgung, w\u00e4hrend der Type-C-Schnellladeanschluss ein schnelles Aufladen erm\u00f6glicht. Das LED-Display \u00fcberwacht in Echtzeit den Lade- und Liquidstatus und bietet dem Nutzer ein intelligentes und [&hellip;]","og_url":"https:\/\/fumot.uk\/fr\/product\/waspe-double-flavor-40000-puffs-strawberry-banana-pineapple-coconut-lce\/","og_site_name":"Fumot Official Direct | Straight from the Factory, 100% Genuine","article_modified_time":"2026-01-20T10:08:07+00:00","og_image":[{"width":1600,"height":1600,"url":"https:\/\/fumot.uk\/wp-content\/uploads\/2026\/01\/WASPE-Double-Flavor-40000-Puffs-Pineapple-Coconut-Ice-Strawberry-Banana-Disposable-Vape.jpg","type":"image\/jpeg"}],"twitter_card":"summary_large_image","twitter_misc":{"Dur\u00e9e de lecture estim\u00e9e":"3 minutes"},"schema":{"@context":"https:\/\/schema.org","@graph":[{"@type":"WebPage","@id":"https:\/\/fumot.uk\/product\/waspe-double-flavor-40000-puffs-strawberry-banana-pineapple-coconut-lce\/","url":"https:\/\/fumot.uk\/product\/waspe-double-flavor-40000-puffs-strawberry-banana-pineapple-coconut-lce\/","name":"WASPE Double Flavor 40000 Puffs- Fraise Banane &amp; Ananas Noix de Coco Glace - Fumot Official Direct | Directement de l'usine, 100% Authentique","isPartOf":{"@id":"https:\/\/fumot.uk\/#website"},"primaryImageOfPage":{"@id":"https:\/\/fumot.uk\/product\/waspe-double-flavor-40000-puffs-strawberry-banana-pineapple-coconut-lce\/#primaryimage"},"image":{"@id":"https:\/\/fumot.uk\/product\/waspe-double-flavor-40000-puffs-strawberry-banana-pineapple-coconut-lce\/#primaryimage"},"thumbnailUrl":"https:\/\/fumot.uk\/wp-content\/uploads\/2026\/01\/WASPE-Double-Flavor-40000-Puffs-Pineapple-Coconut-Ice-Strawberry-Banana-Disposable-Vape.jpg","datePublished":"2026-01-20T10:06:11+00:00","dateModified":"2026-01-20T10:08:07+00:00","breadcrumb":{"@id":"https:\/\/fumot.uk\/product\/waspe-double-flavor-40000-puffs-strawberry-banana-pineapple-coconut-lce\/#breadcrumb"},"inLanguage":"fr-FR","potentialAction":[{"@type":"ReadAction","target":["https:\/\/fumot.uk\/product\/waspe-double-flavor-40000-puffs-strawberry-banana-pineapple-coconut-lce\/"]}]},{"@type":"ImageObject","inLanguage":"fr-FR","@id":"https:\/\/fumot.uk\/product\/waspe-double-flavor-40000-puffs-strawberry-banana-pineapple-coconut-lce\/#primaryimage","url":"https:\/\/fumot.uk\/wp-content\/uploads\/2026\/01\/WASPE-Double-Flavor-40000-Puffs-Pineapple-Coconut-Ice-Strawberry-Banana-Disposable-Vape.jpg","contentUrl":"https:\/\/fumot.uk\/wp-content\/uploads\/2026\/01\/WASPE-Double-Flavor-40000-Puffs-Pineapple-Coconut-Ice-Strawberry-Banana-Disposable-Vape.jpg","width":1600,"height":1600},{"@type":"BreadcrumbList","@id":"https:\/\/fumot.uk\/product\/waspe-double-flavor-40000-puffs-strawberry-banana-pineapple-coconut-lce\/#breadcrumb","itemListElement":[{"@type":"ListItem","position":1,"name":"Home","item":"https:\/\/fumot.uk\/"},{"@type":"ListItem","position":2,"name":"Shop","item":"https:\/\/fumot.uk\/shop\/"},{"@type":"ListItem","position":3,"name":"WASPE Double Flavor 40000 Puffs- Strawberry Banana &#038; Pineapple Coconut lce"}]},{"@type":"WebSite","@id":"https:\/\/fumot.uk\/#website","url":"https:\/\/fumot.uk\/","name":"Fumot Official Direct | Directement de l'usine, 100% Authentique","description":"Site officiel","publisher":{"@id":"https:\/\/fumot.uk\/#organization"},"potentialAction":[{"@type":"SearchAction","target":{"@type":"EntryPoint","urlTemplate":"https:\/\/fumot.uk\/?s={search_term_string}"},"query-input":{"@type":"PropertyValueSpecification","valueRequired":true,"valueName":"search_term_string"}}],"inLanguage":"fr-FR"},{"@type":"Organization","@id":"https:\/\/fumot.uk\/#organization","name":"Fumot Official Direct | Directement de l'usine, 100% Authentique","url":"https:\/\/fumot.uk\/","logo":{"@type":"ImageObject","inLanguage":"fr-FR","@id":"https:\/\/fumot.uk\/#\/schema\/logo\/image\/","url":"https:\/\/fumot.uk\/wp-content\/uploads\/2026\/01\/cropped-fumot-logo1.png","contentUrl":"https:\/\/fumot.uk\/wp-content\/uploads\/2026\/01\/cropped-fumot-logo1.png","width":152,"height":106,"caption":"Fumot Official Direct | Straight from the Factory, 100% Genuine"},"image":{"@id":"https:\/\/fumot.uk\/#\/schema\/logo\/image\/"}}]}},"_links":{"self":[{"href":"https:\/\/fumot.uk\/fr\/wp-json\/wp\/v2\/product\/2970","targetHints":{"allow":["GET"]}}],"collection":[{"href":"https:\/\/fumot.uk\/fr\/wp-json\/wp\/v2\/product"}],"about":[{"href":"https:\/\/fumot.uk\/fr\/wp-json\/wp\/v2\/types\/product"}],"replies":[{"embeddable":true,"href":"https:\/\/fumot.uk\/fr\/wp-json\/wp\/v2\/comments?post=2970"}],"wp:featuredmedia":[{"embeddable":true,"href":"https:\/\/fumot.uk\/fr\/wp-json\/wp\/v2\/media\/3000"}],"wp:attachment":[{"href":"https:\/\/fumot.uk\/fr\/wp-json\/wp\/v2\/media?parent=2970"}],"wp:term":[{"taxonomy":"product_brand","embeddable":true,"href":"https:\/\/fumot.uk\/fr\/wp-json\/wp\/v2\/product_brand?post=2970"},{"taxonomy":"product_cat","embeddable":true,"href":"https:\/\/fumot.uk\/fr\/wp-json\/wp\/v2\/product_cat?post=2970"},{"taxonomy":"product_tag","embeddable":true,"href":"https:\/\/fumot.uk\/fr\/wp-json\/wp\/v2\/product_tag?post=2970"}],"curies":[{"name":"wp","href":"https:\/\/api.w.org\/{rel}","templated":true}]}}