{"id":2965,"date":"2026-01-20T10:06:10","date_gmt":"2026-01-20T10:06:10","guid":{"rendered":"https:\/\/fumot.uk\/?post_type=product&#038;p=2965"},"modified":"2026-01-21T03:52:24","modified_gmt":"2026-01-21T03:52:24","slug":"waspe-double-flavor-40000-puffs-peach-lce-pineapple-mango-peach","status":"publish","type":"product","link":"https:\/\/fumot.uk\/fr\/product\/waspe-double-flavor-40000-puffs-peach-lce-pineapple-mango-peach\/","title":{"rendered":"WASPE Double Flavor 40000 Puffs Vape Jetable (36ml, 850mAh, USB-C) \u2013 Glace \u00e0 la p\u00eache &amp; Ananas Mangue P\u00eache"},"content":{"rendered":"<p><strong>WASPE Double Flavor 40000 Puffs \u2013 Glace de p\u00eache &amp; Ananas Mangue P\u00eache<\/strong> apporte une touche fra\u00eeche au vapotage longue dur\u00e9e avec un <strong>interrupteur \u00e0 double saveur<\/strong> et une inhalation douce et r\u00e9guli\u00e8re. Profitez de jusqu'\u00e0 <strong>40 000 bouff\u00e9es<\/strong> (l'utilisation varie) \u00e0 partir d'un g\u00e9n\u00e9reux <strong>capacit\u00e9 de 36 ml de e-liquide<\/strong>, aliment\u00e9 par un fiable <strong>Batterie rechargeable 850mAh<\/strong>. Lorsque vous avez envie de changer, il suffit de passer entre deux profils remarquables : <strong>P\u00eache glac\u00e9e<\/strong>\u2014 p\u00eache vive avec une finition glac\u00e9e et croquante\u2014et <strong>Ananas Mangue P\u00eache<\/strong>\u2014 un m\u00e9lange tropical o\u00f9 l'ananas juteux et la mangue m\u00fbre rencontrent la douceur de la p\u00eache.<\/p>\n<p>Con\u00e7u pour la commodit\u00e9 quotidienne, il dispose <strong>Charge rapide USB Type-C<\/strong> et un <strong>affichage LED<\/strong> qui montre les niveaux de batterie et de liquide en un coup d'\u0153il\u2014pour vapoter plus intelligemment et \u00e9viter les surprises. Vous cherchez plus d'options \u00e0 haute bouff\u00e9e ? D\u00e9couvrez notre <a href=\"https:\/\/fumot.uk\/fr\/product-category\/40000-puff\/\">collection de 40000 bouff\u00e9es<\/a> sur fumot.uk.<\/p>\n<h4><strong>Notes de Saveur<\/strong><\/h4>\n<ul>\n<li><strong>Peach Ice :<\/strong> p\u00eache juteuse avec un bord propre et rafra\u00eechissant<\/li>\n<li><strong>Ananas Mangue P\u00eache :<\/strong> ananas tropical + mangue superpos\u00e9e sur p\u00eache douce<\/li>\n<\/ul>\n<h4><strong>Sp\u00e9cifications du Produit<\/strong><\/h4>\n<ul>\n<li><strong>Bouff\u00e9es :<\/strong> Jusqu'\u00e0 40,000 (d\u00e9pend du comportement de l'utilisateur)<\/li>\n<li><strong>Double Saveur :<\/strong> passez entre deux saveurs pour varier<\/li>\n<li><strong>R\u00e9sistances :<\/strong> Double bobine en mesh 0.9\u03a9 + 0.9\u03a9 pour un chauffage uniforme et une vapeur douce<\/li>\n<li><strong>850mAh (rechargeable)<\/strong> 36 ml<\/li>\n<li><strong>Teneur en Nicotine :<\/strong> 0% \/ 2% \/ 3% \/ 5% (s\u00e9lectionnez votre option pr\u00e9f\u00e9r\u00e9e)<\/li>\n<li><strong>Batterie :<\/strong> 850mAh rechargeable<\/li>\n<li><strong>Chargement :<\/strong> Charge rapide USB Type-C<\/li>\n<li><strong>Affichage :<\/strong> \u00c9cran LED montre le niveau de batterie et de liquide<\/li>\n<\/ul>\n<h4><strong>Pourquoi vous allez l'aimer<\/strong><\/h4>\n<ol>\n<li><strong>Deux saveurs, un appareil<\/strong> \u2014 passez de la fra\u00eecheur glac\u00e9e de la p\u00eache \u00e0 un m\u00e9lange de fruits tropicaux chaque fois que votre go\u00fbt change.<\/li>\n<li><strong>Con\u00e7u pour une utilisation prolong\u00e9e<\/strong> \u2014 grande capacit\u00e9 de 36ml et jusqu'\u00e0 40,000 bouff\u00e9es aident \u00e0 r\u00e9duire le besoin de remplacer fr\u00e9quemment les appareils.<\/li>\n<li><strong>Contr\u00f4le clair et simple<\/strong> \u2014 l'affichage LED garde les informations cl\u00e9s visibles, tandis que la recharge USB-C facilite l'alimentation.<\/li>\n<\/ol>","protected":false},"excerpt":{"rendered":"<p>Passez de Peach Ice \u00e0 Pineapple Mango Peach dans un seul appareil. Jusqu'\u00e0 40 000 bouff\u00e9es, 36 ml de e-liquide, batterie rechargeable de 850 mAh, charge rapide USB-C et affichage LED.<\/p>","protected":false},"featured_media":2995,"comment_status":"open","ping_status":"closed","template":"","meta":[],"product_brand":[],"product_cat":[82,17,164],"product_tag":[165,20,114,29,42,30,35,26,62,28],"class_list":{"0":"post-2965","1":"product","2":"type-product","3":"status-publish","4":"has-post-thumbnail","6":"product_cat-40000-puff","7":"product_cat-vape","8":"product_cat-waspe-double-flavor-40000-puffs","9":"product_tag-36ml","10":"product_tag-850mah","11":"product_tag-dual-flavor","12":"product_tag-ice","13":"product_tag-mango","14":"product_tag-peach","15":"product_tag-pineapple","16":"product_tag-rechargeable","17":"product_tag-sale-vape","18":"product_tag-type-c","20":"first","21":"instock","22":"sale","23":"shipping-taxable","24":"purchasable","25":"product-type-variable","26":"has-default-attributes"},"yoast_head":"<!-- This site is optimized with the Yoast SEO plugin v26.8 - https:\/\/yoast.com\/product\/yoast-seo-wordpress\/ -->\n<title>WASPE Double Flavor 40000 Puffs Peach Ice | 36ml<\/title>\n<meta name=\"description\" content=\"WASPE Double Flavor 40000 Puffs with Peach Ice &amp; Pineapple Mango Peach. 36ml e-liquid, 850mAh rechargeable, USB-C fast charge, LED display. Shop on fumot.uk.\" \/>\n<meta name=\"robots\" content=\"index, follow, max-snippet:-1, max-image-preview:large, max-video-preview:-1\" \/>\n<link rel=\"canonical\" href=\"https:\/\/fumot.uk\/fr\/product\/waspe-double-flavor-40000-puffs-peach-lce-pineapple-mango-peach\/\" \/>\n<meta property=\"og:locale\" content=\"fr_FR\" \/>\n<meta property=\"og:type\" content=\"article\" \/>\n<meta property=\"og:title\" content=\"WASPE Double Flavor 40000 Puffs \u2013 Peach Ice &amp; Tropical Blend\" \/>\n<meta property=\"og:description\" content=\"Dual-flavor disposable vape with up to 40,000 puffs: Peach Ice + Pineapple Mango Peach. 36ml e-liquid, 850mAh rechargeable, USB-C, LED display.\" \/>\n<meta property=\"og:url\" content=\"https:\/\/fumot.uk\/fr\/product\/waspe-double-flavor-40000-puffs-peach-lce-pineapple-mango-peach\/\" \/>\n<meta property=\"og:site_name\" content=\"Fumot Official Direct | Straight from the Factory, 100% Genuine\" \/>\n<meta property=\"article:modified_time\" content=\"2026-01-21T03:52:24+00:00\" \/>\n<meta property=\"og:image\" content=\"https:\/\/fumot.uk\/wp-content\/uploads\/2026\/01\/WASPE-Double-Flavor-40000-Puffs-Pineapple-Mango-Peach-Peach-Ice-Disposable-Vape.jpg\" \/>\n\t<meta property=\"og:image:width\" content=\"1600\" \/>\n\t<meta property=\"og:image:height\" content=\"1600\" \/>\n\t<meta property=\"og:image:type\" content=\"image\/jpeg\" \/>\n<meta name=\"twitter:card\" content=\"summary_large_image\" \/>\n<meta name=\"twitter:label1\" content=\"Dur\u00e9e de lecture estim\u00e9e\" \/>\n\t<meta name=\"twitter:data1\" content=\"3 minutes\" \/>\n<script type=\"application\/ld+json\" class=\"yoast-schema-graph\">{\"@context\":\"https:\/\/schema.org\",\"@graph\":[{\"@type\":\"WebPage\",\"@id\":\"https:\/\/fumot.uk\/product\/waspe-double-flavor-40000-puffs-peach-lce-pineapple-mango-peach\/\",\"url\":\"https:\/\/fumot.uk\/product\/waspe-double-flavor-40000-puffs-peach-lce-pineapple-mango-peach\/\",\"name\":\"WASPE Double Flavor 40000 Puffs Peach Ice | 36ml\",\"isPartOf\":{\"@id\":\"https:\/\/fumot.uk\/#website\"},\"primaryImageOfPage\":{\"@id\":\"https:\/\/fumot.uk\/product\/waspe-double-flavor-40000-puffs-peach-lce-pineapple-mango-peach\/#primaryimage\"},\"image\":{\"@id\":\"https:\/\/fumot.uk\/product\/waspe-double-flavor-40000-puffs-peach-lce-pineapple-mango-peach\/#primaryimage\"},\"thumbnailUrl\":\"https:\/\/fumot.uk\/wp-content\/uploads\/2026\/01\/WASPE-Double-Flavor-40000-Puffs-Pineapple-Mango-Peach-Peach-Ice-Disposable-Vape.jpg\",\"datePublished\":\"2026-01-20T10:06:10+00:00\",\"dateModified\":\"2026-01-21T03:52:24+00:00\",\"description\":\"WASPE Double Flavor 40000 Puffs with Peach Ice & Pineapple Mango Peach. 36ml e-liquid, 850mAh rechargeable, USB-C fast charge, LED display. Shop on fumot.uk.\",\"breadcrumb\":{\"@id\":\"https:\/\/fumot.uk\/product\/waspe-double-flavor-40000-puffs-peach-lce-pineapple-mango-peach\/#breadcrumb\"},\"inLanguage\":\"fr-FR\",\"potentialAction\":[{\"@type\":\"ReadAction\",\"target\":[\"https:\/\/fumot.uk\/product\/waspe-double-flavor-40000-puffs-peach-lce-pineapple-mango-peach\/\"]}]},{\"@type\":\"ImageObject\",\"inLanguage\":\"fr-FR\",\"@id\":\"https:\/\/fumot.uk\/product\/waspe-double-flavor-40000-puffs-peach-lce-pineapple-mango-peach\/#primaryimage\",\"url\":\"https:\/\/fumot.uk\/wp-content\/uploads\/2026\/01\/WASPE-Double-Flavor-40000-Puffs-Pineapple-Mango-Peach-Peach-Ice-Disposable-Vape.jpg\",\"contentUrl\":\"https:\/\/fumot.uk\/wp-content\/uploads\/2026\/01\/WASPE-Double-Flavor-40000-Puffs-Pineapple-Mango-Peach-Peach-Ice-Disposable-Vape.jpg\",\"width\":1600,\"height\":1600},{\"@type\":\"BreadcrumbList\",\"@id\":\"https:\/\/fumot.uk\/product\/waspe-double-flavor-40000-puffs-peach-lce-pineapple-mango-peach\/#breadcrumb\",\"itemListElement\":[{\"@type\":\"ListItem\",\"position\":1,\"name\":\"Home\",\"item\":\"https:\/\/fumot.uk\/\"},{\"@type\":\"ListItem\",\"position\":2,\"name\":\"Shop\",\"item\":\"https:\/\/fumot.uk\/shop\/\"},{\"@type\":\"ListItem\",\"position\":3,\"name\":\"WASPE Double Flavor 40000 Puffs Disposable Vape (36ml, 850mAh, USB-C) \u2013 Peach Ice &#038; Pineapple Mango Peach\"}]},{\"@type\":\"WebSite\",\"@id\":\"https:\/\/fumot.uk\/#website\",\"url\":\"https:\/\/fumot.uk\/\",\"name\":\"Fumot Official Direct | Straight from the Factory, 100% Genuine\",\"description\":\"Official Website\",\"publisher\":{\"@id\":\"https:\/\/fumot.uk\/#organization\"},\"potentialAction\":[{\"@type\":\"SearchAction\",\"target\":{\"@type\":\"EntryPoint\",\"urlTemplate\":\"https:\/\/fumot.uk\/?s={search_term_string}\"},\"query-input\":{\"@type\":\"PropertyValueSpecification\",\"valueRequired\":true,\"valueName\":\"search_term_string\"}}],\"inLanguage\":\"fr-FR\"},{\"@type\":\"Organization\",\"@id\":\"https:\/\/fumot.uk\/#organization\",\"name\":\"Fumot Official Direct | Straight from the Factory, 100% Genuine\",\"url\":\"https:\/\/fumot.uk\/\",\"logo\":{\"@type\":\"ImageObject\",\"inLanguage\":\"fr-FR\",\"@id\":\"https:\/\/fumot.uk\/#\/schema\/logo\/image\/\",\"url\":\"https:\/\/fumot.uk\/wp-content\/uploads\/2026\/01\/cropped-fumot-logo1.png\",\"contentUrl\":\"https:\/\/fumot.uk\/wp-content\/uploads\/2026\/01\/cropped-fumot-logo1.png\",\"width\":152,\"height\":106,\"caption\":\"Fumot Official Direct | Straight from the Factory, 100% Genuine\"},\"image\":{\"@id\":\"https:\/\/fumot.uk\/#\/schema\/logo\/image\/\"}}]}<\/script>\n<!-- \/ Yoast SEO plugin. -->","yoast_head_json":{"title":"WASPE Double Flavor 40000 Puffs Glace \u00e0 la p\u00eache | 36ml","description":"WASPE Double Flavor 40000 Puffs avec Peach Ice &amp; Pineapple Mango Peach. 36ml e-liquide, 850mAh rechargeable, charge rapide USB-C, \u00e9cran LED. Achetez sur fumot.uk.","robots":{"index":"index","follow":"follow","max-snippet":"max-snippet:-1","max-image-preview":"max-image-preview:large","max-video-preview":"max-video-preview:-1"},"canonical":"https:\/\/fumot.uk\/fr\/product\/waspe-double-flavor-40000-puffs-peach-lce-pineapple-mango-peach\/","og_locale":"fr_FR","og_type":"article","og_title":"WASPE Double Flavor 40000 Puffs \u2013 Peach Ice & Tropical Blend","og_description":"Dual-flavor disposable vape with up to 40,000 puffs: Peach Ice + Pineapple Mango Peach. 36ml e-liquid, 850mAh rechargeable, USB-C, LED display.","og_url":"https:\/\/fumot.uk\/fr\/product\/waspe-double-flavor-40000-puffs-peach-lce-pineapple-mango-peach\/","og_site_name":"Fumot Official Direct | Straight from the Factory, 100% Genuine","article_modified_time":"2026-01-21T03:52:24+00:00","og_image":[{"width":1600,"height":1600,"url":"https:\/\/fumot.uk\/wp-content\/uploads\/2026\/01\/WASPE-Double-Flavor-40000-Puffs-Pineapple-Mango-Peach-Peach-Ice-Disposable-Vape.jpg","type":"image\/jpeg"}],"twitter_card":"summary_large_image","twitter_misc":{"Dur\u00e9e de lecture estim\u00e9e":"3 minutes"},"schema":{"@context":"https:\/\/schema.org","@graph":[{"@type":"WebPage","@id":"https:\/\/fumot.uk\/product\/waspe-double-flavor-40000-puffs-peach-lce-pineapple-mango-peach\/","url":"https:\/\/fumot.uk\/product\/waspe-double-flavor-40000-puffs-peach-lce-pineapple-mango-peach\/","name":"WASPE Double Flavor 40000 Puffs Glace \u00e0 la p\u00eache | 36ml","isPartOf":{"@id":"https:\/\/fumot.uk\/#website"},"primaryImageOfPage":{"@id":"https:\/\/fumot.uk\/product\/waspe-double-flavor-40000-puffs-peach-lce-pineapple-mango-peach\/#primaryimage"},"image":{"@id":"https:\/\/fumot.uk\/product\/waspe-double-flavor-40000-puffs-peach-lce-pineapple-mango-peach\/#primaryimage"},"thumbnailUrl":"https:\/\/fumot.uk\/wp-content\/uploads\/2026\/01\/WASPE-Double-Flavor-40000-Puffs-Pineapple-Mango-Peach-Peach-Ice-Disposable-Vape.jpg","datePublished":"2026-01-20T10:06:10+00:00","dateModified":"2026-01-21T03:52:24+00:00","description":"WASPE Double Flavor 40000 Puffs avec Peach Ice &amp; Pineapple Mango Peach. 36ml e-liquide, 850mAh rechargeable, charge rapide USB-C, \u00e9cran LED. Achetez sur fumot.uk.","breadcrumb":{"@id":"https:\/\/fumot.uk\/product\/waspe-double-flavor-40000-puffs-peach-lce-pineapple-mango-peach\/#breadcrumb"},"inLanguage":"fr-FR","potentialAction":[{"@type":"ReadAction","target":["https:\/\/fumot.uk\/product\/waspe-double-flavor-40000-puffs-peach-lce-pineapple-mango-peach\/"]}]},{"@type":"ImageObject","inLanguage":"fr-FR","@id":"https:\/\/fumot.uk\/product\/waspe-double-flavor-40000-puffs-peach-lce-pineapple-mango-peach\/#primaryimage","url":"https:\/\/fumot.uk\/wp-content\/uploads\/2026\/01\/WASPE-Double-Flavor-40000-Puffs-Pineapple-Mango-Peach-Peach-Ice-Disposable-Vape.jpg","contentUrl":"https:\/\/fumot.uk\/wp-content\/uploads\/2026\/01\/WASPE-Double-Flavor-40000-Puffs-Pineapple-Mango-Peach-Peach-Ice-Disposable-Vape.jpg","width":1600,"height":1600},{"@type":"BreadcrumbList","@id":"https:\/\/fumot.uk\/product\/waspe-double-flavor-40000-puffs-peach-lce-pineapple-mango-peach\/#breadcrumb","itemListElement":[{"@type":"ListItem","position":1,"name":"Home","item":"https:\/\/fumot.uk\/"},{"@type":"ListItem","position":2,"name":"Shop","item":"https:\/\/fumot.uk\/shop\/"},{"@type":"ListItem","position":3,"name":"WASPE Double Flavor 40000 Puffs Disposable Vape (36ml, 850mAh, USB-C) \u2013 Peach Ice &#038; Pineapple Mango Peach"}]},{"@type":"WebSite","@id":"https:\/\/fumot.uk\/#website","url":"https:\/\/fumot.uk\/","name":"Fumot Official Direct | Directement de l'usine, 100% Authentique","description":"Site officiel","publisher":{"@id":"https:\/\/fumot.uk\/#organization"},"potentialAction":[{"@type":"SearchAction","target":{"@type":"EntryPoint","urlTemplate":"https:\/\/fumot.uk\/?s={search_term_string}"},"query-input":{"@type":"PropertyValueSpecification","valueRequired":true,"valueName":"search_term_string"}}],"inLanguage":"fr-FR"},{"@type":"Organization","@id":"https:\/\/fumot.uk\/#organization","name":"Fumot Official Direct | Directement de l'usine, 100% Authentique","url":"https:\/\/fumot.uk\/","logo":{"@type":"ImageObject","inLanguage":"fr-FR","@id":"https:\/\/fumot.uk\/#\/schema\/logo\/image\/","url":"https:\/\/fumot.uk\/wp-content\/uploads\/2026\/01\/cropped-fumot-logo1.png","contentUrl":"https:\/\/fumot.uk\/wp-content\/uploads\/2026\/01\/cropped-fumot-logo1.png","width":152,"height":106,"caption":"Fumot Official Direct | Straight from the Factory, 100% Genuine"},"image":{"@id":"https:\/\/fumot.uk\/#\/schema\/logo\/image\/"}}]}},"_links":{"self":[{"href":"https:\/\/fumot.uk\/fr\/wp-json\/wp\/v2\/product\/2965","targetHints":{"allow":["GET"]}}],"collection":[{"href":"https:\/\/fumot.uk\/fr\/wp-json\/wp\/v2\/product"}],"about":[{"href":"https:\/\/fumot.uk\/fr\/wp-json\/wp\/v2\/types\/product"}],"replies":[{"embeddable":true,"href":"https:\/\/fumot.uk\/fr\/wp-json\/wp\/v2\/comments?post=2965"}],"wp:featuredmedia":[{"embeddable":true,"href":"https:\/\/fumot.uk\/fr\/wp-json\/wp\/v2\/media\/2995"}],"wp:attachment":[{"href":"https:\/\/fumot.uk\/fr\/wp-json\/wp\/v2\/media?parent=2965"}],"wp:term":[{"taxonomy":"product_brand","embeddable":true,"href":"https:\/\/fumot.uk\/fr\/wp-json\/wp\/v2\/product_brand?post=2965"},{"taxonomy":"product_cat","embeddable":true,"href":"https:\/\/fumot.uk\/fr\/wp-json\/wp\/v2\/product_cat?post=2965"},{"taxonomy":"product_tag","embeddable":true,"href":"https:\/\/fumot.uk\/fr\/wp-json\/wp\/v2\/product_tag?post=2965"}],"curies":[{"name":"wp","href":"https:\/\/api.w.org\/{rel}","templated":true}]}}