{"id":2230,"date":"2026-01-20T08:28:25","date_gmt":"2026-01-20T08:28:25","guid":{"rendered":"https:\/\/fumot.uk\/?post_type=product&#038;p=2230"},"modified":"2026-01-20T09:03:39","modified_gmt":"2026-01-20T09:03:39","slug":"uzy-6-in-1-150000-puffs-grape-ice-mango-peach-blueberry-watermelon","status":"publish","type":"product","link":"https:\/\/fumot.uk\/fr\/product\/uzy-6-in-1-150000-puffs-grape-ice-mango-peach-blueberry-watermelon\/","title":{"rendered":"UZY Vape Jetable 6-en-1 150000 Puffs \u2013 Raisin Glac\u00e9 \/ Mangue P\u00eache \/ Myrtille Past\u00e8que (64ml, Pr\u00e9sentation, Rechargeable 650mAh)"},"content":{"rendered":"<h2>UZY 6-en-1 150000 bouff\u00e9es \u2013 3 saveurs, jusqu'\u00e0 6 routes de go\u00fbt<\/h2>\n<p>D\u00e9couvrez le <strong>UZY 6-in-1 150000 Puffs<\/strong> dans un trio ax\u00e9 sur les fruits : <strong>Grape Ice<\/strong>, <strong>Mangue P\u00eache<\/strong>, et <strong>Myrtille Past\u00e8que<\/strong>. Construit autour de la signature d'UZY <strong>syst\u00e8me de 6 saveurs<\/strong> et <strong>technologie de s\u00e9paration des saveurs<\/strong>, vous pouvez profiter de chaque saveur de base seule ou passer \u00e0 un m\u00e9lange associ\u00e9 pour un profil instantan\u00e9ment diff\u00e9rent\u2014frais, propre, et constamment lisse du d\u00e9but \u00e0 la fin.<\/p>\n<h3>Profil de saveur : Raisin Glac\u00e9 \/ Mangue P\u00eache \/ Myrtille Past\u00e8que<\/h3>\n<ul>\n<li><strong>Grape Ice<\/strong> \u2013 Douceur de raisin m\u00fbr avec une finition fra\u00eeche et rafra\u00eechissante pour une inhalation lumineuse et vivifiante.<\/li>\n<li><strong>Mangue P\u00eache<\/strong> \u2013 Richesse de mangue tropicale \u00e9quilibr\u00e9e par une p\u00eache douce et juteuse pour un m\u00e9lange de fruits rond et satisfaisant.<\/li>\n<li><strong>Myrtille Past\u00e8que<\/strong> \u2013 L\u00e9g\u00e8re acidit\u00e9 de myrtille superpos\u00e9e \u00e0 la fra\u00eecheur propre de la past\u00e8que pour une vape facile et de style quotidien.<\/li>\n<\/ul>\n<h3>Comment fonctionne l'exp\u00e9rience 6-en-1<\/h3>\n<p>L'innovation est le <strong>syst\u00e8me de 6 saveurs<\/strong>: avec trois saveurs principales disponibles, l'appareil vous permet de les garder <strong>s\u00e9par\u00e9es et pures<\/strong> ou cr\u00e9er <strong>combinaisons par paires<\/strong> \u00e0 la demande\u2014vous offrant de la vari\u00e9t\u00e9 sans go\u00fbt confus. Le r\u00e9sultat est un bord de saveur plus d\u00e9fini et une exp\u00e9rience amusante et vari\u00e9e chaque fois que vous voulez quelque chose de nouveau.<\/p>\n<h3>Con\u00e7u pour une saveur constante<\/h3>\n<ul>\n<li><strong>Quadruple Mesh Coil<\/strong> \u2013 Quatre noyaux de chauffage en maille travaillent ensemble pour une chaleur uniforme et une sortie stable.<\/li>\n<li><strong>Capacit\u00e9 de 64ml<\/strong> \u2013 Con\u00e7u pour une utilisation prolong\u00e9e avec vos saveurs choisies.<\/li>\n<li><strong>Rechargeable 650mAh<\/strong> \u2013 Recharge pratique pour des sessions plus longues.<\/li>\n<li><strong>Affichage<\/strong> \u2013 Visibilit\u00e9 claire et rapide pour une exp\u00e9rience quotidienne plus contr\u00f4l\u00e9e.<\/li>\n<\/ul>\n<h3>Options de nicotine<\/h3>\n<p>Disponible en <strong>0%<\/strong>, <strong>2%<\/strong>, <strong>3%<\/strong>, et <strong>5%<\/strong> concentrations de nicotine (s\u00e9lection varie selon le stock).<\/p>\n<h3>Pourquoi cet ensemble de saveurs ?<\/h3>\n<p>Si vous aimez <strong>fruit glac\u00e9<\/strong>, <strong>douceur tropicale<\/strong>, et <strong>fra\u00eecheur baie-melon<\/strong> tons, ce trio couvre plusieurs humeurs\u2014frais et croquant, cr\u00e9meux et tropical, ou propre et juteux\u2014sans avoir besoin de plusieurs appareils.<\/p>\n<p><strong>Explorez plus d'options UZY :<\/strong> <a href=\"https:\/\/fumot.uk\/fr\/\" target=\"_blank\" rel=\"noopener\">fumot.uk<\/a><\/p>\n<hr \/>\n<p><strong>Cat\u00e9gorie :<\/strong> 150000 bouff\u00e9es, cigarette \u00e9lectronique jetable, UZY 6-en-1 150000 bouff\u00e9es<br \/>\n<strong>Tags :<\/strong> 6 en 1 vape, 150000 bouff\u00e9es, vape jetable, UZY, 64ml, 650mah, rechargeable, affichage, quadruple bobine en maille, raisin glac\u00e9, mangue p\u00eache, myrtille past\u00e8que, 0% 2% 3% 5% nicotine<\/p>","protected":false},"excerpt":{"rendered":"<p>Vape jetable UZY 6-en-1 150000 bouff\u00e9es avec Grape Ice, Mango Peach et Blueberry Watermelon. La technologie de s\u00e9paration des saveurs vous permet de profiter de chaque go\u00fbt proprement ou de passer \u00e0 des m\u00e9langes associ\u00e9s pour plus de vari\u00e9t\u00e9. Bobine \u00e0 quadruple maille, 64ml, affichage, rechargeable 650mAh. Options de nicotine : 0%, 2%, 3%, 5%.<\/p>","protected":false},"featured_media":2265,"comment_status":"open","ping_status":"closed","template":"","meta":[],"product_brand":[],"product_cat":[147,148,17],"product_tag":[84,70,85,71,149,150,131,33,23,39,29,42,30,133,26,32],"class_list":{"0":"post-2230","1":"product","2":"type-product","3":"status-publish","4":"has-post-thumbnail","6":"product_cat-150000-puff","7":"product_cat-uzy-6-in-1-150000-puffs","8":"product_cat-vape","9":"product_tag-0-nikotin","10":"product_tag-2-nikotin","11":"product_tag-3-nikotin","12":"product_tag-5-nikotin","13":"product_tag-6-in-1-vape","14":"product_tag-64ml","15":"product_tag-650mah","16":"product_tag-blueberry","17":"product_tag-display","18":"product_tag-grape","19":"product_tag-ice","20":"product_tag-mango","21":"product_tag-peach","22":"product_tag-quadruple-mesh-coil","23":"product_tag-rechargeable","24":"product_tag-watermelon","26":"first","27":"instock","28":"sale","29":"shipping-taxable","30":"purchasable","31":"product-type-variable","32":"has-default-attributes"},"yoast_head":"<!-- This site is optimized with the Yoast SEO plugin v26.8 - https:\/\/yoast.com\/product\/yoast-seo-wordpress\/ -->\n<title>UZY 6-in-1 150000 Puffs \u2013 Grape Ice Trio Vape<\/title>\n<meta name=\"description\" content=\"UZY 6-in-1 150000 Puffs with Grape Ice, Mango Peach &amp; Blueberry Watermelon. 64ml, display, rechargeable 650mAh, quad mesh. 0\u20135% nicotine.\" \/>\n<meta name=\"robots\" content=\"index, follow, max-snippet:-1, max-image-preview:large, max-video-preview:-1\" \/>\n<link rel=\"canonical\" href=\"https:\/\/fumot.uk\/fr\/product\/uzy-6-in-1-150000-puffs-grape-ice-mango-peach-blueberry-watermelon\/\" \/>\n<meta property=\"og:locale\" content=\"fr_FR\" \/>\n<meta property=\"og:type\" content=\"article\" \/>\n<meta property=\"og:title\" content=\"UZY 6-in-1 150000 Puffs \u2013 Grape Ice \/ Mango Peach \/ Blueberry Watermelon\" \/>\n<meta property=\"og:description\" content=\"Switch between 3 base flavors or paired blends with UZY\u2019s 6-in-1 system. 64ml, display, rechargeable 650mAh, quad mesh coil. 0\u20135% nicotine.\" \/>\n<meta property=\"og:url\" content=\"https:\/\/fumot.uk\/fr\/product\/uzy-6-in-1-150000-puffs-grape-ice-mango-peach-blueberry-watermelon\/\" \/>\n<meta property=\"og:site_name\" content=\"Fumot Official Direct | Straight from the Factory, 100% Genuine\" \/>\n<meta property=\"article:modified_time\" content=\"2026-01-20T09:03:39+00:00\" \/>\n<meta property=\"og:image\" content=\"https:\/\/fumot.uk\/wp-content\/uploads\/2026\/01\/UZY-6-IN-1-150000-Puffs-grape-ice-mango-peach-blueberry-watermelon-disposable-vape-ultravape-scaled-1-1024x1024.png\" \/>\n\t<meta property=\"og:image:width\" content=\"1024\" \/>\n\t<meta property=\"og:image:height\" content=\"1024\" \/>\n\t<meta property=\"og:image:type\" content=\"image\/png\" \/>\n<meta name=\"twitter:card\" content=\"summary_large_image\" \/>\n<meta name=\"twitter:label1\" content=\"Dur\u00e9e de lecture estim\u00e9e\" \/>\n\t<meta name=\"twitter:data1\" content=\"2 minutes\" \/>\n<script type=\"application\/ld+json\" class=\"yoast-schema-graph\">{\"@context\":\"https:\/\/schema.org\",\"@graph\":[{\"@type\":\"WebPage\",\"@id\":\"https:\/\/fumot.uk\/product\/uzy-6-in-1-150000-puffs-grape-ice-mango-peach-blueberry-watermelon\/\",\"url\":\"https:\/\/fumot.uk\/product\/uzy-6-in-1-150000-puffs-grape-ice-mango-peach-blueberry-watermelon\/\",\"name\":\"UZY 6-in-1 150000 Puffs \u2013 Grape Ice Trio Vape\",\"isPartOf\":{\"@id\":\"https:\/\/fumot.uk\/#website\"},\"primaryImageOfPage\":{\"@id\":\"https:\/\/fumot.uk\/product\/uzy-6-in-1-150000-puffs-grape-ice-mango-peach-blueberry-watermelon\/#primaryimage\"},\"image\":{\"@id\":\"https:\/\/fumot.uk\/product\/uzy-6-in-1-150000-puffs-grape-ice-mango-peach-blueberry-watermelon\/#primaryimage\"},\"thumbnailUrl\":\"https:\/\/fumot.uk\/wp-content\/uploads\/2026\/01\/UZY-6-IN-1-150000-Puffs-grape-ice-mango-peach-blueberry-watermelon-disposable-vape-ultravape-scaled-1.png\",\"datePublished\":\"2026-01-20T08:28:25+00:00\",\"dateModified\":\"2026-01-20T09:03:39+00:00\",\"description\":\"UZY 6-in-1 150000 Puffs with Grape Ice, Mango Peach & Blueberry Watermelon. 64ml, display, rechargeable 650mAh, quad mesh. 0\u20135% nicotine.\",\"breadcrumb\":{\"@id\":\"https:\/\/fumot.uk\/product\/uzy-6-in-1-150000-puffs-grape-ice-mango-peach-blueberry-watermelon\/#breadcrumb\"},\"inLanguage\":\"fr-FR\",\"potentialAction\":[{\"@type\":\"ReadAction\",\"target\":[\"https:\/\/fumot.uk\/product\/uzy-6-in-1-150000-puffs-grape-ice-mango-peach-blueberry-watermelon\/\"]}]},{\"@type\":\"ImageObject\",\"inLanguage\":\"fr-FR\",\"@id\":\"https:\/\/fumot.uk\/product\/uzy-6-in-1-150000-puffs-grape-ice-mango-peach-blueberry-watermelon\/#primaryimage\",\"url\":\"https:\/\/fumot.uk\/wp-content\/uploads\/2026\/01\/UZY-6-IN-1-150000-Puffs-grape-ice-mango-peach-blueberry-watermelon-disposable-vape-ultravape-scaled-1.png\",\"contentUrl\":\"https:\/\/fumot.uk\/wp-content\/uploads\/2026\/01\/UZY-6-IN-1-150000-Puffs-grape-ice-mango-peach-blueberry-watermelon-disposable-vape-ultravape-scaled-1.png\",\"width\":2560,\"height\":2560},{\"@type\":\"BreadcrumbList\",\"@id\":\"https:\/\/fumot.uk\/product\/uzy-6-in-1-150000-puffs-grape-ice-mango-peach-blueberry-watermelon\/#breadcrumb\",\"itemListElement\":[{\"@type\":\"ListItem\",\"position\":1,\"name\":\"Home\",\"item\":\"https:\/\/fumot.uk\/\"},{\"@type\":\"ListItem\",\"position\":2,\"name\":\"Shop\",\"item\":\"https:\/\/fumot.uk\/shop\/\"},{\"@type\":\"ListItem\",\"position\":3,\"name\":\"UZY 6-in-1 150000 Puffs Disposable Vape \u2013 Grape Ice \/ Mango Peach \/ Blueberry Watermelon (64ml, Display, Rechargeable 650mAh)\"}]},{\"@type\":\"WebSite\",\"@id\":\"https:\/\/fumot.uk\/#website\",\"url\":\"https:\/\/fumot.uk\/\",\"name\":\"Fumot Official Direct | Straight from the Factory, 100% Genuine\",\"description\":\"Official Website\",\"publisher\":{\"@id\":\"https:\/\/fumot.uk\/#organization\"},\"potentialAction\":[{\"@type\":\"SearchAction\",\"target\":{\"@type\":\"EntryPoint\",\"urlTemplate\":\"https:\/\/fumot.uk\/?s={search_term_string}\"},\"query-input\":{\"@type\":\"PropertyValueSpecification\",\"valueRequired\":true,\"valueName\":\"search_term_string\"}}],\"inLanguage\":\"fr-FR\"},{\"@type\":\"Organization\",\"@id\":\"https:\/\/fumot.uk\/#organization\",\"name\":\"Fumot Official Direct | Straight from the Factory, 100% Genuine\",\"url\":\"https:\/\/fumot.uk\/\",\"logo\":{\"@type\":\"ImageObject\",\"inLanguage\":\"fr-FR\",\"@id\":\"https:\/\/fumot.uk\/#\/schema\/logo\/image\/\",\"url\":\"https:\/\/fumot.uk\/wp-content\/uploads\/2026\/01\/cropped-fumot-logo1.png\",\"contentUrl\":\"https:\/\/fumot.uk\/wp-content\/uploads\/2026\/01\/cropped-fumot-logo1.png\",\"width\":152,\"height\":106,\"caption\":\"Fumot Official Direct | Straight from the Factory, 100% Genuine\"},\"image\":{\"@id\":\"https:\/\/fumot.uk\/#\/schema\/logo\/image\/\"}}]}<\/script>\n<!-- \/ Yoast SEO plugin. -->","yoast_head_json":{"title":"UZY 6-en-1 150000 Puffs \u2013 Trio Vape Raisin Glac\u00e9","description":"UZY 6-en-1 150000 Bouff\u00e9es avec Glace Raisin, Mangue P\u00eache &amp; Myrtille Past\u00e8que. 64ml, affichage, rechargeable 650mAh, quad mesh. 0\u20135% nicotine.","robots":{"index":"index","follow":"follow","max-snippet":"max-snippet:-1","max-image-preview":"max-image-preview:large","max-video-preview":"max-video-preview:-1"},"canonical":"https:\/\/fumot.uk\/fr\/product\/uzy-6-in-1-150000-puffs-grape-ice-mango-peach-blueberry-watermelon\/","og_locale":"fr_FR","og_type":"article","og_title":"UZY 6-in-1 150000 Puffs \u2013 Grape Ice \/ Mango Peach \/ Blueberry Watermelon","og_description":"Switch between 3 base flavors or paired blends with UZY\u2019s 6-in-1 system. 64ml, display, rechargeable 650mAh, quad mesh coil. 0\u20135% nicotine.","og_url":"https:\/\/fumot.uk\/fr\/product\/uzy-6-in-1-150000-puffs-grape-ice-mango-peach-blueberry-watermelon\/","og_site_name":"Fumot Official Direct | Straight from the Factory, 100% Genuine","article_modified_time":"2026-01-20T09:03:39+00:00","og_image":[{"width":1024,"height":1024,"url":"https:\/\/fumot.uk\/wp-content\/uploads\/2026\/01\/UZY-6-IN-1-150000-Puffs-grape-ice-mango-peach-blueberry-watermelon-disposable-vape-ultravape-scaled-1-1024x1024.png","type":"image\/png"}],"twitter_card":"summary_large_image","twitter_misc":{"Dur\u00e9e de lecture estim\u00e9e":"2 minutes"},"schema":{"@context":"https:\/\/schema.org","@graph":[{"@type":"WebPage","@id":"https:\/\/fumot.uk\/product\/uzy-6-in-1-150000-puffs-grape-ice-mango-peach-blueberry-watermelon\/","url":"https:\/\/fumot.uk\/product\/uzy-6-in-1-150000-puffs-grape-ice-mango-peach-blueberry-watermelon\/","name":"UZY 6-en-1 150000 Puffs \u2013 Trio Vape Raisin Glac\u00e9","isPartOf":{"@id":"https:\/\/fumot.uk\/#website"},"primaryImageOfPage":{"@id":"https:\/\/fumot.uk\/product\/uzy-6-in-1-150000-puffs-grape-ice-mango-peach-blueberry-watermelon\/#primaryimage"},"image":{"@id":"https:\/\/fumot.uk\/product\/uzy-6-in-1-150000-puffs-grape-ice-mango-peach-blueberry-watermelon\/#primaryimage"},"thumbnailUrl":"https:\/\/fumot.uk\/wp-content\/uploads\/2026\/01\/UZY-6-IN-1-150000-Puffs-grape-ice-mango-peach-blueberry-watermelon-disposable-vape-ultravape-scaled-1.png","datePublished":"2026-01-20T08:28:25+00:00","dateModified":"2026-01-20T09:03:39+00:00","description":"UZY 6-en-1 150000 Bouff\u00e9es avec Glace Raisin, Mangue P\u00eache &amp; Myrtille Past\u00e8que. 64ml, affichage, rechargeable 650mAh, quad mesh. 0\u20135% nicotine.","breadcrumb":{"@id":"https:\/\/fumot.uk\/product\/uzy-6-in-1-150000-puffs-grape-ice-mango-peach-blueberry-watermelon\/#breadcrumb"},"inLanguage":"fr-FR","potentialAction":[{"@type":"ReadAction","target":["https:\/\/fumot.uk\/product\/uzy-6-in-1-150000-puffs-grape-ice-mango-peach-blueberry-watermelon\/"]}]},{"@type":"ImageObject","inLanguage":"fr-FR","@id":"https:\/\/fumot.uk\/product\/uzy-6-in-1-150000-puffs-grape-ice-mango-peach-blueberry-watermelon\/#primaryimage","url":"https:\/\/fumot.uk\/wp-content\/uploads\/2026\/01\/UZY-6-IN-1-150000-Puffs-grape-ice-mango-peach-blueberry-watermelon-disposable-vape-ultravape-scaled-1.png","contentUrl":"https:\/\/fumot.uk\/wp-content\/uploads\/2026\/01\/UZY-6-IN-1-150000-Puffs-grape-ice-mango-peach-blueberry-watermelon-disposable-vape-ultravape-scaled-1.png","width":2560,"height":2560},{"@type":"BreadcrumbList","@id":"https:\/\/fumot.uk\/product\/uzy-6-in-1-150000-puffs-grape-ice-mango-peach-blueberry-watermelon\/#breadcrumb","itemListElement":[{"@type":"ListItem","position":1,"name":"Home","item":"https:\/\/fumot.uk\/"},{"@type":"ListItem","position":2,"name":"Shop","item":"https:\/\/fumot.uk\/shop\/"},{"@type":"ListItem","position":3,"name":"UZY 6-in-1 150000 Puffs Disposable Vape \u2013 Grape Ice \/ Mango Peach \/ Blueberry Watermelon (64ml, Display, Rechargeable 650mAh)"}]},{"@type":"WebSite","@id":"https:\/\/fumot.uk\/#website","url":"https:\/\/fumot.uk\/","name":"Fumot Official Direct | Directement de l'usine, 100% Authentique","description":"Site officiel","publisher":{"@id":"https:\/\/fumot.uk\/#organization"},"potentialAction":[{"@type":"SearchAction","target":{"@type":"EntryPoint","urlTemplate":"https:\/\/fumot.uk\/?s={search_term_string}"},"query-input":{"@type":"PropertyValueSpecification","valueRequired":true,"valueName":"search_term_string"}}],"inLanguage":"fr-FR"},{"@type":"Organization","@id":"https:\/\/fumot.uk\/#organization","name":"Fumot Official Direct | Directement de l'usine, 100% Authentique","url":"https:\/\/fumot.uk\/","logo":{"@type":"ImageObject","inLanguage":"fr-FR","@id":"https:\/\/fumot.uk\/#\/schema\/logo\/image\/","url":"https:\/\/fumot.uk\/wp-content\/uploads\/2026\/01\/cropped-fumot-logo1.png","contentUrl":"https:\/\/fumot.uk\/wp-content\/uploads\/2026\/01\/cropped-fumot-logo1.png","width":152,"height":106,"caption":"Fumot Official Direct | Straight from the Factory, 100% Genuine"},"image":{"@id":"https:\/\/fumot.uk\/#\/schema\/logo\/image\/"}}]}},"_links":{"self":[{"href":"https:\/\/fumot.uk\/fr\/wp-json\/wp\/v2\/product\/2230","targetHints":{"allow":["GET"]}}],"collection":[{"href":"https:\/\/fumot.uk\/fr\/wp-json\/wp\/v2\/product"}],"about":[{"href":"https:\/\/fumot.uk\/fr\/wp-json\/wp\/v2\/types\/product"}],"replies":[{"embeddable":true,"href":"https:\/\/fumot.uk\/fr\/wp-json\/wp\/v2\/comments?post=2230"}],"wp:featuredmedia":[{"embeddable":true,"href":"https:\/\/fumot.uk\/fr\/wp-json\/wp\/v2\/media\/2265"}],"wp:attachment":[{"href":"https:\/\/fumot.uk\/fr\/wp-json\/wp\/v2\/media?parent=2230"}],"wp:term":[{"taxonomy":"product_brand","embeddable":true,"href":"https:\/\/fumot.uk\/fr\/wp-json\/wp\/v2\/product_brand?post=2230"},{"taxonomy":"product_cat","embeddable":true,"href":"https:\/\/fumot.uk\/fr\/wp-json\/wp\/v2\/product_cat?post=2230"},{"taxonomy":"product_tag","embeddable":true,"href":"https:\/\/fumot.uk\/fr\/wp-json\/wp\/v2\/product_tag?post=2230"}],"curies":[{"name":"wp","href":"https:\/\/api.w.org\/{rel}","templated":true}]}}