{"id":2227,"date":"2026-01-20T08:28:24","date_gmt":"2026-01-20T08:28:24","guid":{"rendered":"https:\/\/fumot.uk\/?post_type=product&#038;p=2227"},"modified":"2026-01-20T09:06:12","modified_gmt":"2026-01-20T09:06:12","slug":"uzy-6-in-1-150000-puffs-watermelon-ice-strawberry-mamba-strawberry-watermelon","status":"publish","type":"product","link":"https:\/\/fumot.uk\/fr\/product\/uzy-6-in-1-150000-puffs-watermelon-ice-strawberry-mamba-strawberry-watermelon\/","title":{"rendered":"UZY Vape Jetable 6-en-1 150000 Bouff\u00e9es \u2013 Glace Past\u00e8que \/ Mamba Fraise \/ Fraise Past\u00e8que (Jusqu'\u00e0 6 Saveurs)"},"content":{"rendered":"<h2>UZY 6-en-1 150000 Bouff\u00e9es \u2013 Glace Past\u00e8que \/ Mamba Fraise \/ Fraise Past\u00e8que<\/h2>\n<p>D\u00e9couvrez le <b>UZY 6-in-1 150000 Puffs<\/b>\u2014une vape jetable ax\u00e9e sur le go\u00fbt, construite autour d'une technologie intelligente <b>syst\u00e8me de 6 saveurs<\/b>. Cette \u00e9dition m\u00e9lange trois profils favoris des fans\u2014<b>Glace Past\u00e8que<\/b>, <b>Mamba Fraise<\/b>, et <b>Fraise Past\u00e8que<\/b>\u2014pour que vous puissiez profiter de chaque saveur individuellement ou passer \u00e0 une <b>combinaison de deux saveurs<\/b> pour une touche de fra\u00eecheur. Con\u00e7u pour la vari\u00e9t\u00e9 sans go\u00fbt confus, il utilise une s\u00e9paration d\u00e9di\u00e9e des saveurs pour aider \u00e0 garder chaque profil clair.<\/p>\n<h3>Comment fonctionne le syst\u00e8me \u00e0 6 saveurs<\/h3>\n<ul>\n<li><b>3 saveurs de base<\/b> (Glace Past\u00e8que \/ Mamba Fraise \/ Fraise Past\u00e8que)<\/li>\n<li><b>+ 3 m\u00e9langes combin\u00e9s<\/b> (combinaisons de deux saveurs)<\/li>\n<li><b>= jusqu'\u00e0 6 exp\u00e9riences gustatives distinctes<\/b> dans un seul appareil<\/li>\n<\/ul>\n<h3>Gamme de saveurs : Ce que vous go\u00fbterez<\/h3>\n<h4>\ud83c\udf49 Glace Past\u00e8que<\/h4>\n<p>Un profil de past\u00e8que croquant et juteux fini avec un effet <b>glace<\/b> . Doux, propre et rafra\u00eechissant\u2014id\u00e9al lorsque vous voulez un fruit frais.<\/p>\n<h4>\ud83c\udf53 Mamba Fraise<\/h4>\n<p>Un caract\u00e8re de fraise plus audacieux avec une douceur plus profonde et plus complexe qu'une baie l\u00e9g\u00e8re typique. Lisse, riche et satisfaisant.<\/p>\n<h4>\ud83c\udf53 Fraise Past\u00e8que<\/h4>\n<p>Un duo de fruits \u00e9quilibr\u00e9 qui associe la douceur de la fraise m\u00fbre \u00e0 la jutosit\u00e9 de la past\u00e8que fra\u00eeche. Harmonieux et facile \u00e0 vapoter toute la journ\u00e9e.<\/p>\n<h3>Con\u00e7u pour une saveur constante<\/h3>\n<p>Pour soutenir une livraison de saveur plus claire, UZY utilise <b>Quadruple Mesh Coil<\/b> une technologie pour un chauffage uniforme et une vapeur dense et fine. En savoir plus sur ce style de bobine sur notre site : <a href=\"https:\/\/fumot.uk\/fr\/product-tag\/quadruple-mesh-coil\/\">Quadruple Mesh Coil<\/a>.<\/p>\n<h3>Caract\u00e9ristiques cl\u00e9s<\/h3>\n<ul>\n<li><b>Bouff\u00e9es :<\/b> jusqu'\u00e0 150000<\/li>\n<li><b>Capacit\u00e9 de e-liquide :<\/b> 64ml<\/li>\n<li><b>Batterie :<\/b> 650mAh, <b>rechargeable<\/b><\/li>\n<li><b>Affichage :<\/b> oui<\/li>\n<li><b>Options de nicotine :<\/b> 0%, 2%, 3%, 5%<\/li>\n<li><b>Type :<\/b> Vape jetable 6 en 1<\/li>\n<\/ul>\n<p><b>Vous cherchez plus d'options UZY 6-en-1 ?<\/b> Explorez la collection sur <a href=\"https:\/\/fumot.uk\/fr\/\">fumot.uk<\/a> et trouvez votre prochaine rotation de saveurs.<\/p>","protected":false},"excerpt":{"rendered":"<p>Changez avec le vape jetable UZY 6-en-1 150000 Puffs en Watermelon Ice \/ Strawberry Mamba \/ Strawberry Watermelon. Profitez de 3 saveurs de base plus 3 m\u00e9langes de deux saveurs (jusqu'\u00e0 6 exp\u00e9riences gustatives), avec 64ml d'e-liquide, batterie rechargeable 650mAh, \u00e9cran, et options de nicotine : 0%, 2%, 3%, 5%.<\/p>","protected":false},"featured_media":2238,"comment_status":"open","ping_status":"closed","template":"","meta":[],"product_brand":[],"product_cat":[147,148,17],"product_tag":[84,70,85,71,149,150,131,23,29,151,133,26,37,32],"class_list":{"0":"post-2227","1":"product","2":"type-product","3":"status-publish","4":"has-post-thumbnail","6":"product_cat-150000-puff","7":"product_cat-uzy-6-in-1-150000-puffs","8":"product_cat-vape","9":"product_tag-0-nikotin","10":"product_tag-2-nikotin","11":"product_tag-3-nikotin","12":"product_tag-5-nikotin","13":"product_tag-6-in-1-vape","14":"product_tag-64ml","15":"product_tag-650mah","16":"product_tag-display","17":"product_tag-ice","18":"product_tag-mamba","19":"product_tag-quadruple-mesh-coil","20":"product_tag-rechargeable","21":"product_tag-strawberry","22":"product_tag-watermelon","24":"first","25":"instock","26":"sale","27":"shipping-taxable","28":"purchasable","29":"product-type-variable","30":"has-default-attributes"},"yoast_head":"<!-- This site is optimized with the Yoast SEO plugin v26.8 - https:\/\/yoast.com\/product\/yoast-seo-wordpress\/ -->\n<title>UZY 6-in-1 150000 Puffs Watermelon Ice Strawberry<\/title>\n<meta name=\"description\" content=\"UZY 6-in-1 150000 Puffs disposable vape: Watermelon Ice, Strawberry Mamba, Strawberry Watermelon + 3 blends. 64ml, 650mAh rechargeable, display. 0\/2\/3\/5% nic.\" \/>\n<meta name=\"robots\" content=\"index, follow, max-snippet:-1, max-image-preview:large, max-video-preview:-1\" \/>\n<link rel=\"canonical\" href=\"https:\/\/fumot.uk\/fr\/product\/uzy-6-in-1-150000-puffs-watermelon-ice-strawberry-mamba-strawberry-watermelon\/\" \/>\n<meta property=\"og:locale\" content=\"fr_FR\" \/>\n<meta property=\"og:type\" content=\"article\" \/>\n<meta property=\"og:title\" content=\"UZY 6-in-1 150000 Puffs \u2013 Watermelon Ice &amp; Strawberry Mix\" \/>\n<meta property=\"og:description\" content=\"3 flavors + 3 two-flavor blends in one device: Watermelon Ice, Strawberry Mamba, Strawberry Watermelon. 64ml, rechargeable 650mAh, display, 0\u20135% nicotine.\" \/>\n<meta property=\"og:url\" content=\"https:\/\/fumot.uk\/fr\/product\/uzy-6-in-1-150000-puffs-watermelon-ice-strawberry-mamba-strawberry-watermelon\/\" \/>\n<meta property=\"og:site_name\" content=\"Fumot Official Direct | Straight from the Factory, 100% Genuine\" \/>\n<meta property=\"article:modified_time\" content=\"2026-01-20T09:06:12+00:00\" \/>\n<meta property=\"og:image\" content=\"https:\/\/fumot.uk\/wp-content\/uploads\/2026\/01\/UZY-6-IN-1-150000-Puffs-watermelon-ice-strawberry-mamba-strawberry-watermelon-disposable-vape-ultravape-scaled-1-1024x1024.png\" \/>\n\t<meta property=\"og:image:width\" content=\"1024\" \/>\n\t<meta property=\"og:image:height\" content=\"1024\" \/>\n\t<meta property=\"og:image:type\" content=\"image\/png\" \/>\n<meta name=\"twitter:card\" content=\"summary_large_image\" \/>\n<meta name=\"twitter:label1\" content=\"Dur\u00e9e de lecture estim\u00e9e\" \/>\n\t<meta name=\"twitter:data1\" content=\"2 minutes\" \/>\n<script type=\"application\/ld+json\" class=\"yoast-schema-graph\">{\"@context\":\"https:\/\/schema.org\",\"@graph\":[{\"@type\":\"WebPage\",\"@id\":\"https:\/\/fumot.uk\/product\/uzy-6-in-1-150000-puffs-watermelon-ice-strawberry-mamba-strawberry-watermelon\/\",\"url\":\"https:\/\/fumot.uk\/product\/uzy-6-in-1-150000-puffs-watermelon-ice-strawberry-mamba-strawberry-watermelon\/\",\"name\":\"UZY 6-in-1 150000 Puffs Watermelon Ice Strawberry\",\"isPartOf\":{\"@id\":\"https:\/\/fumot.uk\/#website\"},\"primaryImageOfPage\":{\"@id\":\"https:\/\/fumot.uk\/product\/uzy-6-in-1-150000-puffs-watermelon-ice-strawberry-mamba-strawberry-watermelon\/#primaryimage\"},\"image\":{\"@id\":\"https:\/\/fumot.uk\/product\/uzy-6-in-1-150000-puffs-watermelon-ice-strawberry-mamba-strawberry-watermelon\/#primaryimage\"},\"thumbnailUrl\":\"https:\/\/fumot.uk\/wp-content\/uploads\/2026\/01\/UZY-6-IN-1-150000-Puffs-watermelon-ice-strawberry-mamba-strawberry-watermelon-disposable-vape-ultravape-scaled-1.png\",\"datePublished\":\"2026-01-20T08:28:24+00:00\",\"dateModified\":\"2026-01-20T09:06:12+00:00\",\"description\":\"UZY 6-in-1 150000 Puffs disposable vape: Watermelon Ice, Strawberry Mamba, Strawberry Watermelon + 3 blends. 64ml, 650mAh rechargeable, display. 0\/2\/3\/5% nic.\",\"breadcrumb\":{\"@id\":\"https:\/\/fumot.uk\/product\/uzy-6-in-1-150000-puffs-watermelon-ice-strawberry-mamba-strawberry-watermelon\/#breadcrumb\"},\"inLanguage\":\"fr-FR\",\"potentialAction\":[{\"@type\":\"ReadAction\",\"target\":[\"https:\/\/fumot.uk\/product\/uzy-6-in-1-150000-puffs-watermelon-ice-strawberry-mamba-strawberry-watermelon\/\"]}]},{\"@type\":\"ImageObject\",\"inLanguage\":\"fr-FR\",\"@id\":\"https:\/\/fumot.uk\/product\/uzy-6-in-1-150000-puffs-watermelon-ice-strawberry-mamba-strawberry-watermelon\/#primaryimage\",\"url\":\"https:\/\/fumot.uk\/wp-content\/uploads\/2026\/01\/UZY-6-IN-1-150000-Puffs-watermelon-ice-strawberry-mamba-strawberry-watermelon-disposable-vape-ultravape-scaled-1.png\",\"contentUrl\":\"https:\/\/fumot.uk\/wp-content\/uploads\/2026\/01\/UZY-6-IN-1-150000-Puffs-watermelon-ice-strawberry-mamba-strawberry-watermelon-disposable-vape-ultravape-scaled-1.png\",\"width\":2560,\"height\":2560},{\"@type\":\"BreadcrumbList\",\"@id\":\"https:\/\/fumot.uk\/product\/uzy-6-in-1-150000-puffs-watermelon-ice-strawberry-mamba-strawberry-watermelon\/#breadcrumb\",\"itemListElement\":[{\"@type\":\"ListItem\",\"position\":1,\"name\":\"Home\",\"item\":\"https:\/\/fumot.uk\/\"},{\"@type\":\"ListItem\",\"position\":2,\"name\":\"Shop\",\"item\":\"https:\/\/fumot.uk\/shop\/\"},{\"@type\":\"ListItem\",\"position\":3,\"name\":\"UZY 6-in-1 Disposable Vape 150000 Puffs \u2013 Watermelon Ice \/ Strawberry Mamba \/ Strawberry Watermelon (Up to 6 Flavors)\"}]},{\"@type\":\"WebSite\",\"@id\":\"https:\/\/fumot.uk\/#website\",\"url\":\"https:\/\/fumot.uk\/\",\"name\":\"Fumot Official Direct | Straight from the Factory, 100% Genuine\",\"description\":\"Official Website\",\"publisher\":{\"@id\":\"https:\/\/fumot.uk\/#organization\"},\"potentialAction\":[{\"@type\":\"SearchAction\",\"target\":{\"@type\":\"EntryPoint\",\"urlTemplate\":\"https:\/\/fumot.uk\/?s={search_term_string}\"},\"query-input\":{\"@type\":\"PropertyValueSpecification\",\"valueRequired\":true,\"valueName\":\"search_term_string\"}}],\"inLanguage\":\"fr-FR\"},{\"@type\":\"Organization\",\"@id\":\"https:\/\/fumot.uk\/#organization\",\"name\":\"Fumot Official Direct | Straight from the Factory, 100% Genuine\",\"url\":\"https:\/\/fumot.uk\/\",\"logo\":{\"@type\":\"ImageObject\",\"inLanguage\":\"fr-FR\",\"@id\":\"https:\/\/fumot.uk\/#\/schema\/logo\/image\/\",\"url\":\"https:\/\/fumot.uk\/wp-content\/uploads\/2026\/01\/cropped-fumot-logo1.png\",\"contentUrl\":\"https:\/\/fumot.uk\/wp-content\/uploads\/2026\/01\/cropped-fumot-logo1.png\",\"width\":152,\"height\":106,\"caption\":\"Fumot Official Direct | Straight from the Factory, 100% Genuine\"},\"image\":{\"@id\":\"https:\/\/fumot.uk\/#\/schema\/logo\/image\/\"}}]}<\/script>\n<!-- \/ Yoast SEO plugin. -->","yoast_head_json":{"title":"UZY 6-en-1 150000 Puffs Glace Past\u00e8que Fraise","description":"UZY 6-en-1 150000 Puffs vape jetable : Glace Past\u00e8que, Mamba Fraise, Fraise Past\u00e8que + 3 m\u00e9langes. 64ml, 650mAh rechargeable, affichage. 0\/2\/3\/5% nic.","robots":{"index":"index","follow":"follow","max-snippet":"max-snippet:-1","max-image-preview":"max-image-preview:large","max-video-preview":"max-video-preview:-1"},"canonical":"https:\/\/fumot.uk\/fr\/product\/uzy-6-in-1-150000-puffs-watermelon-ice-strawberry-mamba-strawberry-watermelon\/","og_locale":"fr_FR","og_type":"article","og_title":"UZY 6-in-1 150000 Puffs \u2013 Watermelon Ice & Strawberry Mix","og_description":"3 flavors + 3 two-flavor blends in one device: Watermelon Ice, Strawberry Mamba, Strawberry Watermelon. 64ml, rechargeable 650mAh, display, 0\u20135% nicotine.","og_url":"https:\/\/fumot.uk\/fr\/product\/uzy-6-in-1-150000-puffs-watermelon-ice-strawberry-mamba-strawberry-watermelon\/","og_site_name":"Fumot Official Direct | Straight from the Factory, 100% Genuine","article_modified_time":"2026-01-20T09:06:12+00:00","og_image":[{"width":1024,"height":1024,"url":"https:\/\/fumot.uk\/wp-content\/uploads\/2026\/01\/UZY-6-IN-1-150000-Puffs-watermelon-ice-strawberry-mamba-strawberry-watermelon-disposable-vape-ultravape-scaled-1-1024x1024.png","type":"image\/png"}],"twitter_card":"summary_large_image","twitter_misc":{"Dur\u00e9e de lecture estim\u00e9e":"2 minutes"},"schema":{"@context":"https:\/\/schema.org","@graph":[{"@type":"WebPage","@id":"https:\/\/fumot.uk\/product\/uzy-6-in-1-150000-puffs-watermelon-ice-strawberry-mamba-strawberry-watermelon\/","url":"https:\/\/fumot.uk\/product\/uzy-6-in-1-150000-puffs-watermelon-ice-strawberry-mamba-strawberry-watermelon\/","name":"UZY 6-en-1 150000 Puffs Glace Past\u00e8que Fraise","isPartOf":{"@id":"https:\/\/fumot.uk\/#website"},"primaryImageOfPage":{"@id":"https:\/\/fumot.uk\/product\/uzy-6-in-1-150000-puffs-watermelon-ice-strawberry-mamba-strawberry-watermelon\/#primaryimage"},"image":{"@id":"https:\/\/fumot.uk\/product\/uzy-6-in-1-150000-puffs-watermelon-ice-strawberry-mamba-strawberry-watermelon\/#primaryimage"},"thumbnailUrl":"https:\/\/fumot.uk\/wp-content\/uploads\/2026\/01\/UZY-6-IN-1-150000-Puffs-watermelon-ice-strawberry-mamba-strawberry-watermelon-disposable-vape-ultravape-scaled-1.png","datePublished":"2026-01-20T08:28:24+00:00","dateModified":"2026-01-20T09:06:12+00:00","description":"UZY 6-en-1 150000 Puffs vape jetable : Glace Past\u00e8que, Mamba Fraise, Fraise Past\u00e8que + 3 m\u00e9langes. 64ml, 650mAh rechargeable, affichage. 0\/2\/3\/5% nic.","breadcrumb":{"@id":"https:\/\/fumot.uk\/product\/uzy-6-in-1-150000-puffs-watermelon-ice-strawberry-mamba-strawberry-watermelon\/#breadcrumb"},"inLanguage":"fr-FR","potentialAction":[{"@type":"ReadAction","target":["https:\/\/fumot.uk\/product\/uzy-6-in-1-150000-puffs-watermelon-ice-strawberry-mamba-strawberry-watermelon\/"]}]},{"@type":"ImageObject","inLanguage":"fr-FR","@id":"https:\/\/fumot.uk\/product\/uzy-6-in-1-150000-puffs-watermelon-ice-strawberry-mamba-strawberry-watermelon\/#primaryimage","url":"https:\/\/fumot.uk\/wp-content\/uploads\/2026\/01\/UZY-6-IN-1-150000-Puffs-watermelon-ice-strawberry-mamba-strawberry-watermelon-disposable-vape-ultravape-scaled-1.png","contentUrl":"https:\/\/fumot.uk\/wp-content\/uploads\/2026\/01\/UZY-6-IN-1-150000-Puffs-watermelon-ice-strawberry-mamba-strawberry-watermelon-disposable-vape-ultravape-scaled-1.png","width":2560,"height":2560},{"@type":"BreadcrumbList","@id":"https:\/\/fumot.uk\/product\/uzy-6-in-1-150000-puffs-watermelon-ice-strawberry-mamba-strawberry-watermelon\/#breadcrumb","itemListElement":[{"@type":"ListItem","position":1,"name":"Home","item":"https:\/\/fumot.uk\/"},{"@type":"ListItem","position":2,"name":"Shop","item":"https:\/\/fumot.uk\/shop\/"},{"@type":"ListItem","position":3,"name":"UZY 6-in-1 Disposable Vape 150000 Puffs \u2013 Watermelon Ice \/ Strawberry Mamba \/ Strawberry Watermelon (Up to 6 Flavors)"}]},{"@type":"WebSite","@id":"https:\/\/fumot.uk\/#website","url":"https:\/\/fumot.uk\/","name":"Fumot Official Direct | Directement de l'usine, 100% Authentique","description":"Site officiel","publisher":{"@id":"https:\/\/fumot.uk\/#organization"},"potentialAction":[{"@type":"SearchAction","target":{"@type":"EntryPoint","urlTemplate":"https:\/\/fumot.uk\/?s={search_term_string}"},"query-input":{"@type":"PropertyValueSpecification","valueRequired":true,"valueName":"search_term_string"}}],"inLanguage":"fr-FR"},{"@type":"Organization","@id":"https:\/\/fumot.uk\/#organization","name":"Fumot Official Direct | Directement de l'usine, 100% Authentique","url":"https:\/\/fumot.uk\/","logo":{"@type":"ImageObject","inLanguage":"fr-FR","@id":"https:\/\/fumot.uk\/#\/schema\/logo\/image\/","url":"https:\/\/fumot.uk\/wp-content\/uploads\/2026\/01\/cropped-fumot-logo1.png","contentUrl":"https:\/\/fumot.uk\/wp-content\/uploads\/2026\/01\/cropped-fumot-logo1.png","width":152,"height":106,"caption":"Fumot Official Direct | Straight from the Factory, 100% Genuine"},"image":{"@id":"https:\/\/fumot.uk\/#\/schema\/logo\/image\/"}}]}},"_links":{"self":[{"href":"https:\/\/fumot.uk\/fr\/wp-json\/wp\/v2\/product\/2227","targetHints":{"allow":["GET"]}}],"collection":[{"href":"https:\/\/fumot.uk\/fr\/wp-json\/wp\/v2\/product"}],"about":[{"href":"https:\/\/fumot.uk\/fr\/wp-json\/wp\/v2\/types\/product"}],"replies":[{"embeddable":true,"href":"https:\/\/fumot.uk\/fr\/wp-json\/wp\/v2\/comments?post=2227"}],"wp:featuredmedia":[{"embeddable":true,"href":"https:\/\/fumot.uk\/fr\/wp-json\/wp\/v2\/media\/2238"}],"wp:attachment":[{"href":"https:\/\/fumot.uk\/fr\/wp-json\/wp\/v2\/media?parent=2227"}],"wp:term":[{"taxonomy":"product_brand","embeddable":true,"href":"https:\/\/fumot.uk\/fr\/wp-json\/wp\/v2\/product_brand?post=2227"},{"taxonomy":"product_cat","embeddable":true,"href":"https:\/\/fumot.uk\/fr\/wp-json\/wp\/v2\/product_cat?post=2227"},{"taxonomy":"product_tag","embeddable":true,"href":"https:\/\/fumot.uk\/fr\/wp-json\/wp\/v2\/product_tag?post=2227"}],"curies":[{"name":"wp","href":"https:\/\/api.w.org\/{rel}","templated":true}]}}