{"id":1693,"date":"2026-01-20T08:21:38","date_gmt":"2026-01-20T08:21:38","guid":{"rendered":"https:\/\/fumot.uk\/?post_type=product&#038;p=1693"},"modified":"2026-01-20T09:12:19","modified_gmt":"2026-01-20T09:12:19","slug":"uzy-tornado-30000-puffs-blueberry-ice-black-dragon-ice-dual-flavor-vape","status":"publish","type":"product","link":"https:\/\/fumot.uk\/fr\/product\/uzy-tornado-30000-puffs-blueberry-ice-black-dragon-ice-dual-flavor-vape\/","title":{"rendered":"UZY Tornado 30000 Puffs Double Saveur Vape Jetable \u2013 Glace Myrtille &amp; Glace Dragon Noir (40ml, 850mAh, Type\u2011C, Affichage)"},"content":{"rendered":"<h2>UZY Tornado 30000 Puffs \u2013 Fruits rafra\u00eechissants \u00e0 double saveur, un appareil<\/h2>\n<p>Le <strong>UZY Tornado 30000 Puffs<\/strong> est con\u00e7u pour la vari\u00e9t\u00e9 et la commodit\u00e9. Son <strong>embout rotatif \u00e0 double saveur<\/strong> vous permet de passer d'un go\u00fbt \u00e0 l'autre en quelques secondes\u2014pas d'appareil suppl\u00e9mentaire, pas de tracas. Cette \u00e9dition associe <strong>Myrtille glac\u00e9e<\/strong> avec <strong>Dragon noir glac\u00e9<\/strong> pour une exp\u00e9rience fruit\u00e9e et glac\u00e9e audacieuse du premier au dernier tirage.<\/p>\n<h3>Profil de saveur : Myrtille glac\u00e9e &amp; Dragon noir glac\u00e9<\/h3>\n<ul>\n<li><strong>Myrtille glac\u00e9e<\/strong> \u2013 Notes de myrtille sucr\u00e9e et m\u00fbre, finies par une fra\u00eecheur glac\u00e9e. Doux, lumineux et facile \u00e0 appr\u00e9cier toute la journ\u00e9e.<\/li>\n<li><strong>Dragon noir glac\u00e9<\/strong> \u2013 Un m\u00e9lange de baies plus sombres avec une touche l\u00e9g\u00e8rement acidul\u00e9e et une finition rafra\u00eechissante prononc\u00e9e. Riche, intense et croquant.<\/li>\n<\/ul>\n<p><strong>Pourquoi \u00e7a fonctionne :<\/strong> la douceur de la myrtille \u00e9quilibre la profondeur des baies plus sombres\u2014le tout envelopp\u00e9 dans une expiration glaciale.<\/p>\n<h3>Caract\u00e9ristiques cl\u00e9s<\/h3>\n<ul>\n<li><strong>Jusqu'\u00e0 30000 bouff\u00e9es<\/strong> (l'utilisation varie selon la longueur des bouff\u00e9es et les r\u00e9glages)<\/li>\n<li><strong>Syst\u00e8me \u00e0 double saveur<\/strong> \u2013 tournez l'embout pour changer de saveur instantan\u00e9ment<\/li>\n<li><strong>Affichage tout-en-un<\/strong> \u2013 vue claire du <strong>le niveau de batterie<\/strong> et <strong>niveau de e-liquide pour les deux saveurs<\/strong><\/li>\n<li><strong>Flux d'air r\u00e9glable<\/strong> \u2013 ajustez pour un tirage plus doux ou un coup plus fort<\/li>\n<li><strong>Double Bobine Mesh<\/strong> \u2013 chauffage uniforme pour une saveur plus riche et une vapeur plus douce et constante<\/li>\n<li><strong>Capacit\u00e9 de 40ml de e-liquide<\/strong> pour une utilisation longue dur\u00e9e<\/li>\n<li><strong>Batterie rechargeable 850mAh<\/strong> avec <strong>charge Type\u2011C<\/strong><\/li>\n<\/ul>\n<h3>Options de force de nicotine<\/h3>\n<p>Disponible en : <strong>0%<\/strong>, <strong>2%<\/strong>, <strong>3%<\/strong>, <strong>5%<\/strong> (s\u00e9lectionnez votre force pr\u00e9f\u00e9r\u00e9e avant de passer \u00e0 la caisse).<\/p>\n<h3>Pour qui est cette vape<\/h3>\n<ul>\n<li>Les amateurs de <strong>vapes jetables aux fruits glac\u00e9s<\/strong> qui veulent deux saveurs dans un seul appareil<\/li>\n<li>Vapers qui aiment un <strong>\u00e9cran int\u00e9gr\u00e9<\/strong> pour des v\u00e9rifications rapides de la batterie et du liquide<\/li>\n<li>Toute personne souhaitant un <strong>jetable rechargeable \u00e0 haute bouff\u00e9e<\/strong> avec flux d'air ajustable<\/li>\n<\/ul>\n<p>Explorez plus dans notre <a href=\"https:\/\/fumot.uk\/fr\/\">fumot.uk<\/a> collection et d\u00e9couvrez d'autres <a href=\"https:\/\/fumot.uk\/fr\/product-category\/uzy-tornado-30000-puffs\/\">UZY Tornado 30000 Puffs<\/a> options.<\/p>","protected":false},"excerpt":{"rendered":"<p>Changez de saveurs en quelques secondes : UZY Tornado 30000 Puffs Dual Flavor Disposable Vape avec Blueberry Ice &amp; Black Dragon Ice. 40ml, 850mAh rechargeable Type\u2011C, d\u00e9bit d'air r\u00e9glable, double bobine en mesh, et affichage complet. Nicotine : 0%\/2%\/3%\/5%.<\/p>","protected":false},"featured_media":1739,"comment_status":"open","ping_status":"closed","template":"","meta":[],"product_brand":[],"product_cat":[125,126,17],"product_tag":[112,20,65,33,72,23,114,73,34,26,62,28],"class_list":{"0":"post-1693","1":"product","2":"type-product","3":"status-publish","4":"has-post-thumbnail","6":"product_cat-30000-puff","7":"product_cat-uzy-tornado-30000-puffs","8":"product_cat-vape","9":"product_tag-40ml","10":"product_tag-850mah","11":"product_tag-black-ice","12":"product_tag-blueberry","13":"product_tag-direct-to-lung","14":"product_tag-display","15":"product_tag-dual-flavor","16":"product_tag-dual-mesh","17":"product_tag-raspberry","18":"product_tag-rechargeable","19":"product_tag-sale-vape","20":"product_tag-type-c","22":"first","23":"instock","24":"sale","25":"shipping-taxable","26":"purchasable","27":"product-type-variable","28":"has-default-attributes"},"yoast_head":"<!-- This site is optimized with the Yoast SEO plugin v26.8 - https:\/\/yoast.com\/product\/yoast-seo-wordpress\/ -->\n<title>UZY Tornado 30000 Puffs Blueberry Ice &amp; Black Dragon<\/title>\n<meta name=\"description\" content=\"UZY Tornado 30000 Puffs dual flavor vape: Blueberry Ice + Black Dragon Ice. Rotating mouthpiece, 40ml, 850mAh Type\u2011C, display, airflow control.\" \/>\n<meta name=\"robots\" content=\"index, follow, max-snippet:-1, max-image-preview:large, max-video-preview:-1\" \/>\n<link rel=\"canonical\" href=\"https:\/\/fumot.uk\/fr\/product\/uzy-tornado-30000-puffs-blueberry-ice-black-dragon-ice-dual-flavor-vape\/\" \/>\n<meta property=\"og:locale\" content=\"fr_FR\" \/>\n<meta property=\"og:type\" content=\"article\" \/>\n<meta property=\"og:title\" content=\"UZY Tornado 30000 Puffs \u2013 Blueberry Ice &amp; Black Dragon Ice\" \/>\n<meta property=\"og:description\" content=\"Two icy fruit flavors in one device. Rotate to switch, check levels on the display, and enjoy 40ml with an 850mAh Type\u2011C rechargeable battery.\" \/>\n<meta property=\"og:url\" content=\"https:\/\/fumot.uk\/fr\/product\/uzy-tornado-30000-puffs-blueberry-ice-black-dragon-ice-dual-flavor-vape\/\" \/>\n<meta property=\"og:site_name\" content=\"Fumot Official Direct | Straight from the Factory, 100% Genuine\" \/>\n<meta property=\"article:modified_time\" content=\"2026-01-20T09:12:19+00:00\" \/>\n<meta property=\"og:image\" content=\"https:\/\/fumot.uk\/wp-content\/uploads\/2026\/01\/UZY-TORNADO-30000-Vape_blueberry-Ice-black-Dragon-ice-scaled-1-1024x1024.png\" \/>\n\t<meta property=\"og:image:width\" content=\"1024\" \/>\n\t<meta property=\"og:image:height\" content=\"1024\" \/>\n\t<meta property=\"og:image:type\" content=\"image\/png\" \/>\n<meta name=\"twitter:card\" content=\"summary_large_image\" \/>\n<meta name=\"twitter:label1\" content=\"Dur\u00e9e de lecture estim\u00e9e\" \/>\n\t<meta name=\"twitter:data1\" content=\"2 minutes\" \/>\n<script type=\"application\/ld+json\" class=\"yoast-schema-graph\">{\"@context\":\"https:\/\/schema.org\",\"@graph\":[{\"@type\":\"WebPage\",\"@id\":\"https:\/\/fumot.uk\/product\/uzy-tornado-30000-puffs-blueberry-ice-black-dragon-ice-dual-flavor-vape\/\",\"url\":\"https:\/\/fumot.uk\/product\/uzy-tornado-30000-puffs-blueberry-ice-black-dragon-ice-dual-flavor-vape\/\",\"name\":\"UZY Tornado 30000 Puffs Blueberry Ice & Black Dragon\",\"isPartOf\":{\"@id\":\"https:\/\/fumot.uk\/#website\"},\"primaryImageOfPage\":{\"@id\":\"https:\/\/fumot.uk\/product\/uzy-tornado-30000-puffs-blueberry-ice-black-dragon-ice-dual-flavor-vape\/#primaryimage\"},\"image\":{\"@id\":\"https:\/\/fumot.uk\/product\/uzy-tornado-30000-puffs-blueberry-ice-black-dragon-ice-dual-flavor-vape\/#primaryimage\"},\"thumbnailUrl\":\"https:\/\/fumot.uk\/wp-content\/uploads\/2026\/01\/UZY-TORNADO-30000-Vape_blueberry-Ice-black-Dragon-ice-scaled-1.png\",\"datePublished\":\"2026-01-20T08:21:38+00:00\",\"dateModified\":\"2026-01-20T09:12:19+00:00\",\"description\":\"UZY Tornado 30000 Puffs dual flavor vape: Blueberry Ice + Black Dragon Ice. Rotating mouthpiece, 40ml, 850mAh Type\u2011C, display, airflow control.\",\"breadcrumb\":{\"@id\":\"https:\/\/fumot.uk\/product\/uzy-tornado-30000-puffs-blueberry-ice-black-dragon-ice-dual-flavor-vape\/#breadcrumb\"},\"inLanguage\":\"fr-FR\",\"potentialAction\":[{\"@type\":\"ReadAction\",\"target\":[\"https:\/\/fumot.uk\/product\/uzy-tornado-30000-puffs-blueberry-ice-black-dragon-ice-dual-flavor-vape\/\"]}]},{\"@type\":\"ImageObject\",\"inLanguage\":\"fr-FR\",\"@id\":\"https:\/\/fumot.uk\/product\/uzy-tornado-30000-puffs-blueberry-ice-black-dragon-ice-dual-flavor-vape\/#primaryimage\",\"url\":\"https:\/\/fumot.uk\/wp-content\/uploads\/2026\/01\/UZY-TORNADO-30000-Vape_blueberry-Ice-black-Dragon-ice-scaled-1.png\",\"contentUrl\":\"https:\/\/fumot.uk\/wp-content\/uploads\/2026\/01\/UZY-TORNADO-30000-Vape_blueberry-Ice-black-Dragon-ice-scaled-1.png\",\"width\":2560,\"height\":2560},{\"@type\":\"BreadcrumbList\",\"@id\":\"https:\/\/fumot.uk\/product\/uzy-tornado-30000-puffs-blueberry-ice-black-dragon-ice-dual-flavor-vape\/#breadcrumb\",\"itemListElement\":[{\"@type\":\"ListItem\",\"position\":1,\"name\":\"Home\",\"item\":\"https:\/\/fumot.uk\/\"},{\"@type\":\"ListItem\",\"position\":2,\"name\":\"Shop\",\"item\":\"https:\/\/fumot.uk\/shop\/\"},{\"@type\":\"ListItem\",\"position\":3,\"name\":\"UZY Tornado 30000 Puffs Dual Flavor Disposable Vape \u2013 Blueberry Ice &#038; Black Dragon Ice (40ml, 850mAh, Type\u2011C, Display)\"}]},{\"@type\":\"WebSite\",\"@id\":\"https:\/\/fumot.uk\/#website\",\"url\":\"https:\/\/fumot.uk\/\",\"name\":\"Fumot Official Direct | Straight from the Factory, 100% Genuine\",\"description\":\"Official Website\",\"publisher\":{\"@id\":\"https:\/\/fumot.uk\/#organization\"},\"potentialAction\":[{\"@type\":\"SearchAction\",\"target\":{\"@type\":\"EntryPoint\",\"urlTemplate\":\"https:\/\/fumot.uk\/?s={search_term_string}\"},\"query-input\":{\"@type\":\"PropertyValueSpecification\",\"valueRequired\":true,\"valueName\":\"search_term_string\"}}],\"inLanguage\":\"fr-FR\"},{\"@type\":\"Organization\",\"@id\":\"https:\/\/fumot.uk\/#organization\",\"name\":\"Fumot Official Direct | Straight from the Factory, 100% Genuine\",\"url\":\"https:\/\/fumot.uk\/\",\"logo\":{\"@type\":\"ImageObject\",\"inLanguage\":\"fr-FR\",\"@id\":\"https:\/\/fumot.uk\/#\/schema\/logo\/image\/\",\"url\":\"https:\/\/fumot.uk\/wp-content\/uploads\/2026\/01\/cropped-fumot-logo1.png\",\"contentUrl\":\"https:\/\/fumot.uk\/wp-content\/uploads\/2026\/01\/cropped-fumot-logo1.png\",\"width\":152,\"height\":106,\"caption\":\"Fumot Official Direct | Straight from the Factory, 100% Genuine\"},\"image\":{\"@id\":\"https:\/\/fumot.uk\/#\/schema\/logo\/image\/\"}}]}<\/script>\n<!-- \/ Yoast SEO plugin. -->","yoast_head_json":{"title":"UZY Tornado 30000 Puffs Myrtille Glac\u00e9e &amp; Dragon Noir","description":"UZY Tornado 30000 Puffs vape \u00e0 double saveur : Glace Myrtille + Glace Dragon Noir. Embout rotatif, 40ml, 850mAh Type\u2011C, \u00e9cran, contr\u00f4le du flux d'air.","robots":{"index":"index","follow":"follow","max-snippet":"max-snippet:-1","max-image-preview":"max-image-preview:large","max-video-preview":"max-video-preview:-1"},"canonical":"https:\/\/fumot.uk\/fr\/product\/uzy-tornado-30000-puffs-blueberry-ice-black-dragon-ice-dual-flavor-vape\/","og_locale":"fr_FR","og_type":"article","og_title":"UZY Tornado 30000 Puffs \u2013 Blueberry Ice & Black Dragon Ice","og_description":"Two icy fruit flavors in one device. Rotate to switch, check levels on the display, and enjoy 40ml with an 850mAh Type\u2011C rechargeable battery.","og_url":"https:\/\/fumot.uk\/fr\/product\/uzy-tornado-30000-puffs-blueberry-ice-black-dragon-ice-dual-flavor-vape\/","og_site_name":"Fumot Official Direct | Straight from the Factory, 100% Genuine","article_modified_time":"2026-01-20T09:12:19+00:00","og_image":[{"width":1024,"height":1024,"url":"https:\/\/fumot.uk\/wp-content\/uploads\/2026\/01\/UZY-TORNADO-30000-Vape_blueberry-Ice-black-Dragon-ice-scaled-1-1024x1024.png","type":"image\/png"}],"twitter_card":"summary_large_image","twitter_misc":{"Dur\u00e9e de lecture estim\u00e9e":"2 minutes"},"schema":{"@context":"https:\/\/schema.org","@graph":[{"@type":"WebPage","@id":"https:\/\/fumot.uk\/product\/uzy-tornado-30000-puffs-blueberry-ice-black-dragon-ice-dual-flavor-vape\/","url":"https:\/\/fumot.uk\/product\/uzy-tornado-30000-puffs-blueberry-ice-black-dragon-ice-dual-flavor-vape\/","name":"UZY Tornado 30000 Puffs Myrtille Glac\u00e9e &amp; Dragon Noir","isPartOf":{"@id":"https:\/\/fumot.uk\/#website"},"primaryImageOfPage":{"@id":"https:\/\/fumot.uk\/product\/uzy-tornado-30000-puffs-blueberry-ice-black-dragon-ice-dual-flavor-vape\/#primaryimage"},"image":{"@id":"https:\/\/fumot.uk\/product\/uzy-tornado-30000-puffs-blueberry-ice-black-dragon-ice-dual-flavor-vape\/#primaryimage"},"thumbnailUrl":"https:\/\/fumot.uk\/wp-content\/uploads\/2026\/01\/UZY-TORNADO-30000-Vape_blueberry-Ice-black-Dragon-ice-scaled-1.png","datePublished":"2026-01-20T08:21:38+00:00","dateModified":"2026-01-20T09:12:19+00:00","description":"UZY Tornado 30000 Puffs vape \u00e0 double saveur : Glace Myrtille + Glace Dragon Noir. Embout rotatif, 40ml, 850mAh Type\u2011C, \u00e9cran, contr\u00f4le du flux d'air.","breadcrumb":{"@id":"https:\/\/fumot.uk\/product\/uzy-tornado-30000-puffs-blueberry-ice-black-dragon-ice-dual-flavor-vape\/#breadcrumb"},"inLanguage":"fr-FR","potentialAction":[{"@type":"ReadAction","target":["https:\/\/fumot.uk\/product\/uzy-tornado-30000-puffs-blueberry-ice-black-dragon-ice-dual-flavor-vape\/"]}]},{"@type":"ImageObject","inLanguage":"fr-FR","@id":"https:\/\/fumot.uk\/product\/uzy-tornado-30000-puffs-blueberry-ice-black-dragon-ice-dual-flavor-vape\/#primaryimage","url":"https:\/\/fumot.uk\/wp-content\/uploads\/2026\/01\/UZY-TORNADO-30000-Vape_blueberry-Ice-black-Dragon-ice-scaled-1.png","contentUrl":"https:\/\/fumot.uk\/wp-content\/uploads\/2026\/01\/UZY-TORNADO-30000-Vape_blueberry-Ice-black-Dragon-ice-scaled-1.png","width":2560,"height":2560},{"@type":"BreadcrumbList","@id":"https:\/\/fumot.uk\/product\/uzy-tornado-30000-puffs-blueberry-ice-black-dragon-ice-dual-flavor-vape\/#breadcrumb","itemListElement":[{"@type":"ListItem","position":1,"name":"Home","item":"https:\/\/fumot.uk\/"},{"@type":"ListItem","position":2,"name":"Shop","item":"https:\/\/fumot.uk\/shop\/"},{"@type":"ListItem","position":3,"name":"UZY Tornado 30000 Puffs Dual Flavor Disposable Vape \u2013 Blueberry Ice &#038; Black Dragon Ice (40ml, 850mAh, Type\u2011C, Display)"}]},{"@type":"WebSite","@id":"https:\/\/fumot.uk\/#website","url":"https:\/\/fumot.uk\/","name":"Fumot Official Direct | Directement de l'usine, 100% Authentique","description":"Site officiel","publisher":{"@id":"https:\/\/fumot.uk\/#organization"},"potentialAction":[{"@type":"SearchAction","target":{"@type":"EntryPoint","urlTemplate":"https:\/\/fumot.uk\/?s={search_term_string}"},"query-input":{"@type":"PropertyValueSpecification","valueRequired":true,"valueName":"search_term_string"}}],"inLanguage":"fr-FR"},{"@type":"Organization","@id":"https:\/\/fumot.uk\/#organization","name":"Fumot Official Direct | Directement de l'usine, 100% Authentique","url":"https:\/\/fumot.uk\/","logo":{"@type":"ImageObject","inLanguage":"fr-FR","@id":"https:\/\/fumot.uk\/#\/schema\/logo\/image\/","url":"https:\/\/fumot.uk\/wp-content\/uploads\/2026\/01\/cropped-fumot-logo1.png","contentUrl":"https:\/\/fumot.uk\/wp-content\/uploads\/2026\/01\/cropped-fumot-logo1.png","width":152,"height":106,"caption":"Fumot Official Direct | Straight from the Factory, 100% Genuine"},"image":{"@id":"https:\/\/fumot.uk\/#\/schema\/logo\/image\/"}}]}},"_links":{"self":[{"href":"https:\/\/fumot.uk\/fr\/wp-json\/wp\/v2\/product\/1693","targetHints":{"allow":["GET"]}}],"collection":[{"href":"https:\/\/fumot.uk\/fr\/wp-json\/wp\/v2\/product"}],"about":[{"href":"https:\/\/fumot.uk\/fr\/wp-json\/wp\/v2\/types\/product"}],"replies":[{"embeddable":true,"href":"https:\/\/fumot.uk\/fr\/wp-json\/wp\/v2\/comments?post=1693"}],"wp:featuredmedia":[{"embeddable":true,"href":"https:\/\/fumot.uk\/fr\/wp-json\/wp\/v2\/media\/1739"}],"wp:attachment":[{"href":"https:\/\/fumot.uk\/fr\/wp-json\/wp\/v2\/media?parent=1693"}],"wp:term":[{"taxonomy":"product_brand","embeddable":true,"href":"https:\/\/fumot.uk\/fr\/wp-json\/wp\/v2\/product_brand?post=1693"},{"taxonomy":"product_cat","embeddable":true,"href":"https:\/\/fumot.uk\/fr\/wp-json\/wp\/v2\/product_cat?post=1693"},{"taxonomy":"product_tag","embeddable":true,"href":"https:\/\/fumot.uk\/fr\/wp-json\/wp\/v2\/product_tag?post=1693"}],"curies":[{"name":"wp","href":"https:\/\/api.w.org\/{rel}","templated":true}]}}