{"id":1692,"date":"2026-01-20T08:21:38","date_gmt":"2026-01-20T08:21:38","guid":{"rendered":"https:\/\/fumot.uk\/?post_type=product&#038;p=1692"},"modified":"2026-01-20T09:13:03","modified_gmt":"2026-01-20T09:13:03","slug":"uzy-tornado-30000-puffs-peach-berry-watermelon-mango-peach-dual-flavor-vape","status":"publish","type":"product","link":"https:\/\/fumot.uk\/fr\/product\/uzy-tornado-30000-puffs-peach-berry-watermelon-mango-peach-dual-flavor-vape\/","title":{"rendered":"UZY Tornado 30000 Puffs Vape Jetable Double Saveur \u2013 P\u00eache Baie + Past\u00e8que Mangue P\u00eache (40ml, 850mAh, Type\u2011C, Affichage)"},"content":{"rendered":"<h2>UZY Tornado 30000 Puffs Vape Double Saveur \u2013 Couches de Fruits Commutables dans Un Seul Appareil<\/h2>\n<p>Le <strong>UZY Tornado 30000 Puffs<\/strong> est con\u00e7u pour la vari\u00e9t\u00e9 sans transporter d'appareils suppl\u00e9mentaires. Gr\u00e2ce \u00e0 son <strong>embout buccal \u00e0 double saveur<\/strong>, vous pouvez tourner et passer entre deux m\u00e9langes de fruits distincts en quelques secondes\u2014doux, simple et satisfaisant du premier au dernier tirage.<\/p>\n<p><a href=\"https:\/\/fumot.uk\/fr\/\">Achetez plus de vapes sur fumot.uk<\/a> et d\u00e9couvrez plus d'associations de saveurs dans la s\u00e9rie UZY Tornado.<\/p>\n<h3>Saveurs Doubles Incluses : P\u00eache Baie &amp; Past\u00e8que Mangue P\u00eache<\/h3>\n<p><strong>P\u00eache Baies<\/strong> offre une note de p\u00eache juteuse et arrondie relev\u00e9e par une finition de baies m\u00e9lang\u00e9es sucr\u00e9es\u2014lumineux, \u00e9quilibr\u00e9 et facile \u00e0 appr\u00e9cier toute la journ\u00e9e.<\/p>\n<p><strong>Past\u00e8que Mangue P\u00eache<\/strong> m\u00e9lange une past\u00e8que croquante avec de la mangue tropicale et de la p\u00eache douce pour un profil plus ensoleill\u00e9 et exotique\u2014frais, fruit\u00e9 et bien structur\u00e9.<\/p>\n<p>Alternez entre elles quand vous le souhaitez\u2014parfait pour garder vos papilles rafra\u00eechies tout au long de la journ\u00e9e.<\/p>\n<h3>Pourquoi Vous Allez Adorer le UZY Tornado 30000 Puffs<\/h3>\n<ul>\n<li><strong>Syst\u00e8me \u00e0 Double Saveur :<\/strong> Deux saveurs dans un jetable\u2014changez en tournant l'embout buccal.<\/li>\n<li><strong>Affichage Tout-en-Un :<\/strong> Des lectures claires sur l'appareil vous aident \u00e0 suivre l'\u00e9tat de la batterie et du e-liquide pour les deux saveurs.<\/li>\n<li><strong>Flux d'Air R\u00e9glable :<\/strong> Ajustez votre tirage de doux \u00e0 plus intense.<\/li>\n<li><strong>Double R\u00e9sistance en Maille :<\/strong> Con\u00e7u pour un chauffage constant et une saveur propre et compl\u00e8te.<\/li>\n<li><strong>Capacit\u00e9 de E-Liquide de 40ml :<\/strong> Utilisation longue dur\u00e9e avec moins de remplacements.<\/li>\n<li><strong>Batterie Rechargeable 850mAh :<\/strong> Alimentation fiable avec <strong>charge Type\u2011C<\/strong>.<\/li>\n<li><strong>Options de Nicotine :<\/strong> Disponible en <strong>0%, 2%, 3%, 5%<\/strong> pour correspondre \u00e0 votre pr\u00e9f\u00e9rence.<\/li>\n<\/ul>\n<h3>Moments de Saveur (Id\u00e9es Fra\u00eeches pour Votre Journ\u00e9e)<\/h3>\n<p><strong>P\u00eache Baies<\/strong> est un excellent choix \u201cdoux et moelleux\u201d pour des sessions d\u00e9tendues, tandis que <strong>Past\u00e8que Mangue P\u00eache<\/strong> semble plus lumineux et plus tropical\u2014id\u00e9al lorsque vous voulez une ambiance fruit\u00e9e plus l\u00e9g\u00e8re et plus fra\u00eeche. Alternez entre elles pour que chaque pause soit nouvelle.<\/p>\n<p><strong>Correspondance de Cat\u00e9gorie :<\/strong> 30000 puff \/ Vape Jetable \/ UZY Tornado 30000 Puffs. Vous en voulez plus ? Parcourez le <a href=\"https:\/\/fumot.uk\/fr\/\">fumot.uk<\/a> catalogue pour des vapes \u00e0 double saveur \u00e0 haute bouff\u00e9e suppl\u00e9mentaires.<\/p>","protected":false},"excerpt":{"rendered":"<p>Profitez de deux m\u00e9langes fruit\u00e9s dans un seul appareil. UZY Tornado 30000 Puffs propose un embout buccal \u00e0 double saveur avec rotation pour changer (Baie de p\u00eache + Mangue past\u00e8que p\u00eache), 40ml d'e-liquide, double bobine en mesh, flux d'air r\u00e9glable, affichage, et batterie rechargeable Type\u2011C de 850mAh. Nicotine : 0\/2\/3\/5%.<\/p>","protected":false},"featured_media":1738,"comment_status":"open","ping_status":"closed","template":"","meta":[],"product_brand":[],"product_cat":[125,126,17],"product_tag":[112,20,41,72,23,114,73,48,42,30,26,62,28,32],"class_list":{"0":"post-1692","1":"product","2":"type-product","3":"status-publish","4":"has-post-thumbnail","6":"product_cat-30000-puff","7":"product_cat-uzy-tornado-30000-puffs","8":"product_cat-vape","9":"product_tag-40ml","10":"product_tag-850mah","11":"product_tag-berry","12":"product_tag-direct-to-lung","13":"product_tag-display","14":"product_tag-dual-flavor","15":"product_tag-dual-mesh","16":"product_tag-lemonade","17":"product_tag-mango","18":"product_tag-peach","19":"product_tag-rechargeable","20":"product_tag-sale-vape","21":"product_tag-type-c","22":"product_tag-watermelon","24":"first","25":"instock","26":"sale","27":"shipping-taxable","28":"purchasable","29":"product-type-variable","30":"has-default-attributes"},"yoast_head":"<!-- This site is optimized with the Yoast SEO plugin v26.8 - https:\/\/yoast.com\/product\/yoast-seo-wordpress\/ -->\n<title>UZY Tornado 30000 Puffs Dual Flavor \u2013 Peach Berry<\/title>\n<meta name=\"description\" content=\"UZY Tornado 30000 Puffs dual flavor vape: Peach Berry + Watermelon Mango Peach. 40ml, dual mesh coil, display, airflow control, 850mAh Type\u2011C. 0\/2\/3\/5%.\" \/>\n<meta name=\"robots\" content=\"index, follow, max-snippet:-1, max-image-preview:large, max-video-preview:-1\" \/>\n<link rel=\"canonical\" href=\"https:\/\/fumot.uk\/fr\/product\/uzy-tornado-30000-puffs-peach-berry-watermelon-mango-peach-dual-flavor-vape\/\" \/>\n<meta property=\"og:locale\" content=\"fr_FR\" \/>\n<meta property=\"og:type\" content=\"article\" \/>\n<meta property=\"og:title\" content=\"UZY Tornado 30000 Puffs \u2013 Peach Berry + Watermelon Mango Peach\" \/>\n<meta property=\"og:description\" content=\"Twist to switch dual flavors in one disposable vape. 40ml e-liquid, dual mesh coil, adjustable airflow, display, 850mAh Type\u2011C rechargeable battery. Nicotine 0\/2\/3\/5%.\" \/>\n<meta property=\"og:url\" content=\"https:\/\/fumot.uk\/fr\/product\/uzy-tornado-30000-puffs-peach-berry-watermelon-mango-peach-dual-flavor-vape\/\" \/>\n<meta property=\"og:site_name\" content=\"Fumot Official Direct | Straight from the Factory, 100% Genuine\" \/>\n<meta property=\"article:modified_time\" content=\"2026-01-20T09:13:03+00:00\" \/>\n<meta property=\"og:image\" content=\"https:\/\/fumot.uk\/wp-content\/uploads\/2026\/01\/peach-Berry-watermelon-mango-peach-_UZY-TORNADO-30000Puffs-Disposable-Vape-scaled-1-1024x1024.png\" \/>\n\t<meta property=\"og:image:width\" content=\"1024\" \/>\n\t<meta property=\"og:image:height\" content=\"1024\" \/>\n\t<meta property=\"og:image:type\" content=\"image\/png\" \/>\n<meta name=\"twitter:card\" content=\"summary_large_image\" \/>\n<meta name=\"twitter:label1\" content=\"Dur\u00e9e de lecture estim\u00e9e\" \/>\n\t<meta name=\"twitter:data1\" content=\"2 minutes\" \/>\n<script type=\"application\/ld+json\" class=\"yoast-schema-graph\">{\"@context\":\"https:\/\/schema.org\",\"@graph\":[{\"@type\":\"WebPage\",\"@id\":\"https:\/\/fumot.uk\/product\/uzy-tornado-30000-puffs-peach-berry-watermelon-mango-peach-dual-flavor-vape\/\",\"url\":\"https:\/\/fumot.uk\/product\/uzy-tornado-30000-puffs-peach-berry-watermelon-mango-peach-dual-flavor-vape\/\",\"name\":\"UZY Tornado 30000 Puffs Dual Flavor \u2013 Peach Berry\",\"isPartOf\":{\"@id\":\"https:\/\/fumot.uk\/#website\"},\"primaryImageOfPage\":{\"@id\":\"https:\/\/fumot.uk\/product\/uzy-tornado-30000-puffs-peach-berry-watermelon-mango-peach-dual-flavor-vape\/#primaryimage\"},\"image\":{\"@id\":\"https:\/\/fumot.uk\/product\/uzy-tornado-30000-puffs-peach-berry-watermelon-mango-peach-dual-flavor-vape\/#primaryimage\"},\"thumbnailUrl\":\"https:\/\/fumot.uk\/wp-content\/uploads\/2026\/01\/peach-Berry-watermelon-mango-peach-_UZY-TORNADO-30000Puffs-Disposable-Vape-scaled-1.png\",\"datePublished\":\"2026-01-20T08:21:38+00:00\",\"dateModified\":\"2026-01-20T09:13:03+00:00\",\"description\":\"UZY Tornado 30000 Puffs dual flavor vape: Peach Berry + Watermelon Mango Peach. 40ml, dual mesh coil, display, airflow control, 850mAh Type\u2011C. 0\/2\/3\/5%.\",\"breadcrumb\":{\"@id\":\"https:\/\/fumot.uk\/product\/uzy-tornado-30000-puffs-peach-berry-watermelon-mango-peach-dual-flavor-vape\/#breadcrumb\"},\"inLanguage\":\"fr-FR\",\"potentialAction\":[{\"@type\":\"ReadAction\",\"target\":[\"https:\/\/fumot.uk\/product\/uzy-tornado-30000-puffs-peach-berry-watermelon-mango-peach-dual-flavor-vape\/\"]}]},{\"@type\":\"ImageObject\",\"inLanguage\":\"fr-FR\",\"@id\":\"https:\/\/fumot.uk\/product\/uzy-tornado-30000-puffs-peach-berry-watermelon-mango-peach-dual-flavor-vape\/#primaryimage\",\"url\":\"https:\/\/fumot.uk\/wp-content\/uploads\/2026\/01\/peach-Berry-watermelon-mango-peach-_UZY-TORNADO-30000Puffs-Disposable-Vape-scaled-1.png\",\"contentUrl\":\"https:\/\/fumot.uk\/wp-content\/uploads\/2026\/01\/peach-Berry-watermelon-mango-peach-_UZY-TORNADO-30000Puffs-Disposable-Vape-scaled-1.png\",\"width\":2560,\"height\":2560},{\"@type\":\"BreadcrumbList\",\"@id\":\"https:\/\/fumot.uk\/product\/uzy-tornado-30000-puffs-peach-berry-watermelon-mango-peach-dual-flavor-vape\/#breadcrumb\",\"itemListElement\":[{\"@type\":\"ListItem\",\"position\":1,\"name\":\"Home\",\"item\":\"https:\/\/fumot.uk\/\"},{\"@type\":\"ListItem\",\"position\":2,\"name\":\"Shop\",\"item\":\"https:\/\/fumot.uk\/shop\/\"},{\"@type\":\"ListItem\",\"position\":3,\"name\":\"UZY Tornado 30000 Puffs Dual Flavor Disposable Vape \u2013 Peach Berry + Watermelon Mango Peach (40ml, 850mAh, Type\u2011C, Display)\"}]},{\"@type\":\"WebSite\",\"@id\":\"https:\/\/fumot.uk\/#website\",\"url\":\"https:\/\/fumot.uk\/\",\"name\":\"Fumot Official Direct | Straight from the Factory, 100% Genuine\",\"description\":\"Official Website\",\"publisher\":{\"@id\":\"https:\/\/fumot.uk\/#organization\"},\"potentialAction\":[{\"@type\":\"SearchAction\",\"target\":{\"@type\":\"EntryPoint\",\"urlTemplate\":\"https:\/\/fumot.uk\/?s={search_term_string}\"},\"query-input\":{\"@type\":\"PropertyValueSpecification\",\"valueRequired\":true,\"valueName\":\"search_term_string\"}}],\"inLanguage\":\"fr-FR\"},{\"@type\":\"Organization\",\"@id\":\"https:\/\/fumot.uk\/#organization\",\"name\":\"Fumot Official Direct | Straight from the Factory, 100% Genuine\",\"url\":\"https:\/\/fumot.uk\/\",\"logo\":{\"@type\":\"ImageObject\",\"inLanguage\":\"fr-FR\",\"@id\":\"https:\/\/fumot.uk\/#\/schema\/logo\/image\/\",\"url\":\"https:\/\/fumot.uk\/wp-content\/uploads\/2026\/01\/cropped-fumot-logo1.png\",\"contentUrl\":\"https:\/\/fumot.uk\/wp-content\/uploads\/2026\/01\/cropped-fumot-logo1.png\",\"width\":152,\"height\":106,\"caption\":\"Fumot Official Direct | Straight from the Factory, 100% Genuine\"},\"image\":{\"@id\":\"https:\/\/fumot.uk\/#\/schema\/logo\/image\/\"}}]}<\/script>\n<!-- \/ Yoast SEO plugin. -->","yoast_head_json":{"title":"UZY Tornado 30000 Puffs Dual Flavor \u2013 P\u00eache Baie","description":"UZY Tornado 30000 Puffs vape \u00e0 double saveur : P\u00eache Baie + Past\u00e8que Mangue P\u00eache. 40ml, double bobine en mesh, affichage, contr\u00f4le du flux d'air, 850mAh Type\u2011C. 0\/2\/3\/5%.","robots":{"index":"index","follow":"follow","max-snippet":"max-snippet:-1","max-image-preview":"max-image-preview:large","max-video-preview":"max-video-preview:-1"},"canonical":"https:\/\/fumot.uk\/fr\/product\/uzy-tornado-30000-puffs-peach-berry-watermelon-mango-peach-dual-flavor-vape\/","og_locale":"fr_FR","og_type":"article","og_title":"UZY Tornado 30000 Puffs \u2013 Peach Berry + Watermelon Mango Peach","og_description":"Twist to switch dual flavors in one disposable vape. 40ml e-liquid, dual mesh coil, adjustable airflow, display, 850mAh Type\u2011C rechargeable battery. Nicotine 0\/2\/3\/5%.","og_url":"https:\/\/fumot.uk\/fr\/product\/uzy-tornado-30000-puffs-peach-berry-watermelon-mango-peach-dual-flavor-vape\/","og_site_name":"Fumot Official Direct | Straight from the Factory, 100% Genuine","article_modified_time":"2026-01-20T09:13:03+00:00","og_image":[{"width":1024,"height":1024,"url":"https:\/\/fumot.uk\/wp-content\/uploads\/2026\/01\/peach-Berry-watermelon-mango-peach-_UZY-TORNADO-30000Puffs-Disposable-Vape-scaled-1-1024x1024.png","type":"image\/png"}],"twitter_card":"summary_large_image","twitter_misc":{"Dur\u00e9e de lecture estim\u00e9e":"2 minutes"},"schema":{"@context":"https:\/\/schema.org","@graph":[{"@type":"WebPage","@id":"https:\/\/fumot.uk\/product\/uzy-tornado-30000-puffs-peach-berry-watermelon-mango-peach-dual-flavor-vape\/","url":"https:\/\/fumot.uk\/product\/uzy-tornado-30000-puffs-peach-berry-watermelon-mango-peach-dual-flavor-vape\/","name":"UZY Tornado 30000 Puffs Dual Flavor \u2013 P\u00eache Baie","isPartOf":{"@id":"https:\/\/fumot.uk\/#website"},"primaryImageOfPage":{"@id":"https:\/\/fumot.uk\/product\/uzy-tornado-30000-puffs-peach-berry-watermelon-mango-peach-dual-flavor-vape\/#primaryimage"},"image":{"@id":"https:\/\/fumot.uk\/product\/uzy-tornado-30000-puffs-peach-berry-watermelon-mango-peach-dual-flavor-vape\/#primaryimage"},"thumbnailUrl":"https:\/\/fumot.uk\/wp-content\/uploads\/2026\/01\/peach-Berry-watermelon-mango-peach-_UZY-TORNADO-30000Puffs-Disposable-Vape-scaled-1.png","datePublished":"2026-01-20T08:21:38+00:00","dateModified":"2026-01-20T09:13:03+00:00","description":"UZY Tornado 30000 Puffs vape \u00e0 double saveur : P\u00eache Baie + Past\u00e8que Mangue P\u00eache. 40ml, double bobine en mesh, affichage, contr\u00f4le du flux d'air, 850mAh Type\u2011C. 0\/2\/3\/5%.","breadcrumb":{"@id":"https:\/\/fumot.uk\/product\/uzy-tornado-30000-puffs-peach-berry-watermelon-mango-peach-dual-flavor-vape\/#breadcrumb"},"inLanguage":"fr-FR","potentialAction":[{"@type":"ReadAction","target":["https:\/\/fumot.uk\/product\/uzy-tornado-30000-puffs-peach-berry-watermelon-mango-peach-dual-flavor-vape\/"]}]},{"@type":"ImageObject","inLanguage":"fr-FR","@id":"https:\/\/fumot.uk\/product\/uzy-tornado-30000-puffs-peach-berry-watermelon-mango-peach-dual-flavor-vape\/#primaryimage","url":"https:\/\/fumot.uk\/wp-content\/uploads\/2026\/01\/peach-Berry-watermelon-mango-peach-_UZY-TORNADO-30000Puffs-Disposable-Vape-scaled-1.png","contentUrl":"https:\/\/fumot.uk\/wp-content\/uploads\/2026\/01\/peach-Berry-watermelon-mango-peach-_UZY-TORNADO-30000Puffs-Disposable-Vape-scaled-1.png","width":2560,"height":2560},{"@type":"BreadcrumbList","@id":"https:\/\/fumot.uk\/product\/uzy-tornado-30000-puffs-peach-berry-watermelon-mango-peach-dual-flavor-vape\/#breadcrumb","itemListElement":[{"@type":"ListItem","position":1,"name":"Home","item":"https:\/\/fumot.uk\/"},{"@type":"ListItem","position":2,"name":"Shop","item":"https:\/\/fumot.uk\/shop\/"},{"@type":"ListItem","position":3,"name":"UZY Tornado 30000 Puffs Dual Flavor Disposable Vape \u2013 Peach Berry + Watermelon Mango Peach (40ml, 850mAh, Type\u2011C, Display)"}]},{"@type":"WebSite","@id":"https:\/\/fumot.uk\/#website","url":"https:\/\/fumot.uk\/","name":"Fumot Official Direct | Directement de l'usine, 100% Authentique","description":"Site officiel","publisher":{"@id":"https:\/\/fumot.uk\/#organization"},"potentialAction":[{"@type":"SearchAction","target":{"@type":"EntryPoint","urlTemplate":"https:\/\/fumot.uk\/?s={search_term_string}"},"query-input":{"@type":"PropertyValueSpecification","valueRequired":true,"valueName":"search_term_string"}}],"inLanguage":"fr-FR"},{"@type":"Organization","@id":"https:\/\/fumot.uk\/#organization","name":"Fumot Official Direct | Directement de l'usine, 100% Authentique","url":"https:\/\/fumot.uk\/","logo":{"@type":"ImageObject","inLanguage":"fr-FR","@id":"https:\/\/fumot.uk\/#\/schema\/logo\/image\/","url":"https:\/\/fumot.uk\/wp-content\/uploads\/2026\/01\/cropped-fumot-logo1.png","contentUrl":"https:\/\/fumot.uk\/wp-content\/uploads\/2026\/01\/cropped-fumot-logo1.png","width":152,"height":106,"caption":"Fumot Official Direct | Straight from the Factory, 100% Genuine"},"image":{"@id":"https:\/\/fumot.uk\/#\/schema\/logo\/image\/"}}]}},"_links":{"self":[{"href":"https:\/\/fumot.uk\/fr\/wp-json\/wp\/v2\/product\/1692","targetHints":{"allow":["GET"]}}],"collection":[{"href":"https:\/\/fumot.uk\/fr\/wp-json\/wp\/v2\/product"}],"about":[{"href":"https:\/\/fumot.uk\/fr\/wp-json\/wp\/v2\/types\/product"}],"replies":[{"embeddable":true,"href":"https:\/\/fumot.uk\/fr\/wp-json\/wp\/v2\/comments?post=1692"}],"wp:featuredmedia":[{"embeddable":true,"href":"https:\/\/fumot.uk\/fr\/wp-json\/wp\/v2\/media\/1738"}],"wp:attachment":[{"href":"https:\/\/fumot.uk\/fr\/wp-json\/wp\/v2\/media?parent=1692"}],"wp:term":[{"taxonomy":"product_brand","embeddable":true,"href":"https:\/\/fumot.uk\/fr\/wp-json\/wp\/v2\/product_brand?post=1692"},{"taxonomy":"product_cat","embeddable":true,"href":"https:\/\/fumot.uk\/fr\/wp-json\/wp\/v2\/product_cat?post=1692"},{"taxonomy":"product_tag","embeddable":true,"href":"https:\/\/fumot.uk\/fr\/wp-json\/wp\/v2\/product_tag?post=1692"}],"curies":[{"name":"wp","href":"https:\/\/api.w.org\/{rel}","templated":true}]}}