{"id":1679,"date":"2026-01-20T08:21:13","date_gmt":"2026-01-20T08:21:13","guid":{"rendered":"https:\/\/fumot.uk\/?post_type=product&#038;p=1679"},"modified":"2026-01-20T09:14:03","modified_gmt":"2026-01-20T09:14:03","slug":"uzy-tornado-30000-puffs-blue-razz-lemonade-watermelon-bubblegum-dual-flavor-vape","status":"publish","type":"product","link":"https:\/\/fumot.uk\/fr\/product\/uzy-tornado-30000-puffs-blue-razz-lemonade-watermelon-bubblegum-dual-flavor-vape\/","title":{"rendered":"UZY Tornado 30000 Puffs Vape Jetable Double Saveur \u2013 Limonade Framboise Bleue &amp; Chewing-gum Past\u00e8que (40ml, Pr\u00e9sentation, 850mAh USB-C)"},"content":{"rendered":"<h2>UZY Tornado 30000 Puffs Dual-Flavor Vape \u2013 Go\u00fbt interchangeable, un seul appareil<\/h2>\n<p><strong>UZY Tornado 30000 Puffs<\/strong> est con\u00e7u pour la vari\u00e9t\u00e9. Avec un astucieux <strong>syst\u00e8me \u00e0 double saveur<\/strong>, vous pouvez changer votre exp\u00e9rience de vape en quelques secondes\u2014il suffit de tourner l'embout pour passer entre <strong>Limonade Bleu Razz<\/strong> et <strong>Past\u00e8que Chewing-gum<\/strong>. Pas d'appareil suppl\u00e9mentaire, pas de tracas\u2014juste deux saveurs distinctes pr\u00eates quand vous l'\u00eates.<\/p>\n<h3>Pourquoi vous allez adorer le UZY Tornado 30000<\/h3>\n<ul>\n<li><strong>Affichage tout autour :<\/strong> \u00c9cran clair sur l'appareil montre <strong>le niveau de batterie<\/strong> et <strong>le statut du e-liquide pour les deux saveurs<\/strong> afin que vous sachiez toujours ce qu'il reste.<\/li>\n<li><strong>Flux d'air ajustable :<\/strong> Ajustez votre tirage de plus doux \u00e0 plus intense\u2014selon votre pr\u00e9f\u00e9rence.<\/li>\n<li><strong>Double r\u00e9sistance en mesh :<\/strong> Con\u00e7u pour un chauffage constant et une inhalation propre, savoureuse et douce.<\/li>\n<li><strong>Jusqu'\u00e0 30000 bouff\u00e9es :<\/strong> Utilisation longue dur\u00e9e pour moins de remplacements (varie selon le style d'utilisation).<\/li>\n<li><strong>Capacit\u00e9 de 40ml de e-liquide :<\/strong> Volume g\u00e9n\u00e9reux pour un plaisir prolong\u00e9.<\/li>\n<li><strong>Batterie rechargeable 850mAh :<\/strong> Alimentation fiable avec <strong>USB Type-C<\/strong> chargement.<\/li>\n<li><strong>Options de nicotine :<\/strong> Disponible en <strong>0%, 2%, 3%, 5%<\/strong> pour correspondre \u00e0 votre pr\u00e9f\u00e9rence.<\/li>\n<\/ul>\n<h3>Projecteur de saveurs : Limonade Blue Razz &amp; Bubblegum Past\u00e8que<\/h3>\n<p>Cette association est faite pour les vapoteurs qui aiment les profils fruit\u00e9s et ludiques\u2014\u00e9clatant d'un c\u00f4t\u00e9, sucr\u00e9 et nostalgique de l'autre.<\/p>\n<h4>Limonade Bleu Razz<\/h4>\n<p>Pensez \u00e0 une limonade acidul\u00e9e avec une explosion audacieuse de framboise bleue. C'est <strong>zest\u00e9, lumineux de baies, et rafra\u00eechissant et vif<\/strong>\u2014un excellent choix quand vous voulez quelque chose de vivant et croquant.<\/p>\n<h4>Past\u00e8que Chewing-gum<\/h4>\n<p>La past\u00e8que juteuse rencontre la douceur classique du bubblegum pour une <strong>finition douce, semblable \u00e0 un bonbon<\/strong>. Doux, sucr\u00e9 et facile\u2014parfait quand vous \u00eates d'humeur pour quelque chose de ludique.<\/p>\n<h3>Caract\u00e9ristiques rapides<\/h3>\n<ul>\n<li><strong>Cat\u00e9gorie :<\/strong> Vape jetable 30000 puffs \/ Einweg E-Zigarette<\/li>\n<li><strong>E-liquide :<\/strong> 40ml<\/li>\n<li><strong>Batterie :<\/strong> 850mAh rechargeable<\/li>\n<li><strong>Chargement :<\/strong> Type-C<\/li>\n<li><strong>R\u00e9sistance :<\/strong> Double Mesh<\/li>\n<li><strong>Affichage :<\/strong> Indicateur de batterie + liquide (double saveur)<\/li>\n<li><strong>Forces de nicotine :<\/strong> 0%, 2%, 3%, 5%<\/li>\n<\/ul>\n<p>Explorez plus d'options de saveurs et les derni\u00e8res nouveaut\u00e9s sur <a href=\"https:\/\/fumot.uk\/fr\/\">fumot.uk<\/a>.<\/p>","protected":false},"excerpt":{"rendered":"<p>UZY Tornado 30000 Puffs vape jetable \u00e0 double saveur avec Lemonade Blue Razz &amp; Bubblegum Past\u00e8que interchangeables. 40ml, affichage, d\u00e9bit d'air r\u00e9glable, double bobine en mesh, 850mAh USB-C, 0\u20135% nicotine.<\/p>","protected":false},"featured_media":1737,"comment_status":"open","ping_status":"closed","template":"","meta":[],"product_brand":[],"product_cat":[125,126,17],"product_tag":[112,20,22,49,72,23,114,73,48,26,62,28,32],"class_list":{"0":"post-1679","1":"product","2":"type-product","3":"status-publish","4":"has-post-thumbnail","6":"product_cat-30000-puff","7":"product_cat-uzy-tornado-30000-puffs","8":"product_cat-vape","9":"product_tag-40ml","10":"product_tag-850mah","11":"product_tag-blue-razz","12":"product_tag-bubblegum","13":"product_tag-direct-to-lung","14":"product_tag-display","15":"product_tag-dual-flavor","16":"product_tag-dual-mesh","17":"product_tag-lemonade","18":"product_tag-rechargeable","19":"product_tag-sale-vape","20":"product_tag-type-c","21":"product_tag-watermelon","23":"first","24":"instock","25":"sale","26":"shipping-taxable","27":"purchasable","28":"product-type-variable","29":"has-default-attributes"},"yoast_head":"<!-- This site is optimized with the Yoast SEO plugin v26.8 - https:\/\/yoast.com\/product\/yoast-seo-wordpress\/ -->\n<title>UZY Tornado 30000 Puffs Dual Flavor | Blue Razz &amp; Melon<\/title>\n<meta name=\"description\" content=\"UZY Tornado 30000 Puffs dual-flavor vape: rotate to switch Blue Razz Lemonade &amp; Watermelon Bubblegum. 40ml, display, airflow control, 850mAh USB-C.\" \/>\n<meta name=\"robots\" content=\"index, follow, max-snippet:-1, max-image-preview:large, max-video-preview:-1\" \/>\n<link rel=\"canonical\" href=\"https:\/\/fumot.uk\/fr\/product\/uzy-tornado-30000-puffs-blue-razz-lemonade-watermelon-bubblegum-dual-flavor-vape\/\" \/>\n<meta property=\"og:locale\" content=\"fr_FR\" \/>\n<meta property=\"og:type\" content=\"article\" \/>\n<meta property=\"og:title\" content=\"UZY Tornado 30000 Puffs \u2013 Blue Razz Lemonade &amp; Watermelon Bubblegum\" \/>\n<meta property=\"og:description\" content=\"Two flavors in one device. Rotate to switch between Blue Razz Lemonade and Watermelon Bubblegum. 40ml, display, adjustable airflow, dual mesh, USB-C rechargeable.\" \/>\n<meta property=\"og:url\" content=\"https:\/\/fumot.uk\/fr\/product\/uzy-tornado-30000-puffs-blue-razz-lemonade-watermelon-bubblegum-dual-flavor-vape\/\" \/>\n<meta property=\"og:site_name\" content=\"Fumot Official Direct | Straight from the Factory, 100% Genuine\" \/>\n<meta property=\"article:modified_time\" content=\"2026-01-20T09:14:03+00:00\" \/>\n<meta property=\"og:image\" content=\"https:\/\/fumot.uk\/wp-content\/uploads\/2026\/01\/blue-Razz-lemonade-watermelon-bubblegum-_UZY-TORNADO-30000-Puffs-Disposable-Vape-scaled-1-1024x1024.png\" \/>\n\t<meta property=\"og:image:width\" content=\"1024\" \/>\n\t<meta property=\"og:image:height\" content=\"1024\" \/>\n\t<meta property=\"og:image:type\" content=\"image\/png\" \/>\n<meta name=\"twitter:card\" content=\"summary_large_image\" \/>\n<meta name=\"twitter:label1\" content=\"Dur\u00e9e de lecture estim\u00e9e\" \/>\n\t<meta name=\"twitter:data1\" content=\"2 minutes\" \/>\n<script type=\"application\/ld+json\" class=\"yoast-schema-graph\">{\"@context\":\"https:\/\/schema.org\",\"@graph\":[{\"@type\":\"WebPage\",\"@id\":\"https:\/\/fumot.uk\/product\/uzy-tornado-30000-puffs-blue-razz-lemonade-watermelon-bubblegum-dual-flavor-vape\/\",\"url\":\"https:\/\/fumot.uk\/product\/uzy-tornado-30000-puffs-blue-razz-lemonade-watermelon-bubblegum-dual-flavor-vape\/\",\"name\":\"UZY Tornado 30000 Puffs Dual Flavor | Blue Razz & Melon\",\"isPartOf\":{\"@id\":\"https:\/\/fumot.uk\/#website\"},\"primaryImageOfPage\":{\"@id\":\"https:\/\/fumot.uk\/product\/uzy-tornado-30000-puffs-blue-razz-lemonade-watermelon-bubblegum-dual-flavor-vape\/#primaryimage\"},\"image\":{\"@id\":\"https:\/\/fumot.uk\/product\/uzy-tornado-30000-puffs-blue-razz-lemonade-watermelon-bubblegum-dual-flavor-vape\/#primaryimage\"},\"thumbnailUrl\":\"https:\/\/fumot.uk\/wp-content\/uploads\/2026\/01\/blue-Razz-lemonade-watermelon-bubblegum-_UZY-TORNADO-30000-Puffs-Disposable-Vape-scaled-1.png\",\"datePublished\":\"2026-01-20T08:21:13+00:00\",\"dateModified\":\"2026-01-20T09:14:03+00:00\",\"description\":\"UZY Tornado 30000 Puffs dual-flavor vape: rotate to switch Blue Razz Lemonade & Watermelon Bubblegum. 40ml, display, airflow control, 850mAh USB-C.\",\"breadcrumb\":{\"@id\":\"https:\/\/fumot.uk\/product\/uzy-tornado-30000-puffs-blue-razz-lemonade-watermelon-bubblegum-dual-flavor-vape\/#breadcrumb\"},\"inLanguage\":\"fr-FR\",\"potentialAction\":[{\"@type\":\"ReadAction\",\"target\":[\"https:\/\/fumot.uk\/product\/uzy-tornado-30000-puffs-blue-razz-lemonade-watermelon-bubblegum-dual-flavor-vape\/\"]}]},{\"@type\":\"ImageObject\",\"inLanguage\":\"fr-FR\",\"@id\":\"https:\/\/fumot.uk\/product\/uzy-tornado-30000-puffs-blue-razz-lemonade-watermelon-bubblegum-dual-flavor-vape\/#primaryimage\",\"url\":\"https:\/\/fumot.uk\/wp-content\/uploads\/2026\/01\/blue-Razz-lemonade-watermelon-bubblegum-_UZY-TORNADO-30000-Puffs-Disposable-Vape-scaled-1.png\",\"contentUrl\":\"https:\/\/fumot.uk\/wp-content\/uploads\/2026\/01\/blue-Razz-lemonade-watermelon-bubblegum-_UZY-TORNADO-30000-Puffs-Disposable-Vape-scaled-1.png\",\"width\":2560,\"height\":2560},{\"@type\":\"BreadcrumbList\",\"@id\":\"https:\/\/fumot.uk\/product\/uzy-tornado-30000-puffs-blue-razz-lemonade-watermelon-bubblegum-dual-flavor-vape\/#breadcrumb\",\"itemListElement\":[{\"@type\":\"ListItem\",\"position\":1,\"name\":\"Home\",\"item\":\"https:\/\/fumot.uk\/\"},{\"@type\":\"ListItem\",\"position\":2,\"name\":\"Shop\",\"item\":\"https:\/\/fumot.uk\/shop\/\"},{\"@type\":\"ListItem\",\"position\":3,\"name\":\"UZY Tornado 30000 Puffs Dual Flavor Disposable Vape \u2013 Blue Razz Lemonade &#038; Watermelon Bubblegum (40ml, Display, 850mAh USB-C)\"}]},{\"@type\":\"WebSite\",\"@id\":\"https:\/\/fumot.uk\/#website\",\"url\":\"https:\/\/fumot.uk\/\",\"name\":\"Fumot Official Direct | Straight from the Factory, 100% Genuine\",\"description\":\"Official Website\",\"publisher\":{\"@id\":\"https:\/\/fumot.uk\/#organization\"},\"potentialAction\":[{\"@type\":\"SearchAction\",\"target\":{\"@type\":\"EntryPoint\",\"urlTemplate\":\"https:\/\/fumot.uk\/?s={search_term_string}\"},\"query-input\":{\"@type\":\"PropertyValueSpecification\",\"valueRequired\":true,\"valueName\":\"search_term_string\"}}],\"inLanguage\":\"fr-FR\"},{\"@type\":\"Organization\",\"@id\":\"https:\/\/fumot.uk\/#organization\",\"name\":\"Fumot Official Direct | Straight from the Factory, 100% Genuine\",\"url\":\"https:\/\/fumot.uk\/\",\"logo\":{\"@type\":\"ImageObject\",\"inLanguage\":\"fr-FR\",\"@id\":\"https:\/\/fumot.uk\/#\/schema\/logo\/image\/\",\"url\":\"https:\/\/fumot.uk\/wp-content\/uploads\/2026\/01\/cropped-fumot-logo1.png\",\"contentUrl\":\"https:\/\/fumot.uk\/wp-content\/uploads\/2026\/01\/cropped-fumot-logo1.png\",\"width\":152,\"height\":106,\"caption\":\"Fumot Official Direct | Straight from the Factory, 100% Genuine\"},\"image\":{\"@id\":\"https:\/\/fumot.uk\/#\/schema\/logo\/image\/\"}}]}<\/script>\n<!-- \/ Yoast SEO plugin. -->","yoast_head_json":{"title":"UZY Tornado 30000 Puffs Double Saveur | Blue Razz &amp; Melon","description":"UZY Tornado 30000 bouff\u00e9es vape \u00e0 double saveur : tournez pour passer de Blue Razz Lemonade \u00e0 Watermelon Bubblegum. 40ml, affichage, contr\u00f4le du d\u00e9bit d'air, 850mAh USB-C.","robots":{"index":"index","follow":"follow","max-snippet":"max-snippet:-1","max-image-preview":"max-image-preview:large","max-video-preview":"max-video-preview:-1"},"canonical":"https:\/\/fumot.uk\/fr\/product\/uzy-tornado-30000-puffs-blue-razz-lemonade-watermelon-bubblegum-dual-flavor-vape\/","og_locale":"fr_FR","og_type":"article","og_title":"UZY Tornado 30000 Puffs \u2013 Blue Razz Lemonade & Watermelon Bubblegum","og_description":"Two flavors in one device. Rotate to switch between Blue Razz Lemonade and Watermelon Bubblegum. 40ml, display, adjustable airflow, dual mesh, USB-C rechargeable.","og_url":"https:\/\/fumot.uk\/fr\/product\/uzy-tornado-30000-puffs-blue-razz-lemonade-watermelon-bubblegum-dual-flavor-vape\/","og_site_name":"Fumot Official Direct | Straight from the Factory, 100% Genuine","article_modified_time":"2026-01-20T09:14:03+00:00","og_image":[{"width":1024,"height":1024,"url":"https:\/\/fumot.uk\/wp-content\/uploads\/2026\/01\/blue-Razz-lemonade-watermelon-bubblegum-_UZY-TORNADO-30000-Puffs-Disposable-Vape-scaled-1-1024x1024.png","type":"image\/png"}],"twitter_card":"summary_large_image","twitter_misc":{"Dur\u00e9e de lecture estim\u00e9e":"2 minutes"},"schema":{"@context":"https:\/\/schema.org","@graph":[{"@type":"WebPage","@id":"https:\/\/fumot.uk\/product\/uzy-tornado-30000-puffs-blue-razz-lemonade-watermelon-bubblegum-dual-flavor-vape\/","url":"https:\/\/fumot.uk\/product\/uzy-tornado-30000-puffs-blue-razz-lemonade-watermelon-bubblegum-dual-flavor-vape\/","name":"UZY Tornado 30000 Puffs Double Saveur | Blue Razz &amp; Melon","isPartOf":{"@id":"https:\/\/fumot.uk\/#website"},"primaryImageOfPage":{"@id":"https:\/\/fumot.uk\/product\/uzy-tornado-30000-puffs-blue-razz-lemonade-watermelon-bubblegum-dual-flavor-vape\/#primaryimage"},"image":{"@id":"https:\/\/fumot.uk\/product\/uzy-tornado-30000-puffs-blue-razz-lemonade-watermelon-bubblegum-dual-flavor-vape\/#primaryimage"},"thumbnailUrl":"https:\/\/fumot.uk\/wp-content\/uploads\/2026\/01\/blue-Razz-lemonade-watermelon-bubblegum-_UZY-TORNADO-30000-Puffs-Disposable-Vape-scaled-1.png","datePublished":"2026-01-20T08:21:13+00:00","dateModified":"2026-01-20T09:14:03+00:00","description":"UZY Tornado 30000 bouff\u00e9es vape \u00e0 double saveur : tournez pour passer de Blue Razz Lemonade \u00e0 Watermelon Bubblegum. 40ml, affichage, contr\u00f4le du d\u00e9bit d'air, 850mAh USB-C.","breadcrumb":{"@id":"https:\/\/fumot.uk\/product\/uzy-tornado-30000-puffs-blue-razz-lemonade-watermelon-bubblegum-dual-flavor-vape\/#breadcrumb"},"inLanguage":"fr-FR","potentialAction":[{"@type":"ReadAction","target":["https:\/\/fumot.uk\/product\/uzy-tornado-30000-puffs-blue-razz-lemonade-watermelon-bubblegum-dual-flavor-vape\/"]}]},{"@type":"ImageObject","inLanguage":"fr-FR","@id":"https:\/\/fumot.uk\/product\/uzy-tornado-30000-puffs-blue-razz-lemonade-watermelon-bubblegum-dual-flavor-vape\/#primaryimage","url":"https:\/\/fumot.uk\/wp-content\/uploads\/2026\/01\/blue-Razz-lemonade-watermelon-bubblegum-_UZY-TORNADO-30000-Puffs-Disposable-Vape-scaled-1.png","contentUrl":"https:\/\/fumot.uk\/wp-content\/uploads\/2026\/01\/blue-Razz-lemonade-watermelon-bubblegum-_UZY-TORNADO-30000-Puffs-Disposable-Vape-scaled-1.png","width":2560,"height":2560},{"@type":"BreadcrumbList","@id":"https:\/\/fumot.uk\/product\/uzy-tornado-30000-puffs-blue-razz-lemonade-watermelon-bubblegum-dual-flavor-vape\/#breadcrumb","itemListElement":[{"@type":"ListItem","position":1,"name":"Home","item":"https:\/\/fumot.uk\/"},{"@type":"ListItem","position":2,"name":"Shop","item":"https:\/\/fumot.uk\/shop\/"},{"@type":"ListItem","position":3,"name":"UZY Tornado 30000 Puffs Dual Flavor Disposable Vape \u2013 Blue Razz Lemonade &#038; Watermelon Bubblegum (40ml, Display, 850mAh USB-C)"}]},{"@type":"WebSite","@id":"https:\/\/fumot.uk\/#website","url":"https:\/\/fumot.uk\/","name":"Fumot Official Direct | Directement de l'usine, 100% Authentique","description":"Site officiel","publisher":{"@id":"https:\/\/fumot.uk\/#organization"},"potentialAction":[{"@type":"SearchAction","target":{"@type":"EntryPoint","urlTemplate":"https:\/\/fumot.uk\/?s={search_term_string}"},"query-input":{"@type":"PropertyValueSpecification","valueRequired":true,"valueName":"search_term_string"}}],"inLanguage":"fr-FR"},{"@type":"Organization","@id":"https:\/\/fumot.uk\/#organization","name":"Fumot Official Direct | Directement de l'usine, 100% Authentique","url":"https:\/\/fumot.uk\/","logo":{"@type":"ImageObject","inLanguage":"fr-FR","@id":"https:\/\/fumot.uk\/#\/schema\/logo\/image\/","url":"https:\/\/fumot.uk\/wp-content\/uploads\/2026\/01\/cropped-fumot-logo1.png","contentUrl":"https:\/\/fumot.uk\/wp-content\/uploads\/2026\/01\/cropped-fumot-logo1.png","width":152,"height":106,"caption":"Fumot Official Direct | Straight from the Factory, 100% Genuine"},"image":{"@id":"https:\/\/fumot.uk\/#\/schema\/logo\/image\/"}}]}},"_links":{"self":[{"href":"https:\/\/fumot.uk\/fr\/wp-json\/wp\/v2\/product\/1679","targetHints":{"allow":["GET"]}}],"collection":[{"href":"https:\/\/fumot.uk\/fr\/wp-json\/wp\/v2\/product"}],"about":[{"href":"https:\/\/fumot.uk\/fr\/wp-json\/wp\/v2\/types\/product"}],"replies":[{"embeddable":true,"href":"https:\/\/fumot.uk\/fr\/wp-json\/wp\/v2\/comments?post=1679"}],"wp:featuredmedia":[{"embeddable":true,"href":"https:\/\/fumot.uk\/fr\/wp-json\/wp\/v2\/media\/1737"}],"wp:attachment":[{"href":"https:\/\/fumot.uk\/fr\/wp-json\/wp\/v2\/media?parent=1679"}],"wp:term":[{"taxonomy":"product_brand","embeddable":true,"href":"https:\/\/fumot.uk\/fr\/wp-json\/wp\/v2\/product_brand?post=1679"},{"taxonomy":"product_cat","embeddable":true,"href":"https:\/\/fumot.uk\/fr\/wp-json\/wp\/v2\/product_cat?post=1679"},{"taxonomy":"product_tag","embeddable":true,"href":"https:\/\/fumot.uk\/fr\/wp-json\/wp\/v2\/product_tag?post=1679"}],"curies":[{"name":"wp","href":"https:\/\/api.w.org\/{rel}","templated":true}]}}