{"id":1669,"date":"2026-01-20T08:21:11","date_gmt":"2026-01-20T08:21:11","guid":{"rendered":"https:\/\/fumot.uk\/?post_type=product&#038;p=1669"},"modified":"2026-01-20T09:19:23","modified_gmt":"2026-01-20T09:19:23","slug":"strawberry-watermelon-uzy-tornado-20000-puffs","status":"publish","type":"product","link":"https:\/\/fumot.uk\/fr\/product\/strawberry-watermelon-uzy-tornado-20000-puffs\/","title":{"rendered":"UZY Tornado 20000 Puffs Vape Jetable Fraise Past\u00e8que (28ml, 850mAh, Type\u2011C)"},"content":{"rendered":"<h2>UZY Tornado 20000 Puffs \u2013 Fraise Past\u00e8que<\/h2>\n<p><strong>Fraise Past\u00e8que UZY Tornado 20000 Puffs<\/strong> m\u00e9lange le go\u00fbt sucr\u00e9 des bonbons de fraises m\u00fbres avec la fra\u00eecheur juteuse et nette de la past\u00e8que. L'inhalation s'ouvre sur une note de fraise vive, puis la past\u00e8que douce suit pour garder la finition l\u00e9g\u00e8re et rafra\u00eechissante\u2014une saveur facile \u00e0 appr\u00e9cier toute la journ\u00e9e qui semble particuli\u00e8rement fra\u00eeche lors des journ\u00e9es plus chaudes.<\/p>\n<p>Explorez plus d'options fruit\u00e9es sur <a href=\"https:\/\/fumot.uk\/fr\/\">fumot.uk<\/a>, ou parcourez notre <a href=\"https:\/\/fumot.uk\/fr\/product-tag\/strawberry\/\">Saveurs de fraise<\/a> pour trouver votre prochain favori.<\/p>\n<h3>Pourquoi vous aimerez Fraise Past\u00e8que<\/h3>\n<ul>\n<li><strong>Note de t\u00eate de fraise sucr\u00e9e :<\/strong> Douceur de baies au go\u00fbt naturel qui reste douce, pas lourde.<\/li>\n<li><strong>Finition de past\u00e8que juteuse :<\/strong> Ajoute une touche nette et rafra\u00eechissante pour un profil \u00e9quilibr\u00e9.<\/li>\n<li><strong>Fruit\u00e9 et d\u00e9contract\u00e9 :<\/strong> Une combinaison vive con\u00e7ue pour une vape agr\u00e9able au quotidien.<\/li>\n<\/ul>\n<h3>UZY Tornado 20000 Puffs \u2013 Caract\u00e9ristiques cl\u00e9s<\/h3>\n<ul>\n<li><strong>Bouff\u00e9es :<\/strong> Jusqu'\u00e0 20000 bouff\u00e9es<\/li>\n<li><strong>Capacit\u00e9 de e-liquide :<\/strong> 28ml pr\u00e9rempli<\/li>\n<li><strong>Forces de nicotine :<\/strong> 0%, 2%, 3% ou 5%<\/li>\n<li><strong>Type d'appareil :<\/strong> Vape jetable (rechargeable)<\/li>\n<li><strong>Batterie :<\/strong> 850mAh rechargeable<\/li>\n<li><strong>Chargement :<\/strong> USB Type\u2011C<\/li>\n<li><strong>R\u00e9sistance :<\/strong> Bobine en maille<\/li>\n<li><strong>Style de vapotage :<\/strong> Direct to Lung (DTL)<\/li>\n<li><strong>Affichage :<\/strong> \u00c9cran int\u00e9gr\u00e9<\/li>\n<li><strong>Gamme de saveurs :<\/strong> 12 saveurs disponibles<\/li>\n<\/ul>\n<p><em>Remarque :<\/em> Le nombre de bouff\u00e9es est une estimation et peut varier en fonction de l'utilisation et de la longueur de l'aspiration.<\/p>","protected":false},"excerpt":{"rendered":"<p>La douce fraise rencontre la past\u00e8que juteuse dans le UZY Tornado 20000 Puffs. Pr\u00e9rempli 28 ml, batterie rechargeable 850 mAh, charge Type\u2011C, bobine en maille, et options de nicotine 0\u20135%.<\/p>","protected":false},"featured_media":1711,"comment_status":"open","ping_status":"closed","template":"","meta":[],"product_brand":[],"product_cat":[68,123,17],"product_tag":[124,20,72,23,25,26,37,28,32],"class_list":{"0":"post-1669","1":"product","2":"type-product","3":"status-publish","4":"has-post-thumbnail","6":"product_cat-20000-puff","7":"product_cat-uzy-tornado-20000-puffs","8":"product_cat-vape","9":"product_tag-28ml","10":"product_tag-850mah","11":"product_tag-direct-to-lung","12":"product_tag-display","13":"product_tag-mesh-coil","14":"product_tag-rechargeable","15":"product_tag-strawberry","16":"product_tag-type-c","17":"product_tag-watermelon","19":"first","20":"instock","21":"sale","22":"shipping-taxable","23":"purchasable","24":"product-type-variable"},"yoast_head":"<!-- This site is optimized with the Yoast SEO plugin v26.8 - https:\/\/yoast.com\/product\/yoast-seo-wordpress\/ -->\n<title>UZY Tornado 20000 Strawberry Watermelon | 28ml<\/title>\n<meta name=\"description\" content=\"UZY Tornado 20000 Puffs Strawberry Watermelon disposable vape: 28ml prefilled, 850mAh rechargeable, Type\u2011C, mesh coil, 0\u20135% nicotine.\" \/>\n<meta name=\"robots\" content=\"index, follow, max-snippet:-1, max-image-preview:large, max-video-preview:-1\" \/>\n<link rel=\"canonical\" href=\"https:\/\/fumot.uk\/fr\/product\/strawberry-watermelon-uzy-tornado-20000-puffs\/\" \/>\n<meta property=\"og:locale\" content=\"fr_FR\" \/>\n<meta property=\"og:type\" content=\"article\" \/>\n<meta property=\"og:title\" content=\"UZY Tornado 20000 Puffs \u2013 Strawberry Watermelon\" \/>\n<meta property=\"og:description\" content=\"A bright strawberry inhale with a juicy watermelon finish. 28ml prefilled, 850mAh rechargeable, Type\u2011C charging, mesh coil, up to 20000 puffs.\" \/>\n<meta property=\"og:url\" content=\"https:\/\/fumot.uk\/fr\/product\/strawberry-watermelon-uzy-tornado-20000-puffs\/\" \/>\n<meta property=\"og:site_name\" content=\"Fumot Official Direct | Straight from the Factory, 100% Genuine\" \/>\n<meta property=\"article:modified_time\" content=\"2026-01-20T09:19:23+00:00\" \/>\n<meta property=\"og:image\" content=\"https:\/\/fumot.uk\/wp-content\/uploads\/2026\/01\/UZY-TORNADO-20000_Strawberry-Watermelon-Disposable-Vape-scaled-1-1024x1024.png\" \/>\n\t<meta property=\"og:image:width\" content=\"1024\" \/>\n\t<meta property=\"og:image:height\" content=\"1024\" \/>\n\t<meta property=\"og:image:type\" content=\"image\/png\" \/>\n<meta name=\"twitter:card\" content=\"summary_large_image\" \/>\n<meta name=\"twitter:label1\" content=\"Dur\u00e9e de lecture estim\u00e9e\" \/>\n\t<meta name=\"twitter:data1\" content=\"2 minutes\" \/>\n<script type=\"application\/ld+json\" class=\"yoast-schema-graph\">{\"@context\":\"https:\/\/schema.org\",\"@graph\":[{\"@type\":\"WebPage\",\"@id\":\"https:\/\/fumot.uk\/product\/strawberry-watermelon-uzy-tornado-20000-puffs\/\",\"url\":\"https:\/\/fumot.uk\/product\/strawberry-watermelon-uzy-tornado-20000-puffs\/\",\"name\":\"UZY Tornado 20000 Strawberry Watermelon | 28ml\",\"isPartOf\":{\"@id\":\"https:\/\/fumot.uk\/#website\"},\"primaryImageOfPage\":{\"@id\":\"https:\/\/fumot.uk\/product\/strawberry-watermelon-uzy-tornado-20000-puffs\/#primaryimage\"},\"image\":{\"@id\":\"https:\/\/fumot.uk\/product\/strawberry-watermelon-uzy-tornado-20000-puffs\/#primaryimage\"},\"thumbnailUrl\":\"https:\/\/fumot.uk\/wp-content\/uploads\/2026\/01\/UZY-TORNADO-20000_Strawberry-Watermelon-Disposable-Vape-scaled-1.png\",\"datePublished\":\"2026-01-20T08:21:11+00:00\",\"dateModified\":\"2026-01-20T09:19:23+00:00\",\"description\":\"UZY Tornado 20000 Puffs Strawberry Watermelon disposable vape: 28ml prefilled, 850mAh rechargeable, Type\u2011C, mesh coil, 0\u20135% nicotine.\",\"breadcrumb\":{\"@id\":\"https:\/\/fumot.uk\/product\/strawberry-watermelon-uzy-tornado-20000-puffs\/#breadcrumb\"},\"inLanguage\":\"fr-FR\",\"potentialAction\":[{\"@type\":\"ReadAction\",\"target\":[\"https:\/\/fumot.uk\/product\/strawberry-watermelon-uzy-tornado-20000-puffs\/\"]}]},{\"@type\":\"ImageObject\",\"inLanguage\":\"fr-FR\",\"@id\":\"https:\/\/fumot.uk\/product\/strawberry-watermelon-uzy-tornado-20000-puffs\/#primaryimage\",\"url\":\"https:\/\/fumot.uk\/wp-content\/uploads\/2026\/01\/UZY-TORNADO-20000_Strawberry-Watermelon-Disposable-Vape-scaled-1.png\",\"contentUrl\":\"https:\/\/fumot.uk\/wp-content\/uploads\/2026\/01\/UZY-TORNADO-20000_Strawberry-Watermelon-Disposable-Vape-scaled-1.png\",\"width\":2560,\"height\":2560},{\"@type\":\"BreadcrumbList\",\"@id\":\"https:\/\/fumot.uk\/product\/strawberry-watermelon-uzy-tornado-20000-puffs\/#breadcrumb\",\"itemListElement\":[{\"@type\":\"ListItem\",\"position\":1,\"name\":\"Home\",\"item\":\"https:\/\/fumot.uk\/\"},{\"@type\":\"ListItem\",\"position\":2,\"name\":\"Shop\",\"item\":\"https:\/\/fumot.uk\/shop\/\"},{\"@type\":\"ListItem\",\"position\":3,\"name\":\"UZY Tornado 20000 Puffs Strawberry Watermelon Disposable Vape (28ml, 850mAh, Type\u2011C)\"}]},{\"@type\":\"WebSite\",\"@id\":\"https:\/\/fumot.uk\/#website\",\"url\":\"https:\/\/fumot.uk\/\",\"name\":\"Fumot Official Direct | Straight from the Factory, 100% Genuine\",\"description\":\"Official Website\",\"publisher\":{\"@id\":\"https:\/\/fumot.uk\/#organization\"},\"potentialAction\":[{\"@type\":\"SearchAction\",\"target\":{\"@type\":\"EntryPoint\",\"urlTemplate\":\"https:\/\/fumot.uk\/?s={search_term_string}\"},\"query-input\":{\"@type\":\"PropertyValueSpecification\",\"valueRequired\":true,\"valueName\":\"search_term_string\"}}],\"inLanguage\":\"fr-FR\"},{\"@type\":\"Organization\",\"@id\":\"https:\/\/fumot.uk\/#organization\",\"name\":\"Fumot Official Direct | Straight from the Factory, 100% Genuine\",\"url\":\"https:\/\/fumot.uk\/\",\"logo\":{\"@type\":\"ImageObject\",\"inLanguage\":\"fr-FR\",\"@id\":\"https:\/\/fumot.uk\/#\/schema\/logo\/image\/\",\"url\":\"https:\/\/fumot.uk\/wp-content\/uploads\/2026\/01\/cropped-fumot-logo1.png\",\"contentUrl\":\"https:\/\/fumot.uk\/wp-content\/uploads\/2026\/01\/cropped-fumot-logo1.png\",\"width\":152,\"height\":106,\"caption\":\"Fumot Official Direct | Straight from the Factory, 100% Genuine\"},\"image\":{\"@id\":\"https:\/\/fumot.uk\/#\/schema\/logo\/image\/\"}}]}<\/script>\n<!-- \/ Yoast SEO plugin. -->","yoast_head_json":{"title":"UZY Tornado 20000 Fraise Past\u00e8que | 28ml","description":"UZY Tornado 20000 Puffs Fraise Past\u00e8que vape jetable : 28ml pr\u00e9rempli, 850mAh rechargeable, Type\u2011C, bobine en maille, 0\u20135% nicotine.","robots":{"index":"index","follow":"follow","max-snippet":"max-snippet:-1","max-image-preview":"max-image-preview:large","max-video-preview":"max-video-preview:-1"},"canonical":"https:\/\/fumot.uk\/fr\/product\/strawberry-watermelon-uzy-tornado-20000-puffs\/","og_locale":"fr_FR","og_type":"article","og_title":"UZY Tornado 20000 Puffs \u2013 Strawberry Watermelon","og_description":"A bright strawberry inhale with a juicy watermelon finish. 28ml prefilled, 850mAh rechargeable, Type\u2011C charging, mesh coil, up to 20000 puffs.","og_url":"https:\/\/fumot.uk\/fr\/product\/strawberry-watermelon-uzy-tornado-20000-puffs\/","og_site_name":"Fumot Official Direct | Straight from the Factory, 100% Genuine","article_modified_time":"2026-01-20T09:19:23+00:00","og_image":[{"width":1024,"height":1024,"url":"https:\/\/fumot.uk\/wp-content\/uploads\/2026\/01\/UZY-TORNADO-20000_Strawberry-Watermelon-Disposable-Vape-scaled-1-1024x1024.png","type":"image\/png"}],"twitter_card":"summary_large_image","twitter_misc":{"Dur\u00e9e de lecture estim\u00e9e":"2 minutes"},"schema":{"@context":"https:\/\/schema.org","@graph":[{"@type":"WebPage","@id":"https:\/\/fumot.uk\/product\/strawberry-watermelon-uzy-tornado-20000-puffs\/","url":"https:\/\/fumot.uk\/product\/strawberry-watermelon-uzy-tornado-20000-puffs\/","name":"UZY Tornado 20000 Fraise Past\u00e8que | 28ml","isPartOf":{"@id":"https:\/\/fumot.uk\/#website"},"primaryImageOfPage":{"@id":"https:\/\/fumot.uk\/product\/strawberry-watermelon-uzy-tornado-20000-puffs\/#primaryimage"},"image":{"@id":"https:\/\/fumot.uk\/product\/strawberry-watermelon-uzy-tornado-20000-puffs\/#primaryimage"},"thumbnailUrl":"https:\/\/fumot.uk\/wp-content\/uploads\/2026\/01\/UZY-TORNADO-20000_Strawberry-Watermelon-Disposable-Vape-scaled-1.png","datePublished":"2026-01-20T08:21:11+00:00","dateModified":"2026-01-20T09:19:23+00:00","description":"UZY Tornado 20000 Puffs Fraise Past\u00e8que vape jetable : 28ml pr\u00e9rempli, 850mAh rechargeable, Type\u2011C, bobine en maille, 0\u20135% nicotine.","breadcrumb":{"@id":"https:\/\/fumot.uk\/product\/strawberry-watermelon-uzy-tornado-20000-puffs\/#breadcrumb"},"inLanguage":"fr-FR","potentialAction":[{"@type":"ReadAction","target":["https:\/\/fumot.uk\/product\/strawberry-watermelon-uzy-tornado-20000-puffs\/"]}]},{"@type":"ImageObject","inLanguage":"fr-FR","@id":"https:\/\/fumot.uk\/product\/strawberry-watermelon-uzy-tornado-20000-puffs\/#primaryimage","url":"https:\/\/fumot.uk\/wp-content\/uploads\/2026\/01\/UZY-TORNADO-20000_Strawberry-Watermelon-Disposable-Vape-scaled-1.png","contentUrl":"https:\/\/fumot.uk\/wp-content\/uploads\/2026\/01\/UZY-TORNADO-20000_Strawberry-Watermelon-Disposable-Vape-scaled-1.png","width":2560,"height":2560},{"@type":"BreadcrumbList","@id":"https:\/\/fumot.uk\/product\/strawberry-watermelon-uzy-tornado-20000-puffs\/#breadcrumb","itemListElement":[{"@type":"ListItem","position":1,"name":"Home","item":"https:\/\/fumot.uk\/"},{"@type":"ListItem","position":2,"name":"Shop","item":"https:\/\/fumot.uk\/shop\/"},{"@type":"ListItem","position":3,"name":"UZY Tornado 20000 Puffs Strawberry Watermelon Disposable Vape (28ml, 850mAh, Type\u2011C)"}]},{"@type":"WebSite","@id":"https:\/\/fumot.uk\/#website","url":"https:\/\/fumot.uk\/","name":"Fumot Official Direct | Directement de l'usine, 100% Authentique","description":"Site officiel","publisher":{"@id":"https:\/\/fumot.uk\/#organization"},"potentialAction":[{"@type":"SearchAction","target":{"@type":"EntryPoint","urlTemplate":"https:\/\/fumot.uk\/?s={search_term_string}"},"query-input":{"@type":"PropertyValueSpecification","valueRequired":true,"valueName":"search_term_string"}}],"inLanguage":"fr-FR"},{"@type":"Organization","@id":"https:\/\/fumot.uk\/#organization","name":"Fumot Official Direct | Directement de l'usine, 100% Authentique","url":"https:\/\/fumot.uk\/","logo":{"@type":"ImageObject","inLanguage":"fr-FR","@id":"https:\/\/fumot.uk\/#\/schema\/logo\/image\/","url":"https:\/\/fumot.uk\/wp-content\/uploads\/2026\/01\/cropped-fumot-logo1.png","contentUrl":"https:\/\/fumot.uk\/wp-content\/uploads\/2026\/01\/cropped-fumot-logo1.png","width":152,"height":106,"caption":"Fumot Official Direct | Straight from the Factory, 100% Genuine"},"image":{"@id":"https:\/\/fumot.uk\/#\/schema\/logo\/image\/"}}]}},"_links":{"self":[{"href":"https:\/\/fumot.uk\/fr\/wp-json\/wp\/v2\/product\/1669","targetHints":{"allow":["GET"]}}],"collection":[{"href":"https:\/\/fumot.uk\/fr\/wp-json\/wp\/v2\/product"}],"about":[{"href":"https:\/\/fumot.uk\/fr\/wp-json\/wp\/v2\/types\/product"}],"replies":[{"embeddable":true,"href":"https:\/\/fumot.uk\/fr\/wp-json\/wp\/v2\/comments?post=1669"}],"wp:featuredmedia":[{"embeddable":true,"href":"https:\/\/fumot.uk\/fr\/wp-json\/wp\/v2\/media\/1711"}],"wp:attachment":[{"href":"https:\/\/fumot.uk\/fr\/wp-json\/wp\/v2\/media?parent=1669"}],"wp:term":[{"taxonomy":"product_brand","embeddable":true,"href":"https:\/\/fumot.uk\/fr\/wp-json\/wp\/v2\/product_brand?post=1669"},{"taxonomy":"product_cat","embeddable":true,"href":"https:\/\/fumot.uk\/fr\/wp-json\/wp\/v2\/product_cat?post=1669"},{"taxonomy":"product_tag","embeddable":true,"href":"https:\/\/fumot.uk\/fr\/wp-json\/wp\/v2\/product_tag?post=1669"}],"curies":[{"name":"wp","href":"https:\/\/api.w.org\/{rel}","templated":true}]}}