{"id":1645,"date":"2026-01-20T08:20:46","date_gmt":"2026-01-20T08:20:46","guid":{"rendered":"https:\/\/fumot.uk\/?post_type=product&#038;p=1645"},"modified":"2026-01-20T09:26:04","modified_gmt":"2026-01-20T09:26:04","slug":"watermelon-ice-triple-melon-ice-strawberry-banana-uzy-triple-flavor-60000-puffs","status":"publish","type":"product","link":"https:\/\/fumot.uk\/fr\/product\/watermelon-ice-triple-melon-ice-strawberry-banana-uzy-triple-flavor-60000-puffs\/","title":{"rendered":"UZY Triple Flavor 60000 Puffs Vape Jetable (54ml) \u2013 Glace Past\u00e8que \/ Glace Triple Melon \/ Banane Fraise"},"content":{"rendered":"<h2>UZY Triple Flavor 60000 Puffs \u2013 Glace Past\u00e8que \/ Glace Triple Melon \/ Fraise Banane<\/h2>\n<p>Envie d'une rotation fruit\u00e9e sans transporter plusieurs appareils ? Le <strong>UZY Triple Flavor 60000 Puffs<\/strong> r\u00e9unit trois m\u00e9langes favoris du public dans une vape jetable rechargeable, aliment\u00e9e par un syst\u00e8me de chambre multi-saveurs et un dispositif de chauffage \u00e0 mailles lisses pour un go\u00fbt constant du premier au dernier tirage.<\/p>\n<h3>Trois Saveurs, Un Appareil<\/h3>\n<ul>\n<li><strong>Glace Past\u00e8que<\/strong> \u2013 douceur de past\u00e8que juteuse termin\u00e9e par une note de glace propre et rafra\u00eechissante pour une inhalation fra\u00eeche et nette.<\/li>\n<li><strong>Glace Triple Melon<\/strong> \u2013 un m\u00e9lange de melons en couches (pensez aux tons de style melon miel, cantaloup et past\u00e8que) associ\u00e9 \u00e0 une touche glac\u00e9e pour une vape lumineuse et fruit\u00e9e.<\/li>\n<li><strong>Fraise Banane<\/strong> \u2013 douceur de fraise m\u00fbre m\u00e9lang\u00e9e \u00e0 une onctuosit\u00e9 de banane pour un profil fruit\u00e9 doux et de type dessert.<\/li>\n<\/ul>\n<h3>Pourquoi Vous Aimerez le UZY Triple Flavor 60000<\/h3>\n<p>Son <strong>syst\u00e8me de saveurs \u00e0 trois chambres<\/strong> rend le changement de go\u00fbt rapide et sans effort\u2014id\u00e9al pour une utilisation toute la journ\u00e9e lorsque vous voulez de la vari\u00e9t\u00e9. Avec <strong>chauffage \u00e0 mailles<\/strong> con\u00e7u pour une production de vapeur uniforme et un <strong>\u00e9cran LED intelligent<\/strong> affichant les niveaux de batterie et de e-liquide, il est con\u00e7u pour la commodit\u00e9 et le contr\u00f4le.<\/p>\n<h3>Caract\u00e9ristiques cl\u00e9s<\/h3>\n<ul>\n<li><strong>Bouff\u00e9es :<\/strong> Jusqu'\u00e0 60000 (l'utilisation varie selon la longueur et le style de bouff\u00e9e)<\/li>\n<li><strong>Saveurs :<\/strong> 3-en-1 (Glace Past\u00e8que \/ Glace Triple Melon \/ Fraise Banane)<\/li>\n<li><strong>850mAh (rechargeable)<\/strong> 54ml au total (18ml + 18ml + 18ml)<\/li>\n<li><strong>Options de Nicotine :<\/strong> 0% \/ 2% \/ 3% \/ 5% (choisissez votre pr\u00e9f\u00e9rence)<\/li>\n<li><strong>Batterie :<\/strong> 850mAh<\/li>\n<li><strong>Chargement :<\/strong> Rechargeable USB Type-C<\/li>\n<li><strong>Affichage :<\/strong> \u00c9cran LED intelligent pour l'\u00e9tat de la batterie et du e-liquide<\/li>\n<li><strong>Options de Puissance :<\/strong> Version Pro et version Max disponibles<\/li>\n<\/ul>\n<h3>Explorez plus sur fumot.uk<\/h3>\n<p>Vous cherchez plus d'options rechargeables \u00e0 grande bouff\u00e9e ? Parcourez notre <a href=\"https:\/\/fumot.uk\/fr\/\" target=\"_blank\" rel=\"noopener\">derni\u00e8re s\u00e9lection de vapes jetables sur fumot.uk<\/a> pour de nouvelles saveurs et des choix hebdomadaires.<\/p>\n<p><em>Remarque : Les sp\u00e9cifications du produit peuvent varier selon le lot\/la version. Choisissez toujours la force de nicotine qui correspond \u00e0 vos besoins.<\/em><\/p>","protected":false},"excerpt":{"rendered":"<p>UZY Triple Flavor 60000 Puffs vape jetable avec 54ml (3\u00d718ml) et un syst\u00e8me \u00e0 3 saveurs : Glace Past\u00e8que, Triple Glace Melon &amp; Banane Fraise. Rechargeable 850mAh Type\u2011C avec \u00e9cran LED intelligent. Options de nicotine : 0\/2\/3\/5%.<\/p>","protected":false},"featured_media":1686,"comment_status":"open","ping_status":"closed","template":"","meta":[],"product_brand":[],"product_cat":[115,116,17],"product_tag":[117,20,57,22,72,73,29,78,30,26,37,118,28,32],"class_list":{"0":"post-1645","1":"product","2":"type-product","3":"status-publish","4":"has-post-thumbnail","6":"product_cat-60000-puff","7":"product_cat-uzy-triple-flavor-60000-puffs","8":"product_cat-vape","9":"product_tag-54ml","10":"product_tag-850mah","11":"product_tag-banana","12":"product_tag-blue-razz","13":"product_tag-direct-to-lung","14":"product_tag-dual-mesh","15":"product_tag-ice","16":"product_tag-melon","17":"product_tag-peach","18":"product_tag-rechargeable","19":"product_tag-strawberry","20":"product_tag-triple-flavor","21":"product_tag-type-c","22":"product_tag-watermelon","24":"first","25":"instock","26":"sale","27":"shipping-taxable","28":"purchasable","29":"product-type-variable"},"yoast_head":"<!-- This site is optimized with the Yoast SEO plugin v26.8 - https:\/\/yoast.com\/product\/yoast-seo-wordpress\/ -->\n<title>UZY Triple Flavor 60000 Puffs \u2013 3 Flavors, 54ml<\/title>\n<meta name=\"description\" content=\"UZY Triple Flavor 60000 Puffs with 3-in-1 flavors: Watermelon Ice, Triple Melon Ice, Strawberry Banana. 54ml, 850mAh Type\u2011C, LED screen. 0\/2\/3\/5%.\" \/>\n<meta name=\"robots\" content=\"index, follow, max-snippet:-1, max-image-preview:large, max-video-preview:-1\" \/>\n<link rel=\"canonical\" href=\"https:\/\/fumot.uk\/fr\/product\/watermelon-ice-triple-melon-ice-strawberry-banana-uzy-triple-flavor-60000-puffs\/\" \/>\n<meta property=\"og:locale\" content=\"fr_FR\" \/>\n<meta property=\"og:type\" content=\"article\" \/>\n<meta property=\"og:title\" content=\"UZY Triple Flavor 60000 Puffs \u2013 Watermelon Ice, Triple Melon Ice &amp; Strawberry Banana\" \/>\n<meta property=\"og:description\" content=\"One device, three fruity favorites. 54ml total e-liquid, 850mAh Type\u2011C rechargeable, smart LED display, and nicotine options 0\/2\/3\/5%.\" \/>\n<meta property=\"og:url\" content=\"https:\/\/fumot.uk\/fr\/product\/watermelon-ice-triple-melon-ice-strawberry-banana-uzy-triple-flavor-60000-puffs\/\" \/>\n<meta property=\"og:site_name\" content=\"Fumot Official Direct | Straight from the Factory, 100% Genuine\" \/>\n<meta property=\"article:modified_time\" content=\"2026-01-20T09:26:04+00:00\" \/>\n<meta property=\"og:image\" content=\"https:\/\/fumot.uk\/wp-content\/uploads\/2026\/01\/Watermelon-Ice-Triple-Melon-Ice-Strawberry-Banana-UZY-Triple-Flavor-30000-Puffs-Disposable-Vape.jpg\" \/>\n\t<meta property=\"og:image:width\" content=\"1630\" \/>\n\t<meta property=\"og:image:height\" content=\"1630\" \/>\n\t<meta property=\"og:image:type\" content=\"image\/jpeg\" \/>\n<meta name=\"twitter:card\" content=\"summary_large_image\" \/>\n<meta name=\"twitter:label1\" content=\"Dur\u00e9e de lecture estim\u00e9e\" \/>\n\t<meta name=\"twitter:data1\" content=\"2 minutes\" \/>\n<script type=\"application\/ld+json\" class=\"yoast-schema-graph\">{\"@context\":\"https:\/\/schema.org\",\"@graph\":[{\"@type\":\"WebPage\",\"@id\":\"https:\/\/fumot.uk\/product\/watermelon-ice-triple-melon-ice-strawberry-banana-uzy-triple-flavor-60000-puffs\/\",\"url\":\"https:\/\/fumot.uk\/product\/watermelon-ice-triple-melon-ice-strawberry-banana-uzy-triple-flavor-60000-puffs\/\",\"name\":\"UZY Triple Flavor 60000 Puffs \u2013 3 Flavors, 54ml\",\"isPartOf\":{\"@id\":\"https:\/\/fumot.uk\/#website\"},\"primaryImageOfPage\":{\"@id\":\"https:\/\/fumot.uk\/product\/watermelon-ice-triple-melon-ice-strawberry-banana-uzy-triple-flavor-60000-puffs\/#primaryimage\"},\"image\":{\"@id\":\"https:\/\/fumot.uk\/product\/watermelon-ice-triple-melon-ice-strawberry-banana-uzy-triple-flavor-60000-puffs\/#primaryimage\"},\"thumbnailUrl\":\"https:\/\/fumot.uk\/wp-content\/uploads\/2026\/01\/Watermelon-Ice-Triple-Melon-Ice-Strawberry-Banana-UZY-Triple-Flavor-30000-Puffs-Disposable-Vape.jpg\",\"datePublished\":\"2026-01-20T08:20:46+00:00\",\"dateModified\":\"2026-01-20T09:26:04+00:00\",\"description\":\"UZY Triple Flavor 60000 Puffs with 3-in-1 flavors: Watermelon Ice, Triple Melon Ice, Strawberry Banana. 54ml, 850mAh Type\u2011C, LED screen. 0\/2\/3\/5%.\",\"breadcrumb\":{\"@id\":\"https:\/\/fumot.uk\/product\/watermelon-ice-triple-melon-ice-strawberry-banana-uzy-triple-flavor-60000-puffs\/#breadcrumb\"},\"inLanguage\":\"fr-FR\",\"potentialAction\":[{\"@type\":\"ReadAction\",\"target\":[\"https:\/\/fumot.uk\/product\/watermelon-ice-triple-melon-ice-strawberry-banana-uzy-triple-flavor-60000-puffs\/\"]}]},{\"@type\":\"ImageObject\",\"inLanguage\":\"fr-FR\",\"@id\":\"https:\/\/fumot.uk\/product\/watermelon-ice-triple-melon-ice-strawberry-banana-uzy-triple-flavor-60000-puffs\/#primaryimage\",\"url\":\"https:\/\/fumot.uk\/wp-content\/uploads\/2026\/01\/Watermelon-Ice-Triple-Melon-Ice-Strawberry-Banana-UZY-Triple-Flavor-30000-Puffs-Disposable-Vape.jpg\",\"contentUrl\":\"https:\/\/fumot.uk\/wp-content\/uploads\/2026\/01\/Watermelon-Ice-Triple-Melon-Ice-Strawberry-Banana-UZY-Triple-Flavor-30000-Puffs-Disposable-Vape.jpg\",\"width\":1630,\"height\":1630},{\"@type\":\"BreadcrumbList\",\"@id\":\"https:\/\/fumot.uk\/product\/watermelon-ice-triple-melon-ice-strawberry-banana-uzy-triple-flavor-60000-puffs\/#breadcrumb\",\"itemListElement\":[{\"@type\":\"ListItem\",\"position\":1,\"name\":\"Home\",\"item\":\"https:\/\/fumot.uk\/\"},{\"@type\":\"ListItem\",\"position\":2,\"name\":\"Shop\",\"item\":\"https:\/\/fumot.uk\/shop\/\"},{\"@type\":\"ListItem\",\"position\":3,\"name\":\"UZY Triple Flavor 60000 Puffs Disposable Vape (54ml) \u2013 Watermelon Ice \/ Triple Melon Ice \/ Strawberry Banana\"}]},{\"@type\":\"WebSite\",\"@id\":\"https:\/\/fumot.uk\/#website\",\"url\":\"https:\/\/fumot.uk\/\",\"name\":\"Fumot Official Direct | Straight from the Factory, 100% Genuine\",\"description\":\"Official Website\",\"publisher\":{\"@id\":\"https:\/\/fumot.uk\/#organization\"},\"potentialAction\":[{\"@type\":\"SearchAction\",\"target\":{\"@type\":\"EntryPoint\",\"urlTemplate\":\"https:\/\/fumot.uk\/?s={search_term_string}\"},\"query-input\":{\"@type\":\"PropertyValueSpecification\",\"valueRequired\":true,\"valueName\":\"search_term_string\"}}],\"inLanguage\":\"fr-FR\"},{\"@type\":\"Organization\",\"@id\":\"https:\/\/fumot.uk\/#organization\",\"name\":\"Fumot Official Direct | Straight from the Factory, 100% Genuine\",\"url\":\"https:\/\/fumot.uk\/\",\"logo\":{\"@type\":\"ImageObject\",\"inLanguage\":\"fr-FR\",\"@id\":\"https:\/\/fumot.uk\/#\/schema\/logo\/image\/\",\"url\":\"https:\/\/fumot.uk\/wp-content\/uploads\/2026\/01\/cropped-fumot-logo1.png\",\"contentUrl\":\"https:\/\/fumot.uk\/wp-content\/uploads\/2026\/01\/cropped-fumot-logo1.png\",\"width\":152,\"height\":106,\"caption\":\"Fumot Official Direct | Straight from the Factory, 100% Genuine\"},\"image\":{\"@id\":\"https:\/\/fumot.uk\/#\/schema\/logo\/image\/\"}}]}<\/script>\n<!-- \/ Yoast SEO plugin. -->","yoast_head_json":{"title":"UZY Triple Saveur 60000 Bouff\u00e9es \u2013 3 Saveurs, 54ml","description":"UZY Triple Saveur 60000 Bouff\u00e9es avec 3 saveurs en 1 : Glace Past\u00e8que, Triple Melon Glac\u00e9, Banane Fraise. 54ml, 850mAh Type\u2011C, \u00e9cran LED. 0\/2\/3\/5%.","robots":{"index":"index","follow":"follow","max-snippet":"max-snippet:-1","max-image-preview":"max-image-preview:large","max-video-preview":"max-video-preview:-1"},"canonical":"https:\/\/fumot.uk\/fr\/product\/watermelon-ice-triple-melon-ice-strawberry-banana-uzy-triple-flavor-60000-puffs\/","og_locale":"fr_FR","og_type":"article","og_title":"UZY Triple Flavor 60000 Puffs \u2013 Watermelon Ice, Triple Melon Ice & Strawberry Banana","og_description":"One device, three fruity favorites. 54ml total e-liquid, 850mAh Type\u2011C rechargeable, smart LED display, and nicotine options 0\/2\/3\/5%.","og_url":"https:\/\/fumot.uk\/fr\/product\/watermelon-ice-triple-melon-ice-strawberry-banana-uzy-triple-flavor-60000-puffs\/","og_site_name":"Fumot Official Direct | Straight from the Factory, 100% Genuine","article_modified_time":"2026-01-20T09:26:04+00:00","og_image":[{"width":1630,"height":1630,"url":"https:\/\/fumot.uk\/wp-content\/uploads\/2026\/01\/Watermelon-Ice-Triple-Melon-Ice-Strawberry-Banana-UZY-Triple-Flavor-30000-Puffs-Disposable-Vape.jpg","type":"image\/jpeg"}],"twitter_card":"summary_large_image","twitter_misc":{"Dur\u00e9e de lecture estim\u00e9e":"2 minutes"},"schema":{"@context":"https:\/\/schema.org","@graph":[{"@type":"WebPage","@id":"https:\/\/fumot.uk\/product\/watermelon-ice-triple-melon-ice-strawberry-banana-uzy-triple-flavor-60000-puffs\/","url":"https:\/\/fumot.uk\/product\/watermelon-ice-triple-melon-ice-strawberry-banana-uzy-triple-flavor-60000-puffs\/","name":"UZY Triple Saveur 60000 Bouff\u00e9es \u2013 3 Saveurs, 54ml","isPartOf":{"@id":"https:\/\/fumot.uk\/#website"},"primaryImageOfPage":{"@id":"https:\/\/fumot.uk\/product\/watermelon-ice-triple-melon-ice-strawberry-banana-uzy-triple-flavor-60000-puffs\/#primaryimage"},"image":{"@id":"https:\/\/fumot.uk\/product\/watermelon-ice-triple-melon-ice-strawberry-banana-uzy-triple-flavor-60000-puffs\/#primaryimage"},"thumbnailUrl":"https:\/\/fumot.uk\/wp-content\/uploads\/2026\/01\/Watermelon-Ice-Triple-Melon-Ice-Strawberry-Banana-UZY-Triple-Flavor-30000-Puffs-Disposable-Vape.jpg","datePublished":"2026-01-20T08:20:46+00:00","dateModified":"2026-01-20T09:26:04+00:00","description":"UZY Triple Saveur 60000 Bouff\u00e9es avec 3 saveurs en 1 : Glace Past\u00e8que, Triple Melon Glac\u00e9, Banane Fraise. 54ml, 850mAh Type\u2011C, \u00e9cran LED. 0\/2\/3\/5%.","breadcrumb":{"@id":"https:\/\/fumot.uk\/product\/watermelon-ice-triple-melon-ice-strawberry-banana-uzy-triple-flavor-60000-puffs\/#breadcrumb"},"inLanguage":"fr-FR","potentialAction":[{"@type":"ReadAction","target":["https:\/\/fumot.uk\/product\/watermelon-ice-triple-melon-ice-strawberry-banana-uzy-triple-flavor-60000-puffs\/"]}]},{"@type":"ImageObject","inLanguage":"fr-FR","@id":"https:\/\/fumot.uk\/product\/watermelon-ice-triple-melon-ice-strawberry-banana-uzy-triple-flavor-60000-puffs\/#primaryimage","url":"https:\/\/fumot.uk\/wp-content\/uploads\/2026\/01\/Watermelon-Ice-Triple-Melon-Ice-Strawberry-Banana-UZY-Triple-Flavor-30000-Puffs-Disposable-Vape.jpg","contentUrl":"https:\/\/fumot.uk\/wp-content\/uploads\/2026\/01\/Watermelon-Ice-Triple-Melon-Ice-Strawberry-Banana-UZY-Triple-Flavor-30000-Puffs-Disposable-Vape.jpg","width":1630,"height":1630},{"@type":"BreadcrumbList","@id":"https:\/\/fumot.uk\/product\/watermelon-ice-triple-melon-ice-strawberry-banana-uzy-triple-flavor-60000-puffs\/#breadcrumb","itemListElement":[{"@type":"ListItem","position":1,"name":"Home","item":"https:\/\/fumot.uk\/"},{"@type":"ListItem","position":2,"name":"Shop","item":"https:\/\/fumot.uk\/shop\/"},{"@type":"ListItem","position":3,"name":"UZY Triple Flavor 60000 Puffs Disposable Vape (54ml) \u2013 Watermelon Ice \/ Triple Melon Ice \/ Strawberry Banana"}]},{"@type":"WebSite","@id":"https:\/\/fumot.uk\/#website","url":"https:\/\/fumot.uk\/","name":"Fumot Official Direct | Directement de l'usine, 100% Authentique","description":"Site officiel","publisher":{"@id":"https:\/\/fumot.uk\/#organization"},"potentialAction":[{"@type":"SearchAction","target":{"@type":"EntryPoint","urlTemplate":"https:\/\/fumot.uk\/?s={search_term_string}"},"query-input":{"@type":"PropertyValueSpecification","valueRequired":true,"valueName":"search_term_string"}}],"inLanguage":"fr-FR"},{"@type":"Organization","@id":"https:\/\/fumot.uk\/#organization","name":"Fumot Official Direct | Directement de l'usine, 100% Authentique","url":"https:\/\/fumot.uk\/","logo":{"@type":"ImageObject","inLanguage":"fr-FR","@id":"https:\/\/fumot.uk\/#\/schema\/logo\/image\/","url":"https:\/\/fumot.uk\/wp-content\/uploads\/2026\/01\/cropped-fumot-logo1.png","contentUrl":"https:\/\/fumot.uk\/wp-content\/uploads\/2026\/01\/cropped-fumot-logo1.png","width":152,"height":106,"caption":"Fumot Official Direct | Straight from the Factory, 100% Genuine"},"image":{"@id":"https:\/\/fumot.uk\/#\/schema\/logo\/image\/"}}]}},"_links":{"self":[{"href":"https:\/\/fumot.uk\/fr\/wp-json\/wp\/v2\/product\/1645","targetHints":{"allow":["GET"]}}],"collection":[{"href":"https:\/\/fumot.uk\/fr\/wp-json\/wp\/v2\/product"}],"about":[{"href":"https:\/\/fumot.uk\/fr\/wp-json\/wp\/v2\/types\/product"}],"replies":[{"embeddable":true,"href":"https:\/\/fumot.uk\/fr\/wp-json\/wp\/v2\/comments?post=1645"}],"wp:featuredmedia":[{"embeddable":true,"href":"https:\/\/fumot.uk\/fr\/wp-json\/wp\/v2\/media\/1686"}],"wp:attachment":[{"href":"https:\/\/fumot.uk\/fr\/wp-json\/wp\/v2\/media?parent=1645"}],"wp:term":[{"taxonomy":"product_brand","embeddable":true,"href":"https:\/\/fumot.uk\/fr\/wp-json\/wp\/v2\/product_brand?post=1645"},{"taxonomy":"product_cat","embeddable":true,"href":"https:\/\/fumot.uk\/fr\/wp-json\/wp\/v2\/product_cat?post=1645"},{"taxonomy":"product_tag","embeddable":true,"href":"https:\/\/fumot.uk\/fr\/wp-json\/wp\/v2\/product_tag?post=1645"}],"curies":[{"name":"wp","href":"https:\/\/api.w.org\/{rel}","templated":true}]}}