{"id":117,"date":"2026-01-20T02:40:34","date_gmt":"2026-01-20T02:40:34","guid":{"rendered":"https:\/\/fumot.uk\/?post_type=product&#038;p=117"},"modified":"2026-01-20T07:15:28","modified_gmt":"2026-01-20T07:15:28","slug":"cool-mint-randm-tornado-12000-puffs","status":"publish","type":"product","link":"https:\/\/fumot.uk\/fr\/product\/cool-mint-randm-tornado-12000-puffs\/","title":{"rendered":"RAndM Tornado 12000 Puffs Cool Mint Vape Jetable (20ml, \u00c9cran LED, 850mAh, R\u00e9sistance en Maille)"},"content":{"rendered":"<p><strong>RAndM Tornado 12000 Puffs Cool Mint<\/strong> est une grande capacit\u00e9 <strong>vape jetable de 12000 bouff\u00e9es<\/strong> con\u00e7u pour une saveur douce et constante du premier au dernier tirage. Avec un intelligent <strong>affichage LED<\/strong> affichant les niveaux de batterie et de e-liquide en temps r\u00e9el, vous savez toujours o\u00f9 vous en \u00eates\u2014pas de devinettes, pas de surprises.<\/p>\n<p><strong>Cool Mint<\/strong> offre un go\u00fbt de menthe poivr\u00e9e croquant avec une finition propre et rafra\u00eechissante. C\u2019est frais, simple, et id\u00e9al pour quiconque aime une menthe glac\u00e9e et revigorante sans douceur excessive. Chaque bouff\u00e9e est lumineuse et rafra\u00eechissante\u2014parfait pour une utilisation quotidienne.<\/p>\n<h3>Caract\u00e9ristiques cl\u00e9s<\/h3>\n<ul>\n<li><strong>Jusqu'\u00e0 12000 bouff\u00e9es<\/strong> par appareil<\/li>\n<li><strong>Cool Mint<\/strong> saveur : menthe rafra\u00eechissante avec un effet de refroidissement<\/li>\n<li><strong>20ml d'e-liquide<\/strong> capacit\u00e9<\/li>\n<li><strong>Options de sel de nicotine :<\/strong> 0% \/ 2% \/ 3% \/ 5%<\/li>\n<li><strong>Bobine en maille<\/strong> pour une vapeur plus douce et une saveur plus pleine<\/li>\n<li><strong>affichage LED<\/strong> pour l'\u00e9tat de la batterie et du e-liquide<\/li>\n<li><strong>Batterie rechargeable de 850mAh<\/strong><\/li>\n<li><strong>charge Type-C<\/strong> (c\u00e2ble non sp\u00e9cifi\u00e9)<\/li>\n<li>Partie d'une gamme plus large avec <strong>40 saveurs disponibles<\/strong><\/li>\n<\/ul>\n<h3>Pourquoi choisir le RAndM Tornado 12000 Cool Mint ?<\/h3>\n<p>Si vous voulez une <strong>vape jetable \u00e0 la menthe<\/strong> qui reste constante et facile \u00e0 g\u00e9rer, ce mod\u00e8le se distingue gr\u00e2ce \u00e0 son affichage, sa grande capacit\u00e9 de e-liquide et sa performance de bobine en mesh ax\u00e9e sur la saveur. C\u2019est un excellent choix pour les amateurs de menthe qui pr\u00e9f\u00e8rent un profil propre et frais.<\/p>\n<p>D\u00e9couvrez plus de saveurs et d'options de vapes jetables sur <a href=\"https:\/\/fumot.uk\/fr\/\">fumot.uk<\/a>. Vous pouvez \u00e9galement parcourir notre s\u00e9lection compl\u00e8te de <a href=\"https:\/\/fumot.uk\/fr\/collections\/disposable-vape\/\">vapes jetables<\/a> et d\u00e9couvrir plus de la <a href=\"https:\/\/fumot.uk\/fr\/collections\/randm\/\">gamme RAndM<\/a> .<\/p>\n<p><strong>Prix :<\/strong> \u00a312.23<\/p>","protected":false},"excerpt":{"rendered":"<p>RAndM Tornado 12000 Puffs Cool Mint : une vape jetable \u00e0 la menthe rafra\u00eechissante avec affichage LED de la batterie\/e-liquide, 20ml d'e-liquide, bobine en maille, et batterie rechargeable 850mAh Type-C. Sel de nicotine : 0\/2\/3\/5%.<\/p>","protected":false},"featured_media":173,"comment_status":"open","ping_status":"closed","template":"","meta":[],"product_brand":[],"product_cat":[58,59,17],"product_tag":[60,20,23,25,61,26,62,28],"class_list":{"0":"post-117","1":"product","2":"type-product","3":"status-publish","4":"has-post-thumbnail","6":"product_cat-12000-puff","7":"product_cat-randm-tornado-12000-puffs","8":"product_cat-vape","9":"product_tag-20ml","10":"product_tag-850mah","11":"product_tag-display","12":"product_tag-mesh-coil","13":"product_tag-mint","14":"product_tag-rechargeable","15":"product_tag-sale-vape","16":"product_tag-type-c","18":"first","19":"instock","20":"sale","21":"shipping-taxable","22":"purchasable","23":"product-type-variable","24":"has-default-attributes"},"yoast_head":"<!-- This site is optimized with the Yoast SEO plugin v26.8 - https:\/\/yoast.com\/product\/yoast-seo-wordpress\/ -->\n<title>RAndM Tornado 12000 Cool Mint | 12000 Puff Disposable Vape<\/title>\n<meta name=\"description\" content=\"RAndM Tornado 12000 Puffs Cool Mint disposable vape: 20ml e-liquid, LED display, mesh coil, 850mAh rechargeable Type-C. Nic salt 0\/2\/3\/5%.\" \/>\n<meta name=\"robots\" content=\"index, follow, max-snippet:-1, max-image-preview:large, max-video-preview:-1\" \/>\n<link rel=\"canonical\" href=\"https:\/\/fumot.uk\/fr\/product\/cool-mint-randm-tornado-12000-puffs\/\" \/>\n<meta property=\"og:locale\" content=\"fr_FR\" \/>\n<meta property=\"og:type\" content=\"article\" \/>\n<meta property=\"og:title\" content=\"RAndM Tornado 12000 Puffs Cool Mint Disposable Vape\" \/>\n<meta property=\"og:description\" content=\"Crisp, icy Cool Mint with mesh coil smoothness, 20ml e-liquid, LED battery\/e-liquid display and a rechargeable 850mAh Type-C battery. Up to 12000 puffs.\" \/>\n<meta property=\"og:url\" content=\"https:\/\/fumot.uk\/fr\/product\/cool-mint-randm-tornado-12000-puffs\/\" \/>\n<meta property=\"og:site_name\" content=\"Fumot Official Direct | Straight from the Factory, 100% Genuine\" \/>\n<meta property=\"article:modified_time\" content=\"2026-01-20T07:15:28+00:00\" \/>\n<meta property=\"og:image\" content=\"https:\/\/fumot.uk\/wp-content\/uploads\/2026\/01\/Randm-Tornado-12000-Puffs-Cool-Mint-Disposable-Vape.jpg\" \/>\n\t<meta property=\"og:image:width\" content=\"2000\" \/>\n\t<meta property=\"og:image:height\" content=\"2000\" \/>\n\t<meta property=\"og:image:type\" content=\"image\/jpeg\" \/>\n<meta name=\"twitter:card\" content=\"summary_large_image\" \/>\n<meta name=\"twitter:label1\" content=\"Dur\u00e9e de lecture estim\u00e9e\" \/>\n\t<meta name=\"twitter:data1\" content=\"2 minutes\" \/>\n<script type=\"application\/ld+json\" class=\"yoast-schema-graph\">{\"@context\":\"https:\/\/schema.org\",\"@graph\":[{\"@type\":\"WebPage\",\"@id\":\"https:\/\/fumot.uk\/product\/cool-mint-randm-tornado-12000-puffs\/\",\"url\":\"https:\/\/fumot.uk\/product\/cool-mint-randm-tornado-12000-puffs\/\",\"name\":\"RAndM Tornado 12000 Cool Mint | 12000 Puff Disposable Vape\",\"isPartOf\":{\"@id\":\"https:\/\/fumot.uk\/#website\"},\"primaryImageOfPage\":{\"@id\":\"https:\/\/fumot.uk\/product\/cool-mint-randm-tornado-12000-puffs\/#primaryimage\"},\"image\":{\"@id\":\"https:\/\/fumot.uk\/product\/cool-mint-randm-tornado-12000-puffs\/#primaryimage\"},\"thumbnailUrl\":\"https:\/\/fumot.uk\/wp-content\/uploads\/2026\/01\/Randm-Tornado-12000-Puffs-Cool-Mint-Disposable-Vape.jpg\",\"datePublished\":\"2026-01-20T02:40:34+00:00\",\"dateModified\":\"2026-01-20T07:15:28+00:00\",\"description\":\"RAndM Tornado 12000 Puffs Cool Mint disposable vape: 20ml e-liquid, LED display, mesh coil, 850mAh rechargeable Type-C. Nic salt 0\/2\/3\/5%.\",\"breadcrumb\":{\"@id\":\"https:\/\/fumot.uk\/product\/cool-mint-randm-tornado-12000-puffs\/#breadcrumb\"},\"inLanguage\":\"fr-FR\",\"potentialAction\":[{\"@type\":\"ReadAction\",\"target\":[\"https:\/\/fumot.uk\/product\/cool-mint-randm-tornado-12000-puffs\/\"]}]},{\"@type\":\"ImageObject\",\"inLanguage\":\"fr-FR\",\"@id\":\"https:\/\/fumot.uk\/product\/cool-mint-randm-tornado-12000-puffs\/#primaryimage\",\"url\":\"https:\/\/fumot.uk\/wp-content\/uploads\/2026\/01\/Randm-Tornado-12000-Puffs-Cool-Mint-Disposable-Vape.jpg\",\"contentUrl\":\"https:\/\/fumot.uk\/wp-content\/uploads\/2026\/01\/Randm-Tornado-12000-Puffs-Cool-Mint-Disposable-Vape.jpg\",\"width\":2000,\"height\":2000},{\"@type\":\"BreadcrumbList\",\"@id\":\"https:\/\/fumot.uk\/product\/cool-mint-randm-tornado-12000-puffs\/#breadcrumb\",\"itemListElement\":[{\"@type\":\"ListItem\",\"position\":1,\"name\":\"Home\",\"item\":\"https:\/\/fumot.uk\/\"},{\"@type\":\"ListItem\",\"position\":2,\"name\":\"Shop\",\"item\":\"https:\/\/fumot.uk\/shop\/\"},{\"@type\":\"ListItem\",\"position\":3,\"name\":\"RAndM Tornado 12000 Puffs Cool Mint Disposable Vape (20ml, LED Display, 850mAh, Mesh Coil)\"}]},{\"@type\":\"WebSite\",\"@id\":\"https:\/\/fumot.uk\/#website\",\"url\":\"https:\/\/fumot.uk\/\",\"name\":\"Fumot Official Direct | Straight from the Factory, 100% Genuine\",\"description\":\"Official Website\",\"publisher\":{\"@id\":\"https:\/\/fumot.uk\/#organization\"},\"potentialAction\":[{\"@type\":\"SearchAction\",\"target\":{\"@type\":\"EntryPoint\",\"urlTemplate\":\"https:\/\/fumot.uk\/?s={search_term_string}\"},\"query-input\":{\"@type\":\"PropertyValueSpecification\",\"valueRequired\":true,\"valueName\":\"search_term_string\"}}],\"inLanguage\":\"fr-FR\"},{\"@type\":\"Organization\",\"@id\":\"https:\/\/fumot.uk\/#organization\",\"name\":\"Fumot Official Direct | Straight from the Factory, 100% Genuine\",\"url\":\"https:\/\/fumot.uk\/\",\"logo\":{\"@type\":\"ImageObject\",\"inLanguage\":\"fr-FR\",\"@id\":\"https:\/\/fumot.uk\/#\/schema\/logo\/image\/\",\"url\":\"https:\/\/fumot.uk\/wp-content\/uploads\/2026\/01\/cropped-fumot-logo1.png\",\"contentUrl\":\"https:\/\/fumot.uk\/wp-content\/uploads\/2026\/01\/cropped-fumot-logo1.png\",\"width\":152,\"height\":106,\"caption\":\"Fumot Official Direct | Straight from the Factory, 100% Genuine\"},\"image\":{\"@id\":\"https:\/\/fumot.uk\/#\/schema\/logo\/image\/\"}}]}<\/script>\n<!-- \/ Yoast SEO plugin. -->","yoast_head_json":{"title":"RAndM Tornado 12000 Menthe Fra\u00eeche | Vape Jetable 12000 Puff","description":"RAndM Tornado 12000 Puffs Cool Mint vape jetable : 20ml e-liquide, \u00e9cran LED, bobine en maille, 850mAh rechargeable Type-C. Nic sel 0\/2\/3\/5%.","robots":{"index":"index","follow":"follow","max-snippet":"max-snippet:-1","max-image-preview":"max-image-preview:large","max-video-preview":"max-video-preview:-1"},"canonical":"https:\/\/fumot.uk\/fr\/product\/cool-mint-randm-tornado-12000-puffs\/","og_locale":"fr_FR","og_type":"article","og_title":"RAndM Tornado 12000 Puffs Cool Mint Disposable Vape","og_description":"Crisp, icy Cool Mint with mesh coil smoothness, 20ml e-liquid, LED battery\/e-liquid display and a rechargeable 850mAh Type-C battery. Up to 12000 puffs.","og_url":"https:\/\/fumot.uk\/fr\/product\/cool-mint-randm-tornado-12000-puffs\/","og_site_name":"Fumot Official Direct | Straight from the Factory, 100% Genuine","article_modified_time":"2026-01-20T07:15:28+00:00","og_image":[{"width":2000,"height":2000,"url":"https:\/\/fumot.uk\/wp-content\/uploads\/2026\/01\/Randm-Tornado-12000-Puffs-Cool-Mint-Disposable-Vape.jpg","type":"image\/jpeg"}],"twitter_card":"summary_large_image","twitter_misc":{"Dur\u00e9e de lecture estim\u00e9e":"2 minutes"},"schema":{"@context":"https:\/\/schema.org","@graph":[{"@type":"WebPage","@id":"https:\/\/fumot.uk\/product\/cool-mint-randm-tornado-12000-puffs\/","url":"https:\/\/fumot.uk\/product\/cool-mint-randm-tornado-12000-puffs\/","name":"RAndM Tornado 12000 Menthe Fra\u00eeche | Vape Jetable 12000 Puff","isPartOf":{"@id":"https:\/\/fumot.uk\/#website"},"primaryImageOfPage":{"@id":"https:\/\/fumot.uk\/product\/cool-mint-randm-tornado-12000-puffs\/#primaryimage"},"image":{"@id":"https:\/\/fumot.uk\/product\/cool-mint-randm-tornado-12000-puffs\/#primaryimage"},"thumbnailUrl":"https:\/\/fumot.uk\/wp-content\/uploads\/2026\/01\/Randm-Tornado-12000-Puffs-Cool-Mint-Disposable-Vape.jpg","datePublished":"2026-01-20T02:40:34+00:00","dateModified":"2026-01-20T07:15:28+00:00","description":"RAndM Tornado 12000 Puffs Cool Mint vape jetable : 20ml e-liquide, \u00e9cran LED, bobine en maille, 850mAh rechargeable Type-C. Nic sel 0\/2\/3\/5%.","breadcrumb":{"@id":"https:\/\/fumot.uk\/product\/cool-mint-randm-tornado-12000-puffs\/#breadcrumb"},"inLanguage":"fr-FR","potentialAction":[{"@type":"ReadAction","target":["https:\/\/fumot.uk\/product\/cool-mint-randm-tornado-12000-puffs\/"]}]},{"@type":"ImageObject","inLanguage":"fr-FR","@id":"https:\/\/fumot.uk\/product\/cool-mint-randm-tornado-12000-puffs\/#primaryimage","url":"https:\/\/fumot.uk\/wp-content\/uploads\/2026\/01\/Randm-Tornado-12000-Puffs-Cool-Mint-Disposable-Vape.jpg","contentUrl":"https:\/\/fumot.uk\/wp-content\/uploads\/2026\/01\/Randm-Tornado-12000-Puffs-Cool-Mint-Disposable-Vape.jpg","width":2000,"height":2000},{"@type":"BreadcrumbList","@id":"https:\/\/fumot.uk\/product\/cool-mint-randm-tornado-12000-puffs\/#breadcrumb","itemListElement":[{"@type":"ListItem","position":1,"name":"Home","item":"https:\/\/fumot.uk\/"},{"@type":"ListItem","position":2,"name":"Shop","item":"https:\/\/fumot.uk\/shop\/"},{"@type":"ListItem","position":3,"name":"RAndM Tornado 12000 Puffs Cool Mint Disposable Vape (20ml, LED Display, 850mAh, Mesh Coil)"}]},{"@type":"WebSite","@id":"https:\/\/fumot.uk\/#website","url":"https:\/\/fumot.uk\/","name":"Fumot Official Direct | Directement de l'usine, 100% Authentique","description":"Site officiel","publisher":{"@id":"https:\/\/fumot.uk\/#organization"},"potentialAction":[{"@type":"SearchAction","target":{"@type":"EntryPoint","urlTemplate":"https:\/\/fumot.uk\/?s={search_term_string}"},"query-input":{"@type":"PropertyValueSpecification","valueRequired":true,"valueName":"search_term_string"}}],"inLanguage":"fr-FR"},{"@type":"Organization","@id":"https:\/\/fumot.uk\/#organization","name":"Fumot Official Direct | Directement de l'usine, 100% Authentique","url":"https:\/\/fumot.uk\/","logo":{"@type":"ImageObject","inLanguage":"fr-FR","@id":"https:\/\/fumot.uk\/#\/schema\/logo\/image\/","url":"https:\/\/fumot.uk\/wp-content\/uploads\/2026\/01\/cropped-fumot-logo1.png","contentUrl":"https:\/\/fumot.uk\/wp-content\/uploads\/2026\/01\/cropped-fumot-logo1.png","width":152,"height":106,"caption":"Fumot Official Direct | Straight from the Factory, 100% Genuine"},"image":{"@id":"https:\/\/fumot.uk\/#\/schema\/logo\/image\/"}}]}},"_links":{"self":[{"href":"https:\/\/fumot.uk\/fr\/wp-json\/wp\/v2\/product\/117","targetHints":{"allow":["GET"]}}],"collection":[{"href":"https:\/\/fumot.uk\/fr\/wp-json\/wp\/v2\/product"}],"about":[{"href":"https:\/\/fumot.uk\/fr\/wp-json\/wp\/v2\/types\/product"}],"replies":[{"embeddable":true,"href":"https:\/\/fumot.uk\/fr\/wp-json\/wp\/v2\/comments?post=117"}],"wp:featuredmedia":[{"embeddable":true,"href":"https:\/\/fumot.uk\/fr\/wp-json\/wp\/v2\/media\/173"}],"wp:attachment":[{"href":"https:\/\/fumot.uk\/fr\/wp-json\/wp\/v2\/media?parent=117"}],"wp:term":[{"taxonomy":"product_brand","embeddable":true,"href":"https:\/\/fumot.uk\/fr\/wp-json\/wp\/v2\/product_brand?post=117"},{"taxonomy":"product_cat","embeddable":true,"href":"https:\/\/fumot.uk\/fr\/wp-json\/wp\/v2\/product_cat?post=117"},{"taxonomy":"product_tag","embeddable":true,"href":"https:\/\/fumot.uk\/fr\/wp-json\/wp\/v2\/product_tag?post=117"}],"curies":[{"name":"wp","href":"https:\/\/api.w.org\/{rel}","templated":true}]}}