{"id":113,"date":"2026-01-20T02:40:33","date_gmt":"2026-01-20T02:40:33","guid":{"rendered":"https:\/\/fumot.uk\/?post_type=product&#038;p=113"},"modified":"2026-01-20T07:30:58","modified_gmt":"2026-01-20T07:30:58","slug":"randm-tornado-15000-puffs-strawberry-banana","status":"publish","type":"product","link":"https:\/\/fumot.uk\/fr\/product\/randm-tornado-15000-puffs-strawberry-banana\/","title":{"rendered":"RandM Tornado 15000 Bouff\u00e9es Fraise Banane Vape Jetable \u2013 25ml, 850mAh, Affichage, Flux d'air R\u00e9glable"},"content":{"rendered":"<h2>RandM Tornado 15000 Puffs \u2013 Vape Jetable Fraise Banane<\/h2>\n<p>Obtenez un classique cr\u00e9meux-fruit\u00e9 qui reste doux et facile toute la journ\u00e9e. Le <strong>RandM Tornado 15000 Puffs Fraise Banane<\/strong> m\u00e9lange la douceur juteuse de la fraise avec la cr\u00e9meux doux de la banane\u2014\u00e9quilibr\u00e9, doux, et jamais trop fort. Un <strong>bobine en maille<\/strong> aide \u00e0 offrir une saveur constante, tandis que <strong>flux d'air r\u00e9glable<\/strong> vous permet d'affiner le tirage de plus serr\u00e9 \u00e0 plus ouvert.<\/p>\n<p>Con\u00e7u pour la commodit\u00e9 quotidienne, ce jetable est \u00e9quip\u00e9 d'un <strong>affichage en temps r\u00e9el<\/strong> pour que vous puissiez v\u00e9rifier <strong>batterie<\/strong> et <strong>qui vous aide \u00e0 garder un \u0153il sur les niveaux de<\/strong> niveaux d'un coup d'\u0153il. \u00c0 l'int\u00e9rieur, vous trouverez <strong>25ml d'e-liquide pr\u00e9-rempli<\/strong> et un <strong>batterie rechargeable 850mAh<\/strong> charg\u00e9 via <strong>USB Type-C<\/strong>\u2014con\u00e7u pour garder vos sessions stables et pr\u00e9visibles.<\/p>\n<h3>Profil de Saveur : Fraise Banane<\/h3>\n<ul>\n<li><strong>Premi\u00e8re saveur :<\/strong> fraise vive et m\u00fbre<\/li>\n<li><strong>Milieu :<\/strong> cr\u00e8me de banane douce<\/li>\n<li><strong>Arri\u00e8re-go\u00fbt :<\/strong> finition fruit\u00e9e douce, fa\u00e7on dessert<\/li>\n<\/ul>\n<h3>Caract\u00e9ristiques cl\u00e9s<\/h3>\n<ul>\n<li><strong>Jusqu'\u00e0 15000 puffs<\/strong><\/li>\n<li><strong>25ml<\/strong> e-liquide pr\u00e9-rempli<\/li>\n<li><strong>Options de sel de nicotine :<\/strong> 0% \/ 2% \/ 3% \/ 5%<\/li>\n<li><strong>Bobine en maille<\/strong> pour un chauffage uniforme et une saveur stable<\/li>\n<li><strong>Flux d'air ajustable<\/strong> pour personnaliser votre tirage<\/li>\n<li><strong>Affichage int\u00e9gr\u00e9<\/strong> pour le suivi de la batterie et de l'e-liquide<\/li>\n<li><strong>Batterie rechargeable de 850mAh<\/strong><\/li>\n<li><strong>USB Type-C<\/strong> chargement<\/li>\n<li><strong>D\u00e9tail de design<\/strong><\/li>\n<\/ul>\n<h3>Pourquoi cette saveur fonctionne<\/h3>\n<p>Fraise Banane est un choix incontournable quand vous voulez quelque chose de sucr\u00e9 mais doux\u2014id\u00e9al pour une utilisation r\u00e9guli\u00e8re car il reste l\u00e9ger, cr\u00e9meux, et constant du premier au dernier puff.<\/p>\n<p>Parcourez plus de saveurs et de jetables sur <a href=\"https:\/\/fumot.uk\/fr\/\" target=\"_blank\" rel=\"noopener\">fumot.uk<\/a>. Vous voulez plus de contr\u00f4le sur votre inhalation ? Explorez nos <a href=\"https:\/\/fumot.uk\/fr\/product-tag\/adjustable-airflow\/\" target=\"_blank\" rel=\"noopener\">vapes \u00e0 flux d'air ajustable<\/a> pour plus d'options.<\/p>","protected":false},"excerpt":{"rendered":"<p>RandM Tornado 15000 Puffs Strawberry Banana vape jetable avec un m\u00e9lange cr\u00e9meux-fruit\u00e9 doux. 25ml pr\u00e9-rempli, bobine en mesh, flux d'air r\u00e9glable, affichage, 850mAh Type\u2011C rechargeable. Nic salt : 0\/2\/3\/5%.<\/p>","protected":false},"featured_media":156,"comment_status":"open","ping_status":"closed","template":"","meta":[],"product_brand":[],"product_cat":[16,18,17],"product_tag":[19,20,21,57,23,25,26,27,37,28],"class_list":{"0":"post-113","1":"product","2":"type-product","3":"status-publish","4":"has-post-thumbnail","6":"product_cat-15000-puff","7":"product_cat-randm-tornado-15000-puffs","8":"product_cat-vape","9":"product_tag-25ml","10":"product_tag-850mah","11":"product_tag-adjustable-airflow","12":"product_tag-banana","13":"product_tag-display","14":"product_tag-mesh-coil","15":"product_tag-rechargeable","16":"product_tag-rgb-light","17":"product_tag-strawberry","18":"product_tag-type-c","20":"first","21":"instock","22":"sale","23":"shipping-taxable","24":"purchasable","25":"product-type-variable","26":"has-default-attributes"},"yoast_head":"<!-- This site is optimized with the Yoast SEO plugin v26.8 - https:\/\/yoast.com\/product\/yoast-seo-wordpress\/ -->\n<title>RandM Tornado 15000 Strawberry Banana | 25ml Display<\/title>\n<meta name=\"description\" content=\"RandM Tornado 15000 Puffs Strawberry Banana disposable vape: 25ml, mesh coil, adjustable airflow, display, 850mAh Type\u2011C rechargeable. Nic 0\/2\/3\/5%.\" \/>\n<meta name=\"robots\" content=\"index, follow, max-snippet:-1, max-image-preview:large, max-video-preview:-1\" \/>\n<link rel=\"canonical\" href=\"https:\/\/fumot.uk\/fr\/product\/randm-tornado-15000-puffs-strawberry-banana\/\" \/>\n<meta property=\"og:locale\" content=\"fr_FR\" \/>\n<meta property=\"og:type\" content=\"article\" \/>\n<meta property=\"og:title\" content=\"RandM Tornado 15000 Strawberry Banana \u2013 Smooth &amp; Creamy\" \/>\n<meta property=\"og:description\" content=\"Enjoy a balanced strawberry-banana blend with mesh coil, adjustable airflow, real-time display, 25ml e-liquid and 850mAh Type\u2011C rechargeable power.\" \/>\n<meta property=\"og:url\" content=\"https:\/\/fumot.uk\/fr\/product\/randm-tornado-15000-puffs-strawberry-banana\/\" \/>\n<meta property=\"og:site_name\" content=\"Fumot Official Direct | Straight from the Factory, 100% Genuine\" \/>\n<meta property=\"article:modified_time\" content=\"2026-01-20T07:30:58+00:00\" \/>\n<meta property=\"og:image\" content=\"https:\/\/fumot.uk\/wp-content\/uploads\/2026\/01\/Randm-Tornado-15000-Strawberry-Banana.jpg\" \/>\n\t<meta property=\"og:image:width\" content=\"2000\" \/>\n\t<meta property=\"og:image:height\" content=\"2000\" \/>\n\t<meta property=\"og:image:type\" content=\"image\/jpeg\" \/>\n<meta name=\"twitter:card\" content=\"summary_large_image\" \/>\n<meta name=\"twitter:label1\" content=\"Dur\u00e9e de lecture estim\u00e9e\" \/>\n\t<meta name=\"twitter:data1\" content=\"2 minutes\" \/>\n<script type=\"application\/ld+json\" class=\"yoast-schema-graph\">{\"@context\":\"https:\/\/schema.org\",\"@graph\":[{\"@type\":\"WebPage\",\"@id\":\"https:\/\/fumot.uk\/product\/randm-tornado-15000-puffs-strawberry-banana\/\",\"url\":\"https:\/\/fumot.uk\/product\/randm-tornado-15000-puffs-strawberry-banana\/\",\"name\":\"RandM Tornado 15000 Strawberry Banana | 25ml Display\",\"isPartOf\":{\"@id\":\"https:\/\/fumot.uk\/#website\"},\"primaryImageOfPage\":{\"@id\":\"https:\/\/fumot.uk\/product\/randm-tornado-15000-puffs-strawberry-banana\/#primaryimage\"},\"image\":{\"@id\":\"https:\/\/fumot.uk\/product\/randm-tornado-15000-puffs-strawberry-banana\/#primaryimage\"},\"thumbnailUrl\":\"https:\/\/fumot.uk\/wp-content\/uploads\/2026\/01\/Randm-Tornado-15000-Strawberry-Banana.jpg\",\"datePublished\":\"2026-01-20T02:40:33+00:00\",\"dateModified\":\"2026-01-20T07:30:58+00:00\",\"description\":\"RandM Tornado 15000 Puffs Strawberry Banana disposable vape: 25ml, mesh coil, adjustable airflow, display, 850mAh Type\u2011C rechargeable. Nic 0\/2\/3\/5%.\",\"breadcrumb\":{\"@id\":\"https:\/\/fumot.uk\/product\/randm-tornado-15000-puffs-strawberry-banana\/#breadcrumb\"},\"inLanguage\":\"fr-FR\",\"potentialAction\":[{\"@type\":\"ReadAction\",\"target\":[\"https:\/\/fumot.uk\/product\/randm-tornado-15000-puffs-strawberry-banana\/\"]}]},{\"@type\":\"ImageObject\",\"inLanguage\":\"fr-FR\",\"@id\":\"https:\/\/fumot.uk\/product\/randm-tornado-15000-puffs-strawberry-banana\/#primaryimage\",\"url\":\"https:\/\/fumot.uk\/wp-content\/uploads\/2026\/01\/Randm-Tornado-15000-Strawberry-Banana.jpg\",\"contentUrl\":\"https:\/\/fumot.uk\/wp-content\/uploads\/2026\/01\/Randm-Tornado-15000-Strawberry-Banana.jpg\",\"width\":2000,\"height\":2000},{\"@type\":\"BreadcrumbList\",\"@id\":\"https:\/\/fumot.uk\/product\/randm-tornado-15000-puffs-strawberry-banana\/#breadcrumb\",\"itemListElement\":[{\"@type\":\"ListItem\",\"position\":1,\"name\":\"Home\",\"item\":\"https:\/\/fumot.uk\/\"},{\"@type\":\"ListItem\",\"position\":2,\"name\":\"Shop\",\"item\":\"https:\/\/fumot.uk\/shop\/\"},{\"@type\":\"ListItem\",\"position\":3,\"name\":\"RandM Tornado 15000 Puffs Strawberry Banana Disposable Vape \u2013 25ml, 850mAh, Display, Adjustable Airflow\"}]},{\"@type\":\"WebSite\",\"@id\":\"https:\/\/fumot.uk\/#website\",\"url\":\"https:\/\/fumot.uk\/\",\"name\":\"Fumot Official Direct | Straight from the Factory, 100% Genuine\",\"description\":\"Official Website\",\"publisher\":{\"@id\":\"https:\/\/fumot.uk\/#organization\"},\"potentialAction\":[{\"@type\":\"SearchAction\",\"target\":{\"@type\":\"EntryPoint\",\"urlTemplate\":\"https:\/\/fumot.uk\/?s={search_term_string}\"},\"query-input\":{\"@type\":\"PropertyValueSpecification\",\"valueRequired\":true,\"valueName\":\"search_term_string\"}}],\"inLanguage\":\"fr-FR\"},{\"@type\":\"Organization\",\"@id\":\"https:\/\/fumot.uk\/#organization\",\"name\":\"Fumot Official Direct | Straight from the Factory, 100% Genuine\",\"url\":\"https:\/\/fumot.uk\/\",\"logo\":{\"@type\":\"ImageObject\",\"inLanguage\":\"fr-FR\",\"@id\":\"https:\/\/fumot.uk\/#\/schema\/logo\/image\/\",\"url\":\"https:\/\/fumot.uk\/wp-content\/uploads\/2026\/01\/cropped-fumot-logo1.png\",\"contentUrl\":\"https:\/\/fumot.uk\/wp-content\/uploads\/2026\/01\/cropped-fumot-logo1.png\",\"width\":152,\"height\":106,\"caption\":\"Fumot Official Direct | Straight from the Factory, 100% Genuine\"},\"image\":{\"@id\":\"https:\/\/fumot.uk\/#\/schema\/logo\/image\/\"}}]}<\/script>\n<!-- \/ Yoast SEO plugin. -->","yoast_head_json":{"title":"RandM Tornado 15000 Fraise Banane | Pr\u00e9sentoir 25ml","description":"RandM Tornado 15000 Puffs Strawberry Banana cigarette \u00e9lectronique jetable : 25ml, r\u00e9sistance en mesh, flux d'air r\u00e9glable, \u00e9cran, 850mAh Type\u2011C rechargeable. Nic 0\/2\/3\/5%.","robots":{"index":"index","follow":"follow","max-snippet":"max-snippet:-1","max-image-preview":"max-image-preview:large","max-video-preview":"max-video-preview:-1"},"canonical":"https:\/\/fumot.uk\/fr\/product\/randm-tornado-15000-puffs-strawberry-banana\/","og_locale":"fr_FR","og_type":"article","og_title":"RandM Tornado 15000 Strawberry Banana \u2013 Smooth & Creamy","og_description":"Enjoy a balanced strawberry-banana blend with mesh coil, adjustable airflow, real-time display, 25ml e-liquid and 850mAh Type\u2011C rechargeable power.","og_url":"https:\/\/fumot.uk\/fr\/product\/randm-tornado-15000-puffs-strawberry-banana\/","og_site_name":"Fumot Official Direct | Straight from the Factory, 100% Genuine","article_modified_time":"2026-01-20T07:30:58+00:00","og_image":[{"width":2000,"height":2000,"url":"https:\/\/fumot.uk\/wp-content\/uploads\/2026\/01\/Randm-Tornado-15000-Strawberry-Banana.jpg","type":"image\/jpeg"}],"twitter_card":"summary_large_image","twitter_misc":{"Dur\u00e9e de lecture estim\u00e9e":"2 minutes"},"schema":{"@context":"https:\/\/schema.org","@graph":[{"@type":"WebPage","@id":"https:\/\/fumot.uk\/product\/randm-tornado-15000-puffs-strawberry-banana\/","url":"https:\/\/fumot.uk\/product\/randm-tornado-15000-puffs-strawberry-banana\/","name":"RandM Tornado 15000 Fraise Banane | Pr\u00e9sentoir 25ml","isPartOf":{"@id":"https:\/\/fumot.uk\/#website"},"primaryImageOfPage":{"@id":"https:\/\/fumot.uk\/product\/randm-tornado-15000-puffs-strawberry-banana\/#primaryimage"},"image":{"@id":"https:\/\/fumot.uk\/product\/randm-tornado-15000-puffs-strawberry-banana\/#primaryimage"},"thumbnailUrl":"https:\/\/fumot.uk\/wp-content\/uploads\/2026\/01\/Randm-Tornado-15000-Strawberry-Banana.jpg","datePublished":"2026-01-20T02:40:33+00:00","dateModified":"2026-01-20T07:30:58+00:00","description":"RandM Tornado 15000 Puffs Strawberry Banana cigarette \u00e9lectronique jetable : 25ml, r\u00e9sistance en mesh, flux d'air r\u00e9glable, \u00e9cran, 850mAh Type\u2011C rechargeable. Nic 0\/2\/3\/5%.","breadcrumb":{"@id":"https:\/\/fumot.uk\/product\/randm-tornado-15000-puffs-strawberry-banana\/#breadcrumb"},"inLanguage":"fr-FR","potentialAction":[{"@type":"ReadAction","target":["https:\/\/fumot.uk\/product\/randm-tornado-15000-puffs-strawberry-banana\/"]}]},{"@type":"ImageObject","inLanguage":"fr-FR","@id":"https:\/\/fumot.uk\/product\/randm-tornado-15000-puffs-strawberry-banana\/#primaryimage","url":"https:\/\/fumot.uk\/wp-content\/uploads\/2026\/01\/Randm-Tornado-15000-Strawberry-Banana.jpg","contentUrl":"https:\/\/fumot.uk\/wp-content\/uploads\/2026\/01\/Randm-Tornado-15000-Strawberry-Banana.jpg","width":2000,"height":2000},{"@type":"BreadcrumbList","@id":"https:\/\/fumot.uk\/product\/randm-tornado-15000-puffs-strawberry-banana\/#breadcrumb","itemListElement":[{"@type":"ListItem","position":1,"name":"Home","item":"https:\/\/fumot.uk\/"},{"@type":"ListItem","position":2,"name":"Shop","item":"https:\/\/fumot.uk\/shop\/"},{"@type":"ListItem","position":3,"name":"RandM Tornado 15000 Puffs Strawberry Banana Disposable Vape \u2013 25ml, 850mAh, Display, Adjustable Airflow"}]},{"@type":"WebSite","@id":"https:\/\/fumot.uk\/#website","url":"https:\/\/fumot.uk\/","name":"Fumot Official Direct | Directement de l'usine, 100% Authentique","description":"Site officiel","publisher":{"@id":"https:\/\/fumot.uk\/#organization"},"potentialAction":[{"@type":"SearchAction","target":{"@type":"EntryPoint","urlTemplate":"https:\/\/fumot.uk\/?s={search_term_string}"},"query-input":{"@type":"PropertyValueSpecification","valueRequired":true,"valueName":"search_term_string"}}],"inLanguage":"fr-FR"},{"@type":"Organization","@id":"https:\/\/fumot.uk\/#organization","name":"Fumot Official Direct | Directement de l'usine, 100% Authentique","url":"https:\/\/fumot.uk\/","logo":{"@type":"ImageObject","inLanguage":"fr-FR","@id":"https:\/\/fumot.uk\/#\/schema\/logo\/image\/","url":"https:\/\/fumot.uk\/wp-content\/uploads\/2026\/01\/cropped-fumot-logo1.png","contentUrl":"https:\/\/fumot.uk\/wp-content\/uploads\/2026\/01\/cropped-fumot-logo1.png","width":152,"height":106,"caption":"Fumot Official Direct | Straight from the Factory, 100% Genuine"},"image":{"@id":"https:\/\/fumot.uk\/#\/schema\/logo\/image\/"}}]}},"_links":{"self":[{"href":"https:\/\/fumot.uk\/fr\/wp-json\/wp\/v2\/product\/113","targetHints":{"allow":["GET"]}}],"collection":[{"href":"https:\/\/fumot.uk\/fr\/wp-json\/wp\/v2\/product"}],"about":[{"href":"https:\/\/fumot.uk\/fr\/wp-json\/wp\/v2\/types\/product"}],"replies":[{"embeddable":true,"href":"https:\/\/fumot.uk\/fr\/wp-json\/wp\/v2\/comments?post=113"}],"wp:featuredmedia":[{"embeddable":true,"href":"https:\/\/fumot.uk\/fr\/wp-json\/wp\/v2\/media\/156"}],"wp:attachment":[{"href":"https:\/\/fumot.uk\/fr\/wp-json\/wp\/v2\/media?parent=113"}],"wp:term":[{"taxonomy":"product_brand","embeddable":true,"href":"https:\/\/fumot.uk\/fr\/wp-json\/wp\/v2\/product_brand?post=113"},{"taxonomy":"product_cat","embeddable":true,"href":"https:\/\/fumot.uk\/fr\/wp-json\/wp\/v2\/product_cat?post=113"},{"taxonomy":"product_tag","embeddable":true,"href":"https:\/\/fumot.uk\/fr\/wp-json\/wp\/v2\/product_tag?post=113"}],"curies":[{"name":"wp","href":"https:\/\/api.w.org\/{rel}","templated":true}]}}