{"id":112,"date":"2026-01-20T02:40:33","date_gmt":"2026-01-20T02:40:33","guid":{"rendered":"https:\/\/fumot.uk\/?post_type=product&#038;p=112"},"modified":"2026-01-20T02:43:20","modified_gmt":"2026-01-20T02:43:20","slug":"randm-tornado-15000-puffs-red-energy-ice","status":"publish","type":"product","link":"https:\/\/fumot.uk\/fr\/product\/randm-tornado-15000-puffs-red-energy-ice\/","title":{"rendered":"Randm Tornado 15000 Bouff\u00e9es-\u00c9nergie Rouge Glac\u00e9e"},"content":{"rendered":"<h4>Red Energy Ice-Randm Tornado 15000 Puffs<\/h4>\n<p><strong>RandM Tornado 15000 Puffs Red Energy Ice<\/strong> combine habilement le go\u00fbt intense d'une boisson \u00e9nergisante avec une note fra\u00eeche et rafra\u00eechissante, offrant une exp\u00e9rience de vapotage puissante et vivifiante. \u00c9quip\u00e9 d'un \u00e9cran qui affiche \u00e0 tout moment le niveau de la batterie et l'\u00e9tat du liquide, vous pouvez toujours garder un \u0153il sur l'\u00e9tat de votre appareil. En combinaison avec la technologie avanc\u00e9e <a href=\"https:\/\/ultravape.de\/product-tag\/mesh-coil\/\">Mesh-Coil-Technologie<\/a> et un syst\u00e8me de flux d'air r\u00e9glable, chaque bouff\u00e9e d\u00e9livre une vapeur uniforme et intense avec un go\u00fbt bien structur\u00e9.<\/p>\n<h4>Caract\u00e9ristiques et sp\u00e9cifications :<\/h4>\n<p>\u2611 0\/2\/3\/5% sel de nicotine<br \/>\n\u2611 25 ml de liquide \u00e9lectronique<br \/>\n\u2611 R\u00e9sistance en mesh<br \/>\n\u2611 Batterie rechargeable<br \/>\n\u2611 Batterie int\u00e9gr\u00e9e de 850 mAh<br \/>\n\u2611 41 saveurs disponibles<\/p>","protected":false},"excerpt":{"rendered":"<p>Red Energy Ice-Randm Tornado 15000 Puffs RandM Tornado 15000 Puffs Red Energy Ice combine habilement le go\u00fbt intense d'une boisson \u00e9nergisante avec une note fra\u00eeche et rafra\u00eechissante, offrant une exp\u00e9rience de vape puissante et stimulante. \u00c9quip\u00e9 d'un \u00e9cran affichant \u00e0 tout moment le niveau de batterie et le statut du liquide, vous pouvez toujours garder un \u0153il sur l'\u00e9tat de votre appareil. En combinaison [\u2026]<\/p>","protected":false},"featured_media":155,"comment_status":"open","ping_status":"closed","template":"","meta":[],"product_brand":[],"product_cat":[16,18,17],"product_tag":[19,20,21,23,25,26,27,28],"class_list":{"0":"post-112","1":"product","2":"type-product","3":"status-publish","4":"has-post-thumbnail","6":"product_cat-15000-puff","7":"product_cat-randm-tornado-15000-puffs","8":"product_cat-vape","9":"product_tag-25ml","10":"product_tag-850mah","11":"product_tag-adjustable-airflow","12":"product_tag-display","13":"product_tag-mesh-coil","14":"product_tag-rechargeable","15":"product_tag-rgb-light","16":"product_tag-type-c","18":"first","19":"instock","20":"sale","21":"shipping-taxable","22":"purchasable","23":"product-type-variable","24":"has-default-attributes"},"yoast_head":"<!-- This site is optimized with the Yoast SEO plugin v26.8 - https:\/\/yoast.com\/product\/yoast-seo-wordpress\/ -->\n<title>Randm Tornado 15000 Puffs-Red Energy Ice - Fumot Official Direct | Straight from the Factory, 100% Genuine<\/title>\n<meta name=\"robots\" content=\"index, follow, max-snippet:-1, max-image-preview:large, max-video-preview:-1\" \/>\n<link rel=\"canonical\" href=\"https:\/\/fumot.uk\/fr\/product\/randm-tornado-15000-puffs-red-energy-ice\/\" \/>\n<meta property=\"og:locale\" content=\"fr_FR\" \/>\n<meta property=\"og:type\" content=\"article\" \/>\n<meta property=\"og:title\" content=\"Randm Tornado 15000 Puffs-Red Energy Ice - Fumot Official Direct | Straight from the Factory, 100% Genuine\" \/>\n<meta property=\"og:description\" content=\"Red Energy Ice-Randm Tornado 15000 Puffs RandM Tornado 15000 Puffs Red Energy Ice kombiniert geschickt den intensiven Geschmack eines Energydrinks mit einer erfrischend k\u00fchlen Note und bietet ein kraftvolles, belebendes Dampferlebnis. Ausgestattet mit einem Display, das jederzeit den Akkustand und den Fl\u00fcssigkeitsstatus anzeigt, k\u00f6nnen Sie den Zustand Ihres Ger\u00e4ts stets im Blick behalten. In Verbindung [&hellip;]\" \/>\n<meta property=\"og:url\" content=\"https:\/\/fumot.uk\/fr\/product\/randm-tornado-15000-puffs-red-energy-ice\/\" \/>\n<meta property=\"og:site_name\" content=\"Fumot Official Direct | Straight from the Factory, 100% Genuine\" \/>\n<meta property=\"article:modified_time\" content=\"2026-01-20T02:43:20+00:00\" \/>\n<meta property=\"og:image\" content=\"https:\/\/fumot.uk\/wp-content\/uploads\/2026\/01\/Randm-Tornado-15000-Red-Energy-Ice.jpg\" \/>\n\t<meta property=\"og:image:width\" content=\"2000\" \/>\n\t<meta property=\"og:image:height\" content=\"2000\" \/>\n\t<meta property=\"og:image:type\" content=\"image\/jpeg\" \/>\n<meta name=\"twitter:card\" content=\"summary_large_image\" \/>\n<meta name=\"twitter:label1\" content=\"Dur\u00e9e de lecture estim\u00e9e\" \/>\n\t<meta name=\"twitter:data1\" content=\"1 minute\" \/>\n<script type=\"application\/ld+json\" class=\"yoast-schema-graph\">{\"@context\":\"https:\/\/schema.org\",\"@graph\":[{\"@type\":\"WebPage\",\"@id\":\"https:\/\/fumot.uk\/product\/randm-tornado-15000-puffs-red-energy-ice\/\",\"url\":\"https:\/\/fumot.uk\/product\/randm-tornado-15000-puffs-red-energy-ice\/\",\"name\":\"Randm Tornado 15000 Puffs-Red Energy Ice - Fumot Official Direct | Straight from the Factory, 100% Genuine\",\"isPartOf\":{\"@id\":\"https:\/\/fumot.uk\/#website\"},\"primaryImageOfPage\":{\"@id\":\"https:\/\/fumot.uk\/product\/randm-tornado-15000-puffs-red-energy-ice\/#primaryimage\"},\"image\":{\"@id\":\"https:\/\/fumot.uk\/product\/randm-tornado-15000-puffs-red-energy-ice\/#primaryimage\"},\"thumbnailUrl\":\"https:\/\/fumot.uk\/wp-content\/uploads\/2026\/01\/Randm-Tornado-15000-Red-Energy-Ice.jpg\",\"datePublished\":\"2026-01-20T02:40:33+00:00\",\"dateModified\":\"2026-01-20T02:43:20+00:00\",\"breadcrumb\":{\"@id\":\"https:\/\/fumot.uk\/product\/randm-tornado-15000-puffs-red-energy-ice\/#breadcrumb\"},\"inLanguage\":\"fr-FR\",\"potentialAction\":[{\"@type\":\"ReadAction\",\"target\":[\"https:\/\/fumot.uk\/product\/randm-tornado-15000-puffs-red-energy-ice\/\"]}]},{\"@type\":\"ImageObject\",\"inLanguage\":\"fr-FR\",\"@id\":\"https:\/\/fumot.uk\/product\/randm-tornado-15000-puffs-red-energy-ice\/#primaryimage\",\"url\":\"https:\/\/fumot.uk\/wp-content\/uploads\/2026\/01\/Randm-Tornado-15000-Red-Energy-Ice.jpg\",\"contentUrl\":\"https:\/\/fumot.uk\/wp-content\/uploads\/2026\/01\/Randm-Tornado-15000-Red-Energy-Ice.jpg\",\"width\":2000,\"height\":2000},{\"@type\":\"BreadcrumbList\",\"@id\":\"https:\/\/fumot.uk\/product\/randm-tornado-15000-puffs-red-energy-ice\/#breadcrumb\",\"itemListElement\":[{\"@type\":\"ListItem\",\"position\":1,\"name\":\"Home\",\"item\":\"https:\/\/fumot.uk\/\"},{\"@type\":\"ListItem\",\"position\":2,\"name\":\"Shop\",\"item\":\"https:\/\/fumot.uk\/shop\/\"},{\"@type\":\"ListItem\",\"position\":3,\"name\":\"Randm Tornado 15000 Puffs-Red Energy Ice\"}]},{\"@type\":\"WebSite\",\"@id\":\"https:\/\/fumot.uk\/#website\",\"url\":\"https:\/\/fumot.uk\/\",\"name\":\"Fumot Official Direct | Straight from the Factory, 100% Genuine\",\"description\":\"Official Website\",\"publisher\":{\"@id\":\"https:\/\/fumot.uk\/#organization\"},\"potentialAction\":[{\"@type\":\"SearchAction\",\"target\":{\"@type\":\"EntryPoint\",\"urlTemplate\":\"https:\/\/fumot.uk\/?s={search_term_string}\"},\"query-input\":{\"@type\":\"PropertyValueSpecification\",\"valueRequired\":true,\"valueName\":\"search_term_string\"}}],\"inLanguage\":\"fr-FR\"},{\"@type\":\"Organization\",\"@id\":\"https:\/\/fumot.uk\/#organization\",\"name\":\"Fumot Official Direct | Straight from the Factory, 100% Genuine\",\"url\":\"https:\/\/fumot.uk\/\",\"logo\":{\"@type\":\"ImageObject\",\"inLanguage\":\"fr-FR\",\"@id\":\"https:\/\/fumot.uk\/#\/schema\/logo\/image\/\",\"url\":\"https:\/\/fumot.uk\/wp-content\/uploads\/2026\/01\/cropped-fumot-logo1.png\",\"contentUrl\":\"https:\/\/fumot.uk\/wp-content\/uploads\/2026\/01\/cropped-fumot-logo1.png\",\"width\":152,\"height\":106,\"caption\":\"Fumot Official Direct | Straight from the Factory, 100% Genuine\"},\"image\":{\"@id\":\"https:\/\/fumot.uk\/#\/schema\/logo\/image\/\"}}]}<\/script>\n<!-- \/ Yoast SEO plugin. -->","yoast_head_json":{"title":"Randm Tornado 15000 Puffs-Red Energy Ice - Fumot Official Direct | Directement de l'usine, 100% Authentique","robots":{"index":"index","follow":"follow","max-snippet":"max-snippet:-1","max-image-preview":"max-image-preview:large","max-video-preview":"max-video-preview:-1"},"canonical":"https:\/\/fumot.uk\/fr\/product\/randm-tornado-15000-puffs-red-energy-ice\/","og_locale":"fr_FR","og_type":"article","og_title":"Randm Tornado 15000 Puffs-Red Energy Ice - Fumot Official Direct | Straight from the Factory, 100% Genuine","og_description":"Red Energy Ice-Randm Tornado 15000 Puffs RandM Tornado 15000 Puffs Red Energy Ice kombiniert geschickt den intensiven Geschmack eines Energydrinks mit einer erfrischend k\u00fchlen Note und bietet ein kraftvolles, belebendes Dampferlebnis. Ausgestattet mit einem Display, das jederzeit den Akkustand und den Fl\u00fcssigkeitsstatus anzeigt, k\u00f6nnen Sie den Zustand Ihres Ger\u00e4ts stets im Blick behalten. In Verbindung [&hellip;]","og_url":"https:\/\/fumot.uk\/fr\/product\/randm-tornado-15000-puffs-red-energy-ice\/","og_site_name":"Fumot Official Direct | Straight from the Factory, 100% Genuine","article_modified_time":"2026-01-20T02:43:20+00:00","og_image":[{"width":2000,"height":2000,"url":"https:\/\/fumot.uk\/wp-content\/uploads\/2026\/01\/Randm-Tornado-15000-Red-Energy-Ice.jpg","type":"image\/jpeg"}],"twitter_card":"summary_large_image","twitter_misc":{"Dur\u00e9e de lecture estim\u00e9e":"1 minute"},"schema":{"@context":"https:\/\/schema.org","@graph":[{"@type":"WebPage","@id":"https:\/\/fumot.uk\/product\/randm-tornado-15000-puffs-red-energy-ice\/","url":"https:\/\/fumot.uk\/product\/randm-tornado-15000-puffs-red-energy-ice\/","name":"Randm Tornado 15000 Puffs-Red Energy Ice - Fumot Official Direct | Directement de l'usine, 100% Authentique","isPartOf":{"@id":"https:\/\/fumot.uk\/#website"},"primaryImageOfPage":{"@id":"https:\/\/fumot.uk\/product\/randm-tornado-15000-puffs-red-energy-ice\/#primaryimage"},"image":{"@id":"https:\/\/fumot.uk\/product\/randm-tornado-15000-puffs-red-energy-ice\/#primaryimage"},"thumbnailUrl":"https:\/\/fumot.uk\/wp-content\/uploads\/2026\/01\/Randm-Tornado-15000-Red-Energy-Ice.jpg","datePublished":"2026-01-20T02:40:33+00:00","dateModified":"2026-01-20T02:43:20+00:00","breadcrumb":{"@id":"https:\/\/fumot.uk\/product\/randm-tornado-15000-puffs-red-energy-ice\/#breadcrumb"},"inLanguage":"fr-FR","potentialAction":[{"@type":"ReadAction","target":["https:\/\/fumot.uk\/product\/randm-tornado-15000-puffs-red-energy-ice\/"]}]},{"@type":"ImageObject","inLanguage":"fr-FR","@id":"https:\/\/fumot.uk\/product\/randm-tornado-15000-puffs-red-energy-ice\/#primaryimage","url":"https:\/\/fumot.uk\/wp-content\/uploads\/2026\/01\/Randm-Tornado-15000-Red-Energy-Ice.jpg","contentUrl":"https:\/\/fumot.uk\/wp-content\/uploads\/2026\/01\/Randm-Tornado-15000-Red-Energy-Ice.jpg","width":2000,"height":2000},{"@type":"BreadcrumbList","@id":"https:\/\/fumot.uk\/product\/randm-tornado-15000-puffs-red-energy-ice\/#breadcrumb","itemListElement":[{"@type":"ListItem","position":1,"name":"Home","item":"https:\/\/fumot.uk\/"},{"@type":"ListItem","position":2,"name":"Shop","item":"https:\/\/fumot.uk\/shop\/"},{"@type":"ListItem","position":3,"name":"Randm Tornado 15000 Puffs-Red Energy Ice"}]},{"@type":"WebSite","@id":"https:\/\/fumot.uk\/#website","url":"https:\/\/fumot.uk\/","name":"Fumot Official Direct | Directement de l'usine, 100% Authentique","description":"Site officiel","publisher":{"@id":"https:\/\/fumot.uk\/#organization"},"potentialAction":[{"@type":"SearchAction","target":{"@type":"EntryPoint","urlTemplate":"https:\/\/fumot.uk\/?s={search_term_string}"},"query-input":{"@type":"PropertyValueSpecification","valueRequired":true,"valueName":"search_term_string"}}],"inLanguage":"fr-FR"},{"@type":"Organization","@id":"https:\/\/fumot.uk\/#organization","name":"Fumot Official Direct | Directement de l'usine, 100% Authentique","url":"https:\/\/fumot.uk\/","logo":{"@type":"ImageObject","inLanguage":"fr-FR","@id":"https:\/\/fumot.uk\/#\/schema\/logo\/image\/","url":"https:\/\/fumot.uk\/wp-content\/uploads\/2026\/01\/cropped-fumot-logo1.png","contentUrl":"https:\/\/fumot.uk\/wp-content\/uploads\/2026\/01\/cropped-fumot-logo1.png","width":152,"height":106,"caption":"Fumot Official Direct | Straight from the Factory, 100% Genuine"},"image":{"@id":"https:\/\/fumot.uk\/#\/schema\/logo\/image\/"}}]}},"_links":{"self":[{"href":"https:\/\/fumot.uk\/fr\/wp-json\/wp\/v2\/product\/112","targetHints":{"allow":["GET"]}}],"collection":[{"href":"https:\/\/fumot.uk\/fr\/wp-json\/wp\/v2\/product"}],"about":[{"href":"https:\/\/fumot.uk\/fr\/wp-json\/wp\/v2\/types\/product"}],"replies":[{"embeddable":true,"href":"https:\/\/fumot.uk\/fr\/wp-json\/wp\/v2\/comments?post=112"}],"wp:featuredmedia":[{"embeddable":true,"href":"https:\/\/fumot.uk\/fr\/wp-json\/wp\/v2\/media\/155"}],"wp:attachment":[{"href":"https:\/\/fumot.uk\/fr\/wp-json\/wp\/v2\/media?parent=112"}],"wp:term":[{"taxonomy":"product_brand","embeddable":true,"href":"https:\/\/fumot.uk\/fr\/wp-json\/wp\/v2\/product_brand?post=112"},{"taxonomy":"product_cat","embeddable":true,"href":"https:\/\/fumot.uk\/fr\/wp-json\/wp\/v2\/product_cat?post=112"},{"taxonomy":"product_tag","embeddable":true,"href":"https:\/\/fumot.uk\/fr\/wp-json\/wp\/v2\/product_tag?post=112"}],"curies":[{"name":"wp","href":"https:\/\/api.w.org\/{rel}","templated":true}]}}