{"id":111,"date":"2026-01-20T02:40:33","date_gmt":"2026-01-20T02:40:33","guid":{"rendered":"https:\/\/fumot.uk\/?post_type=product&#038;p=111"},"modified":"2026-01-20T02:43:20","modified_gmt":"2026-01-20T02:43:20","slug":"randm-tornado-15000-puffs-mango-on-ice","status":"publish","type":"product","link":"https:\/\/fumot.uk\/fr\/product\/randm-tornado-15000-puffs-mango-on-ice\/","title":{"rendered":"Randm Tornado 15000 Bouff\u00e9es-Mangue Sur glace"},"content":{"rendered":"<h4>Mangue sur glace-Randm Tornado 15000 bouff\u00e9es<\/h4>\n<p><strong>RandM Tornado 15000 bouff\u00e9es Mangue sur glace<\/strong> combine le go\u00fbt exotique et sucr\u00e9 de la mangue m\u00fbre avec une note rafra\u00eechissante et froide, offrant une exp\u00e9rience de vapotage tropicale. Gr\u00e2ce \u00e0 la technologie avanc\u00e9e de la bobine en mesh et au syst\u00e8me de flux d'air r\u00e9glable, la vapeur est uniforme et douce, ce qui permet au go\u00fbt de ressortir intens\u00e9ment et clairement. L'\u00e9cran LED pratique permet une surveillance en temps r\u00e9el facile du niveau de la batterie et du niveau de liquide \u00e9lectronique, vous permettant de vapoter en toute tranquillit\u00e9 \u00e0 tout moment.<\/p>\n<h4>Caract\u00e9ristiques et sp\u00e9cifications :<\/h4>\n<p>\u2611 0\/2\/3\/5% sel de nicotine<br \/>\n\u2611 25 ml de liquide \u00e9lectronique<br \/>\n\u2611 R\u00e9sistance en mesh<br \/>\n\u2611 Batterie rechargeable<br \/>\n\u2611 Int\u00e9gr\u00e9e <a href=\"https:\/\/ultravape.de\/product-tag\/850mah\/\">Batterie de 850 mAh<\/a><br \/>\n\u2611 41 saveurs disponibles<\/p>","protected":false},"excerpt":{"rendered":"<p>Mango On ice-Randm Tornado 15000 Puffs RandM Tornado 15000 Puffs Mango On Ice vereint den exotischen, s\u00fc\u00dfen Geschmack reifer Mango mit einer erfrischenden, k\u00fchlen Note, die f\u00fcr ein tropisches Dampferlebnis sorgt. Dank der fortschrittlichen Mesh-Coil-Technologie und des verstellbaren Luftstromsystems wird der Dampf gleichm\u00e4\u00dfig und geschmeidig, wodurch der Geschmack intensiv und klar zur Geltung kommt. Das [\u2026]<\/p>","protected":false},"featured_media":154,"comment_status":"open","ping_status":"closed","template":"","meta":[],"product_brand":[],"product_cat":[16,18,17],"product_tag":[19,20,21,23,29,25,30,26,27,28],"class_list":{"0":"post-111","1":"product","2":"type-product","3":"status-publish","4":"has-post-thumbnail","6":"product_cat-15000-puff","7":"product_cat-randm-tornado-15000-puffs","8":"product_cat-vape","9":"product_tag-25ml","10":"product_tag-850mah","11":"product_tag-adjustable-airflow","12":"product_tag-display","13":"product_tag-ice","14":"product_tag-mesh-coil","15":"product_tag-peach","16":"product_tag-rechargeable","17":"product_tag-rgb-light","18":"product_tag-type-c","20":"first","21":"instock","22":"sale","23":"shipping-taxable","24":"purchasable","25":"product-type-variable","26":"has-default-attributes"},"yoast_head":"<!-- This site is optimized with the Yoast SEO plugin v26.8 - https:\/\/yoast.com\/product\/yoast-seo-wordpress\/ -->\n<title>Randm Tornado 15000 Puffs-Mango On ice - Fumot Official Direct | Straight from the Factory, 100% Genuine<\/title>\n<meta name=\"robots\" content=\"index, follow, max-snippet:-1, max-image-preview:large, max-video-preview:-1\" \/>\n<link rel=\"canonical\" href=\"https:\/\/fumot.uk\/fr\/product\/randm-tornado-15000-puffs-mango-on-ice\/\" \/>\n<meta property=\"og:locale\" content=\"fr_FR\" \/>\n<meta property=\"og:type\" content=\"article\" \/>\n<meta property=\"og:title\" content=\"Randm Tornado 15000 Puffs-Mango On ice - Fumot Official Direct | Straight from the Factory, 100% Genuine\" \/>\n<meta property=\"og:description\" content=\"Mango On ice-Randm Tornado 15000 Puffs RandM Tornado 15000 Puffs Mango On Ice vereint den exotischen, s\u00fc\u00dfen Geschmack reifer Mango mit einer erfrischenden, k\u00fchlen Note, die f\u00fcr ein tropisches Dampferlebnis sorgt. Dank der fortschrittlichen Mesh-Coil-Technologie und des verstellbaren Luftstromsystems wird der Dampf gleichm\u00e4\u00dfig und geschmeidig, wodurch der Geschmack intensiv und klar zur Geltung kommt. Das [&hellip;]\" \/>\n<meta property=\"og:url\" content=\"https:\/\/fumot.uk\/fr\/product\/randm-tornado-15000-puffs-mango-on-ice\/\" \/>\n<meta property=\"og:site_name\" content=\"Fumot Official Direct | Straight from the Factory, 100% Genuine\" \/>\n<meta property=\"article:modified_time\" content=\"2026-01-20T02:43:20+00:00\" \/>\n<meta property=\"og:image\" content=\"https:\/\/fumot.uk\/wp-content\/uploads\/2026\/01\/Randm-Tornado-15000-Mango-On-ice.jpg\" \/>\n\t<meta property=\"og:image:width\" content=\"2000\" \/>\n\t<meta property=\"og:image:height\" content=\"2000\" \/>\n\t<meta property=\"og:image:type\" content=\"image\/jpeg\" \/>\n<meta name=\"twitter:card\" content=\"summary_large_image\" \/>\n<meta name=\"twitter:label1\" content=\"Dur\u00e9e de lecture estim\u00e9e\" \/>\n\t<meta name=\"twitter:data1\" content=\"1 minute\" \/>\n<script type=\"application\/ld+json\" class=\"yoast-schema-graph\">{\"@context\":\"https:\/\/schema.org\",\"@graph\":[{\"@type\":\"WebPage\",\"@id\":\"https:\/\/fumot.uk\/product\/randm-tornado-15000-puffs-mango-on-ice\/\",\"url\":\"https:\/\/fumot.uk\/product\/randm-tornado-15000-puffs-mango-on-ice\/\",\"name\":\"Randm Tornado 15000 Puffs-Mango On ice - Fumot Official Direct | Straight from the Factory, 100% Genuine\",\"isPartOf\":{\"@id\":\"https:\/\/fumot.uk\/#website\"},\"primaryImageOfPage\":{\"@id\":\"https:\/\/fumot.uk\/product\/randm-tornado-15000-puffs-mango-on-ice\/#primaryimage\"},\"image\":{\"@id\":\"https:\/\/fumot.uk\/product\/randm-tornado-15000-puffs-mango-on-ice\/#primaryimage\"},\"thumbnailUrl\":\"https:\/\/fumot.uk\/wp-content\/uploads\/2026\/01\/Randm-Tornado-15000-Mango-On-ice.jpg\",\"datePublished\":\"2026-01-20T02:40:33+00:00\",\"dateModified\":\"2026-01-20T02:43:20+00:00\",\"breadcrumb\":{\"@id\":\"https:\/\/fumot.uk\/product\/randm-tornado-15000-puffs-mango-on-ice\/#breadcrumb\"},\"inLanguage\":\"fr-FR\",\"potentialAction\":[{\"@type\":\"ReadAction\",\"target\":[\"https:\/\/fumot.uk\/product\/randm-tornado-15000-puffs-mango-on-ice\/\"]}]},{\"@type\":\"ImageObject\",\"inLanguage\":\"fr-FR\",\"@id\":\"https:\/\/fumot.uk\/product\/randm-tornado-15000-puffs-mango-on-ice\/#primaryimage\",\"url\":\"https:\/\/fumot.uk\/wp-content\/uploads\/2026\/01\/Randm-Tornado-15000-Mango-On-ice.jpg\",\"contentUrl\":\"https:\/\/fumot.uk\/wp-content\/uploads\/2026\/01\/Randm-Tornado-15000-Mango-On-ice.jpg\",\"width\":2000,\"height\":2000},{\"@type\":\"BreadcrumbList\",\"@id\":\"https:\/\/fumot.uk\/product\/randm-tornado-15000-puffs-mango-on-ice\/#breadcrumb\",\"itemListElement\":[{\"@type\":\"ListItem\",\"position\":1,\"name\":\"Home\",\"item\":\"https:\/\/fumot.uk\/\"},{\"@type\":\"ListItem\",\"position\":2,\"name\":\"Shop\",\"item\":\"https:\/\/fumot.uk\/shop\/\"},{\"@type\":\"ListItem\",\"position\":3,\"name\":\"Randm Tornado 15000 Puffs-Mango On ice\"}]},{\"@type\":\"WebSite\",\"@id\":\"https:\/\/fumot.uk\/#website\",\"url\":\"https:\/\/fumot.uk\/\",\"name\":\"Fumot Official Direct | Straight from the Factory, 100% Genuine\",\"description\":\"Official Website\",\"publisher\":{\"@id\":\"https:\/\/fumot.uk\/#organization\"},\"potentialAction\":[{\"@type\":\"SearchAction\",\"target\":{\"@type\":\"EntryPoint\",\"urlTemplate\":\"https:\/\/fumot.uk\/?s={search_term_string}\"},\"query-input\":{\"@type\":\"PropertyValueSpecification\",\"valueRequired\":true,\"valueName\":\"search_term_string\"}}],\"inLanguage\":\"fr-FR\"},{\"@type\":\"Organization\",\"@id\":\"https:\/\/fumot.uk\/#organization\",\"name\":\"Fumot Official Direct | Straight from the Factory, 100% Genuine\",\"url\":\"https:\/\/fumot.uk\/\",\"logo\":{\"@type\":\"ImageObject\",\"inLanguage\":\"fr-FR\",\"@id\":\"https:\/\/fumot.uk\/#\/schema\/logo\/image\/\",\"url\":\"https:\/\/fumot.uk\/wp-content\/uploads\/2026\/01\/cropped-fumot-logo1.png\",\"contentUrl\":\"https:\/\/fumot.uk\/wp-content\/uploads\/2026\/01\/cropped-fumot-logo1.png\",\"width\":152,\"height\":106,\"caption\":\"Fumot Official Direct | Straight from the Factory, 100% Genuine\"},\"image\":{\"@id\":\"https:\/\/fumot.uk\/#\/schema\/logo\/image\/\"}}]}<\/script>\n<!-- \/ Yoast SEO plugin. -->","yoast_head_json":{"title":"Randm Tornado 15000 Puffs-Mangue sur glace - Fumot Official Direct | Directement de l'usine, 100% Authentique","robots":{"index":"index","follow":"follow","max-snippet":"max-snippet:-1","max-image-preview":"max-image-preview:large","max-video-preview":"max-video-preview:-1"},"canonical":"https:\/\/fumot.uk\/fr\/product\/randm-tornado-15000-puffs-mango-on-ice\/","og_locale":"fr_FR","og_type":"article","og_title":"Randm Tornado 15000 Puffs-Mango On ice - Fumot Official Direct | Straight from the Factory, 100% Genuine","og_description":"Mango On ice-Randm Tornado 15000 Puffs RandM Tornado 15000 Puffs Mango On Ice vereint den exotischen, s\u00fc\u00dfen Geschmack reifer Mango mit einer erfrischenden, k\u00fchlen Note, die f\u00fcr ein tropisches Dampferlebnis sorgt. Dank der fortschrittlichen Mesh-Coil-Technologie und des verstellbaren Luftstromsystems wird der Dampf gleichm\u00e4\u00dfig und geschmeidig, wodurch der Geschmack intensiv und klar zur Geltung kommt. Das [&hellip;]","og_url":"https:\/\/fumot.uk\/fr\/product\/randm-tornado-15000-puffs-mango-on-ice\/","og_site_name":"Fumot Official Direct | Straight from the Factory, 100% Genuine","article_modified_time":"2026-01-20T02:43:20+00:00","og_image":[{"width":2000,"height":2000,"url":"https:\/\/fumot.uk\/wp-content\/uploads\/2026\/01\/Randm-Tornado-15000-Mango-On-ice.jpg","type":"image\/jpeg"}],"twitter_card":"summary_large_image","twitter_misc":{"Dur\u00e9e de lecture estim\u00e9e":"1 minute"},"schema":{"@context":"https:\/\/schema.org","@graph":[{"@type":"WebPage","@id":"https:\/\/fumot.uk\/product\/randm-tornado-15000-puffs-mango-on-ice\/","url":"https:\/\/fumot.uk\/product\/randm-tornado-15000-puffs-mango-on-ice\/","name":"Randm Tornado 15000 Puffs-Mangue sur glace - Fumot Official Direct | Directement de l'usine, 100% Authentique","isPartOf":{"@id":"https:\/\/fumot.uk\/#website"},"primaryImageOfPage":{"@id":"https:\/\/fumot.uk\/product\/randm-tornado-15000-puffs-mango-on-ice\/#primaryimage"},"image":{"@id":"https:\/\/fumot.uk\/product\/randm-tornado-15000-puffs-mango-on-ice\/#primaryimage"},"thumbnailUrl":"https:\/\/fumot.uk\/wp-content\/uploads\/2026\/01\/Randm-Tornado-15000-Mango-On-ice.jpg","datePublished":"2026-01-20T02:40:33+00:00","dateModified":"2026-01-20T02:43:20+00:00","breadcrumb":{"@id":"https:\/\/fumot.uk\/product\/randm-tornado-15000-puffs-mango-on-ice\/#breadcrumb"},"inLanguage":"fr-FR","potentialAction":[{"@type":"ReadAction","target":["https:\/\/fumot.uk\/product\/randm-tornado-15000-puffs-mango-on-ice\/"]}]},{"@type":"ImageObject","inLanguage":"fr-FR","@id":"https:\/\/fumot.uk\/product\/randm-tornado-15000-puffs-mango-on-ice\/#primaryimage","url":"https:\/\/fumot.uk\/wp-content\/uploads\/2026\/01\/Randm-Tornado-15000-Mango-On-ice.jpg","contentUrl":"https:\/\/fumot.uk\/wp-content\/uploads\/2026\/01\/Randm-Tornado-15000-Mango-On-ice.jpg","width":2000,"height":2000},{"@type":"BreadcrumbList","@id":"https:\/\/fumot.uk\/product\/randm-tornado-15000-puffs-mango-on-ice\/#breadcrumb","itemListElement":[{"@type":"ListItem","position":1,"name":"Home","item":"https:\/\/fumot.uk\/"},{"@type":"ListItem","position":2,"name":"Shop","item":"https:\/\/fumot.uk\/shop\/"},{"@type":"ListItem","position":3,"name":"Randm Tornado 15000 Puffs-Mango On ice"}]},{"@type":"WebSite","@id":"https:\/\/fumot.uk\/#website","url":"https:\/\/fumot.uk\/","name":"Fumot Official Direct | Directement de l'usine, 100% Authentique","description":"Site officiel","publisher":{"@id":"https:\/\/fumot.uk\/#organization"},"potentialAction":[{"@type":"SearchAction","target":{"@type":"EntryPoint","urlTemplate":"https:\/\/fumot.uk\/?s={search_term_string}"},"query-input":{"@type":"PropertyValueSpecification","valueRequired":true,"valueName":"search_term_string"}}],"inLanguage":"fr-FR"},{"@type":"Organization","@id":"https:\/\/fumot.uk\/#organization","name":"Fumot Official Direct | Directement de l'usine, 100% Authentique","url":"https:\/\/fumot.uk\/","logo":{"@type":"ImageObject","inLanguage":"fr-FR","@id":"https:\/\/fumot.uk\/#\/schema\/logo\/image\/","url":"https:\/\/fumot.uk\/wp-content\/uploads\/2026\/01\/cropped-fumot-logo1.png","contentUrl":"https:\/\/fumot.uk\/wp-content\/uploads\/2026\/01\/cropped-fumot-logo1.png","width":152,"height":106,"caption":"Fumot Official Direct | Straight from the Factory, 100% Genuine"},"image":{"@id":"https:\/\/fumot.uk\/#\/schema\/logo\/image\/"}}]}},"_links":{"self":[{"href":"https:\/\/fumot.uk\/fr\/wp-json\/wp\/v2\/product\/111","targetHints":{"allow":["GET"]}}],"collection":[{"href":"https:\/\/fumot.uk\/fr\/wp-json\/wp\/v2\/product"}],"about":[{"href":"https:\/\/fumot.uk\/fr\/wp-json\/wp\/v2\/types\/product"}],"replies":[{"embeddable":true,"href":"https:\/\/fumot.uk\/fr\/wp-json\/wp\/v2\/comments?post=111"}],"wp:featuredmedia":[{"embeddable":true,"href":"https:\/\/fumot.uk\/fr\/wp-json\/wp\/v2\/media\/154"}],"wp:attachment":[{"href":"https:\/\/fumot.uk\/fr\/wp-json\/wp\/v2\/media?parent=111"}],"wp:term":[{"taxonomy":"product_brand","embeddable":true,"href":"https:\/\/fumot.uk\/fr\/wp-json\/wp\/v2\/product_brand?post=111"},{"taxonomy":"product_cat","embeddable":true,"href":"https:\/\/fumot.uk\/fr\/wp-json\/wp\/v2\/product_cat?post=111"},{"taxonomy":"product_tag","embeddable":true,"href":"https:\/\/fumot.uk\/fr\/wp-json\/wp\/v2\/product_tag?post=111"}],"curies":[{"name":"wp","href":"https:\/\/api.w.org\/{rel}","templated":true}]}}