{"id":106,"date":"2026-01-20T02:40:32","date_gmt":"2026-01-20T02:40:32","guid":{"rendered":"https:\/\/fumot.uk\/?post_type=product&#038;p=106"},"modified":"2026-01-20T07:31:02","modified_gmt":"2026-01-20T07:31:02","slug":"randm-tornado-15000-puffs-blueberry-pomegranate","status":"publish","type":"product","link":"https:\/\/fumot.uk\/fr\/product\/randm-tornado-15000-puffs-blueberry-pomegranate\/","title":{"rendered":"RandM Tornado 15000 Bouff\u00e9es Myrtille Grenade Vape Jetable | 25ml, 850mAh, R\u00e9sistance en Maille"},"content":{"rendered":"<h2>RandM Tornado 15000 Puffs \u2013 Myrtille Grenade<\/h2>\n<p>D\u00e9couvrez un duo de fruits qui reste croquant du premier au dernier tirage : <strong>RandM Tornado 15000 Puffs Myrtille Grenade<\/strong> m\u00e9lange la douceur lisse et confitur\u00e9e de la myrtille avec la note vive et acidul\u00e9e de la grenade. Le r\u00e9sultat est un profil \u00e9quilibr\u00e9 sucr\u00e9\u2011et\u2011acidul\u00e9 avec des notes de fruits nettes et vives\u2014id\u00e9al pour quiconque souhaite une saveur rafra\u00eechissante toute la journ\u00e9e sans \u00eatre \u00e9crasante.<\/p>\n<p>Aliment\u00e9 par un <strong>Indicateur de batterie et d'e-liquide<\/strong>, cette vape jetable est con\u00e7ue pour offrir une saveur constante et une vapeur satisfaisante. Avec <strong>flux d'air r\u00e9glable<\/strong>, vous pouvez affiner chaque bouff\u00e9e d'un tirage plus serr\u00e9 \u00e0 une inhalation plus ouverte et a\u00e9r\u00e9e. Le <strong>affichage LED<\/strong> ajoute une commodit\u00e9 quotidienne en vous aidant \u00e0 suivre l'utilisation d'un coup d'\u0153il.<\/p>\n<h3>Caract\u00e9ristiques cl\u00e9s<\/h3>\n<ul>\n<li><strong>Jusqu'\u00e0 15000 puffs<\/strong> (l'utilisation varie selon la longueur du tirage)<\/li>\n<li><strong>Myrtille Grenade<\/strong> saveur : douceur de la myrtille + finition grenade acidul\u00e9e<\/li>\n<li><strong>25ml d'e-liquide<\/strong><\/li>\n<li><strong>Options de sel de nicotine :<\/strong> 0% \/ 2% \/ 3% \/ 5%<\/li>\n<li><strong>Indicateur de batterie et d'e-liquide<\/strong> pour un go\u00fbt clair et constant<\/li>\n<li><strong>Flux d'air ajustable<\/strong> pour une inhalation personnalis\u00e9e<\/li>\n<li><strong>Rechargeable<\/strong> avec <strong>850mAh<\/strong> batterie int\u00e9gr\u00e9e<\/li>\n<li><strong>Type\u2011C<\/strong> chargement<\/li>\n<li><strong>affichage LED<\/strong> + <strong>D\u00e9tail de design<\/strong> pour un look moderne et une vue pratique de l'\u00e9tat<\/li>\n<\/ul>\n<h3>Pourquoi vous aimerez cette saveur<\/h3>\n<p>Si vous aimez les vapes aux baies mais souhaitez quelque chose avec un \u00e9clat suppl\u00e9mentaire, Myrtille Grenade apporte un contraste vif\u2014douceur de la myrtille au d\u00e9but, puis une note de grenade juteuse et l\u00e9g\u00e8rement acidul\u00e9e qui garde une sensation de fra\u00eecheur.<\/p>\n<p>Explorez plus d'options et de nouvelles arriv\u00e9es sur <a href=\"https:\/\/fumot.uk\/fr\/\">fumot.uk<\/a>.<\/p>","protected":false},"excerpt":{"rendered":"<p>RandM Tornado 15000 Puffs Vape jetable Myrtille Grenade avec 25ml de e-liquide, bobine en mesh, flux d'air r\u00e9glable, \u00e9cran LED, batterie rechargeable Type\u2011C 850mAh. Nicotine : 0\/2\/3\/5%.<\/p>","protected":false},"featured_media":149,"comment_status":"open","ping_status":"closed","template":"","meta":[],"product_brand":[],"product_cat":[16,18,17],"product_tag":[19,20,21,33,23,25,54,26,27,28],"class_list":{"0":"post-106","1":"product","2":"type-product","3":"status-publish","4":"has-post-thumbnail","6":"product_cat-15000-puff","7":"product_cat-randm-tornado-15000-puffs","8":"product_cat-vape","9":"product_tag-25ml","10":"product_tag-850mah","11":"product_tag-adjustable-airflow","12":"product_tag-blueberry","13":"product_tag-display","14":"product_tag-mesh-coil","15":"product_tag-pomegranate","16":"product_tag-rechargeable","17":"product_tag-rgb-light","18":"product_tag-type-c","20":"first","21":"instock","22":"sale","23":"shipping-taxable","24":"purchasable","25":"product-type-variable","26":"has-default-attributes"},"yoast_head":"<!-- This site is optimized with the Yoast SEO plugin v26.8 - https:\/\/yoast.com\/product\/yoast-seo-wordpress\/ -->\n<title>RandM Tornado 15000 Blueberry Pomegranate | fumot.uk<\/title>\n<meta name=\"description\" content=\"RandM Tornado 15000 Puffs Blueberry Pomegranate: 25ml e-liquid, mesh coil, adjustable airflow, LED display, 850mAh rechargeable Type\u2011C. 0\/2\/3\/5% nic salt.\" \/>\n<meta name=\"robots\" content=\"index, follow, max-snippet:-1, max-image-preview:large, max-video-preview:-1\" \/>\n<link rel=\"canonical\" href=\"https:\/\/fumot.uk\/fr\/product\/randm-tornado-15000-puffs-blueberry-pomegranate\/\" \/>\n<meta property=\"og:locale\" content=\"fr_FR\" \/>\n<meta property=\"og:type\" content=\"article\" \/>\n<meta property=\"og:title\" content=\"RandM Tornado 15000 \u2013 Blueberry Pomegranate (25ml, Mesh Coil)\" \/>\n<meta property=\"og:description\" content=\"A sweet blueberry inhale with a tangy pomegranate finish. Adjustable airflow, LED display, 850mAh rechargeable Type\u2011C. Shop at fumot.uk.\" \/>\n<meta property=\"og:url\" content=\"https:\/\/fumot.uk\/fr\/product\/randm-tornado-15000-puffs-blueberry-pomegranate\/\" \/>\n<meta property=\"og:site_name\" content=\"Fumot Official Direct | Straight from the Factory, 100% Genuine\" \/>\n<meta property=\"article:modified_time\" content=\"2026-01-20T07:31:02+00:00\" \/>\n<meta property=\"og:image\" content=\"https:\/\/fumot.uk\/wp-content\/uploads\/2026\/01\/Randm-Tornado-15000-Blueberry-Pomegranate.jpg\" \/>\n\t<meta property=\"og:image:width\" content=\"2000\" \/>\n\t<meta property=\"og:image:height\" content=\"2000\" \/>\n\t<meta property=\"og:image:type\" content=\"image\/jpeg\" \/>\n<meta name=\"twitter:card\" content=\"summary_large_image\" \/>\n<meta name=\"twitter:label1\" content=\"Dur\u00e9e de lecture estim\u00e9e\" \/>\n\t<meta name=\"twitter:data1\" content=\"1 minute\" \/>\n<script type=\"application\/ld+json\" class=\"yoast-schema-graph\">{\"@context\":\"https:\/\/schema.org\",\"@graph\":[{\"@type\":\"WebPage\",\"@id\":\"https:\/\/fumot.uk\/product\/randm-tornado-15000-puffs-blueberry-pomegranate\/\",\"url\":\"https:\/\/fumot.uk\/product\/randm-tornado-15000-puffs-blueberry-pomegranate\/\",\"name\":\"RandM Tornado 15000 Blueberry Pomegranate | fumot.uk\",\"isPartOf\":{\"@id\":\"https:\/\/fumot.uk\/#website\"},\"primaryImageOfPage\":{\"@id\":\"https:\/\/fumot.uk\/product\/randm-tornado-15000-puffs-blueberry-pomegranate\/#primaryimage\"},\"image\":{\"@id\":\"https:\/\/fumot.uk\/product\/randm-tornado-15000-puffs-blueberry-pomegranate\/#primaryimage\"},\"thumbnailUrl\":\"https:\/\/fumot.uk\/wp-content\/uploads\/2026\/01\/Randm-Tornado-15000-Blueberry-Pomegranate.jpg\",\"datePublished\":\"2026-01-20T02:40:32+00:00\",\"dateModified\":\"2026-01-20T07:31:02+00:00\",\"description\":\"RandM Tornado 15000 Puffs Blueberry Pomegranate: 25ml e-liquid, mesh coil, adjustable airflow, LED display, 850mAh rechargeable Type\u2011C. 0\/2\/3\/5% nic salt.\",\"breadcrumb\":{\"@id\":\"https:\/\/fumot.uk\/product\/randm-tornado-15000-puffs-blueberry-pomegranate\/#breadcrumb\"},\"inLanguage\":\"fr-FR\",\"potentialAction\":[{\"@type\":\"ReadAction\",\"target\":[\"https:\/\/fumot.uk\/product\/randm-tornado-15000-puffs-blueberry-pomegranate\/\"]}]},{\"@type\":\"ImageObject\",\"inLanguage\":\"fr-FR\",\"@id\":\"https:\/\/fumot.uk\/product\/randm-tornado-15000-puffs-blueberry-pomegranate\/#primaryimage\",\"url\":\"https:\/\/fumot.uk\/wp-content\/uploads\/2026\/01\/Randm-Tornado-15000-Blueberry-Pomegranate.jpg\",\"contentUrl\":\"https:\/\/fumot.uk\/wp-content\/uploads\/2026\/01\/Randm-Tornado-15000-Blueberry-Pomegranate.jpg\",\"width\":2000,\"height\":2000},{\"@type\":\"BreadcrumbList\",\"@id\":\"https:\/\/fumot.uk\/product\/randm-tornado-15000-puffs-blueberry-pomegranate\/#breadcrumb\",\"itemListElement\":[{\"@type\":\"ListItem\",\"position\":1,\"name\":\"Home\",\"item\":\"https:\/\/fumot.uk\/\"},{\"@type\":\"ListItem\",\"position\":2,\"name\":\"Shop\",\"item\":\"https:\/\/fumot.uk\/shop\/\"},{\"@type\":\"ListItem\",\"position\":3,\"name\":\"RandM Tornado 15000 Puffs Blueberry Pomegranate Disposable Vape | 25ml, 850mAh, Mesh Coil\"}]},{\"@type\":\"WebSite\",\"@id\":\"https:\/\/fumot.uk\/#website\",\"url\":\"https:\/\/fumot.uk\/\",\"name\":\"Fumot Official Direct | Straight from the Factory, 100% Genuine\",\"description\":\"Official Website\",\"publisher\":{\"@id\":\"https:\/\/fumot.uk\/#organization\"},\"potentialAction\":[{\"@type\":\"SearchAction\",\"target\":{\"@type\":\"EntryPoint\",\"urlTemplate\":\"https:\/\/fumot.uk\/?s={search_term_string}\"},\"query-input\":{\"@type\":\"PropertyValueSpecification\",\"valueRequired\":true,\"valueName\":\"search_term_string\"}}],\"inLanguage\":\"fr-FR\"},{\"@type\":\"Organization\",\"@id\":\"https:\/\/fumot.uk\/#organization\",\"name\":\"Fumot Official Direct | Straight from the Factory, 100% Genuine\",\"url\":\"https:\/\/fumot.uk\/\",\"logo\":{\"@type\":\"ImageObject\",\"inLanguage\":\"fr-FR\",\"@id\":\"https:\/\/fumot.uk\/#\/schema\/logo\/image\/\",\"url\":\"https:\/\/fumot.uk\/wp-content\/uploads\/2026\/01\/cropped-fumot-logo1.png\",\"contentUrl\":\"https:\/\/fumot.uk\/wp-content\/uploads\/2026\/01\/cropped-fumot-logo1.png\",\"width\":152,\"height\":106,\"caption\":\"Fumot Official Direct | Straight from the Factory, 100% Genuine\"},\"image\":{\"@id\":\"https:\/\/fumot.uk\/#\/schema\/logo\/image\/\"}}]}<\/script>\n<!-- \/ Yoast SEO plugin. -->","yoast_head_json":{"title":"RandM Tornado 15000 Myrtille Grenade | fumot.uk","description":"RandM Tornado 15000 Puffs Blueberry Pomegranate : 25ml e-liquide, bobine en mesh, flux d'air r\u00e9glable, affichage LED, rechargeable 850mAh Type\u2011C. 0\/2\/3\/5% sel de nicotine.","robots":{"index":"index","follow":"follow","max-snippet":"max-snippet:-1","max-image-preview":"max-image-preview:large","max-video-preview":"max-video-preview:-1"},"canonical":"https:\/\/fumot.uk\/fr\/product\/randm-tornado-15000-puffs-blueberry-pomegranate\/","og_locale":"fr_FR","og_type":"article","og_title":"RandM Tornado 15000 \u2013 Blueberry Pomegranate (25ml, Mesh Coil)","og_description":"A sweet blueberry inhale with a tangy pomegranate finish. Adjustable airflow, LED display, 850mAh rechargeable Type\u2011C. Shop at fumot.uk.","og_url":"https:\/\/fumot.uk\/fr\/product\/randm-tornado-15000-puffs-blueberry-pomegranate\/","og_site_name":"Fumot Official Direct | Straight from the Factory, 100% Genuine","article_modified_time":"2026-01-20T07:31:02+00:00","og_image":[{"width":2000,"height":2000,"url":"https:\/\/fumot.uk\/wp-content\/uploads\/2026\/01\/Randm-Tornado-15000-Blueberry-Pomegranate.jpg","type":"image\/jpeg"}],"twitter_card":"summary_large_image","twitter_misc":{"Dur\u00e9e de lecture estim\u00e9e":"1 minute"},"schema":{"@context":"https:\/\/schema.org","@graph":[{"@type":"WebPage","@id":"https:\/\/fumot.uk\/product\/randm-tornado-15000-puffs-blueberry-pomegranate\/","url":"https:\/\/fumot.uk\/product\/randm-tornado-15000-puffs-blueberry-pomegranate\/","name":"RandM Tornado 15000 Myrtille Grenade | fumot.uk","isPartOf":{"@id":"https:\/\/fumot.uk\/#website"},"primaryImageOfPage":{"@id":"https:\/\/fumot.uk\/product\/randm-tornado-15000-puffs-blueberry-pomegranate\/#primaryimage"},"image":{"@id":"https:\/\/fumot.uk\/product\/randm-tornado-15000-puffs-blueberry-pomegranate\/#primaryimage"},"thumbnailUrl":"https:\/\/fumot.uk\/wp-content\/uploads\/2026\/01\/Randm-Tornado-15000-Blueberry-Pomegranate.jpg","datePublished":"2026-01-20T02:40:32+00:00","dateModified":"2026-01-20T07:31:02+00:00","description":"RandM Tornado 15000 Puffs Blueberry Pomegranate : 25ml e-liquide, bobine en mesh, flux d'air r\u00e9glable, affichage LED, rechargeable 850mAh Type\u2011C. 0\/2\/3\/5% sel de nicotine.","breadcrumb":{"@id":"https:\/\/fumot.uk\/product\/randm-tornado-15000-puffs-blueberry-pomegranate\/#breadcrumb"},"inLanguage":"fr-FR","potentialAction":[{"@type":"ReadAction","target":["https:\/\/fumot.uk\/product\/randm-tornado-15000-puffs-blueberry-pomegranate\/"]}]},{"@type":"ImageObject","inLanguage":"fr-FR","@id":"https:\/\/fumot.uk\/product\/randm-tornado-15000-puffs-blueberry-pomegranate\/#primaryimage","url":"https:\/\/fumot.uk\/wp-content\/uploads\/2026\/01\/Randm-Tornado-15000-Blueberry-Pomegranate.jpg","contentUrl":"https:\/\/fumot.uk\/wp-content\/uploads\/2026\/01\/Randm-Tornado-15000-Blueberry-Pomegranate.jpg","width":2000,"height":2000},{"@type":"BreadcrumbList","@id":"https:\/\/fumot.uk\/product\/randm-tornado-15000-puffs-blueberry-pomegranate\/#breadcrumb","itemListElement":[{"@type":"ListItem","position":1,"name":"Home","item":"https:\/\/fumot.uk\/"},{"@type":"ListItem","position":2,"name":"Shop","item":"https:\/\/fumot.uk\/shop\/"},{"@type":"ListItem","position":3,"name":"RandM Tornado 15000 Puffs Blueberry Pomegranate Disposable Vape | 25ml, 850mAh, Mesh Coil"}]},{"@type":"WebSite","@id":"https:\/\/fumot.uk\/#website","url":"https:\/\/fumot.uk\/","name":"Fumot Official Direct | Directement de l'usine, 100% Authentique","description":"Site officiel","publisher":{"@id":"https:\/\/fumot.uk\/#organization"},"potentialAction":[{"@type":"SearchAction","target":{"@type":"EntryPoint","urlTemplate":"https:\/\/fumot.uk\/?s={search_term_string}"},"query-input":{"@type":"PropertyValueSpecification","valueRequired":true,"valueName":"search_term_string"}}],"inLanguage":"fr-FR"},{"@type":"Organization","@id":"https:\/\/fumot.uk\/#organization","name":"Fumot Official Direct | Directement de l'usine, 100% Authentique","url":"https:\/\/fumot.uk\/","logo":{"@type":"ImageObject","inLanguage":"fr-FR","@id":"https:\/\/fumot.uk\/#\/schema\/logo\/image\/","url":"https:\/\/fumot.uk\/wp-content\/uploads\/2026\/01\/cropped-fumot-logo1.png","contentUrl":"https:\/\/fumot.uk\/wp-content\/uploads\/2026\/01\/cropped-fumot-logo1.png","width":152,"height":106,"caption":"Fumot Official Direct | Straight from the Factory, 100% Genuine"},"image":{"@id":"https:\/\/fumot.uk\/#\/schema\/logo\/image\/"}}]}},"_links":{"self":[{"href":"https:\/\/fumot.uk\/fr\/wp-json\/wp\/v2\/product\/106","targetHints":{"allow":["GET"]}}],"collection":[{"href":"https:\/\/fumot.uk\/fr\/wp-json\/wp\/v2\/product"}],"about":[{"href":"https:\/\/fumot.uk\/fr\/wp-json\/wp\/v2\/types\/product"}],"replies":[{"embeddable":true,"href":"https:\/\/fumot.uk\/fr\/wp-json\/wp\/v2\/comments?post=106"}],"wp:featuredmedia":[{"embeddable":true,"href":"https:\/\/fumot.uk\/fr\/wp-json\/wp\/v2\/media\/149"}],"wp:attachment":[{"href":"https:\/\/fumot.uk\/fr\/wp-json\/wp\/v2\/media?parent=106"}],"wp:term":[{"taxonomy":"product_brand","embeddable":true,"href":"https:\/\/fumot.uk\/fr\/wp-json\/wp\/v2\/product_brand?post=106"},{"taxonomy":"product_cat","embeddable":true,"href":"https:\/\/fumot.uk\/fr\/wp-json\/wp\/v2\/product_cat?post=106"},{"taxonomy":"product_tag","embeddable":true,"href":"https:\/\/fumot.uk\/fr\/wp-json\/wp\/v2\/product_tag?post=106"}],"curies":[{"name":"wp","href":"https:\/\/api.w.org\/{rel}","templated":true}]}}