{"id":6787,"date":"2026-01-23T02:19:15","date_gmt":"2026-01-23T02:19:15","guid":{"rendered":"https:\/\/fumot.uk\/?page_id=6787"},"modified":"2026-01-23T02:19:15","modified_gmt":"2026-01-23T02:19:15","slug":"terms-of-service","status":"publish","type":"page","link":"https:\/\/fumot.uk\/fr\/terms-of-service\/","title":{"rendered":"Conditions d'utilisation"},"content":{"rendered":"<h2>Conditions d'utilisation<\/h2>\n<p><strong>Derni\u00e8re mise \u00e0 jour : 22 janvier 2026<\/strong><\/p>\n<p>Bienvenue sur <strong>fumot.uk<\/strong> (le \u201c Site Web \u201d). Ces Conditions de Service (\u201c Conditions \u201d) r\u00e9gissent votre acc\u00e8s et utilisation du Site Web ainsi que l'achat de produits chez nous.<\/p>\n<p>En acc\u00e9dant, naviguant ou achetant sur fumot.uk, vous acceptez d'\u00eatre li\u00e9 par ces Conditions. Si vous n'\u00eates PAS d'accord, vous ne devez pas utiliser le Site Web ou passer de commandes.<\/p>\n<div class=\"warning\"><strong>IMPORTANT \u2013 RESTRICTION D'\u00c2GE<\/strong><\/p>\n<p>Ce Site Web vend des produits contenant de la nicotine. Selon la loi britannique (Nicotine Inhaling Products (Age of Sale and Proxy Purchasing) Regulations 2015), il est ill\u00e9gal de vendre des produits nicotiniques \u00e0 quiconque \u00e2g\u00e9 de moins de 18 ans.<\/p>\n<p><span class=\"important\">Vous devez avoir au moins 18 ans pour acheter des produits sur fumot.uk.<\/span><br \/>\nNous utilisons des processus de v\u00e9rification d'\u00e2ge lors du paiement. En passant une commande, vous d\u00e9clarez avoir 18 ans ou plus.<\/div>\n<h3>1. Informations sur nous<\/h3>\n<p>fumot.uk est exploit\u00e9 par [Nom de votre entreprise \/ Nom de votre entit\u00e9 l\u00e9gale], enregistr\u00e9 en [Angleterre et Pays de Galles \/ \u00c9cosse etc.] sous le num\u00e9ro d'entreprise [Votre num\u00e9ro d'entreprise], avec si\u00e8ge social \u00e0 [Votre adresse compl\u00e8te].<\/p>\n<p>Num\u00e9ro de TVA : [Votre num\u00e9ro de TVA si applicable]<\/p>\n<h3>2. Produits \u2013 Avertissements importants<\/h3>\n<ul>\n<li>Tous les produits vendus sur fumot.uk contiennent de la nicotine sauf indication claire de 0mg \/ sans nicotine.<\/li>\n<li><strong>AVERTISSEMENT :<\/strong> La nicotine est une substance chimique addictive.<\/li>\n<li>Nos produits sont destin\u00e9s \u00e0 \u00eatre utilis\u00e9s uniquement par des fumeurs et vapoteurs adultes existants. Ils ne conviennent pas aux non-fumeurs, femmes enceintes ou allaitantes, personnes souffrant de maladies cardiaques, d'hypertension, de diab\u00e8te ou prenant des m\u00e9dicaments pour la d\u00e9pression ou l'asthme.<\/li>\n<li>Les vapes jetables sont des cigarettes \u00e9lectroniques \u00e0 usage unique. Une fois la batterie ou le liquide \u00e9puis\u00e9, le produit doit \u00eatre \u00e9limin\u00e9 de mani\u00e8re responsable conform\u00e9ment aux r\u00e9glementations locales WEEE \u2013 ne PAS jeter avec les d\u00e9chets m\u00e9nagers.<\/li>\n<\/ul>\n<h3>3. Commandes et formation de contrat<\/h3>\n<p>L'affichage des produits sur le Site Web ne constitue pas une offre de vente. Votre commande est une offre d'achat. Un contrat est form\u00e9 uniquement lorsque nous vous envoyons un e-mail de confirmation de commande.<\/p>\n<p>Nous nous r\u00e9servons le droit de refuser ou d'annuler toute commande (m\u00eame apr\u00e8s confirmation) pour toute raison, y compris mais sans s'y limiter :<\/p>\n<ul>\n<li>Achat suspect\u00e9 par un mineur<\/li>\n<li>\u00c9chec de la v\u00e9rification d'\u00e2ge<\/li>\n<li>Indisponibilit\u00e9 des stocks<\/li>\n<li>Erreurs de tarification<\/li>\n<li>Soup\u00e7on de fraude<\/li>\n<\/ul>\n<h3>4. Tarification et paiement<\/h3>\n<p>Tous les prix sont en GBP et incluent la TVA le cas \u00e9ch\u00e9ant. Les frais de livraison sont indiqu\u00e9s s\u00e9par\u00e9ment.<\/p>\n<p>Nous acceptons les principales cartes de cr\u00e9dit\/d\u00e9bit et autres m\u00e9thodes de paiement affich\u00e9es lors du paiement. Le paiement est trait\u00e9 de mani\u00e8re s\u00e9curis\u00e9e via [Votre fournisseur de paiement, par exemple Stripe \/ PayPal].<\/p>\n<h3>5. Livraison<\/h3>\n<p>Nous visons \u00e0 exp\u00e9dier les commandes dans un d\u00e9lai de [1\u20132] jours ouvrables. Les d\u00e9lais de livraison sont uniquement des estimations.<\/p>\n<p>Le risque de perte vous est transf\u00e9r\u00e9 \u00e0 la livraison. Le titre est transf\u00e9r\u00e9 lorsque nous recevons le paiement int\u00e9gral.<\/p>\n<h3>6. Retours et remboursements \u2013 Vapes jetables<\/h3>\n<p>Pour des raisons d'hygi\u00e8ne et de s\u00e9curit\u00e9 des produits, nous n'acceptons pas les retours ou remboursements sur les vapes jetables utilis\u00e9es ou ouvertes.<\/p>\n<p>Les vapes jetables non ouvertes et non utilis\u00e9es peuvent \u00eatre retourn\u00e9es dans les 14 jours suivant la livraison conform\u00e9ment aux r\u00e9glementations sur les contrats de consommation, \u00e0 condition qu'elles soient en \u00e9tat de revente. Les frais de retour sont \u00e0 votre charge.<\/p>\n<p>Les produits d\u00e9fectueux \/ d\u00e9faillants sont couverts par notre garantie de droits statutaires.<\/p>\n<h3>7. Politique de v\u00e9rification d'\u00e2ge<\/h3>\n<p>Nous sommes l\u00e9galement tenus de v\u00e9rifier que tous les clients ont 18 ans ou plus. Nous pouvons utiliser des services de v\u00e9rification d'\u00e2ge tiers et\/ou demander une pi\u00e8ce d'identit\u00e9 photographique avant de traiter ou d'exp\u00e9dier les commandes.<\/p>\n<h3>8. Limitation de responsabilit\u00e9<\/h3>\n<p>Dans toute la mesure permise par la loi, notre responsabilit\u00e9 totale envers vous ne d\u00e9passera pas le montant pay\u00e9 par vous pour le(s) produit(s) en question.<\/p>\n<p>Nous ne sommes pas responsables des pertes indirectes, cons\u00e9cutives ou sp\u00e9ciales (y compris la perte de profits, de donn\u00e9es, de plaisir de vapoter, etc.).<\/p>\n<h3>9. Propri\u00e9t\u00e9 intellectuelle<\/h3>\n<p>Tout le contenu sur fumot.uk (texte, images, logos, descriptions de produits) est notre propri\u00e9t\u00e9 ou sous licence. Vous ne pouvez pas le reproduire ou l'utiliser sans permission.<\/p>\n<h3>10. Droit applicable et juridiction<\/h3>\n<p>Ces Conditions sont r\u00e9gies par les lois d'Angleterre et du Pays de Galles. Tout litige sera soumis \u00e0 la juridiction exclusive des tribunaux d'Angleterre et du Pays de Galles.<\/p>\n<h3>11. Modifications de ces Conditions<\/h3>\n<p>Nous pouvons mettre \u00e0 jour ces Conditions de temps \u00e0 autre. La version actuelle est toujours affich\u00e9e sur cette page. L'utilisation continue du Site Web apr\u00e8s les modifications constitue une acceptation.<\/p>","protected":false},"excerpt":{"rendered":"<p>Conditions d'utilisation Derni\u00e8re mise \u00e0 jour : 22 janvier 2026 Bienvenue sur fumot.uk (le \u201c Site Web \u201d). Ces Conditions d'utilisation (\u201c Conditions \u201d) r\u00e9gissent votre acc\u00e8s et utilisation du Site Web ainsi que l'achat de produits aupr\u00e8s de nous. En acc\u00e9dant, en naviguant ou en achetant sur fumot.uk, vous acceptez d'\u00eatre li\u00e9 par ces Conditions. Si vous n'\u00eates PAS d'accord, vous [\u2026]<\/p>","protected":false},"author":1,"featured_media":0,"parent":0,"menu_order":0,"comment_status":"closed","ping_status":"closed","template":"","meta":{"footnotes":""},"class_list":["post-6787","page","type-page","status-publish","hentry"],"yoast_head":"<!-- This site is optimized with the Yoast SEO plugin v26.8 - https:\/\/yoast.com\/product\/yoast-seo-wordpress\/ -->\n<title>Terms of Service - Fumot Official Direct | Straight from the Factory, 100% Genuine<\/title>\n<meta name=\"description\" content=\"Latest Fumot disposable vapes at fumot.uk \u2013 massive flavour selection, unbeatable puff counts &amp; speedy UK delivery. Must be 18+. Shop now!\" \/>\n<meta name=\"robots\" content=\"index, follow, max-snippet:-1, max-image-preview:large, max-video-preview:-1\" \/>\n<link rel=\"canonical\" href=\"https:\/\/fumot.uk\/fr\/terms-of-service\/\" \/>\n<meta property=\"og:locale\" content=\"fr_FR\" \/>\n<meta property=\"og:type\" content=\"article\" \/>\n<meta property=\"og:title\" content=\"Terms of Service - Fumot Official Direct | Straight from the Factory, 100% Genuine\" \/>\n<meta property=\"og:description\" content=\"Latest Fumot disposable vapes at fumot.uk \u2013 massive flavour selection, unbeatable puff counts &amp; speedy UK delivery. Must be 18+. Shop now!\" \/>\n<meta property=\"og:url\" content=\"https:\/\/fumot.uk\/fr\/terms-of-service\/\" \/>\n<meta property=\"og:site_name\" content=\"Fumot Official Direct | Straight from the Factory, 100% Genuine\" \/>\n<meta name=\"twitter:card\" content=\"summary_large_image\" \/>\n<meta name=\"twitter:label1\" content=\"Dur\u00e9e de lecture estim\u00e9e\" \/>\n\t<meta name=\"twitter:data1\" content=\"3 minutes\" \/>\n<script type=\"application\/ld+json\" class=\"yoast-schema-graph\">{\"@context\":\"https:\/\/schema.org\",\"@graph\":[{\"@type\":\"WebPage\",\"@id\":\"https:\/\/fumot.uk\/terms-of-service\/\",\"url\":\"https:\/\/fumot.uk\/terms-of-service\/\",\"name\":\"Terms of Service - Fumot Official Direct | Straight from the Factory, 100% Genuine\",\"isPartOf\":{\"@id\":\"https:\/\/fumot.uk\/#website\"},\"datePublished\":\"2026-01-23T02:19:15+00:00\",\"description\":\"Latest Fumot disposable vapes at fumot.uk \u2013 massive flavour selection, unbeatable puff counts & speedy UK delivery. Must be 18+. Shop now!\",\"breadcrumb\":{\"@id\":\"https:\/\/fumot.uk\/terms-of-service\/#breadcrumb\"},\"inLanguage\":\"fr-FR\",\"potentialAction\":[{\"@type\":\"ReadAction\",\"target\":[\"https:\/\/fumot.uk\/terms-of-service\/\"]}]},{\"@type\":\"BreadcrumbList\",\"@id\":\"https:\/\/fumot.uk\/terms-of-service\/#breadcrumb\",\"itemListElement\":[{\"@type\":\"ListItem\",\"position\":1,\"name\":\"Home\",\"item\":\"https:\/\/fumot.uk\/\"},{\"@type\":\"ListItem\",\"position\":2,\"name\":\"Terms of Service\"}]},{\"@type\":\"WebSite\",\"@id\":\"https:\/\/fumot.uk\/#website\",\"url\":\"https:\/\/fumot.uk\/\",\"name\":\"Fumot Official Direct | Straight from the Factory, 100% Genuine\",\"description\":\"Official Website\",\"publisher\":{\"@id\":\"https:\/\/fumot.uk\/#organization\"},\"potentialAction\":[{\"@type\":\"SearchAction\",\"target\":{\"@type\":\"EntryPoint\",\"urlTemplate\":\"https:\/\/fumot.uk\/?s={search_term_string}\"},\"query-input\":{\"@type\":\"PropertyValueSpecification\",\"valueRequired\":true,\"valueName\":\"search_term_string\"}}],\"inLanguage\":\"fr-FR\"},{\"@type\":\"Organization\",\"@id\":\"https:\/\/fumot.uk\/#organization\",\"name\":\"Fumot Official Direct | Straight from the Factory, 100% Genuine\",\"url\":\"https:\/\/fumot.uk\/\",\"logo\":{\"@type\":\"ImageObject\",\"inLanguage\":\"fr-FR\",\"@id\":\"https:\/\/fumot.uk\/#\/schema\/logo\/image\/\",\"url\":\"https:\/\/fumot.uk\/wp-content\/uploads\/2026\/01\/cropped-fumot-logo1.png\",\"contentUrl\":\"https:\/\/fumot.uk\/wp-content\/uploads\/2026\/01\/cropped-fumot-logo1.png\",\"width\":152,\"height\":106,\"caption\":\"Fumot Official Direct | Straight from the Factory, 100% Genuine\"},\"image\":{\"@id\":\"https:\/\/fumot.uk\/#\/schema\/logo\/image\/\"}}]}<\/script>\n<!-- \/ Yoast SEO plugin. -->","yoast_head_json":{"title":"Conditions d'utilisation - Fumot Official Direct | Directement de l'usine, 100% Authentique","description":"Derni\u00e8res cigarettes \u00e9lectroniques jetables Fumot sur fumot.uk \u2013 vaste s\u00e9lection de saveurs, nombre de bouff\u00e9es imbattable &amp; livraison rapide au Royaume-Uni. Doit avoir 18 ans ou plus. Achetez maintenant !","robots":{"index":"index","follow":"follow","max-snippet":"max-snippet:-1","max-image-preview":"max-image-preview:large","max-video-preview":"max-video-preview:-1"},"canonical":"https:\/\/fumot.uk\/fr\/terms-of-service\/","og_locale":"fr_FR","og_type":"article","og_title":"Terms of Service - Fumot Official Direct | Straight from the Factory, 100% Genuine","og_description":"Latest Fumot disposable vapes at fumot.uk \u2013 massive flavour selection, unbeatable puff counts & speedy UK delivery. Must be 18+. Shop now!","og_url":"https:\/\/fumot.uk\/fr\/terms-of-service\/","og_site_name":"Fumot Official Direct | Straight from the Factory, 100% Genuine","twitter_card":"summary_large_image","twitter_misc":{"Dur\u00e9e de lecture estim\u00e9e":"3 minutes"},"schema":{"@context":"https:\/\/schema.org","@graph":[{"@type":"WebPage","@id":"https:\/\/fumot.uk\/terms-of-service\/","url":"https:\/\/fumot.uk\/terms-of-service\/","name":"Conditions d'utilisation - Fumot Official Direct | Directement de l'usine, 100% Authentique","isPartOf":{"@id":"https:\/\/fumot.uk\/#website"},"datePublished":"2026-01-23T02:19:15+00:00","description":"Derni\u00e8res cigarettes \u00e9lectroniques jetables Fumot sur fumot.uk \u2013 vaste s\u00e9lection de saveurs, nombre de bouff\u00e9es imbattable &amp; livraison rapide au Royaume-Uni. Doit avoir 18 ans ou plus. Achetez maintenant !","breadcrumb":{"@id":"https:\/\/fumot.uk\/terms-of-service\/#breadcrumb"},"inLanguage":"fr-FR","potentialAction":[{"@type":"ReadAction","target":["https:\/\/fumot.uk\/terms-of-service\/"]}]},{"@type":"BreadcrumbList","@id":"https:\/\/fumot.uk\/terms-of-service\/#breadcrumb","itemListElement":[{"@type":"ListItem","position":1,"name":"Home","item":"https:\/\/fumot.uk\/"},{"@type":"ListItem","position":2,"name":"Terms of Service"}]},{"@type":"WebSite","@id":"https:\/\/fumot.uk\/#website","url":"https:\/\/fumot.uk\/","name":"Fumot Official Direct | Directement de l'usine, 100% Authentique","description":"Site officiel","publisher":{"@id":"https:\/\/fumot.uk\/#organization"},"potentialAction":[{"@type":"SearchAction","target":{"@type":"EntryPoint","urlTemplate":"https:\/\/fumot.uk\/?s={search_term_string}"},"query-input":{"@type":"PropertyValueSpecification","valueRequired":true,"valueName":"search_term_string"}}],"inLanguage":"fr-FR"},{"@type":"Organization","@id":"https:\/\/fumot.uk\/#organization","name":"Fumot Official Direct | Directement de l'usine, 100% Authentique","url":"https:\/\/fumot.uk\/","logo":{"@type":"ImageObject","inLanguage":"fr-FR","@id":"https:\/\/fumot.uk\/#\/schema\/logo\/image\/","url":"https:\/\/fumot.uk\/wp-content\/uploads\/2026\/01\/cropped-fumot-logo1.png","contentUrl":"https:\/\/fumot.uk\/wp-content\/uploads\/2026\/01\/cropped-fumot-logo1.png","width":152,"height":106,"caption":"Fumot Official Direct | Straight from the Factory, 100% Genuine"},"image":{"@id":"https:\/\/fumot.uk\/#\/schema\/logo\/image\/"}}]}},"_links":{"self":[{"href":"https:\/\/fumot.uk\/fr\/wp-json\/wp\/v2\/pages\/6787","targetHints":{"allow":["GET"]}}],"collection":[{"href":"https:\/\/fumot.uk\/fr\/wp-json\/wp\/v2\/pages"}],"about":[{"href":"https:\/\/fumot.uk\/fr\/wp-json\/wp\/v2\/types\/page"}],"author":[{"embeddable":true,"href":"https:\/\/fumot.uk\/fr\/wp-json\/wp\/v2\/users\/1"}],"replies":[{"embeddable":true,"href":"https:\/\/fumot.uk\/fr\/wp-json\/wp\/v2\/comments?post=6787"}],"version-history":[{"count":1,"href":"https:\/\/fumot.uk\/fr\/wp-json\/wp\/v2\/pages\/6787\/revisions"}],"predecessor-version":[{"id":6789,"href":"https:\/\/fumot.uk\/fr\/wp-json\/wp\/v2\/pages\/6787\/revisions\/6789"}],"wp:attachment":[{"href":"https:\/\/fumot.uk\/fr\/wp-json\/wp\/v2\/media?parent=6787"}],"curies":[{"name":"wp","href":"https:\/\/api.w.org\/{rel}","templated":true}]}}