{"id":6779,"date":"2026-01-23T01:52:57","date_gmt":"2026-01-23T01:52:57","guid":{"rendered":"https:\/\/fumot.uk\/?page_id=6779"},"modified":"2026-01-23T01:52:57","modified_gmt":"2026-01-23T01:52:57","slug":"shipping-info","status":"publish","type":"page","link":"https:\/\/fumot.uk\/fr\/shipping-info\/","title":{"rendered":"Informations sur la livraison"},"content":{"rendered":"<div class=\"entry-content\">\n<h2>Informations sur la livraison<\/h2>\n<h3>1. Traitement des commandes et exp\u00e9dition<\/h3>\n<ul>\n<li>Les commandes sont g\u00e9n\u00e9ralement trait\u00e9es et exp\u00e9di\u00e9es sous 1 \u00e0 3 jours ouvrables.<\/li>\n<li>Le d\u00e9lai de livraison varie g\u00e9n\u00e9ralement de 7 \u00e0 15 jours ouvrables apr\u00e8s exp\u00e9dition.<\/li>\n<li>Veuillez noter : Nous ne traitons ni n'exp\u00e9dions de commandes le week-end ou les jours f\u00e9ri\u00e9s.<\/li>\n<\/ul>\n<h3>2. Suivi de votre colis<\/h3>\n<ul>\n<li>Une fois votre commande exp\u00e9di\u00e9e, vous recevrez un num\u00e9ro de suivi par email.<\/li>\n<li>Vous pouvez suivre le statut de votre colis \u00e0 tout moment en utilisant le num\u00e9ro de suivi sur <strong>17track.net<\/strong>.<\/li>\n<li>Les informations de suivi peuvent prendre 1 \u00e0 2 jours pour \u00eatre actives apr\u00e8s l'exp\u00e9dition.<\/li>\n<\/ul>\n<h3>3. Modifications et annulations de commande<\/h3>\n<ul>\n<li>Vous pouvez annuler votre commande ou mettre \u00e0 jour l'adresse de livraison \u00e0 tout moment avant l'exp\u00e9dition des articles.<\/li>\n<li>Une fois le colis quitt\u00e9 notre \u00e9tablissement, aucun changement d'adresse ou remboursement ne peut \u00eatre effectu\u00e9.<\/li>\n<li>La livraison gratuite est disponible pour les commandes livr\u00e9es aux \u00c9tats-Unis et en Australie.<\/li>\n<\/ul>\n<h3>4. Exp\u00e9dition DDP (Delivery Duty Paid)<\/h3>\n<p>Pour certains pays, nous proposons le service **Delivery Duty Paid (DDP)**, ce qui signifie que vous n'aurez pas \u00e0 g\u00e9rer le d\u00e9douanement ni \u00e0 payer de droits\/taxes d'importation \u00e0 l'arriv\u00e9e. Les options disponibles incluent :<\/p>\n<ul>\n<li><strong>\u00c9tats-Unis :<\/strong> UPS Express (hors Alaska et Hawa\u00ef)<\/li>\n<li><strong>Royaume-Uni :<\/strong> DPD Express local<\/li>\n<li><strong>Europe (g\u00e9n\u00e9ral) :<\/strong> UPS Express \/ DPD Express \/ DHL Express<\/li>\n<\/ul>\n<p><strong>Le service DDP est disponible dans les pays europ\u00e9ens suivants :<\/strong> Allemagne, Belgique, Luxembourg, Pays-Bas, R\u00e9publique tch\u00e8que, Pologne, Croatie, Slovaquie, Slov\u00e9nie, Finlande, Danemark, Su\u00e8de, Autriche, France, Italie, Hongrie, Bulgarie, Lituanie, Estonie, Lettonie, Gr\u00e8ce, Irlande, Portugal, Espagne.<\/p>\n<h3>5. D\u00e9lais de livraison estim\u00e9s par pays\/r\u00e9gion<\/h3>\n<p>Voici un aper\u00e7u des m\u00e9thodes d'exp\u00e9dition et des d\u00e9lais de livraison approximatifs pour les destinations populaires :<\/p>\n<table>\n<thead>\n<tr>\n<th>Pays \/ R\u00e9gion<\/th>\n<th>M\u00e9thode d'exp\u00e9dition<\/th>\n<th>D\u00e9lai de livraison estim\u00e9<\/th>\n<\/tr>\n<\/thead>\n<tbody>\n<tr>\n<td>\u00c9tats-Unis<\/td>\n<td>UPS Ground local<\/td>\n<td>10 \u00e0 15 jours ouvrables<\/td>\n<\/tr>\n<tr>\n<td>Royaume-Uni<\/td>\n<td>DPD Express local<\/td>\n<td>7 \u00e0 12 jours ouvrables<\/td>\n<\/tr>\n<tr>\n<td>Allemagne<\/td>\n<td>UPS \/ DPD \/ DHL<\/td>\n<td>8 \u00e0 15 jours ouvrables<\/td>\n<\/tr>\n<tr>\n<td>France<\/td>\n<td>UPS \/ DPD \/ DHL<\/td>\n<td>10 \u00e0 15 jours ouvrables<\/td>\n<\/tr>\n<tr>\n<td>Belgique<\/td>\n<td>UPS \/ DPD \/ DHL<\/td>\n<td>10 \u00e0 15 jours ouvrables<\/td>\n<\/tr>\n<tr>\n<td>Luxembourg<\/td>\n<td>UPS \/ DPD \/ DHL<\/td>\n<td>10 \u00e0 15 jours ouvrables<\/td>\n<\/tr>\n<tr>\n<td>Pays-Bas<\/td>\n<td>UPS \/ DPD \/ DHL<\/td>\n<td>10 \u00e0 15 jours ouvrables<\/td>\n<\/tr>\n<tr>\n<td>R\u00e9publique tch\u00e8que<\/td>\n<td>UPS \/ DPD \/ DHL<\/td>\n<td>10 \u00e0 15 jours ouvrables<\/td>\n<\/tr>\n<tr>\n<td>Pologne<\/td>\n<td>UPS \/ DPD \/ DHL<\/td>\n<td>10 \u00e0 15 jours ouvrables<\/td>\n<\/tr>\n<tr>\n<td>Croatie<\/td>\n<td>UPS \/ DPD \/ DHL<\/td>\n<td>10 \u00e0 15 jours ouvrables<\/td>\n<\/tr>\n<tr>\n<td>Slovaquie<\/td>\n<td>UPS \/ DPD \/ DHL<\/td>\n<td>10 \u00e0 15 jours ouvrables<\/td>\n<\/tr>\n<tr>\n<td>Slov\u00e9nie<\/td>\n<td>UPS \/ DPD \/ DHL<\/td>\n<td>10 \u00e0 15 jours ouvrables<\/td>\n<\/tr>\n<tr>\n<td>Finlande<\/td>\n<td>UPS \/ DPD \/ DHL<\/td>\n<td>10 \u00e0 15 jours ouvrables<\/td>\n<\/tr>\n<tr>\n<td>Danemark<\/td>\n<td>UPS \/ DPD \/ DHL<\/td>\n<td>10 \u00e0 15 jours ouvrables<\/td>\n<\/tr>\n<tr>\n<td>Su\u00e8de<\/td>\n<td>UPS \/ DPD \/ DHL<\/td>\n<td>10 \u00e0 15 jours ouvrables<\/td>\n<\/tr>\n<tr>\n<td>Autriche<\/td>\n<td>UPS \/ DPD \/ DHL<\/td>\n<td>10 \u00e0 15 jours ouvrables<\/td>\n<\/tr>\n<tr>\n<td>Italie<\/td>\n<td>UPS \/ DPD \/ DHL<\/td>\n<td>10 \u00e0 15 jours ouvrables<\/td>\n<\/tr>\n<tr>\n<td>Hongrie<\/td>\n<td>UPS \/ DPD \/ DHL<\/td>\n<td>10 \u00e0 15 jours ouvrables<\/td>\n<\/tr>\n<tr>\n<td>Lituanie<\/td>\n<td>UPS \/ DPD \/ DHL<\/td>\n<td>10 \u00e0 15 jours ouvrables<\/td>\n<\/tr>\n<tr>\n<td>Estonie<\/td>\n<td>UPS \/ DPD \/ DHL<\/td>\n<td>10 \u00e0 15 jours ouvrables<\/td>\n<\/tr>\n<tr>\n<td>Lettonie<\/td>\n<td>UPS \/ DPD \/ DHL<\/td>\n<td>10 \u00e0 15 jours ouvrables<\/td>\n<\/tr>\n<tr>\n<td>Gr\u00e8ce<\/td>\n<td>UPS \/ DPD \/ DHL<\/td>\n<td>10 \u00e0 15 jours ouvrables<\/td>\n<\/tr>\n<tr>\n<td>Irlande<\/td>\n<td>UPS \/ DPD \/ DHL<\/td>\n<td>10 \u00e0 15 jours ouvrables<\/td>\n<\/tr>\n<tr>\n<td>Portugal<\/td>\n<td>UPS \/ DPD \/ DHL<\/td>\n<td>10 \u00e0 15 jours ouvrables<\/td>\n<\/tr>\n<tr>\n<td>Espagne<\/td>\n<td>UPS \/ DPD \/ DHL<\/td>\n<td>10 \u00e0 15 jours ouvrables<\/td>\n<\/tr>\n<tr>\n<td>\u00c9mirats arabes unis (zone de Duba\u00ef)<\/td>\n<td>Route d\u00e9di\u00e9e \u00e0 Duba\u00ef<\/td>\n<td>12 \u00e0 18 jours ouvrables<\/td>\n<\/tr>\n<tr>\n<td>Afrique du Sud<\/td>\n<td>Route d\u00e9di\u00e9e \u00e0 l'Afrique du Sud<\/td>\n<td>15 \u00e0 25 jours ouvrables<\/td>\n<\/tr>\n<tr>\n<td>Vietnam<\/td>\n<td>Route d\u00e9di\u00e9e au Vietnam<\/td>\n<td>3 \u00e0 5 jours ouvrables<\/td>\n<\/tr>\n<tr>\n<td>Malaisie occidentale<\/td>\n<td>Route d\u00e9di\u00e9e \u00e0 la Malaisie<\/td>\n<td>4 \u00e0 8 jours ouvrables<\/td>\n<\/tr>\n<\/tbody>\n<\/table>\n<h3>6. D\u00e9douanement et droits d'importation<\/h3>\n<ul>\n<li>Pour les destinations non list\u00e9es sous le service DDP, le d\u00e9douanement et le paiement des droits, taxes ou frais de manutention applicables seront \u00e0 la charge du destinataire \u00e0 l'arriv\u00e9e.<\/li>\n<li>Nous recommandons de v\u00e9rifier aupr\u00e8s de votre bureau de douane local pour obtenir des d\u00e9tails sur les frais et exigences potentiels.<\/li>\n<li>Dans certains cas, les autorit\u00e9s douani\u00e8res peuvent demander une facture commerciale ou une licence commerciale.<\/li>\n<\/ul>\n<p>At <a href=\"https:\/\/fumot.uk\/fr\/\">fumot.uk<\/a>, nous nous effor\u00e7ons de fournir des services d'exp\u00e9dition rapides, fiables et transparents. Si vous avez des questions ou besoin d'assistance, n'h\u00e9sitez pas \u00e0 nous contacter \u00e0 tout moment.<\/p>\n<\/div>","protected":false},"excerpt":{"rendered":"<p>Informations sur la livraison 1. Traitement et exp\u00e9dition des commandes Les commandes sont g\u00e9n\u00e9ralement trait\u00e9es et exp\u00e9di\u00e9es sous 1 \u00e0 3 jours ouvrables. Le d\u00e9lai de livraison varie g\u00e9n\u00e9ralement entre 7 et 15 jours ouvrables apr\u00e8s l'exp\u00e9dition. Veuillez noter : Nous ne traitons ni n'exp\u00e9dions les commandes les week-ends ou les jours f\u00e9ri\u00e9s. 2. Suivi de votre colis Une fois votre commande exp\u00e9di\u00e9e, vous recevrez [\u2026]<\/p>","protected":false},"author":1,"featured_media":0,"parent":0,"menu_order":0,"comment_status":"closed","ping_status":"closed","template":"","meta":{"footnotes":""},"class_list":["post-6779","page","type-page","status-publish","hentry"],"yoast_head":"<!-- This site is optimized with the Yoast SEO plugin v26.8 - https:\/\/yoast.com\/product\/yoast-seo-wordpress\/ -->\n<title>Shipping Info - Fumot Official Direct | Straight from the Factory, 100% Genuine<\/title>\n<meta name=\"description\" content=\"Fumot.uk Shipping: 1\u20133 day processing, 7\u201315 day worldwide delivery, free shipping to US &amp; Australia, DDP customs-paid options across Europe &amp; UK, easy 17track tracking. Order with confidence today!\" \/>\n<meta name=\"robots\" content=\"index, follow, max-snippet:-1, max-image-preview:large, max-video-preview:-1\" \/>\n<link rel=\"canonical\" href=\"https:\/\/fumot.uk\/fr\/shipping-info\/\" \/>\n<meta property=\"og:locale\" content=\"fr_FR\" \/>\n<meta property=\"og:type\" content=\"article\" \/>\n<meta property=\"og:title\" content=\"Shipping Info - Fumot Official Direct | Straight from the Factory, 100% Genuine\" \/>\n<meta property=\"og:description\" content=\"Fumot.uk Shipping: 1\u20133 day processing, 7\u201315 day worldwide delivery, free shipping to US &amp; Australia, DDP customs-paid options across Europe &amp; UK, easy 17track tracking. Order with confidence today!\" \/>\n<meta property=\"og:url\" content=\"https:\/\/fumot.uk\/fr\/shipping-info\/\" \/>\n<meta property=\"og:site_name\" content=\"Fumot Official Direct | Straight from the Factory, 100% Genuine\" \/>\n<meta name=\"twitter:card\" content=\"summary_large_image\" \/>\n<meta name=\"twitter:label1\" content=\"Dur\u00e9e de lecture estim\u00e9e\" \/>\n\t<meta name=\"twitter:data1\" content=\"3 minutes\" \/>\n<script type=\"application\/ld+json\" class=\"yoast-schema-graph\">{\"@context\":\"https:\/\/schema.org\",\"@graph\":[{\"@type\":\"WebPage\",\"@id\":\"https:\/\/fumot.uk\/shipping-info\/\",\"url\":\"https:\/\/fumot.uk\/shipping-info\/\",\"name\":\"Shipping Info - Fumot Official Direct | Straight from the Factory, 100% Genuine\",\"isPartOf\":{\"@id\":\"https:\/\/fumot.uk\/#website\"},\"datePublished\":\"2026-01-23T01:52:57+00:00\",\"description\":\"Fumot.uk Shipping: 1\u20133 day processing, 7\u201315 day worldwide delivery, free shipping to US & Australia, DDP customs-paid options across Europe & UK, easy 17track tracking. Order with confidence today!\",\"breadcrumb\":{\"@id\":\"https:\/\/fumot.uk\/shipping-info\/#breadcrumb\"},\"inLanguage\":\"fr-FR\",\"potentialAction\":[{\"@type\":\"ReadAction\",\"target\":[\"https:\/\/fumot.uk\/shipping-info\/\"]}]},{\"@type\":\"BreadcrumbList\",\"@id\":\"https:\/\/fumot.uk\/shipping-info\/#breadcrumb\",\"itemListElement\":[{\"@type\":\"ListItem\",\"position\":1,\"name\":\"Home\",\"item\":\"https:\/\/fumot.uk\/\"},{\"@type\":\"ListItem\",\"position\":2,\"name\":\"Shipping Info\"}]},{\"@type\":\"WebSite\",\"@id\":\"https:\/\/fumot.uk\/#website\",\"url\":\"https:\/\/fumot.uk\/\",\"name\":\"Fumot Official Direct | Straight from the Factory, 100% Genuine\",\"description\":\"Official Website\",\"publisher\":{\"@id\":\"https:\/\/fumot.uk\/#organization\"},\"potentialAction\":[{\"@type\":\"SearchAction\",\"target\":{\"@type\":\"EntryPoint\",\"urlTemplate\":\"https:\/\/fumot.uk\/?s={search_term_string}\"},\"query-input\":{\"@type\":\"PropertyValueSpecification\",\"valueRequired\":true,\"valueName\":\"search_term_string\"}}],\"inLanguage\":\"fr-FR\"},{\"@type\":\"Organization\",\"@id\":\"https:\/\/fumot.uk\/#organization\",\"name\":\"Fumot Official Direct | Straight from the Factory, 100% Genuine\",\"url\":\"https:\/\/fumot.uk\/\",\"logo\":{\"@type\":\"ImageObject\",\"inLanguage\":\"fr-FR\",\"@id\":\"https:\/\/fumot.uk\/#\/schema\/logo\/image\/\",\"url\":\"https:\/\/fumot.uk\/wp-content\/uploads\/2026\/01\/cropped-fumot-logo1.png\",\"contentUrl\":\"https:\/\/fumot.uk\/wp-content\/uploads\/2026\/01\/cropped-fumot-logo1.png\",\"width\":152,\"height\":106,\"caption\":\"Fumot Official Direct | Straight from the Factory, 100% Genuine\"},\"image\":{\"@id\":\"https:\/\/fumot.uk\/#\/schema\/logo\/image\/\"}}]}<\/script>\n<!-- \/ Yoast SEO plugin. -->","yoast_head_json":{"title":"Informations sur l'exp\u00e9dition - Fumot Official Direct | Directement de l'usine, 100% Authentique","description":"Exp\u00e9dition Fumot.uk : traitement en 1 \u00e0 3 jours, livraison mondiale en 7 \u00e0 15 jours, livraison gratuite aux \u00c9tats-Unis et en Australie, options DDP avec droits de douane pay\u00e9s \u00e0 travers l'Europe et le Royaume-Uni, suivi facile avec 17track. Commandez en toute confiance aujourd'hui !","robots":{"index":"index","follow":"follow","max-snippet":"max-snippet:-1","max-image-preview":"max-image-preview:large","max-video-preview":"max-video-preview:-1"},"canonical":"https:\/\/fumot.uk\/fr\/shipping-info\/","og_locale":"fr_FR","og_type":"article","og_title":"Shipping Info - Fumot Official Direct | Straight from the Factory, 100% Genuine","og_description":"Fumot.uk Shipping: 1\u20133 day processing, 7\u201315 day worldwide delivery, free shipping to US & Australia, DDP customs-paid options across Europe & UK, easy 17track tracking. Order with confidence today!","og_url":"https:\/\/fumot.uk\/fr\/shipping-info\/","og_site_name":"Fumot Official Direct | Straight from the Factory, 100% Genuine","twitter_card":"summary_large_image","twitter_misc":{"Dur\u00e9e de lecture estim\u00e9e":"3 minutes"},"schema":{"@context":"https:\/\/schema.org","@graph":[{"@type":"WebPage","@id":"https:\/\/fumot.uk\/shipping-info\/","url":"https:\/\/fumot.uk\/shipping-info\/","name":"Informations sur l'exp\u00e9dition - Fumot Official Direct | Directement de l'usine, 100% Authentique","isPartOf":{"@id":"https:\/\/fumot.uk\/#website"},"datePublished":"2026-01-23T01:52:57+00:00","description":"Exp\u00e9dition Fumot.uk : traitement en 1 \u00e0 3 jours, livraison mondiale en 7 \u00e0 15 jours, livraison gratuite aux \u00c9tats-Unis et en Australie, options DDP avec droits de douane pay\u00e9s \u00e0 travers l'Europe et le Royaume-Uni, suivi facile avec 17track. Commandez en toute confiance aujourd'hui !","breadcrumb":{"@id":"https:\/\/fumot.uk\/shipping-info\/#breadcrumb"},"inLanguage":"fr-FR","potentialAction":[{"@type":"ReadAction","target":["https:\/\/fumot.uk\/shipping-info\/"]}]},{"@type":"BreadcrumbList","@id":"https:\/\/fumot.uk\/shipping-info\/#breadcrumb","itemListElement":[{"@type":"ListItem","position":1,"name":"Home","item":"https:\/\/fumot.uk\/"},{"@type":"ListItem","position":2,"name":"Shipping Info"}]},{"@type":"WebSite","@id":"https:\/\/fumot.uk\/#website","url":"https:\/\/fumot.uk\/","name":"Fumot Official Direct | Directement de l'usine, 100% Authentique","description":"Site officiel","publisher":{"@id":"https:\/\/fumot.uk\/#organization"},"potentialAction":[{"@type":"SearchAction","target":{"@type":"EntryPoint","urlTemplate":"https:\/\/fumot.uk\/?s={search_term_string}"},"query-input":{"@type":"PropertyValueSpecification","valueRequired":true,"valueName":"search_term_string"}}],"inLanguage":"fr-FR"},{"@type":"Organization","@id":"https:\/\/fumot.uk\/#organization","name":"Fumot Official Direct | Directement de l'usine, 100% Authentique","url":"https:\/\/fumot.uk\/","logo":{"@type":"ImageObject","inLanguage":"fr-FR","@id":"https:\/\/fumot.uk\/#\/schema\/logo\/image\/","url":"https:\/\/fumot.uk\/wp-content\/uploads\/2026\/01\/cropped-fumot-logo1.png","contentUrl":"https:\/\/fumot.uk\/wp-content\/uploads\/2026\/01\/cropped-fumot-logo1.png","width":152,"height":106,"caption":"Fumot Official Direct | Straight from the Factory, 100% Genuine"},"image":{"@id":"https:\/\/fumot.uk\/#\/schema\/logo\/image\/"}}]}},"_links":{"self":[{"href":"https:\/\/fumot.uk\/fr\/wp-json\/wp\/v2\/pages\/6779","targetHints":{"allow":["GET"]}}],"collection":[{"href":"https:\/\/fumot.uk\/fr\/wp-json\/wp\/v2\/pages"}],"about":[{"href":"https:\/\/fumot.uk\/fr\/wp-json\/wp\/v2\/types\/page"}],"author":[{"embeddable":true,"href":"https:\/\/fumot.uk\/fr\/wp-json\/wp\/v2\/users\/1"}],"replies":[{"embeddable":true,"href":"https:\/\/fumot.uk\/fr\/wp-json\/wp\/v2\/comments?post=6779"}],"version-history":[{"count":1,"href":"https:\/\/fumot.uk\/fr\/wp-json\/wp\/v2\/pages\/6779\/revisions"}],"predecessor-version":[{"id":6781,"href":"https:\/\/fumot.uk\/fr\/wp-json\/wp\/v2\/pages\/6779\/revisions\/6781"}],"wp:attachment":[{"href":"https:\/\/fumot.uk\/fr\/wp-json\/wp\/v2\/media?parent=6779"}],"curies":[{"name":"wp","href":"https:\/\/api.w.org\/{rel}","templated":true}]}}