{"id":6775,"date":"2026-01-23T01:44:50","date_gmt":"2026-01-23T01:44:50","guid":{"rendered":"https:\/\/fumot.uk\/?page_id=6775"},"modified":"2026-01-23T01:44:50","modified_gmt":"2026-01-23T01:44:50","slug":"faqs","status":"publish","type":"page","link":"https:\/\/fumot.uk\/fr\/faqs\/","title":{"rendered":"FAQS"},"content":{"rendered":"<h2>Fumot.uk \u2013 FAQ sur le vapotage (Foire Aux Questions)<\/h2>\n<h3>1. Quels types de produits Fumot.uk vend-il ?<\/h3>\n<p>Nous proposons une large gamme de produits de vapotage conformes, y compris :<\/p>\n<ul>\n<li>Syst\u00e8mes \u00e0 pods rechargeables (par exemple, Fumot, Vozol, WASPE, et d'autres marques populaires)<\/li>\n<li>Kits de vape rechargeables<\/li>\n<li>E-liquides (Nic Salts, Freebase, Shortfills)<\/li>\n<li>Accessoires (r\u00e9sistances, pods, chargeurs, batteries, etc.)<\/li>\n<li>Appareils rechargeables, rechargeables ou \u00e0 haute capacit\u00e9 conformes aux r\u00e9glementations britanniques<\/li>\n<\/ul>\n<p>Nous stockons notre propre marque Fumot ainsi que des marques tierces de confiance, toutes conformes \u00e0 la TPD 100%. Les vapes jetables \u00e0 usage unique ne sont plus vendues en raison de l'interdiction au Royaume-Uni.<\/p>\n<h3>2. Quel \u00e2ge dois-je avoir pour acheter sur Fumot.uk ?<\/h3>\n<p>Vous devez avoir 18 ans ou plus. Nous appliquons strictement la v\u00e9rification de l'\u00e2ge (Age Verification) sur toutes les commandes, ce qui peut n\u00e9cessiter des v\u00e9rifications d'identit\u00e9 ou de carte de cr\u00e9dit. Vendre \u00e0 des moins de 18 ans est ill\u00e9gal.<\/p>\n<h3>3. Quelle est la r\u00e9glementation TPD, et tous vos produits sont-ils conformes ?<\/h3>\n<p>La TPD (Directive sur les produits du tabac) est la loi britannique\/UE sur le vapotage. Les r\u00e8gles cl\u00e9s incluent :<\/p>\n<ul>\n<li>Flacons d'e-liquide \u226410ml (sauf Shortfills)<\/li>\n<li>Force maximale de nicotine 20mg\/ml<\/li>\n<li>Pas de jetables \u00e0 usage unique (interdits depuis le 1er juin 2025)<\/li>\n<\/ul>\n<p>Oui \u2014 chaque produit sur fumot.uk est enti\u00e8rement conforme aux r\u00e8gles actuelles de la TPD britannique et a \u00e9t\u00e9 test\u00e9.<\/p>\n<h3>4. Les vapes jetables sont-elles encore disponibles \u00e0 l'achat ?<\/h3>\n<p>Non. Depuis le 1er juin 2025, il est ill\u00e9gal de vendre ou de fournir des vapes jetables \u00e0 usage unique au Royaume-Uni (y compris les versions sans nicotine). Cette interdiction s'applique aux ventes en ligne et en magasin.<\/p>\n<p>Nous nous concentrons maintenant sur de meilleures alternatives : kits \u00e0 pods rechargeables, appareils rechargeables, et options rechargeables \u00e0 grande capacit\u00e9 qui sont \u00e9cologiques, \u00e9conomiques, et enti\u00e8rement l\u00e9gales.<\/p>\n<h3>5. Comment choisir la bonne force de nicotine ?<\/h3>\n<ul>\n<li><strong>20mg\/ml (2%) Nic Salt<\/strong> \u2014 La plus forte, satisfaction rapide, id\u00e9ale pour les gros fumeurs en transition.<\/li>\n<li><strong>10mg\/ml ou 5mg\/ml<\/strong> \u2014 Moyenne, bonne pour une utilisation plus l\u00e9g\u00e8re.<\/li>\n<li><strong>0mg\/ml<\/strong> \u2014 Sans nicotine, pour le go\u00fbt uniquement ou pour ceux qui ont arr\u00eat\u00e9 la nicotine.<\/li>\n<\/ul>\n<p>Commencez plus haut si vous venez de la cigarette, puis r\u00e9duisez au fil du temps.<\/p>\n<h3>6. Combien de temps dure un appareil ou un e-liquide ?<\/h3>\n<p>Cela varie selon l'utilisation :<\/p>\n<ul>\n<li>Batteries de kits \u00e0 pods : 400\u20131500mAh \u2192 dure un jour \u00e0 plusieurs jours.<\/li>\n<li>Flacon d'e-liquide de 10ml : \u22482 000\u20135 000 bouff\u00e9es (selon la puissance de l'appareil et le style de bouff\u00e9e).<\/li>\n<li>Appareils rechargeables \u00e0 haute capacit\u00e9 : Jusqu'\u00e0 5 000\u201310 000+ bouff\u00e9es avec plusieurs recharges.<\/li>\n<\/ul>\n<p>V\u00e9rifiez les sp\u00e9cifications individuelles des produits pour des estimations.<\/p>\n<h3>7. Que faire si mon appareil ne fonctionne pas, n'a pas de go\u00fbt ou fuit ?<\/h3>\n<p>D\u00e9pannage rapide :<\/p>\n<ul>\n<li>Pas d'alimentation \u2192 Chargez-le ou remplacez la batterie\/le pod.<\/li>\n<li>Pas de go\u00fbt\/go\u00fbt de br\u00fbl\u00e9 \u2192 La r\u00e9sistance\/le pod est us\u00e9 ; remplacez-le.<\/li>\n<li>Fuite \u2192 V\u00e9rifiez les joints, \u00e9vitez les temp\u00e9ratures extr\u00eames, ne le stockez pas \u00e0 l'envers.<\/li>\n<li>Mode s\u00e9curit\u00e9 activ\u00e9 \u2192 Arr\u00eatez de vapoter pendant 5\u201310 minutes.<\/li>\n<\/ul>\n<p>Si le probl\u00e8me persiste, envoyez des photos\/vid\u00e9os \u00e0 <strong>support@fumot.uk<\/strong> \u2014 nous r\u00e9pondrons sous 48 heures.<\/p>\n<h3>8. Comment dois-je me d\u00e9barrasser des appareils et batteries de vape usag\u00e9s ?<\/h3>\n<p>Les appareils contiennent des batteries au lithium \u2014 ne les jetez jamais dans les ordures m\u00e9nag\u00e8res.<\/p>\n<p>Apportez-les \u00e0 :<\/p>\n<ul>\n<li>Centres de recyclage m\u00e9nager locaux<\/li>\n<li>Points de recyclage de batteries en supermarch\u00e9<\/li>\n<li>Points de collecte DEEE<\/li>\n<\/ul>\n<p>Les flacons d'e-liquide vides peuvent \u00eatre recycl\u00e9s en plastique\/verre.<\/p>\n<h3>9. Puis-je emporter des produits de vapotage dans un avion ?<\/h3>\n<p>Oui, mais uniquement dans les bagages \u00e0 main (pas en soute).<\/p>\n<ul>\n<li>Les batteries au lithium doivent \u00eatre \u2264100Wh (tous nos produits sont conformes).<\/li>\n<li>Liquides dans des contenants \u2264100ml chacun, total \u22641L (dans un sac transparent).<\/li>\n<\/ul>\n<p>V\u00e9rifiez toujours les r\u00e8gles de votre compagnie a\u00e9rienne et du pays de destination, car certaines sont plus strictes.<\/p>\n<h3>10. Quels parfums et marques proposez-vous ?<\/h3>\n<p>Parfums populaires : Fruits (mangue, fraise, past\u00e8que), s\u00e9rie Ice (menthol glac\u00e9, myrtille glac\u00e9e), Boissons (cola, \u00e9nergie), classiques tabac\/menthol.<\/p>\n<p>Marques : Fumot + Vaporesso, OXVA, Geekvape, Dinner Lady, Nasty Juice, alternatives conformes de style Elf Bar, et plus. Nous mettons \u00e0 jour r\u00e9guli\u00e8rement \u2014 voir \u201cMeilleures ventes\u201d ou \u201cNouveaut\u00e9s\u201d.<\/p>\n<h3>11. Quelles sont vos politiques d'exp\u00e9dition et de livraison ?<\/h3>\n<ul>\n<li>Entrep\u00f4t bas\u00e9 au Royaume-Uni \u2014 la plupart des commandes sont exp\u00e9di\u00e9es sous 1 \u00e0 2 jours ouvrables.<\/li>\n<li>Livraison standard via Royal Mail \/ DPD ; options pour le lendemain disponibles.<\/li>\n<li>Livraison gratuite sur les commandes de plus de \u00a3XX (v\u00e9rifiez le panier pour le seuil).<\/li>\n<li>Exp\u00e9dition internationale disponible (frais variables selon le pays).<\/li>\n<\/ul>\n<h3>12. Quelle est votre politique de retours et de remboursements ?<\/h3>\n<ul>\n<li>Produits non ouverts, scell\u00e9s dans leur emballage d'origine : retours sous 14 jours (pour des raisons d'hygi\u00e8ne, les e-liquides\/vapes ouverts ne peuvent \u00eatre retourn\u00e9s sauf s'ils sont d\u00e9fectueux).<\/li>\n<li>Articles d\u00e9fectueux\/endommag\u00e9s\/incorrects : envoyez des photos\/vid\u00e9os \u00e0 support@fumot.uk dans les 7 jours pour un remplacement gratuit ou un remboursement.<\/li>\n<\/ul>\n<p>Tous les d\u00e9tails sur notre page \u201c Retours &amp; Remboursements \u201d.<\/p>\n<h3>13. Pourquoi acheter chez Fumot.uk ?<\/h3>\n<ul>\n<li>100% Produits conformes TPD, authentiques uniquement.<\/li>\n<li>Large s\u00e9lection de plusieurs marques de confiance.<\/li>\n<li>Exp\u00e9dition rapide au Royaume-Uni + support utile.<\/li>\n<li>Nous restons inform\u00e9s des r\u00e9glementations (comme l'interdiction des produits jetables de 2025 et la future taxe sur les vapes de 2026) pour offrir les meilleures options l\u00e9gales.<\/li>\n<\/ul>\n<h4>Si votre question n'est pas r\u00e9pondue ici<\/h4>\n<p>Veuillez nous envoyer un e-mail \u00e0 <strong>support@fumot.uk<\/strong> ou utilisez le chat en direct. Nous sommes l\u00e0 pour vous aider \u00e0 profiter d'une vape s\u00fbre et conforme !<\/p>\n<h4>Vous avez encore des questions ?<\/h4>\n<h5>Nous sommes toujours heureux de vous aider \u2014 contactez-nous simplement !<\/h5>","protected":false},"excerpt":{"rendered":"<p>Fumot.uk \u2013 FAQ sur le vapotage (Questions Fr\u00e9quemment Pos\u00e9es) 1. Quels types de produits Fumot.uk vend-il ? Nous proposons une large gamme de produits de vapotage conformes, y compris : Syst\u00e8mes de pods rechargeables (par exemple, Fumot, Vozol, WASPE, et d'autres marques populaires) Kits de vape rechargeables E-liquides (Nic Salts, Freebase, Shortfills) Accessoires (r\u00e9sistances, pods, chargeurs, batteries, etc.) Appareils rechargeables, rechargeables ou \u00e0 haute capacit\u00e9 [\u2026]<\/p>","protected":false},"author":1,"featured_media":0,"parent":0,"menu_order":0,"comment_status":"closed","ping_status":"closed","template":"","meta":{"footnotes":""},"class_list":["post-6775","page","type-page","status-publish","hentry"],"yoast_head":"<!-- This site is optimized with the Yoast SEO plugin v26.8 - https:\/\/yoast.com\/product\/yoast-seo-wordpress\/ -->\n<title>FAQS - Fumot Official Direct | Straight from the Factory, 100% Genuine<\/title>\n<meta name=\"description\" content=\"Fumot.uk Vaping FAQs: Discover 100% TPD-compliant rechargeable pods, e-liquids &amp; accessories. No disposables since UK 2025 ban. Age 18+, fast UK shipping &amp; expert support.\" \/>\n<meta name=\"robots\" content=\"index, follow, max-snippet:-1, max-image-preview:large, max-video-preview:-1\" \/>\n<link rel=\"canonical\" href=\"https:\/\/fumot.uk\/fr\/faqs\/\" \/>\n<meta property=\"og:locale\" content=\"fr_FR\" \/>\n<meta property=\"og:type\" content=\"article\" \/>\n<meta property=\"og:title\" content=\"FAQS - Fumot Official Direct | Straight from the Factory, 100% Genuine\" \/>\n<meta property=\"og:description\" content=\"Fumot.uk Vaping FAQs: Discover 100% TPD-compliant rechargeable pods, e-liquids &amp; accessories. No disposables since UK 2025 ban. Age 18+, fast UK shipping &amp; expert support.\" \/>\n<meta property=\"og:url\" content=\"https:\/\/fumot.uk\/fr\/faqs\/\" \/>\n<meta property=\"og:site_name\" content=\"Fumot Official Direct | Straight from the Factory, 100% Genuine\" \/>\n<meta name=\"twitter:card\" content=\"summary_large_image\" \/>\n<meta name=\"twitter:label1\" content=\"Dur\u00e9e de lecture estim\u00e9e\" \/>\n\t<meta name=\"twitter:data1\" content=\"4 minutes\" \/>\n<script type=\"application\/ld+json\" class=\"yoast-schema-graph\">{\"@context\":\"https:\/\/schema.org\",\"@graph\":[{\"@type\":\"WebPage\",\"@id\":\"https:\/\/fumot.uk\/faqs\/\",\"url\":\"https:\/\/fumot.uk\/faqs\/\",\"name\":\"FAQS - Fumot Official Direct | Straight from the Factory, 100% Genuine\",\"isPartOf\":{\"@id\":\"https:\/\/fumot.uk\/#website\"},\"datePublished\":\"2026-01-23T01:44:50+00:00\",\"description\":\"Fumot.uk Vaping FAQs: Discover 100% TPD-compliant rechargeable pods, e-liquids & accessories. No disposables since UK 2025 ban. Age 18+, fast UK shipping & expert support.\",\"breadcrumb\":{\"@id\":\"https:\/\/fumot.uk\/faqs\/#breadcrumb\"},\"inLanguage\":\"fr-FR\",\"potentialAction\":[{\"@type\":\"ReadAction\",\"target\":[\"https:\/\/fumot.uk\/faqs\/\"]}]},{\"@type\":\"BreadcrumbList\",\"@id\":\"https:\/\/fumot.uk\/faqs\/#breadcrumb\",\"itemListElement\":[{\"@type\":\"ListItem\",\"position\":1,\"name\":\"Home\",\"item\":\"https:\/\/fumot.uk\/\"},{\"@type\":\"ListItem\",\"position\":2,\"name\":\"FAQS\"}]},{\"@type\":\"WebSite\",\"@id\":\"https:\/\/fumot.uk\/#website\",\"url\":\"https:\/\/fumot.uk\/\",\"name\":\"Fumot Official Direct | Straight from the Factory, 100% Genuine\",\"description\":\"Official Website\",\"publisher\":{\"@id\":\"https:\/\/fumot.uk\/#organization\"},\"potentialAction\":[{\"@type\":\"SearchAction\",\"target\":{\"@type\":\"EntryPoint\",\"urlTemplate\":\"https:\/\/fumot.uk\/?s={search_term_string}\"},\"query-input\":{\"@type\":\"PropertyValueSpecification\",\"valueRequired\":true,\"valueName\":\"search_term_string\"}}],\"inLanguage\":\"fr-FR\"},{\"@type\":\"Organization\",\"@id\":\"https:\/\/fumot.uk\/#organization\",\"name\":\"Fumot Official Direct | Straight from the Factory, 100% Genuine\",\"url\":\"https:\/\/fumot.uk\/\",\"logo\":{\"@type\":\"ImageObject\",\"inLanguage\":\"fr-FR\",\"@id\":\"https:\/\/fumot.uk\/#\/schema\/logo\/image\/\",\"url\":\"https:\/\/fumot.uk\/wp-content\/uploads\/2026\/01\/cropped-fumot-logo1.png\",\"contentUrl\":\"https:\/\/fumot.uk\/wp-content\/uploads\/2026\/01\/cropped-fumot-logo1.png\",\"width\":152,\"height\":106,\"caption\":\"Fumot Official Direct | Straight from the Factory, 100% Genuine\"},\"image\":{\"@id\":\"https:\/\/fumot.uk\/#\/schema\/logo\/image\/\"}}]}<\/script>\n<!-- \/ Yoast SEO plugin. -->","yoast_head_json":{"title":"FAQS - Fumot Official Direct | Directement de l'usine, 100% Authentique","description":"Fumot.uk FAQ sur le vapotage : D\u00e9couvrez les pods rechargeables conformes \u00e0 la TPD 100%, les e-liquides et les accessoires. Aucun jetable depuis l'interdiction au Royaume-Uni en 2025. \u00c2ge 18+, livraison rapide au Royaume-Uni et support expert.","robots":{"index":"index","follow":"follow","max-snippet":"max-snippet:-1","max-image-preview":"max-image-preview:large","max-video-preview":"max-video-preview:-1"},"canonical":"https:\/\/fumot.uk\/fr\/faqs\/","og_locale":"fr_FR","og_type":"article","og_title":"FAQS - Fumot Official Direct | Straight from the Factory, 100% Genuine","og_description":"Fumot.uk Vaping FAQs: Discover 100% TPD-compliant rechargeable pods, e-liquids & accessories. No disposables since UK 2025 ban. Age 18+, fast UK shipping & expert support.","og_url":"https:\/\/fumot.uk\/fr\/faqs\/","og_site_name":"Fumot Official Direct | Straight from the Factory, 100% Genuine","twitter_card":"summary_large_image","twitter_misc":{"Dur\u00e9e de lecture estim\u00e9e":"4 minutes"},"schema":{"@context":"https:\/\/schema.org","@graph":[{"@type":"WebPage","@id":"https:\/\/fumot.uk\/faqs\/","url":"https:\/\/fumot.uk\/faqs\/","name":"FAQS - Fumot Official Direct | Directement de l'usine, 100% Authentique","isPartOf":{"@id":"https:\/\/fumot.uk\/#website"},"datePublished":"2026-01-23T01:44:50+00:00","description":"Fumot.uk FAQ sur le vapotage : D\u00e9couvrez les pods rechargeables conformes \u00e0 la TPD 100%, les e-liquides et les accessoires. Aucun jetable depuis l'interdiction au Royaume-Uni en 2025. \u00c2ge 18+, livraison rapide au Royaume-Uni et support expert.","breadcrumb":{"@id":"https:\/\/fumot.uk\/faqs\/#breadcrumb"},"inLanguage":"fr-FR","potentialAction":[{"@type":"ReadAction","target":["https:\/\/fumot.uk\/faqs\/"]}]},{"@type":"BreadcrumbList","@id":"https:\/\/fumot.uk\/faqs\/#breadcrumb","itemListElement":[{"@type":"ListItem","position":1,"name":"Home","item":"https:\/\/fumot.uk\/"},{"@type":"ListItem","position":2,"name":"FAQS"}]},{"@type":"WebSite","@id":"https:\/\/fumot.uk\/#website","url":"https:\/\/fumot.uk\/","name":"Fumot Official Direct | Directement de l'usine, 100% Authentique","description":"Site officiel","publisher":{"@id":"https:\/\/fumot.uk\/#organization"},"potentialAction":[{"@type":"SearchAction","target":{"@type":"EntryPoint","urlTemplate":"https:\/\/fumot.uk\/?s={search_term_string}"},"query-input":{"@type":"PropertyValueSpecification","valueRequired":true,"valueName":"search_term_string"}}],"inLanguage":"fr-FR"},{"@type":"Organization","@id":"https:\/\/fumot.uk\/#organization","name":"Fumot Official Direct | Directement de l'usine, 100% Authentique","url":"https:\/\/fumot.uk\/","logo":{"@type":"ImageObject","inLanguage":"fr-FR","@id":"https:\/\/fumot.uk\/#\/schema\/logo\/image\/","url":"https:\/\/fumot.uk\/wp-content\/uploads\/2026\/01\/cropped-fumot-logo1.png","contentUrl":"https:\/\/fumot.uk\/wp-content\/uploads\/2026\/01\/cropped-fumot-logo1.png","width":152,"height":106,"caption":"Fumot Official Direct | Straight from the Factory, 100% Genuine"},"image":{"@id":"https:\/\/fumot.uk\/#\/schema\/logo\/image\/"}}]}},"_links":{"self":[{"href":"https:\/\/fumot.uk\/fr\/wp-json\/wp\/v2\/pages\/6775","targetHints":{"allow":["GET"]}}],"collection":[{"href":"https:\/\/fumot.uk\/fr\/wp-json\/wp\/v2\/pages"}],"about":[{"href":"https:\/\/fumot.uk\/fr\/wp-json\/wp\/v2\/types\/page"}],"author":[{"embeddable":true,"href":"https:\/\/fumot.uk\/fr\/wp-json\/wp\/v2\/users\/1"}],"replies":[{"embeddable":true,"href":"https:\/\/fumot.uk\/fr\/wp-json\/wp\/v2\/comments?post=6775"}],"version-history":[{"count":1,"href":"https:\/\/fumot.uk\/fr\/wp-json\/wp\/v2\/pages\/6775\/revisions"}],"predecessor-version":[{"id":6777,"href":"https:\/\/fumot.uk\/fr\/wp-json\/wp\/v2\/pages\/6775\/revisions\/6777"}],"wp:attachment":[{"href":"https:\/\/fumot.uk\/fr\/wp-json\/wp\/v2\/media?parent=6775"}],"curies":[{"name":"wp","href":"https:\/\/api.w.org\/{rel}","templated":true}]}}