{"id":73,"date":"2026-01-20T02:40:06","date_gmt":"2026-01-20T02:40:06","guid":{"rendered":"https:\/\/fumot.uk\/?post_type=product&#038;p=73"},"modified":"2026-01-20T07:45:20","modified_gmt":"2026-01-20T07:45:20","slug":"randm-tornado-15000-puffs-cola-ice","status":"publish","type":"product","link":"https:\/\/fumot.uk\/fi\/product\/randm-tornado-15000-puffs-cola-ice\/","title":{"rendered":"RandM Tornado 15000 Puffs Cola Ice Disposable Vape \u2013 25ml, 850mAh, Mesh Coil, USB\u2011C Rechargeable"},"content":{"rendered":"<h2>RandM Tornado 15000 Puffs \u2013 Cola Ice<\/h2>\n<p><strong>RandM Tornado 15000 Puffs Cola Ice<\/strong> sekoittaa tutun colan makeuden raikkaaseen, j\u00e4iseen viimeistelyyn puhtaaksi, virkist\u00e4v\u00e4ksi vape-kokemukseksi. Jokainen henk\u00e4ys tuo esiin kuplivan colan vivahteen viile\u00e4ll\u00e4 uloshengityksell\u00e4\u2014pehme\u00e4, iskev\u00e4 ja helppo nauttia koko p\u00e4iv\u00e4n ajan.<\/p>\n<p>Toimii <strong>verkkok\u00e4\u00e4mi<\/strong>, maku l\u00e4mpenee tasaisesti tarjoten johdonmukaisen maun ensimm\u00e4isest\u00e4 vedosta viimeiseen. Suuri <strong>25ml e-neste<\/strong> kapasiteetti ja <strong>ladattavalla 850mAh akulla<\/strong> auttavat saamaan kaiken irti pitk\u00e4kestoisesta puffim\u00e4\u00e4r\u00e4st\u00e4, kun taas <strong>s\u00e4\u00e4dett\u00e4v\u00e4n ilmavirran<\/strong> antaa s\u00e4\u00e4t\u00e4\u00e4 vetoa tiukemmasta ilmavampaan.<\/p>\n<h3>Makuprofiili<\/h3>\n<ul>\n<li><strong>Maku:<\/strong> Klassinen cola kevyesti makealla, kuplivalla vivahteella<\/li>\n<li><strong>Lopetus:<\/strong> J\u00e4\u00e4hdytt\u00e4v\u00e4 \u201cj\u00e4\u00e4\u201d-efekti raikkaampaan uloshengitykseen<\/li>\n<li><strong>Tunnelma:<\/strong> Kirkas, virkist\u00e4v\u00e4 ja yksinkertainen<\/li>\n<\/ul>\n<h3>Key Features<\/h3>\n<ul>\n<li><strong>Jopa 15000 puffia<\/strong><\/li>\n<li><strong>Nikotiinisuola vaihtoehdot:<\/strong> 0% \/ 2% \/ 3% \/ 5%<\/li>\n<li><strong>25ml e-neste<\/strong><\/li>\n<li><strong>Verkkok\u00e4\u00e4mi<\/strong> tasaiselle, tasapainoiselle maulle<\/li>\n<li><strong>Ladattava<\/strong> integroidulla <strong>850mAh akku<\/strong><\/li>\n<li><strong>USB\u2011C (Type\u2011C)<\/strong> lataus<\/li>\n<li><strong>S\u00e4\u00e4dett\u00e4v\u00e4 ilmavirta<\/strong><\/li>\n<li><strong>Display<\/strong> + <strong>RGB-valo<\/strong><\/li>\n<li><strong>41 makua saatavilla<\/strong><\/li>\n<\/ul>\n<p>Tutustu lis\u00e4\u00e4 makuihin ja koko RandM-valikoimaan osoitteessa <a href=\"https:\/\/fumot.uk\/fi\/\">fumot.uk<\/a>.<\/p>","protected":false},"excerpt":{"rendered":"<p>Cola Ice RandM Tornado 15000 Puffs: klassinen kolan makeus j\u00e4isell\u00e4 viimeistelyll\u00e4. 25ml, mesh-k\u00e4\u00e4mi, s\u00e4\u00e4dett\u00e4v\u00e4 ilmavirta, 850mAh USB\u2011C ladattava.<\/p>","protected":false},"featured_media":103,"comment_status":"open","ping_status":"closed","template":"","meta":[],"product_brand":[],"product_cat":[16,18,17],"product_tag":[19,20,21,40,23,29,25,26,27,28],"class_list":{"0":"post-73","1":"product","2":"type-product","3":"status-publish","4":"has-post-thumbnail","6":"product_cat-15000-puff","7":"product_cat-randm-tornado-15000-puffs","8":"product_cat-vape","9":"product_tag-25ml","10":"product_tag-850mah","11":"product_tag-adjustable-airflow","12":"product_tag-cola","13":"product_tag-display","14":"product_tag-ice","15":"product_tag-mesh-coil","16":"product_tag-rechargeable","17":"product_tag-rgb-light","18":"product_tag-type-c","20":"first","21":"instock","22":"sale","23":"shipping-taxable","24":"purchasable","25":"product-type-variable","26":"has-default-attributes"},"yoast_head":"<!-- This site is optimized with the Yoast SEO plugin v26.8 - https:\/\/yoast.com\/product\/yoast-seo-wordpress\/ -->\n<title>RandM Tornado 15000 Puffs Cola Ice | 25ml, 850mAh<\/title>\n<meta name=\"description\" content=\"RandM Tornado 15000 Puffs Cola Ice kertak\u00e4ytt\u00f6inen vape, jossa 25 ml e-nestett\u00e4, mesh-k\u00e4\u00e4mi, s\u00e4\u00e4dett\u00e4v\u00e4 ilmavirtaus ja 850 mAh USB\u2011C ladattava akku. 0\/2\/3\/5%.\" \/>\n<meta name=\"robots\" content=\"index, follow, max-snippet:-1, max-image-preview:large, max-video-preview:-1\" \/>\n<link rel=\"canonical\" href=\"https:\/\/fumot.uk\/fi\/product\/randm-tornado-15000-puffs-cola-ice\/\" \/>\n<meta property=\"og:locale\" content=\"fi_FI\" \/>\n<meta property=\"og:type\" content=\"article\" \/>\n<meta property=\"og:title\" content=\"RandM Tornado 15000 Puffs \u2013 Cola Ice (25ml, USB\u2011C Rechargeable)\" \/>\n<meta property=\"og:description\" content=\"Enjoy classic cola with a cool icy finish. Mesh coil flavour, adjustable airflow, 25ml e-liquid and 850mAh USB\u2011C rechargeable battery. Shop on fumot.uk.\" \/>\n<meta property=\"og:url\" content=\"https:\/\/fumot.uk\/fi\/product\/randm-tornado-15000-puffs-cola-ice\/\" \/>\n<meta property=\"og:site_name\" content=\"Fumot Official Direct | Straight from the Factory, 100% Genuine\" \/>\n<meta property=\"article:modified_time\" content=\"2026-01-20T07:45:20+00:00\" \/>\n<meta property=\"og:image\" content=\"https:\/\/fumot.uk\/wp-content\/uploads\/2026\/01\/Randm-Tornado-15000-cola-ice.jpg\" \/>\n\t<meta property=\"og:image:width\" content=\"2000\" \/>\n\t<meta property=\"og:image:height\" content=\"2000\" \/>\n\t<meta property=\"og:image:type\" content=\"image\/jpeg\" \/>\n<meta name=\"twitter:card\" content=\"summary_large_image\" \/>\n<meta name=\"twitter:label1\" content=\"Arvioitu lukuaika\" \/>\n\t<meta name=\"twitter:data1\" content=\"1 minuutti\" \/>\n<script type=\"application\/ld+json\" class=\"yoast-schema-graph\">{\"@context\":\"https:\/\/schema.org\",\"@graph\":[{\"@type\":\"WebPage\",\"@id\":\"https:\/\/fumot.uk\/product\/randm-tornado-15000-puffs-cola-ice\/\",\"url\":\"https:\/\/fumot.uk\/product\/randm-tornado-15000-puffs-cola-ice\/\",\"name\":\"RandM Tornado 15000 Puffs Cola Ice | 25ml, 850mAh\",\"isPartOf\":{\"@id\":\"https:\/\/fumot.uk\/#website\"},\"primaryImageOfPage\":{\"@id\":\"https:\/\/fumot.uk\/product\/randm-tornado-15000-puffs-cola-ice\/#primaryimage\"},\"image\":{\"@id\":\"https:\/\/fumot.uk\/product\/randm-tornado-15000-puffs-cola-ice\/#primaryimage\"},\"thumbnailUrl\":\"https:\/\/fumot.uk\/wp-content\/uploads\/2026\/01\/Randm-Tornado-15000-cola-ice.jpg\",\"datePublished\":\"2026-01-20T02:40:06+00:00\",\"dateModified\":\"2026-01-20T07:45:20+00:00\",\"description\":\"RandM Tornado 15000 Puffs Cola Ice disposable vape with 25ml e-liquid, mesh coil, adjustable airflow & 850mAh USB\u2011C rechargeable battery. 0\/2\/3\/5%.\",\"breadcrumb\":{\"@id\":\"https:\/\/fumot.uk\/product\/randm-tornado-15000-puffs-cola-ice\/#breadcrumb\"},\"inLanguage\":\"fi\",\"potentialAction\":[{\"@type\":\"ReadAction\",\"target\":[\"https:\/\/fumot.uk\/product\/randm-tornado-15000-puffs-cola-ice\/\"]}]},{\"@type\":\"ImageObject\",\"inLanguage\":\"fi\",\"@id\":\"https:\/\/fumot.uk\/product\/randm-tornado-15000-puffs-cola-ice\/#primaryimage\",\"url\":\"https:\/\/fumot.uk\/wp-content\/uploads\/2026\/01\/Randm-Tornado-15000-cola-ice.jpg\",\"contentUrl\":\"https:\/\/fumot.uk\/wp-content\/uploads\/2026\/01\/Randm-Tornado-15000-cola-ice.jpg\",\"width\":2000,\"height\":2000},{\"@type\":\"BreadcrumbList\",\"@id\":\"https:\/\/fumot.uk\/product\/randm-tornado-15000-puffs-cola-ice\/#breadcrumb\",\"itemListElement\":[{\"@type\":\"ListItem\",\"position\":1,\"name\":\"Home\",\"item\":\"https:\/\/fumot.uk\/\"},{\"@type\":\"ListItem\",\"position\":2,\"name\":\"Shop\",\"item\":\"https:\/\/fumot.uk\/shop\/\"},{\"@type\":\"ListItem\",\"position\":3,\"name\":\"RandM Tornado 15000 Puffs Cola Ice Disposable Vape \u2013 25ml, 850mAh, Mesh Coil, USB\u2011C Rechargeable\"}]},{\"@type\":\"WebSite\",\"@id\":\"https:\/\/fumot.uk\/#website\",\"url\":\"https:\/\/fumot.uk\/\",\"name\":\"Fumot Official Direct | Straight from the Factory, 100% Genuine\",\"description\":\"Official Website\",\"publisher\":{\"@id\":\"https:\/\/fumot.uk\/#organization\"},\"potentialAction\":[{\"@type\":\"SearchAction\",\"target\":{\"@type\":\"EntryPoint\",\"urlTemplate\":\"https:\/\/fumot.uk\/?s={search_term_string}\"},\"query-input\":{\"@type\":\"PropertyValueSpecification\",\"valueRequired\":true,\"valueName\":\"search_term_string\"}}],\"inLanguage\":\"fi\"},{\"@type\":\"Organization\",\"@id\":\"https:\/\/fumot.uk\/#organization\",\"name\":\"Fumot Official Direct | Straight from the Factory, 100% Genuine\",\"url\":\"https:\/\/fumot.uk\/\",\"logo\":{\"@type\":\"ImageObject\",\"inLanguage\":\"fi\",\"@id\":\"https:\/\/fumot.uk\/#\/schema\/logo\/image\/\",\"url\":\"https:\/\/fumot.uk\/wp-content\/uploads\/2026\/01\/cropped-fumot-logo1.png\",\"contentUrl\":\"https:\/\/fumot.uk\/wp-content\/uploads\/2026\/01\/cropped-fumot-logo1.png\",\"width\":152,\"height\":106,\"caption\":\"Fumot Official Direct | Straight from the Factory, 100% Genuine\"},\"image\":{\"@id\":\"https:\/\/fumot.uk\/#\/schema\/logo\/image\/\"}}]}<\/script>\n<!-- \/ Yoast SEO plugin. -->","yoast_head_json":{"title":"RandM Tornado 15000 Puffs Cola Ice | 25ml, 850mAh","description":"RandM Tornado 15000 Puffs Cola Ice kertak\u00e4ytt\u00f6inen vape, jossa 25 ml e-nestett\u00e4, mesh-k\u00e4\u00e4mi, s\u00e4\u00e4dett\u00e4v\u00e4 ilmavirtaus ja 850 mAh USB\u2011C ladattava akku. 0\/2\/3\/5%.","robots":{"index":"index","follow":"follow","max-snippet":"max-snippet:-1","max-image-preview":"max-image-preview:large","max-video-preview":"max-video-preview:-1"},"canonical":"https:\/\/fumot.uk\/fi\/product\/randm-tornado-15000-puffs-cola-ice\/","og_locale":"fi_FI","og_type":"article","og_title":"RandM Tornado 15000 Puffs \u2013 Cola Ice (25ml, USB\u2011C Rechargeable)","og_description":"Enjoy classic cola with a cool icy finish. Mesh coil flavour, adjustable airflow, 25ml e-liquid and 850mAh USB\u2011C rechargeable battery. Shop on fumot.uk.","og_url":"https:\/\/fumot.uk\/fi\/product\/randm-tornado-15000-puffs-cola-ice\/","og_site_name":"Fumot Official Direct | Straight from the Factory, 100% Genuine","article_modified_time":"2026-01-20T07:45:20+00:00","og_image":[{"width":2000,"height":2000,"url":"https:\/\/fumot.uk\/wp-content\/uploads\/2026\/01\/Randm-Tornado-15000-cola-ice.jpg","type":"image\/jpeg"}],"twitter_card":"summary_large_image","twitter_misc":{"Arvioitu lukuaika":"1 minuutti"},"schema":{"@context":"https:\/\/schema.org","@graph":[{"@type":"WebPage","@id":"https:\/\/fumot.uk\/product\/randm-tornado-15000-puffs-cola-ice\/","url":"https:\/\/fumot.uk\/product\/randm-tornado-15000-puffs-cola-ice\/","name":"RandM Tornado 15000 Puffs Cola Ice | 25ml, 850mAh","isPartOf":{"@id":"https:\/\/fumot.uk\/#website"},"primaryImageOfPage":{"@id":"https:\/\/fumot.uk\/product\/randm-tornado-15000-puffs-cola-ice\/#primaryimage"},"image":{"@id":"https:\/\/fumot.uk\/product\/randm-tornado-15000-puffs-cola-ice\/#primaryimage"},"thumbnailUrl":"https:\/\/fumot.uk\/wp-content\/uploads\/2026\/01\/Randm-Tornado-15000-cola-ice.jpg","datePublished":"2026-01-20T02:40:06+00:00","dateModified":"2026-01-20T07:45:20+00:00","description":"RandM Tornado 15000 Puffs Cola Ice kertak\u00e4ytt\u00f6inen vape, jossa 25 ml e-nestett\u00e4, mesh-k\u00e4\u00e4mi, s\u00e4\u00e4dett\u00e4v\u00e4 ilmavirtaus ja 850mAh USB\u2011C ladattava akku. 0\/2\/3\/5%.","breadcrumb":{"@id":"https:\/\/fumot.uk\/product\/randm-tornado-15000-puffs-cola-ice\/#breadcrumb"},"inLanguage":"fi","potentialAction":[{"@type":"ReadAction","target":["https:\/\/fumot.uk\/product\/randm-tornado-15000-puffs-cola-ice\/"]}]},{"@type":"ImageObject","inLanguage":"fi","@id":"https:\/\/fumot.uk\/product\/randm-tornado-15000-puffs-cola-ice\/#primaryimage","url":"https:\/\/fumot.uk\/wp-content\/uploads\/2026\/01\/Randm-Tornado-15000-cola-ice.jpg","contentUrl":"https:\/\/fumot.uk\/wp-content\/uploads\/2026\/01\/Randm-Tornado-15000-cola-ice.jpg","width":2000,"height":2000},{"@type":"BreadcrumbList","@id":"https:\/\/fumot.uk\/product\/randm-tornado-15000-puffs-cola-ice\/#breadcrumb","itemListElement":[{"@type":"ListItem","position":1,"name":"Home","item":"https:\/\/fumot.uk\/"},{"@type":"ListItem","position":2,"name":"Shop","item":"https:\/\/fumot.uk\/shop\/"},{"@type":"ListItem","position":3,"name":"RandM Tornado 15000 Puffs Cola Ice Disposable Vape \u2013 25ml, 850mAh, Mesh Coil, USB\u2011C Rechargeable"}]},{"@type":"WebSite","@id":"https:\/\/fumot.uk\/#website","url":"https:\/\/fumot.uk\/","name":"Fumot Official Direct | Suoraan tehtaalta, 100% Aito","description":"Official Website","publisher":{"@id":"https:\/\/fumot.uk\/#organization"},"potentialAction":[{"@type":"SearchAction","target":{"@type":"EntryPoint","urlTemplate":"https:\/\/fumot.uk\/?s={search_term_string}"},"query-input":{"@type":"PropertyValueSpecification","valueRequired":true,"valueName":"search_term_string"}}],"inLanguage":"fi"},{"@type":"Organization","@id":"https:\/\/fumot.uk\/#organization","name":"Fumot Official Direct | Suoraan tehtaalta, 100% Aito","url":"https:\/\/fumot.uk\/","logo":{"@type":"ImageObject","inLanguage":"fi","@id":"https:\/\/fumot.uk\/#\/schema\/logo\/image\/","url":"https:\/\/fumot.uk\/wp-content\/uploads\/2026\/01\/cropped-fumot-logo1.png","contentUrl":"https:\/\/fumot.uk\/wp-content\/uploads\/2026\/01\/cropped-fumot-logo1.png","width":152,"height":106,"caption":"Fumot Official Direct | Straight from the Factory, 100% Genuine"},"image":{"@id":"https:\/\/fumot.uk\/#\/schema\/logo\/image\/"}}]}},"_links":{"self":[{"href":"https:\/\/fumot.uk\/fi\/wp-json\/wp\/v2\/product\/73","targetHints":{"allow":["GET"]}}],"collection":[{"href":"https:\/\/fumot.uk\/fi\/wp-json\/wp\/v2\/product"}],"about":[{"href":"https:\/\/fumot.uk\/fi\/wp-json\/wp\/v2\/types\/product"}],"replies":[{"embeddable":true,"href":"https:\/\/fumot.uk\/fi\/wp-json\/wp\/v2\/comments?post=73"}],"wp:featuredmedia":[{"embeddable":true,"href":"https:\/\/fumot.uk\/fi\/wp-json\/wp\/v2\/media\/103"}],"wp:attachment":[{"href":"https:\/\/fumot.uk\/fi\/wp-json\/wp\/v2\/media?parent=73"}],"wp:term":[{"taxonomy":"product_brand","embeddable":true,"href":"https:\/\/fumot.uk\/fi\/wp-json\/wp\/v2\/product_brand?post=73"},{"taxonomy":"product_cat","embeddable":true,"href":"https:\/\/fumot.uk\/fi\/wp-json\/wp\/v2\/product_cat?post=73"},{"taxonomy":"product_tag","embeddable":true,"href":"https:\/\/fumot.uk\/fi\/wp-json\/wp\/v2\/product_tag?post=73"}],"curies":[{"name":"wp","href":"https:\/\/api.w.org\/{rel}","templated":true}]}}