{"id":69,"date":"2026-01-20T02:40:06","date_gmt":"2026-01-20T02:40:06","guid":{"rendered":"https:\/\/fumot.uk\/?post_type=product&#038;p=69"},"modified":"2026-01-20T07:45:14","modified_gmt":"2026-01-20T07:45:14","slug":"randm-tornado-15000-puffs-cherry","status":"publish","type":"product","link":"https:\/\/fumot.uk\/fi\/product\/randm-tornado-15000-puffs-cherry\/","title":{"rendered":"RandM Tornado 15000 Puffs Cherry Disposable Vape (25ml, 850mAh, Adjustable Airflow)"},"content":{"rendered":"<h2>RandM Tornado 15000 Puffs \u2013 Kirsikka<\/h2>\n<p>Tuo kirkas, mehukas k\u00e4\u00e4nne p\u00e4ivitt\u00e4iseen vapeesi <strong>RandM Tornado 15000 Puffs Kirsikka<\/strong>. T\u00e4m\u00e4 maku yhdist\u00e4\u00e4 <strong>makeat kirsikan vivahteet<\/strong> leopardikuvioisen hohteen <strong>kevyt, hapan vivahde<\/strong> puhtaaseen, kerrostettuun makuun, joka pysyy miellytt\u00e4v\u00e4n\u00e4 ensimm\u00e4isest\u00e4 vedosta viimeiseen. <strong>s\u00e4\u00e4dett\u00e4v\u00e4n ilmavirran<\/strong>, avulla voit hienos\u00e4\u00e4t\u00e4\u00e4 jokaista henk\u00e4yst\u00e4\u2014tiukempi veto voimakkaampaan osumaan tai avaa se sujuvampaan, ilmavampaan hengenvetoon.<\/p>\n<p>Toimii <strong>850mAh ladattava akku<\/strong> ja t\u00e4ytetty <strong>25ml e-neste<\/strong>, t\u00e4m\u00e4 <strong>disposable vape<\/strong> on suunniteltu pitk\u00e4kestoiseen mukavuuteen. <strong>verkkok\u00e4\u00e4mi<\/strong> auttaa tuottamaan tasaista l\u00e4mmityst\u00e4 tasaisen pehme\u00e4lle h\u00f6yrylle ja vakaalle maulle. Etsitk\u00f6 lis\u00e4\u00e4 makuja tai haluatko tutustua koko valikoimaan? Vieraile <a href=\"https:\/\/fumot.uk\/fi\/\" target=\"_blank\" rel=\"noopener\">fumot.uk<\/a>.<\/p>\n<h3>Miksi rakastat Kirsikkaa<\/h3>\n<ul>\n<li><strong>Mehukas &amp; raikas<\/strong>: makea kirsikan luonne lempe\u00e4ll\u00e4 happamalla lopetuksella<\/li>\n<li><strong>Koko p\u00e4iv\u00e4n yst\u00e4v\u00e4llinen<\/strong>: eloisa ilman raskasta tunnetta<\/li>\n<li><strong>Ilmavirran s\u00e4\u00e4t\u00f6<\/strong>: s\u00e4\u00e4d\u00e4 veto mieltymystesi mukaan<\/li>\n<\/ul>\n<h3>Key Features<\/h3>\n<ul>\n<li><strong>Jopa 15000 puffia<\/strong><\/li>\n<li><strong>Nikotiinisuola vaihtoehdot<\/strong>: 0% \/ 2% \/ 3% \/ 5%<\/li>\n<li><strong>E-nesteen kapasiteetti<\/strong>: 25ml<\/li>\n<li><strong>Coil<\/strong>: <a href=\"https:\/\/ultravape.de\/product-tag\/mesh-coil\/\">Mesh-k\u00e4\u00e4mi<\/a><\/li>\n<li><strong>S\u00e4\u00e4dett\u00e4v\u00e4 ilmavirta<\/strong> henkil\u00f6kohtaiselle vedolle<\/li>\n<li><strong>Battery<\/strong>: 850mAh (ladattava)<\/li>\n<li><strong>Lataus<\/strong>: Type-C<\/li>\n<li><strong>Ekstrat<\/strong>: N\u00e4ytt\u00f6 + RGB-valo<\/li>\n<li><strong>Saatavilla olevat maut<\/strong>: 41 vaihtoehtoa sarjassa<\/li>\n<\/ul>\n<p><em>Huomautus:<\/em> Puffien m\u00e4\u00e4r\u00e4 vaihtelee k\u00e4ytt\u00f6tavan ja ilmavirran asetuksen mukaan.<\/p>\n<p>Tutustu lis\u00e4\u00e4 RandM Tornado vaihtoehtoihin osoitteessa <a href=\"https:\/\/fumot.uk\/fi\/\" target=\"_blank\" rel=\"noopener\">fumot.uk<\/a>.<\/p>","protected":false},"excerpt":{"rendered":"<p>Mehukas Kirsikan maku RandM Tornado 15000 Puffs kertak\u00e4ytt\u00f6isess\u00e4 vape\u201425ml e-nestett\u00e4, 850mAh ladattava akku, verkkok\u00e4\u00e4mi ja s\u00e4\u00e4dett\u00e4v\u00e4 ilmavirtaus. Nikotiinisuola: 0\/2\/3\/5%.<\/p>","protected":false},"featured_media":99,"comment_status":"open","ping_status":"closed","template":"","meta":[],"product_brand":[],"product_cat":[16,18,17],"product_tag":[19,20,21,36,23,25,26,27,28],"class_list":{"0":"post-69","1":"product","2":"type-product","3":"status-publish","4":"has-post-thumbnail","6":"product_cat-15000-puff","7":"product_cat-randm-tornado-15000-puffs","8":"product_cat-vape","9":"product_tag-25ml","10":"product_tag-850mah","11":"product_tag-adjustable-airflow","12":"product_tag-cherry","13":"product_tag-display","14":"product_tag-mesh-coil","15":"product_tag-rechargeable","16":"product_tag-rgb-light","17":"product_tag-type-c","19":"first","20":"instock","21":"sale","22":"shipping-taxable","23":"purchasable","24":"product-type-variable","25":"has-default-attributes"},"yoast_head":"<!-- This site is optimized with the Yoast SEO plugin v26.8 - https:\/\/yoast.com\/product\/yoast-seo-wordpress\/ -->\n<title>RandM Tornado 15000 Puffs Cherry | 25ml, 850mAh<\/title>\n<meta name=\"description\" content=\"RandM Tornado 15000 Puffs Cherry kertak\u00e4ytt\u00f6inen vape, jossa 25 ml e-nestett\u00e4, 850mAh ladattava akku, mesh-k\u00e4\u00e4mi ja s\u00e4\u00e4dett\u00e4v\u00e4 ilmavirtaus. 0\/2\/3\/5% nikotiinisuola.\" \/>\n<meta name=\"robots\" content=\"index, follow, max-snippet:-1, max-image-preview:large, max-video-preview:-1\" \/>\n<link rel=\"canonical\" href=\"https:\/\/fumot.uk\/fi\/product\/randm-tornado-15000-puffs-cherry\/\" \/>\n<meta property=\"og:locale\" content=\"fi_FI\" \/>\n<meta property=\"og:type\" content=\"article\" \/>\n<meta property=\"og:title\" content=\"RandM Tornado 15000 Puffs \u2013 Cherry (Adjustable Airflow)\" \/>\n<meta property=\"og:description\" content=\"Sweet-tart Cherry flavour with mesh coil smoothness, 25ml e-liquid and an 850mAh rechargeable battery. Choose 0\/2\/3\/5% nic salt. Shop fumot.uk.\" \/>\n<meta property=\"og:url\" content=\"https:\/\/fumot.uk\/fi\/product\/randm-tornado-15000-puffs-cherry\/\" \/>\n<meta property=\"og:site_name\" content=\"Fumot Official Direct | Straight from the Factory, 100% Genuine\" \/>\n<meta property=\"article:modified_time\" content=\"2026-01-20T07:45:14+00:00\" \/>\n<meta property=\"og:image\" content=\"https:\/\/fumot.uk\/wp-content\/uploads\/2026\/01\/Randm-Tornado-15000-cherry.jpg\" \/>\n\t<meta property=\"og:image:width\" content=\"2000\" \/>\n\t<meta property=\"og:image:height\" content=\"2000\" \/>\n\t<meta property=\"og:image:type\" content=\"image\/jpeg\" \/>\n<meta name=\"twitter:card\" content=\"summary_large_image\" \/>\n<meta name=\"twitter:label1\" content=\"Arvioitu lukuaika\" \/>\n\t<meta name=\"twitter:data1\" content=\"1 minuutti\" \/>\n<script type=\"application\/ld+json\" class=\"yoast-schema-graph\">{\"@context\":\"https:\/\/schema.org\",\"@graph\":[{\"@type\":\"WebPage\",\"@id\":\"https:\/\/fumot.uk\/product\/randm-tornado-15000-puffs-cherry\/\",\"url\":\"https:\/\/fumot.uk\/product\/randm-tornado-15000-puffs-cherry\/\",\"name\":\"RandM Tornado 15000 Puffs Cherry | 25ml, 850mAh\",\"isPartOf\":{\"@id\":\"https:\/\/fumot.uk\/#website\"},\"primaryImageOfPage\":{\"@id\":\"https:\/\/fumot.uk\/product\/randm-tornado-15000-puffs-cherry\/#primaryimage\"},\"image\":{\"@id\":\"https:\/\/fumot.uk\/product\/randm-tornado-15000-puffs-cherry\/#primaryimage\"},\"thumbnailUrl\":\"https:\/\/fumot.uk\/wp-content\/uploads\/2026\/01\/Randm-Tornado-15000-cherry.jpg\",\"datePublished\":\"2026-01-20T02:40:06+00:00\",\"dateModified\":\"2026-01-20T07:45:14+00:00\",\"description\":\"RandM Tornado 15000 Puffs Cherry disposable vape with 25ml e-liquid, 850mAh rechargeable battery, mesh coil & adjustable airflow. 0\/2\/3\/5% nic salt.\",\"breadcrumb\":{\"@id\":\"https:\/\/fumot.uk\/product\/randm-tornado-15000-puffs-cherry\/#breadcrumb\"},\"inLanguage\":\"fi\",\"potentialAction\":[{\"@type\":\"ReadAction\",\"target\":[\"https:\/\/fumot.uk\/product\/randm-tornado-15000-puffs-cherry\/\"]}]},{\"@type\":\"ImageObject\",\"inLanguage\":\"fi\",\"@id\":\"https:\/\/fumot.uk\/product\/randm-tornado-15000-puffs-cherry\/#primaryimage\",\"url\":\"https:\/\/fumot.uk\/wp-content\/uploads\/2026\/01\/Randm-Tornado-15000-cherry.jpg\",\"contentUrl\":\"https:\/\/fumot.uk\/wp-content\/uploads\/2026\/01\/Randm-Tornado-15000-cherry.jpg\",\"width\":2000,\"height\":2000},{\"@type\":\"BreadcrumbList\",\"@id\":\"https:\/\/fumot.uk\/product\/randm-tornado-15000-puffs-cherry\/#breadcrumb\",\"itemListElement\":[{\"@type\":\"ListItem\",\"position\":1,\"name\":\"Home\",\"item\":\"https:\/\/fumot.uk\/\"},{\"@type\":\"ListItem\",\"position\":2,\"name\":\"Shop\",\"item\":\"https:\/\/fumot.uk\/shop\/\"},{\"@type\":\"ListItem\",\"position\":3,\"name\":\"RandM Tornado 15000 Puffs Cherry Disposable Vape (25ml, 850mAh, Adjustable Airflow)\"}]},{\"@type\":\"WebSite\",\"@id\":\"https:\/\/fumot.uk\/#website\",\"url\":\"https:\/\/fumot.uk\/\",\"name\":\"Fumot Official Direct | Straight from the Factory, 100% Genuine\",\"description\":\"Official Website\",\"publisher\":{\"@id\":\"https:\/\/fumot.uk\/#organization\"},\"potentialAction\":[{\"@type\":\"SearchAction\",\"target\":{\"@type\":\"EntryPoint\",\"urlTemplate\":\"https:\/\/fumot.uk\/?s={search_term_string}\"},\"query-input\":{\"@type\":\"PropertyValueSpecification\",\"valueRequired\":true,\"valueName\":\"search_term_string\"}}],\"inLanguage\":\"fi\"},{\"@type\":\"Organization\",\"@id\":\"https:\/\/fumot.uk\/#organization\",\"name\":\"Fumot Official Direct | Straight from the Factory, 100% Genuine\",\"url\":\"https:\/\/fumot.uk\/\",\"logo\":{\"@type\":\"ImageObject\",\"inLanguage\":\"fi\",\"@id\":\"https:\/\/fumot.uk\/#\/schema\/logo\/image\/\",\"url\":\"https:\/\/fumot.uk\/wp-content\/uploads\/2026\/01\/cropped-fumot-logo1.png\",\"contentUrl\":\"https:\/\/fumot.uk\/wp-content\/uploads\/2026\/01\/cropped-fumot-logo1.png\",\"width\":152,\"height\":106,\"caption\":\"Fumot Official Direct | Straight from the Factory, 100% Genuine\"},\"image\":{\"@id\":\"https:\/\/fumot.uk\/#\/schema\/logo\/image\/\"}}]}<\/script>\n<!-- \/ Yoast SEO plugin. -->","yoast_head_json":{"title":"RandM Tornado 15000 Puffs Cherry | 25ml, 850mAh","description":"RandM Tornado 15000 Puffs Cherry kertak\u00e4ytt\u00f6inen vape, jossa 25 ml e-nestett\u00e4, 850mAh ladattava akku, mesh-k\u00e4\u00e4mi ja s\u00e4\u00e4dett\u00e4v\u00e4 ilmavirtaus. 0\/2\/3\/5% nikotiinisuola.","robots":{"index":"index","follow":"follow","max-snippet":"max-snippet:-1","max-image-preview":"max-image-preview:large","max-video-preview":"max-video-preview:-1"},"canonical":"https:\/\/fumot.uk\/fi\/product\/randm-tornado-15000-puffs-cherry\/","og_locale":"fi_FI","og_type":"article","og_title":"RandM Tornado 15000 Puffs \u2013 Cherry (Adjustable Airflow)","og_description":"Sweet-tart Cherry flavour with mesh coil smoothness, 25ml e-liquid and an 850mAh rechargeable battery. Choose 0\/2\/3\/5% nic salt. Shop fumot.uk.","og_url":"https:\/\/fumot.uk\/fi\/product\/randm-tornado-15000-puffs-cherry\/","og_site_name":"Fumot Official Direct | Straight from the Factory, 100% Genuine","article_modified_time":"2026-01-20T07:45:14+00:00","og_image":[{"width":2000,"height":2000,"url":"https:\/\/fumot.uk\/wp-content\/uploads\/2026\/01\/Randm-Tornado-15000-cherry.jpg","type":"image\/jpeg"}],"twitter_card":"summary_large_image","twitter_misc":{"Arvioitu lukuaika":"1 minuutti"},"schema":{"@context":"https:\/\/schema.org","@graph":[{"@type":"WebPage","@id":"https:\/\/fumot.uk\/product\/randm-tornado-15000-puffs-cherry\/","url":"https:\/\/fumot.uk\/product\/randm-tornado-15000-puffs-cherry\/","name":"RandM Tornado 15000 Puffs Cherry | 25ml, 850mAh","isPartOf":{"@id":"https:\/\/fumot.uk\/#website"},"primaryImageOfPage":{"@id":"https:\/\/fumot.uk\/product\/randm-tornado-15000-puffs-cherry\/#primaryimage"},"image":{"@id":"https:\/\/fumot.uk\/product\/randm-tornado-15000-puffs-cherry\/#primaryimage"},"thumbnailUrl":"https:\/\/fumot.uk\/wp-content\/uploads\/2026\/01\/Randm-Tornado-15000-cherry.jpg","datePublished":"2026-01-20T02:40:06+00:00","dateModified":"2026-01-20T07:45:14+00:00","description":"RandM Tornado 15000 Puffs Cherry kertak\u00e4ytt\u00f6inen vape, jossa on 25 ml e-nestett\u00e4, 850 mAh ladattava akku, mesh-k\u00e4\u00e4mi ja s\u00e4\u00e4dett\u00e4v\u00e4 ilmavirtaus. 0\/2\/3\/5% nic salt.","breadcrumb":{"@id":"https:\/\/fumot.uk\/product\/randm-tornado-15000-puffs-cherry\/#breadcrumb"},"inLanguage":"fi","potentialAction":[{"@type":"ReadAction","target":["https:\/\/fumot.uk\/product\/randm-tornado-15000-puffs-cherry\/"]}]},{"@type":"ImageObject","inLanguage":"fi","@id":"https:\/\/fumot.uk\/product\/randm-tornado-15000-puffs-cherry\/#primaryimage","url":"https:\/\/fumot.uk\/wp-content\/uploads\/2026\/01\/Randm-Tornado-15000-cherry.jpg","contentUrl":"https:\/\/fumot.uk\/wp-content\/uploads\/2026\/01\/Randm-Tornado-15000-cherry.jpg","width":2000,"height":2000},{"@type":"BreadcrumbList","@id":"https:\/\/fumot.uk\/product\/randm-tornado-15000-puffs-cherry\/#breadcrumb","itemListElement":[{"@type":"ListItem","position":1,"name":"Home","item":"https:\/\/fumot.uk\/"},{"@type":"ListItem","position":2,"name":"Shop","item":"https:\/\/fumot.uk\/shop\/"},{"@type":"ListItem","position":3,"name":"RandM Tornado 15000 Puffs Cherry Disposable Vape (25ml, 850mAh, Adjustable Airflow)"}]},{"@type":"WebSite","@id":"https:\/\/fumot.uk\/#website","url":"https:\/\/fumot.uk\/","name":"Fumot Official Direct | Suoraan tehtaalta, 100% Aito","description":"Official Website","publisher":{"@id":"https:\/\/fumot.uk\/#organization"},"potentialAction":[{"@type":"SearchAction","target":{"@type":"EntryPoint","urlTemplate":"https:\/\/fumot.uk\/?s={search_term_string}"},"query-input":{"@type":"PropertyValueSpecification","valueRequired":true,"valueName":"search_term_string"}}],"inLanguage":"fi"},{"@type":"Organization","@id":"https:\/\/fumot.uk\/#organization","name":"Fumot Official Direct | Suoraan tehtaalta, 100% Aito","url":"https:\/\/fumot.uk\/","logo":{"@type":"ImageObject","inLanguage":"fi","@id":"https:\/\/fumot.uk\/#\/schema\/logo\/image\/","url":"https:\/\/fumot.uk\/wp-content\/uploads\/2026\/01\/cropped-fumot-logo1.png","contentUrl":"https:\/\/fumot.uk\/wp-content\/uploads\/2026\/01\/cropped-fumot-logo1.png","width":152,"height":106,"caption":"Fumot Official Direct | Straight from the Factory, 100% Genuine"},"image":{"@id":"https:\/\/fumot.uk\/#\/schema\/logo\/image\/"}}]}},"_links":{"self":[{"href":"https:\/\/fumot.uk\/fi\/wp-json\/wp\/v2\/product\/69","targetHints":{"allow":["GET"]}}],"collection":[{"href":"https:\/\/fumot.uk\/fi\/wp-json\/wp\/v2\/product"}],"about":[{"href":"https:\/\/fumot.uk\/fi\/wp-json\/wp\/v2\/types\/product"}],"replies":[{"embeddable":true,"href":"https:\/\/fumot.uk\/fi\/wp-json\/wp\/v2\/comments?post=69"}],"wp:featuredmedia":[{"embeddable":true,"href":"https:\/\/fumot.uk\/fi\/wp-json\/wp\/v2\/media\/99"}],"wp:attachment":[{"href":"https:\/\/fumot.uk\/fi\/wp-json\/wp\/v2\/media?parent=69"}],"wp:term":[{"taxonomy":"product_brand","embeddable":true,"href":"https:\/\/fumot.uk\/fi\/wp-json\/wp\/v2\/product_brand?post=69"},{"taxonomy":"product_cat","embeddable":true,"href":"https:\/\/fumot.uk\/fi\/wp-json\/wp\/v2\/product_cat?post=69"},{"taxonomy":"product_tag","embeddable":true,"href":"https:\/\/fumot.uk\/fi\/wp-json\/wp\/v2\/product_tag?post=69"}],"curies":[{"name":"wp","href":"https:\/\/api.w.org\/{rel}","templated":true}]}}