{"id":633,"date":"2026-01-20T02:47:02","date_gmt":"2026-01-20T02:47:02","guid":{"rendered":"https:\/\/fumot.uk\/?post_type=product&#038;p=633"},"modified":"2026-01-20T06:35:27","modified_gmt":"2026-01-20T06:35:27","slug":"fumot-leopard-40000-puffs-peach-berry","status":"publish","type":"product","link":"https:\/\/fumot.uk\/fi\/product\/fumot-leopard-40000-puffs-peach-berry\/","title":{"rendered":"Fumot Leopard 40000 Puffs Kertak\u00e4ytt\u00f6inen Vape (Persikka Marja) | LED-n\u00e4ytt\u00f6, Kaksinkertainen Mesh, Type\u2011C"},"content":{"rendered":"<h2><strong>Fumot Leopard 40000 Puffs \u2013 Persikka Marja<\/strong><\/h2>\n<p>Tuo hieman villi\u00e4 tyyli\u00e4 jokap\u00e4iv\u00e4iseen vapeesi. The <strong>Fumot Leopard 40000 Puffs<\/strong> yhdist\u00e4\u00e4 kristallinkirkkaan, leopardikuvioisen kuoren kimalteleviin yksityiskohtiin ja eloisaan <strong>LED digital display<\/strong> joka syttyy vedett\u00e4ess\u00e4. Ergonomisesti suunniteltu, se tuottaa pehme\u00e4\u00e4, tasaista h\u00f6yry\u00e4 sek\u00e4 uusille ett\u00e4 kokeneille vapaajille.<\/p>\n<h3><strong>Makuvalokeila: Persikka Marja<\/strong><\/h3>\n<p><strong>Persikka Marja<\/strong> sekoittaa kyps\u00e4n persikan makeuden kirkkaan marjan kirpeyteen tasapainoisen hedelm\u00e4profiilin saamiseksi\u2014mehukas alussa, kevyesti hapan lopussa. Se on puhdas, jokap\u00e4iv\u00e4inen maku, joka pysyy raikkaana olematta liian voimakas.<\/p>\n<h3><strong>Key Features<\/strong><\/h3>\n<ul>\n<li><strong>Up to 40000 puffs<\/strong> (usage varies by puff length)<\/li>\n<li><strong>Nicotine options:<\/strong> 0%, 2%, 3%, 5%<\/li>\n<li><strong>700mAh akku<\/strong> pitk\u00e4kestoiseen suorituskykyyn<\/li>\n<li><strong>Dual Mesh Coil<\/strong> tasaiselle l\u00e4mmitykselle ja t\u00e4ydemm\u00e4lle maulle<\/li>\n<li><strong>Type\u2011C fast charging<\/strong> nopeisiin t\u00e4ydennyksiin<\/li>\n<li><strong>LED display<\/strong> e-nesteen tason n\u00e4kyvyydell\u00e4<\/li>\n<\/ul>\n<h3><strong>Miksi valita Persikka Marja Leopard 40000:ssa?<\/strong><\/h3>\n<p>Jos pid\u00e4t hedelm\u00e4isist\u00e4 mauista, jotka tuntuvat sek\u00e4 mehukkailta ett\u00e4 raikkailta, Persikka Marja osuu makeaan kohtaan. Yhdistettyn\u00e4 Leopardin <strong>Dual Mesh Coil<\/strong> ja <strong>LED display<\/strong>, saat luotettavan maun toimituksen, helpon seurannan ja erottuvan ulkon\u00e4\u00f6n\u2014rakennettu pitkiin sessioihin ja tasaiselle maulle alusta loppuun.<\/p>\n<p><strong>Category:<\/strong> 40000 henk\u00e4yst\u00e4 \/ Kertak\u00e4ytt\u00f6inen Vape \/ Fumot Leopard 40000 Puffs<br \/>\n<strong>Lataus:<\/strong> Type\u2011C \u00a0|&nbsp; <strong>Akku:<\/strong> 700mAh \u00a0|&nbsp; <strong>K\u00e4\u00e4mi:<\/strong> Dual Mesh Coil<\/p>","protected":false},"excerpt":{"rendered":"<p>Persikka kohtaa marjan kirpeyden tasapainoisessa, mehukkaassa sekoituksessa. Fumot Leopard 40000 Puffs sis\u00e4lt\u00e4\u00e4 700mAh akun, Dual Mesh Coil -k\u00e4\u00e4min, Type\u2011C-latauksen ja LED-n\u00e4yt\u00f6n.<\/p>","protected":false},"featured_media":671,"comment_status":"open","ping_status":"closed","template":"","meta":[],"product_brand":[],"product_cat":[82,83,17],"product_tag":[84,70,85,71,86,41,23,73,30,28],"class_list":{"0":"post-633","1":"product","2":"type-product","3":"status-publish","4":"has-post-thumbnail","6":"product_cat-40000-puff","7":"product_cat-fumot-leopard-40000-puffs","8":"product_cat-vape","9":"product_tag-0-nikotin","10":"product_tag-2-nikotin","11":"product_tag-3-nikotin","12":"product_tag-5-nikotin","13":"product_tag-700-mah","14":"product_tag-berry","15":"product_tag-display","16":"product_tag-dual-mesh","17":"product_tag-peach","18":"product_tag-type-c","20":"first","21":"instock","22":"sale","23":"shipping-taxable","24":"purchasable","25":"product-type-variable","26":"has-default-attributes"},"yoast_head":"<!-- This site is optimized with the Yoast SEO plugin v26.8 - https:\/\/yoast.com\/product\/yoast-seo-wordpress\/ -->\n<title>Fumot Leopard 40000 Puffs Peach Berry | LED-n\u00e4ytt\u00f6<\/title>\n<meta name=\"description\" content=\"Fumot Leopard 40000 Puffs Peach Berry kertak\u00e4ytt\u00f6inen vape kaksoisverkkomuodolla, 700mAh akulla, Type\u2011C-pikalatauksella, LED-n\u00e4yt\u00f6ll\u00e4 ja nikotiinivaihtoehdoilla 0\u20135%.\" \/>\n<meta name=\"robots\" content=\"index, follow, max-snippet:-1, max-image-preview:large, max-video-preview:-1\" \/>\n<link rel=\"canonical\" href=\"https:\/\/fumot.uk\/fi\/product\/fumot-leopard-40000-puffs-peach-berry\/\" \/>\n<meta property=\"og:locale\" content=\"fi_FI\" \/>\n<meta property=\"og:type\" content=\"article\" \/>\n<meta property=\"og:title\" content=\"Fumot Leopard 40000 Puffs \u2013 Peach Berry\" \/>\n<meta property=\"og:description\" content=\"Juicy peach sweetness with a bright berry finish. Up to 40000 puffs, Dual Mesh Coil, 700mAh battery, Type\u2011C charging, and an LED digital display.\" \/>\n<meta property=\"og:url\" content=\"https:\/\/fumot.uk\/fi\/product\/fumot-leopard-40000-puffs-peach-berry\/\" \/>\n<meta property=\"og:site_name\" content=\"Fumot Official Direct | Straight from the Factory, 100% Genuine\" \/>\n<meta property=\"article:modified_time\" content=\"2026-01-20T06:35:27+00:00\" \/>\n<meta property=\"og:image\" content=\"https:\/\/fumot.uk\/wp-content\/uploads\/2026\/01\/Fumot-Leopard-40000-Puffs-Peach-Berry-Disposable-Vape.jpg\" \/>\n\t<meta property=\"og:image:width\" content=\"2000\" \/>\n\t<meta property=\"og:image:height\" content=\"2000\" \/>\n\t<meta property=\"og:image:type\" content=\"image\/jpeg\" \/>\n<meta name=\"twitter:card\" content=\"summary_large_image\" \/>\n<meta name=\"twitter:label1\" content=\"Arvioitu lukuaika\" \/>\n\t<meta name=\"twitter:data1\" content=\"2 minuuttia\" \/>\n<script type=\"application\/ld+json\" class=\"yoast-schema-graph\">{\"@context\":\"https:\/\/schema.org\",\"@graph\":[{\"@type\":\"WebPage\",\"@id\":\"https:\/\/fumot.uk\/product\/fumot-leopard-40000-puffs-peach-berry\/\",\"url\":\"https:\/\/fumot.uk\/product\/fumot-leopard-40000-puffs-peach-berry\/\",\"name\":\"Fumot Leopard 40000 Puffs Peach Berry | LED Display\",\"isPartOf\":{\"@id\":\"https:\/\/fumot.uk\/#website\"},\"primaryImageOfPage\":{\"@id\":\"https:\/\/fumot.uk\/product\/fumot-leopard-40000-puffs-peach-berry\/#primaryimage\"},\"image\":{\"@id\":\"https:\/\/fumot.uk\/product\/fumot-leopard-40000-puffs-peach-berry\/#primaryimage\"},\"thumbnailUrl\":\"https:\/\/fumot.uk\/wp-content\/uploads\/2026\/01\/Fumot-Leopard-40000-Puffs-Peach-Berry-Disposable-Vape.jpg\",\"datePublished\":\"2026-01-20T02:47:02+00:00\",\"dateModified\":\"2026-01-20T06:35:27+00:00\",\"description\":\"Fumot Leopard 40000 Puffs Peach Berry disposable vape with Dual Mesh Coil, 700mAh battery, Type\u2011C fast charging, LED display and nicotine options 0\u20135%.\",\"breadcrumb\":{\"@id\":\"https:\/\/fumot.uk\/product\/fumot-leopard-40000-puffs-peach-berry\/#breadcrumb\"},\"inLanguage\":\"fi\",\"potentialAction\":[{\"@type\":\"ReadAction\",\"target\":[\"https:\/\/fumot.uk\/product\/fumot-leopard-40000-puffs-peach-berry\/\"]}]},{\"@type\":\"ImageObject\",\"inLanguage\":\"fi\",\"@id\":\"https:\/\/fumot.uk\/product\/fumot-leopard-40000-puffs-peach-berry\/#primaryimage\",\"url\":\"https:\/\/fumot.uk\/wp-content\/uploads\/2026\/01\/Fumot-Leopard-40000-Puffs-Peach-Berry-Disposable-Vape.jpg\",\"contentUrl\":\"https:\/\/fumot.uk\/wp-content\/uploads\/2026\/01\/Fumot-Leopard-40000-Puffs-Peach-Berry-Disposable-Vape.jpg\",\"width\":2000,\"height\":2000},{\"@type\":\"BreadcrumbList\",\"@id\":\"https:\/\/fumot.uk\/product\/fumot-leopard-40000-puffs-peach-berry\/#breadcrumb\",\"itemListElement\":[{\"@type\":\"ListItem\",\"position\":1,\"name\":\"Home\",\"item\":\"https:\/\/fumot.uk\/\"},{\"@type\":\"ListItem\",\"position\":2,\"name\":\"Shop\",\"item\":\"https:\/\/fumot.uk\/shop\/\"},{\"@type\":\"ListItem\",\"position\":3,\"name\":\"Fumot Leopard 40000 Puffs Disposable Vape (Peach Berry) | LED Display, Dual Mesh, Type\u2011C\"}]},{\"@type\":\"WebSite\",\"@id\":\"https:\/\/fumot.uk\/#website\",\"url\":\"https:\/\/fumot.uk\/\",\"name\":\"Fumot Official Direct | Straight from the Factory, 100% Genuine\",\"description\":\"Official Website\",\"publisher\":{\"@id\":\"https:\/\/fumot.uk\/#organization\"},\"potentialAction\":[{\"@type\":\"SearchAction\",\"target\":{\"@type\":\"EntryPoint\",\"urlTemplate\":\"https:\/\/fumot.uk\/?s={search_term_string}\"},\"query-input\":{\"@type\":\"PropertyValueSpecification\",\"valueRequired\":true,\"valueName\":\"search_term_string\"}}],\"inLanguage\":\"fi\"},{\"@type\":\"Organization\",\"@id\":\"https:\/\/fumot.uk\/#organization\",\"name\":\"Fumot Official Direct | Straight from the Factory, 100% Genuine\",\"url\":\"https:\/\/fumot.uk\/\",\"logo\":{\"@type\":\"ImageObject\",\"inLanguage\":\"fi\",\"@id\":\"https:\/\/fumot.uk\/#\/schema\/logo\/image\/\",\"url\":\"https:\/\/fumot.uk\/wp-content\/uploads\/2026\/01\/cropped-fumot-logo1.png\",\"contentUrl\":\"https:\/\/fumot.uk\/wp-content\/uploads\/2026\/01\/cropped-fumot-logo1.png\",\"width\":152,\"height\":106,\"caption\":\"Fumot Official Direct | Straight from the Factory, 100% Genuine\"},\"image\":{\"@id\":\"https:\/\/fumot.uk\/#\/schema\/logo\/image\/\"}}]}<\/script>\n<!-- \/ Yoast SEO plugin. -->","yoast_head_json":{"title":"Fumot Leopard 40000 Puffs Persikka Marja | LED-n\u00e4ytt\u00f6","description":"Fumot Leopard 40000 Puffs Peach Berry kertak\u00e4ytt\u00f6inen vape kaksoisverkkomuodolla, 700mAh akulla, Type\u2011C-pikalatauksella, LED-n\u00e4yt\u00f6ll\u00e4 ja nikotiinivaihtoehdoilla 0\u20135%.","robots":{"index":"index","follow":"follow","max-snippet":"max-snippet:-1","max-image-preview":"max-image-preview:large","max-video-preview":"max-video-preview:-1"},"canonical":"https:\/\/fumot.uk\/fi\/product\/fumot-leopard-40000-puffs-peach-berry\/","og_locale":"fi_FI","og_type":"article","og_title":"Fumot Leopard 40000 Puffs \u2013 Peach Berry","og_description":"Juicy peach sweetness with a bright berry finish. Up to 40000 puffs, Dual Mesh Coil, 700mAh battery, Type\u2011C charging, and an LED digital display.","og_url":"https:\/\/fumot.uk\/fi\/product\/fumot-leopard-40000-puffs-peach-berry\/","og_site_name":"Fumot Official Direct | Straight from the Factory, 100% Genuine","article_modified_time":"2026-01-20T06:35:27+00:00","og_image":[{"width":2000,"height":2000,"url":"https:\/\/fumot.uk\/wp-content\/uploads\/2026\/01\/Fumot-Leopard-40000-Puffs-Peach-Berry-Disposable-Vape.jpg","type":"image\/jpeg"}],"twitter_card":"summary_large_image","twitter_misc":{"Arvioitu lukuaika":"2 minuuttia"},"schema":{"@context":"https:\/\/schema.org","@graph":[{"@type":"WebPage","@id":"https:\/\/fumot.uk\/product\/fumot-leopard-40000-puffs-peach-berry\/","url":"https:\/\/fumot.uk\/product\/fumot-leopard-40000-puffs-peach-berry\/","name":"Fumot Leopard 40000 Puffs Peach Berry | LED Display","isPartOf":{"@id":"https:\/\/fumot.uk\/#website"},"primaryImageOfPage":{"@id":"https:\/\/fumot.uk\/product\/fumot-leopard-40000-puffs-peach-berry\/#primaryimage"},"image":{"@id":"https:\/\/fumot.uk\/product\/fumot-leopard-40000-puffs-peach-berry\/#primaryimage"},"thumbnailUrl":"https:\/\/fumot.uk\/wp-content\/uploads\/2026\/01\/Fumot-Leopard-40000-Puffs-Peach-Berry-Disposable-Vape.jpg","datePublished":"2026-01-20T02:47:02+00:00","dateModified":"2026-01-20T06:35:27+00:00","description":"Fumot Leopard 40000 Puffs Peach Berry kertak\u00e4ytt\u00f6inen vape, jossa Dual Mesh Coil, 700mAh akku, Type\u2011C pikalataus, LED-n\u00e4ytt\u00f6 ja nikotiinivaihtoehdot 0\u20135%.","breadcrumb":{"@id":"https:\/\/fumot.uk\/product\/fumot-leopard-40000-puffs-peach-berry\/#breadcrumb"},"inLanguage":"fi","potentialAction":[{"@type":"ReadAction","target":["https:\/\/fumot.uk\/product\/fumot-leopard-40000-puffs-peach-berry\/"]}]},{"@type":"ImageObject","inLanguage":"fi","@id":"https:\/\/fumot.uk\/product\/fumot-leopard-40000-puffs-peach-berry\/#primaryimage","url":"https:\/\/fumot.uk\/wp-content\/uploads\/2026\/01\/Fumot-Leopard-40000-Puffs-Peach-Berry-Disposable-Vape.jpg","contentUrl":"https:\/\/fumot.uk\/wp-content\/uploads\/2026\/01\/Fumot-Leopard-40000-Puffs-Peach-Berry-Disposable-Vape.jpg","width":2000,"height":2000},{"@type":"BreadcrumbList","@id":"https:\/\/fumot.uk\/product\/fumot-leopard-40000-puffs-peach-berry\/#breadcrumb","itemListElement":[{"@type":"ListItem","position":1,"name":"Home","item":"https:\/\/fumot.uk\/"},{"@type":"ListItem","position":2,"name":"Shop","item":"https:\/\/fumot.uk\/shop\/"},{"@type":"ListItem","position":3,"name":"Fumot Leopard 40000 Puffs Disposable Vape (Peach Berry) | LED Display, Dual Mesh, Type\u2011C"}]},{"@type":"WebSite","@id":"https:\/\/fumot.uk\/#website","url":"https:\/\/fumot.uk\/","name":"Fumot Official Direct | Suoraan tehtaalta, 100% Aito","description":"Official Website","publisher":{"@id":"https:\/\/fumot.uk\/#organization"},"potentialAction":[{"@type":"SearchAction","target":{"@type":"EntryPoint","urlTemplate":"https:\/\/fumot.uk\/?s={search_term_string}"},"query-input":{"@type":"PropertyValueSpecification","valueRequired":true,"valueName":"search_term_string"}}],"inLanguage":"fi"},{"@type":"Organization","@id":"https:\/\/fumot.uk\/#organization","name":"Fumot Official Direct | Suoraan tehtaalta, 100% Aito","url":"https:\/\/fumot.uk\/","logo":{"@type":"ImageObject","inLanguage":"fi","@id":"https:\/\/fumot.uk\/#\/schema\/logo\/image\/","url":"https:\/\/fumot.uk\/wp-content\/uploads\/2026\/01\/cropped-fumot-logo1.png","contentUrl":"https:\/\/fumot.uk\/wp-content\/uploads\/2026\/01\/cropped-fumot-logo1.png","width":152,"height":106,"caption":"Fumot Official Direct | Straight from the Factory, 100% Genuine"},"image":{"@id":"https:\/\/fumot.uk\/#\/schema\/logo\/image\/"}}]}},"_links":{"self":[{"href":"https:\/\/fumot.uk\/fi\/wp-json\/wp\/v2\/product\/633","targetHints":{"allow":["GET"]}}],"collection":[{"href":"https:\/\/fumot.uk\/fi\/wp-json\/wp\/v2\/product"}],"about":[{"href":"https:\/\/fumot.uk\/fi\/wp-json\/wp\/v2\/types\/product"}],"replies":[{"embeddable":true,"href":"https:\/\/fumot.uk\/fi\/wp-json\/wp\/v2\/comments?post=633"}],"wp:featuredmedia":[{"embeddable":true,"href":"https:\/\/fumot.uk\/fi\/wp-json\/wp\/v2\/media\/671"}],"wp:attachment":[{"href":"https:\/\/fumot.uk\/fi\/wp-json\/wp\/v2\/media?parent=633"}],"wp:term":[{"taxonomy":"product_brand","embeddable":true,"href":"https:\/\/fumot.uk\/fi\/wp-json\/wp\/v2\/product_brand?post=633"},{"taxonomy":"product_cat","embeddable":true,"href":"https:\/\/fumot.uk\/fi\/wp-json\/wp\/v2\/product_cat?post=633"},{"taxonomy":"product_tag","embeddable":true,"href":"https:\/\/fumot.uk\/fi\/wp-json\/wp\/v2\/product_tag?post=633"}],"curies":[{"name":"wp","href":"https:\/\/api.w.org\/{rel}","templated":true}]}}