{"id":632,"date":"2026-01-20T02:47:02","date_gmt":"2026-01-20T02:47:02","guid":{"rendered":"https:\/\/fumot.uk\/?post_type=product&#038;p=632"},"modified":"2026-01-20T06:35:31","modified_gmt":"2026-01-20T06:35:31","slug":"fumot-leopard-40000-puffs-blueberry-ice","status":"publish","type":"product","link":"https:\/\/fumot.uk\/fi\/product\/fumot-leopard-40000-puffs-blueberry-ice\/","title":{"rendered":"Fumot Leopard 40000 Puffs Kertak\u00e4ytt\u00f6inen Vape \u2013 Blueberry Ice, Dual Mesh Coil, LED-n\u00e4ytt\u00f6, 700mAh, Type\u2011C"},"content":{"rendered":"<h2>Fumot Leopard 40000 Puffs \u2013 Mustikka J\u00e4\u00e4<\/h2>\n<p>Tapaa erinomainen kertak\u00e4ytt\u00f6inen vape, joka on suunniteltu pitkiin sessioihin ja helppoon jokap\u00e4iv\u00e4iseen k\u00e4ytt\u00f6\u00f6n. <strong>Fumot Leopard 40000 Puffs<\/strong> yhdist\u00e4\u00e4 rohkean <strong>transparent crystal-style shell<\/strong> leopardikuvioisen hohteen <strong>leopard pattern shimmer<\/strong> and an <strong>LED digital display<\/strong> Maku: Mustikka J\u00e4\u00e4 (Makea Marja + Viile\u00e4 Loppusilaus).<\/p>\n<h3>tarjoaa ensin kyps\u00e4n mustikan makeuden, jota seuraa raikas, viilent\u00e4v\u00e4 s\u00e4vy, joka pit\u00e4\u00e4 jokaisen vedon tuoreena. Se on tasapainoinen profiili\u2014hedelm\u00e4inen ilman liiallista karkkimaisuutta ja j\u00e4inen ilman, ett\u00e4 marja j\u00e4\u00e4 varjoon.<\/h3>\n<p><strong>Mustikkaj\u00e4\u00e4<\/strong> pitk\u00e4kestoiseen nautintoon.<\/p>\n<h3>Key Features<\/h3>\n<ul>\n<li><strong>Jopa 40 000 puffsia<\/strong> suunniteltu luotettavaa p\u00e4ivitt\u00e4ist\u00e4 suorituskyky\u00e4 varten<\/li>\n<li><strong>Nicotine options:<\/strong> 0%, 2%, 3%, 5%<\/li>\n<li><strong>700mAh akku<\/strong> tasaiselle, tasapainoiselle l\u00e4mmitykselle ja johdonmukaiselle maulle<\/li>\n<li><strong>Dual Mesh Coil<\/strong> k\u00e4teviin latauksiin<\/li>\n<li><strong>Type\u2011C fast charging<\/strong> e-nesteen tason n\u00e4kyvyydell\u00e4 nopeisiin tilan tarkistuksiin<\/li>\n<li><strong>LED display<\/strong> Miksi valita Fumot Leopard Mustikka J\u00e4\u00e4?<\/li>\n<\/ul>\n<h3>viile\u00e4 marja kertak\u00e4ytt\u00f6inen vape<\/h3>\n<p>If you want a <strong>cool berry disposable vape<\/strong> 40000 puff kertak\u00e4ytt\u00f6inen vape \/ Einweg E-Zigarette.<\/p>\n<p><strong>Category:<\/strong> Fumot Leopard 40000 Puffs Mustikka J\u00e4\u00e4 kertak\u00e4ytt\u00f6inen vape Dual Mesh Coililla, LED-n\u00e4yt\u00f6ll\u00e4, 700mAh akulla, Type-C latauksella. Nikotiini 0\/2\/3\/5%.<\/p>","protected":false},"excerpt":{"rendered":"<p>Fumot Leopard 40000 Puffs Blueberry Ice: makea mustikan maku puhtaalla j\u00e4isell\u00e4 j\u00e4lkimaulla, Dual Mesh Coil, LED-n\u00e4ytt\u00f6, 700mAh akku ja Type\u2011C-pikalataus. Nikotiini: 0\/2\/3\/5%.<\/p>","protected":false},"featured_media":670,"comment_status":"open","ping_status":"closed","template":"","meta":[],"product_brand":[],"product_cat":[82,83,17],"product_tag":[84,70,85,71,86,33,23,73,29,28],"class_list":{"0":"post-632","1":"product","2":"type-product","3":"status-publish","4":"has-post-thumbnail","6":"product_cat-40000-puff","7":"product_cat-fumot-leopard-40000-puffs","8":"product_cat-vape","9":"product_tag-0-nikotin","10":"product_tag-2-nikotin","11":"product_tag-3-nikotin","12":"product_tag-5-nikotin","13":"product_tag-700-mah","14":"product_tag-blueberry","15":"product_tag-display","16":"product_tag-dual-mesh","17":"product_tag-ice","18":"product_tag-type-c","20":"first","21":"instock","22":"sale","23":"shipping-taxable","24":"purchasable","25":"product-type-variable","26":"has-default-attributes"},"yoast_head":"<!-- This site is optimized with the Yoast SEO plugin v26.8 - https:\/\/yoast.com\/product\/yoast-seo-wordpress\/ -->\n<title>Fumot Leopard 40000 Puffs Mustikkaj\u00e4\u00e4 | LED-n\u00e4ytt\u00f6<\/title>\n<meta name=\"description\" content=\"Fumot Leopard 40000 Puffs Blueberry Ice kertak\u00e4ytt\u00f6inen vape Dual Mesh Coililla, LED-n\u00e4yt\u00f6ll\u00e4, 700mAh akulla, Type\u2011C-latauksella. Nikotiini 0\/2\/3\/5%.\" \/>\n<meta name=\"robots\" content=\"index, follow, max-snippet:-1, max-image-preview:large, max-video-preview:-1\" \/>\n<link rel=\"canonical\" href=\"https:\/\/fumot.uk\/fi\/product\/fumot-leopard-40000-puffs-blueberry-ice\/\" \/>\n<meta property=\"og:locale\" content=\"fi_FI\" \/>\n<meta property=\"og:type\" content=\"article\" \/>\n<meta property=\"og:title\" content=\"Fumot Leopard 40000 Puffs \u2013 Blueberry Ice\" \/>\n<meta property=\"og:description\" content=\"Sweet blueberry meets a crisp icy finish. Dual Mesh Coil, LED display, 700mAh battery, Type\u2011C charging, up to 40,000 puffs. Nicotine 0\/2\/3\/5%.\" \/>\n<meta property=\"og:url\" content=\"https:\/\/fumot.uk\/fi\/product\/fumot-leopard-40000-puffs-blueberry-ice\/\" \/>\n<meta property=\"og:site_name\" content=\"Fumot Official Direct | Straight from the Factory, 100% Genuine\" \/>\n<meta property=\"article:modified_time\" content=\"2026-01-20T06:35:31+00:00\" \/>\n<meta property=\"og:image\" content=\"https:\/\/fumot.uk\/wp-content\/uploads\/2026\/01\/Fumot-Leopard-40000-Puffs-Blueberry-Ice-Disposable-Vape.jpg\" \/>\n\t<meta property=\"og:image:width\" content=\"2000\" \/>\n\t<meta property=\"og:image:height\" content=\"2000\" \/>\n\t<meta property=\"og:image:type\" content=\"image\/jpeg\" \/>\n<meta name=\"twitter:card\" content=\"summary_large_image\" \/>\n<meta name=\"twitter:label1\" content=\"Arvioitu lukuaika\" \/>\n\t<meta name=\"twitter:data1\" content=\"2 minuuttia\" \/>\n<script type=\"application\/ld+json\" class=\"yoast-schema-graph\">{\"@context\":\"https:\/\/schema.org\",\"@graph\":[{\"@type\":\"WebPage\",\"@id\":\"https:\/\/fumot.uk\/product\/fumot-leopard-40000-puffs-blueberry-ice\/\",\"url\":\"https:\/\/fumot.uk\/product\/fumot-leopard-40000-puffs-blueberry-ice\/\",\"name\":\"Fumot Leopard 40000 Puffs Blueberry Ice | LED Display\",\"isPartOf\":{\"@id\":\"https:\/\/fumot.uk\/#website\"},\"primaryImageOfPage\":{\"@id\":\"https:\/\/fumot.uk\/product\/fumot-leopard-40000-puffs-blueberry-ice\/#primaryimage\"},\"image\":{\"@id\":\"https:\/\/fumot.uk\/product\/fumot-leopard-40000-puffs-blueberry-ice\/#primaryimage\"},\"thumbnailUrl\":\"https:\/\/fumot.uk\/wp-content\/uploads\/2026\/01\/Fumot-Leopard-40000-Puffs-Blueberry-Ice-Disposable-Vape.jpg\",\"datePublished\":\"2026-01-20T02:47:02+00:00\",\"dateModified\":\"2026-01-20T06:35:31+00:00\",\"description\":\"Fumot Leopard 40000 Puffs Blueberry Ice disposable vape with Dual Mesh Coil, LED display, 700mAh battery, Type\u2011C charging. Nicotine 0\/2\/3\/5%.\",\"breadcrumb\":{\"@id\":\"https:\/\/fumot.uk\/product\/fumot-leopard-40000-puffs-blueberry-ice\/#breadcrumb\"},\"inLanguage\":\"fi\",\"potentialAction\":[{\"@type\":\"ReadAction\",\"target\":[\"https:\/\/fumot.uk\/product\/fumot-leopard-40000-puffs-blueberry-ice\/\"]}]},{\"@type\":\"ImageObject\",\"inLanguage\":\"fi\",\"@id\":\"https:\/\/fumot.uk\/product\/fumot-leopard-40000-puffs-blueberry-ice\/#primaryimage\",\"url\":\"https:\/\/fumot.uk\/wp-content\/uploads\/2026\/01\/Fumot-Leopard-40000-Puffs-Blueberry-Ice-Disposable-Vape.jpg\",\"contentUrl\":\"https:\/\/fumot.uk\/wp-content\/uploads\/2026\/01\/Fumot-Leopard-40000-Puffs-Blueberry-Ice-Disposable-Vape.jpg\",\"width\":2000,\"height\":2000},{\"@type\":\"BreadcrumbList\",\"@id\":\"https:\/\/fumot.uk\/product\/fumot-leopard-40000-puffs-blueberry-ice\/#breadcrumb\",\"itemListElement\":[{\"@type\":\"ListItem\",\"position\":1,\"name\":\"Home\",\"item\":\"https:\/\/fumot.uk\/\"},{\"@type\":\"ListItem\",\"position\":2,\"name\":\"Shop\",\"item\":\"https:\/\/fumot.uk\/shop\/\"},{\"@type\":\"ListItem\",\"position\":3,\"name\":\"Fumot Leopard 40000 Puffs Disposable Vape \u2013 Blueberry Ice, Dual Mesh Coil, LED Display, 700mAh, Type\u2011C\"}]},{\"@type\":\"WebSite\",\"@id\":\"https:\/\/fumot.uk\/#website\",\"url\":\"https:\/\/fumot.uk\/\",\"name\":\"Fumot Official Direct | Straight from the Factory, 100% Genuine\",\"description\":\"Official Website\",\"publisher\":{\"@id\":\"https:\/\/fumot.uk\/#organization\"},\"potentialAction\":[{\"@type\":\"SearchAction\",\"target\":{\"@type\":\"EntryPoint\",\"urlTemplate\":\"https:\/\/fumot.uk\/?s={search_term_string}\"},\"query-input\":{\"@type\":\"PropertyValueSpecification\",\"valueRequired\":true,\"valueName\":\"search_term_string\"}}],\"inLanguage\":\"fi\"},{\"@type\":\"Organization\",\"@id\":\"https:\/\/fumot.uk\/#organization\",\"name\":\"Fumot Official Direct | Straight from the Factory, 100% Genuine\",\"url\":\"https:\/\/fumot.uk\/\",\"logo\":{\"@type\":\"ImageObject\",\"inLanguage\":\"fi\",\"@id\":\"https:\/\/fumot.uk\/#\/schema\/logo\/image\/\",\"url\":\"https:\/\/fumot.uk\/wp-content\/uploads\/2026\/01\/cropped-fumot-logo1.png\",\"contentUrl\":\"https:\/\/fumot.uk\/wp-content\/uploads\/2026\/01\/cropped-fumot-logo1.png\",\"width\":152,\"height\":106,\"caption\":\"Fumot Official Direct | Straight from the Factory, 100% Genuine\"},\"image\":{\"@id\":\"https:\/\/fumot.uk\/#\/schema\/logo\/image\/\"}}]}<\/script>\n<!-- \/ Yoast SEO plugin. -->","yoast_head_json":{"title":"Fumot Leopard 40000 Puffs Mustikkaj\u00e4\u00e4 | LED-n\u00e4ytt\u00f6","description":"Fumot Leopard 40000 Puffs Mustikkaj\u00e4\u00e4 kertak\u00e4ytt\u00f6inen vape Dual Mesh Coililla, LED-n\u00e4yt\u00f6ll\u00e4, 700mAh akulla, Type\u2011C-latauksella. Nikotiini 0\/2\/3\/5%.","robots":{"index":"index","follow":"follow","max-snippet":"max-snippet:-1","max-image-preview":"max-image-preview:large","max-video-preview":"max-video-preview:-1"},"canonical":"https:\/\/fumot.uk\/fi\/product\/fumot-leopard-40000-puffs-blueberry-ice\/","og_locale":"fi_FI","og_type":"article","og_title":"Fumot Leopard 40000 Puffs \u2013 Blueberry Ice","og_description":"Sweet blueberry meets a crisp icy finish. Dual Mesh Coil, LED display, 700mAh battery, Type\u2011C charging, up to 40,000 puffs. Nicotine 0\/2\/3\/5%.","og_url":"https:\/\/fumot.uk\/fi\/product\/fumot-leopard-40000-puffs-blueberry-ice\/","og_site_name":"Fumot Official Direct | Straight from the Factory, 100% Genuine","article_modified_time":"2026-01-20T06:35:31+00:00","og_image":[{"width":2000,"height":2000,"url":"https:\/\/fumot.uk\/wp-content\/uploads\/2026\/01\/Fumot-Leopard-40000-Puffs-Blueberry-Ice-Disposable-Vape.jpg","type":"image\/jpeg"}],"twitter_card":"summary_large_image","twitter_misc":{"Arvioitu lukuaika":"2 minuuttia"},"schema":{"@context":"https:\/\/schema.org","@graph":[{"@type":"WebPage","@id":"https:\/\/fumot.uk\/product\/fumot-leopard-40000-puffs-blueberry-ice\/","url":"https:\/\/fumot.uk\/product\/fumot-leopard-40000-puffs-blueberry-ice\/","name":"Fumot Leopard 40000 Puffs Blueberry Ice | LED Display","isPartOf":{"@id":"https:\/\/fumot.uk\/#website"},"primaryImageOfPage":{"@id":"https:\/\/fumot.uk\/product\/fumot-leopard-40000-puffs-blueberry-ice\/#primaryimage"},"image":{"@id":"https:\/\/fumot.uk\/product\/fumot-leopard-40000-puffs-blueberry-ice\/#primaryimage"},"thumbnailUrl":"https:\/\/fumot.uk\/wp-content\/uploads\/2026\/01\/Fumot-Leopard-40000-Puffs-Blueberry-Ice-Disposable-Vape.jpg","datePublished":"2026-01-20T02:47:02+00:00","dateModified":"2026-01-20T06:35:31+00:00","description":"Fumot Leopard 40000 Puffs Blueberry Ice kertak\u00e4ytt\u00f6inen vape Dual Mesh Coililla, LED-n\u00e4yt\u00f6ll\u00e4, 700mAh akulla, Type\u2011C-latauksella. Nikotiini 0\/2\/3\/5%.","breadcrumb":{"@id":"https:\/\/fumot.uk\/product\/fumot-leopard-40000-puffs-blueberry-ice\/#breadcrumb"},"inLanguage":"fi","potentialAction":[{"@type":"ReadAction","target":["https:\/\/fumot.uk\/product\/fumot-leopard-40000-puffs-blueberry-ice\/"]}]},{"@type":"ImageObject","inLanguage":"fi","@id":"https:\/\/fumot.uk\/product\/fumot-leopard-40000-puffs-blueberry-ice\/#primaryimage","url":"https:\/\/fumot.uk\/wp-content\/uploads\/2026\/01\/Fumot-Leopard-40000-Puffs-Blueberry-Ice-Disposable-Vape.jpg","contentUrl":"https:\/\/fumot.uk\/wp-content\/uploads\/2026\/01\/Fumot-Leopard-40000-Puffs-Blueberry-Ice-Disposable-Vape.jpg","width":2000,"height":2000},{"@type":"BreadcrumbList","@id":"https:\/\/fumot.uk\/product\/fumot-leopard-40000-puffs-blueberry-ice\/#breadcrumb","itemListElement":[{"@type":"ListItem","position":1,"name":"Home","item":"https:\/\/fumot.uk\/"},{"@type":"ListItem","position":2,"name":"Shop","item":"https:\/\/fumot.uk\/shop\/"},{"@type":"ListItem","position":3,"name":"Fumot Leopard 40000 Puffs Disposable Vape \u2013 Blueberry Ice, Dual Mesh Coil, LED Display, 700mAh, Type\u2011C"}]},{"@type":"WebSite","@id":"https:\/\/fumot.uk\/#website","url":"https:\/\/fumot.uk\/","name":"Fumot Official Direct | Suoraan tehtaalta, 100% Aito","description":"Official Website","publisher":{"@id":"https:\/\/fumot.uk\/#organization"},"potentialAction":[{"@type":"SearchAction","target":{"@type":"EntryPoint","urlTemplate":"https:\/\/fumot.uk\/?s={search_term_string}"},"query-input":{"@type":"PropertyValueSpecification","valueRequired":true,"valueName":"search_term_string"}}],"inLanguage":"fi"},{"@type":"Organization","@id":"https:\/\/fumot.uk\/#organization","name":"Fumot Official Direct | Suoraan tehtaalta, 100% Aito","url":"https:\/\/fumot.uk\/","logo":{"@type":"ImageObject","inLanguage":"fi","@id":"https:\/\/fumot.uk\/#\/schema\/logo\/image\/","url":"https:\/\/fumot.uk\/wp-content\/uploads\/2026\/01\/cropped-fumot-logo1.png","contentUrl":"https:\/\/fumot.uk\/wp-content\/uploads\/2026\/01\/cropped-fumot-logo1.png","width":152,"height":106,"caption":"Fumot Official Direct | Straight from the Factory, 100% Genuine"},"image":{"@id":"https:\/\/fumot.uk\/#\/schema\/logo\/image\/"}}]}},"_links":{"self":[{"href":"https:\/\/fumot.uk\/fi\/wp-json\/wp\/v2\/product\/632","targetHints":{"allow":["GET"]}}],"collection":[{"href":"https:\/\/fumot.uk\/fi\/wp-json\/wp\/v2\/product"}],"about":[{"href":"https:\/\/fumot.uk\/fi\/wp-json\/wp\/v2\/types\/product"}],"replies":[{"embeddable":true,"href":"https:\/\/fumot.uk\/fi\/wp-json\/wp\/v2\/comments?post=632"}],"wp:featuredmedia":[{"embeddable":true,"href":"https:\/\/fumot.uk\/fi\/wp-json\/wp\/v2\/media\/670"}],"wp:attachment":[{"href":"https:\/\/fumot.uk\/fi\/wp-json\/wp\/v2\/media?parent=632"}],"wp:term":[{"taxonomy":"product_brand","embeddable":true,"href":"https:\/\/fumot.uk\/fi\/wp-json\/wp\/v2\/product_brand?post=632"},{"taxonomy":"product_cat","embeddable":true,"href":"https:\/\/fumot.uk\/fi\/wp-json\/wp\/v2\/product_cat?post=632"},{"taxonomy":"product_tag","embeddable":true,"href":"https:\/\/fumot.uk\/fi\/wp-json\/wp\/v2\/product_tag?post=632"}],"curies":[{"name":"wp","href":"https:\/\/api.w.org\/{rel}","templated":true}]}}