{"id":62,"date":"2026-01-20T02:40:04","date_gmt":"2026-01-20T02:40:04","guid":{"rendered":"https:\/\/fumot.uk\/?post_type=product&#038;p=62"},"modified":"2026-01-20T07:45:30","modified_gmt":"2026-01-20T07:45:30","slug":"randm-tornado-15000-puffs-blue-razz-lemonade","status":"publish","type":"product","link":"https:\/\/fumot.uk\/fi\/product\/randm-tornado-15000-puffs-blue-razz-lemonade\/","title":{"rendered":"RandM Tornado 15000 Puffs Blue Razz Lemonade Disposable Vape (25ml, 850mAh, Display, Type\u2011C)"},"content":{"rendered":"<h2>RandM Tornado 15000 Puffs \u2013 Blue Razz Lemonade<\/h2>\n<p>Muuta jokainen henk\u00e4ys kirkkaaksi, kes\u00e4iseksi hitiksi. The <strong>RandM Tornado 15000 Puffs Blue Razz Lemonade<\/strong> yhdist\u00e4\u00e4 karkkimaisen <strong>sinisen vadelman<\/strong> raikkaaseen <strong>limonadiin<\/strong> tuomaan makean ja kirpe\u00e4n lopputuloksen, joka pysyy virkist\u00e4v\u00e4n\u00e4 ensimm\u00e4isest\u00e4 vedosta viimeiseen.<\/p>\n<p>Suunniteltu mukavuuteen ja johdonmukaisuuteen, t\u00e4m\u00e4 <strong>disposable vape<\/strong> sis\u00e4lt\u00e4\u00e4 selke\u00e4n <strong>n\u00e4ytt\u00f6<\/strong> jotta voit pit\u00e4\u00e4 silm\u00e4ll\u00e4 <strong>akun tason<\/strong>, <strong>e-nesteen tason<\/strong>, ja <strong>henk\u00e4ysm\u00e4\u00e4r\u00e4\u00e4<\/strong>. Sis\u00e4ll\u00e4, <strong>verkkok\u00e4\u00e4mi<\/strong> teknologia auttaa tuomaan pehme\u00e4n maun ja tasaisen h\u00f6yryntuotannon, kun taas <strong>ladattavalla 850mAh akulla<\/strong> kanssa <strong>Type\u2011C<\/strong> lataus pit\u00e4\u00e4 sinut liikkeess\u00e4.<\/p>\n<h3>Makuprofiili: Blue Razz Lemonade<\/h3>\n<ul>\n<li><strong>Yl\u00e4nuotit:<\/strong> mehukas sininen vadelman makeus<\/li>\n<li><strong>Lopetus:<\/strong> kirpe\u00e4 limonadin noste<\/li>\n<li><strong>Yleisesti:<\/strong> hedelm\u00e4inen, kirkas ja virkist\u00e4v\u00e4<\/li>\n<\/ul>\n<h3>Key Features<\/h3>\n<ul>\n<li><strong>Jopa 15000 puffia<\/strong><\/li>\n<li><strong>25ml e-neste<\/strong><\/li>\n<li><strong>Nikotiinisuola vaihtoehdot:<\/strong> 0% \/ 2% \/ 3% \/ 5%<\/li>\n<li><strong>Verkkok\u00e4\u00e4mi<\/strong> johdonmukaiselle maulle<\/li>\n<li><strong>Display<\/strong> akku\/e-neste\/henk\u00e4ysseurantaan<\/li>\n<li><strong>Ladattava<\/strong> <strong>850mAh<\/strong> sis\u00e4\u00e4nrakennettu akku<\/li>\n<li><strong>Type\u2011C lataus<\/strong><\/li>\n<li><strong>S\u00e4\u00e4dett\u00e4v\u00e4 ilmavirta<\/strong> (tiukempaa tai ilmavampaa vetoa varten)<\/li>\n<li><strong>RGB-valo<\/strong> vaikutus<\/li>\n<li><strong>41 makua saatavilla<\/strong> sarjassa<\/li>\n<\/ul>\n<p>L\u00f6yd\u00e4 lis\u00e4\u00e4 RandM-suosikkeja ja uusia tulokkaita osoitteessa <a href=\"https:\/\/fumot.uk\/fi\/\">fumot.uk<\/a>.<\/p>","protected":false},"excerpt":{"rendered":"<p>RandM Tornado 15000 Puffs in Blue Razz Lemonade: makea sininen vadelma ja pirte\u00e4 sitruunalimonadi. 25ml, mesh-k\u00e4\u00e4mi, n\u00e4ytt\u00f6, ladattava 850mAh Type\u2011C.<\/p>","protected":false},"featured_media":92,"comment_status":"open","ping_status":"closed","template":"","meta":[],"product_brand":[],"product_cat":[16,18,17],"product_tag":[19,20,21,22,23,24,25,26,27,28],"class_list":{"0":"post-62","1":"product","2":"type-product","3":"status-publish","4":"has-post-thumbnail","6":"product_cat-15000-puff","7":"product_cat-randm-tornado-15000-puffs","8":"product_cat-vape","9":"product_tag-25ml","10":"product_tag-850mah","11":"product_tag-adjustable-airflow","12":"product_tag-blue-razz","13":"product_tag-display","14":"product_tag-lemon","15":"product_tag-mesh-coil","16":"product_tag-rechargeable","17":"product_tag-rgb-light","18":"product_tag-type-c","20":"first","21":"instock","22":"sale","23":"shipping-taxable","24":"purchasable","25":"product-type-variable","26":"has-default-attributes"},"yoast_head":"<!-- This site is optimized with the Yoast SEO plugin v26.8 - https:\/\/yoast.com\/product\/yoast-seo-wordpress\/ -->\n<title>RandM Tornado 15000 Sininen Razz Sitruunalimonadi | 25ml<\/title>\n<meta name=\"description\" content=\"RandM Tornado 15000 Puffs Blue Razz Lemonade kertak\u00e4ytt\u00f6inen vape: 25 ml e-neste, mesh-k\u00e4\u00e4mi, n\u00e4ytt\u00f6, 850 mAh ladattava Type\u2011C. 0\/2\/3\/5 % vaihtoehdot.\" \/>\n<meta name=\"robots\" content=\"index, follow, max-snippet:-1, max-image-preview:large, max-video-preview:-1\" \/>\n<link rel=\"canonical\" href=\"https:\/\/fumot.uk\/fi\/product\/randm-tornado-15000-puffs-blue-razz-lemonade\/\" \/>\n<meta property=\"og:locale\" content=\"fi_FI\" \/>\n<meta property=\"og:type\" content=\"article\" \/>\n<meta property=\"og:title\" content=\"Blue Razz Lemonade \u2013 RandM Tornado 15000 Puffs\" \/>\n<meta property=\"og:description\" content=\"Sweet blue raspberry meets zesty lemonade. 25ml, mesh coil, display, rechargeable 850mAh Type\u2011C. Shop at fumot.uk.\" \/>\n<meta property=\"og:url\" content=\"https:\/\/fumot.uk\/fi\/product\/randm-tornado-15000-puffs-blue-razz-lemonade\/\" \/>\n<meta property=\"og:site_name\" content=\"Fumot Official Direct | Straight from the Factory, 100% Genuine\" \/>\n<meta property=\"article:modified_time\" content=\"2026-01-20T07:45:30+00:00\" \/>\n<meta property=\"og:image\" content=\"https:\/\/fumot.uk\/wp-content\/uploads\/2026\/01\/Randm-Tornado-15000-blue-razz-lemonade.jpg\" \/>\n\t<meta property=\"og:image:width\" content=\"2000\" \/>\n\t<meta property=\"og:image:height\" content=\"2000\" \/>\n\t<meta property=\"og:image:type\" content=\"image\/jpeg\" \/>\n<meta name=\"twitter:card\" content=\"summary_large_image\" \/>\n<meta name=\"twitter:label1\" content=\"Arvioitu lukuaika\" \/>\n\t<meta name=\"twitter:data1\" content=\"1 minuutti\" \/>\n<script type=\"application\/ld+json\" class=\"yoast-schema-graph\">{\"@context\":\"https:\/\/schema.org\",\"@graph\":[{\"@type\":\"WebPage\",\"@id\":\"https:\/\/fumot.uk\/product\/randm-tornado-15000-puffs-blue-razz-lemonade\/\",\"url\":\"https:\/\/fumot.uk\/product\/randm-tornado-15000-puffs-blue-razz-lemonade\/\",\"name\":\"RandM Tornado 15000 Blue Razz Lemonade | 25ml\",\"isPartOf\":{\"@id\":\"https:\/\/fumot.uk\/#website\"},\"primaryImageOfPage\":{\"@id\":\"https:\/\/fumot.uk\/product\/randm-tornado-15000-puffs-blue-razz-lemonade\/#primaryimage\"},\"image\":{\"@id\":\"https:\/\/fumot.uk\/product\/randm-tornado-15000-puffs-blue-razz-lemonade\/#primaryimage\"},\"thumbnailUrl\":\"https:\/\/fumot.uk\/wp-content\/uploads\/2026\/01\/Randm-Tornado-15000-blue-razz-lemonade.jpg\",\"datePublished\":\"2026-01-20T02:40:04+00:00\",\"dateModified\":\"2026-01-20T07:45:30+00:00\",\"description\":\"RandM Tornado 15000 Puffs Blue Razz Lemonade disposable vape: 25ml e-liquid, mesh coil, display, 850mAh rechargeable Type\u2011C. 0\/2\/3\/5% options.\",\"breadcrumb\":{\"@id\":\"https:\/\/fumot.uk\/product\/randm-tornado-15000-puffs-blue-razz-lemonade\/#breadcrumb\"},\"inLanguage\":\"fi\",\"potentialAction\":[{\"@type\":\"ReadAction\",\"target\":[\"https:\/\/fumot.uk\/product\/randm-tornado-15000-puffs-blue-razz-lemonade\/\"]}]},{\"@type\":\"ImageObject\",\"inLanguage\":\"fi\",\"@id\":\"https:\/\/fumot.uk\/product\/randm-tornado-15000-puffs-blue-razz-lemonade\/#primaryimage\",\"url\":\"https:\/\/fumot.uk\/wp-content\/uploads\/2026\/01\/Randm-Tornado-15000-blue-razz-lemonade.jpg\",\"contentUrl\":\"https:\/\/fumot.uk\/wp-content\/uploads\/2026\/01\/Randm-Tornado-15000-blue-razz-lemonade.jpg\",\"width\":2000,\"height\":2000},{\"@type\":\"BreadcrumbList\",\"@id\":\"https:\/\/fumot.uk\/product\/randm-tornado-15000-puffs-blue-razz-lemonade\/#breadcrumb\",\"itemListElement\":[{\"@type\":\"ListItem\",\"position\":1,\"name\":\"Home\",\"item\":\"https:\/\/fumot.uk\/\"},{\"@type\":\"ListItem\",\"position\":2,\"name\":\"Shop\",\"item\":\"https:\/\/fumot.uk\/shop\/\"},{\"@type\":\"ListItem\",\"position\":3,\"name\":\"RandM Tornado 15000 Puffs Blue Razz Lemonade Disposable Vape (25ml, 850mAh, Display, Type\u2011C)\"}]},{\"@type\":\"WebSite\",\"@id\":\"https:\/\/fumot.uk\/#website\",\"url\":\"https:\/\/fumot.uk\/\",\"name\":\"Fumot Official Direct | Straight from the Factory, 100% Genuine\",\"description\":\"Official Website\",\"publisher\":{\"@id\":\"https:\/\/fumot.uk\/#organization\"},\"potentialAction\":[{\"@type\":\"SearchAction\",\"target\":{\"@type\":\"EntryPoint\",\"urlTemplate\":\"https:\/\/fumot.uk\/?s={search_term_string}\"},\"query-input\":{\"@type\":\"PropertyValueSpecification\",\"valueRequired\":true,\"valueName\":\"search_term_string\"}}],\"inLanguage\":\"fi\"},{\"@type\":\"Organization\",\"@id\":\"https:\/\/fumot.uk\/#organization\",\"name\":\"Fumot Official Direct | Straight from the Factory, 100% Genuine\",\"url\":\"https:\/\/fumot.uk\/\",\"logo\":{\"@type\":\"ImageObject\",\"inLanguage\":\"fi\",\"@id\":\"https:\/\/fumot.uk\/#\/schema\/logo\/image\/\",\"url\":\"https:\/\/fumot.uk\/wp-content\/uploads\/2026\/01\/cropped-fumot-logo1.png\",\"contentUrl\":\"https:\/\/fumot.uk\/wp-content\/uploads\/2026\/01\/cropped-fumot-logo1.png\",\"width\":152,\"height\":106,\"caption\":\"Fumot Official Direct | Straight from the Factory, 100% Genuine\"},\"image\":{\"@id\":\"https:\/\/fumot.uk\/#\/schema\/logo\/image\/\"}}]}<\/script>\n<!-- \/ Yoast SEO plugin. -->","yoast_head_json":{"title":"RandM Tornado 15000 Sininen Razz Sitruunalimonadi | 25ml","description":"RandM Tornado 15000 Puffs Blue Razz Lemonade kertak\u00e4ytt\u00f6inen vape: 25 ml e-neste, mesh-k\u00e4\u00e4mi, n\u00e4ytt\u00f6, 850 mAh ladattava Type\u2011C. 0\/2\/3\/5 % vaihtoehdot.","robots":{"index":"index","follow":"follow","max-snippet":"max-snippet:-1","max-image-preview":"max-image-preview:large","max-video-preview":"max-video-preview:-1"},"canonical":"https:\/\/fumot.uk\/fi\/product\/randm-tornado-15000-puffs-blue-razz-lemonade\/","og_locale":"fi_FI","og_type":"article","og_title":"Blue Razz Lemonade \u2013 RandM Tornado 15000 Puffs","og_description":"Sweet blue raspberry meets zesty lemonade. 25ml, mesh coil, display, rechargeable 850mAh Type\u2011C. Shop at fumot.uk.","og_url":"https:\/\/fumot.uk\/fi\/product\/randm-tornado-15000-puffs-blue-razz-lemonade\/","og_site_name":"Fumot Official Direct | Straight from the Factory, 100% Genuine","article_modified_time":"2026-01-20T07:45:30+00:00","og_image":[{"width":2000,"height":2000,"url":"https:\/\/fumot.uk\/wp-content\/uploads\/2026\/01\/Randm-Tornado-15000-blue-razz-lemonade.jpg","type":"image\/jpeg"}],"twitter_card":"summary_large_image","twitter_misc":{"Arvioitu lukuaika":"1 minuutti"},"schema":{"@context":"https:\/\/schema.org","@graph":[{"@type":"WebPage","@id":"https:\/\/fumot.uk\/product\/randm-tornado-15000-puffs-blue-razz-lemonade\/","url":"https:\/\/fumot.uk\/product\/randm-tornado-15000-puffs-blue-razz-lemonade\/","name":"RandM Tornado 15000 Sininen Razz Lemonade | 25ml","isPartOf":{"@id":"https:\/\/fumot.uk\/#website"},"primaryImageOfPage":{"@id":"https:\/\/fumot.uk\/product\/randm-tornado-15000-puffs-blue-razz-lemonade\/#primaryimage"},"image":{"@id":"https:\/\/fumot.uk\/product\/randm-tornado-15000-puffs-blue-razz-lemonade\/#primaryimage"},"thumbnailUrl":"https:\/\/fumot.uk\/wp-content\/uploads\/2026\/01\/Randm-Tornado-15000-blue-razz-lemonade.jpg","datePublished":"2026-01-20T02:40:04+00:00","dateModified":"2026-01-20T07:45:30+00:00","description":"RandM Tornado 15000 Puffs Blue Razz Lemonade kertak\u00e4ytt\u00f6inen vape: 25ml e-neste, mesh-k\u00e4\u00e4mi, n\u00e4ytt\u00f6, 850mAh ladattava Type\u2011C. 0\/2\/3\/5% vaihtoehdot.","breadcrumb":{"@id":"https:\/\/fumot.uk\/product\/randm-tornado-15000-puffs-blue-razz-lemonade\/#breadcrumb"},"inLanguage":"fi","potentialAction":[{"@type":"ReadAction","target":["https:\/\/fumot.uk\/product\/randm-tornado-15000-puffs-blue-razz-lemonade\/"]}]},{"@type":"ImageObject","inLanguage":"fi","@id":"https:\/\/fumot.uk\/product\/randm-tornado-15000-puffs-blue-razz-lemonade\/#primaryimage","url":"https:\/\/fumot.uk\/wp-content\/uploads\/2026\/01\/Randm-Tornado-15000-blue-razz-lemonade.jpg","contentUrl":"https:\/\/fumot.uk\/wp-content\/uploads\/2026\/01\/Randm-Tornado-15000-blue-razz-lemonade.jpg","width":2000,"height":2000},{"@type":"BreadcrumbList","@id":"https:\/\/fumot.uk\/product\/randm-tornado-15000-puffs-blue-razz-lemonade\/#breadcrumb","itemListElement":[{"@type":"ListItem","position":1,"name":"Home","item":"https:\/\/fumot.uk\/"},{"@type":"ListItem","position":2,"name":"Shop","item":"https:\/\/fumot.uk\/shop\/"},{"@type":"ListItem","position":3,"name":"RandM Tornado 15000 Puffs Blue Razz Lemonade Disposable Vape (25ml, 850mAh, Display, Type\u2011C)"}]},{"@type":"WebSite","@id":"https:\/\/fumot.uk\/#website","url":"https:\/\/fumot.uk\/","name":"Fumot Official Direct | Suoraan tehtaalta, 100% Aito","description":"Official Website","publisher":{"@id":"https:\/\/fumot.uk\/#organization"},"potentialAction":[{"@type":"SearchAction","target":{"@type":"EntryPoint","urlTemplate":"https:\/\/fumot.uk\/?s={search_term_string}"},"query-input":{"@type":"PropertyValueSpecification","valueRequired":true,"valueName":"search_term_string"}}],"inLanguage":"fi"},{"@type":"Organization","@id":"https:\/\/fumot.uk\/#organization","name":"Fumot Official Direct | Suoraan tehtaalta, 100% Aito","url":"https:\/\/fumot.uk\/","logo":{"@type":"ImageObject","inLanguage":"fi","@id":"https:\/\/fumot.uk\/#\/schema\/logo\/image\/","url":"https:\/\/fumot.uk\/wp-content\/uploads\/2026\/01\/cropped-fumot-logo1.png","contentUrl":"https:\/\/fumot.uk\/wp-content\/uploads\/2026\/01\/cropped-fumot-logo1.png","width":152,"height":106,"caption":"Fumot Official Direct | Straight from the Factory, 100% Genuine"},"image":{"@id":"https:\/\/fumot.uk\/#\/schema\/logo\/image\/"}}]}},"_links":{"self":[{"href":"https:\/\/fumot.uk\/fi\/wp-json\/wp\/v2\/product\/62","targetHints":{"allow":["GET"]}}],"collection":[{"href":"https:\/\/fumot.uk\/fi\/wp-json\/wp\/v2\/product"}],"about":[{"href":"https:\/\/fumot.uk\/fi\/wp-json\/wp\/v2\/types\/product"}],"replies":[{"embeddable":true,"href":"https:\/\/fumot.uk\/fi\/wp-json\/wp\/v2\/comments?post=62"}],"wp:featuredmedia":[{"embeddable":true,"href":"https:\/\/fumot.uk\/fi\/wp-json\/wp\/v2\/media\/92"}],"wp:attachment":[{"href":"https:\/\/fumot.uk\/fi\/wp-json\/wp\/v2\/media?parent=62"}],"wp:term":[{"taxonomy":"product_brand","embeddable":true,"href":"https:\/\/fumot.uk\/fi\/wp-json\/wp\/v2\/product_brand?post=62"},{"taxonomy":"product_cat","embeddable":true,"href":"https:\/\/fumot.uk\/fi\/wp-json\/wp\/v2\/product_cat?post=62"},{"taxonomy":"product_tag","embeddable":true,"href":"https:\/\/fumot.uk\/fi\/wp-json\/wp\/v2\/product_tag?post=62"}],"curies":[{"name":"wp","href":"https:\/\/api.w.org\/{rel}","templated":true}]}}