{"id":5996,"date":"2026-01-21T04:20:47","date_gmt":"2026-01-21T04:20:47","guid":{"rendered":"https:\/\/fumot.uk\/?post_type=product&#038;p=5996"},"modified":"2026-01-21T06:14:30","modified_gmt":"2026-01-21T06:14:30","slug":"al-fakher-hypermax-15000-puffs-lemon-lime","status":"publish","type":"product","link":"https:\/\/fumot.uk\/fi\/product\/al-fakher-hypermax-15000-puffs-lemon-lime\/","title":{"rendered":"AL FAKHER Hypermax Sitruuna Lime 15000 Puhallusta Ladattava Kertak\u00e4ytt\u00f6inen Vape (30ml, 5% Nikotiini, \u00c4lyk\u00e4s N\u00e4ytt\u00f6)"},"content":{"rendered":"<h2>AL FAKHER Hypermax 15000 Puhallusta \u2013 Sitruuna Lime<\/h2>\n<p>Pid\u00e4 se kirkkaana ja puhtaana <strong>AL FAKHER Hypermax Sitruuna Lime<\/strong>\u2014raikas sitruksinen sekoitus, joka tuntuu kevyelt\u00e4, pirte\u00e4lt\u00e4 ja virkist\u00e4v\u00e4n suoraviivaiselta. Odota aurinkoista sitruunapaukkua alussa, jota seuraa ter\u00e4v\u00e4mpi limen loppus\u00e4vy, joka pit\u00e4\u00e4 jokaisen vedon raikkaana.<\/p>\n<h3>Milt\u00e4 Sitruuna Lime maistuu<\/h3>\n<ul>\n<li><strong>Sis\u00e4\u00e4nhengitys:<\/strong> mehukas sitruunan kirkkaus makean kirpe\u00e4ll\u00e4 nosteella<\/li>\n<li><strong>Uloshengitys:<\/strong> raikas limen reuna puhtaaseen, pirte\u00e4\u00e4n lopetukseen<\/li>\n<li><strong>Yleisesti:<\/strong> tasapainoinen sitrus\u2014eloisa, virkist\u00e4v\u00e4 ja helppo nauttia<\/li>\n<\/ul>\n<h3>Suunniteltu Pitkiin Sessioihin &amp; Helppoon Seurantaan<\/h3>\n<p>Hypermax on suunniteltu pysym\u00e4\u00e4n johdonmukaisena ensimm\u00e4isest\u00e4 vedosta viimeiseen. Se tulee <strong>esit\u00e4ytettyn\u00e4 30ml e-nesteell\u00e4<\/strong>, tuottaa jopa <strong>15000 henk\u00e4yst\u00e4<\/strong> (k\u00e4yt\u00f6st\u00e4 riippuen), ja k\u00e4ytt\u00e4\u00e4 <strong>verkkok\u00e4\u00e4mi<\/strong> auttamaan pit\u00e4m\u00e4\u00e4n maun tasaisena ja h\u00f6yryn vakaana. A <strong>600mAh ladattava akku<\/strong> kanssa <strong>USB Type\u2011C<\/strong> tekee lataamisesta yksinkertaista, kun taas <strong>\u00e4lyn\u00e4yt\u00f6n<\/strong> antaa tarkistaa tilan yhdell\u00e4 silm\u00e4yksell\u00e4.<\/p>\n<h3>Key Features<\/h3>\n<ul>\n<li><strong>Jopa 15000 puffia<\/strong> (vaihtelee k\u00e4ytt\u00e4j\u00e4n mukaan)<\/li>\n<li><strong>5% nikotiini<\/strong><\/li>\n<li><strong>30 ml<\/strong> esit\u00e4ytetty e-neste<\/li>\n<li><strong>Verkkok\u00e4\u00e4mi<\/strong> t\u00e4ydellisemp\u00e4\u00e4n, johdonmukaisempaan makuun<\/li>\n<li><strong>600mAh<\/strong> ladattava akku<\/li>\n<li><strong>USB Type\u2011C<\/strong> lataus<\/li>\n<li><strong>\u00c4lyk\u00e4s n\u00e4ytt\u00f6<\/strong><\/li>\n<li><strong>Suoraan keuhkoihin (DTL)<\/strong> vetotyyli<\/li>\n<li><strong>TPD-sertifiointi<\/strong><\/li>\n<\/ul>\n<h3>Osta Sitruuna Lime osoitteessa fumot.uk<\/h3>\n<p>Nappaa <strong>AL FAKHER Hypermax 15000 Puhallusta Sitruuna Lime<\/strong> at <a href=\"https:\/\/fumot.uk\/fi\/\" target=\"_blank\" rel=\"noopener\">fumot.uk<\/a> kirkkaaksi sitrusvaihtoehdoksi korkeapuhallus, ladattavassa kertak\u00e4ytt\u00f6isess\u00e4 muodossa. Haluatko vertailla makuja? Tutustu lis\u00e4\u00e4 vaihtoehtoihin <a href=\"https:\/\/fumot.uk\/fi\/\" target=\"_blank\" rel=\"noopener\">AL FAKHER Hypermax -kokoelmassa<\/a>.<\/p>\n<p><strong>Huomautus:<\/strong> Puhallusm\u00e4\u00e4r\u00e4 on arvio ja riippuu yksil\u00f6llisist\u00e4 k\u00e4ytt\u00f6tottumuksista.<\/p>","protected":false},"excerpt":{"rendered":"<p>AL FAKHER Hypermax Lemon Lime: kirkas makea\u2011hapan sitrussekoitus, jossa on puhdas limetin j\u00e4lkimaku. Jopa 15000 henk\u00e4yst\u00e4 (k\u00e4yt\u00f6st\u00e4 riippuen), 30 ml, 5% nikotiinia, mesh-kela, 600 mAh Type\u2011C ladattava, \u00e4lyk\u00e4s n\u00e4ytt\u00f6, DTL-veto.<\/p>","protected":false},"featured_media":6026,"comment_status":"open","ping_status":"closed","template":"","meta":[],"product_brand":[],"product_cat":[16,238,17],"product_tag":[239,71,240,72,24,56,25,26,62,199,204],"class_list":{"0":"post-5996","1":"product","2":"type-product","3":"status-publish","4":"has-post-thumbnail","6":"product_cat-15000-puff","7":"product_cat-al-fakher-hypermax-15000-puffs","8":"product_cat-vape","9":"product_tag-30-ml","10":"product_tag-5-nikotin","11":"product_tag-600-mah","12":"product_tag-direct-to-lung","13":"product_tag-lemon","14":"product_tag-lime","15":"product_tag-mesh-coil","16":"product_tag-rechargeable","17":"product_tag-sale-vape","18":"product_tag-smart-display","19":"product_tag-tpd-certification","21":"first","22":"instock","23":"sale","24":"shipping-taxable","25":"purchasable","26":"product-type-variable","27":"has-default-attributes"},"yoast_head":"<!-- This site is optimized with the Yoast SEO plugin v26.8 - https:\/\/yoast.com\/product\/yoast-seo-wordpress\/ -->\n<title>AL FAKHER Hypermax Lemon Lime 15000 Puffs | 30ml 5%<\/title>\n<meta name=\"description\" content=\"Osta AL FAKHER Hypermax Lemon Lime: jopa 15000 henk\u00e4yst\u00e4, 30 ml e-nestett\u00e4, 5 % nikotiinia, mesh-k\u00e4\u00e4mi, \u00e4lyn\u00e4ytt\u00f6, 600mAh USB-C ladattava. fumot.uk\" \/>\n<meta name=\"robots\" content=\"index, follow, max-snippet:-1, max-image-preview:large, max-video-preview:-1\" \/>\n<link rel=\"canonical\" href=\"https:\/\/fumot.uk\/fi\/product\/al-fakher-hypermax-15000-puffs-lemon-lime\/\" \/>\n<meta property=\"og:locale\" content=\"fi_FI\" \/>\n<meta property=\"og:type\" content=\"article\" \/>\n<meta property=\"og:title\" content=\"AL FAKHER Hypermax Lemon Lime \u2013 15000 Puffs (Rechargeable)\" \/>\n<meta property=\"og:description\" content=\"Zesty lemon meets crisp lime in a clean citrus vape. 30ml, 5% nicotine, mesh coil, smart display, 600mAh USB-C rechargeable. Available at fumot.uk.\" \/>\n<meta property=\"og:url\" content=\"https:\/\/fumot.uk\/fi\/product\/al-fakher-hypermax-15000-puffs-lemon-lime\/\" \/>\n<meta property=\"og:site_name\" content=\"Fumot Official Direct | Straight from the Factory, 100% Genuine\" \/>\n<meta property=\"article:modified_time\" content=\"2026-01-21T06:14:30+00:00\" \/>\n<meta property=\"og:image\" content=\"https:\/\/fumot.uk\/wp-content\/uploads\/2026\/01\/AL-FAKHER-Hypermax-15000-Puffs-Lemon-Lime-Disposable-Vape.png\" \/>\n\t<meta property=\"og:image:width\" content=\"800\" \/>\n\t<meta property=\"og:image:height\" content=\"800\" \/>\n\t<meta property=\"og:image:type\" content=\"image\/png\" \/>\n<meta name=\"twitter:card\" content=\"summary_large_image\" \/>\n<meta name=\"twitter:label1\" content=\"Arvioitu lukuaika\" \/>\n\t<meta name=\"twitter:data1\" content=\"1 minuutti\" \/>\n<script type=\"application\/ld+json\" class=\"yoast-schema-graph\">{\"@context\":\"https:\/\/schema.org\",\"@graph\":[{\"@type\":\"WebPage\",\"@id\":\"https:\/\/fumot.uk\/product\/al-fakher-hypermax-15000-puffs-lemon-lime\/\",\"url\":\"https:\/\/fumot.uk\/product\/al-fakher-hypermax-15000-puffs-lemon-lime\/\",\"name\":\"AL FAKHER Hypermax Lemon Lime 15000 Puffs | 30ml 5%\",\"isPartOf\":{\"@id\":\"https:\/\/fumot.uk\/#website\"},\"primaryImageOfPage\":{\"@id\":\"https:\/\/fumot.uk\/product\/al-fakher-hypermax-15000-puffs-lemon-lime\/#primaryimage\"},\"image\":{\"@id\":\"https:\/\/fumot.uk\/product\/al-fakher-hypermax-15000-puffs-lemon-lime\/#primaryimage\"},\"thumbnailUrl\":\"https:\/\/fumot.uk\/wp-content\/uploads\/2026\/01\/AL-FAKHER-Hypermax-15000-Puffs-Lemon-Lime-Disposable-Vape.png\",\"datePublished\":\"2026-01-21T04:20:47+00:00\",\"dateModified\":\"2026-01-21T06:14:30+00:00\",\"description\":\"Shop AL FAKHER Hypermax Lemon Lime: up to 15000 puffs, 30ml e-liquid, 5% nicotine, mesh coil, smart display, 600mAh USB-C rechargeable. fumot.uk\",\"breadcrumb\":{\"@id\":\"https:\/\/fumot.uk\/product\/al-fakher-hypermax-15000-puffs-lemon-lime\/#breadcrumb\"},\"inLanguage\":\"fi\",\"potentialAction\":[{\"@type\":\"ReadAction\",\"target\":[\"https:\/\/fumot.uk\/product\/al-fakher-hypermax-15000-puffs-lemon-lime\/\"]}]},{\"@type\":\"ImageObject\",\"inLanguage\":\"fi\",\"@id\":\"https:\/\/fumot.uk\/product\/al-fakher-hypermax-15000-puffs-lemon-lime\/#primaryimage\",\"url\":\"https:\/\/fumot.uk\/wp-content\/uploads\/2026\/01\/AL-FAKHER-Hypermax-15000-Puffs-Lemon-Lime-Disposable-Vape.png\",\"contentUrl\":\"https:\/\/fumot.uk\/wp-content\/uploads\/2026\/01\/AL-FAKHER-Hypermax-15000-Puffs-Lemon-Lime-Disposable-Vape.png\",\"width\":800,\"height\":800},{\"@type\":\"BreadcrumbList\",\"@id\":\"https:\/\/fumot.uk\/product\/al-fakher-hypermax-15000-puffs-lemon-lime\/#breadcrumb\",\"itemListElement\":[{\"@type\":\"ListItem\",\"position\":1,\"name\":\"Home\",\"item\":\"https:\/\/fumot.uk\/\"},{\"@type\":\"ListItem\",\"position\":2,\"name\":\"Shop\",\"item\":\"https:\/\/fumot.uk\/shop\/\"},{\"@type\":\"ListItem\",\"position\":3,\"name\":\"AL FAKHER Hypermax Lemon Lime 15000 Puffs Rechargeable Disposable Vape (30ml, 5% Nicotine, Smart Display)\"}]},{\"@type\":\"WebSite\",\"@id\":\"https:\/\/fumot.uk\/#website\",\"url\":\"https:\/\/fumot.uk\/\",\"name\":\"Fumot Official Direct | Straight from the Factory, 100% Genuine\",\"description\":\"Official Website\",\"publisher\":{\"@id\":\"https:\/\/fumot.uk\/#organization\"},\"potentialAction\":[{\"@type\":\"SearchAction\",\"target\":{\"@type\":\"EntryPoint\",\"urlTemplate\":\"https:\/\/fumot.uk\/?s={search_term_string}\"},\"query-input\":{\"@type\":\"PropertyValueSpecification\",\"valueRequired\":true,\"valueName\":\"search_term_string\"}}],\"inLanguage\":\"fi\"},{\"@type\":\"Organization\",\"@id\":\"https:\/\/fumot.uk\/#organization\",\"name\":\"Fumot Official Direct | Straight from the Factory, 100% Genuine\",\"url\":\"https:\/\/fumot.uk\/\",\"logo\":{\"@type\":\"ImageObject\",\"inLanguage\":\"fi\",\"@id\":\"https:\/\/fumot.uk\/#\/schema\/logo\/image\/\",\"url\":\"https:\/\/fumot.uk\/wp-content\/uploads\/2026\/01\/cropped-fumot-logo1.png\",\"contentUrl\":\"https:\/\/fumot.uk\/wp-content\/uploads\/2026\/01\/cropped-fumot-logo1.png\",\"width\":152,\"height\":106,\"caption\":\"Fumot Official Direct | Straight from the Factory, 100% Genuine\"},\"image\":{\"@id\":\"https:\/\/fumot.uk\/#\/schema\/logo\/image\/\"}}]}<\/script>\n<!-- \/ Yoast SEO plugin. -->","yoast_head_json":{"title":"AL FAKHER Hypermax Lemon Lime 15000 Puffs | 30ml 5%","description":"Osta AL FAKHER Hypermax Lemon Lime: jopa 15000 henk\u00e4yst\u00e4, 30 ml e-nestett\u00e4, 5 % nikotiinia, mesh-k\u00e4\u00e4mi, \u00e4lyn\u00e4ytt\u00f6, 600mAh USB-C ladattava. fumot.uk","robots":{"index":"index","follow":"follow","max-snippet":"max-snippet:-1","max-image-preview":"max-image-preview:large","max-video-preview":"max-video-preview:-1"},"canonical":"https:\/\/fumot.uk\/fi\/product\/al-fakher-hypermax-15000-puffs-lemon-lime\/","og_locale":"fi_FI","og_type":"article","og_title":"AL FAKHER Hypermax Lemon Lime \u2013 15000 Puffs (Rechargeable)","og_description":"Zesty lemon meets crisp lime in a clean citrus vape. 30ml, 5% nicotine, mesh coil, smart display, 600mAh USB-C rechargeable. Available at fumot.uk.","og_url":"https:\/\/fumot.uk\/fi\/product\/al-fakher-hypermax-15000-puffs-lemon-lime\/","og_site_name":"Fumot Official Direct | Straight from the Factory, 100% Genuine","article_modified_time":"2026-01-21T06:14:30+00:00","og_image":[{"width":800,"height":800,"url":"https:\/\/fumot.uk\/wp-content\/uploads\/2026\/01\/AL-FAKHER-Hypermax-15000-Puffs-Lemon-Lime-Disposable-Vape.png","type":"image\/png"}],"twitter_card":"summary_large_image","twitter_misc":{"Arvioitu lukuaika":"1 minuutti"},"schema":{"@context":"https:\/\/schema.org","@graph":[{"@type":"WebPage","@id":"https:\/\/fumot.uk\/product\/al-fakher-hypermax-15000-puffs-lemon-lime\/","url":"https:\/\/fumot.uk\/product\/al-fakher-hypermax-15000-puffs-lemon-lime\/","name":"AL FAKHER Hypermax Lemon Lime 15000 Puffs | 30ml 5%","isPartOf":{"@id":"https:\/\/fumot.uk\/#website"},"primaryImageOfPage":{"@id":"https:\/\/fumot.uk\/product\/al-fakher-hypermax-15000-puffs-lemon-lime\/#primaryimage"},"image":{"@id":"https:\/\/fumot.uk\/product\/al-fakher-hypermax-15000-puffs-lemon-lime\/#primaryimage"},"thumbnailUrl":"https:\/\/fumot.uk\/wp-content\/uploads\/2026\/01\/AL-FAKHER-Hypermax-15000-Puffs-Lemon-Lime-Disposable-Vape.png","datePublished":"2026-01-21T04:20:47+00:00","dateModified":"2026-01-21T06:14:30+00:00","description":"Osta AL FAKHER Hypermax Lemon Lime: jopa 15000 puffia, 30ml e-nestett\u00e4, 5% nikotiinia, mesh-k\u00e4\u00e4mi, \u00e4lyk\u00e4s n\u00e4ytt\u00f6, 600mAh USB-C ladattava. fumot.uk","breadcrumb":{"@id":"https:\/\/fumot.uk\/product\/al-fakher-hypermax-15000-puffs-lemon-lime\/#breadcrumb"},"inLanguage":"fi","potentialAction":[{"@type":"ReadAction","target":["https:\/\/fumot.uk\/product\/al-fakher-hypermax-15000-puffs-lemon-lime\/"]}]},{"@type":"ImageObject","inLanguage":"fi","@id":"https:\/\/fumot.uk\/product\/al-fakher-hypermax-15000-puffs-lemon-lime\/#primaryimage","url":"https:\/\/fumot.uk\/wp-content\/uploads\/2026\/01\/AL-FAKHER-Hypermax-15000-Puffs-Lemon-Lime-Disposable-Vape.png","contentUrl":"https:\/\/fumot.uk\/wp-content\/uploads\/2026\/01\/AL-FAKHER-Hypermax-15000-Puffs-Lemon-Lime-Disposable-Vape.png","width":800,"height":800},{"@type":"BreadcrumbList","@id":"https:\/\/fumot.uk\/product\/al-fakher-hypermax-15000-puffs-lemon-lime\/#breadcrumb","itemListElement":[{"@type":"ListItem","position":1,"name":"Home","item":"https:\/\/fumot.uk\/"},{"@type":"ListItem","position":2,"name":"Shop","item":"https:\/\/fumot.uk\/shop\/"},{"@type":"ListItem","position":3,"name":"AL FAKHER Hypermax Lemon Lime 15000 Puffs Rechargeable Disposable Vape (30ml, 5% Nicotine, Smart Display)"}]},{"@type":"WebSite","@id":"https:\/\/fumot.uk\/#website","url":"https:\/\/fumot.uk\/","name":"Fumot Official Direct | Suoraan tehtaalta, 100% Aito","description":"Official Website","publisher":{"@id":"https:\/\/fumot.uk\/#organization"},"potentialAction":[{"@type":"SearchAction","target":{"@type":"EntryPoint","urlTemplate":"https:\/\/fumot.uk\/?s={search_term_string}"},"query-input":{"@type":"PropertyValueSpecification","valueRequired":true,"valueName":"search_term_string"}}],"inLanguage":"fi"},{"@type":"Organization","@id":"https:\/\/fumot.uk\/#organization","name":"Fumot Official Direct | Suoraan tehtaalta, 100% Aito","url":"https:\/\/fumot.uk\/","logo":{"@type":"ImageObject","inLanguage":"fi","@id":"https:\/\/fumot.uk\/#\/schema\/logo\/image\/","url":"https:\/\/fumot.uk\/wp-content\/uploads\/2026\/01\/cropped-fumot-logo1.png","contentUrl":"https:\/\/fumot.uk\/wp-content\/uploads\/2026\/01\/cropped-fumot-logo1.png","width":152,"height":106,"caption":"Fumot Official Direct | Straight from the Factory, 100% Genuine"},"image":{"@id":"https:\/\/fumot.uk\/#\/schema\/logo\/image\/"}}]}},"_links":{"self":[{"href":"https:\/\/fumot.uk\/fi\/wp-json\/wp\/v2\/product\/5996","targetHints":{"allow":["GET"]}}],"collection":[{"href":"https:\/\/fumot.uk\/fi\/wp-json\/wp\/v2\/product"}],"about":[{"href":"https:\/\/fumot.uk\/fi\/wp-json\/wp\/v2\/types\/product"}],"replies":[{"embeddable":true,"href":"https:\/\/fumot.uk\/fi\/wp-json\/wp\/v2\/comments?post=5996"}],"wp:featuredmedia":[{"embeddable":true,"href":"https:\/\/fumot.uk\/fi\/wp-json\/wp\/v2\/media\/6026"}],"wp:attachment":[{"href":"https:\/\/fumot.uk\/fi\/wp-json\/wp\/v2\/media?parent=5996"}],"wp:term":[{"taxonomy":"product_brand","embeddable":true,"href":"https:\/\/fumot.uk\/fi\/wp-json\/wp\/v2\/product_brand?post=5996"},{"taxonomy":"product_cat","embeddable":true,"href":"https:\/\/fumot.uk\/fi\/wp-json\/wp\/v2\/product_cat?post=5996"},{"taxonomy":"product_tag","embeddable":true,"href":"https:\/\/fumot.uk\/fi\/wp-json\/wp\/v2\/product_tag?post=5996"}],"curies":[{"name":"wp","href":"https:\/\/api.w.org\/{rel}","templated":true}]}}