{"id":5982,"date":"2026-01-21T04:20:28","date_gmt":"2026-01-21T04:20:28","guid":{"rendered":"https:\/\/fumot.uk\/?post_type=product&#038;p=5982"},"modified":"2026-01-21T06:16:13","modified_gmt":"2026-01-21T06:16:13","slug":"al-fakher-hypermax-15000-puffs-blue-razz-lemonade","status":"publish","type":"product","link":"https:\/\/fumot.uk\/fi\/product\/al-fakher-hypermax-15000-puffs-blue-razz-lemonade\/","title":{"rendered":"AL FAKHER Hypermax Blue Razz Lemonade 15000 Puffs | 30ml 5% Nikotiini, Type-C Ladattava"},"content":{"rendered":"<h2>AL FAKHER Hypermax 15000 Puhallusta \u2013 Blue Razz Lemonade<\/h2>\n<p>Muuta jokainen henk\u00e4ys kirkkaaksi, hedelm\u00e4iseksi virkistykseksi <strong>Sininen vadelmalimonadi<\/strong>. T\u00e4m\u00e4 sekoitus tasapainottaa sinisen vadelman karkkimaisen makeuden raikkaalla sitruunalimonadikierteell\u00e4\u2014makea alussa, kevyesti kirpe\u00e4 lopussa, ja tehty helppoon, koko p\u00e4iv\u00e4n tyyliin sopivaksi h\u00f6yryksi.<\/p>\n<h3>Makuprofiili: Blue Razz Lemonade<\/h3>\n<ul>\n<li><strong>Sis\u00e4\u00e4nhengitys:<\/strong> mehukas sininen vadelma kevyell\u00e4 kirpe\u00e4ll\u00e4 vivahteella<\/li>\n<li><strong>Uloshengitys:<\/strong> kupliva limonadin raikkaus ja puhdas sitruksinen napsahdus<\/li>\n<li><strong>Yleisesti:<\/strong> makea ja pirte\u00e4, kirkas ja virkist\u00e4v\u00e4<\/li>\n<\/ul>\n<h3>Miksi pid\u00e4t Hypermax-kokemuksesta<\/h3>\n<p>The <a href=\"https:\/\/fumot.uk\/fi\/\">AL FAKHER Hypermax<\/a> sarja on rakennettu johdonmukaisuutta varten\u2014pehme\u00e4 ilmavirtaus, vahva maun toimitus ja k\u00e4tev\u00e4 uudelleenlataus, jotta voit jatkaa ilman vaivaa.<\/p>\n<h3>Ominaisuudet ja tekniset tiedot<\/h3>\n<ul>\n<li><strong>Vedot:<\/strong> jopa 15000<\/li>\n<li><strong>E-nesteen kapasiteetti:<\/strong> 30ml (esit\u00e4ytetty)<\/li>\n<li><strong>Nikotiinivahvuus:<\/strong> 5%<\/li>\n<li><strong>Akku:<\/strong> 600mAh ladattava<\/li>\n<li><strong>Lataus:<\/strong> USB Type-C<\/li>\n<li><strong>K\u00e4\u00e4mi:<\/strong> Mesh-k\u00e4\u00e4mi<\/li>\n<li><strong>H\u00f6yrytyksen Tyyli:<\/strong> Suoraan keuhkoon (DTL)<\/li>\n<li><strong>N\u00e4ytt\u00f6:<\/strong> \u00c4lyk\u00e4s N\u00e4ytt\u00f6<\/li>\n<li><strong>Vaatimustenmukaisuus:<\/strong> TPD-sertifiointi<\/li>\n<\/ul>\n<h3>Tutustu Lis\u00e4\u00e4 Makuja<\/h3>\n<p>Haluatko vaihtaa? Tutustu koko valikoimaan t\u00e4\u00e4ll\u00e4: <a href=\"https:\/\/fumot.uk\/fi\/\">fumot.uk<\/a>.<\/p>","protected":false},"excerpt":{"rendered":"<p>AL FAKHER Hypermax Blue Razz Lemonade tarjoaa makean sinivadelmasekoituksen ja kirpe\u00e4n limonadin j\u00e4lkimaun. Jopa 15000 puhallusta, 30 ml esit\u00e4ytetty 5% nikotiini, 600mAh Type\u2011C ladattava, mesh-k\u00e4\u00e4mi, \u00e4lyn\u00e4ytt\u00f6 ja DTL-suorituskyky.<\/p>","protected":false},"featured_media":5993,"comment_status":"open","ping_status":"closed","template":"","meta":[],"product_brand":[],"product_cat":[16,238,17],"product_tag":[239,71,240,22,72,48,25,26,62,199,204],"class_list":{"0":"post-5982","1":"product","2":"type-product","3":"status-publish","4":"has-post-thumbnail","6":"product_cat-15000-puff","7":"product_cat-al-fakher-hypermax-15000-puffs","8":"product_cat-vape","9":"product_tag-30-ml","10":"product_tag-5-nikotin","11":"product_tag-600-mah","12":"product_tag-blue-razz","13":"product_tag-direct-to-lung","14":"product_tag-lemonade","15":"product_tag-mesh-coil","16":"product_tag-rechargeable","17":"product_tag-sale-vape","18":"product_tag-smart-display","19":"product_tag-tpd-certification","21":"first","22":"instock","23":"sale","24":"shipping-taxable","25":"purchasable","26":"product-type-variable","27":"has-default-attributes"},"yoast_head":"<!-- This site is optimized with the Yoast SEO plugin v26.8 - https:\/\/yoast.com\/product\/yoast-seo-wordpress\/ -->\n<title>AL FAKHER Hypermax Blue Razz Lemonade 15000 Puffs<\/title>\n<meta name=\"description\" content=\"Sininen Razz Lemonade AL FAKHER Hypermax: jopa 15000 henk\u00e4yst\u00e4, 30ml 5% nikotiinia, 600mAh Type\u2011C ladattava, mesh-kela, \u00e4lyn\u00e4ytt\u00f6, DTL.\" \/>\n<meta name=\"robots\" content=\"index, follow, max-snippet:-1, max-image-preview:large, max-video-preview:-1\" \/>\n<link rel=\"canonical\" href=\"https:\/\/fumot.uk\/fi\/product\/al-fakher-hypermax-15000-puffs-blue-razz-lemonade\/\" \/>\n<meta property=\"og:locale\" content=\"fi_FI\" \/>\n<meta property=\"og:type\" content=\"article\" \/>\n<meta property=\"og:title\" content=\"Blue Razz Lemonade \u2013 AL FAKHER Hypermax 15000 Puffs\" \/>\n<meta property=\"og:description\" content=\"Sweet blue raspberry meets zesty lemonade. 15000 puffs, 30ml 5% nicotine, mesh coil, smart display, and Type\u2011C rechargeable convenience.\" \/>\n<meta property=\"og:url\" content=\"https:\/\/fumot.uk\/fi\/product\/al-fakher-hypermax-15000-puffs-blue-razz-lemonade\/\" \/>\n<meta property=\"og:site_name\" content=\"Fumot Official Direct | Straight from the Factory, 100% Genuine\" \/>\n<meta property=\"article:modified_time\" content=\"2026-01-21T06:16:13+00:00\" \/>\n<meta property=\"og:image\" content=\"https:\/\/fumot.uk\/wp-content\/uploads\/2026\/01\/AL-FAKHER-Hypermax-15000-Puffs-Blue-Razz-Lemonade-Disposable-Vape.png\" \/>\n\t<meta property=\"og:image:width\" content=\"768\" \/>\n\t<meta property=\"og:image:height\" content=\"768\" \/>\n\t<meta property=\"og:image:type\" content=\"image\/png\" \/>\n<meta name=\"twitter:card\" content=\"summary_large_image\" \/>\n<meta name=\"twitter:label1\" content=\"Arvioitu lukuaika\" \/>\n\t<meta name=\"twitter:data1\" content=\"1 minuutti\" \/>\n<script type=\"application\/ld+json\" class=\"yoast-schema-graph\">{\"@context\":\"https:\/\/schema.org\",\"@graph\":[{\"@type\":\"WebPage\",\"@id\":\"https:\/\/fumot.uk\/product\/al-fakher-hypermax-15000-puffs-blue-razz-lemonade\/\",\"url\":\"https:\/\/fumot.uk\/product\/al-fakher-hypermax-15000-puffs-blue-razz-lemonade\/\",\"name\":\"AL FAKHER Hypermax Blue Razz Lemonade 15000 Puffs\",\"isPartOf\":{\"@id\":\"https:\/\/fumot.uk\/#website\"},\"primaryImageOfPage\":{\"@id\":\"https:\/\/fumot.uk\/product\/al-fakher-hypermax-15000-puffs-blue-razz-lemonade\/#primaryimage\"},\"image\":{\"@id\":\"https:\/\/fumot.uk\/product\/al-fakher-hypermax-15000-puffs-blue-razz-lemonade\/#primaryimage\"},\"thumbnailUrl\":\"https:\/\/fumot.uk\/wp-content\/uploads\/2026\/01\/AL-FAKHER-Hypermax-15000-Puffs-Blue-Razz-Lemonade-Disposable-Vape.png\",\"datePublished\":\"2026-01-21T04:20:28+00:00\",\"dateModified\":\"2026-01-21T06:16:13+00:00\",\"description\":\"Blue Razz Lemonade AL FAKHER Hypermax: up to 15000 puffs, 30ml 5% nicotine, 600mAh Type\u2011C rechargeable, mesh coil, smart display, DTL.\",\"breadcrumb\":{\"@id\":\"https:\/\/fumot.uk\/product\/al-fakher-hypermax-15000-puffs-blue-razz-lemonade\/#breadcrumb\"},\"inLanguage\":\"fi\",\"potentialAction\":[{\"@type\":\"ReadAction\",\"target\":[\"https:\/\/fumot.uk\/product\/al-fakher-hypermax-15000-puffs-blue-razz-lemonade\/\"]}]},{\"@type\":\"ImageObject\",\"inLanguage\":\"fi\",\"@id\":\"https:\/\/fumot.uk\/product\/al-fakher-hypermax-15000-puffs-blue-razz-lemonade\/#primaryimage\",\"url\":\"https:\/\/fumot.uk\/wp-content\/uploads\/2026\/01\/AL-FAKHER-Hypermax-15000-Puffs-Blue-Razz-Lemonade-Disposable-Vape.png\",\"contentUrl\":\"https:\/\/fumot.uk\/wp-content\/uploads\/2026\/01\/AL-FAKHER-Hypermax-15000-Puffs-Blue-Razz-Lemonade-Disposable-Vape.png\",\"width\":768,\"height\":768},{\"@type\":\"BreadcrumbList\",\"@id\":\"https:\/\/fumot.uk\/product\/al-fakher-hypermax-15000-puffs-blue-razz-lemonade\/#breadcrumb\",\"itemListElement\":[{\"@type\":\"ListItem\",\"position\":1,\"name\":\"Home\",\"item\":\"https:\/\/fumot.uk\/\"},{\"@type\":\"ListItem\",\"position\":2,\"name\":\"Shop\",\"item\":\"https:\/\/fumot.uk\/shop\/\"},{\"@type\":\"ListItem\",\"position\":3,\"name\":\"AL FAKHER Hypermax Blue Razz Lemonade 15000 Puffs | 30ml 5% Nicotine, Type-C Rechargeable\"}]},{\"@type\":\"WebSite\",\"@id\":\"https:\/\/fumot.uk\/#website\",\"url\":\"https:\/\/fumot.uk\/\",\"name\":\"Fumot Official Direct | Straight from the Factory, 100% Genuine\",\"description\":\"Official Website\",\"publisher\":{\"@id\":\"https:\/\/fumot.uk\/#organization\"},\"potentialAction\":[{\"@type\":\"SearchAction\",\"target\":{\"@type\":\"EntryPoint\",\"urlTemplate\":\"https:\/\/fumot.uk\/?s={search_term_string}\"},\"query-input\":{\"@type\":\"PropertyValueSpecification\",\"valueRequired\":true,\"valueName\":\"search_term_string\"}}],\"inLanguage\":\"fi\"},{\"@type\":\"Organization\",\"@id\":\"https:\/\/fumot.uk\/#organization\",\"name\":\"Fumot Official Direct | Straight from the Factory, 100% Genuine\",\"url\":\"https:\/\/fumot.uk\/\",\"logo\":{\"@type\":\"ImageObject\",\"inLanguage\":\"fi\",\"@id\":\"https:\/\/fumot.uk\/#\/schema\/logo\/image\/\",\"url\":\"https:\/\/fumot.uk\/wp-content\/uploads\/2026\/01\/cropped-fumot-logo1.png\",\"contentUrl\":\"https:\/\/fumot.uk\/wp-content\/uploads\/2026\/01\/cropped-fumot-logo1.png\",\"width\":152,\"height\":106,\"caption\":\"Fumot Official Direct | Straight from the Factory, 100% Genuine\"},\"image\":{\"@id\":\"https:\/\/fumot.uk\/#\/schema\/logo\/image\/\"}}]}<\/script>\n<!-- \/ Yoast SEO plugin. -->","yoast_head_json":{"title":"AL FAKHER Hypermax Blue Razz Lemonade 15000 Puffs","description":"Sininen Razz Lemonade AL FAKHER Hypermax: jopa 15000 henk\u00e4yst\u00e4, 30ml 5% nikotiinia, 600mAh Type\u2011C ladattava, mesh-kela, \u00e4lyn\u00e4ytt\u00f6, DTL.","robots":{"index":"index","follow":"follow","max-snippet":"max-snippet:-1","max-image-preview":"max-image-preview:large","max-video-preview":"max-video-preview:-1"},"canonical":"https:\/\/fumot.uk\/fi\/product\/al-fakher-hypermax-15000-puffs-blue-razz-lemonade\/","og_locale":"fi_FI","og_type":"article","og_title":"Blue Razz Lemonade \u2013 AL FAKHER Hypermax 15000 Puffs","og_description":"Sweet blue raspberry meets zesty lemonade. 15000 puffs, 30ml 5% nicotine, mesh coil, smart display, and Type\u2011C rechargeable convenience.","og_url":"https:\/\/fumot.uk\/fi\/product\/al-fakher-hypermax-15000-puffs-blue-razz-lemonade\/","og_site_name":"Fumot Official Direct | Straight from the Factory, 100% Genuine","article_modified_time":"2026-01-21T06:16:13+00:00","og_image":[{"width":768,"height":768,"url":"https:\/\/fumot.uk\/wp-content\/uploads\/2026\/01\/AL-FAKHER-Hypermax-15000-Puffs-Blue-Razz-Lemonade-Disposable-Vape.png","type":"image\/png"}],"twitter_card":"summary_large_image","twitter_misc":{"Arvioitu lukuaika":"1 minuutti"},"schema":{"@context":"https:\/\/schema.org","@graph":[{"@type":"WebPage","@id":"https:\/\/fumot.uk\/product\/al-fakher-hypermax-15000-puffs-blue-razz-lemonade\/","url":"https:\/\/fumot.uk\/product\/al-fakher-hypermax-15000-puffs-blue-razz-lemonade\/","name":"AL FAKHER Hypermax Blue Razz Lemonade 15000 Puffs","isPartOf":{"@id":"https:\/\/fumot.uk\/#website"},"primaryImageOfPage":{"@id":"https:\/\/fumot.uk\/product\/al-fakher-hypermax-15000-puffs-blue-razz-lemonade\/#primaryimage"},"image":{"@id":"https:\/\/fumot.uk\/product\/al-fakher-hypermax-15000-puffs-blue-razz-lemonade\/#primaryimage"},"thumbnailUrl":"https:\/\/fumot.uk\/wp-content\/uploads\/2026\/01\/AL-FAKHER-Hypermax-15000-Puffs-Blue-Razz-Lemonade-Disposable-Vape.png","datePublished":"2026-01-21T04:20:28+00:00","dateModified":"2026-01-21T06:16:13+00:00","description":"Blue Razz Lemonade AL FAKHER Hypermax: jopa 15000 henk\u00e4yst\u00e4, 30ml 5% nikotiinia, 600mAh Type\u2011C ladattava, mesh-k\u00e4\u00e4mi, \u00e4lyk\u00e4s n\u00e4ytt\u00f6, DTL.","breadcrumb":{"@id":"https:\/\/fumot.uk\/product\/al-fakher-hypermax-15000-puffs-blue-razz-lemonade\/#breadcrumb"},"inLanguage":"fi","potentialAction":[{"@type":"ReadAction","target":["https:\/\/fumot.uk\/product\/al-fakher-hypermax-15000-puffs-blue-razz-lemonade\/"]}]},{"@type":"ImageObject","inLanguage":"fi","@id":"https:\/\/fumot.uk\/product\/al-fakher-hypermax-15000-puffs-blue-razz-lemonade\/#primaryimage","url":"https:\/\/fumot.uk\/wp-content\/uploads\/2026\/01\/AL-FAKHER-Hypermax-15000-Puffs-Blue-Razz-Lemonade-Disposable-Vape.png","contentUrl":"https:\/\/fumot.uk\/wp-content\/uploads\/2026\/01\/AL-FAKHER-Hypermax-15000-Puffs-Blue-Razz-Lemonade-Disposable-Vape.png","width":768,"height":768},{"@type":"BreadcrumbList","@id":"https:\/\/fumot.uk\/product\/al-fakher-hypermax-15000-puffs-blue-razz-lemonade\/#breadcrumb","itemListElement":[{"@type":"ListItem","position":1,"name":"Home","item":"https:\/\/fumot.uk\/"},{"@type":"ListItem","position":2,"name":"Shop","item":"https:\/\/fumot.uk\/shop\/"},{"@type":"ListItem","position":3,"name":"AL FAKHER Hypermax Blue Razz Lemonade 15000 Puffs | 30ml 5% Nicotine, Type-C Rechargeable"}]},{"@type":"WebSite","@id":"https:\/\/fumot.uk\/#website","url":"https:\/\/fumot.uk\/","name":"Fumot Official Direct | Suoraan tehtaalta, 100% Aito","description":"Official Website","publisher":{"@id":"https:\/\/fumot.uk\/#organization"},"potentialAction":[{"@type":"SearchAction","target":{"@type":"EntryPoint","urlTemplate":"https:\/\/fumot.uk\/?s={search_term_string}"},"query-input":{"@type":"PropertyValueSpecification","valueRequired":true,"valueName":"search_term_string"}}],"inLanguage":"fi"},{"@type":"Organization","@id":"https:\/\/fumot.uk\/#organization","name":"Fumot Official Direct | Suoraan tehtaalta, 100% Aito","url":"https:\/\/fumot.uk\/","logo":{"@type":"ImageObject","inLanguage":"fi","@id":"https:\/\/fumot.uk\/#\/schema\/logo\/image\/","url":"https:\/\/fumot.uk\/wp-content\/uploads\/2026\/01\/cropped-fumot-logo1.png","contentUrl":"https:\/\/fumot.uk\/wp-content\/uploads\/2026\/01\/cropped-fumot-logo1.png","width":152,"height":106,"caption":"Fumot Official Direct | Straight from the Factory, 100% Genuine"},"image":{"@id":"https:\/\/fumot.uk\/#\/schema\/logo\/image\/"}}]}},"_links":{"self":[{"href":"https:\/\/fumot.uk\/fi\/wp-json\/wp\/v2\/product\/5982","targetHints":{"allow":["GET"]}}],"collection":[{"href":"https:\/\/fumot.uk\/fi\/wp-json\/wp\/v2\/product"}],"about":[{"href":"https:\/\/fumot.uk\/fi\/wp-json\/wp\/v2\/types\/product"}],"replies":[{"embeddable":true,"href":"https:\/\/fumot.uk\/fi\/wp-json\/wp\/v2\/comments?post=5982"}],"wp:featuredmedia":[{"embeddable":true,"href":"https:\/\/fumot.uk\/fi\/wp-json\/wp\/v2\/media\/5993"}],"wp:attachment":[{"href":"https:\/\/fumot.uk\/fi\/wp-json\/wp\/v2\/media?parent=5982"}],"wp:term":[{"taxonomy":"product_brand","embeddable":true,"href":"https:\/\/fumot.uk\/fi\/wp-json\/wp\/v2\/product_brand?post=5982"},{"taxonomy":"product_cat","embeddable":true,"href":"https:\/\/fumot.uk\/fi\/wp-json\/wp\/v2\/product_cat?post=5982"},{"taxonomy":"product_tag","embeddable":true,"href":"https:\/\/fumot.uk\/fi\/wp-json\/wp\/v2\/product_tag?post=5982"}],"curies":[{"name":"wp","href":"https:\/\/api.w.org\/{rel}","templated":true}]}}