{"id":5981,"date":"2026-01-21T04:20:28","date_gmt":"2026-01-21T04:20:28","guid":{"rendered":"https:\/\/fumot.uk\/?post_type=product&#038;p=5981"},"modified":"2026-01-21T06:16:35","modified_gmt":"2026-01-21T06:16:35","slug":"al-fakher-hypermax-15000-puffs-blue-oceam","status":"publish","type":"product","link":"https:\/\/fumot.uk\/fi\/product\/al-fakher-hypermax-15000-puffs-blue-oceam\/","title":{"rendered":"AL FAKHER Hypermax 15000 Puffs Blue Ocean (5% Nikotiini) \u2013 30ml Ladattava Vape \u00e4lykk\u00e4\u00e4ll\u00e4 n\u00e4yt\u00f6ll\u00e4"},"content":{"rendered":"<h2>AL FAKHER Hypermax 15000 Puffs \u2013 Sininen Oceani<\/h2>\n<p>Pakene viile\u00e4\u00e4n, trooppiseen tunnelmaan <strong>Sininen Oceani<\/strong> alkaen <strong>AL FAKHER Hypermax 15000 Puffs<\/strong> -sarjan kanssa. T\u00e4m\u00e4 maku yhdist\u00e4\u00e4 kirkkaan, hedelm\u00e4isen makeuden raikkaaseen, merituulen viimeistelyyn\u2014pehme\u00e4, virkist\u00e4v\u00e4 ja t\u00e4ydellinen, kun haluat jotain puhdasta ja kohottavaa ilman, ett\u00e4 se on liian voimakas.<\/p>\n<h3>Makuprofiili: Sininen Oceani<\/h3>\n<ul>\n<li><strong>Yl\u00e4nuotit:<\/strong> trooppinen hedelm\u00e4inen makeus<\/li>\n<li><strong>Lopetus:<\/strong> viilent\u00e4v\u00e4 raikkaus hienovaraisella merituulen tunteella<\/li>\n<li><strong>Yleisesti:<\/strong> hedelm\u00e4inen + viile\u00e4, ihanteellinen p\u00e4ivitt\u00e4iseen DTL-tyyliseen h\u00f6yryttelyyn<\/li>\n<\/ul>\n<h3>Key Features<\/h3>\n<ul>\n<li><strong>Jopa 15000 puffia<\/strong> (usage varies by puff length)<\/li>\n<li><strong>30ml esit\u00e4ytetty e-neste<\/strong><\/li>\n<li><strong>5% nikotiini<\/strong> \u2014 katso lis\u00e4\u00e4 vaihtoehtoja t\u00e4\u00e4lt\u00e4: <a href=\"https:\/\/fumot.uk\/fi\/product-tag\/5-nikotin\/\">5% Nikotiinih\u00f6yryt<\/a><\/li>\n<li><strong>600mAh ladattava akku<\/strong><\/li>\n<li><strong>USB Type-C -ladattava<\/strong> k\u00e4tev\u00e4\u00e4n lataukseen<\/li>\n<li><strong>Verkkok\u00e4\u00e4mi<\/strong> tasaisen maun ja pehme\u00e4n h\u00f6yryn takaamiseksi<\/li>\n<li><strong>\u00c4lyk\u00e4s n\u00e4ytt\u00f6<\/strong> nopeaan tilan tarkistukseen<\/li>\n<li><strong>Suoraan keuhkoihin (DTL)<\/strong> vetotyyli<\/li>\n<li><strong>TPD-sertifiointi<\/strong><\/li>\n<\/ul>\n<h3>Miksi pid\u00e4t siit\u00e4<\/h3>\n<p>Jos pid\u00e4t <strong>j\u00e4inen raikkaus<\/strong> yhdistettyn\u00e4 <strong>hedelm\u00e4iseen makuun<\/strong>, Sininen Oceani tarjoaa tasapainoisen kokemuksen\u2014viile\u00e4 sis\u00e4\u00e4nhengitt\u00e4ess\u00e4, puhdas uloshengitt\u00e4ess\u00e4, ja suunniteltu pitk\u00e4kestoiseen nautintoon ladattavassa muodossa.<\/p>\n<h3>Saatavilla olevat maut<\/h3>\n<p>T\u00e4m\u00e4 laite on saatavilla useissa mauissa, mukaan lukien: Berry Ice, Black Currant Ice, Black Currant Mint, Sininen Oceani, Blue Razz Lemonade, Blueberry Gum, Cherry Fiesta, Grape Mint, Gum Mint, Hubba, Lemon Lime, Lemon Mint, Lucid Dream, Lush Ice, Magic Love, Mango Ice, Mango Pineapple, Peach Ice, Strawberry Punch, Two Apple.<\/p>\n<p><strong>Category:<\/strong> 15000 puff \u00b7 AL FAKHER Hypermax 15000 Puffs \u00b7 Kertak\u00e4ytt\u00f6inen Vape (Ladattava)<\/p>","protected":false},"excerpt":{"rendered":"<p>AL FAKHER Hypermax 15000 Puffs Blue Ocean tarjoaa hedelm\u00e4isen, merellisen viile\u00e4n maun ladattavassa vape-laitteessa, jossa on 30 ml e-nestett\u00e4, 5% nikotiinia, mesh-k\u00e4\u00e4mi, \u00e4lyn\u00e4ytt\u00f6 ja USB-C-lataus.<\/p>","protected":false},"featured_media":5992,"comment_status":"open","ping_status":"closed","template":"","meta":[],"product_brand":[],"product_cat":[16,238,17],"product_tag":[239,71,240,72,29,67,25,26,62,199,204],"class_list":{"0":"post-5981","1":"product","2":"type-product","3":"status-publish","4":"has-post-thumbnail","6":"product_cat-15000-puff","7":"product_cat-al-fakher-hypermax-15000-puffs","8":"product_cat-vape","9":"product_tag-30-ml","10":"product_tag-5-nikotin","11":"product_tag-600-mah","12":"product_tag-direct-to-lung","13":"product_tag-ice","14":"product_tag-lemon-and-lime","15":"product_tag-mesh-coil","16":"product_tag-rechargeable","17":"product_tag-sale-vape","18":"product_tag-smart-display","19":"product_tag-tpd-certification","21":"first","22":"instock","23":"sale","24":"shipping-taxable","25":"purchasable","26":"product-type-variable","27":"has-default-attributes"},"yoast_head":"<!-- This site is optimized with the Yoast SEO plugin v26.8 - https:\/\/yoast.com\/product\/yoast-seo-wordpress\/ -->\n<title>AL FAKHER Hypermax 15000 Blue Ocean | 5% Nikotiini<\/title>\n<meta name=\"description\" content=\"Osta AL FAKHER Hypermax 15000 Puffs Blue Ocean: hedelm\u00e4inen trooppinen viile\u00e4 maku, 30ml e-neste, 5% nikotiini, mesh-k\u00e4\u00e4mi, \u00e4lyn\u00e4ytt\u00f6, 600mAh USB-C ladattava.\" \/>\n<meta name=\"robots\" content=\"index, follow, max-snippet:-1, max-image-preview:large, max-video-preview:-1\" \/>\n<link rel=\"canonical\" href=\"https:\/\/fumot.uk\/fi\/product\/al-fakher-hypermax-15000-puffs-blue-oceam\/\" \/>\n<meta property=\"og:locale\" content=\"fi_FI\" \/>\n<meta property=\"og:type\" content=\"article\" \/>\n<meta property=\"og:title\" content=\"AL FAKHER Hypermax 15000 Puffs \u2013 Blue Ocean\" \/>\n<meta property=\"og:description\" content=\"A fruity tropical blend with a clean, cooling ocean-breeze finish. 30ml, 5% nicotine, mesh coil, smart display, 600mAh USB-C rechargeable.\" \/>\n<meta property=\"og:url\" content=\"https:\/\/fumot.uk\/fi\/product\/al-fakher-hypermax-15000-puffs-blue-oceam\/\" \/>\n<meta property=\"og:site_name\" content=\"Fumot Official Direct | Straight from the Factory, 100% Genuine\" \/>\n<meta property=\"article:modified_time\" content=\"2026-01-21T06:16:35+00:00\" \/>\n<meta property=\"og:image\" content=\"https:\/\/fumot.uk\/wp-content\/uploads\/2026\/01\/AL-FAKHER-Hypermax-15000-Puffs-Blue-Oceam-Disposable-Vape.png\" \/>\n\t<meta property=\"og:image:width\" content=\"800\" \/>\n\t<meta property=\"og:image:height\" content=\"800\" \/>\n\t<meta property=\"og:image:type\" content=\"image\/png\" \/>\n<meta name=\"twitter:card\" content=\"summary_large_image\" \/>\n<meta name=\"twitter:label1\" content=\"Arvioitu lukuaika\" \/>\n\t<meta name=\"twitter:data1\" content=\"1 minuutti\" \/>\n<script type=\"application\/ld+json\" class=\"yoast-schema-graph\">{\"@context\":\"https:\/\/schema.org\",\"@graph\":[{\"@type\":\"WebPage\",\"@id\":\"https:\/\/fumot.uk\/product\/al-fakher-hypermax-15000-puffs-blue-oceam\/\",\"url\":\"https:\/\/fumot.uk\/product\/al-fakher-hypermax-15000-puffs-blue-oceam\/\",\"name\":\"AL FAKHER Hypermax 15000 Blue Ocean | 5% Nicotine\",\"isPartOf\":{\"@id\":\"https:\/\/fumot.uk\/#website\"},\"primaryImageOfPage\":{\"@id\":\"https:\/\/fumot.uk\/product\/al-fakher-hypermax-15000-puffs-blue-oceam\/#primaryimage\"},\"image\":{\"@id\":\"https:\/\/fumot.uk\/product\/al-fakher-hypermax-15000-puffs-blue-oceam\/#primaryimage\"},\"thumbnailUrl\":\"https:\/\/fumot.uk\/wp-content\/uploads\/2026\/01\/AL-FAKHER-Hypermax-15000-Puffs-Blue-Oceam-Disposable-Vape.png\",\"datePublished\":\"2026-01-21T04:20:28+00:00\",\"dateModified\":\"2026-01-21T06:16:35+00:00\",\"description\":\"Shop AL FAKHER Hypermax 15000 Puffs Blue Ocean: fruity tropical cool flavor, 30ml e-liquid, 5% nicotine, mesh coil, smart display, 600mAh USB-C rechargeable.\",\"breadcrumb\":{\"@id\":\"https:\/\/fumot.uk\/product\/al-fakher-hypermax-15000-puffs-blue-oceam\/#breadcrumb\"},\"inLanguage\":\"fi\",\"potentialAction\":[{\"@type\":\"ReadAction\",\"target\":[\"https:\/\/fumot.uk\/product\/al-fakher-hypermax-15000-puffs-blue-oceam\/\"]}]},{\"@type\":\"ImageObject\",\"inLanguage\":\"fi\",\"@id\":\"https:\/\/fumot.uk\/product\/al-fakher-hypermax-15000-puffs-blue-oceam\/#primaryimage\",\"url\":\"https:\/\/fumot.uk\/wp-content\/uploads\/2026\/01\/AL-FAKHER-Hypermax-15000-Puffs-Blue-Oceam-Disposable-Vape.png\",\"contentUrl\":\"https:\/\/fumot.uk\/wp-content\/uploads\/2026\/01\/AL-FAKHER-Hypermax-15000-Puffs-Blue-Oceam-Disposable-Vape.png\",\"width\":800,\"height\":800},{\"@type\":\"BreadcrumbList\",\"@id\":\"https:\/\/fumot.uk\/product\/al-fakher-hypermax-15000-puffs-blue-oceam\/#breadcrumb\",\"itemListElement\":[{\"@type\":\"ListItem\",\"position\":1,\"name\":\"Home\",\"item\":\"https:\/\/fumot.uk\/\"},{\"@type\":\"ListItem\",\"position\":2,\"name\":\"Shop\",\"item\":\"https:\/\/fumot.uk\/shop\/\"},{\"@type\":\"ListItem\",\"position\":3,\"name\":\"AL FAKHER Hypermax 15000 Puffs Blue Ocean (5% Nicotine) \u2013 30ml Rechargeable Vape with Smart Display\"}]},{\"@type\":\"WebSite\",\"@id\":\"https:\/\/fumot.uk\/#website\",\"url\":\"https:\/\/fumot.uk\/\",\"name\":\"Fumot Official Direct | Straight from the Factory, 100% Genuine\",\"description\":\"Official Website\",\"publisher\":{\"@id\":\"https:\/\/fumot.uk\/#organization\"},\"potentialAction\":[{\"@type\":\"SearchAction\",\"target\":{\"@type\":\"EntryPoint\",\"urlTemplate\":\"https:\/\/fumot.uk\/?s={search_term_string}\"},\"query-input\":{\"@type\":\"PropertyValueSpecification\",\"valueRequired\":true,\"valueName\":\"search_term_string\"}}],\"inLanguage\":\"fi\"},{\"@type\":\"Organization\",\"@id\":\"https:\/\/fumot.uk\/#organization\",\"name\":\"Fumot Official Direct | Straight from the Factory, 100% Genuine\",\"url\":\"https:\/\/fumot.uk\/\",\"logo\":{\"@type\":\"ImageObject\",\"inLanguage\":\"fi\",\"@id\":\"https:\/\/fumot.uk\/#\/schema\/logo\/image\/\",\"url\":\"https:\/\/fumot.uk\/wp-content\/uploads\/2026\/01\/cropped-fumot-logo1.png\",\"contentUrl\":\"https:\/\/fumot.uk\/wp-content\/uploads\/2026\/01\/cropped-fumot-logo1.png\",\"width\":152,\"height\":106,\"caption\":\"Fumot Official Direct | Straight from the Factory, 100% Genuine\"},\"image\":{\"@id\":\"https:\/\/fumot.uk\/#\/schema\/logo\/image\/\"}}]}<\/script>\n<!-- \/ Yoast SEO plugin. -->","yoast_head_json":{"title":"AL FAKHER Hypermax 15000 Blue Ocean | 5 % Nikotiini","description":"Osta AL FAKHER Hypermax 15000 Puffs Blue Ocean: hedelm\u00e4inen trooppinen viile\u00e4 maku, 30ml e-neste, 5% nikotiini, mesh-k\u00e4\u00e4mi, \u00e4lyn\u00e4ytt\u00f6, 600mAh USB-C ladattava.","robots":{"index":"index","follow":"follow","max-snippet":"max-snippet:-1","max-image-preview":"max-image-preview:large","max-video-preview":"max-video-preview:-1"},"canonical":"https:\/\/fumot.uk\/fi\/product\/al-fakher-hypermax-15000-puffs-blue-oceam\/","og_locale":"fi_FI","og_type":"article","og_title":"AL FAKHER Hypermax 15000 Puffs \u2013 Blue Ocean","og_description":"A fruity tropical blend with a clean, cooling ocean-breeze finish. 30ml, 5% nicotine, mesh coil, smart display, 600mAh USB-C rechargeable.","og_url":"https:\/\/fumot.uk\/fi\/product\/al-fakher-hypermax-15000-puffs-blue-oceam\/","og_site_name":"Fumot Official Direct | Straight from the Factory, 100% Genuine","article_modified_time":"2026-01-21T06:16:35+00:00","og_image":[{"width":800,"height":800,"url":"https:\/\/fumot.uk\/wp-content\/uploads\/2026\/01\/AL-FAKHER-Hypermax-15000-Puffs-Blue-Oceam-Disposable-Vape.png","type":"image\/png"}],"twitter_card":"summary_large_image","twitter_misc":{"Arvioitu lukuaika":"1 minuutti"},"schema":{"@context":"https:\/\/schema.org","@graph":[{"@type":"WebPage","@id":"https:\/\/fumot.uk\/product\/al-fakher-hypermax-15000-puffs-blue-oceam\/","url":"https:\/\/fumot.uk\/product\/al-fakher-hypermax-15000-puffs-blue-oceam\/","name":"AL FAKHER Hypermax 15000 Sininen Oceani | 5% Nikotiini","isPartOf":{"@id":"https:\/\/fumot.uk\/#website"},"primaryImageOfPage":{"@id":"https:\/\/fumot.uk\/product\/al-fakher-hypermax-15000-puffs-blue-oceam\/#primaryimage"},"image":{"@id":"https:\/\/fumot.uk\/product\/al-fakher-hypermax-15000-puffs-blue-oceam\/#primaryimage"},"thumbnailUrl":"https:\/\/fumot.uk\/wp-content\/uploads\/2026\/01\/AL-FAKHER-Hypermax-15000-Puffs-Blue-Oceam-Disposable-Vape.png","datePublished":"2026-01-21T04:20:28+00:00","dateModified":"2026-01-21T06:16:35+00:00","description":"Osta AL FAKHER Hypermax 15000 Puffs Blue Ocean: hedelm\u00e4inen trooppinen viile\u00e4 maku, 30ml e-neste, 5% nikotiini, verkkok\u00e4\u00e4mi, \u00e4lyk\u00e4s n\u00e4ytt\u00f6, 600mAh USB-C ladattava.","breadcrumb":{"@id":"https:\/\/fumot.uk\/product\/al-fakher-hypermax-15000-puffs-blue-oceam\/#breadcrumb"},"inLanguage":"fi","potentialAction":[{"@type":"ReadAction","target":["https:\/\/fumot.uk\/product\/al-fakher-hypermax-15000-puffs-blue-oceam\/"]}]},{"@type":"ImageObject","inLanguage":"fi","@id":"https:\/\/fumot.uk\/product\/al-fakher-hypermax-15000-puffs-blue-oceam\/#primaryimage","url":"https:\/\/fumot.uk\/wp-content\/uploads\/2026\/01\/AL-FAKHER-Hypermax-15000-Puffs-Blue-Oceam-Disposable-Vape.png","contentUrl":"https:\/\/fumot.uk\/wp-content\/uploads\/2026\/01\/AL-FAKHER-Hypermax-15000-Puffs-Blue-Oceam-Disposable-Vape.png","width":800,"height":800},{"@type":"BreadcrumbList","@id":"https:\/\/fumot.uk\/product\/al-fakher-hypermax-15000-puffs-blue-oceam\/#breadcrumb","itemListElement":[{"@type":"ListItem","position":1,"name":"Home","item":"https:\/\/fumot.uk\/"},{"@type":"ListItem","position":2,"name":"Shop","item":"https:\/\/fumot.uk\/shop\/"},{"@type":"ListItem","position":3,"name":"AL FAKHER Hypermax 15000 Puffs Blue Ocean (5% Nicotine) \u2013 30ml Rechargeable Vape with Smart Display"}]},{"@type":"WebSite","@id":"https:\/\/fumot.uk\/#website","url":"https:\/\/fumot.uk\/","name":"Fumot Official Direct | Suoraan tehtaalta, 100% Aito","description":"Official Website","publisher":{"@id":"https:\/\/fumot.uk\/#organization"},"potentialAction":[{"@type":"SearchAction","target":{"@type":"EntryPoint","urlTemplate":"https:\/\/fumot.uk\/?s={search_term_string}"},"query-input":{"@type":"PropertyValueSpecification","valueRequired":true,"valueName":"search_term_string"}}],"inLanguage":"fi"},{"@type":"Organization","@id":"https:\/\/fumot.uk\/#organization","name":"Fumot Official Direct | Suoraan tehtaalta, 100% Aito","url":"https:\/\/fumot.uk\/","logo":{"@type":"ImageObject","inLanguage":"fi","@id":"https:\/\/fumot.uk\/#\/schema\/logo\/image\/","url":"https:\/\/fumot.uk\/wp-content\/uploads\/2026\/01\/cropped-fumot-logo1.png","contentUrl":"https:\/\/fumot.uk\/wp-content\/uploads\/2026\/01\/cropped-fumot-logo1.png","width":152,"height":106,"caption":"Fumot Official Direct | Straight from the Factory, 100% Genuine"},"image":{"@id":"https:\/\/fumot.uk\/#\/schema\/logo\/image\/"}}]}},"_links":{"self":[{"href":"https:\/\/fumot.uk\/fi\/wp-json\/wp\/v2\/product\/5981","targetHints":{"allow":["GET"]}}],"collection":[{"href":"https:\/\/fumot.uk\/fi\/wp-json\/wp\/v2\/product"}],"about":[{"href":"https:\/\/fumot.uk\/fi\/wp-json\/wp\/v2\/types\/product"}],"replies":[{"embeddable":true,"href":"https:\/\/fumot.uk\/fi\/wp-json\/wp\/v2\/comments?post=5981"}],"wp:featuredmedia":[{"embeddable":true,"href":"https:\/\/fumot.uk\/fi\/wp-json\/wp\/v2\/media\/5992"}],"wp:attachment":[{"href":"https:\/\/fumot.uk\/fi\/wp-json\/wp\/v2\/media?parent=5981"}],"wp:term":[{"taxonomy":"product_brand","embeddable":true,"href":"https:\/\/fumot.uk\/fi\/wp-json\/wp\/v2\/product_brand?post=5981"},{"taxonomy":"product_cat","embeddable":true,"href":"https:\/\/fumot.uk\/fi\/wp-json\/wp\/v2\/product_cat?post=5981"},{"taxonomy":"product_tag","embeddable":true,"href":"https:\/\/fumot.uk\/fi\/wp-json\/wp\/v2\/product_tag?post=5981"}],"curies":[{"name":"wp","href":"https:\/\/api.w.org\/{rel}","templated":true}]}}