{"id":4539,"date":"2026-01-21T04:11:17","date_gmt":"2026-01-21T04:11:17","guid":{"rendered":"https:\/\/fumot.uk\/?post_type=product&#038;p=4539"},"modified":"2026-01-21T06:21:07","modified_gmt":"2026-01-21T06:21:07","slug":"cherry-berry-jnr-ragegorilla-55000-puffs","status":"publish","type":"product","link":"https:\/\/fumot.uk\/fi\/product\/cherry-berry-jnr-ragegorilla-55000-puffs\/","title":{"rendered":"Cherry Berry JNR RageGorilla 55000 Puffs Kertak\u00e4ytt\u00f6inen Vape | Kaksinkertainen Mesh, \u00c4lyn\u00e4ytt\u00f6, 42ml"},"content":{"rendered":"<h2>Cherry Berry \u2013 JNR RageGorilla 55000 Puffs<\/h2>\n<p><strong>JNR RageGorilla 55000 Puffs<\/strong> tuo rohkean, kristallinkirkkaan ulkon\u00e4\u00f6n ja tehokkaan, modernin vape-rakenteen yhteen helppok\u00e4ytt\u00f6iseen kertak\u00e4ytt\u00f6iseen laitteeseen. Suunniteltu l\u00e4pin\u00e4kyv\u00e4ll\u00e4 \u201ckristalli\u201d rungolla ja ter\u00e4vill\u00e4 reunoilla, se tarjoaa vahvan visuaalisen identiteetin, joka on saanut inspiraationsa Gorilla-teemasta\u2014puhdas, kova ja erottuva.<\/p>\n<h3>Cherry Berry Makuprofiili<\/h3>\n<p><strong>Kirsikkamarja<\/strong> sekoittaa kypsi\u00e4, makeita kirsikan s\u00e4vyj\u00e4 kirkkaisiin sekoitettuihin marjoihin tasapainoisen hedelm\u00e4isen vapen saamiseksi, joka tuntuu raikkaalta eik\u00e4 raskaalta. Jokainen veto on pehme\u00e4 ja tasainen, p\u00e4\u00e4ttyen viipyv\u00e4\u00e4n hedelm\u00e4iseen j\u00e4lkimakuun, mik\u00e4 tekee siit\u00e4 ihanteellisen koko p\u00e4iv\u00e4n vaihtoehdon makeiden ja kirpeiden sekoitusten yst\u00e4ville.<\/p>\n<h3>Suorituskyky, jonka voit tuntea<\/h3>\n<p>Sis\u00e4ll\u00e4 <strong>Dual Mesh Coil<\/strong> ja <strong>kaksinkertainen l\u00e4mmitysj\u00e4rjestelm\u00e4<\/strong> on rakennettu pit\u00e4m\u00e4\u00e4n maku t\u00e4ytel\u00e4isen\u00e4 ja vakaana\u2014auttaen jokaista henk\u00e4yst\u00e4 maistumaan kerroksittain ja tyydytt\u00e4v\u00e4lt\u00e4 samalla kun pysyy pehme\u00e4n\u00e4.<\/p>\n<h3>Key Features<\/h3>\n<ul>\n<li><strong>Jopa 55 000 henk\u00e4yst\u00e4<\/strong><\/li>\n<li><strong>42 ml e-nestetilavuus<\/strong><\/li>\n<li><strong>950mAh ladattava akku<\/strong><\/li>\n<li><strong>Type-C pikalataus<\/strong><\/li>\n<li><strong>\u00c4lyk\u00e4s N\u00e4ytt\u00f6<\/strong> nopeaan tilan tarkistukseen<\/li>\n<li><strong>Dual Mesh Coil<\/strong> rikkaan, tasaisen maun saamiseksi<\/li>\n<li><strong>Nicotine options:<\/strong> 2% tai 5%<\/li>\n<\/ul>\n<h3>Miksi Ostaa fumot.uk:sta<\/h3>\n<p>Tutustu lis\u00e4\u00e4 korkeapuhalluskertak\u00e4ytt\u00f6isiin ja koko JNR-valikoimaan osoitteessa <a href=\"https:\/\/fumot.uk\/fi\/\" target=\"_blank\" rel=\"noopener\">fumot.uk<\/a>, ja l\u00f6yd\u00e4 seuraava suosikki hedelm\u00e4sekoituksesi luottavaisin mielin.<\/p>\n<p><em>Huomautus: Henk\u00e4ysm\u00e4\u00e4r\u00e4 voi vaihdella k\u00e4ytt\u00f6tavan mukaan.<\/em><\/p>","protected":false},"excerpt":{"rendered":"<p>Cherry Berry JNR RageGorilla 55000 Puffs kertak\u00e4ytt\u00f6inen vape makealla kirsikalla + kirpeill\u00e4 marjoilla. Kaksinkertainen mesh-kela, \u00e4lyn\u00e4ytt\u00f6, 42 ml e-nestett\u00e4, 950mAh Type\u2011C ladattava. 2%\/5% nikotiini.<\/p>","protected":false},"featured_media":4583,"comment_status":"open","ping_status":"closed","template":"","meta":[],"product_brand":[],"product_cat":[235,236,17],"product_tag":[70,237,71,197,41,49,36,113,72,73,26,199,28],"class_list":{"0":"post-4539","1":"product","2":"type-product","3":"status-publish","4":"has-post-thumbnail","6":"product_cat-55000-puff","7":"product_cat-jnr-ragegorilla-55000-puffs","8":"product_cat-vape","9":"product_tag-2-nikotin","10":"product_tag-42ml","11":"product_tag-5-nikotin","12":"product_tag-950mah","13":"product_tag-berry","14":"product_tag-bubblegum","15":"product_tag-cherry","16":"product_tag-crystal-vape","17":"product_tag-direct-to-lung","18":"product_tag-dual-mesh","19":"product_tag-rechargeable","20":"product_tag-smart-display","21":"product_tag-type-c","23":"first","24":"instock","25":"sale","26":"shipping-taxable","27":"purchasable","28":"product-type-variable","29":"has-default-attributes"},"yoast_head":"<!-- This site is optimized with the Yoast SEO plugin v26.8 - https:\/\/yoast.com\/product\/yoast-seo-wordpress\/ -->\n<title>Cherry Berry JNR RageGorilla 55000 Puffs Kertak\u00e4ytt\u00f6inen Vape<\/title>\n<meta name=\"description\" content=\"Cherry Berry JNR RageGorilla 55000 Puffs: makea kirsikka + kirkkaat marjat. Kaksoisverkkomuuntaja, \u00e4lyk\u00e4s n\u00e4ytt\u00f6, 42 ml e-nestett\u00e4, 950mAh Type\u2011C ladattava. 2%\/5%.\" \/>\n<meta name=\"robots\" content=\"index, follow, max-snippet:-1, max-image-preview:large, max-video-preview:-1\" \/>\n<link rel=\"canonical\" href=\"https:\/\/fumot.uk\/fi\/product\/cherry-berry-jnr-ragegorilla-55000-puffs\/\" \/>\n<meta property=\"og:locale\" content=\"fi_FI\" \/>\n<meta property=\"og:type\" content=\"article\" \/>\n<meta property=\"og:title\" content=\"Cherry Berry | JNR RageGorilla 55000 Puffs\" \/>\n<meta property=\"og:description\" content=\"A smooth sweet cherry and mixed berry blend with a crisp finish. Dual Mesh Coil, Smart Display, 42ml e-liquid, 950mAh Type\u2011C rechargeable. 2%\/5%.\" \/>\n<meta property=\"og:url\" content=\"https:\/\/fumot.uk\/fi\/product\/cherry-berry-jnr-ragegorilla-55000-puffs\/\" \/>\n<meta property=\"og:site_name\" content=\"Fumot Official Direct | Straight from the Factory, 100% Genuine\" \/>\n<meta property=\"article:modified_time\" content=\"2026-01-21T06:21:07+00:00\" \/>\n<meta property=\"og:image\" content=\"https:\/\/fumot.uk\/wp-content\/uploads\/2026\/01\/JNR-RageGorilla-55000-Puffs-Cherry-Berry-disposable-e-cigarette.jpg\" \/>\n\t<meta property=\"og:image:width\" content=\"800\" \/>\n\t<meta property=\"og:image:height\" content=\"800\" \/>\n\t<meta property=\"og:image:type\" content=\"image\/jpeg\" \/>\n<meta name=\"twitter:card\" content=\"summary_large_image\" \/>\n<meta name=\"twitter:label1\" content=\"Arvioitu lukuaika\" \/>\n\t<meta name=\"twitter:data1\" content=\"1 minuutti\" \/>\n<script type=\"application\/ld+json\" class=\"yoast-schema-graph\">{\"@context\":\"https:\/\/schema.org\",\"@graph\":[{\"@type\":\"WebPage\",\"@id\":\"https:\/\/fumot.uk\/product\/cherry-berry-jnr-ragegorilla-55000-puffs\/\",\"url\":\"https:\/\/fumot.uk\/product\/cherry-berry-jnr-ragegorilla-55000-puffs\/\",\"name\":\"Cherry Berry JNR RageGorilla 55000 Puffs Disposable Vape\",\"isPartOf\":{\"@id\":\"https:\/\/fumot.uk\/#website\"},\"primaryImageOfPage\":{\"@id\":\"https:\/\/fumot.uk\/product\/cherry-berry-jnr-ragegorilla-55000-puffs\/#primaryimage\"},\"image\":{\"@id\":\"https:\/\/fumot.uk\/product\/cherry-berry-jnr-ragegorilla-55000-puffs\/#primaryimage\"},\"thumbnailUrl\":\"https:\/\/fumot.uk\/wp-content\/uploads\/2026\/01\/JNR-RageGorilla-55000-Puffs-Cherry-Berry-disposable-e-cigarette.jpg\",\"datePublished\":\"2026-01-21T04:11:17+00:00\",\"dateModified\":\"2026-01-21T06:21:07+00:00\",\"description\":\"Cherry Berry JNR RageGorilla 55000 Puffs: sweet cherry + bright berries. Dual Mesh Coil, Smart Display, 42ml e-liquid, 950mAh Type\u2011C rechargeable. 2%\/5%.\",\"breadcrumb\":{\"@id\":\"https:\/\/fumot.uk\/product\/cherry-berry-jnr-ragegorilla-55000-puffs\/#breadcrumb\"},\"inLanguage\":\"fi\",\"potentialAction\":[{\"@type\":\"ReadAction\",\"target\":[\"https:\/\/fumot.uk\/product\/cherry-berry-jnr-ragegorilla-55000-puffs\/\"]}]},{\"@type\":\"ImageObject\",\"inLanguage\":\"fi\",\"@id\":\"https:\/\/fumot.uk\/product\/cherry-berry-jnr-ragegorilla-55000-puffs\/#primaryimage\",\"url\":\"https:\/\/fumot.uk\/wp-content\/uploads\/2026\/01\/JNR-RageGorilla-55000-Puffs-Cherry-Berry-disposable-e-cigarette.jpg\",\"contentUrl\":\"https:\/\/fumot.uk\/wp-content\/uploads\/2026\/01\/JNR-RageGorilla-55000-Puffs-Cherry-Berry-disposable-e-cigarette.jpg\",\"width\":800,\"height\":800},{\"@type\":\"BreadcrumbList\",\"@id\":\"https:\/\/fumot.uk\/product\/cherry-berry-jnr-ragegorilla-55000-puffs\/#breadcrumb\",\"itemListElement\":[{\"@type\":\"ListItem\",\"position\":1,\"name\":\"Home\",\"item\":\"https:\/\/fumot.uk\/\"},{\"@type\":\"ListItem\",\"position\":2,\"name\":\"Shop\",\"item\":\"https:\/\/fumot.uk\/shop\/\"},{\"@type\":\"ListItem\",\"position\":3,\"name\":\"Cherry Berry JNR RageGorilla 55000 Puffs Disposable Vape | Dual Mesh, Smart Display, 42ml\"}]},{\"@type\":\"WebSite\",\"@id\":\"https:\/\/fumot.uk\/#website\",\"url\":\"https:\/\/fumot.uk\/\",\"name\":\"Fumot Official Direct | Straight from the Factory, 100% Genuine\",\"description\":\"Official Website\",\"publisher\":{\"@id\":\"https:\/\/fumot.uk\/#organization\"},\"potentialAction\":[{\"@type\":\"SearchAction\",\"target\":{\"@type\":\"EntryPoint\",\"urlTemplate\":\"https:\/\/fumot.uk\/?s={search_term_string}\"},\"query-input\":{\"@type\":\"PropertyValueSpecification\",\"valueRequired\":true,\"valueName\":\"search_term_string\"}}],\"inLanguage\":\"fi\"},{\"@type\":\"Organization\",\"@id\":\"https:\/\/fumot.uk\/#organization\",\"name\":\"Fumot Official Direct | Straight from the Factory, 100% Genuine\",\"url\":\"https:\/\/fumot.uk\/\",\"logo\":{\"@type\":\"ImageObject\",\"inLanguage\":\"fi\",\"@id\":\"https:\/\/fumot.uk\/#\/schema\/logo\/image\/\",\"url\":\"https:\/\/fumot.uk\/wp-content\/uploads\/2026\/01\/cropped-fumot-logo1.png\",\"contentUrl\":\"https:\/\/fumot.uk\/wp-content\/uploads\/2026\/01\/cropped-fumot-logo1.png\",\"width\":152,\"height\":106,\"caption\":\"Fumot Official Direct | Straight from the Factory, 100% Genuine\"},\"image\":{\"@id\":\"https:\/\/fumot.uk\/#\/schema\/logo\/image\/\"}}]}<\/script>\n<!-- \/ Yoast SEO plugin. -->","yoast_head_json":{"title":"Cherry Berry JNR RageGorilla 55000 Puffs Kertak\u00e4ytt\u00f6inen Vape","description":"Cherry Berry JNR RageGorilla 55000 Puffs: makea kirsikka + kirkkaat marjat. Kaksoisverkkomuuntaja, \u00e4lyk\u00e4s n\u00e4ytt\u00f6, 42 ml e-nestett\u00e4, 950mAh Type\u2011C ladattava. 2%\/5%.","robots":{"index":"index","follow":"follow","max-snippet":"max-snippet:-1","max-image-preview":"max-image-preview:large","max-video-preview":"max-video-preview:-1"},"canonical":"https:\/\/fumot.uk\/fi\/product\/cherry-berry-jnr-ragegorilla-55000-puffs\/","og_locale":"fi_FI","og_type":"article","og_title":"Cherry Berry | JNR RageGorilla 55000 Puffs","og_description":"A smooth sweet cherry and mixed berry blend with a crisp finish. Dual Mesh Coil, Smart Display, 42ml e-liquid, 950mAh Type\u2011C rechargeable. 2%\/5%.","og_url":"https:\/\/fumot.uk\/fi\/product\/cherry-berry-jnr-ragegorilla-55000-puffs\/","og_site_name":"Fumot Official Direct | Straight from the Factory, 100% Genuine","article_modified_time":"2026-01-21T06:21:07+00:00","og_image":[{"width":800,"height":800,"url":"https:\/\/fumot.uk\/wp-content\/uploads\/2026\/01\/JNR-RageGorilla-55000-Puffs-Cherry-Berry-disposable-e-cigarette.jpg","type":"image\/jpeg"}],"twitter_card":"summary_large_image","twitter_misc":{"Arvioitu lukuaika":"1 minuutti"},"schema":{"@context":"https:\/\/schema.org","@graph":[{"@type":"WebPage","@id":"https:\/\/fumot.uk\/product\/cherry-berry-jnr-ragegorilla-55000-puffs\/","url":"https:\/\/fumot.uk\/product\/cherry-berry-jnr-ragegorilla-55000-puffs\/","name":"Cherry Berry JNR RageGorilla 55000 Puffs Disposable Vape","isPartOf":{"@id":"https:\/\/fumot.uk\/#website"},"primaryImageOfPage":{"@id":"https:\/\/fumot.uk\/product\/cherry-berry-jnr-ragegorilla-55000-puffs\/#primaryimage"},"image":{"@id":"https:\/\/fumot.uk\/product\/cherry-berry-jnr-ragegorilla-55000-puffs\/#primaryimage"},"thumbnailUrl":"https:\/\/fumot.uk\/wp-content\/uploads\/2026\/01\/JNR-RageGorilla-55000-Puffs-Cherry-Berry-disposable-e-cigarette.jpg","datePublished":"2026-01-21T04:11:17+00:00","dateModified":"2026-01-21T06:21:07+00:00","description":"Cherry Berry JNR RageGorilla 55000 Puffs: makea kirsikka + kirkkaat marjat. Kaksinkertainen verkkok\u00e4\u00e4mi, \u00e4lyn\u00e4ytt\u00f6, 42 ml e-nestett\u00e4, 950 mAh Type\u2011C ladattava. 2%\/5%.","breadcrumb":{"@id":"https:\/\/fumot.uk\/product\/cherry-berry-jnr-ragegorilla-55000-puffs\/#breadcrumb"},"inLanguage":"fi","potentialAction":[{"@type":"ReadAction","target":["https:\/\/fumot.uk\/product\/cherry-berry-jnr-ragegorilla-55000-puffs\/"]}]},{"@type":"ImageObject","inLanguage":"fi","@id":"https:\/\/fumot.uk\/product\/cherry-berry-jnr-ragegorilla-55000-puffs\/#primaryimage","url":"https:\/\/fumot.uk\/wp-content\/uploads\/2026\/01\/JNR-RageGorilla-55000-Puffs-Cherry-Berry-disposable-e-cigarette.jpg","contentUrl":"https:\/\/fumot.uk\/wp-content\/uploads\/2026\/01\/JNR-RageGorilla-55000-Puffs-Cherry-Berry-disposable-e-cigarette.jpg","width":800,"height":800},{"@type":"BreadcrumbList","@id":"https:\/\/fumot.uk\/product\/cherry-berry-jnr-ragegorilla-55000-puffs\/#breadcrumb","itemListElement":[{"@type":"ListItem","position":1,"name":"Home","item":"https:\/\/fumot.uk\/"},{"@type":"ListItem","position":2,"name":"Shop","item":"https:\/\/fumot.uk\/shop\/"},{"@type":"ListItem","position":3,"name":"Cherry Berry JNR RageGorilla 55000 Puffs Disposable Vape | Dual Mesh, Smart Display, 42ml"}]},{"@type":"WebSite","@id":"https:\/\/fumot.uk\/#website","url":"https:\/\/fumot.uk\/","name":"Fumot Official Direct | Suoraan tehtaalta, 100% Aito","description":"Official Website","publisher":{"@id":"https:\/\/fumot.uk\/#organization"},"potentialAction":[{"@type":"SearchAction","target":{"@type":"EntryPoint","urlTemplate":"https:\/\/fumot.uk\/?s={search_term_string}"},"query-input":{"@type":"PropertyValueSpecification","valueRequired":true,"valueName":"search_term_string"}}],"inLanguage":"fi"},{"@type":"Organization","@id":"https:\/\/fumot.uk\/#organization","name":"Fumot Official Direct | Suoraan tehtaalta, 100% Aito","url":"https:\/\/fumot.uk\/","logo":{"@type":"ImageObject","inLanguage":"fi","@id":"https:\/\/fumot.uk\/#\/schema\/logo\/image\/","url":"https:\/\/fumot.uk\/wp-content\/uploads\/2026\/01\/cropped-fumot-logo1.png","contentUrl":"https:\/\/fumot.uk\/wp-content\/uploads\/2026\/01\/cropped-fumot-logo1.png","width":152,"height":106,"caption":"Fumot Official Direct | Straight from the Factory, 100% Genuine"},"image":{"@id":"https:\/\/fumot.uk\/#\/schema\/logo\/image\/"}}]}},"_links":{"self":[{"href":"https:\/\/fumot.uk\/fi\/wp-json\/wp\/v2\/product\/4539","targetHints":{"allow":["GET"]}}],"collection":[{"href":"https:\/\/fumot.uk\/fi\/wp-json\/wp\/v2\/product"}],"about":[{"href":"https:\/\/fumot.uk\/fi\/wp-json\/wp\/v2\/types\/product"}],"replies":[{"embeddable":true,"href":"https:\/\/fumot.uk\/fi\/wp-json\/wp\/v2\/comments?post=4539"}],"wp:featuredmedia":[{"embeddable":true,"href":"https:\/\/fumot.uk\/fi\/wp-json\/wp\/v2\/media\/4583"}],"wp:attachment":[{"href":"https:\/\/fumot.uk\/fi\/wp-json\/wp\/v2\/media?parent=4539"}],"wp:term":[{"taxonomy":"product_brand","embeddable":true,"href":"https:\/\/fumot.uk\/fi\/wp-json\/wp\/v2\/product_brand?post=4539"},{"taxonomy":"product_cat","embeddable":true,"href":"https:\/\/fumot.uk\/fi\/wp-json\/wp\/v2\/product_cat?post=4539"},{"taxonomy":"product_tag","embeddable":true,"href":"https:\/\/fumot.uk\/fi\/wp-json\/wp\/v2\/product_tag?post=4539"}],"curies":[{"name":"wp","href":"https:\/\/api.w.org\/{rel}","templated":true}]}}