{"id":4526,"date":"2026-01-21T04:11:14","date_gmt":"2026-01-21T04:11:14","guid":{"rendered":"https:\/\/fumot.uk\/?post_type=product&#038;p=4526"},"modified":"2026-01-21T06:29:22","modified_gmt":"2026-01-21T06:29:22","slug":"strawberry-watermelon-ice-jnr-ragegorilla-55000-puffs","status":"publish","type":"product","link":"https:\/\/fumot.uk\/fi\/product\/strawberry-watermelon-ice-jnr-ragegorilla-55000-puffs\/","title":{"rendered":"JNR RageGorilla 55000 Puffs Mansikka Vesimeloni J\u00e4\u00e4 \u2013 Kaksoisverkko, \u00c4lyn\u00e4ytt\u00f6, Type\u2011C"},"content":{"rendered":"<h2>Mansikka Vesimeloni J\u00e4\u00e4 | JNR RageGorilla 55000 Puhallusta<\/h2>\n<p>Muuta jokainen veto viile\u00e4ksi hedelm\u00e4tauoksi. The <strong>JNR RageGorilla 55000 Puhallusta Mansikka Vesimeloni J\u00e4\u00e4<\/strong> yhdist\u00e4\u00e4 kyps\u00e4n mansikan makeuden mehukkaaseen vesimeloniin, viimeisteltyn\u00e4 puhtaalla j\u00e4\u00e4ll\u00e4. Suunniteltu mukavuuteen ja johdonmukaisuuteen, siin\u00e4 on <strong>kristallinkirkas, ter\u00e4v\u00e4reunainen runko<\/strong> ja rohkea gorillavisuaali sis\u00e4ll\u00e4 erottuvaan, laadukkaaseen ulkon\u00e4k\u00f6\u00f6n.<\/p>\n<h3>Makuprofiili: Mansikka Vesimeloni J\u00e4\u00e4<\/h3>\n<p>Odota pehme\u00e4\u00e4, kerroksellista makua: <strong>makea mansikka aluksi<\/strong>, jota seuraa <strong>raikas vesimeloni<\/strong>, sitten <strong>viilent\u00e4v\u00e4 j\u00e4\u00e4<\/strong> joka pit\u00e4\u00e4 viimeistelyn raikkaana eik\u00e4 raskaan. Loistava valinta, jos pid\u00e4t hedelm\u00e4isist\u00e4 vapeista, joissa on raikas, viile\u00e4 vivahde.<\/p>\n<h3>Miksi rakastat RageGorilla-kokemusta<\/h3>\n<ul>\n<li><strong>Dual Mesh Coil<\/strong> pehme\u00e4\u00e4n, tihe\u00e4\u00e4n h\u00f6yryyn ja puhtaaseen maun toimitukseen<\/li>\n<li><strong>\u00c4lyk\u00e4s N\u00e4ytt\u00f6<\/strong> auttaa tarkistamaan <strong>akun<\/strong> ja <strong>e-neste<\/strong> tilan yhdell\u00e4 silm\u00e4yksell\u00e4<\/li>\n<li><strong>Ladattava 950mAh akku<\/strong> suunniteltu pitkiin sessioihin<\/li>\n<li><strong>Type\u2011C fast charging<\/strong> helppoon t\u00e4ytt\u00f6\u00f6n<\/li>\n<\/ul>\n<h3>T\u00e4rkeimm\u00e4t tekniset tiedot<\/h3>\n<ul>\n<li><strong>Vedot:<\/strong> noin 55 000<\/li>\n<li><strong>E-nesteen kapasiteetti:<\/strong> 42ml<\/li>\n<li><strong>Nikotiinivahvuus:<\/strong> 2% tai 5%<\/li>\n<li><strong>Akku:<\/strong> 950mAh (ladattava)<\/li>\n<li><strong>K\u00e4\u00e4mi:<\/strong> Dual Mesh Coil<\/li>\n<li><strong>Lataus:<\/strong> Type\u2011C<\/li>\n<li><strong>N\u00e4ytt\u00f6:<\/strong> \u00c4lyk\u00e4s N\u00e4ytt\u00f6<\/li>\n<\/ul>\n<p>Etsitk\u00f6 lis\u00e4\u00e4 laitteita n\u00e4yt\u00f6ll\u00e4? Tutustu meid\u00e4n <a href=\"https:\/\/fumot.uk\/fi\/product-tag\/smart-display\/\">\u00c4lyn\u00e4ytt\u00f6 vapeihin<\/a> osoitteessa fumot.uk.<\/p>","protected":false},"excerpt":{"rendered":"<p>Mansikka Vesimeloni J\u00e4\u00e4 JNR RageGorilla 55000 Puffs: makea mansikka, mehukas vesimeloni ja raikas j\u00e4inen lopetus. Kaksoisverkko kela, \u00c4lyk\u00e4s n\u00e4ytt\u00f6, 42ml, 950mAh, Type\u2011C, 2%\/5% nikotiini.<\/p>","protected":false},"featured_media":4555,"comment_status":"open","ping_status":"closed","template":"","meta":[],"product_brand":[],"product_cat":[235,236,17],"product_tag":[70,237,71,197,113,72,73,29,26,199,37,28,32],"class_list":{"0":"post-4526","1":"product","2":"type-product","3":"status-publish","4":"has-post-thumbnail","6":"product_cat-55000-puff","7":"product_cat-jnr-ragegorilla-55000-puffs","8":"product_cat-vape","9":"product_tag-2-nikotin","10":"product_tag-42ml","11":"product_tag-5-nikotin","12":"product_tag-950mah","13":"product_tag-crystal-vape","14":"product_tag-direct-to-lung","15":"product_tag-dual-mesh","16":"product_tag-ice","17":"product_tag-rechargeable","18":"product_tag-smart-display","19":"product_tag-strawberry","20":"product_tag-type-c","21":"product_tag-watermelon","23":"first","24":"instock","25":"sale","26":"shipping-taxable","27":"purchasable","28":"product-type-variable","29":"has-default-attributes"},"yoast_head":"<!-- This site is optimized with the Yoast SEO plugin v26.8 - https:\/\/yoast.com\/product\/yoast-seo-wordpress\/ -->\n<title>JNR RageGorilla 55000 Mansikka Vesimeloni J\u00e4\u00e4 | fumot.uk<\/title>\n<meta name=\"description\" content=\"JNR RageGorilla 55000 Puffs Mansikka Vesimeloni J\u00e4\u00e4: mansikka + vesimeloni viile\u00e4ll\u00e4 j\u00e4\u00e4viimeistelyll\u00e4. Kaksinkertainen verkkok\u00e4\u00e4mi, \u00e4lyn\u00e4ytt\u00f6, 42ml, 950mAh, Type\u2011C.\" \/>\n<meta name=\"robots\" content=\"index, follow, max-snippet:-1, max-image-preview:large, max-video-preview:-1\" \/>\n<link rel=\"canonical\" href=\"https:\/\/fumot.uk\/fi\/product\/strawberry-watermelon-ice-jnr-ragegorilla-55000-puffs\/\" \/>\n<meta property=\"og:locale\" content=\"fi_FI\" \/>\n<meta property=\"og:type\" content=\"article\" \/>\n<meta property=\"og:title\" content=\"Strawberry Watermelon Ice \u2013 JNR RageGorilla 55000 Puffs\" \/>\n<meta property=\"og:description\" content=\"A chilled fruit blend of strawberry and watermelon with an icy finish. Dual Mesh Coil + Smart Display, 42ml e\u2011liquid, 950mAh rechargeable, Type\u2011C fast charging.\" \/>\n<meta property=\"og:url\" content=\"https:\/\/fumot.uk\/fi\/product\/strawberry-watermelon-ice-jnr-ragegorilla-55000-puffs\/\" \/>\n<meta property=\"og:site_name\" content=\"Fumot Official Direct | Straight from the Factory, 100% Genuine\" \/>\n<meta property=\"article:modified_time\" content=\"2026-01-21T06:29:22+00:00\" \/>\n<meta property=\"og:image\" content=\"https:\/\/fumot.uk\/wp-content\/uploads\/2026\/01\/JNR-RageGorilla-55000-Puffs-Strawberry-Watermelon-Ice-disposable-e-cigarette.jpg\" \/>\n\t<meta property=\"og:image:width\" content=\"800\" \/>\n\t<meta property=\"og:image:height\" content=\"800\" \/>\n\t<meta property=\"og:image:type\" content=\"image\/jpeg\" \/>\n<meta name=\"twitter:card\" content=\"summary_large_image\" \/>\n<meta name=\"twitter:label1\" content=\"Arvioitu lukuaika\" \/>\n\t<meta name=\"twitter:data1\" content=\"1 minuutti\" \/>\n<script type=\"application\/ld+json\" class=\"yoast-schema-graph\">{\"@context\":\"https:\/\/schema.org\",\"@graph\":[{\"@type\":\"WebPage\",\"@id\":\"https:\/\/fumot.uk\/product\/strawberry-watermelon-ice-jnr-ragegorilla-55000-puffs\/\",\"url\":\"https:\/\/fumot.uk\/product\/strawberry-watermelon-ice-jnr-ragegorilla-55000-puffs\/\",\"name\":\"JNR RageGorilla 55000 Strawberry Watermelon Ice | fumot.uk\",\"isPartOf\":{\"@id\":\"https:\/\/fumot.uk\/#website\"},\"primaryImageOfPage\":{\"@id\":\"https:\/\/fumot.uk\/product\/strawberry-watermelon-ice-jnr-ragegorilla-55000-puffs\/#primaryimage\"},\"image\":{\"@id\":\"https:\/\/fumot.uk\/product\/strawberry-watermelon-ice-jnr-ragegorilla-55000-puffs\/#primaryimage\"},\"thumbnailUrl\":\"https:\/\/fumot.uk\/wp-content\/uploads\/2026\/01\/JNR-RageGorilla-55000-Puffs-Strawberry-Watermelon-Ice-disposable-e-cigarette.jpg\",\"datePublished\":\"2026-01-21T04:11:14+00:00\",\"dateModified\":\"2026-01-21T06:29:22+00:00\",\"description\":\"JNR RageGorilla 55000 Puffs Strawberry Watermelon Ice: strawberry + watermelon with a cool ice finish. Dual Mesh Coil, Smart Display, 42ml, 950mAh, Type\u2011C.\",\"breadcrumb\":{\"@id\":\"https:\/\/fumot.uk\/product\/strawberry-watermelon-ice-jnr-ragegorilla-55000-puffs\/#breadcrumb\"},\"inLanguage\":\"fi\",\"potentialAction\":[{\"@type\":\"ReadAction\",\"target\":[\"https:\/\/fumot.uk\/product\/strawberry-watermelon-ice-jnr-ragegorilla-55000-puffs\/\"]}]},{\"@type\":\"ImageObject\",\"inLanguage\":\"fi\",\"@id\":\"https:\/\/fumot.uk\/product\/strawberry-watermelon-ice-jnr-ragegorilla-55000-puffs\/#primaryimage\",\"url\":\"https:\/\/fumot.uk\/wp-content\/uploads\/2026\/01\/JNR-RageGorilla-55000-Puffs-Strawberry-Watermelon-Ice-disposable-e-cigarette.jpg\",\"contentUrl\":\"https:\/\/fumot.uk\/wp-content\/uploads\/2026\/01\/JNR-RageGorilla-55000-Puffs-Strawberry-Watermelon-Ice-disposable-e-cigarette.jpg\",\"width\":800,\"height\":800},{\"@type\":\"BreadcrumbList\",\"@id\":\"https:\/\/fumot.uk\/product\/strawberry-watermelon-ice-jnr-ragegorilla-55000-puffs\/#breadcrumb\",\"itemListElement\":[{\"@type\":\"ListItem\",\"position\":1,\"name\":\"Home\",\"item\":\"https:\/\/fumot.uk\/\"},{\"@type\":\"ListItem\",\"position\":2,\"name\":\"Shop\",\"item\":\"https:\/\/fumot.uk\/shop\/\"},{\"@type\":\"ListItem\",\"position\":3,\"name\":\"JNR RageGorilla 55000 Puffs Strawberry Watermelon Ice \u2013 Dual Mesh, Smart Display, Type\u2011C\"}]},{\"@type\":\"WebSite\",\"@id\":\"https:\/\/fumot.uk\/#website\",\"url\":\"https:\/\/fumot.uk\/\",\"name\":\"Fumot Official Direct | Straight from the Factory, 100% Genuine\",\"description\":\"Official Website\",\"publisher\":{\"@id\":\"https:\/\/fumot.uk\/#organization\"},\"potentialAction\":[{\"@type\":\"SearchAction\",\"target\":{\"@type\":\"EntryPoint\",\"urlTemplate\":\"https:\/\/fumot.uk\/?s={search_term_string}\"},\"query-input\":{\"@type\":\"PropertyValueSpecification\",\"valueRequired\":true,\"valueName\":\"search_term_string\"}}],\"inLanguage\":\"fi\"},{\"@type\":\"Organization\",\"@id\":\"https:\/\/fumot.uk\/#organization\",\"name\":\"Fumot Official Direct | Straight from the Factory, 100% Genuine\",\"url\":\"https:\/\/fumot.uk\/\",\"logo\":{\"@type\":\"ImageObject\",\"inLanguage\":\"fi\",\"@id\":\"https:\/\/fumot.uk\/#\/schema\/logo\/image\/\",\"url\":\"https:\/\/fumot.uk\/wp-content\/uploads\/2026\/01\/cropped-fumot-logo1.png\",\"contentUrl\":\"https:\/\/fumot.uk\/wp-content\/uploads\/2026\/01\/cropped-fumot-logo1.png\",\"width\":152,\"height\":106,\"caption\":\"Fumot Official Direct | Straight from the Factory, 100% Genuine\"},\"image\":{\"@id\":\"https:\/\/fumot.uk\/#\/schema\/logo\/image\/\"}}]}<\/script>\n<!-- \/ Yoast SEO plugin. -->","yoast_head_json":{"title":"JNR RageGorilla 55000 Mansikka Vesimeloni J\u00e4\u00e4 | fumot.uk","description":"JNR RageGorilla 55000 Puffs Mansikka Vesimeloni J\u00e4\u00e4: mansikka + vesimeloni viile\u00e4ll\u00e4 j\u00e4\u00e4viimeistelyll\u00e4. Kaksinkertainen verkkok\u00e4\u00e4mi, \u00e4lyn\u00e4ytt\u00f6, 42ml, 950mAh, Type\u2011C.","robots":{"index":"index","follow":"follow","max-snippet":"max-snippet:-1","max-image-preview":"max-image-preview:large","max-video-preview":"max-video-preview:-1"},"canonical":"https:\/\/fumot.uk\/fi\/product\/strawberry-watermelon-ice-jnr-ragegorilla-55000-puffs\/","og_locale":"fi_FI","og_type":"article","og_title":"Strawberry Watermelon Ice \u2013 JNR RageGorilla 55000 Puffs","og_description":"A chilled fruit blend of strawberry and watermelon with an icy finish. Dual Mesh Coil + Smart Display, 42ml e\u2011liquid, 950mAh rechargeable, Type\u2011C fast charging.","og_url":"https:\/\/fumot.uk\/fi\/product\/strawberry-watermelon-ice-jnr-ragegorilla-55000-puffs\/","og_site_name":"Fumot Official Direct | Straight from the Factory, 100% Genuine","article_modified_time":"2026-01-21T06:29:22+00:00","og_image":[{"width":800,"height":800,"url":"https:\/\/fumot.uk\/wp-content\/uploads\/2026\/01\/JNR-RageGorilla-55000-Puffs-Strawberry-Watermelon-Ice-disposable-e-cigarette.jpg","type":"image\/jpeg"}],"twitter_card":"summary_large_image","twitter_misc":{"Arvioitu lukuaika":"1 minuutti"},"schema":{"@context":"https:\/\/schema.org","@graph":[{"@type":"WebPage","@id":"https:\/\/fumot.uk\/product\/strawberry-watermelon-ice-jnr-ragegorilla-55000-puffs\/","url":"https:\/\/fumot.uk\/product\/strawberry-watermelon-ice-jnr-ragegorilla-55000-puffs\/","name":"JNR RageGorilla 55000 Strawberry Watermelon Ice | fumot.uk","isPartOf":{"@id":"https:\/\/fumot.uk\/#website"},"primaryImageOfPage":{"@id":"https:\/\/fumot.uk\/product\/strawberry-watermelon-ice-jnr-ragegorilla-55000-puffs\/#primaryimage"},"image":{"@id":"https:\/\/fumot.uk\/product\/strawberry-watermelon-ice-jnr-ragegorilla-55000-puffs\/#primaryimage"},"thumbnailUrl":"https:\/\/fumot.uk\/wp-content\/uploads\/2026\/01\/JNR-RageGorilla-55000-Puffs-Strawberry-Watermelon-Ice-disposable-e-cigarette.jpg","datePublished":"2026-01-21T04:11:14+00:00","dateModified":"2026-01-21T06:29:22+00:00","description":"JNR RageGorilla 55000 Puffs Strawberry Watermelon Ice: strawberry + watermelon with a cool ice finish. Dual Mesh Coil, Smart Display, 42ml, 950mAh, Type\u2011C.","breadcrumb":{"@id":"https:\/\/fumot.uk\/product\/strawberry-watermelon-ice-jnr-ragegorilla-55000-puffs\/#breadcrumb"},"inLanguage":"fi","potentialAction":[{"@type":"ReadAction","target":["https:\/\/fumot.uk\/product\/strawberry-watermelon-ice-jnr-ragegorilla-55000-puffs\/"]}]},{"@type":"ImageObject","inLanguage":"fi","@id":"https:\/\/fumot.uk\/product\/strawberry-watermelon-ice-jnr-ragegorilla-55000-puffs\/#primaryimage","url":"https:\/\/fumot.uk\/wp-content\/uploads\/2026\/01\/JNR-RageGorilla-55000-Puffs-Strawberry-Watermelon-Ice-disposable-e-cigarette.jpg","contentUrl":"https:\/\/fumot.uk\/wp-content\/uploads\/2026\/01\/JNR-RageGorilla-55000-Puffs-Strawberry-Watermelon-Ice-disposable-e-cigarette.jpg","width":800,"height":800},{"@type":"BreadcrumbList","@id":"https:\/\/fumot.uk\/product\/strawberry-watermelon-ice-jnr-ragegorilla-55000-puffs\/#breadcrumb","itemListElement":[{"@type":"ListItem","position":1,"name":"Home","item":"https:\/\/fumot.uk\/"},{"@type":"ListItem","position":2,"name":"Shop","item":"https:\/\/fumot.uk\/shop\/"},{"@type":"ListItem","position":3,"name":"JNR RageGorilla 55000 Puffs Strawberry Watermelon Ice \u2013 Dual Mesh, Smart Display, Type\u2011C"}]},{"@type":"WebSite","@id":"https:\/\/fumot.uk\/#website","url":"https:\/\/fumot.uk\/","name":"Fumot Official Direct | Suoraan tehtaalta, 100% Aito","description":"Official Website","publisher":{"@id":"https:\/\/fumot.uk\/#organization"},"potentialAction":[{"@type":"SearchAction","target":{"@type":"EntryPoint","urlTemplate":"https:\/\/fumot.uk\/?s={search_term_string}"},"query-input":{"@type":"PropertyValueSpecification","valueRequired":true,"valueName":"search_term_string"}}],"inLanguage":"fi"},{"@type":"Organization","@id":"https:\/\/fumot.uk\/#organization","name":"Fumot Official Direct | Suoraan tehtaalta, 100% Aito","url":"https:\/\/fumot.uk\/","logo":{"@type":"ImageObject","inLanguage":"fi","@id":"https:\/\/fumot.uk\/#\/schema\/logo\/image\/","url":"https:\/\/fumot.uk\/wp-content\/uploads\/2026\/01\/cropped-fumot-logo1.png","contentUrl":"https:\/\/fumot.uk\/wp-content\/uploads\/2026\/01\/cropped-fumot-logo1.png","width":152,"height":106,"caption":"Fumot Official Direct | Straight from the Factory, 100% Genuine"},"image":{"@id":"https:\/\/fumot.uk\/#\/schema\/logo\/image\/"}}]}},"_links":{"self":[{"href":"https:\/\/fumot.uk\/fi\/wp-json\/wp\/v2\/product\/4526","targetHints":{"allow":["GET"]}}],"collection":[{"href":"https:\/\/fumot.uk\/fi\/wp-json\/wp\/v2\/product"}],"about":[{"href":"https:\/\/fumot.uk\/fi\/wp-json\/wp\/v2\/types\/product"}],"replies":[{"embeddable":true,"href":"https:\/\/fumot.uk\/fi\/wp-json\/wp\/v2\/comments?post=4526"}],"wp:featuredmedia":[{"embeddable":true,"href":"https:\/\/fumot.uk\/fi\/wp-json\/wp\/v2\/media\/4555"}],"wp:attachment":[{"href":"https:\/\/fumot.uk\/fi\/wp-json\/wp\/v2\/media?parent=4526"}],"wp:term":[{"taxonomy":"product_brand","embeddable":true,"href":"https:\/\/fumot.uk\/fi\/wp-json\/wp\/v2\/product_brand?post=4526"},{"taxonomy":"product_cat","embeddable":true,"href":"https:\/\/fumot.uk\/fi\/wp-json\/wp\/v2\/product_cat?post=4526"},{"taxonomy":"product_tag","embeddable":true,"href":"https:\/\/fumot.uk\/fi\/wp-json\/wp\/v2\/product_tag?post=4526"}],"curies":[{"name":"wp","href":"https:\/\/api.w.org\/{rel}","templated":true}]}}