{"id":4517,"date":"2026-01-21T04:11:12","date_gmt":"2026-01-21T04:11:12","guid":{"rendered":"https:\/\/fumot.uk\/?post_type=product&#038;p=4517"},"modified":"2026-01-21T04:14:31","modified_gmt":"2026-01-21T04:14:31","slug":"watermelon-lce-jnr-tank-pro-33000-puffs","status":"publish","type":"product","link":"https:\/\/fumot.uk\/fi\/product\/watermelon-lce-jnr-tank-pro-33000-puffs\/","title":{"rendered":"Vesimeloni lce-JNR TANK PRO 33000 Puhallusta"},"content":{"rendered":"<h4 data-start=\"0\" data-end=\"47\">JNR TANK PRO 33000 Puffs \u2013 <strong data-start=\"27\" data-end=\"45\">Vesimeloni J\u00e4\u00e4<\/strong><\/h4>\n<p data-start=\"49\" data-end=\"399\">Der <strong data-start=\"53\" data-end=\"96\">JNR TANK PRO 33000 Puffs Vesimeloni J\u00e4\u00e4<\/strong> Maku on kuin virkist\u00e4v\u00e4n makea sekoitus mehukasta vesimelonia, jossa on ripaus j\u00e4ist\u00e4 raikkautta, joka el\u00e4v\u00f6itt\u00e4\u00e4 aisteja. Ensin avautuu intensiivinen, hedelm\u00e4inen vesimeloniaromi, jota seuraa viile\u00e4, virkist\u00e4v\u00e4 s\u00e4vy, joka tarjoaa ainutlaatuisen, monikerroksisen h\u00f6yrykokemuksen.<\/p>\n<h4 data-start=\"401\" data-end=\"455\"><strong data-start=\"401\" data-end=\"453\">Vesimeloni J\u00e4\u00e4 \u2013 Hedelm\u00e4llisen makea &amp; virkist\u00e4v\u00e4n viile\u00e4<\/strong><\/h4>\n<p data-start=\"457\" data-end=\"943\" data-is-last-node=\"\" data-is-only-node=\"\">Der <strong data-start=\"461\" data-end=\"504\">JNR TANK PRO 33000 Puffs Vesimeloni J\u00e4\u00e4<\/strong> Maku yhdist\u00e4\u00e4 vesimelonin mehukkaan makeuden el\u00e4v\u00f6itt\u00e4v\u00e4\u00e4n, j\u00e4iseen raikkauteen. Hedelm\u00e4inen aromi avautuu intensiivisesti sis\u00e4\u00e4nhengitett\u00e4ess\u00e4, jota seuraa viile\u00e4, virkist\u00e4v\u00e4 j\u00e4lkimaku. <strong data-start=\"712\" data-end=\"742\">Kaksinkertainen Mesh Coil -teknologia<\/strong> takaa tasaisen, t\u00e4ytel\u00e4isen h\u00f6yryn, samalla kun <strong data-start=\"796\" data-end=\"811\">33 000 hengenvetoa<\/strong>, joka <strong data-start=\"817\" data-end=\"832\">LED-n\u00e4ytt\u00f6<\/strong> ja <strong data-start=\"841\" data-end=\"872\">Type-C-pikalatausliit\u00e4nt\u00e4<\/strong> varmistavat mukavan ja jatkuvasti intensiivisen h\u00f6yrykokemuksen.<\/p>\n<h4>JNR TANK PRO 33000 Puffs:n perusominaisuudet:<\/h4>\n<p>\u2705Hengenvetoa: <a href=\"https:\/\/ultravape.de\/product-category\/33000-puff\/\">33 000 hengenvetoa<\/a><br \/>\n\u2705Kaksinkertainen Mesh Coil<br \/>\n\u2705E-neste: Todellinen 28 ml<br \/>\n\u2705Nikotiini:2%\/5%<br \/>\n\u2705Akku:850mah<br \/>\n\u2705Ladattava:Type-C latausportti<br \/>\n\u2705LED-n\u00e4ytt\u00f6 (\u00c4lyk\u00e4s n\u00e4ytt\u00f6)<br \/>\n<strong>\u2705<\/strong>Ilmaisee selv\u00e4sti akun ja e-nesteen tason<br \/>\n<strong>\u2705<\/strong>Tehon s\u00e4\u00e4t\u00f6:15W&amp;20W<\/p>\n<p>Jos haluat tutustua makujen monipuolisuuteen <strong data-start=\"51\" data-end=\"79\">JNR TANK PRO 33000 Puffs<\/strong> ja oppia lis\u00e4\u00e4 yksitt\u00e4isist\u00e4 aromeista, vieraile <a href=\"https:\/\/ultravape.de\/product-category\/jnr-tank-pro-33000-puffs\/\"><strong data-start=\"163\" data-end=\"175\">JNR TANK<\/strong><\/a> sivulla, josta l\u00f6yd\u00e4t kattavia tietoja ja hy\u00f6dyllisi\u00e4 suosituksia.<\/p>","protected":false},"excerpt":{"rendered":"<p>JNR TANK PRO 33000 Puffs \u2013 Watermelon Ice Der JNR TANK PRO 33000 Puffs Watermelon Ice Geschmack ist wie ein erfrischend s\u00fc\u00dfer Mix aus saftiger Wassermelone mit einem Hauch eisiger Frische, der die Sinne belebt. Zuerst entfaltet sich ein intensives, fruchtiges Wassermelonenaroma, gefolgt von einer k\u00fchlen, erfrischenden Note, die ein einzigartiges, vielschichtiges Dampferlebnis bietet. Watermelon [\u2026]<\/p>","protected":false},"featured_media":4547,"comment_status":"open","ping_status":"closed","template":"","meta":[],"product_brand":[],"product_cat":[217,218,17],"product_tag":[70,124,71,20,21,72,23,73,29,26,62,32],"class_list":{"0":"post-4517","1":"product","2":"type-product","3":"status-publish","4":"has-post-thumbnail","6":"product_cat-33000-puff","7":"product_cat-jnr-tank-pro-33000-puffs","8":"product_cat-vape","9":"product_tag-2-nikotin","10":"product_tag-28ml","11":"product_tag-5-nikotin","12":"product_tag-850mah","13":"product_tag-adjustable-airflow","14":"product_tag-direct-to-lung","15":"product_tag-display","16":"product_tag-dual-mesh","17":"product_tag-ice","18":"product_tag-rechargeable","19":"product_tag-sale-vape","20":"product_tag-watermelon","22":"first","23":"instock","24":"sale","25":"shipping-taxable","26":"purchasable","27":"product-type-variable","28":"has-default-attributes"},"yoast_head":"<!-- This site is optimized with the Yoast SEO plugin v26.8 - https:\/\/yoast.com\/product\/yoast-seo-wordpress\/ -->\n<title>Vesimeloni lce-JNR TANK PRO 33000 Puffs - Fumot Official Direct | Suoraan tehtaalta, 100% Aito<\/title>\n<meta name=\"robots\" content=\"index, follow, max-snippet:-1, max-image-preview:large, max-video-preview:-1\" \/>\n<link rel=\"canonical\" href=\"https:\/\/fumot.uk\/fi\/product\/watermelon-lce-jnr-tank-pro-33000-puffs\/\" \/>\n<meta property=\"og:locale\" content=\"fi_FI\" \/>\n<meta property=\"og:type\" content=\"article\" \/>\n<meta property=\"og:title\" content=\"Watermelon lce-JNR TANK PRO 33000 Puffs - Fumot Official Direct | Straight from the Factory, 100% Genuine\" \/>\n<meta property=\"og:description\" content=\"JNR TANK PRO 33000 Puffs \u2013 Watermelon Ice Der JNR TANK PRO 33000 Puffs Watermelon Ice Geschmack ist wie ein erfrischend s\u00fc\u00dfer Mix aus saftiger Wassermelone mit einem Hauch eisiger Frische, der die Sinne belebt. Zuerst entfaltet sich ein intensives, fruchtiges Wassermelonenaroma, gefolgt von einer k\u00fchlen, erfrischenden Note, die ein einzigartiges, vielschichtiges Dampferlebnis bietet. Watermelon [&hellip;]\" \/>\n<meta property=\"og:url\" content=\"https:\/\/fumot.uk\/fi\/product\/watermelon-lce-jnr-tank-pro-33000-puffs\/\" \/>\n<meta property=\"og:site_name\" content=\"Fumot Official Direct | Straight from the Factory, 100% Genuine\" \/>\n<meta property=\"article:modified_time\" content=\"2026-01-21T04:14:31+00:00\" \/>\n<meta name=\"twitter:card\" content=\"summary_large_image\" \/>\n<meta name=\"twitter:label1\" content=\"Arvioitu lukuaika\" \/>\n\t<meta name=\"twitter:data1\" content=\"1 minuutti\" \/>\n<script type=\"application\/ld+json\" class=\"yoast-schema-graph\">{\"@context\":\"https:\/\/schema.org\",\"@graph\":[{\"@type\":\"WebPage\",\"@id\":\"https:\/\/fumot.uk\/product\/watermelon-lce-jnr-tank-pro-33000-puffs\/\",\"url\":\"https:\/\/fumot.uk\/product\/watermelon-lce-jnr-tank-pro-33000-puffs\/\",\"name\":\"Watermelon lce-JNR TANK PRO 33000 Puffs - Fumot Official Direct | Straight from the Factory, 100% Genuine\",\"isPartOf\":{\"@id\":\"https:\/\/fumot.uk\/#website\"},\"primaryImageOfPage\":{\"@id\":\"https:\/\/fumot.uk\/product\/watermelon-lce-jnr-tank-pro-33000-puffs\/#primaryimage\"},\"image\":{\"@id\":\"https:\/\/fumot.uk\/product\/watermelon-lce-jnr-tank-pro-33000-puffs\/#primaryimage\"},\"thumbnailUrl\":\"https:\/\/fumot.uk\/wp-content\/uploads\/2026\/01\/Watermelon-Ice-JNR-TANK-PRO-33000-Puffs-Disposable-Vape.jpg\",\"datePublished\":\"2026-01-21T04:11:12+00:00\",\"dateModified\":\"2026-01-21T04:14:31+00:00\",\"breadcrumb\":{\"@id\":\"https:\/\/fumot.uk\/product\/watermelon-lce-jnr-tank-pro-33000-puffs\/#breadcrumb\"},\"inLanguage\":\"fi\",\"potentialAction\":[{\"@type\":\"ReadAction\",\"target\":[\"https:\/\/fumot.uk\/product\/watermelon-lce-jnr-tank-pro-33000-puffs\/\"]}]},{\"@type\":\"ImageObject\",\"inLanguage\":\"fi\",\"@id\":\"https:\/\/fumot.uk\/product\/watermelon-lce-jnr-tank-pro-33000-puffs\/#primaryimage\",\"url\":\"https:\/\/fumot.uk\/wp-content\/uploads\/2026\/01\/Watermelon-Ice-JNR-TANK-PRO-33000-Puffs-Disposable-Vape.jpg\",\"contentUrl\":\"https:\/\/fumot.uk\/wp-content\/uploads\/2026\/01\/Watermelon-Ice-JNR-TANK-PRO-33000-Puffs-Disposable-Vape.jpg\",\"width\":800,\"height\":800},{\"@type\":\"BreadcrumbList\",\"@id\":\"https:\/\/fumot.uk\/product\/watermelon-lce-jnr-tank-pro-33000-puffs\/#breadcrumb\",\"itemListElement\":[{\"@type\":\"ListItem\",\"position\":1,\"name\":\"Home\",\"item\":\"https:\/\/fumot.uk\/\"},{\"@type\":\"ListItem\",\"position\":2,\"name\":\"Shop\",\"item\":\"https:\/\/fumot.uk\/shop\/\"},{\"@type\":\"ListItem\",\"position\":3,\"name\":\"Watermelon lce-JNR TANK PRO 33000 Puffs\"}]},{\"@type\":\"WebSite\",\"@id\":\"https:\/\/fumot.uk\/#website\",\"url\":\"https:\/\/fumot.uk\/\",\"name\":\"Fumot Official Direct | Straight from the Factory, 100% Genuine\",\"description\":\"Official Website\",\"publisher\":{\"@id\":\"https:\/\/fumot.uk\/#organization\"},\"potentialAction\":[{\"@type\":\"SearchAction\",\"target\":{\"@type\":\"EntryPoint\",\"urlTemplate\":\"https:\/\/fumot.uk\/?s={search_term_string}\"},\"query-input\":{\"@type\":\"PropertyValueSpecification\",\"valueRequired\":true,\"valueName\":\"search_term_string\"}}],\"inLanguage\":\"fi\"},{\"@type\":\"Organization\",\"@id\":\"https:\/\/fumot.uk\/#organization\",\"name\":\"Fumot Official Direct | Straight from the Factory, 100% Genuine\",\"url\":\"https:\/\/fumot.uk\/\",\"logo\":{\"@type\":\"ImageObject\",\"inLanguage\":\"fi\",\"@id\":\"https:\/\/fumot.uk\/#\/schema\/logo\/image\/\",\"url\":\"https:\/\/fumot.uk\/wp-content\/uploads\/2026\/01\/cropped-fumot-logo1.png\",\"contentUrl\":\"https:\/\/fumot.uk\/wp-content\/uploads\/2026\/01\/cropped-fumot-logo1.png\",\"width\":152,\"height\":106,\"caption\":\"Fumot Official Direct | Straight from the Factory, 100% Genuine\"},\"image\":{\"@id\":\"https:\/\/fumot.uk\/#\/schema\/logo\/image\/\"}}]}<\/script>\n<!-- \/ Yoast SEO plugin. -->","yoast_head_json":{"title":"Vesimeloni lce-JNR TANK PRO 33000 Puffs - Fumot Official Direct | Suoraan tehtaalta, 100% Aito","robots":{"index":"index","follow":"follow","max-snippet":"max-snippet:-1","max-image-preview":"max-image-preview:large","max-video-preview":"max-video-preview:-1"},"canonical":"https:\/\/fumot.uk\/fi\/product\/watermelon-lce-jnr-tank-pro-33000-puffs\/","og_locale":"fi_FI","og_type":"article","og_title":"Watermelon lce-JNR TANK PRO 33000 Puffs - Fumot Official Direct | Straight from the Factory, 100% Genuine","og_description":"JNR TANK PRO 33000 Puffs \u2013 Watermelon Ice Der JNR TANK PRO 33000 Puffs Watermelon Ice Geschmack ist wie ein erfrischend s\u00fc\u00dfer Mix aus saftiger Wassermelone mit einem Hauch eisiger Frische, der die Sinne belebt. Zuerst entfaltet sich ein intensives, fruchtiges Wassermelonenaroma, gefolgt von einer k\u00fchlen, erfrischenden Note, die ein einzigartiges, vielschichtiges Dampferlebnis bietet. Watermelon [&hellip;]","og_url":"https:\/\/fumot.uk\/fi\/product\/watermelon-lce-jnr-tank-pro-33000-puffs\/","og_site_name":"Fumot Official Direct | Straight from the Factory, 100% Genuine","article_modified_time":"2026-01-21T04:14:31+00:00","twitter_card":"summary_large_image","twitter_misc":{"Arvioitu lukuaika":"1 minuutti"},"schema":{"@context":"https:\/\/schema.org","@graph":[{"@type":"WebPage","@id":"https:\/\/fumot.uk\/product\/watermelon-lce-jnr-tank-pro-33000-puffs\/","url":"https:\/\/fumot.uk\/product\/watermelon-lce-jnr-tank-pro-33000-puffs\/","name":"Vesimeloni lce-JNR TANK PRO 33000 Puhallusta - Fumot Virallinen Suora | Suoraan Tehtaalta, 100% Aito","isPartOf":{"@id":"https:\/\/fumot.uk\/#website"},"primaryImageOfPage":{"@id":"https:\/\/fumot.uk\/product\/watermelon-lce-jnr-tank-pro-33000-puffs\/#primaryimage"},"image":{"@id":"https:\/\/fumot.uk\/product\/watermelon-lce-jnr-tank-pro-33000-puffs\/#primaryimage"},"thumbnailUrl":"https:\/\/fumot.uk\/wp-content\/uploads\/2026\/01\/Watermelon-Ice-JNR-TANK-PRO-33000-Puffs-Disposable-Vape.jpg","datePublished":"2026-01-21T04:11:12+00:00","dateModified":"2026-01-21T04:14:31+00:00","breadcrumb":{"@id":"https:\/\/fumot.uk\/product\/watermelon-lce-jnr-tank-pro-33000-puffs\/#breadcrumb"},"inLanguage":"fi","potentialAction":[{"@type":"ReadAction","target":["https:\/\/fumot.uk\/product\/watermelon-lce-jnr-tank-pro-33000-puffs\/"]}]},{"@type":"ImageObject","inLanguage":"fi","@id":"https:\/\/fumot.uk\/product\/watermelon-lce-jnr-tank-pro-33000-puffs\/#primaryimage","url":"https:\/\/fumot.uk\/wp-content\/uploads\/2026\/01\/Watermelon-Ice-JNR-TANK-PRO-33000-Puffs-Disposable-Vape.jpg","contentUrl":"https:\/\/fumot.uk\/wp-content\/uploads\/2026\/01\/Watermelon-Ice-JNR-TANK-PRO-33000-Puffs-Disposable-Vape.jpg","width":800,"height":800},{"@type":"BreadcrumbList","@id":"https:\/\/fumot.uk\/product\/watermelon-lce-jnr-tank-pro-33000-puffs\/#breadcrumb","itemListElement":[{"@type":"ListItem","position":1,"name":"Home","item":"https:\/\/fumot.uk\/"},{"@type":"ListItem","position":2,"name":"Shop","item":"https:\/\/fumot.uk\/shop\/"},{"@type":"ListItem","position":3,"name":"Watermelon lce-JNR TANK PRO 33000 Puffs"}]},{"@type":"WebSite","@id":"https:\/\/fumot.uk\/#website","url":"https:\/\/fumot.uk\/","name":"Fumot Official Direct | Suoraan tehtaalta, 100% Aito","description":"Official Website","publisher":{"@id":"https:\/\/fumot.uk\/#organization"},"potentialAction":[{"@type":"SearchAction","target":{"@type":"EntryPoint","urlTemplate":"https:\/\/fumot.uk\/?s={search_term_string}"},"query-input":{"@type":"PropertyValueSpecification","valueRequired":true,"valueName":"search_term_string"}}],"inLanguage":"fi"},{"@type":"Organization","@id":"https:\/\/fumot.uk\/#organization","name":"Fumot Official Direct | Suoraan tehtaalta, 100% Aito","url":"https:\/\/fumot.uk\/","logo":{"@type":"ImageObject","inLanguage":"fi","@id":"https:\/\/fumot.uk\/#\/schema\/logo\/image\/","url":"https:\/\/fumot.uk\/wp-content\/uploads\/2026\/01\/cropped-fumot-logo1.png","contentUrl":"https:\/\/fumot.uk\/wp-content\/uploads\/2026\/01\/cropped-fumot-logo1.png","width":152,"height":106,"caption":"Fumot Official Direct | Straight from the Factory, 100% Genuine"},"image":{"@id":"https:\/\/fumot.uk\/#\/schema\/logo\/image\/"}}]}},"_links":{"self":[{"href":"https:\/\/fumot.uk\/fi\/wp-json\/wp\/v2\/product\/4517","targetHints":{"allow":["GET"]}}],"collection":[{"href":"https:\/\/fumot.uk\/fi\/wp-json\/wp\/v2\/product"}],"about":[{"href":"https:\/\/fumot.uk\/fi\/wp-json\/wp\/v2\/types\/product"}],"replies":[{"embeddable":true,"href":"https:\/\/fumot.uk\/fi\/wp-json\/wp\/v2\/comments?post=4517"}],"wp:featuredmedia":[{"embeddable":true,"href":"https:\/\/fumot.uk\/fi\/wp-json\/wp\/v2\/media\/4547"}],"wp:attachment":[{"href":"https:\/\/fumot.uk\/fi\/wp-json\/wp\/v2\/media?parent=4517"}],"wp:term":[{"taxonomy":"product_brand","embeddable":true,"href":"https:\/\/fumot.uk\/fi\/wp-json\/wp\/v2\/product_brand?post=4517"},{"taxonomy":"product_cat","embeddable":true,"href":"https:\/\/fumot.uk\/fi\/wp-json\/wp\/v2\/product_cat?post=4517"},{"taxonomy":"product_tag","embeddable":true,"href":"https:\/\/fumot.uk\/fi\/wp-json\/wp\/v2\/product_tag?post=4517"}],"curies":[{"name":"wp","href":"https:\/\/api.w.org\/{rel}","templated":true}]}}