{"id":4496,"date":"2026-01-21T04:10:49","date_gmt":"2026-01-21T04:10:49","guid":{"rendered":"https:\/\/fumot.uk\/?post_type=product&#038;p=4496"},"modified":"2026-01-21T06:36:10","modified_gmt":"2026-01-21T06:36:10","slug":"peach-mango-pineapple-jnr-tank-pro-33000-puffs","status":"publish","type":"product","link":"https:\/\/fumot.uk\/fi\/product\/peach-mango-pineapple-jnr-tank-pro-33000-puffs\/","title":{"rendered":"JNR TANK PRO Persikka Mango Ananas 33000 Puhallusta Kertak\u00e4ytt\u00f6inen H\u00f6yrystin | 28ml | Kaksinkertainen Verkko | LED-n\u00e4ytt\u00f6"},"content":{"rendered":"<h2>JNR TANK PRO 33000 Puhallusta \u2013 Persikka Mango Ananas<\/h2>\n<p>Tuo saaritunnelmaa jokaiseen vetoon <strong>JNR TANK PRO 33000 Puhallusta Persikka Mango Ananas<\/strong>. T\u00e4m\u00e4 kirkas trooppinen sekoitus kerrostaa <strong>mehukas persikka<\/strong> ja <strong>kyps\u00e4n mangon<\/strong> leopardikuvioisen hohteen <strong>raikkaan ananasviimeistelyn<\/strong>, luoden pehme\u00e4n, hedelm\u00e4isen maun, joka pysyy puhtaana ja eloisana alusta loppuun.<\/p>\n<h3>Makuprofiili: Trooppinen Makea, Raikas Viimeistely<\/h3>\n<p>Sis\u00e4\u00e4nhengitt\u00e4ess\u00e4 persikka ja mango tuovat pehme\u00e4n, karkkimaisen makeuden. Uloshengitt\u00e4ess\u00e4 ananas lis\u00e4\u00e4 kevyemm\u00e4n, pirte\u00e4n nosteen tasapainoiseen, raikkaaseen makuun\u2014ihanteellinen, jos rakastat <strong>mango-vapea<\/strong>, <strong>persikka vape<\/strong>, tai <strong>ananas-kertak\u00e4ytt\u00f6vapea<\/strong> makuja.<\/p>\n<h3>Valmistettu Tasaiselle, T\u00e4ydelle Maulle<\/h3>\n<p>Toimii <strong>Dual Mesh Coil<\/strong>, JNR TANK PRO on suunniteltu pit\u00e4m\u00e4\u00e4n h\u00f6yry pehme\u00e4n\u00e4 ja maku tasaisena. <strong>LED-\u00e4lyn\u00e4ytt\u00f6<\/strong> n\u00e4ytt\u00e4\u00e4 selke\u00e4sti <strong>akun<\/strong> ja <strong>e-nesteen tasot<\/strong>, joten tied\u00e4t aina miss\u00e4 menn\u00e4\u00e4n.<\/p>\n<h3>Key Features<\/h3>\n<ul>\n<li><strong>Vedot:<\/strong> Jopa 33000<\/li>\n<li><strong>E-neste:<\/strong> Todellinen 28ml<\/li>\n<li><strong>Nikotiinivaihtoehdot:<\/strong> 2% \/ 5%<\/li>\n<li><strong>K\u00e4\u00e4mi:<\/strong> Dual Mesh Coil<\/li>\n<li><strong>Akku:<\/strong> 850mAh<\/li>\n<li><strong>Lataus:<\/strong> Type-C pikalataus<\/li>\n<li><strong>N\u00e4ytt\u00f6:<\/strong> LED-n\u00e4ytt\u00f6 (\u00c4lyn\u00e4ytt\u00f6) \u2013 akun ja e-nesteen ilmaisin<\/li>\n<li><strong>Tehon S\u00e4\u00e4d\u00f6t:<\/strong> 15W \/ 20W<\/li>\n<\/ul>\n<p>Haluatko tutkia lis\u00e4\u00e4 makuja ja versioita? Vieraile <a href=\"https:\/\/fumot.uk\/fi\/\">fumot.uk<\/a> myym\u00e4l\u00e4ss\u00e4mme uusimpia julkaisuja ja saatavuutta varten.<\/p>\n<p><strong>Huomautus:<\/strong> Puffien m\u00e4\u00e4r\u00e4 voi vaihdella k\u00e4ytt\u00f6tottumusten mukaan.<\/p>","protected":false},"excerpt":{"rendered":"<p>Trooppinen Persikka Mango Ananas JNR TANK PRO 33000 Puffs kertak\u00e4ytt\u00f6isess\u00e4 vape-laitteessa\u201428ml e-nestett\u00e4, Kaksinkertainen Mesh-k\u00e4\u00e4mi, LED-n\u00e4ytt\u00f6, 850mAh akku, Type\u2011C lataus, 15W\/20W.<\/p>","protected":false},"featured_media":4544,"comment_status":"open","ping_status":"closed","template":"","meta":[],"product_brand":[],"product_cat":[217,218,17],"product_tag":[70,124,71,20,21,72,23,73,42,30,35,26,62],"class_list":{"0":"post-4496","1":"product","2":"type-product","3":"status-publish","4":"has-post-thumbnail","6":"product_cat-33000-puff","7":"product_cat-jnr-tank-pro-33000-puffs","8":"product_cat-vape","9":"product_tag-2-nikotin","10":"product_tag-28ml","11":"product_tag-5-nikotin","12":"product_tag-850mah","13":"product_tag-adjustable-airflow","14":"product_tag-direct-to-lung","15":"product_tag-display","16":"product_tag-dual-mesh","17":"product_tag-mango","18":"product_tag-peach","19":"product_tag-pineapple","20":"product_tag-rechargeable","21":"product_tag-sale-vape","23":"first","24":"instock","25":"sale","26":"shipping-taxable","27":"purchasable","28":"product-type-variable","29":"has-default-attributes"},"yoast_head":"<!-- This site is optimized with the Yoast SEO plugin v26.8 - https:\/\/yoast.com\/product\/yoast-seo-wordpress\/ -->\n<title>JNR TANK PRO Persikka Mango Ananas 33000 Puhallusta<\/title>\n<meta name=\"description\" content=\"JNR TANK PRO 33000 Puffs Peach Mango Pineapple: trooppinen persikka &amp; mango rapealla ananaksen vivahteella. 28ml, Dual Mesh, LED-n\u00e4ytt\u00f6, 850mAh, Type\u2011C.\" \/>\n<meta name=\"robots\" content=\"index, follow, max-snippet:-1, max-image-preview:large, max-video-preview:-1\" \/>\n<link rel=\"canonical\" href=\"https:\/\/fumot.uk\/fi\/product\/peach-mango-pineapple-jnr-tank-pro-33000-puffs\/\" \/>\n<meta property=\"og:locale\" content=\"fi_FI\" \/>\n<meta property=\"og:type\" content=\"article\" \/>\n<meta property=\"og:title\" content=\"Peach Mango Pineapple \u2013 JNR TANK PRO 33000 Puffs\" \/>\n<meta property=\"og:description\" content=\"A juicy tropical mix of peach, mango and pineapple with a refreshing finish. Dual Mesh, 28ml, LED smart screen, Type\u2011C charging.\" \/>\n<meta property=\"og:url\" content=\"https:\/\/fumot.uk\/fi\/product\/peach-mango-pineapple-jnr-tank-pro-33000-puffs\/\" \/>\n<meta property=\"og:site_name\" content=\"Fumot Official Direct | Straight from the Factory, 100% Genuine\" \/>\n<meta property=\"article:modified_time\" content=\"2026-01-21T06:36:10+00:00\" \/>\n<meta property=\"og:image\" content=\"https:\/\/fumot.uk\/wp-content\/uploads\/2026\/01\/Peach-Mango-Pineapple-JNR-TANK-PRO-33000-Puffs-Disposable-Vape.jpg\" \/>\n\t<meta property=\"og:image:width\" content=\"800\" \/>\n\t<meta property=\"og:image:height\" content=\"800\" \/>\n\t<meta property=\"og:image:type\" content=\"image\/jpeg\" \/>\n<meta name=\"twitter:card\" content=\"summary_large_image\" \/>\n<meta name=\"twitter:label1\" content=\"Arvioitu lukuaika\" \/>\n\t<meta name=\"twitter:data1\" content=\"1 minuutti\" \/>\n<script type=\"application\/ld+json\" class=\"yoast-schema-graph\">{\"@context\":\"https:\/\/schema.org\",\"@graph\":[{\"@type\":\"WebPage\",\"@id\":\"https:\/\/fumot.uk\/product\/peach-mango-pineapple-jnr-tank-pro-33000-puffs\/\",\"url\":\"https:\/\/fumot.uk\/product\/peach-mango-pineapple-jnr-tank-pro-33000-puffs\/\",\"name\":\"JNR TANK PRO Peach Mango Pineapple 33000 Puffs\",\"isPartOf\":{\"@id\":\"https:\/\/fumot.uk\/#website\"},\"primaryImageOfPage\":{\"@id\":\"https:\/\/fumot.uk\/product\/peach-mango-pineapple-jnr-tank-pro-33000-puffs\/#primaryimage\"},\"image\":{\"@id\":\"https:\/\/fumot.uk\/product\/peach-mango-pineapple-jnr-tank-pro-33000-puffs\/#primaryimage\"},\"thumbnailUrl\":\"https:\/\/fumot.uk\/wp-content\/uploads\/2026\/01\/Peach-Mango-Pineapple-JNR-TANK-PRO-33000-Puffs-Disposable-Vape.jpg\",\"datePublished\":\"2026-01-21T04:10:49+00:00\",\"dateModified\":\"2026-01-21T06:36:10+00:00\",\"description\":\"JNR TANK PRO 33000 Puffs Peach Mango Pineapple: tropical peach & mango with a crisp pineapple finish. 28ml, Dual Mesh, LED screen, 850mAh, Type\u2011C.\",\"breadcrumb\":{\"@id\":\"https:\/\/fumot.uk\/product\/peach-mango-pineapple-jnr-tank-pro-33000-puffs\/#breadcrumb\"},\"inLanguage\":\"fi\",\"potentialAction\":[{\"@type\":\"ReadAction\",\"target\":[\"https:\/\/fumot.uk\/product\/peach-mango-pineapple-jnr-tank-pro-33000-puffs\/\"]}]},{\"@type\":\"ImageObject\",\"inLanguage\":\"fi\",\"@id\":\"https:\/\/fumot.uk\/product\/peach-mango-pineapple-jnr-tank-pro-33000-puffs\/#primaryimage\",\"url\":\"https:\/\/fumot.uk\/wp-content\/uploads\/2026\/01\/Peach-Mango-Pineapple-JNR-TANK-PRO-33000-Puffs-Disposable-Vape.jpg\",\"contentUrl\":\"https:\/\/fumot.uk\/wp-content\/uploads\/2026\/01\/Peach-Mango-Pineapple-JNR-TANK-PRO-33000-Puffs-Disposable-Vape.jpg\",\"width\":800,\"height\":800},{\"@type\":\"BreadcrumbList\",\"@id\":\"https:\/\/fumot.uk\/product\/peach-mango-pineapple-jnr-tank-pro-33000-puffs\/#breadcrumb\",\"itemListElement\":[{\"@type\":\"ListItem\",\"position\":1,\"name\":\"Home\",\"item\":\"https:\/\/fumot.uk\/\"},{\"@type\":\"ListItem\",\"position\":2,\"name\":\"Shop\",\"item\":\"https:\/\/fumot.uk\/shop\/\"},{\"@type\":\"ListItem\",\"position\":3,\"name\":\"JNR TANK PRO Peach Mango Pineapple 33000 Puffs Disposable Vape | 28ml | Dual Mesh | LED Screen\"}]},{\"@type\":\"WebSite\",\"@id\":\"https:\/\/fumot.uk\/#website\",\"url\":\"https:\/\/fumot.uk\/\",\"name\":\"Fumot Official Direct | Straight from the Factory, 100% Genuine\",\"description\":\"Official Website\",\"publisher\":{\"@id\":\"https:\/\/fumot.uk\/#organization\"},\"potentialAction\":[{\"@type\":\"SearchAction\",\"target\":{\"@type\":\"EntryPoint\",\"urlTemplate\":\"https:\/\/fumot.uk\/?s={search_term_string}\"},\"query-input\":{\"@type\":\"PropertyValueSpecification\",\"valueRequired\":true,\"valueName\":\"search_term_string\"}}],\"inLanguage\":\"fi\"},{\"@type\":\"Organization\",\"@id\":\"https:\/\/fumot.uk\/#organization\",\"name\":\"Fumot Official Direct | Straight from the Factory, 100% Genuine\",\"url\":\"https:\/\/fumot.uk\/\",\"logo\":{\"@type\":\"ImageObject\",\"inLanguage\":\"fi\",\"@id\":\"https:\/\/fumot.uk\/#\/schema\/logo\/image\/\",\"url\":\"https:\/\/fumot.uk\/wp-content\/uploads\/2026\/01\/cropped-fumot-logo1.png\",\"contentUrl\":\"https:\/\/fumot.uk\/wp-content\/uploads\/2026\/01\/cropped-fumot-logo1.png\",\"width\":152,\"height\":106,\"caption\":\"Fumot Official Direct | Straight from the Factory, 100% Genuine\"},\"image\":{\"@id\":\"https:\/\/fumot.uk\/#\/schema\/logo\/image\/\"}}]}<\/script>\n<!-- \/ Yoast SEO plugin. -->","yoast_head_json":{"title":"JNR TANK PRO Persikka Mango Ananas 33000 Puhallusta","description":"JNR TANK PRO 33000 Puffs Peach Mango Pineapple: trooppinen persikka & mango rapealla ananaksen vivahteella. 28ml, Dual Mesh, LED-n\u00e4ytt\u00f6, 850mAh, Type\u2011C.","robots":{"index":"index","follow":"follow","max-snippet":"max-snippet:-1","max-image-preview":"max-image-preview:large","max-video-preview":"max-video-preview:-1"},"canonical":"https:\/\/fumot.uk\/fi\/product\/peach-mango-pineapple-jnr-tank-pro-33000-puffs\/","og_locale":"fi_FI","og_type":"article","og_title":"Peach Mango Pineapple \u2013 JNR TANK PRO 33000 Puffs","og_description":"A juicy tropical mix of peach, mango and pineapple with a refreshing finish. Dual Mesh, 28ml, LED smart screen, Type\u2011C charging.","og_url":"https:\/\/fumot.uk\/fi\/product\/peach-mango-pineapple-jnr-tank-pro-33000-puffs\/","og_site_name":"Fumot Official Direct | Straight from the Factory, 100% Genuine","article_modified_time":"2026-01-21T06:36:10+00:00","og_image":[{"width":800,"height":800,"url":"https:\/\/fumot.uk\/wp-content\/uploads\/2026\/01\/Peach-Mango-Pineapple-JNR-TANK-PRO-33000-Puffs-Disposable-Vape.jpg","type":"image\/jpeg"}],"twitter_card":"summary_large_image","twitter_misc":{"Arvioitu lukuaika":"1 minuutti"},"schema":{"@context":"https:\/\/schema.org","@graph":[{"@type":"WebPage","@id":"https:\/\/fumot.uk\/product\/peach-mango-pineapple-jnr-tank-pro-33000-puffs\/","url":"https:\/\/fumot.uk\/product\/peach-mango-pineapple-jnr-tank-pro-33000-puffs\/","name":"JNR TANK PRO Peach Mango Pineapple 33000 Puffs","isPartOf":{"@id":"https:\/\/fumot.uk\/#website"},"primaryImageOfPage":{"@id":"https:\/\/fumot.uk\/product\/peach-mango-pineapple-jnr-tank-pro-33000-puffs\/#primaryimage"},"image":{"@id":"https:\/\/fumot.uk\/product\/peach-mango-pineapple-jnr-tank-pro-33000-puffs\/#primaryimage"},"thumbnailUrl":"https:\/\/fumot.uk\/wp-content\/uploads\/2026\/01\/Peach-Mango-Pineapple-JNR-TANK-PRO-33000-Puffs-Disposable-Vape.jpg","datePublished":"2026-01-21T04:10:49+00:00","dateModified":"2026-01-21T06:36:10+00:00","description":"JNR TANK PRO 33000 Puffs Peach Mango Pineapple: tropical peach &amp; mango with a crisp pineapple finish. 28ml, Dual Mesh, LED screen, 850mAh, Type\u2011C.","breadcrumb":{"@id":"https:\/\/fumot.uk\/product\/peach-mango-pineapple-jnr-tank-pro-33000-puffs\/#breadcrumb"},"inLanguage":"fi","potentialAction":[{"@type":"ReadAction","target":["https:\/\/fumot.uk\/product\/peach-mango-pineapple-jnr-tank-pro-33000-puffs\/"]}]},{"@type":"ImageObject","inLanguage":"fi","@id":"https:\/\/fumot.uk\/product\/peach-mango-pineapple-jnr-tank-pro-33000-puffs\/#primaryimage","url":"https:\/\/fumot.uk\/wp-content\/uploads\/2026\/01\/Peach-Mango-Pineapple-JNR-TANK-PRO-33000-Puffs-Disposable-Vape.jpg","contentUrl":"https:\/\/fumot.uk\/wp-content\/uploads\/2026\/01\/Peach-Mango-Pineapple-JNR-TANK-PRO-33000-Puffs-Disposable-Vape.jpg","width":800,"height":800},{"@type":"BreadcrumbList","@id":"https:\/\/fumot.uk\/product\/peach-mango-pineapple-jnr-tank-pro-33000-puffs\/#breadcrumb","itemListElement":[{"@type":"ListItem","position":1,"name":"Home","item":"https:\/\/fumot.uk\/"},{"@type":"ListItem","position":2,"name":"Shop","item":"https:\/\/fumot.uk\/shop\/"},{"@type":"ListItem","position":3,"name":"JNR TANK PRO Peach Mango Pineapple 33000 Puffs Disposable Vape | 28ml | Dual Mesh | LED Screen"}]},{"@type":"WebSite","@id":"https:\/\/fumot.uk\/#website","url":"https:\/\/fumot.uk\/","name":"Fumot Official Direct | Suoraan tehtaalta, 100% Aito","description":"Official Website","publisher":{"@id":"https:\/\/fumot.uk\/#organization"},"potentialAction":[{"@type":"SearchAction","target":{"@type":"EntryPoint","urlTemplate":"https:\/\/fumot.uk\/?s={search_term_string}"},"query-input":{"@type":"PropertyValueSpecification","valueRequired":true,"valueName":"search_term_string"}}],"inLanguage":"fi"},{"@type":"Organization","@id":"https:\/\/fumot.uk\/#organization","name":"Fumot Official Direct | Suoraan tehtaalta, 100% Aito","url":"https:\/\/fumot.uk\/","logo":{"@type":"ImageObject","inLanguage":"fi","@id":"https:\/\/fumot.uk\/#\/schema\/logo\/image\/","url":"https:\/\/fumot.uk\/wp-content\/uploads\/2026\/01\/cropped-fumot-logo1.png","contentUrl":"https:\/\/fumot.uk\/wp-content\/uploads\/2026\/01\/cropped-fumot-logo1.png","width":152,"height":106,"caption":"Fumot Official Direct | Straight from the Factory, 100% Genuine"},"image":{"@id":"https:\/\/fumot.uk\/#\/schema\/logo\/image\/"}}]}},"_links":{"self":[{"href":"https:\/\/fumot.uk\/fi\/wp-json\/wp\/v2\/product\/4496","targetHints":{"allow":["GET"]}}],"collection":[{"href":"https:\/\/fumot.uk\/fi\/wp-json\/wp\/v2\/product"}],"about":[{"href":"https:\/\/fumot.uk\/fi\/wp-json\/wp\/v2\/types\/product"}],"replies":[{"embeddable":true,"href":"https:\/\/fumot.uk\/fi\/wp-json\/wp\/v2\/comments?post=4496"}],"wp:featuredmedia":[{"embeddable":true,"href":"https:\/\/fumot.uk\/fi\/wp-json\/wp\/v2\/media\/4544"}],"wp:attachment":[{"href":"https:\/\/fumot.uk\/fi\/wp-json\/wp\/v2\/media?parent=4496"}],"wp:term":[{"taxonomy":"product_brand","embeddable":true,"href":"https:\/\/fumot.uk\/fi\/wp-json\/wp\/v2\/product_brand?post=4496"},{"taxonomy":"product_cat","embeddable":true,"href":"https:\/\/fumot.uk\/fi\/wp-json\/wp\/v2\/product_cat?post=4496"},{"taxonomy":"product_tag","embeddable":true,"href":"https:\/\/fumot.uk\/fi\/wp-json\/wp\/v2\/product_tag?post=4496"}],"curies":[{"name":"wp","href":"https:\/\/api.w.org\/{rel}","templated":true}]}}