{"id":4236,"date":"2026-01-21T04:08:29","date_gmt":"2026-01-21T04:08:29","guid":{"rendered":"https:\/\/fumot.uk\/?post_type=product&#038;p=4236"},"modified":"2026-01-21T07:33:17","modified_gmt":"2026-01-21T07:33:17","slug":"jnr-flex-ice-21000-puffs-cherry-cola-e-zigarette-mit-kuhlregulierung","status":"publish","type":"product","link":"https:\/\/fumot.uk\/fi\/product\/jnr-flex-ice-21000-puffs-cherry-cola-e-zigarette-mit-kuhlregulierung\/","title":{"rendered":"JNR FLEX ICE 21000 Puffs Cherry Cola Kertak\u00e4ytt\u00f6inen Vape s\u00e4\u00e4dett\u00e4v\u00e4ll\u00e4 j\u00e4\u00e4kontrollilla (LED-kosketusn\u00e4ytt\u00f6)"},"content":{"rendered":"<h2>JNR FLEX ICE 21000 Puffs \u2013 Kirsikka Cola (S\u00e4\u00e4dett\u00e4v\u00e4 J\u00e4\u00e4hdytys)<\/h2>\n<p>Tapaa maku, joka tuntuu heti tutulta mutta raikkaan uudelta: <strong>Kirsikkakola<\/strong>. . <strong>JNR FLEX ICE 21000 Puffs<\/strong> yhdist\u00e4\u00e4 poreilevan colan tunnelmat mehukkaaseen kirsikan makeuteen, ja antaa sinun hienos\u00e4\u00e4t\u00e4\u00e4 viileytt\u00e4 juuri haluamallasi tavalla\u2014suoraan <strong>LED-kosketusn\u00e4yt\u00f6lt\u00e4<\/strong>.<\/p>\n<h3>\ud83c\udf52\ud83e\udd64 Kirsikka Cola Makuprofiili<\/h3>\n<p><strong>Kirsikkakola<\/strong> tarjoaa kuplivan colan maun pehme\u00e4ll\u00e4, hedelm\u00e4isell\u00e4 kirsikkakerroksella. Se on makea ilman raskasta tunnetta, ja j\u00e4lkimaku pysyy puhtaana ja raikkaana\u2014t\u00e4ydellinen p\u00e4ivitt\u00e4iseen h\u00f6yryttelyyn, kun haluat jotain klassista leikkis\u00e4ll\u00e4 vivahteella.<\/p>\n<h3>\u2744\ufe0f S\u00e4\u00e4dett\u00e4v\u00e4 J\u00e4\u00e4kontrolli LED-kosketusn\u00e4yt\u00f6n kautta<\/h3>\n<p>Yksi <strong>JNR FLEX ICE<\/strong> -sarjan erottuvista ominaisuuksista on <strong>s\u00e4\u00e4dett\u00e4v\u00e4 j\u00e4\u00e4hdytys<\/strong>. K\u00e4yt\u00e4 sis\u00e4\u00e4nrakennettua <strong>kosketusn\u00e4ytt\u00f6<\/strong> asettaaksesi haluamasi raikkauden\u2014kevyest\u00e4, viile\u00e4st\u00e4 tuulenvireest\u00e4 voimakkaampaan j\u00e4iseen iskuun. Ei kiinte\u00e4\u00e4 \u201cliian kylm\u00e4 \/ ei tarpeeksi kylm\u00e4\u201d asetusta\u2014vain taso, joka sopii makuusi.<\/p>\n<h3>\ud83c\udf2c\ufe0f Kaksoisverkko-k\u00e4\u00e4mit pehme\u00e4\u00e4n, t\u00e4ytel\u00e4iseen makuun<\/h3>\n<p>Sen avulla <strong>dual mesh -k\u00e4\u00e4mist\u00e4<\/strong> teknologia, Kirsikka Cola tulee esiin rikkaampana ja kerroksellisempana, tukien <strong>suora-keuhkoon (DTL)<\/strong> tyyli\u00e4 vet\u00e4\u00e4 tyydytt\u00e4v\u00e4ll\u00e4 h\u00f6yryll\u00e4 ja tasaisella maulla alusta loppuun.<\/p>\n<h3>\ud83d\udd0b Suunniteltu pitkiin sessioihin (ladattava Type\u2011C)<\/h3>\n<ul>\n<li><strong>Jopa 21000 henk\u00e4yst\u00e4<\/strong> (suunnitteluarvo) pidennettyyn nautintoon<\/li>\n<li><strong>1000mAh ladattavalla akulla<\/strong> luotettavaan p\u00e4ivitt\u00e4iseen k\u00e4ytt\u00f6\u00f6n<\/li>\n<li><strong>Type\u2011C fast charging<\/strong> jotta p\u00e4\u00e4set takaisin nopeammin<\/li>\n<li><strong>Suuri e-nesteen kapasiteetti: 20+6 ml<\/strong> harvempiin t\u00e4ytt\u00f6ihin ja tasaisempaan imeytymiseen<\/li>\n<\/ul>\n<h3>\u2705 Nikotiinivaihtoehdot<\/h3>\n<p>Valitse vahvuus, joka sopii rutiiniisi: <strong>0%<\/strong>, <strong>2%<\/strong>, tai <strong>5%<\/strong> nikotiini.<\/p>\n<h3>Miksi Kirsikka Cola JNR FLEX ICE:ss\u00e4?<\/h3>\n<ul>\n<li><strong>Klassinen limonadin maku<\/strong> makealla kirsikkalis\u00e4ll\u00e4<\/li>\n<li><strong>J\u00e4\u00e4hdytys, jota hallitset<\/strong> (miedosta eritt\u00e4in j\u00e4iseen)<\/li>\n<li><strong>Moderni LED-kosketusn\u00e4ytt\u00f6<\/strong> premium-tuntumaan ja helppok\u00e4ytt\u00f6isyyteen<\/li>\n<li><strong>Tasainen makutuotto<\/strong> kaksoisverkko-k\u00e4\u00e4mien ansiosta<\/li>\n<\/ul>\n<p>Tutustu lis\u00e4\u00e4 makuihin ja koko JNR FLEX ICE -valikoimaan osoitteessa <a href=\"https:\/\/fumot.uk\/fi\/\">fumot.uk<\/a>.<\/p>","protected":false},"excerpt":{"rendered":"<p>Cherry Cola kohtaa s\u00e4\u00e4dett\u00e4v\u00e4n j\u00e4\u00e4n: JNR FLEX ICE 21000 Puffs kertak\u00e4ytt\u00f6inen vape LED-kosketusn\u00e4yt\u00f6ll\u00e4, kaksoisverkkok\u00e4\u00e4mit, 26ml (20+6ml), 1000mAh Type\u2011C ladattava. 0\/2\/5% nikotiini.<\/p>","protected":false},"featured_media":4246,"comment_status":"open","ping_status":"closed","template":"","meta":[],"product_brand":[],"product_cat":[205,206,17],"product_tag":[84,174,70,207,71,36,40,72,23,73,208,26,28],"class_list":{"0":"post-4236","1":"product","2":"type-product","3":"status-publish","4":"has-post-thumbnail","6":"product_cat-21000-puff","7":"product_cat-jnr-flex-ice-21000-puffs","8":"product_cat-vape","9":"product_tag-0-nikotin","10":"product_tag-1000-mah","11":"product_tag-2-nikotin","12":"product_tag-26ml","13":"product_tag-5-nikotin","14":"product_tag-cherry","15":"product_tag-cola","16":"product_tag-direct-to-lung","17":"product_tag-display","18":"product_tag-dual-mesh","19":"product_tag-ice-control","20":"product_tag-rechargeable","21":"product_tag-type-c","23":"first","24":"instock","25":"sale","26":"shipping-taxable","27":"purchasable","28":"product-type-variable","29":"has-default-attributes"},"yoast_head":"<!-- This site is optimized with the Yoast SEO plugin v26.8 - https:\/\/yoast.com\/product\/yoast-seo-wordpress\/ -->\n<title>JNR FLEX ICE 21000 Cherry Cola | S\u00e4\u00e4dett\u00e4v\u00e4 Ice Vape<\/title>\n<meta name=\"description\" content=\"JNR FLEX ICE 21000 Puffs Cherry Cola kertak\u00e4ytt\u00f6inen vape s\u00e4\u00e4dett\u00e4v\u00e4ll\u00e4 j\u00e4\u00e4kontrollilla, LED-kosketusn\u00e4yt\u00f6ll\u00e4, kaksoisverkkomuodolla, 26ml (20+6ml) ja 1000mAh Type\u2011C. 0\/2\/5%.\" \/>\n<meta name=\"robots\" content=\"index, follow, max-snippet:-1, max-image-preview:large, max-video-preview:-1\" \/>\n<link rel=\"canonical\" href=\"https:\/\/fumot.uk\/fi\/product\/jnr-flex-ice-21000-puffs-cherry-cola-e-zigarette-mit-kuhlregulierung\/\" \/>\n<meta property=\"og:locale\" content=\"fi_FI\" \/>\n<meta property=\"og:type\" content=\"article\" \/>\n<meta property=\"og:title\" content=\"Cherry Cola with Adjustable Ice \u2014 JNR FLEX ICE 21000\" \/>\n<meta property=\"og:description\" content=\"Sweet cherry + fizzy cola, with ice you can control on the LED touchscreen. Dual mesh coils, 26ml (20+6ml), 1000mAh Type\u2011C rechargeable. Shop on fumot.uk.\" \/>\n<meta property=\"og:url\" content=\"https:\/\/fumot.uk\/fi\/product\/jnr-flex-ice-21000-puffs-cherry-cola-e-zigarette-mit-kuhlregulierung\/\" \/>\n<meta property=\"og:site_name\" content=\"Fumot Official Direct | Straight from the Factory, 100% Genuine\" \/>\n<meta property=\"article:modified_time\" content=\"2026-01-21T07:33:17+00:00\" \/>\n<meta property=\"og:image\" content=\"https:\/\/fumot.uk\/wp-content\/uploads\/2026\/01\/JNR-FLEX-ICE-21000-Puffs-Cherry-Cola-Disposable-Vape.jpg\" \/>\n\t<meta property=\"og:image:width\" content=\"800\" \/>\n\t<meta property=\"og:image:height\" content=\"800\" \/>\n\t<meta property=\"og:image:type\" content=\"image\/jpeg\" \/>\n<meta name=\"twitter:card\" content=\"summary_large_image\" \/>\n<meta name=\"twitter:label1\" content=\"Arvioitu lukuaika\" \/>\n\t<meta name=\"twitter:data1\" content=\"1 minuutti\" \/>\n<script type=\"application\/ld+json\" class=\"yoast-schema-graph\">{\"@context\":\"https:\/\/schema.org\",\"@graph\":[{\"@type\":\"WebPage\",\"@id\":\"https:\/\/fumot.uk\/product\/jnr-flex-ice-21000-puffs-cherry-cola-e-zigarette-mit-kuhlregulierung\/\",\"url\":\"https:\/\/fumot.uk\/product\/jnr-flex-ice-21000-puffs-cherry-cola-e-zigarette-mit-kuhlregulierung\/\",\"name\":\"JNR FLEX ICE 21000 Cherry Cola | Adjustable Ice Vape\",\"isPartOf\":{\"@id\":\"https:\/\/fumot.uk\/#website\"},\"primaryImageOfPage\":{\"@id\":\"https:\/\/fumot.uk\/product\/jnr-flex-ice-21000-puffs-cherry-cola-e-zigarette-mit-kuhlregulierung\/#primaryimage\"},\"image\":{\"@id\":\"https:\/\/fumot.uk\/product\/jnr-flex-ice-21000-puffs-cherry-cola-e-zigarette-mit-kuhlregulierung\/#primaryimage\"},\"thumbnailUrl\":\"https:\/\/fumot.uk\/wp-content\/uploads\/2026\/01\/JNR-FLEX-ICE-21000-Puffs-Cherry-Cola-Disposable-Vape.jpg\",\"datePublished\":\"2026-01-21T04:08:29+00:00\",\"dateModified\":\"2026-01-21T07:33:17+00:00\",\"description\":\"JNR FLEX ICE 21000 Puffs Cherry Cola disposable vape with adjustable ice control, LED touchscreen, dual mesh coil, 26ml (20+6ml) and 1000mAh Type\u2011C. 0\/2\/5%.\",\"breadcrumb\":{\"@id\":\"https:\/\/fumot.uk\/product\/jnr-flex-ice-21000-puffs-cherry-cola-e-zigarette-mit-kuhlregulierung\/#breadcrumb\"},\"inLanguage\":\"fi\",\"potentialAction\":[{\"@type\":\"ReadAction\",\"target\":[\"https:\/\/fumot.uk\/product\/jnr-flex-ice-21000-puffs-cherry-cola-e-zigarette-mit-kuhlregulierung\/\"]}]},{\"@type\":\"ImageObject\",\"inLanguage\":\"fi\",\"@id\":\"https:\/\/fumot.uk\/product\/jnr-flex-ice-21000-puffs-cherry-cola-e-zigarette-mit-kuhlregulierung\/#primaryimage\",\"url\":\"https:\/\/fumot.uk\/wp-content\/uploads\/2026\/01\/JNR-FLEX-ICE-21000-Puffs-Cherry-Cola-Disposable-Vape.jpg\",\"contentUrl\":\"https:\/\/fumot.uk\/wp-content\/uploads\/2026\/01\/JNR-FLEX-ICE-21000-Puffs-Cherry-Cola-Disposable-Vape.jpg\",\"width\":800,\"height\":800},{\"@type\":\"BreadcrumbList\",\"@id\":\"https:\/\/fumot.uk\/product\/jnr-flex-ice-21000-puffs-cherry-cola-e-zigarette-mit-kuhlregulierung\/#breadcrumb\",\"itemListElement\":[{\"@type\":\"ListItem\",\"position\":1,\"name\":\"Home\",\"item\":\"https:\/\/fumot.uk\/\"},{\"@type\":\"ListItem\",\"position\":2,\"name\":\"Shop\",\"item\":\"https:\/\/fumot.uk\/shop\/\"},{\"@type\":\"ListItem\",\"position\":3,\"name\":\"JNR FLEX ICE 21000 Puffs Cherry Cola Disposable Vape with Adjustable Ice Control (LED Touchscreen)\"}]},{\"@type\":\"WebSite\",\"@id\":\"https:\/\/fumot.uk\/#website\",\"url\":\"https:\/\/fumot.uk\/\",\"name\":\"Fumot Official Direct | Straight from the Factory, 100% Genuine\",\"description\":\"Official Website\",\"publisher\":{\"@id\":\"https:\/\/fumot.uk\/#organization\"},\"potentialAction\":[{\"@type\":\"SearchAction\",\"target\":{\"@type\":\"EntryPoint\",\"urlTemplate\":\"https:\/\/fumot.uk\/?s={search_term_string}\"},\"query-input\":{\"@type\":\"PropertyValueSpecification\",\"valueRequired\":true,\"valueName\":\"search_term_string\"}}],\"inLanguage\":\"fi\"},{\"@type\":\"Organization\",\"@id\":\"https:\/\/fumot.uk\/#organization\",\"name\":\"Fumot Official Direct | Straight from the Factory, 100% Genuine\",\"url\":\"https:\/\/fumot.uk\/\",\"logo\":{\"@type\":\"ImageObject\",\"inLanguage\":\"fi\",\"@id\":\"https:\/\/fumot.uk\/#\/schema\/logo\/image\/\",\"url\":\"https:\/\/fumot.uk\/wp-content\/uploads\/2026\/01\/cropped-fumot-logo1.png\",\"contentUrl\":\"https:\/\/fumot.uk\/wp-content\/uploads\/2026\/01\/cropped-fumot-logo1.png\",\"width\":152,\"height\":106,\"caption\":\"Fumot Official Direct | Straight from the Factory, 100% Genuine\"},\"image\":{\"@id\":\"https:\/\/fumot.uk\/#\/schema\/logo\/image\/\"}}]}<\/script>\n<!-- \/ Yoast SEO plugin. -->","yoast_head_json":{"title":"JNR FLEX ICE 21000 Kirsikka Cola | S\u00e4\u00e4dett\u00e4v\u00e4 Ice Vape","description":"JNR FLEX ICE 21000 Puffs Cherry Cola kertak\u00e4ytt\u00f6inen vape s\u00e4\u00e4dett\u00e4v\u00e4ll\u00e4 j\u00e4\u00e4kontrollilla, LED-kosketusn\u00e4yt\u00f6ll\u00e4, kaksoisverkkomuodolla, 26ml (20+6ml) ja 1000mAh Type\u2011C. 0\/2\/5%.","robots":{"index":"index","follow":"follow","max-snippet":"max-snippet:-1","max-image-preview":"max-image-preview:large","max-video-preview":"max-video-preview:-1"},"canonical":"https:\/\/fumot.uk\/fi\/product\/jnr-flex-ice-21000-puffs-cherry-cola-e-zigarette-mit-kuhlregulierung\/","og_locale":"fi_FI","og_type":"article","og_title":"Cherry Cola with Adjustable Ice \u2014 JNR FLEX ICE 21000","og_description":"Sweet cherry + fizzy cola, with ice you can control on the LED touchscreen. Dual mesh coils, 26ml (20+6ml), 1000mAh Type\u2011C rechargeable. Shop on fumot.uk.","og_url":"https:\/\/fumot.uk\/fi\/product\/jnr-flex-ice-21000-puffs-cherry-cola-e-zigarette-mit-kuhlregulierung\/","og_site_name":"Fumot Official Direct | Straight from the Factory, 100% Genuine","article_modified_time":"2026-01-21T07:33:17+00:00","og_image":[{"width":800,"height":800,"url":"https:\/\/fumot.uk\/wp-content\/uploads\/2026\/01\/JNR-FLEX-ICE-21000-Puffs-Cherry-Cola-Disposable-Vape.jpg","type":"image\/jpeg"}],"twitter_card":"summary_large_image","twitter_misc":{"Arvioitu lukuaika":"1 minuutti"},"schema":{"@context":"https:\/\/schema.org","@graph":[{"@type":"WebPage","@id":"https:\/\/fumot.uk\/product\/jnr-flex-ice-21000-puffs-cherry-cola-e-zigarette-mit-kuhlregulierung\/","url":"https:\/\/fumot.uk\/product\/jnr-flex-ice-21000-puffs-cherry-cola-e-zigarette-mit-kuhlregulierung\/","name":"JNR FLEX ICE 21000 Cherry Cola | Adjustable Ice Vape","isPartOf":{"@id":"https:\/\/fumot.uk\/#website"},"primaryImageOfPage":{"@id":"https:\/\/fumot.uk\/product\/jnr-flex-ice-21000-puffs-cherry-cola-e-zigarette-mit-kuhlregulierung\/#primaryimage"},"image":{"@id":"https:\/\/fumot.uk\/product\/jnr-flex-ice-21000-puffs-cherry-cola-e-zigarette-mit-kuhlregulierung\/#primaryimage"},"thumbnailUrl":"https:\/\/fumot.uk\/wp-content\/uploads\/2026\/01\/JNR-FLEX-ICE-21000-Puffs-Cherry-Cola-Disposable-Vape.jpg","datePublished":"2026-01-21T04:08:29+00:00","dateModified":"2026-01-21T07:33:17+00:00","description":"JNR FLEX ICE 21000 Puffs Cherry Cola kertak\u00e4ytt\u00f6inen vape s\u00e4\u00e4dett\u00e4v\u00e4ll\u00e4 j\u00e4\u00e4kontrollilla, LED-kosketusn\u00e4yt\u00f6ll\u00e4, kaksoisverkko-kelalla, 26ml (20+6ml) ja 1000mAh Type\u2011C. 0\/2\/5%.","breadcrumb":{"@id":"https:\/\/fumot.uk\/product\/jnr-flex-ice-21000-puffs-cherry-cola-e-zigarette-mit-kuhlregulierung\/#breadcrumb"},"inLanguage":"fi","potentialAction":[{"@type":"ReadAction","target":["https:\/\/fumot.uk\/product\/jnr-flex-ice-21000-puffs-cherry-cola-e-zigarette-mit-kuhlregulierung\/"]}]},{"@type":"ImageObject","inLanguage":"fi","@id":"https:\/\/fumot.uk\/product\/jnr-flex-ice-21000-puffs-cherry-cola-e-zigarette-mit-kuhlregulierung\/#primaryimage","url":"https:\/\/fumot.uk\/wp-content\/uploads\/2026\/01\/JNR-FLEX-ICE-21000-Puffs-Cherry-Cola-Disposable-Vape.jpg","contentUrl":"https:\/\/fumot.uk\/wp-content\/uploads\/2026\/01\/JNR-FLEX-ICE-21000-Puffs-Cherry-Cola-Disposable-Vape.jpg","width":800,"height":800},{"@type":"BreadcrumbList","@id":"https:\/\/fumot.uk\/product\/jnr-flex-ice-21000-puffs-cherry-cola-e-zigarette-mit-kuhlregulierung\/#breadcrumb","itemListElement":[{"@type":"ListItem","position":1,"name":"Home","item":"https:\/\/fumot.uk\/"},{"@type":"ListItem","position":2,"name":"Shop","item":"https:\/\/fumot.uk\/shop\/"},{"@type":"ListItem","position":3,"name":"JNR FLEX ICE 21000 Puffs Cherry Cola Disposable Vape with Adjustable Ice Control (LED Touchscreen)"}]},{"@type":"WebSite","@id":"https:\/\/fumot.uk\/#website","url":"https:\/\/fumot.uk\/","name":"Fumot Official Direct | Suoraan tehtaalta, 100% Aito","description":"Official Website","publisher":{"@id":"https:\/\/fumot.uk\/#organization"},"potentialAction":[{"@type":"SearchAction","target":{"@type":"EntryPoint","urlTemplate":"https:\/\/fumot.uk\/?s={search_term_string}"},"query-input":{"@type":"PropertyValueSpecification","valueRequired":true,"valueName":"search_term_string"}}],"inLanguage":"fi"},{"@type":"Organization","@id":"https:\/\/fumot.uk\/#organization","name":"Fumot Official Direct | Suoraan tehtaalta, 100% Aito","url":"https:\/\/fumot.uk\/","logo":{"@type":"ImageObject","inLanguage":"fi","@id":"https:\/\/fumot.uk\/#\/schema\/logo\/image\/","url":"https:\/\/fumot.uk\/wp-content\/uploads\/2026\/01\/cropped-fumot-logo1.png","contentUrl":"https:\/\/fumot.uk\/wp-content\/uploads\/2026\/01\/cropped-fumot-logo1.png","width":152,"height":106,"caption":"Fumot Official Direct | Straight from the Factory, 100% Genuine"},"image":{"@id":"https:\/\/fumot.uk\/#\/schema\/logo\/image\/"}}]}},"_links":{"self":[{"href":"https:\/\/fumot.uk\/fi\/wp-json\/wp\/v2\/product\/4236","targetHints":{"allow":["GET"]}}],"collection":[{"href":"https:\/\/fumot.uk\/fi\/wp-json\/wp\/v2\/product"}],"about":[{"href":"https:\/\/fumot.uk\/fi\/wp-json\/wp\/v2\/types\/product"}],"replies":[{"embeddable":true,"href":"https:\/\/fumot.uk\/fi\/wp-json\/wp\/v2\/comments?post=4236"}],"wp:featuredmedia":[{"embeddable":true,"href":"https:\/\/fumot.uk\/fi\/wp-json\/wp\/v2\/media\/4246"}],"wp:attachment":[{"href":"https:\/\/fumot.uk\/fi\/wp-json\/wp\/v2\/media?parent=4236"}],"wp:term":[{"taxonomy":"product_brand","embeddable":true,"href":"https:\/\/fumot.uk\/fi\/wp-json\/wp\/v2\/product_brand?post=4236"},{"taxonomy":"product_cat","embeddable":true,"href":"https:\/\/fumot.uk\/fi\/wp-json\/wp\/v2\/product_cat?post=4236"},{"taxonomy":"product_tag","embeddable":true,"href":"https:\/\/fumot.uk\/fi\/wp-json\/wp\/v2\/product_tag?post=4236"}],"curies":[{"name":"wp","href":"https:\/\/api.w.org\/{rel}","templated":true}]}}