{"id":4084,"date":"2026-01-21T04:07:17","date_gmt":"2026-01-21T04:07:17","guid":{"rendered":"https:\/\/fumot.uk\/?post_type=product&#038;p=4084"},"modified":"2026-01-21T04:08:22","modified_gmt":"2026-01-21T04:08:22","slug":"jnr-aero-x-32000-puff-fizzy-cherry-cola-refillable-pod-e-cigarette","status":"publish","type":"product","link":"https:\/\/fumot.uk\/fi\/product\/jnr-aero-x-32000-puff-fizzy-cherry-cola-refillable-pod-e-cigarette\/","title":{"rendered":"JNR Aero X 32000 Puff-Fizzy Cherry Cola-T\u00e4ytett\u00e4v\u00e4 Pod S\u00e4hk\u00f6savuke"},"content":{"rendered":"<h4 data-start=\"41\" data-end=\"84\"><strong data-start=\"41\" data-end=\"82\">Makea-hapan kirsikka \u00d7 Raikastava cola<\/strong><\/h4>\n<p data-start=\"86\" data-end=\"578\">Der <strong>JNR Aero X 32000 Puffs<\/strong> <strong data-start=\"113\" data-end=\"134\">Kupliva kirsikkacola<\/strong> yhdist\u00e4\u00e4 t\u00e4ytel\u00e4isen, makean ja happaman kirsikan maun raikkaaseen, kevyesti kuplivaan colan vivahteeseen. Ensimm\u00e4isell\u00e4 imaisulla avautuu intensiivinen kirsikka-aromi, makea ja hieman hapan, jota seuraa lempe\u00e4 kuplinta, joka raikastaa makua. Olipa kyseess\u00e4 kuumat kes\u00e4p\u00e4iv\u00e4t tai vapaa-aika \u2013 t\u00e4m\u00e4 maku vie sinut raikkaaseen kuplivien juomien maailmaan ja her\u00e4tt\u00e4\u00e4 makunystyr\u00e4t hetkess\u00e4.<\/p>\n<h4 data-start=\"580\" data-end=\"634\"><strong data-start=\"580\" data-end=\"632\">Pitk\u00e4kestoinen, pehme\u00e4 premium-kokemus<\/strong><\/h4>\n<p data-start=\"636\" data-end=\"1170\">Jopa 32000 imaisun keston ja Dual-Mesh-Coil-teknologian ansiosta maku pysyy <strong data-start=\"740\" data-end=\"761\">Kupliva kirsikkacola<\/strong> aina selke\u00e4n\u00e4 ja tasapainoisena. S\u00e4\u00e4dett\u00e4v\u00e4 ilmavirtaus mahdollistaa helpon siirtymisen tiukasta suusta-keuhkoon-imausta vapaaseen suoraan-keuhkoon-imaukseen, jolloin jokainen imaisu yhdist\u00e4\u00e4 kirsikan makeuden ja kuplivan cola-kokemuksen harmonisesti. Makean ja happaman, kuplivan makumaailman yst\u00e4ville t\u00e4m\u00e4 vaihtoehto tarjoaa kauttaaltaan pehme\u00e4n ja nautinnollisen h\u00f6yrytyskokemuksen \u2013 ihanteellinen koko p\u00e4iv\u00e4ksi.<\/p>\n<h4 data-start=\"43\" data-end=\"428\"><strong data-start=\"43\" data-end=\"126\">Vaihdettava pod-j\u00e4rjestelm\u00e4 \u2013 Yhdistelm\u00e4 joustavuutta ja taloudellisuutta<\/strong><\/h4>\n<p>JNR Aero X 32000 Puffs E-savuke on varustettu innovatiivisella, vaihdettavalla pod-j\u00e4rjestelm\u00e4ll\u00e4, joka tarjoaa k\u00e4ytt\u00e4j\u00e4lle enemm\u00e4n joustavuutta ja mukavuutta. Jokainen pod on korkealaatuisesti sinet\u00f6ity ja kest\u00e4v\u00e4, jotta jokainen k\u00e4ytt\u00f6 tarjoaa vakaan ja luotettavan h\u00f6yrytyskokemuksen.<\/p>\n<h4 data-start=\"45\" data-end=\"137\"><strong data-start=\"45\" data-end=\"135\"><a href=\"https:\/\/ultravape.de\/product-tag\/adjustable-airflow\/\">S\u00e4\u00e4dett\u00e4v\u00e4 ilmavirtaus<\/a> + Dual-Mesh-Coil \u2013 Intensiivinen maku, yksil\u00f6llisesti s\u00e4\u00e4dett\u00e4viss\u00e4<\/strong><\/h4>\n<p data-start=\"139\" data-end=\"708\">Der <strong data-start=\"143\" data-end=\"169\">JNR Aero X 32000 Puffs<\/strong> on varustettu s\u00e4\u00e4dett\u00e4v\u00e4ll\u00e4 ilmavirralla, joka mahdollistaa vaivattoman siirtymisen tiukasta MTL-imauksesta (suusta-keuhkoon) avoimeen DL-imaukseen (suoraan-keuhkoon) \u2013 t\u00e4ydellinen nauttimaan erilaisista imuvastuksista mieltymystesi mukaan. Yhdistettyn\u00e4 edistykselliseen Dual-Mesh-Coil-teknologiaan, E-neste l\u00e4mpenee tasaisesti, mik\u00e4 takaa intensiivisen maun ja pehme\u00e4n, tihe\u00e4n h\u00f6yryn. N\u00e4in jokainen imaisu tarjoaa harmonisen h\u00f6yrytyskokemuksen t\u00e4ytel\u00e4isell\u00e4 aromilla ja miellytt\u00e4v\u00e4ll\u00e4 j\u00e4lkimaulla.<\/p>\n<h4 data-start=\"1045\" data-end=\"1526\"><strong data-start=\"1045\" data-end=\"1106\">TPD-sertifiointi \u2013 Laadun ja turvallisuuden takuu<\/strong><\/h4>\n<p>JNR Aero X on TPD-sertifioitu ja t\u00e4ytt\u00e4\u00e4 Euroopan unionin tiukat turvallisuus- ja laatuvaatimukset tupakkatuotedirektiivin (TPD) mukaisesti. T\u00e4m\u00e4 tarkoittaa, ett\u00e4 ainesosat, merkinn\u00e4t, pakkaus ja k\u00e4ytt\u00e4j\u00e4tiedot t\u00e4ytt\u00e4v\u00e4t kaikki lakis\u00e4\u00e4teiset vaatimukset, joten kuluttajat saavat testatun ja luotettavan tuotteen \u2013 aito laatumerkki, joka luo luottamusta.<\/p>\n<h4 data-start=\"1528\" data-end=\"1569\"><strong data-start=\"1528\" data-end=\"1567\">JNR Aero X 32000:n p\u00e4\u00e4parametrit<\/strong><\/h4>\n<p><strong data-start=\"44\" data-end=\"66\">\u2611 2 % Nikotiinipitoisuus:<\/strong> Pehme\u00e4 imaisu ja tasainen nikotiinin annostelu \u2013 ihanteellinen aloittelijoille ja kokeneille h\u00f6yryttelij\u00f6ille.<br \/>\n<strong data-start=\"157\" data-end=\"174\">\u2611 850 mAh akku:<\/strong> Pitk\u00e4 k\u00e4ytt\u00f6aika harvemmalla latauksella \u2013 t\u00e4ydellinen liikkeell\u00e4 ollessa.<br \/>\n<strong data-start=\"242\" data-end=\"264\">\u2611 Akun tilan n\u00e4ytt\u00f6:<\/strong> Reaaliaikainen seuranta keskeytym\u00e4tt\u00f6m\u00e4\u00e4n h\u00f6yryttelyyn.<br \/>\n<strong data-start=\"324\" data-end=\"355\">\u2611 Magneettinen pod-yhteys:<\/strong> Vahva pito, minimaalinen vuotoriski, helppo k\u00e4sitell\u00e4.<br \/>\n<strong data-start=\"420\" data-end=\"444\">\u2611 USB-C-pikalataus:<\/strong> Type-C-liit\u00e4nt\u00e4 nopeaan uudelleenlataukseen.<br \/>\n<strong data-start=\"496\" data-end=\"528\">\u2611 Piilotettu kaksoislatauskaapeli:<\/strong> K\u00e4yt\u00e4nn\u00f6llinen ja siisti \u2013 t\u00e4ydellinen liikkeell\u00e4 ollessa.<\/p>\n<p data-start=\"592\" data-end=\"1174\">","protected":false},"excerpt":{"rendered":"<p>S\u00fc\u00df-saure Kirsche \u00d7 Erfrischende Cola Der JNR Aero X 32000 Puffs Fizzy Cherry Cola vereint den vollen, s\u00fc\u00df-sauren Kirschgeschmack mit der erfrischenden, leicht prickelnden Cola-Note. Beim ersten Zug entfaltet sich das intensive Kirscharoma, s\u00fc\u00df und leicht s\u00e4uerlich, gefolgt von einem sanften Prickeln, das den Geschmack erfrischend abrundet. Ob an hei\u00dfen Sommertagen oder in der Freizeit [\u2026]<\/p>","protected":false},"featured_media":4136,"comment_status":"open","ping_status":"closed","template":"","meta":[],"product_brand":[],"product_cat":[200,201,17],"product_tag":[70,20,21,36,40,72,25,202,26,203,204,28],"class_list":{"0":"post-4084","1":"product","2":"type-product","3":"status-publish","4":"has-post-thumbnail","6":"product_cat-32000-puff","7":"product_cat-jnr-aero-x-32000-puffs","8":"product_cat-vape","9":"product_tag-2-nikotin","10":"product_tag-850mah","11":"product_tag-adjustable-airflow","12":"product_tag-cherry","13":"product_tag-cola","14":"product_tag-direct-to-lung","15":"product_tag-mesh-coil","16":"product_tag-mouth-to-lung","17":"product_tag-rechargeable","18":"product_tag-refillable-e-cigarette","19":"product_tag-tpd-certification","20":"product_tag-type-c","22":"first","23":"instock","24":"sale","25":"shipping-taxable","26":"purchasable","27":"product-type-variable","28":"has-default-attributes"},"yoast_head":"<!-- This site is optimized with the Yoast SEO plugin v26.8 - https:\/\/yoast.com\/product\/yoast-seo-wordpress\/ -->\n<title>JNR Aero X 32000 Puff-Fizzy Cherry Cola-T\u00e4ytett\u00e4v\u00e4 Pod E-Savuke - Fumot Virallinen Suora | Suoraan tehtaalta, 100% Aito<\/title>\n<meta name=\"robots\" content=\"index, follow, max-snippet:-1, max-image-preview:large, max-video-preview:-1\" \/>\n<link rel=\"canonical\" href=\"https:\/\/fumot.uk\/fi\/product\/jnr-aero-x-32000-puff-fizzy-cherry-cola-refillable-pod-e-cigarette\/\" \/>\n<meta property=\"og:locale\" content=\"fi_FI\" \/>\n<meta property=\"og:type\" content=\"article\" \/>\n<meta property=\"og:title\" content=\"JNR Aero X 32000 Puff-Fizzy Cherry Cola-Refillable Pod E-Cigarette - Fumot Official Direct | Straight from the Factory, 100% Genuine\" \/>\n<meta property=\"og:description\" content=\"S\u00fc\u00df-saure Kirsche \u00d7 Erfrischende Cola Der JNR Aero X 32000 Puffs Fizzy Cherry Cola vereint den vollen, s\u00fc\u00df-sauren Kirschgeschmack mit der erfrischenden, leicht prickelnden Cola-Note. Beim ersten Zug entfaltet sich das intensive Kirscharoma, s\u00fc\u00df und leicht s\u00e4uerlich, gefolgt von einem sanften Prickeln, das den Geschmack erfrischend abrundet. Ob an hei\u00dfen Sommertagen oder in der Freizeit [&hellip;]\" \/>\n<meta property=\"og:url\" content=\"https:\/\/fumot.uk\/fi\/product\/jnr-aero-x-32000-puff-fizzy-cherry-cola-refillable-pod-e-cigarette\/\" \/>\n<meta property=\"og:site_name\" content=\"Fumot Official Direct | Straight from the Factory, 100% Genuine\" \/>\n<meta property=\"article:modified_time\" content=\"2026-01-21T04:08:22+00:00\" \/>\n<meta name=\"twitter:card\" content=\"summary_large_image\" \/>\n<meta name=\"twitter:label1\" content=\"Arvioitu lukuaika\" \/>\n\t<meta name=\"twitter:data1\" content=\"2 minuuttia\" \/>\n<script type=\"application\/ld+json\" class=\"yoast-schema-graph\">{\"@context\":\"https:\/\/schema.org\",\"@graph\":[{\"@type\":\"WebPage\",\"@id\":\"https:\/\/fumot.uk\/product\/jnr-aero-x-32000-puff-fizzy-cherry-cola-refillable-pod-e-cigarette\/\",\"url\":\"https:\/\/fumot.uk\/product\/jnr-aero-x-32000-puff-fizzy-cherry-cola-refillable-pod-e-cigarette\/\",\"name\":\"JNR Aero X 32000 Puff-Fizzy Cherry Cola-Refillable Pod E-Cigarette - Fumot Official Direct | Straight from the Factory, 100% Genuine\",\"isPartOf\":{\"@id\":\"https:\/\/fumot.uk\/#website\"},\"primaryImageOfPage\":{\"@id\":\"https:\/\/fumot.uk\/product\/jnr-aero-x-32000-puff-fizzy-cherry-cola-refillable-pod-e-cigarette\/#primaryimage\"},\"image\":{\"@id\":\"https:\/\/fumot.uk\/product\/jnr-aero-x-32000-puff-fizzy-cherry-cola-refillable-pod-e-cigarette\/#primaryimage\"},\"thumbnailUrl\":\"https:\/\/fumot.uk\/wp-content\/uploads\/2026\/01\/Fizzy-Cherry-Cola_JNR-Areo-X-32000-Puffs-Disposable-Vape.jpg\",\"datePublished\":\"2026-01-21T04:07:17+00:00\",\"dateModified\":\"2026-01-21T04:08:22+00:00\",\"breadcrumb\":{\"@id\":\"https:\/\/fumot.uk\/product\/jnr-aero-x-32000-puff-fizzy-cherry-cola-refillable-pod-e-cigarette\/#breadcrumb\"},\"inLanguage\":\"fi\",\"potentialAction\":[{\"@type\":\"ReadAction\",\"target\":[\"https:\/\/fumot.uk\/product\/jnr-aero-x-32000-puff-fizzy-cherry-cola-refillable-pod-e-cigarette\/\"]}]},{\"@type\":\"ImageObject\",\"inLanguage\":\"fi\",\"@id\":\"https:\/\/fumot.uk\/product\/jnr-aero-x-32000-puff-fizzy-cherry-cola-refillable-pod-e-cigarette\/#primaryimage\",\"url\":\"https:\/\/fumot.uk\/wp-content\/uploads\/2026\/01\/Fizzy-Cherry-Cola_JNR-Areo-X-32000-Puffs-Disposable-Vape.jpg\",\"contentUrl\":\"https:\/\/fumot.uk\/wp-content\/uploads\/2026\/01\/Fizzy-Cherry-Cola_JNR-Areo-X-32000-Puffs-Disposable-Vape.jpg\",\"width\":800,\"height\":800},{\"@type\":\"BreadcrumbList\",\"@id\":\"https:\/\/fumot.uk\/product\/jnr-aero-x-32000-puff-fizzy-cherry-cola-refillable-pod-e-cigarette\/#breadcrumb\",\"itemListElement\":[{\"@type\":\"ListItem\",\"position\":1,\"name\":\"Home\",\"item\":\"https:\/\/fumot.uk\/\"},{\"@type\":\"ListItem\",\"position\":2,\"name\":\"Shop\",\"item\":\"https:\/\/fumot.uk\/shop\/\"},{\"@type\":\"ListItem\",\"position\":3,\"name\":\"JNR Aero X 32000 Puff-Fizzy Cherry Cola-Refillable Pod E-Cigarette\"}]},{\"@type\":\"WebSite\",\"@id\":\"https:\/\/fumot.uk\/#website\",\"url\":\"https:\/\/fumot.uk\/\",\"name\":\"Fumot Official Direct | Straight from the Factory, 100% Genuine\",\"description\":\"Official Website\",\"publisher\":{\"@id\":\"https:\/\/fumot.uk\/#organization\"},\"potentialAction\":[{\"@type\":\"SearchAction\",\"target\":{\"@type\":\"EntryPoint\",\"urlTemplate\":\"https:\/\/fumot.uk\/?s={search_term_string}\"},\"query-input\":{\"@type\":\"PropertyValueSpecification\",\"valueRequired\":true,\"valueName\":\"search_term_string\"}}],\"inLanguage\":\"fi\"},{\"@type\":\"Organization\",\"@id\":\"https:\/\/fumot.uk\/#organization\",\"name\":\"Fumot Official Direct | Straight from the Factory, 100% Genuine\",\"url\":\"https:\/\/fumot.uk\/\",\"logo\":{\"@type\":\"ImageObject\",\"inLanguage\":\"fi\",\"@id\":\"https:\/\/fumot.uk\/#\/schema\/logo\/image\/\",\"url\":\"https:\/\/fumot.uk\/wp-content\/uploads\/2026\/01\/cropped-fumot-logo1.png\",\"contentUrl\":\"https:\/\/fumot.uk\/wp-content\/uploads\/2026\/01\/cropped-fumot-logo1.png\",\"width\":152,\"height\":106,\"caption\":\"Fumot Official Direct | Straight from the Factory, 100% Genuine\"},\"image\":{\"@id\":\"https:\/\/fumot.uk\/#\/schema\/logo\/image\/\"}}]}<\/script>\n<!-- \/ Yoast SEO plugin. -->","yoast_head_json":{"title":"JNR Aero X 32000 Puff-Fizzy Cherry Cola-T\u00e4ytett\u00e4v\u00e4 Pod E-Savuke - Fumot Virallinen Suora | Suoraan tehtaalta, 100% Aito","robots":{"index":"index","follow":"follow","max-snippet":"max-snippet:-1","max-image-preview":"max-image-preview:large","max-video-preview":"max-video-preview:-1"},"canonical":"https:\/\/fumot.uk\/fi\/product\/jnr-aero-x-32000-puff-fizzy-cherry-cola-refillable-pod-e-cigarette\/","og_locale":"fi_FI","og_type":"article","og_title":"JNR Aero X 32000 Puff-Fizzy Cherry Cola-Refillable Pod E-Cigarette - Fumot Official Direct | Straight from the Factory, 100% Genuine","og_description":"S\u00fc\u00df-saure Kirsche \u00d7 Erfrischende Cola Der JNR Aero X 32000 Puffs Fizzy Cherry Cola vereint den vollen, s\u00fc\u00df-sauren Kirschgeschmack mit der erfrischenden, leicht prickelnden Cola-Note. Beim ersten Zug entfaltet sich das intensive Kirscharoma, s\u00fc\u00df und leicht s\u00e4uerlich, gefolgt von einem sanften Prickeln, das den Geschmack erfrischend abrundet. Ob an hei\u00dfen Sommertagen oder in der Freizeit [&hellip;]","og_url":"https:\/\/fumot.uk\/fi\/product\/jnr-aero-x-32000-puff-fizzy-cherry-cola-refillable-pod-e-cigarette\/","og_site_name":"Fumot Official Direct | Straight from the Factory, 100% Genuine","article_modified_time":"2026-01-21T04:08:22+00:00","twitter_card":"summary_large_image","twitter_misc":{"Arvioitu lukuaika":"2 minuuttia"},"schema":{"@context":"https:\/\/schema.org","@graph":[{"@type":"WebPage","@id":"https:\/\/fumot.uk\/product\/jnr-aero-x-32000-puff-fizzy-cherry-cola-refillable-pod-e-cigarette\/","url":"https:\/\/fumot.uk\/product\/jnr-aero-x-32000-puff-fizzy-cherry-cola-refillable-pod-e-cigarette\/","name":"JNR Aero X 32000 Puff-Fizzy Cherry Cola-T\u00e4ytett\u00e4v\u00e4 Pod E-Savuke - Fumot Virallinen Suora | Suoraan Tehtaalta, 100% Aito","isPartOf":{"@id":"https:\/\/fumot.uk\/#website"},"primaryImageOfPage":{"@id":"https:\/\/fumot.uk\/product\/jnr-aero-x-32000-puff-fizzy-cherry-cola-refillable-pod-e-cigarette\/#primaryimage"},"image":{"@id":"https:\/\/fumot.uk\/product\/jnr-aero-x-32000-puff-fizzy-cherry-cola-refillable-pod-e-cigarette\/#primaryimage"},"thumbnailUrl":"https:\/\/fumot.uk\/wp-content\/uploads\/2026\/01\/Fizzy-Cherry-Cola_JNR-Areo-X-32000-Puffs-Disposable-Vape.jpg","datePublished":"2026-01-21T04:07:17+00:00","dateModified":"2026-01-21T04:08:22+00:00","breadcrumb":{"@id":"https:\/\/fumot.uk\/product\/jnr-aero-x-32000-puff-fizzy-cherry-cola-refillable-pod-e-cigarette\/#breadcrumb"},"inLanguage":"fi","potentialAction":[{"@type":"ReadAction","target":["https:\/\/fumot.uk\/product\/jnr-aero-x-32000-puff-fizzy-cherry-cola-refillable-pod-e-cigarette\/"]}]},{"@type":"ImageObject","inLanguage":"fi","@id":"https:\/\/fumot.uk\/product\/jnr-aero-x-32000-puff-fizzy-cherry-cola-refillable-pod-e-cigarette\/#primaryimage","url":"https:\/\/fumot.uk\/wp-content\/uploads\/2026\/01\/Fizzy-Cherry-Cola_JNR-Areo-X-32000-Puffs-Disposable-Vape.jpg","contentUrl":"https:\/\/fumot.uk\/wp-content\/uploads\/2026\/01\/Fizzy-Cherry-Cola_JNR-Areo-X-32000-Puffs-Disposable-Vape.jpg","width":800,"height":800},{"@type":"BreadcrumbList","@id":"https:\/\/fumot.uk\/product\/jnr-aero-x-32000-puff-fizzy-cherry-cola-refillable-pod-e-cigarette\/#breadcrumb","itemListElement":[{"@type":"ListItem","position":1,"name":"Home","item":"https:\/\/fumot.uk\/"},{"@type":"ListItem","position":2,"name":"Shop","item":"https:\/\/fumot.uk\/shop\/"},{"@type":"ListItem","position":3,"name":"JNR Aero X 32000 Puff-Fizzy Cherry Cola-Refillable Pod E-Cigarette"}]},{"@type":"WebSite","@id":"https:\/\/fumot.uk\/#website","url":"https:\/\/fumot.uk\/","name":"Fumot Official Direct | Suoraan tehtaalta, 100% Aito","description":"Official Website","publisher":{"@id":"https:\/\/fumot.uk\/#organization"},"potentialAction":[{"@type":"SearchAction","target":{"@type":"EntryPoint","urlTemplate":"https:\/\/fumot.uk\/?s={search_term_string}"},"query-input":{"@type":"PropertyValueSpecification","valueRequired":true,"valueName":"search_term_string"}}],"inLanguage":"fi"},{"@type":"Organization","@id":"https:\/\/fumot.uk\/#organization","name":"Fumot Official Direct | Suoraan tehtaalta, 100% Aito","url":"https:\/\/fumot.uk\/","logo":{"@type":"ImageObject","inLanguage":"fi","@id":"https:\/\/fumot.uk\/#\/schema\/logo\/image\/","url":"https:\/\/fumot.uk\/wp-content\/uploads\/2026\/01\/cropped-fumot-logo1.png","contentUrl":"https:\/\/fumot.uk\/wp-content\/uploads\/2026\/01\/cropped-fumot-logo1.png","width":152,"height":106,"caption":"Fumot Official Direct | Straight from the Factory, 100% Genuine"},"image":{"@id":"https:\/\/fumot.uk\/#\/schema\/logo\/image\/"}}]}},"_links":{"self":[{"href":"https:\/\/fumot.uk\/fi\/wp-json\/wp\/v2\/product\/4084","targetHints":{"allow":["GET"]}}],"collection":[{"href":"https:\/\/fumot.uk\/fi\/wp-json\/wp\/v2\/product"}],"about":[{"href":"https:\/\/fumot.uk\/fi\/wp-json\/wp\/v2\/types\/product"}],"replies":[{"embeddable":true,"href":"https:\/\/fumot.uk\/fi\/wp-json\/wp\/v2\/comments?post=4084"}],"wp:featuredmedia":[{"embeddable":true,"href":"https:\/\/fumot.uk\/fi\/wp-json\/wp\/v2\/media\/4136"}],"wp:attachment":[{"href":"https:\/\/fumot.uk\/fi\/wp-json\/wp\/v2\/media?parent=4084"}],"wp:term":[{"taxonomy":"product_brand","embeddable":true,"href":"https:\/\/fumot.uk\/fi\/wp-json\/wp\/v2\/product_brand?post=4084"},{"taxonomy":"product_cat","embeddable":true,"href":"https:\/\/fumot.uk\/fi\/wp-json\/wp\/v2\/product_cat?post=4084"},{"taxonomy":"product_tag","embeddable":true,"href":"https:\/\/fumot.uk\/fi\/wp-json\/wp\/v2\/product_tag?post=4084"}],"curies":[{"name":"wp","href":"https:\/\/api.w.org\/{rel}","templated":true}]}}