{"id":4044,"date":"2026-01-21T04:06:55","date_gmt":"2026-01-21T04:06:55","guid":{"rendered":"https:\/\/fumot.uk\/?post_type=product&#038;p=4044"},"modified":"2026-01-21T08:29:16","modified_gmt":"2026-01-21T08:29:16","slug":"jnr-falcon-x-18000-puffs-gummy-bear-suse-fruchtbonbons-in-jedem-zug","status":"publish","type":"product","link":"https:\/\/fumot.uk\/fi\/product\/jnr-falcon-x-18000-puffs-gummy-bear-suse-fruchtbonbons-in-jedem-zug\/","title":{"rendered":"JNR Falcon-X 18000 Puffs Gummy Bear Kertak\u00e4ytt\u00f6inen Vape (24ml, Dual Mesh, Display) \u2013 Makea Hedelm\u00e4inen Karkkimaku"},"content":{"rendered":"<p><strong>JNR Falcon-X 18000 Puffs \u2013 Kumikarhu<\/strong> tuo tutun \u201ckarkkikumin\u201d tunnelman pehme\u00e4\u00e4n, makeaan ja hedelm\u00e4iseen vapeen. Jokainen henk\u00e4ys muistuttaa pehmeist\u00e4 hedelm\u00e4karkeista\u2014eloisa, leikkis\u00e4 ja helppo nauttia ensimm\u00e4isest\u00e4 henk\u00e4yksest\u00e4 viimeiseen.<\/p>\n<h3>Makuprofiili: Makea Hedelm\u00e4inen Kumikarhu<\/h3>\n<ul>\n<li><strong>Makeat &amp; hedelm\u00e4iset karkkivivahteet<\/strong> inspiroitunut klassisista kumikarhuista<\/li>\n<li><strong>Sekoitettu hedelm\u00e4yhdistelm\u00e4<\/strong> (ajattele oranssi, mansikka, viiniryp\u00e4le-tyylisi\u00e4 s\u00e4vyj\u00e4) eloisaan, kerrokselliseen makuun<\/li>\n<li><strong>Pehme\u00e4, lempe\u00e4 j\u00e4lkimaku<\/strong> joka pysyy miellytt\u00e4v\u00e4n\u00e4 koko p\u00e4iv\u00e4n k\u00e4yt\u00f6ss\u00e4<\/li>\n<\/ul>\n<h3>Miksi Rakastat Falcon-X Kokemusta<\/h3>\n<p>Suunniteltu johdonmukaisuutta ja mukavuutta varten, Falcon-X yhdist\u00e4\u00e4 suuren kapasiteetin e-nestetankin ladattavaan akkuun ja <strong>dual mesh -k\u00e4\u00e4mist\u00e4<\/strong> suorituskykyyn\u2014auttaen tarjoamaan tasaista makua ja tyydytt\u00e4v\u00e4\u00e4 h\u00f6yry\u00e4 pitkien sessioiden ajan.<\/p>\n<h3>Avainominaisuudet (JNR Falcon-X 18000 Puffs)<\/h3>\n<ul>\n<li><strong>Vedot:<\/strong> Jopa 18000<\/li>\n<li><strong>E-nesteen kapasiteetti:<\/strong> 24ml<\/li>\n<li><strong>Nicotine options:<\/strong> 2% \/ 5%<\/li>\n<li><strong>Akku:<\/strong> 950mAh ladattava<\/li>\n<li><strong>Lataus:<\/strong> Type-C<\/li>\n<li><strong>K\u00e4\u00e4mi:<\/strong> Kaksoisverkko Kela &amp; Kaksoisydinteknologia<\/li>\n<li><strong>N\u00e4ytt\u00f6:<\/strong> Digitaalinen n\u00e4ytt\u00f6<\/li>\n<li><strong>Ilmavirtaus:<\/strong> S\u00e4\u00e4dett\u00e4v\u00e4 ilmavirran venttiili<\/li>\n<\/ul>\n<h3>Tutustu lis\u00e4\u00e4 osoitteessa fumot.uk<\/h3>\n<p>Jos rakastat makeita, karkkityylisi\u00e4 makuja, voit tutkia lis\u00e4\u00e4 vaihtoehtoja meid\u00e4n <a href=\"https:\/\/fumot.uk\/fi\/product-category\/jnr-falcon-x-18000-puffs\/\">JNR Falcon-X 18000 Puffs -kokoelmassa<\/a> ja l\u00f6yt\u00e4\u00e4 seuraavan suosikkisi.<\/p>\n<p><strong>Hinta:<\/strong> \u00a312.17<\/p>\n<p><small>Huom: Puffien m\u00e4\u00e4r\u00e4 voi vaihdella yksil\u00f6llisen k\u00e4ytt\u00f6tavan mukaan (hengityksen pituus ja tiheys).<\/small><\/p>","protected":false},"excerpt":{"rendered":"<p>JNR Falcon-X 18000 Puffs Gummy Bear kertak\u00e4ytt\u00f6inen vape makealla sekoitetun hedelm\u00e4karkin maulla. 24ml, 950mAh ladattava Type-C, kaksoisverkko k\u00e4\u00e4mi, digitaalinen n\u00e4ytt\u00f6, s\u00e4\u00e4dett\u00e4v\u00e4 ilmavirta. Nikotiini: 2% \/ 5%.<\/p>","protected":false},"featured_media":4058,"comment_status":"open","ping_status":"closed","template":"","meta":[],"product_brand":[],"product_cat":[195,196,17],"product_tag":[171,197,21,31,72,23,73,55,26,62,28],"class_list":{"0":"post-4044","1":"product","2":"type-product","3":"status-publish","4":"has-post-thumbnail","6":"product_cat-18000-puff","7":"product_cat-jnr-falcon-x-18000-puffs","8":"product_cat-vape","9":"product_tag-24ml","10":"product_tag-950mah","11":"product_tag-adjustable-airflow","12":"product_tag-apple","13":"product_tag-direct-to-lung","14":"product_tag-display","15":"product_tag-dual-mesh","16":"product_tag-gummy","17":"product_tag-rechargeable","18":"product_tag-sale-vape","19":"product_tag-type-c","21":"first","22":"instock","23":"sale","24":"shipping-taxable","25":"purchasable","26":"product-type-variable","27":"has-default-attributes"},"yoast_head":"<!-- This site is optimized with the Yoast SEO plugin v26.8 - https:\/\/yoast.com\/product\/yoast-seo-wordpress\/ -->\n<title>JNR Falcon-X 18000 Puffs Gummy Bear | fumot.uk<\/title>\n<meta name=\"description\" content=\"Makea hedelm\u00e4inen Karkkikarhu-maku JNR Falcon-X 18000 Puffs kertak\u00e4ytt\u00f6isess\u00e4 h\u00f6yrystimess\u00e4. 24ml, 950mAh ladattava Type-C, kaksoisverkko-k\u00e4\u00e4mi, n\u00e4ytt\u00f6, ilmavirtaus. 2%\/5%.\" \/>\n<meta name=\"robots\" content=\"index, follow, max-snippet:-1, max-image-preview:large, max-video-preview:-1\" \/>\n<link rel=\"canonical\" href=\"https:\/\/fumot.uk\/fi\/product\/jnr-falcon-x-18000-puffs-gummy-bear-suse-fruchtbonbons-in-jedem-zug\/\" \/>\n<meta property=\"og:locale\" content=\"fi_FI\" \/>\n<meta property=\"og:type\" content=\"article\" \/>\n<meta property=\"og:title\" content=\"JNR Falcon-X 18000 Puffs Gummy Bear \u2013 Sweet Fruity Candy Vape\" \/>\n<meta property=\"og:description\" content=\"Classic gummy candy-style sweetness with mixed-fruit notes. 24ml, rechargeable 950mAh Type-C, dual mesh coil, digital display, adjustable airflow. 2%\/5%.\" \/>\n<meta property=\"og:url\" content=\"https:\/\/fumot.uk\/fi\/product\/jnr-falcon-x-18000-puffs-gummy-bear-suse-fruchtbonbons-in-jedem-zug\/\" \/>\n<meta property=\"og:site_name\" content=\"Fumot Official Direct | Straight from the Factory, 100% Genuine\" \/>\n<meta property=\"article:modified_time\" content=\"2026-01-21T08:29:16+00:00\" \/>\n<meta property=\"og:image\" content=\"https:\/\/fumot.uk\/wp-content\/uploads\/2026\/01\/JNR-Falcon-X-18000-Puffs-Gummy-Bear-Disposable-Vape.jpg\" \/>\n\t<meta property=\"og:image:width\" content=\"800\" \/>\n\t<meta property=\"og:image:height\" content=\"800\" \/>\n\t<meta property=\"og:image:type\" content=\"image\/jpeg\" \/>\n<meta name=\"twitter:card\" content=\"summary_large_image\" \/>\n<meta name=\"twitter:label1\" content=\"Arvioitu lukuaika\" \/>\n\t<meta name=\"twitter:data1\" content=\"1 minuutti\" \/>\n<script type=\"application\/ld+json\" class=\"yoast-schema-graph\">{\"@context\":\"https:\/\/schema.org\",\"@graph\":[{\"@type\":\"WebPage\",\"@id\":\"https:\/\/fumot.uk\/product\/jnr-falcon-x-18000-puffs-gummy-bear-suse-fruchtbonbons-in-jedem-zug\/\",\"url\":\"https:\/\/fumot.uk\/product\/jnr-falcon-x-18000-puffs-gummy-bear-suse-fruchtbonbons-in-jedem-zug\/\",\"name\":\"JNR Falcon-X 18000 Puffs Gummy Bear | fumot.uk\",\"isPartOf\":{\"@id\":\"https:\/\/fumot.uk\/#website\"},\"primaryImageOfPage\":{\"@id\":\"https:\/\/fumot.uk\/product\/jnr-falcon-x-18000-puffs-gummy-bear-suse-fruchtbonbons-in-jedem-zug\/#primaryimage\"},\"image\":{\"@id\":\"https:\/\/fumot.uk\/product\/jnr-falcon-x-18000-puffs-gummy-bear-suse-fruchtbonbons-in-jedem-zug\/#primaryimage\"},\"thumbnailUrl\":\"https:\/\/fumot.uk\/wp-content\/uploads\/2026\/01\/JNR-Falcon-X-18000-Puffs-Gummy-Bear-Disposable-Vape.jpg\",\"datePublished\":\"2026-01-21T04:06:55+00:00\",\"dateModified\":\"2026-01-21T08:29:16+00:00\",\"description\":\"Sweet fruity Gummy Bear flavor in the JNR Falcon-X 18000 Puffs disposable vape. 24ml, 950mAh rechargeable Type-C, dual mesh coil, display, airflow. 2%\/5%.\",\"breadcrumb\":{\"@id\":\"https:\/\/fumot.uk\/product\/jnr-falcon-x-18000-puffs-gummy-bear-suse-fruchtbonbons-in-jedem-zug\/#breadcrumb\"},\"inLanguage\":\"fi\",\"potentialAction\":[{\"@type\":\"ReadAction\",\"target\":[\"https:\/\/fumot.uk\/product\/jnr-falcon-x-18000-puffs-gummy-bear-suse-fruchtbonbons-in-jedem-zug\/\"]}]},{\"@type\":\"ImageObject\",\"inLanguage\":\"fi\",\"@id\":\"https:\/\/fumot.uk\/product\/jnr-falcon-x-18000-puffs-gummy-bear-suse-fruchtbonbons-in-jedem-zug\/#primaryimage\",\"url\":\"https:\/\/fumot.uk\/wp-content\/uploads\/2026\/01\/JNR-Falcon-X-18000-Puffs-Gummy-Bear-Disposable-Vape.jpg\",\"contentUrl\":\"https:\/\/fumot.uk\/wp-content\/uploads\/2026\/01\/JNR-Falcon-X-18000-Puffs-Gummy-Bear-Disposable-Vape.jpg\",\"width\":800,\"height\":800},{\"@type\":\"BreadcrumbList\",\"@id\":\"https:\/\/fumot.uk\/product\/jnr-falcon-x-18000-puffs-gummy-bear-suse-fruchtbonbons-in-jedem-zug\/#breadcrumb\",\"itemListElement\":[{\"@type\":\"ListItem\",\"position\":1,\"name\":\"Home\",\"item\":\"https:\/\/fumot.uk\/\"},{\"@type\":\"ListItem\",\"position\":2,\"name\":\"Shop\",\"item\":\"https:\/\/fumot.uk\/shop\/\"},{\"@type\":\"ListItem\",\"position\":3,\"name\":\"JNR Falcon-X 18000 Puffs Gummy Bear Disposable Vape (24ml, Dual Mesh, Display) \u2013 Sweet Fruity Candy Taste\"}]},{\"@type\":\"WebSite\",\"@id\":\"https:\/\/fumot.uk\/#website\",\"url\":\"https:\/\/fumot.uk\/\",\"name\":\"Fumot Official Direct | Straight from the Factory, 100% Genuine\",\"description\":\"Official Website\",\"publisher\":{\"@id\":\"https:\/\/fumot.uk\/#organization\"},\"potentialAction\":[{\"@type\":\"SearchAction\",\"target\":{\"@type\":\"EntryPoint\",\"urlTemplate\":\"https:\/\/fumot.uk\/?s={search_term_string}\"},\"query-input\":{\"@type\":\"PropertyValueSpecification\",\"valueRequired\":true,\"valueName\":\"search_term_string\"}}],\"inLanguage\":\"fi\"},{\"@type\":\"Organization\",\"@id\":\"https:\/\/fumot.uk\/#organization\",\"name\":\"Fumot Official Direct | Straight from the Factory, 100% Genuine\",\"url\":\"https:\/\/fumot.uk\/\",\"logo\":{\"@type\":\"ImageObject\",\"inLanguage\":\"fi\",\"@id\":\"https:\/\/fumot.uk\/#\/schema\/logo\/image\/\",\"url\":\"https:\/\/fumot.uk\/wp-content\/uploads\/2026\/01\/cropped-fumot-logo1.png\",\"contentUrl\":\"https:\/\/fumot.uk\/wp-content\/uploads\/2026\/01\/cropped-fumot-logo1.png\",\"width\":152,\"height\":106,\"caption\":\"Fumot Official Direct | Straight from the Factory, 100% Genuine\"},\"image\":{\"@id\":\"https:\/\/fumot.uk\/#\/schema\/logo\/image\/\"}}]}<\/script>\n<!-- \/ Yoast SEO plugin. -->","yoast_head_json":{"title":"JNR Falcon-X 18000 Puffs Kumikarhu | fumot.uk","description":"Makea hedelm\u00e4inen Karkkikarhu-maku JNR Falcon-X 18000 Puffs kertak\u00e4ytt\u00f6isess\u00e4 h\u00f6yrystimess\u00e4. 24ml, 950mAh ladattava Type-C, kaksoisverkko-k\u00e4\u00e4mi, n\u00e4ytt\u00f6, ilmavirtaus. 2%\/5%.","robots":{"index":"index","follow":"follow","max-snippet":"max-snippet:-1","max-image-preview":"max-image-preview:large","max-video-preview":"max-video-preview:-1"},"canonical":"https:\/\/fumot.uk\/fi\/product\/jnr-falcon-x-18000-puffs-gummy-bear-suse-fruchtbonbons-in-jedem-zug\/","og_locale":"fi_FI","og_type":"article","og_title":"JNR Falcon-X 18000 Puffs Gummy Bear \u2013 Sweet Fruity Candy Vape","og_description":"Classic gummy candy-style sweetness with mixed-fruit notes. 24ml, rechargeable 950mAh Type-C, dual mesh coil, digital display, adjustable airflow. 2%\/5%.","og_url":"https:\/\/fumot.uk\/fi\/product\/jnr-falcon-x-18000-puffs-gummy-bear-suse-fruchtbonbons-in-jedem-zug\/","og_site_name":"Fumot Official Direct | Straight from the Factory, 100% Genuine","article_modified_time":"2026-01-21T08:29:16+00:00","og_image":[{"width":800,"height":800,"url":"https:\/\/fumot.uk\/wp-content\/uploads\/2026\/01\/JNR-Falcon-X-18000-Puffs-Gummy-Bear-Disposable-Vape.jpg","type":"image\/jpeg"}],"twitter_card":"summary_large_image","twitter_misc":{"Arvioitu lukuaika":"1 minuutti"},"schema":{"@context":"https:\/\/schema.org","@graph":[{"@type":"WebPage","@id":"https:\/\/fumot.uk\/product\/jnr-falcon-x-18000-puffs-gummy-bear-suse-fruchtbonbons-in-jedem-zug\/","url":"https:\/\/fumot.uk\/product\/jnr-falcon-x-18000-puffs-gummy-bear-suse-fruchtbonbons-in-jedem-zug\/","name":"JNR Falcon-X 18000 Puffs Kumikarhu | fumot.uk","isPartOf":{"@id":"https:\/\/fumot.uk\/#website"},"primaryImageOfPage":{"@id":"https:\/\/fumot.uk\/product\/jnr-falcon-x-18000-puffs-gummy-bear-suse-fruchtbonbons-in-jedem-zug\/#primaryimage"},"image":{"@id":"https:\/\/fumot.uk\/product\/jnr-falcon-x-18000-puffs-gummy-bear-suse-fruchtbonbons-in-jedem-zug\/#primaryimage"},"thumbnailUrl":"https:\/\/fumot.uk\/wp-content\/uploads\/2026\/01\/JNR-Falcon-X-18000-Puffs-Gummy-Bear-Disposable-Vape.jpg","datePublished":"2026-01-21T04:06:55+00:00","dateModified":"2026-01-21T08:29:16+00:00","description":"Makea hedelm\u00e4inen Gummy Bear -maku JNR Falcon-X 18000 Puffs kertak\u00e4ytt\u00f6isess\u00e4 vape-laitteessa. 24ml, 950mAh ladattava Type-C, kaksoisverkko kela, n\u00e4ytt\u00f6, ilmavirtaus. 2%\/5%.","breadcrumb":{"@id":"https:\/\/fumot.uk\/product\/jnr-falcon-x-18000-puffs-gummy-bear-suse-fruchtbonbons-in-jedem-zug\/#breadcrumb"},"inLanguage":"fi","potentialAction":[{"@type":"ReadAction","target":["https:\/\/fumot.uk\/product\/jnr-falcon-x-18000-puffs-gummy-bear-suse-fruchtbonbons-in-jedem-zug\/"]}]},{"@type":"ImageObject","inLanguage":"fi","@id":"https:\/\/fumot.uk\/product\/jnr-falcon-x-18000-puffs-gummy-bear-suse-fruchtbonbons-in-jedem-zug\/#primaryimage","url":"https:\/\/fumot.uk\/wp-content\/uploads\/2026\/01\/JNR-Falcon-X-18000-Puffs-Gummy-Bear-Disposable-Vape.jpg","contentUrl":"https:\/\/fumot.uk\/wp-content\/uploads\/2026\/01\/JNR-Falcon-X-18000-Puffs-Gummy-Bear-Disposable-Vape.jpg","width":800,"height":800},{"@type":"BreadcrumbList","@id":"https:\/\/fumot.uk\/product\/jnr-falcon-x-18000-puffs-gummy-bear-suse-fruchtbonbons-in-jedem-zug\/#breadcrumb","itemListElement":[{"@type":"ListItem","position":1,"name":"Home","item":"https:\/\/fumot.uk\/"},{"@type":"ListItem","position":2,"name":"Shop","item":"https:\/\/fumot.uk\/shop\/"},{"@type":"ListItem","position":3,"name":"JNR Falcon-X 18000 Puffs Gummy Bear Disposable Vape (24ml, Dual Mesh, Display) \u2013 Sweet Fruity Candy Taste"}]},{"@type":"WebSite","@id":"https:\/\/fumot.uk\/#website","url":"https:\/\/fumot.uk\/","name":"Fumot Official Direct | Suoraan tehtaalta, 100% Aito","description":"Official Website","publisher":{"@id":"https:\/\/fumot.uk\/#organization"},"potentialAction":[{"@type":"SearchAction","target":{"@type":"EntryPoint","urlTemplate":"https:\/\/fumot.uk\/?s={search_term_string}"},"query-input":{"@type":"PropertyValueSpecification","valueRequired":true,"valueName":"search_term_string"}}],"inLanguage":"fi"},{"@type":"Organization","@id":"https:\/\/fumot.uk\/#organization","name":"Fumot Official Direct | Suoraan tehtaalta, 100% Aito","url":"https:\/\/fumot.uk\/","logo":{"@type":"ImageObject","inLanguage":"fi","@id":"https:\/\/fumot.uk\/#\/schema\/logo\/image\/","url":"https:\/\/fumot.uk\/wp-content\/uploads\/2026\/01\/cropped-fumot-logo1.png","contentUrl":"https:\/\/fumot.uk\/wp-content\/uploads\/2026\/01\/cropped-fumot-logo1.png","width":152,"height":106,"caption":"Fumot Official Direct | Straight from the Factory, 100% Genuine"},"image":{"@id":"https:\/\/fumot.uk\/#\/schema\/logo\/image\/"}}]}},"_links":{"self":[{"href":"https:\/\/fumot.uk\/fi\/wp-json\/wp\/v2\/product\/4044","targetHints":{"allow":["GET"]}}],"collection":[{"href":"https:\/\/fumot.uk\/fi\/wp-json\/wp\/v2\/product"}],"about":[{"href":"https:\/\/fumot.uk\/fi\/wp-json\/wp\/v2\/types\/product"}],"replies":[{"embeddable":true,"href":"https:\/\/fumot.uk\/fi\/wp-json\/wp\/v2\/comments?post=4044"}],"wp:featuredmedia":[{"embeddable":true,"href":"https:\/\/fumot.uk\/fi\/wp-json\/wp\/v2\/media\/4058"}],"wp:attachment":[{"href":"https:\/\/fumot.uk\/fi\/wp-json\/wp\/v2\/media?parent=4044"}],"wp:term":[{"taxonomy":"product_brand","embeddable":true,"href":"https:\/\/fumot.uk\/fi\/wp-json\/wp\/v2\/product_brand?post=4044"},{"taxonomy":"product_cat","embeddable":true,"href":"https:\/\/fumot.uk\/fi\/wp-json\/wp\/v2\/product_cat?post=4044"},{"taxonomy":"product_tag","embeddable":true,"href":"https:\/\/fumot.uk\/fi\/wp-json\/wp\/v2\/product_tag?post=4044"}],"curies":[{"name":"wp","href":"https:\/\/api.w.org\/{rel}","templated":true}]}}