{"id":3837,"date":"2026-01-21T04:04:58","date_gmt":"2026-01-21T04:04:58","guid":{"rendered":"https:\/\/fumot.uk\/?post_type=product&#038;p=3837"},"modified":"2026-01-21T08:40:32","modified_gmt":"2026-01-21T08:40:32","slug":"jnr-falcon-16000-puffs-sakura-grape","status":"publish","type":"product","link":"https:\/\/fumot.uk\/fi\/product\/jnr-falcon-16000-puffs-sakura-grape\/","title":{"rendered":"JNR Falcon 16000 Puffs Sakura Grape Kertak\u00e4ytt\u00f6inen Vape (22ml, Kaksinkertainen Mesh, S\u00e4\u00e4dett\u00e4v\u00e4 Ilmavirta)"},"content":{"rendered":"<p><strong>JNR Falcon 16000 Puffs Sakura Grape<\/strong> yhdist\u00e4\u00e4 modernin suorituskyvyn puhtaaseen, kristallinkirkkaaseen ulkon\u00e4k\u00f6\u00f6n\u2014rakennettu tarjoamaan tasaisen, johdonmukaisen maun ensimm\u00e4isest\u00e4 vedosta viimeiseen. Suunniteltu <strong>Dual Mesh Coil<\/strong> l\u00e4mmityksell\u00e4 ja <strong>s\u00e4\u00e4dett\u00e4v\u00e4n ilmavirran<\/strong>, sen avulla voit hienos\u00e4\u00e4t\u00e4\u00e4 sis\u00e4\u00e4nhengityst\u00e4si henkil\u00f6kohtaisemman h\u00f6yrykokemuksen saamiseksi.<\/p>\n<p><strong>Maku: Sakura Grape<\/strong><br \/>\nTuoksuva k\u00e4\u00e4nne klassiseen hedelm\u00e4profiiliin. <strong>Mehukas viiniryp\u00e4le<\/strong> johtaa rikkaalla, makealla aromilla, jota seuraa pehme\u00e4 <strong>sakura (kirsikankukka)<\/strong> loppusilaus, joka tuntuu kevyelt\u00e4, kukkaiselta ja virkist\u00e4v\u00e4lt\u00e4. Tuloksena on tasapainoinen\u2014hedelm\u00e4inen, mutta ei koskaan raskas\u2014ihanteellinen koko p\u00e4iv\u00e4n kiertoon.<\/p>\n<h3><strong>Key Features<\/strong><\/h3>\n<ul>\n<li><strong>Jopa 16 000 puffsia<\/strong> pitk\u00e4kestoiseen k\u00e4ytt\u00f6\u00f6n<\/li>\n<li><strong>22 ml e-nesteen kapasiteetti<\/strong><\/li>\n<li><strong>Nikotiinivaihtoehdot:<\/strong> 2% tai 5%<\/li>\n<li><strong>850mAh ladattava akku<\/strong> (Type-C lataus)<\/li>\n<li><strong>Dual Mesh Coil<\/strong> tasaiselle l\u00e4mmitykselle ja vakaalle maulle<\/li>\n<li><strong>S\u00e4\u00e4dett\u00e4v\u00e4 ilmavirta<\/strong> sopimaan haluamaasi vetoon<\/li>\n<li><strong>1\u03a9 vastus<\/strong><\/li>\n<li><strong>Kristallityylinen muotoilu<\/strong> premium, kirkas ulkon\u00e4k\u00f6<\/li>\n<\/ul>\n<h3><strong>Miksi rakastat Sakura Grape -makua<\/strong><\/h3>\n<p>Jos pid\u00e4t viiniryp\u00e4leen mauista, mutta haluat jotain kerroksellisempaa, Sakura Grape tarjoaa lempe\u00e4n kukkaisen nosteen, joka pit\u00e4\u00e4 profiilin raikkaana ja mielenkiintoisena. Se on makea, aromaattinen ja puhdas lopussa\u2014kuin viiniryp\u00e4lekarkki, jota pehment\u00e4v\u00e4t kev\u00e4tkukkien s\u00e4vyt.<\/p>\n<p>Tutustu lis\u00e4\u00e4 makuihin ja koko valikoimaan osoitteessa <a href=\"https:\/\/fumot.uk\/fi\/\">fumot.uk<\/a>. Jos ostat t\u00e4t\u00e4 sarjaa, voit my\u00f6s selata <a href=\"https:\/\/fumot.uk\/fi\/product-category\/jnr-falcon-16000-puffs\/\">JNR Falcon 16000 Puffs -kokoelma<\/a> saadaksesi lis\u00e4\u00e4 vaihtoehtoja.<\/p>","protected":false},"excerpt":{"rendered":"<p>JNR Falcon 16000 Puffs Sakura Grape kertak\u00e4ytt\u00f6inen vape, jossa on 22ml e-nestett\u00e4, Dual Mesh Coil, s\u00e4\u00e4dett\u00e4v\u00e4 ilmavirtaus ja 850mAh Type-C ladattava akku. Nikotiini: 2% tai 5%.<\/p>","protected":false},"featured_media":3890,"comment_status":"open","ping_status":"closed","template":"","meta":[],"product_brand":[],"product_cat":[191,192,17],"product_tag":[193,20,21,113,72,73,39,26,62,28],"class_list":{"0":"post-3837","1":"product","2":"type-product","3":"status-publish","4":"has-post-thumbnail","6":"product_cat-16000-puff","7":"product_cat-jnr-falcon-16000-puffs","8":"product_cat-vape","9":"product_tag-22ml","10":"product_tag-850mah","11":"product_tag-adjustable-airflow","12":"product_tag-crystal-vape","13":"product_tag-direct-to-lung","14":"product_tag-dual-mesh","15":"product_tag-grape","16":"product_tag-rechargeable","17":"product_tag-sale-vape","18":"product_tag-type-c","20":"first","21":"instock","22":"sale","23":"shipping-taxable","24":"purchasable","25":"product-type-variable","26":"has-default-attributes"},"yoast_head":"<!-- This site is optimized with the Yoast SEO plugin v26.8 - https:\/\/yoast.com\/product\/yoast-seo-wordpress\/ -->\n<title>JNR Falcon 16000 Sakura Grape | 22ml Dual Mesh Vape<\/title>\n<meta name=\"description\" content=\"JNR Falcon 16000 Puffs Sakura Grape: 22ml e-nestett\u00e4, Kaksoisverkkomuuntaja, s\u00e4\u00e4dett\u00e4v\u00e4 ilmavirtaus, 850mAh Type-C ladattava. Valitse 2 % tai 5 % nikotiini.\" \/>\n<meta name=\"robots\" content=\"index, follow, max-snippet:-1, max-image-preview:large, max-video-preview:-1\" \/>\n<link rel=\"canonical\" href=\"https:\/\/fumot.uk\/fi\/product\/jnr-falcon-16000-puffs-sakura-grape\/\" \/>\n<meta property=\"og:locale\" content=\"fi_FI\" \/>\n<meta property=\"og:type\" content=\"article\" \/>\n<meta property=\"og:title\" content=\"JNR Falcon 16000 Sakura Grape \u2014 Floral Grape Disposable Vape\" \/>\n<meta property=\"og:description\" content=\"A juicy grape flavour with a soft sakura blossom finish. 22ml, Dual Mesh Coil, adjustable airflow, 850mAh Type-C rechargeable. 2% or 5% nicotine.\" \/>\n<meta property=\"og:url\" content=\"https:\/\/fumot.uk\/fi\/product\/jnr-falcon-16000-puffs-sakura-grape\/\" \/>\n<meta property=\"og:site_name\" content=\"Fumot Official Direct | Straight from the Factory, 100% Genuine\" \/>\n<meta property=\"article:modified_time\" content=\"2026-01-21T08:40:32+00:00\" \/>\n<meta property=\"og:image\" content=\"https:\/\/fumot.uk\/wp-content\/uploads\/2026\/01\/Sakura-Grape-JNR-Falcon-16000-Puffs-Disposable-Vape-1024x1024.jpg\" \/>\n\t<meta property=\"og:image:width\" content=\"1024\" \/>\n\t<meta property=\"og:image:height\" content=\"1024\" \/>\n\t<meta property=\"og:image:type\" content=\"image\/jpeg\" \/>\n<meta name=\"twitter:card\" content=\"summary_large_image\" \/>\n<meta name=\"twitter:label1\" content=\"Arvioitu lukuaika\" \/>\n\t<meta name=\"twitter:data1\" content=\"1 minuutti\" \/>\n<script type=\"application\/ld+json\" class=\"yoast-schema-graph\">{\"@context\":\"https:\/\/schema.org\",\"@graph\":[{\"@type\":\"WebPage\",\"@id\":\"https:\/\/fumot.uk\/product\/jnr-falcon-16000-puffs-sakura-grape\/\",\"url\":\"https:\/\/fumot.uk\/product\/jnr-falcon-16000-puffs-sakura-grape\/\",\"name\":\"JNR Falcon 16000 Sakura Grape | 22ml Dual Mesh Vape\",\"isPartOf\":{\"@id\":\"https:\/\/fumot.uk\/#website\"},\"primaryImageOfPage\":{\"@id\":\"https:\/\/fumot.uk\/product\/jnr-falcon-16000-puffs-sakura-grape\/#primaryimage\"},\"image\":{\"@id\":\"https:\/\/fumot.uk\/product\/jnr-falcon-16000-puffs-sakura-grape\/#primaryimage\"},\"thumbnailUrl\":\"https:\/\/fumot.uk\/wp-content\/uploads\/2026\/01\/Sakura-Grape-JNR-Falcon-16000-Puffs-Disposable-Vape.jpg\",\"datePublished\":\"2026-01-21T04:04:58+00:00\",\"dateModified\":\"2026-01-21T08:40:32+00:00\",\"description\":\"JNR Falcon 16000 Puffs Sakura Grape: 22ml e-liquid, Dual Mesh Coil, adjustable airflow, 850mAh Type-C rechargeable. Choose 2% or 5% nicotine.\",\"breadcrumb\":{\"@id\":\"https:\/\/fumot.uk\/product\/jnr-falcon-16000-puffs-sakura-grape\/#breadcrumb\"},\"inLanguage\":\"fi\",\"potentialAction\":[{\"@type\":\"ReadAction\",\"target\":[\"https:\/\/fumot.uk\/product\/jnr-falcon-16000-puffs-sakura-grape\/\"]}]},{\"@type\":\"ImageObject\",\"inLanguage\":\"fi\",\"@id\":\"https:\/\/fumot.uk\/product\/jnr-falcon-16000-puffs-sakura-grape\/#primaryimage\",\"url\":\"https:\/\/fumot.uk\/wp-content\/uploads\/2026\/01\/Sakura-Grape-JNR-Falcon-16000-Puffs-Disposable-Vape.jpg\",\"contentUrl\":\"https:\/\/fumot.uk\/wp-content\/uploads\/2026\/01\/Sakura-Grape-JNR-Falcon-16000-Puffs-Disposable-Vape.jpg\",\"width\":2500,\"height\":2500},{\"@type\":\"BreadcrumbList\",\"@id\":\"https:\/\/fumot.uk\/product\/jnr-falcon-16000-puffs-sakura-grape\/#breadcrumb\",\"itemListElement\":[{\"@type\":\"ListItem\",\"position\":1,\"name\":\"Home\",\"item\":\"https:\/\/fumot.uk\/\"},{\"@type\":\"ListItem\",\"position\":2,\"name\":\"Shop\",\"item\":\"https:\/\/fumot.uk\/shop\/\"},{\"@type\":\"ListItem\",\"position\":3,\"name\":\"JNR Falcon 16000 Puffs Sakura Grape Disposable Vape (22ml, Dual Mesh, Adjustable Airflow)\"}]},{\"@type\":\"WebSite\",\"@id\":\"https:\/\/fumot.uk\/#website\",\"url\":\"https:\/\/fumot.uk\/\",\"name\":\"Fumot Official Direct | Straight from the Factory, 100% Genuine\",\"description\":\"Official Website\",\"publisher\":{\"@id\":\"https:\/\/fumot.uk\/#organization\"},\"potentialAction\":[{\"@type\":\"SearchAction\",\"target\":{\"@type\":\"EntryPoint\",\"urlTemplate\":\"https:\/\/fumot.uk\/?s={search_term_string}\"},\"query-input\":{\"@type\":\"PropertyValueSpecification\",\"valueRequired\":true,\"valueName\":\"search_term_string\"}}],\"inLanguage\":\"fi\"},{\"@type\":\"Organization\",\"@id\":\"https:\/\/fumot.uk\/#organization\",\"name\":\"Fumot Official Direct | Straight from the Factory, 100% Genuine\",\"url\":\"https:\/\/fumot.uk\/\",\"logo\":{\"@type\":\"ImageObject\",\"inLanguage\":\"fi\",\"@id\":\"https:\/\/fumot.uk\/#\/schema\/logo\/image\/\",\"url\":\"https:\/\/fumot.uk\/wp-content\/uploads\/2026\/01\/cropped-fumot-logo1.png\",\"contentUrl\":\"https:\/\/fumot.uk\/wp-content\/uploads\/2026\/01\/cropped-fumot-logo1.png\",\"width\":152,\"height\":106,\"caption\":\"Fumot Official Direct | Straight from the Factory, 100% Genuine\"},\"image\":{\"@id\":\"https:\/\/fumot.uk\/#\/schema\/logo\/image\/\"}}]}<\/script>\n<!-- \/ Yoast SEO plugin. -->","yoast_head_json":{"title":"JNR Falcon 16000 Sakura Grape | 22ml Dual Mesh Vape","description":"JNR Falcon 16000 Puffs Sakura Grape: 22ml e-nestett\u00e4, Kaksoisverkkomuuntaja, s\u00e4\u00e4dett\u00e4v\u00e4 ilmavirtaus, 850mAh Type-C ladattava. Valitse 2 % tai 5 % nikotiini.","robots":{"index":"index","follow":"follow","max-snippet":"max-snippet:-1","max-image-preview":"max-image-preview:large","max-video-preview":"max-video-preview:-1"},"canonical":"https:\/\/fumot.uk\/fi\/product\/jnr-falcon-16000-puffs-sakura-grape\/","og_locale":"fi_FI","og_type":"article","og_title":"JNR Falcon 16000 Sakura Grape \u2014 Floral Grape Disposable Vape","og_description":"A juicy grape flavour with a soft sakura blossom finish. 22ml, Dual Mesh Coil, adjustable airflow, 850mAh Type-C rechargeable. 2% or 5% nicotine.","og_url":"https:\/\/fumot.uk\/fi\/product\/jnr-falcon-16000-puffs-sakura-grape\/","og_site_name":"Fumot Official Direct | Straight from the Factory, 100% Genuine","article_modified_time":"2026-01-21T08:40:32+00:00","og_image":[{"width":1024,"height":1024,"url":"https:\/\/fumot.uk\/wp-content\/uploads\/2026\/01\/Sakura-Grape-JNR-Falcon-16000-Puffs-Disposable-Vape-1024x1024.jpg","type":"image\/jpeg"}],"twitter_card":"summary_large_image","twitter_misc":{"Arvioitu lukuaika":"1 minuutti"},"schema":{"@context":"https:\/\/schema.org","@graph":[{"@type":"WebPage","@id":"https:\/\/fumot.uk\/product\/jnr-falcon-16000-puffs-sakura-grape\/","url":"https:\/\/fumot.uk\/product\/jnr-falcon-16000-puffs-sakura-grape\/","name":"JNR Falcon 16000 Sakura Grape | 22ml Dual Mesh Vape","isPartOf":{"@id":"https:\/\/fumot.uk\/#website"},"primaryImageOfPage":{"@id":"https:\/\/fumot.uk\/product\/jnr-falcon-16000-puffs-sakura-grape\/#primaryimage"},"image":{"@id":"https:\/\/fumot.uk\/product\/jnr-falcon-16000-puffs-sakura-grape\/#primaryimage"},"thumbnailUrl":"https:\/\/fumot.uk\/wp-content\/uploads\/2026\/01\/Sakura-Grape-JNR-Falcon-16000-Puffs-Disposable-Vape.jpg","datePublished":"2026-01-21T04:04:58+00:00","dateModified":"2026-01-21T08:40:32+00:00","description":"JNR Falcon 16000 Puffs Sakura Grape: 22ml e-neste, kaksoisverkko k\u00e4\u00e4mi, s\u00e4\u00e4dett\u00e4v\u00e4 ilmavirtaus, 850mAh Type-C ladattava. Valitse 2% tai 5% nikotiini.","breadcrumb":{"@id":"https:\/\/fumot.uk\/product\/jnr-falcon-16000-puffs-sakura-grape\/#breadcrumb"},"inLanguage":"fi","potentialAction":[{"@type":"ReadAction","target":["https:\/\/fumot.uk\/product\/jnr-falcon-16000-puffs-sakura-grape\/"]}]},{"@type":"ImageObject","inLanguage":"fi","@id":"https:\/\/fumot.uk\/product\/jnr-falcon-16000-puffs-sakura-grape\/#primaryimage","url":"https:\/\/fumot.uk\/wp-content\/uploads\/2026\/01\/Sakura-Grape-JNR-Falcon-16000-Puffs-Disposable-Vape.jpg","contentUrl":"https:\/\/fumot.uk\/wp-content\/uploads\/2026\/01\/Sakura-Grape-JNR-Falcon-16000-Puffs-Disposable-Vape.jpg","width":2500,"height":2500},{"@type":"BreadcrumbList","@id":"https:\/\/fumot.uk\/product\/jnr-falcon-16000-puffs-sakura-grape\/#breadcrumb","itemListElement":[{"@type":"ListItem","position":1,"name":"Home","item":"https:\/\/fumot.uk\/"},{"@type":"ListItem","position":2,"name":"Shop","item":"https:\/\/fumot.uk\/shop\/"},{"@type":"ListItem","position":3,"name":"JNR Falcon 16000 Puffs Sakura Grape Disposable Vape (22ml, Dual Mesh, Adjustable Airflow)"}]},{"@type":"WebSite","@id":"https:\/\/fumot.uk\/#website","url":"https:\/\/fumot.uk\/","name":"Fumot Official Direct | Suoraan tehtaalta, 100% Aito","description":"Official Website","publisher":{"@id":"https:\/\/fumot.uk\/#organization"},"potentialAction":[{"@type":"SearchAction","target":{"@type":"EntryPoint","urlTemplate":"https:\/\/fumot.uk\/?s={search_term_string}"},"query-input":{"@type":"PropertyValueSpecification","valueRequired":true,"valueName":"search_term_string"}}],"inLanguage":"fi"},{"@type":"Organization","@id":"https:\/\/fumot.uk\/#organization","name":"Fumot Official Direct | Suoraan tehtaalta, 100% Aito","url":"https:\/\/fumot.uk\/","logo":{"@type":"ImageObject","inLanguage":"fi","@id":"https:\/\/fumot.uk\/#\/schema\/logo\/image\/","url":"https:\/\/fumot.uk\/wp-content\/uploads\/2026\/01\/cropped-fumot-logo1.png","contentUrl":"https:\/\/fumot.uk\/wp-content\/uploads\/2026\/01\/cropped-fumot-logo1.png","width":152,"height":106,"caption":"Fumot Official Direct | Straight from the Factory, 100% Genuine"},"image":{"@id":"https:\/\/fumot.uk\/#\/schema\/logo\/image\/"}}]}},"_links":{"self":[{"href":"https:\/\/fumot.uk\/fi\/wp-json\/wp\/v2\/product\/3837","targetHints":{"allow":["GET"]}}],"collection":[{"href":"https:\/\/fumot.uk\/fi\/wp-json\/wp\/v2\/product"}],"about":[{"href":"https:\/\/fumot.uk\/fi\/wp-json\/wp\/v2\/types\/product"}],"replies":[{"embeddable":true,"href":"https:\/\/fumot.uk\/fi\/wp-json\/wp\/v2\/comments?post=3837"}],"wp:featuredmedia":[{"embeddable":true,"href":"https:\/\/fumot.uk\/fi\/wp-json\/wp\/v2\/media\/3890"}],"wp:attachment":[{"href":"https:\/\/fumot.uk\/fi\/wp-json\/wp\/v2\/media?parent=3837"}],"wp:term":[{"taxonomy":"product_brand","embeddable":true,"href":"https:\/\/fumot.uk\/fi\/wp-json\/wp\/v2\/product_brand?post=3837"},{"taxonomy":"product_cat","embeddable":true,"href":"https:\/\/fumot.uk\/fi\/wp-json\/wp\/v2\/product_cat?post=3837"},{"taxonomy":"product_tag","embeddable":true,"href":"https:\/\/fumot.uk\/fi\/wp-json\/wp\/v2\/product_tag?post=3837"}],"curies":[{"name":"wp","href":"https:\/\/api.w.org\/{rel}","templated":true}]}}